{"id":6309,"date":"2025-03-07T06:57:15","date_gmt":"2025-03-07T06:57:15","guid":{"rendered":"https:\/\/fmp-components.com\/?page_id=6309"},"modified":"2025-03-10T08:38:31","modified_gmt":"2025-03-10T08:38:31","slug":"aluminum","status":"publish","type":"page","link":"https:\/\/fmp-components.com\/lv\/aluminum\/","title":{"rendered":"Alum\u012bnijs"},"content":{"rendered":"<p>[et_pb_section fb_built=&#8221;1&#8243; _builder_version=&#8221;4.27.4&#8243; _module_preset=&#8221;default&#8221; background_image=&#8221;https:\/\/fmp-components.com\/wp-content\/uploads\/2025\/03\/aluminum-banner.webp&#8221; min_height=&#8221;395px&#8221; global_colors_info=&#8221;{}&#8221;][et_pb_row _builder_version=&#8221;4.27.4&#8243; _module_preset=&#8221;default&#8221; global_colors_info=&#8221;{}&#8221;][et_pb_column type=&#8221;4_4&#8243; _builder_version=&#8221;4.27.4&#8243; _module_preset=&#8221;default&#8221; global_colors_info=&#8221;{}&#8221;][et_pb_text _builder_version=&#8221;4.27.4&#8243; _module_preset=&#8221;default&#8221; header_font=&#8221;Frank Ruhl Libre||||||||&#8221; header_text_color=&#8221;#FFFFFF&#8221; header_font_size=&#8221;70px&#8221; header_2_font=&#8221;Frank Ruhl Libre||||||||&#8221; header_2_text_color=&#8221;#FFFFFF&#8221; header_2_font_size=&#8221;70px&#8221; header_text_shadow_style=&#8221;preset1&#8243; header_2_text_shadow_style=&#8221;preset1&#8243; global_colors_info=&#8221;{}&#8221;]<\/p>\n<h1 style=\"text-align: center;\">Alum\u012bnijs<\/h1>\n<p>[\/et_pb_text][et_pb_text _builder_version=&#8221;4.27.4&#8243; _module_preset=&#8221;default&#8221; text_text_color=&#8221;#FFFFFF&#8221; text_font_size=&#8221;16px&#8221; text_line_height=&#8221;1.8em&#8221; text_orientation=&#8221;center&#8221; text_text_shadow_style=&#8221;preset1&#8243; global_colors_info=&#8221;{}&#8221;]<\/p>\n<p>FMP pied\u0101v\u0101 pla\u0161u augstas kvalit\u0101tes alum\u012bnija izstr\u0101d\u0101jumu kl\u0101stu r\u016bpnieciskiem un komerci\u0101liem lietojumiem, tostarp piel\u0101gotus risin\u0101jumus, kas piel\u0101goti j\u016bsu vajadz\u012bb\u0101m. Ja j\u016bsu v\u0113lamais produkts nav sarakst\u0101, tas joproj\u0101m var b\u016bt pieejams \u2014 sazinieties ar mums pa e-pastu, nor\u0101dot savas specifik\u0101cijas. M\u016bsu in\u017eenieri nekav\u0113joties atbild\u0113s, lai apspriestu iesp\u0113jas un sniegtu risin\u0101jumus, kas atbilst j\u016bsu pras\u012bb\u0101m. Uzticieties FMP, lai ieg\u016btu uzticamu alum\u012bnija ekspert\u012bzi.<\/p>\n<p>[\/et_pb_text][et_pb_text _builder_version=&#8221;4.27.4&#8243; _module_preset=&#8221;default&#8221; global_colors_info=&#8221;{}&#8221;][\/et_pb_text][\/et_pb_column][\/et_pb_row][\/et_pb_section][et_pb_section fb_built=&#8221;1&#8243; _builder_version=&#8221;4.27.4&#8243; _module_preset=&#8221;default&#8221; global_colors_info=&#8221;{}&#8221;][et_pb_row column_structure=&#8221;1_4,1_4,1_4,1_4&#8243; _builder_version=&#8221;4.27.4&#8243; _module_preset=&#8221;default&#8221; global_colors_info=&#8221;{}&#8221;][et_pb_column type=&#8221;1_4&#8243; _builder_version=&#8221;4.27.4&#8243; _module_preset=&#8221;default&#8221; global_colors_info=&#8221;{}&#8221;][et_pb_image src=&#8221;https:\/\/fmp-components.com\/wp-content\/uploads\/2025\/03\/aluminum-gravity-die-casting4s-1.webp&#8221; alt=&#8221;Aluminum Gravity Die Casting&#8221; title_text=&#8221;aluminum-gravity-die-casting4s&#8221; align=&#8221;center&#8221; force_fullwidth=&#8221;on&#8221; _builder_version=&#8221;4.27.4&#8243; _module_preset=&#8221;default&#8221; hover_enabled=&#8221;0&#8243; global_colors_info=&#8221;{}&#8221; sticky_enabled=&#8221;0&#8243;][\/et_pb_image][\/et_pb_column][et_pb_column type=&#8221;1_4&#8243; _builder_version=&#8221;4.27.4&#8243; _module_preset=&#8221;default&#8221; global_colors_info=&#8221;{}&#8221;][et_pb_image src=&#8221;https:\/\/fmp-components.com\/wp-content\/uploads\/2025\/03\/aluminum-gravity-die-casting5s.webp&#8221; alt=&#8221;Aluminum Gravity Die Casting&#8221; title_text=&#8221;aluminum-gravity-die-casting5s&#8221; align=&#8221;center&#8221; force_fullwidth=&#8221;on&#8221; _builder_version=&#8221;4.27.4&#8243; _module_preset=&#8221;default&#8221; global_colors_info=&#8221;{}&#8221;][\/et_pb_image][\/et_pb_column][et_pb_column type=&#8221;1_4&#8243; _builder_version=&#8221;4.27.4&#8243; _module_preset=&#8221;default&#8221; global_colors_info=&#8221;{}&#8221;][et_pb_image src=&#8221;https:\/\/fmp-components.com\/wp-content\/uploads\/2025\/03\/aluminum-gravity-die-casting6s.webp&#8221; alt=&#8221;Aluminum Gravity Die Casting&#8221; title_text=&#8221;aluminum-gravity-die-casting6s&#8221; align=&#8221;center&#8221; force_fullwidth=&#8221;on&#8221; _builder_version=&#8221;4.27.4&#8243; _module_preset=&#8221;default&#8221; global_colors_info=&#8221;{}&#8221;][\/et_pb_image][\/et_pb_column][et_pb_column type=&#8221;1_4&#8243; _builder_version=&#8221;4.27.4&#8243; _module_preset=&#8221;default&#8221; global_colors_info=&#8221;{}&#8221;][et_pb_image src=&#8221;https:\/\/fmp-components.com\/wp-content\/uploads\/2025\/03\/aluminum-gravity-die-casting7s.webp&#8221; alt=&#8221;Aluminum Gravity Die Casting&#8221; title_text=&#8221;aluminum-gravity-die-casting7s&#8221; align=&#8221;center&#8221; force_fullwidth=&#8221;on&#8221; _builder_version=&#8221;4.27.4&#8243; _module_preset=&#8221;default&#8221; global_colors_info=&#8221;{}&#8221;][\/et_pb_image][\/et_pb_column][\/et_pb_row][et_pb_row column_structure=&#8221;1_4,1_4,1_4,1_4&#8243; _builder_version=&#8221;4.27.4&#8243; _module_preset=&#8221;default&#8221; global_colors_info=&#8221;{}&#8221;][et_pb_column type=&#8221;1_4&#8243; _builder_version=&#8221;4.27.4&#8243; _module_preset=&#8221;default&#8221; global_colors_info=&#8221;{}&#8221;][et_pb_image src=&#8221;https:\/\/fmp-components.com\/wp-content\/uploads\/2025\/03\/aluminum-gravity-die-casting8s.webp&#8221; alt=&#8221;Aluminum Gravity Die Casting&#8221; title_text=&#8221;aluminum-gravity-die-casting8s&#8221; align=&#8221;center&#8221; force_fullwidth=&#8221;on&#8221; _builder_version=&#8221;4.27.4&#8243; _module_preset=&#8221;default&#8221; global_colors_info=&#8221;{}&#8221;][\/et_pb_image][\/et_pb_column][et_pb_column type=&#8221;1_4&#8243; _builder_version=&#8221;4.27.4&#8243; _module_preset=&#8221;default&#8221; global_colors_info=&#8221;{}&#8221;][et_pb_image src=&#8221;https:\/\/fmp-components.com\/wp-content\/uploads\/2025\/03\/aluminum-pressure-die-casting01s.webp&#8221; alt=&#8221;Aluminum Pressure Die Casting&#8221; title_text=&#8221;aluminum-pressure-die-casting01s&#8221; align=&#8221;center&#8221; force_fullwidth=&#8221;on&#8221; _builder_version=&#8221;4.27.4&#8243; _module_preset=&#8221;default&#8221; global_colors_info=&#8221;{}&#8221;][\/et_pb_image][\/et_pb_column][et_pb_column type=&#8221;1_4&#8243; _builder_version=&#8221;4.27.4&#8243; _module_preset=&#8221;default&#8221; global_colors_info=&#8221;{}&#8221;][et_pb_image src=&#8221;https:\/\/fmp-components.com\/wp-content\/uploads\/2025\/03\/aluminum-pressure-die-casting02s.webp&#8221; alt=&#8221;Aluminum Pressure Die Casting&#8221; title_text=&#8221;aluminum-pressure-die-casting02s&#8221; align=&#8221;center&#8221; force_fullwidth=&#8221;on&#8221; _builder_version=&#8221;4.27.4&#8243; _module_preset=&#8221;default&#8221; global_colors_info=&#8221;{}&#8221;][\/et_pb_image][\/et_pb_column][et_pb_column type=&#8221;1_4&#8243; _builder_version=&#8221;4.27.4&#8243; _module_preset=&#8221;default&#8221; global_colors_info=&#8221;{}&#8221;][et_pb_image src=&#8221;https:\/\/fmp-components.com\/wp-content\/uploads\/2025\/03\/aluminum-gravity-die-casting1s.webp&#8221; alt=&#8221;Aluminum Gravity Die Casting&#8221; title_text=&#8221;aluminum-gravity-die-casting1s&#8221; align=&#8221;center&#8221; force_fullwidth=&#8221;on&#8221; _builder_version=&#8221;4.27.4&#8243; _module_preset=&#8221;default&#8221; global_colors_info=&#8221;{}&#8221;][\/et_pb_image][\/et_pb_column][\/et_pb_row][et_pb_row column_structure=&#8221;1_4,1_4,1_4,1_4&#8243; _builder_version=&#8221;4.27.4&#8243; _module_preset=&#8221;default&#8221; global_colors_info=&#8221;{}&#8221;][et_pb_column type=&#8221;1_4&#8243; _builder_version=&#8221;4.27.4&#8243; _module_preset=&#8221;default&#8221; global_colors_info=&#8221;{}&#8221;][et_pb_image src=&#8221;https:\/\/fmp-components.com\/wp-content\/uploads\/2025\/03\/aluminum-gravity-die-casting2s.webp&#8221; alt=&#8221;Aluminum Gravity Die Casting&#8221; title_text=&#8221;aluminum-gravity-die-casting2s&#8221; align=&#8221;center&#8221; force_fullwidth=&#8221;on&#8221; _builder_version=&#8221;4.27.4&#8243; _module_preset=&#8221;default&#8221; global_colors_info=&#8221;{}&#8221;][\/et_pb_image][\/et_pb_column][et_pb_column type=&#8221;1_4&#8243; _builder_version=&#8221;4.27.4&#8243; _module_preset=&#8221;default&#8221; global_colors_info=&#8221;{}&#8221;][et_pb_image src=&#8221;https:\/\/fmp-components.com\/wp-content\/uploads\/2025\/03\/aluminum-gravity-die-casting3s.webp&#8221; alt=&#8221;Aluminum Gravity Die Casting&#8221; title_text=&#8221;aluminum-gravity-die-casting3s&#8221; align=&#8221;center&#8221; force_fullwidth=&#8221;on&#8221; _builder_version=&#8221;4.27.4&#8243; _module_preset=&#8221;default&#8221; global_colors_info=&#8221;{}&#8221;][\/et_pb_image][\/et_pb_column][et_pb_column type=&#8221;1_4&#8243; _builder_version=&#8221;4.27.4&#8243; _module_preset=&#8221;default&#8221; global_colors_info=&#8221;{}&#8221;][\/et_pb_column][et_pb_column type=&#8221;1_4&#8243; _builder_version=&#8221;4.27.4&#8243; _module_preset=&#8221;default&#8221; global_colors_info=&#8221;{}&#8221;][\/et_pb_column][\/et_pb_row][\/et_pb_section]<\/p>","protected":false},"excerpt":{"rendered":"<p>AluminumAt FMP, we offer a wide range of high-quality aluminum products for industrial and commercial applications, including custom solutions tailored to your needs. If your desired product isn\u2019t listed, it may still be available\u2014contact us via email with your specifications. Our engineers will respond promptly to discuss options and deliver solutions that match your requirements. [&hellip;]<\/p>","protected":false},"author":2,"featured_media":0,"parent":0,"menu_order":0,"comment_status":"closed","ping_status":"closed","template":"","meta":{"_et_pb_use_builder":"on","_et_pb_old_content":"","_et_gb_content_width":"","footnotes":""},"class_list":["post-6309","page","type-page","status-publish","hentry"],"_links":{"self":[{"href":"https:\/\/fmp-components.com\/lv\/wp-json\/wp\/v2\/pages\/6309","targetHints":{"allow":["GET"]}}],"collection":[{"href":"https:\/\/fmp-components.com\/lv\/wp-json\/wp\/v2\/pages"}],"about":[{"href":"https:\/\/fmp-components.com\/lv\/wp-json\/wp\/v2\/types\/page"}],"author":[{"embeddable":true,"href":"https:\/\/fmp-components.com\/lv\/wp-json\/wp\/v2\/users\/2"}],"replies":[{"embeddable":true,"href":"https:\/\/fmp-components.com\/lv\/wp-json\/wp\/v2\/comments?post=6309"}],"version-history":[{"count":6,"href":"https:\/\/fmp-components.com\/lv\/wp-json\/wp\/v2\/pages\/6309\/revisions"}],"predecessor-version":[{"id":6462,"href":"https:\/\/fmp-components.com\/lv\/wp-json\/wp\/v2\/pages\/6309\/revisions\/6462"}],"wp:attachment":[{"href":"https:\/\/fmp-components.com\/lv\/wp-json\/wp\/v2\/media?parent=6309"}],"curies":[{"name":"wp","href":"https:\/\/api.w.org\/{rel}","templated":true}]}}