{"id":6269,"date":"2025-03-07T03:38:27","date_gmt":"2025-03-07T03:38:27","guid":{"rendered":"https:\/\/fmp-components.com\/?page_id=6269"},"modified":"2025-03-07T06:14:40","modified_gmt":"2025-03-07T06:14:40","slug":"steel-2","status":"publish","type":"page","link":"https:\/\/fmp-components.com\/lv\/steel-2\/","title":{"rendered":"T\u0113rauds"},"content":{"rendered":"<p>[et_pb_section fb_built=&#8221;1&#8243; theme_builder_area=&#8221;post_content&#8221; _builder_version=&#8221;4.27.4&#8243; _module_preset=&#8221;default&#8221; alt=&#8221;Steel&#8221; title_text=&#8221;steel-banner&#8221; background_image=&#8221;https:\/\/fmp-components.com\/wp-content\/uploads\/2025\/03\/steel-banner.webp&#8221; hover_enabled=&#8221;0&#8243; sticky_enabled=&#8221;0&#8243; min_height=&#8221;447px&#8221; use_background_color_gradient=&#8221;on&#8221; background_color_gradient_stops=&#8221;rgba(0,0,0,0.2) 0%|rgba(0,0,0,0.15) 100%&#8221; background_color_gradient_overlays_image=&#8221;on&#8221;][et_pb_row _builder_version=&#8221;4.27.4&#8243; _module_preset=&#8221;default&#8221; theme_builder_area=&#8221;post_content&#8221;][et_pb_column _builder_version=&#8221;4.27.4&#8243; _module_preset=&#8221;default&#8221; type=&#8221;4_4&#8243; theme_builder_area=&#8221;post_content&#8221;][et_pb_text _builder_version=&#8221;4.27.4&#8243; _module_preset=&#8221;default&#8221; theme_builder_area=&#8221;post_content&#8221; text_orientation=&#8221;center&#8221; text_text_color=&#8221;#FFFFFF&#8221; header_font=&#8221;Frank Ruhl Libre||||||||&#8221; header_text_align=&#8221;center&#8221; header_text_color=&#8221;#FFFFFF&#8221; header_font_size=&#8221;70px&#8221; header_text_shadow_style=&#8221;preset1&#8243; hover_enabled=&#8221;0&#8243; sticky_enabled=&#8221;0&#8243;]<\/p>\n<h1 style=\"text-align: center;\">T\u0113rauds<\/h1>\n<p>[\/et_pb_text][\/et_pb_column][\/et_pb_row][\/et_pb_section][et_pb_section fb_built=&#8221;1&#8243; theme_builder_area=&#8221;post_content&#8221; _builder_version=&#8221;4.27.4&#8243; _module_preset=&#8221;default&#8221;][et_pb_row _builder_version=&#8221;4.27.4&#8243; _module_preset=&#8221;default&#8221; theme_builder_area=&#8221;post_content&#8221;][et_pb_column _builder_version=&#8221;4.27.4&#8243; _module_preset=&#8221;default&#8221; type=&#8221;4_4&#8243; theme_builder_area=&#8221;post_content&#8221;][et_pb_text _builder_version=&#8221;4.27.4&#8243; _module_preset=&#8221;default&#8221; theme_builder_area=&#8221;post_content&#8221; header_font=&#8221;Frank Ruhl Libre||||||||&#8221; header_2_font=&#8221;Frank Ruhl Libre||||||||&#8221; header_2_font_size=&#8221;35px&#8221; hover_enabled=&#8221;0&#8243; sticky_enabled=&#8221;0&#8243;]<\/p>\n<h2>FMP t\u0113rauda risin\u0101jumi: It\u0101lijas r\u016bpniec\u012bbas dzin\u0113jsp\u0113ks ar kvalit\u0101ti un precizit\u0101ti<\/h2>\n<p>[\/et_pb_text][et_pb_text _builder_version=&#8221;4.27.4&#8243; _module_preset=&#8221;default&#8221; theme_builder_area=&#8221;post_content&#8221; text_font_size=&#8221;16px&#8221; text_line_height=&#8221;1.8em&#8221; hover_enabled=&#8221;0&#8243; sticky_enabled=&#8221;0&#8243;]<\/p>\n<p>Run\u0101jot par t\u0113raudu, FMP uz\u0146\u0113mums ir uzticams l\u012bderis It\u0101lij\u0101, pieg\u0101d\u0101jot pla\u0161u augstas kvalit\u0101tes t\u0113rauda izstr\u0101d\u0101jumu kl\u0101stu, lai apmierin\u0101tu r\u016bpniec\u012bbas uz\u0146\u0113mumu, amatnieku un inovatoru vajadz\u012bbas vis\u0101 pussal\u0101. T\u0113rauds \u2014 dzelzs un oglek\u013ca sakaus\u0113jums ar oglek\u013ca saturu l\u012bdz pat 2% \u2014 ir m\u016bsdienu infrastrukt\u016bras mugurkauls, s\u0101kot no Mil\u0101nas milz\u012bgajiem debesskr\u0101pjiem l\u012bdz Tosk\u0101nas darbn\u012bcu sare\u017e\u0123\u012btaj\u0101m iek\u0101rt\u0101m. FMP pied\u0101v\u0101 pla\u0161u t\u0113rauda veidu portfeli, tostarp oglek\u013ca t\u0113raudu, le\u0123\u0113to t\u0113raudu, ner\u016bs\u0113jo\u0161o t\u0113raudu un instrumentu t\u0113raudu, kas visi ir izstr\u0101d\u0101ti, lai atbalst\u012btu It\u0101lijas daudzveid\u012bgos pielietojumus.<\/p>\n<p>[\/et_pb_text][\/et_pb_column][\/et_pb_row][et_pb_row _builder_version=&#8221;4.27.4&#8243; _module_preset=&#8221;default&#8221; theme_builder_area=&#8221;post_content&#8221;][et_pb_column _builder_version=&#8221;4.27.4&#8243; _module_preset=&#8221;default&#8221; type=&#8221;4_4&#8243; theme_builder_area=&#8221;post_content&#8221;][et_pb_text _builder_version=&#8221;4.27.4&#8243; _module_preset=&#8221;default&#8221; theme_builder_area=&#8221;post_content&#8221; header_font=&#8221;Frank Ruhl Libre||||||||&#8221; header_2_font=&#8221;Frank Ruhl Libre||||||||&#8221; header_2_font_size=&#8221;35px&#8221; hover_enabled=&#8221;0&#8243; sticky_enabled=&#8221;0&#8243;]<\/p>\n<h2>Kas padara t\u0113raudu tik svar\u012bgu?<\/h2>\n<p>[\/et_pb_text][et_pb_text _builder_version=&#8221;4.27.4&#8243; _module_preset=&#8221;default&#8221; theme_builder_area=&#8221;post_content&#8221; text_font_size=&#8221;16px&#8221; text_line_height=&#8221;1.8em&#8221; hover_enabled=&#8221;0&#8243; sticky_enabled=&#8221;0&#8243;]<\/p>\n<p>T\u0113rauda daudzpus\u012bba izriet no t\u0101 unik\u0101l\u0101 sast\u0101va: dzelzs, viens no Zemes visizplat\u012bt\u0101kajiem elementiem, apvienojum\u0101 ar oglekli rada materi\u0101lu, kas ir stipr\u0101ks un iztur\u012bg\u0101ks nek\u0101 t\u012brs dzelzs. Ar 1,6 miljardu tonnu glob\u0101lo ra\u017eo\u0161anu 2013. gad\u0101 (sal\u012bdzin\u0101jum\u0101 ar tikai 47 miljoniem tonnu alum\u012bnija, kas ir n\u0101kamais noz\u012bm\u012bg\u0101kais in\u017eeniertehniskais met\u0101ls), t\u0113rauds domin\u0113 k\u0101 pasaul\u0113 vispla\u0161\u0101k izmantotais materi\u0101ls. Tas veido visu, s\u0101kot no \u0161ujamadat\u0101m l\u012bdz naftas tankku\u0123iem, un pat instrumentiem, ko izmanto to ra\u017eo\u0161an\u0101. FMP m\u0113s izmantojam t\u0113rauda nep\u0101rsp\u0113jam\u0101s meh\u0101nisk\u0101s \u012bpa\u0161\u012bbas, pateicoties t\u0101 krist\u0101liskaj\u0101m strukt\u016br\u0101m, piem\u0113ram, fer\u012btam, austen\u012btam un martens\u012btam, lai pieg\u0101d\u0101tu produktus, kas piel\u0101goti It\u0101lijas r\u016bpnieciskaj\u0101m un rado\u0161aj\u0101m pras\u012bb\u0101m.<\/p>\n<p>[\/et_pb_text][\/et_pb_column][\/et_pb_row][et_pb_row _builder_version=&#8221;4.27.4&#8243; _module_preset=&#8221;default&#8221; theme_builder_area=&#8221;post_content&#8221;][et_pb_column _builder_version=&#8221;4.27.4&#8243; _module_preset=&#8221;default&#8221; type=&#8221;4_4&#8243; theme_builder_area=&#8221;post_content&#8221;][et_pb_image src=&#8221;https:\/\/fmp-components.com\/wp-content\/uploads\/2025\/03\/steel-product.webp&#8221; _builder_version=&#8221;4.27.4&#8243; _module_preset=&#8221;default&#8221; theme_builder_area=&#8221;post_content&#8221; alt=&#8221;steel product&#8221; title_text=&#8221;steel-product&#8221; hover_enabled=&#8221;0&#8243; sticky_enabled=&#8221;0&#8243; align=&#8221;center&#8221;][\/et_pb_image][\/et_pb_column][\/et_pb_row][et_pb_row _builder_version=&#8221;4.27.4&#8243; _module_preset=&#8221;default&#8221; theme_builder_area=&#8221;post_content&#8221; custom_padding=&#8221;||3px|||&#8221;][et_pb_column _builder_version=&#8221;4.27.4&#8243; _module_preset=&#8221;default&#8221; type=&#8221;4_4&#8243; theme_builder_area=&#8221;post_content&#8221;][et_pb_text _builder_version=&#8221;4.27.4&#8243; _module_preset=&#8221;default&#8221; theme_builder_area=&#8221;post_content&#8221; header_2_font=&#8221;Frank Ruhl Libre||||||||&#8221; header_2_font_size=&#8221;35px&#8221; hover_enabled=&#8221;0&#8243; sticky_enabled=&#8221;0&#8243;]<\/p>\n<h2 style=\"text-align: center;\">K\u0101p\u0113c izv\u0113l\u0113ties FMP t\u0113rauda izstr\u0101d\u0101jumus It\u0101lij\u0101?<\/h2>\n<p>[\/et_pb_text][\/et_pb_column][\/et_pb_row][et_pb_row _builder_version=&#8221;4.27.4&#8243; _module_preset=&#8221;default&#8221; column_structure=&#8221;1_3,1_3,1_3&#8243; theme_builder_area=&#8221;post_content&#8221; use_custom_gutter=&#8221;on&#8221; gutter_width=&#8221;2&#8243; width=&#8221;100%&#8221; max_width=&#8221;1100px&#8221; hover_enabled=&#8221;0&#8243; sticky_enabled=&#8221;0&#8243;][et_pb_column _builder_version=&#8221;4.27.4&#8243; _module_preset=&#8221;default&#8221; type=&#8221;1_3&#8243; theme_builder_area=&#8221;post_content&#8221;][et_pb_text _builder_version=&#8221;4.27.4&#8243; _module_preset=&#8221;default&#8221; theme_builder_area=&#8221;post_content&#8221; header_3_font=&#8221;Frank Ruhl Libre||||||||&#8221; hover_enabled=&#8221;0&#8243; sticky_enabled=&#8221;0&#8243;]<\/p>\n<h3>Visaptvero\u0161s t\u0113rauda portfelis<\/h3>\n<div>\n<p>FMP m\u0113s lepojamies ar to, ka pied\u0101v\u0101jam pla\u0161u t\u0113rauda marku kl\u0101stu, lai apmierin\u0101tu visas vajadz\u012bbas:<\/p>\n<ul class=\"marker:text-secondary\">\n<li class=\"break-words\"><strong>Oglek\u013ca t\u0113raudi<\/strong>No zema oglek\u013ca satura (0,05\u20130,19%) automobi\u013cu pane\u013ciem l\u012bdz augsta oglek\u013ca saturam (virs 0,5%) dzelzce\u013ca slied\u0113m.<\/li>\n<li class=\"break-words\"><strong>Le\u0123\u0113tie t\u0113raudi<\/strong>: Uzlabots ar t\u0101diem elementiem k\u0101 ni\u0137elis, hroms un molibd\u0113ns, lai nodro\u0161in\u0101tu izcilu iztur\u012bbu un iztur\u012bbu pret koroziju.<\/li>\n<li class=\"break-words\"><strong>Ner\u016bs\u0113jo\u0161ie t\u0113raudi<\/strong>Lieliski piem\u0113rots It\u0101lijas p\u0101rtikas p\u0101rstr\u0101des un medic\u012bnas nozar\u0113m, iztur\u012bgs pret r\u016bsu mitr\u0101 klimat\u0101, piem\u0113ram, Ven\u0113cij\u0101.<\/li>\n<li class=\"break-words\"><strong>Instrumentu t\u0113raudi<\/strong>R\u016bd\u012bts prec\u012bzijas grie\u0161anas instrumentiem, ko izmanto Bolo\u0146as in\u017eeniertehniskaj\u0101s darbn\u012bc\u0101s.<br \/>M\u016bsu kl\u0101sts aptver stieptu stiepli, kuras diametrs ir tikai 0,013 mm, l\u012bdz pat kaltiem stie\u0146iem ar diametru l\u012bdz 1100 mm, nodro\u0161inot, ka j\u016bsu projektam ir piem\u0113rots t\u0113rauds.<\/li>\n<\/ul>\n<\/div>\n<p>[\/et_pb_text][\/et_pb_column][et_pb_column _builder_version=&#8221;4.27.4&#8243; _module_preset=&#8221;default&#8221; type=&#8221;1_3&#8243; theme_builder_area=&#8221;post_content&#8221;][et_pb_text _builder_version=&#8221;4.27.4&#8243; _module_preset=&#8221;default&#8221; theme_builder_area=&#8221;post_content&#8221; header_3_font=&#8221;Frank Ruhl Libre||||||||&#8221; hover_enabled=&#8221;0&#8243; sticky_enabled=&#8221;0&#8243;]<\/p>\n<h3>Progres\u012bva ra\u017eo\u0161anas pieredze<\/h3>\n<div>\n<p>T\u0113rauda iztur\u012bba rodas no t\u0101 mikrostrukt\u016bras \u2014 neatkar\u012bgi no t\u0101, vai tas ir \u0137ermen\u012b centr\u0113ts kubiskais (bcc) fer\u012bts zem 912\u00a0\u00b0C vai virsm\u0101 centr\u0113ts kubiskais (fcc) austen\u012bts no 912\u00a0\u00b0C l\u012bdz 1394\u00a0\u00b0C. FMP m\u0113s apg\u016bstam \u0161\u012bs p\u0101rv\u0113rt\u012bbas, izmantojot prec\u012bzu termisko apstr\u0101di, piem\u0113ram, r\u016bd\u012b\u0161anu un atlaidin\u0101\u0161anu, lai ieg\u016btu martens\u012btu (ar ciet\u012bbu l\u012bdz 1000\u00a0DPH) vai iztur\u012bgu perl\u012btu (aptuveni 200\u00a0DPH). M\u016bsu modern\u0101k\u0101s iek\u0101rtas It\u0101lij\u0101 nodro\u0161ina, ka katrs t\u0113rauda izstr\u0101d\u0101jums atbilst starptautiskajiem standartiem, piem\u0113ram, ISO\u00a04184, nodro\u0161inot uzticam\u012bbu j\u016bsu lietojumiem.<\/p>\n<\/div>\n<p>[\/et_pb_text][\/et_pb_column][et_pb_column _builder_version=&#8221;4.27.4&#8243; _module_preset=&#8221;default&#8221; type=&#8221;1_3&#8243; theme_builder_area=&#8221;post_content&#8221;][et_pb_text _builder_version=&#8221;4.27.4&#8243; _module_preset=&#8221;default&#8221; theme_builder_area=&#8221;post_content&#8221; header_3_font=&#8221;Frank Ruhl Libre||||||||&#8221; hover_enabled=&#8221;0&#8243; sticky_enabled=&#8221;0&#8243;]<\/p>\n<h3>Piel\u0101go\u0161ana It\u0101lijas vajadz\u012bb\u0101m<\/h3>\n<div>\n<p>Nevarat atrast nepiecie\u0161amo t\u0113raudu? FMP specializ\u0113jas piel\u0101gotos risin\u0101jumos. Neatkar\u012bgi no t\u0101, vai jums ir nepiecie\u0161ams zema oglek\u013ca satura t\u0113rauds ar augstu metin\u0101m\u012bbu Neapoles ku\u0123u b\u016bv\u0113tavai vai augstas stipr\u012bbas sakaus\u0113jums Tur\u012bnas kosmosa projektam, m\u0113s piel\u0101gojam savu t\u0113raudu j\u016bsu specifik\u0101cij\u0101m. Sazinieties ar mums, izmantojot <a href=\"mailto:info@fmpcomponents.it\">info@fmpcomponents.it<\/a>, un m\u016bsu in\u017eenieri izgatavos produktu, kas prec\u012bzi atbilst j\u016bsu pras\u012bb\u0101m \u2014 l\u012bdz pat graudu izm\u0113ram un sakaus\u0113juma sast\u0101vam.<\/p>\n<\/div>\n<p>[\/et_pb_text][\/et_pb_column][\/et_pb_row][et_pb_row _builder_version=&#8221;4.27.4&#8243; _module_preset=&#8221;default&#8221; column_structure=&#8221;1_3,1_3,1_3&#8243; theme_builder_area=&#8221;post_content&#8221; use_custom_gutter=&#8221;on&#8221; gutter_width=&#8221;2&#8243; width=&#8221;100%&#8221; max_width=&#8221;1100px&#8221; hover_enabled=&#8221;0&#8243; sticky_enabled=&#8221;0&#8243;][et_pb_column _builder_version=&#8221;4.27.4&#8243; _module_preset=&#8221;default&#8221; type=&#8221;1_3&#8243; theme_builder_area=&#8221;post_content&#8221;][et_pb_text _builder_version=&#8221;4.27.4&#8243; _module_preset=&#8221;default&#8221; theme_builder_area=&#8221;post_content&#8221; header_3_font=&#8221;Frank Ruhl Libre||||||||&#8221; hover_enabled=&#8221;0&#8243; sticky_enabled=&#8221;0&#8243;]<\/p>\n<h3>Viet\u0113j\u0101 it\u0101\u013cu ap\u0146em\u0161an\u0101s<\/h3>\n<div>\n<p>M\u016bsu saknes mekl\u0113jamas It\u0101lij\u0101, un mums ir br\u012bvi it\u0101\u013cu valod\u0101 run\u0101jo\u0161a klientu apkalpo\u0161anas komanda. M\u016bsu eksperti sniedz praktisku atbalstu, s\u0101kot no pareiz\u0101s t\u0113rauda markas izv\u0113les l\u012bdz konsult\u0101cij\u0101m par uzst\u0101d\u012b\u0161anu un apkopi. Vai nepiecie\u0161ams t\u0113rauds ilgtsp\u0113j\u012bgam projektam Florenc\u0113? M\u016bsu za\u013c\u0101 t\u0113rauda iesp\u0113jas, kas izgatavotas no p\u0101rstr\u0101d\u0101tiem met\u0101ll\u016b\u017e\u0146iem l\u012bdz pat 94% un izmantojot zemu CO2 emisiju procesu, samazina ietekmi uz vidi par 83% \u2013 ide\u0101li piem\u0113rotas It\u0101lijas videi draudz\u012bgajai n\u0101kotnei.<\/p>\n<\/div>\n<p>[\/et_pb_text][\/et_pb_column][et_pb_column _builder_version=&#8221;4.27.4&#8243; _module_preset=&#8221;default&#8221; type=&#8221;1_3&#8243; theme_builder_area=&#8221;post_content&#8221;][et_pb_text _builder_version=&#8221;4.27.4&#8243; _module_preset=&#8221;default&#8221; theme_builder_area=&#8221;post_content&#8221; header_3_font=&#8221;Frank Ruhl Libre||||||||&#8221; hover_enabled=&#8221;0&#8243; sticky_enabled=&#8221;0&#8243;]<\/p>\n<h3>Nep\u0101rsp\u0113jama iztur\u012bba un \u012bpa\u0161\u012bbas<\/h3>\n<div>\n<p>T\u0113rauda \u012bpa\u0161\u012bbas uzlabo ogleklis un le\u0123\u0113jo\u0161ie elementi. Piem\u0113ram, pievienojot 0,77% oglekli, rodas perl\u012bts, savuk\u0101rt \u0101tra dzes\u0113\u0161ana veido martens\u012btu maksim\u0101lai ciet\u012bbai. FMP m\u0113s ar\u012b le\u0123\u0113jam ar t\u0101diem elementiem k\u0101 tit\u0101ns, van\u0101dijs un mang\u0101ns, lai palielin\u0101tu iztur\u012bbu, saciet\u0113jam\u012bbu un nodilumiztur\u012bbu, kas ir ide\u0101li piem\u0113rots It\u0101lijas b\u016bvniec\u012bbas, autob\u016bves un ener\u0123\u0113tikas nozar\u0113m. M\u016bsu t\u0113rauds iztur Ap\u016blijas ol\u012bvu spiedu meh\u0101nisko slodzi un Lig\u016brijas koroz\u012bvo j\u016bras gaisu.<\/p>\n<\/div>\n<p>[\/et_pb_text][\/et_pb_column][et_pb_column _builder_version=&#8221;4.27.4&#8243; _module_preset=&#8221;default&#8221; type=&#8221;1_3&#8243; theme_builder_area=&#8221;post_content&#8221;][et_pb_text _builder_version=&#8221;4.27.4&#8243; _module_preset=&#8221;default&#8221; theme_builder_area=&#8221;post_content&#8221; header_3_font=&#8221;Frank Ruhl Libre||||||||&#8221; hover_enabled=&#8221;0&#8243; sticky_enabled=&#8221;0&#8243;]<\/p>\n<h3>It\u0101lijas r\u016bpniec\u012bbas uzticas<\/h3>\n<div>\n<p>No lauksaimniec\u012bbas Sic\u012blij\u0101 l\u012bdz ma\u0161\u012bnb\u016bvei Em\u012blij\u0101-Romanj\u0101, FMP t\u0113rauds nodro\u0161ina sp\u0113ku It\u0101lijas galvenaj\u0101m nozar\u0113m. M\u016bsu augstas stipr\u012bbas mazle\u0123\u0113tie (HSLA) t\u0113raudi nodro\u0161ina cauru\u013cvadu un j\u016bras konstrukciju atbalstu, savuk\u0101rt br\u012bvi apstr\u0101d\u0101jami t\u0113raudi ar s\u0113ra un svina iesl\u0113gumiem uzlabo instrumentu kalpo\u0161anas laiku Bre\u0161as ra\u017eot\u0101jiem. Ar vair\u0101k nek\u0101 20 gadu pieredzi esam nopeln\u012bju\u0161i It\u0101lijas profesion\u0101\u013cu uztic\u012bbu, nodro\u0161inot kvalit\u0101ti, precizit\u0101ti un inov\u0101cijas.<\/p>\n<\/div>\n<p>[\/et_pb_text][\/et_pb_column][\/et_pb_row][et_pb_row _builder_version=&#8221;4.27.4&#8243; _module_preset=&#8221;default&#8221; theme_builder_area=&#8221;post_content&#8221;][et_pb_column _builder_version=&#8221;4.27.4&#8243; _module_preset=&#8221;default&#8221; type=&#8221;4_4&#8243; theme_builder_area=&#8221;post_content&#8221;][et_pb_image src=&#8221;https:\/\/fmp-components.com\/wp-content\/uploads\/2025\/03\/steel-product-1.webp&#8221; _builder_version=&#8221;4.27.4&#8243; _module_preset=&#8221;default&#8221; theme_builder_area=&#8221;post_content&#8221; alt=&#8221;steel product&#8221; title_text=&#8221;steel-product-1&#8243; hover_enabled=&#8221;0&#8243; sticky_enabled=&#8221;0&#8243; align=&#8221;center&#8221;][\/et_pb_image][\/et_pb_column][\/et_pb_row][et_pb_row _builder_version=&#8221;4.27.4&#8243; _module_preset=&#8221;default&#8221; theme_builder_area=&#8221;post_content&#8221; column_structure=&#8221;1_2,1_2&#8243;][et_pb_column _builder_version=&#8221;4.27.4&#8243; _module_preset=&#8221;default&#8221; type=&#8221;1_2&#8243; theme_builder_area=&#8221;post_content&#8221;][et_pb_text _builder_version=&#8221;4.27.4&#8243; _module_preset=&#8221;default&#8221; theme_builder_area=&#8221;post_content&#8221; header_2_font=&#8221;Frank Ruhl Libre||||||||&#8221; header_2_font_size=&#8221;30px&#8221; header_2_text_align=&#8221;left&#8221; text_font_size=&#8221;16px&#8221; text_line_height=&#8221;1.8em&#8221; hover_enabled=&#8221;0&#8243; sticky_enabled=&#8221;0&#8243;]<\/p>\n<h2 style=\"text-align: left;\">T\u0113rauda pielietojumi vis\u0101 It\u0101lij\u0101<\/h2>\n<p>T\u0113rauda daudzpus\u012bba izce\u013cas It\u0101lijas daudzveid\u012bgaj\u0101 ainav\u0101:<\/p>\n<p>B\u016bvniec\u012bba: Vid\u0113ja oglek\u013ca t\u0113rauda pl\u0101ksnes tiek izmantotas tiltu b\u016bv\u0113 D\u017eenov\u0101 un debesskr\u0101pju b\u016bvniec\u012bb\u0101 Mil\u0101n\u0101.<br \/>Automobi\u013cu r\u016bpniec\u012bba: Tur\u012bnas r\u016bpn\u012bc\u0101s automa\u0161\u012bnu virsb\u016bves tiek izgatavotas no loksn\u0113m ar zemu oglek\u013ca saturu.<br \/>Lauksaimniec\u012bba: instrumentu t\u0113rauds ra\u017eo iztur\u012bgu apr\u012bkojumu Umbrijas v\u012bna d\u0101rziem.<br \/>Ener\u0123ija: Le\u0123\u0113tie t\u0113raudi pastiprina v\u0113ja turb\u012bnas gar Adrijas j\u016bras piekrasti.<\/p>\n<p>[\/et_pb_text][\/et_pb_column][et_pb_column _builder_version=&#8221;4.27.4&#8243; _module_preset=&#8221;default&#8221; type=&#8221;1_2&#8243; theme_builder_area=&#8221;post_content&#8221;][et_pb_text _builder_version=&#8221;4.27.4&#8243; _module_preset=&#8221;default&#8221; theme_builder_area=&#8221;post_content&#8221; header_2_font=&#8221;Frank Ruhl Libre||||||||&#8221; header_2_font_size=&#8221;30px&#8221; header_2_text_align=&#8221;left&#8221; text_font_size=&#8221;16px&#8221; text_line_height=&#8221;1.8em&#8221; hover_enabled=&#8221;0&#8243; sticky_enabled=&#8221;0&#8243;]<\/p>\n<h2 style=\"text-align: left;\">K\u0101 FMP uzlabo t\u0113rauda veiktsp\u0113ju<\/h2>\n<p>M\u0113s ne tikai pieg\u0101d\u0101jam t\u0113raudu \u2014 m\u0113s to optimiz\u0113jam. M\u016bsu termisk\u0101s apstr\u0101des procesi piel\u0101go oglek\u013ca dif\u016bzijas \u0101trumu, radot smalkas mikrostrukt\u016bras iztur\u012bbai un plastiskumam. Le\u0123\u0113jo\u0161ie elementi, piem\u0113ram, ni\u0137elis un hroms, uzlabo iztur\u012bbu pret koroziju, savuk\u0101rt nokri\u0161\u0146u saciet\u0113\u0161ana ar tit\u0101nu vai niobiju nodro\u0161ina mazus graudu izm\u0113rus papildu iztur\u012bbai. M\u016bsu 3D projekt\u0113\u0161anas programmat\u016bra p\u0101rv\u0113r\u0161 j\u016bsu idejas realit\u0101t\u0113, kam seko prec\u012bza ra\u017eo\u0161ana un pieg\u0101de.<\/p>\n<p>[\/et_pb_text][\/et_pb_column][\/et_pb_row][\/et_pb_section][et_pb_section fb_built=&#8221;1&#8243; theme_builder_area=&#8221;post_content&#8221; _builder_version=&#8221;4.27.4&#8243; _module_preset=&#8221;default&#8221; alt=&#8221;Steel Product&#8221; title_text=&#8221;steel-product-2&#8243; background_image=&#8221;https:\/\/fmp-components.com\/wp-content\/uploads\/2025\/03\/steel-product-2.webp&#8221; use_background_color_gradient=&#8221;on&#8221; background_color_gradient_stops=&#8221;rgba(0,0,0,0.28) 0%|rgba(0,0,0,0.68) 100%&#8221; background_color_gradient_overlays_image=&#8221;on&#8221; hover_enabled=&#8221;0&#8243; sticky_enabled=&#8221;0&#8243; min_height=&#8221;754px&#8221;][et_pb_row _builder_version=&#8221;4.27.4&#8243; _module_preset=&#8221;default&#8221; theme_builder_area=&#8221;post_content&#8221; custom_margin=&#8221;100px||||false|false&#8221; hover_enabled=&#8221;0&#8243; sticky_enabled=&#8221;0&#8243;][et_pb_column _builder_version=&#8221;4.27.4&#8243; _module_preset=&#8221;default&#8221; type=&#8221;4_4&#8243; theme_builder_area=&#8221;post_content&#8221;][et_pb_text _builder_version=&#8221;4.27.4&#8243; _module_preset=&#8221;default&#8221; theme_builder_area=&#8221;post_content&#8221; header_2_font=&#8221;Frank Ruhl Libre||||||||&#8221; header_2_text_color=&#8221;#FFFFFF&#8221; header_2_text_align=&#8221;center&#8221; header_2_font_size=&#8221;45px&#8221; header_2_text_shadow_style=&#8221;preset1&#8243; hover_enabled=&#8221;0&#8243; sticky_enabled=&#8221;0&#8243;]<\/p>\n<h2>Ieg\u016bstiet savu t\u0113rauda risin\u0101jumu jau \u0161odien!<\/h2>\n<p>[\/et_pb_text][et_pb_text _builder_version=&#8221;4.27.4&#8243; _module_preset=&#8221;default&#8221; theme_builder_area=&#8221;post_content&#8221; text_text_color=&#8221;#FFFFFF&#8221; text_font_size=&#8221;16px&#8221; text_line_height=&#8221;1.8em&#8221; text_orientation=&#8221;center&#8221; hover_enabled=&#8221;0&#8243; sticky_enabled=&#8221;0&#8243;]<\/p>\n<p>Mekl\u0113jat perfektu t\u0113raudu savam n\u0101kamajam projektam? Iepaz\u012bstieties ar FMP pla\u0161o kl\u0101stu vai sazinieties ar mums, lai veiktu individu\u0101lu pas\u016bt\u012bjumu vietn\u0113 <a href=\"mailto:info@fmpcomponents.it\">info@fmpcomponents.it<\/a>Ja neatrodat nepiecie\u0161amo, tas, visticam\u0101k, jau tiek ra\u017eots \u2014 vienk\u0101r\u0161i pajaut\u0101jiet! No ilgtsp\u0113j\u012bga za\u013c\u0101 t\u0113rauda l\u012bdz augstas veiktsp\u0113jas sakaus\u0113jumiem \u2014 FMP ir \u0161eit, lai nodro\u0161in\u0101tu It\u0101lijas r\u016bpniec\u012bbas nozares ar lab\u0101kajiem t\u0113rauda risin\u0101jumiem. Kop\u0101 rad\u012bsim kaut ko neparastu!<\/p>\n<p>[\/et_pb_teksts][\/et_pb_kolumna][\/et_pb_rinda][\/et_pb_sekcija]<\/p>","protected":false},"excerpt":{"rendered":"<p>SteelSteel Solutions by FMP: Powering Italy\u2019s Industries with Quality and PrecisionWhen it comes to steel, FMP Company stands as a trusted leader in Italy, delivering a vast range of high-quality steel products to meet the needs of industries, artisans, and innovators across the peninsula. Steel\u2014an alloy of iron and carbon with up to 2% carbon [&hellip;]<\/p>","protected":false},"author":2,"featured_media":0,"parent":0,"menu_order":0,"comment_status":"closed","ping_status":"closed","template":"","meta":{"_et_pb_use_builder":"on","_et_pb_old_content":"","_et_gb_content_width":"","footnotes":""},"class_list":["post-6269","page","type-page","status-publish","hentry"],"_links":{"self":[{"href":"https:\/\/fmp-components.com\/lv\/wp-json\/wp\/v2\/pages\/6269","targetHints":{"allow":["GET"]}}],"collection":[{"href":"https:\/\/fmp-components.com\/lv\/wp-json\/wp\/v2\/pages"}],"about":[{"href":"https:\/\/fmp-components.com\/lv\/wp-json\/wp\/v2\/types\/page"}],"author":[{"embeddable":true,"href":"https:\/\/fmp-components.com\/lv\/wp-json\/wp\/v2\/users\/2"}],"replies":[{"embeddable":true,"href":"https:\/\/fmp-components.com\/lv\/wp-json\/wp\/v2\/comments?post=6269"}],"version-history":[{"count":4,"href":"https:\/\/fmp-components.com\/lv\/wp-json\/wp\/v2\/pages\/6269\/revisions"}],"predecessor-version":[{"id":6306,"href":"https:\/\/fmp-components.com\/lv\/wp-json\/wp\/v2\/pages\/6269\/revisions\/6306"}],"wp:attachment":[{"href":"https:\/\/fmp-components.com\/lv\/wp-json\/wp\/v2\/media?parent=6269"}],"curies":[{"name":"wp","href":"https:\/\/api.w.org\/{rel}","templated":true}]}}