{"id":5875,"date":"2025-02-24T08:05:24","date_gmt":"2025-02-24T08:05:24","guid":{"rendered":"https:\/\/fmp-components.com\/?page_id=8"},"modified":"2025-03-10T01:02:49","modified_gmt":"2025-03-10T01:02:49","slug":"food-industry-chain-12","status":"publish","type":"page","link":"https:\/\/fmp-components.com\/lv\/food-industry-chain-12\/","title":{"rendered":"P\u0101rtikas r\u016bpniec\u012bbas \u0137\u0113de"},"content":{"rendered":"<p>[et_pb_section fb_built=&#8221;1&#8243; _builder_version=&#8221;4.27.4&#8243; _module_preset=&#8221;default&#8221; background_image=&#8221;https:\/\/fmp-components.com\/wp-content\/uploads\/2025\/02\/food-industry-chain-banner.webp&#8221; min_height=&#8221;480px&#8221; global_colors_info=&#8221;{}&#8221;][et_pb_row _builder_version=&#8221;4.27.4&#8243; _module_preset=&#8221;default&#8221; global_colors_info=&#8221;{}&#8221;][et_pb_column type=&#8221;4_4&#8243; _builder_version=&#8221;4.27.4&#8243; _module_preset=&#8221;default&#8221; global_colors_info=&#8221;{}&#8221;][et_pb_text _builder_version=&#8221;4.27.4&#8243; _module_preset=&#8221;default&#8221; header_font=&#8221;Frank Ruhl Libre||||||||&#8221; header_text_align=&#8221;center&#8221; header_text_color=&#8221;#FFFFFF&#8221; header_font_size=&#8221;70px&#8221; header_text_shadow_style=&#8221;preset2&#8243; global_colors_info=&#8221;{}&#8221;]<\/p>\n<h1 style=\"text-align: center;\">P\u0101rtikas r\u016bpniec\u012bbas \u0137\u0113de<\/h1>\n<p>[\/et_pb_text][et_pb_text _builder_version=&#8221;4.27.4&#8243; _module_preset=&#8221;default&#8221; text_text_color=&#8221;#FFFFFF&#8221; text_font_size=&#8221;16px&#8221; text_line_height=&#8221;1.8em&#8221; text_orientation=&#8221;center&#8221; global_colors_info=&#8221;{}&#8221;]<\/p>\n<p>FMP specializ\u0113jas pla\u0161a lauksaimniec\u012bbas \u0137\u0113\u017eu kl\u0101sta ra\u017eo\u0161an\u0101, kas ir b\u016btiskas p\u0101rtikas r\u016bpniec\u012bbas \u0137\u0113des sast\u0101vda\u013cas. M\u016bsu produkti ir izstr\u0101d\u0101ti, lai apmierin\u0101tu lauksaimniec\u012bbas tehnikas da\u017e\u0101d\u0101s vajadz\u012bbas, pied\u0101v\u0101jot izcilu iztur\u012bbu un veiktsp\u0113ju. Papildus standarta pied\u0101v\u0101jumiem m\u0113s pied\u0101v\u0101jam ar\u012b piel\u0101gotus risin\u0101jumus, lai apmierin\u0101tu \u012bpa\u0161as pras\u012bbas. Ja nepiecie\u0161amais modelis nav nor\u0101d\u012bts m\u016bsu produktu katalog\u0101, iesp\u0113jams, tas v\u0113l nav aug\u0161upiel\u0101d\u0113ts. L\u016bdzu, rakstiet mums e-pastu ar saviem konkr\u0113tajiem jaut\u0101jumiem par modeli, un m\u0113s ar prieku jums pal\u012bdz\u0113sim.<\/p>\n<p>[\/et_pb_text][\/et_pb_column][\/et_pb_row][\/et_pb_section][et_pb_section fb_built=&#8221;1&#8243; _builder_version=&#8221;4.27.4&#8243; _module_preset=&#8221;default&#8221; global_colors_info=&#8221;{}&#8221;][et_pb_row _builder_version=&#8221;4.27.4&#8243; _module_preset=&#8221;default&#8221; global_colors_info=&#8221;{}&#8221;][et_pb_column type=&#8221;4_4&#8243; _builder_version=&#8221;4.27.4&#8243; _module_preset=&#8221;default&#8221; global_colors_info=&#8221;{}&#8221;][et_pb_text _builder_version=&#8221;4.27.4&#8243; _module_preset=&#8221;default&#8221; header_2_font=&#8221;Frank Ruhl Libre||||||||&#8221; header_2_font_size=&#8221;40px&#8221; hover_enabled=&#8221;0&#8243; global_colors_info=&#8221;{}&#8221; sticky_enabled=&#8221;0&#8243;]<\/p>\n<h2 style=\"text-align: center;\">P\u0101rtikas r\u016bpniec\u012bbas \u0137\u0113de<\/h2>\n<p>[\/et_pb_text][\/et_pb_column][\/et_pb_row][et_pb_row column_structure=&#8221;1_4,1_4,1_4,1_4&#8243; _builder_version=&#8221;4.27.4&#8243; _module_preset=&#8221;default&#8221; global_colors_info=&#8221;{}&#8221;][et_pb_column type=&#8221;1_4&#8243; _builder_version=&#8221;4.27.4&#8243; _module_preset=&#8221;default&#8221; global_colors_info=&#8221;{}&#8221;][et_pb_blurb title=&#8221;Stainless Steel Cold drink &#038; Food Processing Chains&#8221; image=&#8221;https:\/\/fmp-components.com\/wp-content\/uploads\/2025\/02\/Cold-Drink-Food-Processing-Chain.webp&#8221; alt=&#8221;Cold-Drink-Food-Processing-Chain&#8221; _builder_version=&#8221;4.27.4&#8243; _module_preset=&#8221;default&#8221; header_level=&#8221;h3&#8243; header_font=&#8221;Frank Ruhl Libre||||||||&#8221; header_text_align=&#8221;center&#8221; header_font_size=&#8221;18px&#8221; global_colors_info=&#8221;{}&#8221;][\/et_pb_blurb][\/et_pb_column][et_pb_column type=&#8221;1_4&#8243; _builder_version=&#8221;4.27.4&#8243; _module_preset=&#8221;default&#8221; global_colors_info=&#8221;{}&#8221;][et_pb_blurb title=&#8221;Stainless Steel Conveyor Chain For Ice Cream Cold Drink Production&#8221; image=&#8221;https:\/\/fmp-components.com\/wp-content\/uploads\/2025\/02\/Conveyor-Chain-For-Cold-Drink-Production-2.webp&#8221; alt=&#8221;Stainless Steel Conveyor Chain For Ice Cream Cold Drink Production&#8221; _builder_version=&#8221;4.27.4&#8243; _module_preset=&#8221;default&#8221; header_level=&#8221;h3&#8243; header_font=&#8221;Frank Ruhl Libre||||||||&#8221; header_text_align=&#8221;center&#8221; header_font_size=&#8221;18px&#8221; global_colors_info=&#8221;{}&#8221;][\/et_pb_blurb][\/et_pb_column][et_pb_column type=&#8221;1_4&#8243; _builder_version=&#8221;4.27.4&#8243; _module_preset=&#8221;default&#8221; global_colors_info=&#8221;{}&#8221;][et_pb_blurb title=&#8221;Stainless Steel Conveyor Chain for Sausage\/Hot Dog Production&#8221; image=&#8221;https:\/\/fmp-components.com\/wp-content\/uploads\/2025\/02\/conveyor-chain-for-sausage-production-1.webp&#8221; alt=&#8221;Stainless Steel Conveyor Chain for Sausage\/Hot Dog Production&#8221; _builder_version=&#8221;4.27.4&#8243; _module_preset=&#8221;default&#8221; header_level=&#8221;h3&#8243; header_font=&#8221;Frank Ruhl Libre||||||||&#8221; header_text_align=&#8221;center&#8221; header_font_size=&#8221;18px&#8221; global_colors_info=&#8221;{}&#8221;][\/et_pb_blurb][\/et_pb_column][et_pb_column type=&#8221;1_4&#8243; _builder_version=&#8221;4.27.4&#8243; _module_preset=&#8221;default&#8221; global_colors_info=&#8221;{}&#8221;][et_pb_blurb title=&#8221;Sugar Mill Chain&#8221; image=&#8221;https:\/\/fmp-components.com\/wp-content\/uploads\/2025\/02\/Sugar-Mill-Chain-With-Straight-Plate.webp&#8221; alt=&#8221;Sugar Mill Chain&#8221; _builder_version=&#8221;4.27.4&#8243; _module_preset=&#8221;default&#8221; header_level=&#8221;h3&#8243; header_font=&#8221;Frank Ruhl Libre||||||||&#8221; header_text_align=&#8221;center&#8221; header_font_size=&#8221;18px&#8221; global_colors_info=&#8221;{}&#8221;][\/et_pb_blurb][\/et_pb_column][\/et_pb_row][et_pb_row column_structure=&#8221;1_4,1_4,1_4,1_4&#8243; _builder_version=&#8221;4.27.4&#8243; _module_preset=&#8221;default&#8221; global_colors_info=&#8221;{}&#8221;][et_pb_column type=&#8221;1_4&#8243; _builder_version=&#8221;4.27.4&#8243; _module_preset=&#8221;default&#8221; global_colors_info=&#8221;{}&#8221;][et_pb_blurb title=&#8221;Palm Oil Chains&#8221; image=&#8221;https:\/\/fmp-components.com\/wp-content\/uploads\/2025\/02\/palm-oil-chains31.webp&#8221; alt=&#8221;Palm Oil Chains&#8221; _builder_version=&#8221;4.27.4&#8243; _module_preset=&#8221;default&#8221; header_level=&#8221;h3&#8243; header_font=&#8221;Frank Ruhl Libre||||||||&#8221; header_text_align=&#8221;center&#8221; header_font_size=&#8221;18px&#8221; global_colors_info=&#8221;{}&#8221;][\/et_pb_blurb][\/et_pb_column][et_pb_column type=&#8221;1_4&#8243; _builder_version=&#8221;4.27.4&#8243; _module_preset=&#8221;default&#8221; global_colors_info=&#8221;{}&#8221;][et_pb_blurb title=&#8221;Meat Production Line Conveyor Chains&#8221; image=&#8221;https:\/\/fmp-components.com\/wp-content\/uploads\/2025\/02\/Meat-Production-Line-Conveyor-Chains.webp&#8221; alt=&#8221;Meat Production Line Conveyor Chains&#8221; _builder_version=&#8221;4.27.4&#8243; _module_preset=&#8221;default&#8221; header_level=&#8221;h3&#8243; header_font=&#8221;Frank Ruhl Libre||||||||&#8221; header_text_align=&#8221;center&#8221; header_font_size=&#8221;18px&#8221; global_colors_info=&#8221;{}&#8221;][\/et_pb_blurb][\/et_pb_column][et_pb_column type=&#8221;1_4&#8243; _builder_version=&#8221;4.27.4&#8243; _module_preset=&#8221;default&#8221; global_colors_info=&#8221;{}&#8221;][et_pb_blurb title=&#8221;Bottle Washer Conveyor Chains&#8221; image=&#8221;https:\/\/fmp-components.com\/wp-content\/uploads\/2025\/02\/Bottle-Washer-Conveyor-Chains-1.webp&#8221; alt=&#8221;Bottle Washer Conveyor Chains&#8221; _builder_version=&#8221;4.27.4&#8243; _module_preset=&#8221;default&#8221; header_level=&#8221;h3&#8243; header_font=&#8221;Frank Ruhl Libre||||||||&#8221; header_text_align=&#8221;center&#8221; header_font_size=&#8221;18px&#8221; global_colors_info=&#8221;{}&#8221;][\/et_pb_blurb][\/et_pb_column][et_pb_column type=&#8221;1_4&#8243; _builder_version=&#8221;4.27.4&#8243; _module_preset=&#8221;default&#8221; global_colors_info=&#8221;{}&#8221;][\/et_pb_column][\/et_pb_row][\/et_pb_section][et_pb_section fb_built=&#8221;1&#8243; _builder_version=&#8221;4.27.4&#8243; _module_preset=&#8221;default&#8221; use_background_color_gradient=&#8221;on&#8221; background_color_gradient_stops=&#8221;rgba(255,255,255,0.63) 0%|rgba(255,255,255,0.66) 100%&#8221; background_color_gradient_overlays_image=&#8221;on&#8221; background_image=&#8221;https:\/\/fmp-components.com\/wp-content\/uploads\/2025\/02\/food-industry-chain-11.webp&#8221; global_colors_info=&#8221;{}&#8221;][et_pb_row _builder_version=&#8221;4.27.4&#8243; _module_preset=&#8221;default&#8221; global_colors_info=&#8221;{}&#8221;][et_pb_column type=&#8221;4_4&#8243; _builder_version=&#8221;4.27.4&#8243; _module_preset=&#8221;default&#8221; global_colors_info=&#8221;{}&#8221;][et_pb_text _builder_version=&#8221;4.27.4&#8243; _module_preset=&#8221;default&#8221; text_text_color=&#8221;#000000&#8243; text_font_size=&#8221;16px&#8221; text_line_height=&#8221;1.8em&#8221; header_2_font=&#8221;Frank Ruhl Libre||||||||&#8221; header_2_font_size=&#8221;35px&#8221; header_2_line_height=&#8221;1.4em&#8221; header_3_font=&#8221;Frank Ruhl Libre||||||||&#8221; header_3_font_size=&#8221;28px&#8221; header_3_line_height=&#8221;1.3em&#8221; global_colors_info=&#8221;{}&#8221;]<\/p>\n<h2 style=\"text-align: left;\">P\u0101rtikas r\u016bpniec\u012bba \u0137\u0113dei<\/h2>\n<p>P\u0101rtikas r\u016bpniec\u012bbas \u0137\u0113des tiek pla\u0161i izmantotas da\u017e\u0101d\u0101s p\u0101rtikas p\u0101rstr\u0101des iek\u0101rt\u0101s, piem\u0113ram, ga\u013cas ra\u017eo\u0161anas l\u012bnij\u0101s, n\u016bde\u013cu ra\u017eo\u0161anas iek\u0101rt\u0101s, cukura ra\u017eo\u0161anas iek\u0101rt\u0101s, j\u016brasz\u0101\u013cu p\u0101rstr\u0101des iek\u0101rt\u0101s, melones s\u0113klu p\u0101rstr\u0101des iek\u0101rt\u0101s, desu p\u0101rstr\u0101des iek\u0101rt\u0101s, piena produktu pild\u012b\u0161anas iek\u0101rt\u0101s, sald\u0113juma ra\u017eo\u0161anas iek\u0101rt\u0101s utt.<\/p>\n<h3>Funkcijas:<\/h3>\n<p>Atbilsto\u0161i da\u017e\u0101diem darba apst\u0101k\u013ciem tiek pie\u0146emts optimiz\u0113ts dizains un \u012bpa\u0161a tehnolo\u0123ija, un tiek izv\u0113l\u0113ts augstas kvalit\u0101tes le\u0123\u0113tais t\u0113rauds, ner\u016bs\u0113jo\u0161ais t\u0113rauds un citi materi\u0101li, lai uzlabotu \u0137\u0113des iztur\u012bbu pret koroziju un nodilumiztur\u012bbu, atbilstot t\u012bras ra\u017eo\u0161anas un da\u017e\u0101du iek\u0101rtu uzticamas lieto\u0161anas pras\u012bb\u0101m.<br \/>\u25cf \u0136\u0113des kau\u0161anas iek\u0101rt\u0101m: augsta iztur\u012bba, laba iztur\u012bba pret koroziju, nodilumiztur\u012bba utt.<br \/>\u25cf N\u016bde\u013cu ra\u017eo\u0161anas iek\u0101rtu \u0137\u0113des: laba iztur\u012bba pret koroziju, nodilumiztur\u012bba utt.<br \/>\u25cf Aug\u013cu nov\u0101k\u0161anas iek\u0101rtu \u0137\u0113des: stabila darb\u012bba, augsta sinhroniz\u0101cija utt.<br \/>\u25cf \u0136\u0113des desu p\u0101rstr\u0101dei, sald\u0113juma ra\u017eo\u0161anai, piena produktu pild\u012b\u0161anai un cit\u0101m iek\u0101rt\u0101m: iztur\u012bba pret koroziju, t\u012br\u012bba utt.<br \/>\u25cf \u0136\u0113des cukura ra\u017eo\u0161anas iek\u0101rt\u0101m un palmu e\u013c\u013cas ra\u017eo\u0161anas l\u012bnij\u0101m: augsta iztur\u012bba, laba iztur\u012bba pret koroziju, nodilumiztur\u012bba utt.<\/p>\n<h3>Galvenie produkti:<\/h3>\n<p>Rull\u012b\u0161u \u0137\u0113des, konveijeru \u0137\u0113des ar garu soli, ner\u016bs\u0113jo\u0161\u0101 t\u0113rauda \u0137\u0113des, speci\u0101las \u0137\u0113des ar da\u017e\u0101d\u0101m speci\u0101l\u0101m virsmas apstr\u0101d\u0113m utt.<\/p>\n<p>[\/et_pb_text][\/et_pb_column][\/et_pb_row][\/et_pb_section][et_pb_section fb_built=&#8221;1&#8243; _builder_version=&#8221;4.27.4&#8243; _module_preset=&#8221;default&#8221; global_colors_info=&#8221;{}&#8221;][et_pb_row _builder_version=&#8221;4.27.4&#8243; _module_preset=&#8221;default&#8221; global_colors_info=&#8221;{}&#8221;][et_pb_column type=&#8221;4_4&#8243; _builder_version=&#8221;4.27.4&#8243; _module_preset=&#8221;default&#8221; global_colors_info=&#8221;{}&#8221;][et_pb_text _builder_version=&#8221;4.27.4&#8243; _module_preset=&#8221;default&#8221; header_2_font=&#8221;Frank Ruhl Libre||||||||&#8221; header_2_font_size=&#8221;40px&#8221; global_colors_info=&#8221;{}&#8221;]<\/p>\n<h2 style=\"text-align: center;\">P\u0101rtikas lietojumprogrammas re\u0101ls kadrs<\/h2>\n<p>[\/et_pb_text][\/et_pb_column][\/et_pb_row][et_pb_row column_structure=&#8221;1_2,1_2&#8243; use_custom_gutter=&#8221;on&#8221; gutter_width=&#8221;2&#8243; make_equal=&#8221;on&#8221; _builder_version=&#8221;4.27.4&#8243; _module_preset=&#8221;default&#8221; width=&#8221;100%&#8221; max_width=&#8221;1400px&#8221; global_colors_info=&#8221;{}&#8221;][et_pb_column type=&#8221;1_2&#8243; _builder_version=&#8221;4.27.4&#8243; _module_preset=&#8221;default&#8221; global_colors_info=&#8221;{}&#8221;][et_pb_image src=&#8221;https:\/\/fmp-components.com\/wp-content\/uploads\/2025\/02\/food-industry-chain-7.webp&#8221; alt=&#8221;food-industry-chain&#8221; title_text=&#8221;food-industry-chain-7&#8243; _builder_version=&#8221;4.27.4&#8243; _module_preset=&#8221;default&#8221; global_colors_info=&#8221;{}&#8221;][\/et_pb_image][et_pb_image src=&#8221;https:\/\/fmp-components.com\/wp-content\/uploads\/2025\/02\/food-industry-chain-5.webp&#8221; alt=&#8221;food-industry-chain&#8221; title_text=&#8221;food-industry-chain-5&#8243; _builder_version=&#8221;4.27.4&#8243; _module_preset=&#8221;default&#8221; global_colors_info=&#8221;{}&#8221;][\/et_pb_image][et_pb_image src=&#8221;https:\/\/fmp-components.com\/wp-content\/uploads\/2025\/02\/food-industry-chain-3.webp&#8221; alt=&#8221;food-industry-chain&#8221; title_text=&#8221;food-industry-chain-3&#8243; _builder_version=&#8221;4.27.4&#8243; _module_preset=&#8221;default&#8221; global_colors_info=&#8221;{}&#8221;][\/et_pb_image][et_pb_image src=&#8221;https:\/\/fmp-components.com\/wp-content\/uploads\/2025\/02\/food-industry-chain-1.webp&#8221; alt=&#8221;food-industry-chain&#8221; title_text=&#8221;food-industry-chain-1&#8243; _builder_version=&#8221;4.27.4&#8243; _module_preset=&#8221;default&#8221; global_colors_info=&#8221;{}&#8221;][\/et_pb_image][et_pb_image src=&#8221;https:\/\/fmp-components.com\/wp-content\/uploads\/2025\/02\/food-industry-chain-9.webp&#8221; alt=&#8221;food-industry-chain&#8221; title_text=&#8221;food-industry-chain-9&#8243; _builder_version=&#8221;4.27.4&#8243; _module_preset=&#8221;default&#8221; global_colors_info=&#8221;{}&#8221;][\/et_pb_image][\/et_pb_column][et_pb_column type=&#8221;1_2&#8243; _builder_version=&#8221;4.27.4&#8243; _module_preset=&#8221;default&#8221; global_colors_info=&#8221;{}&#8221;][et_pb_image src=&#8221;https:\/\/fmp-components.com\/wp-content\/uploads\/2025\/02\/food-industry-chain-6.webp&#8221; alt=&#8221;food-industry-chain&#8221; title_text=&#8221;food-industry-chain-6&#8243; _builder_version=&#8221;4.27.4&#8243; _module_preset=&#8221;default&#8221; global_colors_info=&#8221;{}&#8221;][\/et_pb_image][et_pb_image src=&#8221;https:\/\/fmp-components.com\/wp-content\/uploads\/2025\/02\/food-industry-chain-4.webp&#8221; alt=&#8221;food-industry-chain&#8221; title_text=&#8221;food-industry-chain-4&#8243; _builder_version=&#8221;4.27.4&#8243; _module_preset=&#8221;default&#8221; global_colors_info=&#8221;{}&#8221;][\/et_pb_image][et_pb_image src=&#8221;https:\/\/fmp-components.com\/wp-content\/uploads\/2025\/02\/food-industry-chain-2.webp&#8221; alt=&#8221;food-industry-chain&#8221; title_text=&#8221;food-industry-chain-2&#8243; _builder_version=&#8221;4.27.4&#8243; _module_preset=&#8221;default&#8221; global_colors_info=&#8221;{}&#8221;][\/et_pb_image][et_pb_image src=&#8221;https:\/\/fmp-components.com\/wp-content\/uploads\/2025\/02\/food-industry-chain-10.webp&#8221; alt=&#8221;food-industry-chain&#8221; title_text=&#8221;food-industry-chain-10&#8243; _builder_version=&#8221;4.27.4&#8243; _module_preset=&#8221;default&#8221; global_colors_info=&#8221;{}&#8221;][\/et_pb_image][et_pb_image src=&#8221;https:\/\/fmp-components.com\/wp-content\/uploads\/2025\/02\/food-industry-chain-8.webp&#8221; alt=&#8221;food-industry-chain&#8221; title_text=&#8221;food-industry-chain-8&#8243; _builder_version=&#8221;4.27.4&#8243; _module_preset=&#8221;default&#8221; global_colors_info=&#8221;{}&#8221;][\/et_pb_image][\/et_pb_column][\/et_pb_row][\/et_pb_section]<\/p>","protected":false},"excerpt":{"rendered":"<p>Food Industry ChainFMP specializes in manufacturing a wide range of Agricultural Chains, which are crucial components in the food industry chain. Our products are designed to meet the diverse needs of agricultural machinery, offering excellent durability and performance. In addition to our standard offerings, we also provide customized solutions to cater to specific requirements. If [&hellip;]<\/p>","protected":false},"author":2,"featured_media":0,"parent":0,"menu_order":0,"comment_status":"closed","ping_status":"closed","template":"","meta":{"_et_pb_use_builder":"on","_et_pb_old_content":"","_et_gb_content_width":"","footnotes":""},"class_list":["post-5875","page","type-page","status-publish","hentry"],"_links":{"self":[{"href":"https:\/\/fmp-components.com\/lv\/wp-json\/wp\/v2\/pages\/5875","targetHints":{"allow":["GET"]}}],"collection":[{"href":"https:\/\/fmp-components.com\/lv\/wp-json\/wp\/v2\/pages"}],"about":[{"href":"https:\/\/fmp-components.com\/lv\/wp-json\/wp\/v2\/types\/page"}],"author":[{"embeddable":true,"href":"https:\/\/fmp-components.com\/lv\/wp-json\/wp\/v2\/users\/2"}],"replies":[{"embeddable":true,"href":"https:\/\/fmp-components.com\/lv\/wp-json\/wp\/v2\/comments?post=5875"}],"version-history":[{"count":5,"href":"https:\/\/fmp-components.com\/lv\/wp-json\/wp\/v2\/pages\/5875\/revisions"}],"predecessor-version":[{"id":6349,"href":"https:\/\/fmp-components.com\/lv\/wp-json\/wp\/v2\/pages\/5875\/revisions\/6349"}],"wp:attachment":[{"href":"https:\/\/fmp-components.com\/lv\/wp-json\/wp\/v2\/media?parent=5875"}],"curies":[{"name":"wp","href":"https:\/\/api.w.org\/{rel}","templated":true}]}}