{"id":5591,"date":"2025-02-10T08:17:02","date_gmt":"2025-02-10T08:17:02","guid":{"rendered":"https:\/\/fmp-components.com\/?page_id=8"},"modified":"2025-03-10T00:59:27","modified_gmt":"2025-03-10T00:59:27","slug":"escalator-chain-2","status":"publish","type":"page","link":"https:\/\/fmp-components.com\/lv\/escalator-chain-2\/","title":{"rendered":"Eskalatora \u0137\u0113de"},"content":{"rendered":"<p>[et_pb_section fb_built=&#8221;1&#8243; _builder_version=&#8221;4.27.4&#8243; _module_preset=&#8221;default&#8221; background_image=&#8221;https:\/\/fmp-components.com\/wp-content\/uploads\/2025\/02\/Escalator-Chain-banner.webp&#8221; min_height=&#8221;469px&#8221; global_colors_info=&#8221;{}&#8221;][et_pb_row _builder_version=&#8221;4.27.4&#8243; _module_preset=&#8221;default&#8221; global_colors_info=&#8221;{}&#8221;][et_pb_column type=&#8221;4_4&#8243; _builder_version=&#8221;4.27.4&#8243; _module_preset=&#8221;default&#8221; global_colors_info=&#8221;{}&#8221;][et_pb_text _builder_version=&#8221;4.27.4&#8243; _module_preset=&#8221;default&#8221; header_font=&#8221;Frank Ruhl Libre||||||||&#8221; header_text_align=&#8221;center&#8221; header_text_color=&#8221;#FFFFFF&#8221; header_font_size=&#8221;70px&#8221; header_text_shadow_style=&#8221;preset1&#8243; global_colors_info=&#8221;{}&#8221;]<\/p>\n<h1 class=\"entry-title\">Eskalatora \u0137\u0113de<\/h1>\n<p>[\/et_pb_text][et_pb_text _builder_version=&#8221;4.27.4&#8243; _module_preset=&#8221;default&#8221; text_text_color=&#8221;#FFFFFF&#8221; text_font_size=&#8221;16px&#8221; text_line_height=&#8221;1.8em&#8221; text_orientation=&#8221;center&#8221; global_colors_info=&#8221;{}&#8221;]<\/p>\n<p>Uz\u0146\u0113mum\u0101 FMP m\u0113s specializ\u0113jamies pla\u0161a spektra \u0137\u0113\u017eu ra\u017eo\u0161an\u0101, tostarp eskalatoru \u0137\u0113d\u0113m, kas paredz\u0113tas iztur\u012bbai un efektivit\u0101tei. M\u0113s pied\u0101v\u0101jam ar\u012b piel\u0101go\u0161anas iesp\u0113jas, lai atbilstu j\u016bsu \u012bpa\u0161aj\u0101m vajadz\u012bb\u0101m. Ja m\u016bsu produktu sarakst\u0101 nevarat atrast mekl\u0113to modeli, iesp\u0113jams, tas v\u0113l nav pievienots. L\u016bdzu, rakstiet mums e-pastu ar sav\u0101m pras\u012bb\u0101m, un m\u0113s ar prieku pal\u012bdz\u0113sim jums atrast pareizo risin\u0101jumu.<\/p>\n<p>[\/et_pb_text][\/et_pb_column][\/et_pb_row][\/et_pb_section][et_pb_section fb_built=&#8221;1&#8243; _builder_version=&#8221;4.27.4&#8243; _module_preset=&#8221;default&#8221; global_colors_info=&#8221;{}&#8221;][et_pb_row _builder_version=&#8221;4.27.4&#8243; _module_preset=&#8221;default&#8221; global_colors_info=&#8221;{}&#8221;][et_pb_column type=&#8221;4_4&#8243; _builder_version=&#8221;4.27.4&#8243; _module_preset=&#8221;default&#8221; global_colors_info=&#8221;{}&#8221;][et_pb_text _builder_version=&#8221;4.27.4&#8243; _module_preset=&#8221;default&#8221; header_2_font=&#8221;Frank Ruhl Libre||||||||&#8221; header_2_font_size=&#8221;40px&#8221; hover_enabled=&#8221;0&#8243; global_colors_info=&#8221;{}&#8221; sticky_enabled=&#8221;0&#8243;]<\/p>\n<h2 style=\"text-align: center;\">Eskalatora \u0137\u0113de<\/h2>\n<p>[\/et_pb_text][\/et_pb_column][\/et_pb_row][et_pb_row column_structure=&#8221;1_4,1_4,1_4,1_4&#8243; _builder_version=&#8221;4.27.4&#8243; _module_preset=&#8221;default&#8221; global_colors_info=&#8221;{}&#8221;][et_pb_column type=&#8221;1_4&#8243; _builder_version=&#8221;4.27.4&#8243; _module_preset=&#8221;default&#8221; global_colors_info=&#8221;{}&#8221;][et_pb_blurb title=&#8221;Moving Walkway Escalator Chains PT131 PT133 PT135&#8243; image=&#8221;https:\/\/fmp-components.com\/wp-content\/uploads\/2025\/02\/Moving-Walkway-Escalator-Chains.webp&#8221; alt=&#8221;Moving Walkway Escalator Chains&#8221; _builder_version=&#8221;4.27.4&#8243; _module_preset=&#8221;default&#8221; header_level=&#8221;h3&#8243; header_font=&#8221;Frank Ruhl Libre||||||||&#8221; header_text_align=&#8221;center&#8221; header_font_size=&#8221;20px&#8221; global_colors_info=&#8221;{}&#8221;][\/et_pb_blurb][\/et_pb_column][et_pb_column type=&#8221;1_4&#8243; _builder_version=&#8221;4.27.4&#8243; _module_preset=&#8221;default&#8221; global_colors_info=&#8221;{}&#8221;][et_pb_blurb title=&#8221;handrail drive chains&#8221; image=&#8221;https:\/\/fmp-components.com\/wp-content\/uploads\/2025\/02\/handrail-drive-chains-2.webp&#8221; alt=&#8221;handrail-drive-chains&#8221; _builder_version=&#8221;4.27.4&#8243; _module_preset=&#8221;default&#8221; header_level=&#8221;h3&#8243; header_font=&#8221;Frank Ruhl Libre||||||||&#8221; header_text_align=&#8221;center&#8221; header_font_size=&#8221;20px&#8221; global_colors_info=&#8221;{}&#8221;][\/et_pb_blurb][\/et_pb_column][et_pb_column type=&#8221;1_4&#8243; _builder_version=&#8221;4.27.4&#8243; _module_preset=&#8221;default&#8221; global_colors_info=&#8221;{}&#8221;][et_pb_blurb title=&#8221;Escalator Step Chain&#8221; image=&#8221;https:\/\/fmp-components.com\/wp-content\/uploads\/2025\/02\/escalator-step-chain.webp&#8221; alt=&#8221;escalator-step-chain&#8221; _builder_version=&#8221;4.27.4&#8243; _module_preset=&#8221;default&#8221; header_level=&#8221;h3&#8243; header_font=&#8221;Frank Ruhl Libre||||||||&#8221; header_text_align=&#8221;center&#8221; header_font_size=&#8221;20px&#8221; global_colors_info=&#8221;{}&#8221;][\/et_pb_blurb][\/et_pb_column][et_pb_column type=&#8221;1_4&#8243; _builder_version=&#8221;4.27.4&#8243; _module_preset=&#8221;default&#8221; global_colors_info=&#8221;{}&#8221;][et_pb_blurb title=&#8221;Escalator Drive Chain&#8221; image=&#8221;https:\/\/fmp-components.com\/wp-content\/uploads\/2025\/02\/escalator-drive-chain.webp&#8221; alt=&#8221;escalator-drive-chain&#8221; _builder_version=&#8221;4.27.4&#8243; _module_preset=&#8221;default&#8221; header_level=&#8221;h3&#8243; header_font=&#8221;Frank Ruhl Libre||||||||&#8221; header_text_align=&#8221;center&#8221; header_font_size=&#8221;20px&#8221; global_colors_info=&#8221;{}&#8221;][\/et_pb_blurb][\/et_pb_column][\/et_pb_row][\/et_pb_section][et_pb_section fb_built=&#8221;1&#8243; _builder_version=&#8221;4.27.4&#8243; _module_preset=&#8221;default&#8221; global_colors_info=&#8221;{}&#8221;][et_pb_row _builder_version=&#8221;4.27.4&#8243; _module_preset=&#8221;default&#8221; width=&#8221;100%&#8221; max_width=&#8221;1200px&#8221; global_colors_info=&#8221;{}&#8221;][et_pb_column type=&#8221;4_4&#8243; _builder_version=&#8221;4.27.4&#8243; _module_preset=&#8221;default&#8221; global_colors_info=&#8221;{}&#8221;][et_pb_text _builder_version=&#8221;4.27.4&#8243; _module_preset=&#8221;default&#8221; text_font_size=&#8221;16px&#8221; text_line_height=&#8221;1.8em&#8221; global_colors_info=&#8221;{}&#8221;]<\/p>\n<p>\u25cf Eskalatoru \u0137\u0113des tiek izmantotas eskalatoru un kust\u012bgo celi\u0146u sist\u0113m\u0101s, lai p\u0101rvad\u012btu ener\u0123iju un p\u0101rvad\u0101tu pasa\u017eierus. Eskalatoru \u0137\u0113des tiek pla\u0161i izmantotas metro, \u0101trgaitas dzelzce\u013cos, lidost\u0101s, augstas klases iepirk\u0161an\u0101s centros, lielveikalos un cit\u0101s viet\u0101s kop\u0101 ar eskalatoriem un cit\u0101m iek\u0101rt\u0101m, tostarp da\u017e\u0101d\u0101m transmisijas \u0137\u0113d\u0113m, eskalatoru pak\u0101pienu \u0137\u0113d\u0113m un kust\u012bgo celi\u0146u ped\u0101\u013cu \u0137\u0113d\u0113m.<\/p>\n<p>\u25cf Pak\u0101pienu \u0137\u0113d\u0113m piem\u012bt augsta \u0137\u0113des garuma sinhroniz\u0101cijas precizit\u0101te, augsta so\u013cu att\u0101luma precizit\u0101te un augsta so\u013cu att\u0101luma sinhroniz\u0101cijas precizit\u0101te, kas atbilst vienm\u0113r\u012bgas darb\u012bbas pras\u012bb\u0101m. Lai izpild\u012btu dro\u0161\u012bbas, uzticam\u012bbas, vides iztur\u012bbas un ilga kalpo\u0161anas laika pras\u012bbas, tiek pie\u0146emti da\u017e\u0101di \u012bpa\u0161i konstrukcijas dizaini un unik\u0101li ra\u017eo\u0161anas procesi.<\/p>\n<p>\u25cfTipiski produkti: pak\u0101pienu \u0137\u0113des, transmisijas \u0137\u0113des.<\/p>\n<p>[\/et_pb_text][\/et_pb_column][\/et_pb_row][et_pb_row column_structure=&#8221;3_5,2_5&#8243; _builder_version=&#8221;4.27.4&#8243; _module_preset=&#8221;default&#8221; width=&#8221;100%&#8221; max_width=&#8221;1200px&#8221; global_colors_info=&#8221;{}&#8221;][et_pb_column type=&#8221;3_5&#8243; _builder_version=&#8221;4.27.4&#8243; _module_preset=&#8221;default&#8221; global_colors_info=&#8221;{}&#8221;][et_pb_image src=&#8221;https:\/\/fmp-components.com\/wp-content\/uploads\/2025\/02\/fmp_escalator_chains.webp&#8221; alt=&#8221;escalator_chain&#8221; title_text=&#8221;fmp_escalator_chains&#8221; _builder_version=&#8221;4.27.4&#8243; _module_preset=&#8221;default&#8221; global_colors_info=&#8221;{}&#8221;][\/et_pb_image][\/et_pb_column][et_pb_column type=&#8221;2_5&#8243; _builder_version=&#8221;4.27.4&#8243; _module_preset=&#8221;default&#8221; global_colors_info=&#8221;{}&#8221;][et_pb_image src=&#8221;https:\/\/fmp-components.com\/wp-content\/uploads\/2025\/02\/Escalator-Chain-2.webp&#8221; alt=&#8221;Escalator-Chain&#8221; title_text=&#8221;Escalator-Chain-2&#8243; _builder_version=&#8221;4.27.4&#8243; _module_preset=&#8221;default&#8221; global_colors_info=&#8221;{}&#8221;][\/et_pb_image][\/et_pb_column][\/et_pb_row][\/et_pb_section]<\/p>","protected":false},"excerpt":{"rendered":"<p>Escalator ChainAt FMP, we specialize in manufacturing a wide variety of chains, including escalator chains designed for durability and efficiency. We also offer customization options to meet your specific needs. If you can&#8217;t find the model you&#8217;re looking for in our product list, it may not have been added yet. Please feel free to email [&hellip;]<\/p>","protected":false},"author":2,"featured_media":0,"parent":0,"menu_order":0,"comment_status":"closed","ping_status":"closed","template":"","meta":{"_et_pb_use_builder":"on","_et_pb_old_content":"","_et_gb_content_width":"","footnotes":""},"class_list":["post-5591","page","type-page","status-publish","hentry"],"_links":{"self":[{"href":"https:\/\/fmp-components.com\/lv\/wp-json\/wp\/v2\/pages\/5591","targetHints":{"allow":["GET"]}}],"collection":[{"href":"https:\/\/fmp-components.com\/lv\/wp-json\/wp\/v2\/pages"}],"about":[{"href":"https:\/\/fmp-components.com\/lv\/wp-json\/wp\/v2\/types\/page"}],"author":[{"embeddable":true,"href":"https:\/\/fmp-components.com\/lv\/wp-json\/wp\/v2\/users\/2"}],"replies":[{"embeddable":true,"href":"https:\/\/fmp-components.com\/lv\/wp-json\/wp\/v2\/comments?post=5591"}],"version-history":[{"count":8,"href":"https:\/\/fmp-components.com\/lv\/wp-json\/wp\/v2\/pages\/5591\/revisions"}],"predecessor-version":[{"id":6347,"href":"https:\/\/fmp-components.com\/lv\/wp-json\/wp\/v2\/pages\/5591\/revisions\/6347"}],"wp:attachment":[{"href":"https:\/\/fmp-components.com\/lv\/wp-json\/wp\/v2\/media?parent=5591"}],"curies":[{"name":"wp","href":"https:\/\/api.w.org\/{rel}","templated":true}]}}