{"id":286,"date":"2024-12-09T03:50:21","date_gmt":"2024-12-09T03:50:21","guid":{"rendered":"https:\/\/fmp-components.com\/?page_id=8"},"modified":"2025-03-27T05:37:54","modified_gmt":"2025-03-27T05:37:54","slug":"forklift-hydraulic-cylinders-2","status":"publish","type":"page","link":"https:\/\/fmp-components.com\/lv\/forklift-hydraulic-cylinders-2\/","title":{"rendered":"Iekr\u0101v\u0113ja hidrauliskie cilindri"},"content":{"rendered":"<p>[et_pb_section fb_built=&#8221;1&#8243; _builder_version=&#8221;4.27.4&#8243; _module_preset=&#8221;default&#8221; use_background_color_gradient=&#8221;on&#8221; background_color_gradient_stops=&#8221;rgba(0,0,0,0.14) 0%|rgba(0,0,0,0.16) 100%&#8221; background_color_gradient_overlays_image=&#8221;on&#8221; background_image=&#8221;https:\/\/fmp-components.com\/wp-content\/uploads\/2025\/03\/Forklift-Hydraulic-Cylinders.webp&#8221; custom_padding=&#8221;||157px|||&#8221; global_colors_info=&#8221;{}&#8221;][et_pb_row _builder_version=&#8221;4.27.4&#8243; _module_preset=&#8221;default&#8221; global_colors_info=&#8221;{}&#8221;][et_pb_column type=&#8221;4_4&#8243; _builder_version=&#8221;4.27.4&#8243; _module_preset=&#8221;default&#8221; global_colors_info=&#8221;{}&#8221;][et_pb_text _builder_version=&#8221;4.27.4&#8243; _module_preset=&#8221;default&#8221; header_font=&#8221;Frank Ruhl Libre||||||||&#8221; header_text_color=&#8221;#FFFFFF&#8221; header_font_size=&#8221;70px&#8221; header_text_shadow_style=&#8221;preset1&#8243; global_colors_info=&#8221;{}&#8221;]<\/p>\n<h1 style=\"text-align: center;\">Iekr\u0101v\u0113ja hidrauliskie cilindri<\/h1>\n<p>[\/et_pb_text][\/et_pb_column][\/et_pb_row][et_pb_row _builder_version=&#8221;4.27.4&#8243; _module_preset=&#8221;default&#8221; global_colors_info=&#8221;{}&#8221;][et_pb_column type=&#8221;4_4&#8243; _builder_version=&#8221;4.27.4&#8243; _module_preset=&#8221;default&#8221; global_colors_info=&#8221;{}&#8221;][et_pb_text _builder_version=&#8221;4.27.4&#8243; _module_preset=&#8221;default&#8221; text_text_color=&#8221;#FFFFFF&#8221; text_font_size=&#8221;16px&#8221; text_line_height=&#8221;1.8em&#8221; text_orientation=&#8221;center&#8221; text_text_shadow_style=&#8221;preset1&#8243; global_colors_info=&#8221;{}&#8221;]<\/p>\n<p>Uz\u0146\u0113mum\u0101 FMP m\u0113s specializ\u0113jamies pla\u0161a kl\u0101sta iekr\u0101v\u0113ju hidraulisko cilindru ra\u017eo\u0161an\u0101, kas ir kritiski svar\u012bgas sast\u0101vda\u013cas, kas nodro\u0161ina jaudu un precizit\u0101ti, kas nepiecie\u0161ama, lai efekt\u012bvi paceltu un nolaistu smagas kravas. M\u016bsu pla\u0161aj\u0101 kl\u0101st\u0101 ir da\u017e\u0101di veidi un specifik\u0101cijas, kas atbilst da\u017e\u0101diem iekr\u0101v\u0113ju mode\u013ciem un nozares vajadz\u012bb\u0101m. M\u0113s pied\u0101v\u0101jam ar\u012b piel\u0101go\u0161anas pakalpojumus, lai apmierin\u0101tu unik\u0101las pras\u012bbas, nodro\u0161inot, ka katrs klients sa\u0146em personaliz\u0113tu risin\u0101jumu. Ja m\u016bsu produktu sarakst\u0101 nevarat atrast konkr\u0113to nepiecie\u0161amo modeli, tas vienk\u0101r\u0161i noz\u012bm\u0113, ka mums v\u0113l nav bijusi iesp\u0113ja to iek\u013caut sarakst\u0101. L\u016bdzu, rakstiet mums e-pastu ar sav\u0101m pras\u012bb\u0101m, un m\u016bsu kvalific\u0113tie in\u017eenieri atbild\u0113s 24 stundu laik\u0101, lai pal\u012bdz\u0113tu jums atrast vai izveidot perfektu hidraulisko cilindru j\u016bsu iekr\u0101v\u0113jam.<\/p>\n<p>[\/et_pb_text][\/et_pb_column][\/et_pb_row][\/et_pb_section][et_pb_section fb_built=&#8221;1&#8243; _builder_version=&#8221;4.27.4&#8243; _module_preset=&#8221;default&#8221; global_colors_info=&#8221;{}&#8221;][et_pb_row _builder_version=&#8221;4.27.4&#8243; _module_preset=&#8221;default&#8221; global_colors_info=&#8221;{}&#8221;][et_pb_column type=&#8221;4_4&#8243; _builder_version=&#8221;4.27.4&#8243; _module_preset=&#8221;default&#8221; global_colors_info=&#8221;{}&#8221;][et_pb_shop type=&#8221;product_category&#8221; include_categories=&#8221;20&#8243; columns_number=&#8221;3&#8243; _builder_version=&#8221;4.27.4&#8243; _module_preset=&#8221;default&#8221; global_colors_info=&#8221;{}&#8221;][\/et_pb_shop][\/et_pb_column][\/et_pb_row][et_pb_row _builder_version=&#8221;4.27.4&#8243; _module_preset=&#8221;default&#8221; column_structure=&#8221;1_2,1_2&#8243;][et_pb_column _builder_version=&#8221;4.27.4&#8243; _module_preset=&#8221;default&#8221; type=&#8221;1_2&#8243;][et_pb_image src=&#8221;https:\/\/fmp-components.com\/wp-content\/uploads\/2025\/03\/Forklift-Hydraulic-Cylinders-3.webp&#8221; _builder_version=&#8221;4.27.4&#8243; _module_preset=&#8221;default&#8221; alt=&#8221;Forklift-Hydraulic-Cylinders&#8221; title_text=&#8221;Forklift-Hydraulic-Cylinders-3&#8243; hover_enabled=&#8221;0&#8243; sticky_enabled=&#8221;0&#8243;][\/et_pb_image][\/et_pb_column][et_pb_column _builder_version=&#8221;4.27.4&#8243; _module_preset=&#8221;default&#8221; type=&#8221;1_2&#8243;][et_pb_text _builder_version=&#8221;4.27.4&#8243; _module_preset=&#8221;default&#8221; header_2_font=&#8221;Frank Ruhl Libre||||||||&#8221; header_2_font_size=&#8221;30px&#8221; header_3_font=&#8221;Frank Ruhl Libre||||||||&#8221; hover_enabled=&#8221;0&#8243; sticky_enabled=&#8221;0&#8243;]<\/p>\n<h2>Pla\u0161s hidraulisko cilindru kl\u0101sts<\/h2>\n<p>M\u0113s pied\u0101v\u0101jam pla\u0161u iekr\u0101v\u0113ju hidraulisko cilindru izv\u0113li, kas paredz\u0113ti da\u017e\u0101diem pielietojumiem. M\u016bsu produktu kl\u0101st\u0101 ietilpst:<\/p>\n<p><strong>Vienvirziena darb\u012bbas cilindri:<\/strong> Ide\u0101li piem\u0113rots vienk\u0101r\u0161iem cel\u0161anas uzdevumiem.<br \/><strong>Divk\u0101r\u0161as darb\u012bbas cilindri:<\/strong> Lieliski piem\u0113rots lietojumiem, kuriem nepiecie\u0161ams sp\u0113ks abos virzienos.<br \/><strong>Teleskopiskie cilindri:<\/strong> Lieliski piem\u0113rots pla\u0161ai sasniedzam\u012bbai un kompaktai uzglab\u0101\u0161anai.<br \/><strong>Tand\u0113ma cilindri:<\/strong> Rad\u012bts uzlabotai jaudai un stabilit\u0101tei pras\u012bg\u0101s oper\u0101cij\u0101s.<br \/>M\u016bsu cilindri ir pieejami pla\u0161\u0101 formu un izm\u0113ru kl\u0101st\u0101, un tie ir izstr\u0101d\u0101ti, lai atbilstu da\u017e\u0101du iek\u0101rtu vajadz\u012bb\u0101m \u2014 neatkar\u012bgi no t\u0101, vai tas ir cel\u0161anas, noliek\u0161anas vai s\u0101nu p\u0101rvieto\u0161anas darbiem. Neatkar\u012bgi no j\u016bsu pielietojuma, FMP pied\u0101v\u0101 perfektu risin\u0101jumu.<\/p>\n<p>[\/et_pb_text][\/et_pb_column][\/et_pb_row][et_pb_row _builder_version=&#8221;4.27.4&#8243; _module_preset=&#8221;default&#8221;][et_pb_column _builder_version=&#8221;4.27.4&#8243; _module_preset=&#8221;default&#8221; type=&#8221;4_4&#8243;][et_pb_text _builder_version=&#8221;4.27.4&#8243; _module_preset=&#8221;default&#8221; hover_enabled=&#8221;0&#8243; sticky_enabled=&#8221;0&#8243; header_3_font=&#8221;Frank Ruhl Libre||||||||&#8221; header_3_font_size=&#8221;25px&#8221; text_font_size=&#8221;15px&#8221;]<\/p>\n<h3>\u0100tra pieg\u0101de un pla\u0161s pre\u010du kl\u0101sts<\/h3>\n<p>D\u012bkst\u0101ve maks\u0101 naudu, un FMP m\u0113s esam ap\u0146\u0113mu\u0161ies nodro\u0161in\u0101t j\u016bsu darb\u012bbas netrauc\u0113tu norisi. M\u0113s uzturam lielu hidraulisko cilindru, k\u0101 ar\u012b rezerves da\u013cu un piederumu kr\u0101jumu, nodro\u0161inot \u0101tru pieg\u0101di, lai apmierin\u0101tu j\u016bsu steidzam\u0101s vajadz\u012bbas. Izv\u0113loties FMP, j\u016bs varat pa\u013cauties uz \u0101tru un uzticamu apkalpo\u0161anu katru reizi.<\/p>\n<p>[\/et_pb_text][\/et_pb_column][\/et_pb_row][\/et_pb_section][et_pb_section fb_built=&#8221;1&#8243; theme_builder_area=&#8221;post_content&#8221; _builder_version=&#8221;4.27.4&#8243; _module_preset=&#8221;default&#8221; alt=&#8221;Forklift-Hydraulic-Cylinders&#8221; title_text=&#8221;Forklift-Hydraulic-Cylinders-1&#8243; background_image=&#8221;https:\/\/fmp-components.com\/wp-content\/uploads\/2025\/03\/Forklift-Hydraulic-Cylinders-1.webp&#8221; hover_enabled=&#8221;0&#8243; sticky_enabled=&#8221;0&#8243; min_height=&#8221;320px&#8221;][et_pb_row _builder_version=&#8221;4.27.4&#8243; _module_preset=&#8221;default&#8221; theme_builder_area=&#8221;post_content&#8221; background_color=&#8221;rgba(0,0,0,0.28)&#8221; hover_enabled=&#8221;0&#8243; sticky_enabled=&#8221;0&#8243;][et_pb_column _builder_version=&#8221;4.27.4&#8243; _module_preset=&#8221;default&#8221; type=&#8221;4_4&#8243; theme_builder_area=&#8221;post_content&#8221;][et_pb_text _builder_version=&#8221;4.27.4&#8243; _module_preset=&#8221;default&#8221; theme_builder_area=&#8221;post_content&#8221; text_font_size=&#8221;16px&#8221; text_line_height=&#8221;2em&#8221; text_text_color=&#8221;#FFFFFF&#8221; hover_enabled=&#8221;0&#8243; sticky_enabled=&#8221;0&#8243; header_3_font=&#8221;Frank Ruhl Libre||||||||&#8221; header_3_text_color=&#8221;#FFFFFF&#8221; custom_margin=&#8221;0px|||30px|false|false&#8221; header_3_font_size=&#8221;30px&#8221;]<\/p>\n<h3 style=\"text-align: center;\">K\u0101p\u0113c izv\u0113l\u0113ties FMP?<\/h3>\n<p style=\"text-align: left;\"><strong>Ra\u017eots It\u0101lij\u0101:<\/strong>\u00a0 Izcila meistar\u012bba no m\u016bsu It\u0101lijas r\u016bpn\u012bcas.<br \/>Daudzpus\u012bgas iesp\u0113jas: pla\u0161s cilindru kl\u0101sts ikvienam pielietojumam.<br \/><strong>Eksperta padoms:\u00a0<\/strong> Profesion\u0101ls atbalsts no m\u016bsu zino\u0161\u0101s komandas.<br \/><strong>\u0100trs serviss:<\/strong>\u00a0 Liels kr\u0101jums un \u0101tra pieg\u0101de, lai samazin\u0101tu d\u012bkst\u0101ves laiku.<br \/><strong>Piel\u0101gota piegul\u0113\u0161ana:<\/strong>\u00a0 Individu\u0101li risin\u0101jumi, kas piel\u0101goti j\u016bsu iek\u0101rt\u0101m un nozarei.<br \/>Ja mekl\u0113jat augstas veiktsp\u0113jas iekr\u0101v\u0113ju hidrauliskos cilindrus, kuru pamat\u0101 ir it\u0101\u013cu pieredze, FMP ir \u012bst\u0101 izv\u0113le. Sazinieties ar mums jau \u0161odien, lai iepaz\u012btos ar m\u016bsu kl\u0101stu un uzzin\u0101tu, k\u0101 m\u0113s varam atbalst\u012bt j\u016bsu biznesu ar kvalitat\u012bviem produktiem un izcilu apkalpo\u0161anu!<\/p>\n<p>[\/et_pb_teksts][\/et_pb_kolumna][\/et_pb_rinda][\/et_pb_sekcija]<\/p>","protected":false},"excerpt":{"rendered":"<p>Forklift Hydraulic CylindersAt FMP Company, we specialize in producing a wide variety of Forklift Hydraulic Cylinders, critical components that deliver the power and precision required to lift and lower heavy loads efficiently. Our extensive range features diverse types and specifications to suit different forklift models and industry needs. We also offer customization services to meet [&hellip;]<\/p>","protected":false},"author":2,"featured_media":0,"parent":0,"menu_order":0,"comment_status":"closed","ping_status":"closed","template":"","meta":{"_et_pb_use_builder":"on","_et_pb_old_content":"","_et_gb_content_width":"","footnotes":""},"class_list":["post-286","page","type-page","status-publish","hentry"],"_links":{"self":[{"href":"https:\/\/fmp-components.com\/lv\/wp-json\/wp\/v2\/pages\/286","targetHints":{"allow":["GET"]}}],"collection":[{"href":"https:\/\/fmp-components.com\/lv\/wp-json\/wp\/v2\/pages"}],"about":[{"href":"https:\/\/fmp-components.com\/lv\/wp-json\/wp\/v2\/types\/page"}],"author":[{"embeddable":true,"href":"https:\/\/fmp-components.com\/lv\/wp-json\/wp\/v2\/users\/2"}],"replies":[{"embeddable":true,"href":"https:\/\/fmp-components.com\/lv\/wp-json\/wp\/v2\/comments?post=286"}],"version-history":[{"count":10,"href":"https:\/\/fmp-components.com\/lv\/wp-json\/wp\/v2\/pages\/286\/revisions"}],"predecessor-version":[{"id":7508,"href":"https:\/\/fmp-components.com\/lv\/wp-json\/wp\/v2\/pages\/286\/revisions\/7508"}],"wp:attachment":[{"href":"https:\/\/fmp-components.com\/lv\/wp-json\/wp\/v2\/media?parent=286"}],"curies":[{"name":"wp","href":"https:\/\/api.w.org\/{rel}","templated":true}]}}