{"id":1268,"date":"2024-12-22T07:25:55","date_gmt":"2024-12-22T07:25:55","guid":{"rendered":"https:\/\/fmp-components.com\/?page_id=8"},"modified":"2025-06-04T08:54:01","modified_gmt":"2025-06-04T08:54:01","slug":"gear-rack","status":"publish","type":"page","link":"https:\/\/fmp-components.com\/lv\/gear-rack\/","title":{"rendered":"P\u0101rnesumu plaukts"},"content":{"rendered":"<p>[et_pb_section fb_built=\u201d1\u2033 _builder_version=\u201d4.27.4\u2033 _module_preset=\u201ddefault\u201d use_background_color_gradient=\u201don\u201d background_color_gradient_stops=\u201drgba(8,40,9,0.07) 0%|rgba(8,40,9,0.3) 100%\u201d background_color_gradient_overlays_image=\u201don\u201d background_image=\u201dhttps:\/\/fmp-components.com\/wp-content\/uploads\/2024\/12\/gear-rack-banner.webp\u201d min_height=\u201d538px\u201d global_colors_info=\u201d{}\u201d][et_pb_row _builder_version=\u201d4.27.4\u2033 _module_preset=\u201ddefault\u201d global_colors_info=\u201d{}\u201d][et_pb_column type=\u201d4_4\u2033 _builder_version=\u201d4.27.4\u2033 _module_preset=\u201ddefault\u201d global_colors_info=\u201d{}\u201d][et_pb_text _builder_version=\u201d4.27.4\u2033 _module_preset=\u201ddefault\u201d header_font=\u201dFrank Ruhl Libre|500|||||||\u201d header_text_align=\u201dcenter\u201d header_text_color=\u201d#FFFFFF\u201d header_font_size=\u201d60px\u201d global_colors_info=\u201d{}\u201d]<\/p>\n<h1>P\u0101rnesums un plaukts<\/h1>\n<p>[\/et_pb_text][\/et_pb_column][\/et_pb_row][et_pb_row _builder_version=\u201d4.27.4\u2033 _module_preset=\u201dnoklus\u0113juma\u201d global_colors_info=\u201d{}\u201d][et_pb_column type=\u201d4_4\u2033 _builder_version=\u201d4.27.4\u2033 _module_preset=\u201dnoklus\u0113juma\u201d global_colors_info=\u201d{}\u201d][et_pb_text _builder_version=\u201d4.27.4\u2033 _module_preset=\u201dnoklus\u0113juma\u201d text_text_color=\u201d#FFFFFF\u201d text_font_size=\u201d16px\u201d text_line_height=\u201d1.8em\u201d text_text_shadow_style=\u201dpreset4\u2033 global_colors_info=\u201d{}\u201d]<\/p>\n<p>Zobrati un zobrati ir svar\u012bgas meh\u0101nisko sist\u0113mu sast\u0101vda\u013cas, kas rot\u0101cijas kust\u012bbu p\u0101rveido line\u0101r\u0101 kust\u012bb\u0101. Zobrati ar saviem zobainajiem profiliem sasl\u0113dzas ar zobratiem, lai nodro\u0161in\u0101tu prec\u012bzu kust\u012bbu un vad\u012bbu t\u0101d\u0101s lietojumprogramm\u0101s k\u0101 konveijeru sist\u0113mas, automobi\u013cu st\u016bres iek\u0101rtas un r\u016bpniecisk\u0101s iek\u0101rtas.<\/p>\n<p>FMP pied\u0101v\u0101 pla\u0161u zobratu un bag\u0101\u017enieku kl\u0101stu, lai apmierin\u0101tu da\u017e\u0101das lietojumprogrammu vajadz\u012bbas. M\u0113s pie\u0146emam ar\u012b individu\u0101lus pas\u016bt\u012bjumus, lai nodro\u0161in\u0101tu piel\u0101gotus risin\u0101jumus, kas atbilst j\u016bsu specifik\u0101cij\u0101m. Neatkar\u012bgi no t\u0101, vai jums ir nepiecie\u0161amas standarta deta\u013cas vai specializ\u0113tas konstrukcijas, FMP ir ap\u0146\u0113mies nodro\u0161in\u0101t augstas kvalit\u0101tes zobratu un bag\u0101\u017enieku risin\u0101jumus j\u016bsu projektiem.<\/p>\n<p>[\/et_pb_text][\/et_pb_column][\/et_pb_row][\/et_pb_section][et_pb_section fb_built=\u201d1\u2033 _builder_version=\u201d4.27.4\u2033 _module_preset=\u201dnoklus\u0113juma\u201d global_colors_info=\u201d{}\u201d][et_pb_row _builder_version=\u201d4.27.4\u2033 _module_preset=\u201dnoklus\u0113juma\u201d global_colors_info=\u201d{}\u201d][et_pb_column type=\u201d4_4\u2033 _builder_version=\u201d4.27.4\u2033 _module_preset=\u201dnoklus\u0113juma\u201d global_colors_info=\u201d{}\u201d][et_pb_text _builder_version=\u201d4.27.4\u2033 _module_preset=\u201dnoklus\u0113juma\u201d header_2_font=\u201dFrank Ruhl Libre|500|||||||\u201d header_2_text_align=\u201dcentr\u0101\u201d header_2_font_size=\u201d40px\u201d global_colors_info=\u201d{}\u201d]<\/p>\n<h2>Apr\u012bkojums<\/h2>\n<p>[\/et_pb_text][\/et_pb_column][\/et_pb_row][et_pb_row column_structure=\u201d1_4,1_4,1_4,1_4\u2033 _builder_version=\u201d4.27.4\u2033 _module_preset=\u201ddefault\u201d global_colors_info=\u201d{}\u201d][et_pb_column type=\u201d1_4\u2033 _builder_version=\u201d4.27.4\u2033 _module_preset=\u201ddefault\u201d global_colors_info=\u201d{}\u201d][et_pb_blurb title=\u201dKoniskais zobrats\u201d image=\u201dhttps:\/\/fmp-components.com\/wp-content\/uploads\/2024\/12\/Bevel-Gear.webp\u201d alt=\u201dKoniskais zobrats\u201d _builder_version=\u201d4.27.4\u2033 _module_preset=\u201ddefault\u201d header_text_align=\u201dcentrs\u201d hover_enabled=\u201d0\u2033 global_colors_info=\u201d{}\u201d url_new_window=\u201diesl\u0113gts\u201d link_option_url_new_window=\u201diesl\u0113gts\u201d link_option_url=\u201d@ET-DC@eyJkeW5hbWljIjp0cnVlLCJjb250ZW50IjoicG9zdF9saW5rX3VybF9wYWdlIiwic2V0dGluZ3MiOnsicG9zdF9pZCI6IjQzMjQifX0=@\u201d _dynamic_attributes=\u201dlink_option_url\u201d sticky_enabled=\u201d0\u2033][\/et_pb_blurb][\/et_pb_column][et_pb_column type=\u201d1_4\u2033 _builder_version=\u201d4.27.4\u2033 _module_preset=\u201dnoklus\u0113juma\u201d global_colors_info=\u201d{}\u201d][et_pb_blurb title=\u201dT\u0101rpa zobrats un t\u0101rpa v\u0101rpsta\u201d image=\u201dhttps:\/\/fmp-components.com\/wp-content\/uploads\/2024\/12\/Worm-Gear-and-Worm-Shaft.webp\u201d alt=\u201dT\u0101rpa zobrats un t\u0101rpa v\u0101rpsta\u201d _builder_version=\u201d4.27.4\u2033 _module_preset=\u201ddefault\u201d header_text_align=\u201dcenter\u201d hover_enabled=\u201d0\u2033 global_colors_info=\u201d{}\u201d link_option_url_new_window=\u201don\u201d link_option_url=\u201d@ET-DC@eyJkeW5hbWljIjp0cnVlLCJjb250ZW50IjoicG9zdF9saW5rX3VybF9wYWdlIiwic2V0dGluZ3MiOnsicG9zdF9pZCI6IjQ1MzQifX0=@\u201d _dynamic_attributes=\u201dlink_option_url\u201d sticky_enabled=\u201d0\u2033][\/et_pb_blurb][\/et_pb_column][et_pb_column type=\u201d1_4\u2033 _builder_version=\u201d4.27.4\u2033 _module_preset=\u201ddefault\u201d global_colors_info=\u201d{}\u201d][et_pb_blurb title=\u201dSpir\u0101lveida zobrats\u201d att\u0113ls = \u201dhttps:\/\/fmp-components.com\/wp-content\/uploads\/2024\/12\/Helical-Gear.webp\u201d alt = \u201d<br \/>\nSpir\u0101lveida zobrats\u201d _builder_version=\u201d4.27.4\u2033 _module_preset=\u201ddefault\u201d header_text_align=\u201dcenter\u201d hover_enabled=\u201d0\u2033 global_colors_info=\u201d{}\u201d url_new_window=\u201don\u201d link_option_url_new_window=\u201don\u201d link_option_url=\u201d@ET-DC@eyJkeW5hbWljIjp0cnVlLCJjb250ZW50IjoicG9zdF9saW5rX3VybF9wYWdlIiwic2V0dGluZ3MiOnsicG9zdF9pZCI6IjQ1NjkifX0=@\u201d _dynamic_attributes=\u201dlink_option_url\u201d sticky_enabled=\u201d0\u2033][\/et_pb_blurb][\/et_pb_column][et_pb_column type=\u201d1_4\u2033 _builder_version=\u201d4.27.4\u2033 _module_preset=\u201ddefault\u201d global_colors_info=\u201d{}\u201d][et_pb_blurb title=\u201dPiesk\u0101rda zobrats\u201d image=\u201dhttps:\/\/fmp-components.com\/wp-content\/uploads\/2024\/12\/Spur-Gear.webp\u201d alt=\u201dPiesk\u0101rda zobrats\u201d _builder_version=\u201d4.27.4\u2033 _module_preset=\u201ddefault\u201d header_text_align=\u201dcenter\u201d hover_enabled=\u201d0\u2033 global_colors_info=\u201d{}\u201d url_new_window=\u201don\u201d link_option_url_new_window=\u201don\u201d link_option_url=\u201d@ET-DC@eyJkeW5hbWljIjp0cnVlLCJjb250ZW50IjoicG9zdF9saW5rX3VybF9wYWdlIiwic2V0dGluZ3MiOnsicG9zdF9pZCI6IjQ2MDAifX0=@\u201d _dynamic_attributes=\u201dlink_option_url\u201d sticky_enabled=\u201d0\u2033][\/et_pb_blurb][\/et_pb_column][\/et_pb_row][et_pb_row column_structure=\u201d1_4,1_4,1_4,1_4\u2033 _builder_version=\u201d4.27.4\u2033 _module_preset=\u201ddefault\u201d global_colors_info=\u201d{}\u201d][et_pb_column type=\u201d1_4\u2033 _builder_version=\u201d4.27.4\u2033 _module_preset=\u201ddefault\u201d global_colors_info=\u201d{}\u201d][et_pb_blurb title=\u201dPlanet\u0101rais zobrats (epicikliskais zobrats)\u201d image=\u201dhttps:\/\/fmp-components.com\/wp-content\/uploads\/2024\/12\/Planetary-Gear-Epicyclic-Gear.webp\u201d alt=\u201dPlanet\u0101rais zobrats (epicikliskais zobrats)\u201d _builder_version=\u201d4.27.4\u2033 _module_preset=\u201ddefault\u201d header_text_align=\u201dcenter\u201d hover_enabled=\u201d0\u2033 global_colors_info=\u201d{}\u201d url_new_window=\u201don\u201d link_option_url_new_window=\u201don\u201d link_option_url=\u201d@ET-DC@eyJkeW5hbWljIjp0cnVlLCJjb250ZW50IjoicG9zdF9saW5rX3VybF9wYWdlIiwic2V0dGluZ3MiOnsicG9zdF9pZCI6IjQ2MTkifX0=@\u201d _dynamic_attributes=\u201dlink_option_url\u201d sticky_enabled=\u201d0\u2033][\/et_pb_blurb][\/et_pb_column][et_pb_column type=\u201d1_4\u2033 _builder_version=\u201d4.27.4\u2033 _module_preset=\u201ddefault\u201d global_colors_info=\u201d{}\u201d][et_pb_blurb title=\u201dIek\u0161\u0113jais zobrats (gredzena zobrats)\u201d image=\u201dhttps:\/\/fmp-components.com\/wp-content\/uploads\/2024\/12\/Internal-Gear-Ring-Gear.webp\u201d alt=\u201dIek\u0161\u0113jais zobrats (gredzenveida zobrats)\u201d _builder_version=\u201d4.27.4\u2033 _module_preset=\u201ddefault\u201d header_text_align=\u201dcenter\u201d hover_enabled=\u201d0\u2033 global_colors_info=\u201d{}\u201d link_option_url_new_window=\u201don\u201d link_option_url=\u201d@ET-DC@eyJkeW5hbWljIjp0cnVlLCJjb250ZW50IjoicG9zdF9saW5rX3VybF9wYWdlIiwic2V0dGluZ3MiOnsicG9zdF9pZCI6IjQ2MjkifX0=@\u201d _dynamic_attributes=\u201dsaites_opcijas_url\u201d sticky_enabled=\u201d0\u2033][\/et_pb_blurb][\/et_pb_column][et_pb_column type=\u201d1_4\u2033 _builder_version=\u201d4.27.4\u2033 _module_preset=\u201ddefault\u201d global_colors_info=\u201d{}\u201d][et_pb_blurb title=\u201dPlastmasas zobrati\u201d image=\u201dhttps:\/\/fmp-components.com\/wp-content\/uploads\/2024\/12\/Plastic-Gear.webp\u201d alt=\u201dPlastmasas zobrati\u201d _builder_version=\u201d4.27.4\u2033 _module_preset=\u201ddefault\u201d header_text_align=\u201dcenter\u201d hover_enabled=\u201d0\u2033 global_colors_info=\u201d{}\u201d url_new_window=\u201don\u201d link_option_url_new_window=\u201don\u201d link_option_url=\u201d@ET-DC@eyJkeW5hbWljIjp0cnVlLCJjb250ZW50IjoicG9zdF9saW5rX3VybF9wYWdlIiwic2V0dGluZ3MiOnsicG9zdF9pZCI6IjQ2NTMifX0=@\u201d _dynamic_attributes=\u201dlink_option_url\u201d sticky_enabled=\u201d0\u2033][\/et_pb_blurb][\/et_pb_column][et_pb_column type=\u201d1_4\u2033 _builder_version=\u201d4.27.4\u2033 _module_preset=\u201ddefault\u201d global_colors_info=\u201d{}\u201d][et_pb_blurb title=\u201dLe\u0146\u0137a zobrats\u201d image=\u201dhttps:\/\/fmp-components.com\/wp-content\/uploads\/2024\/12\/Miter-Gear.webp\u201d alt=\u201dLe\u0146\u0137iskais zobrats\u201d _builder_version=\u201d4.27.4\u2033 _module_preset=\u201ddefault\u201d header_text_align=\u201dcenter\u201d hover_enabled=\u201d0\u2033 global_colors_info=\u201d{}\u201d url_new_window=\u201don\u201d link_option_url_new_window=\u201don\u201d link_option_url=\u201d@ET-DC@eyJkeW5hbWljIjp0cnVlLCJjb250ZW50IjoicG9zdF9saW5rX3VybF9wYWdlIiwic2V0dGluZ3MiOnsicG9zdF9pZCI6IjQ2OTQifX0=@\u201d _dynamic_attributes=\u201dlink_option_url\u201d sticky_enabled=\u201d0\u2033][\/et_pb_blurb][\/et_pb_column][\/et_pb_row][et_pb_row column_structure=\u201d1_4,1_4,1_4,1_4,1_4\u2033 _builder_version=\u201d4.27.4\u2033 _module_preset=\u201ddefault\u201d global_colors_info=\u201d{}\u201d][et_pb_column type=\u201d1_4\u2033 _builder_version=\u201d4.27.4\u2033 _module_preset=\u201ddefault\u201d global_colors_info=\u201d{}\u201d][et_pb_blurb title=\u201dSkr\u016bvmeh\u0101nisms\u201d image=\u201dhttps:\/\/fmp-components.com\/wp-content\/uploads\/2024\/12\/Screw-Gear.webp\u201d alt=\u201dSkr\u016bvmeh\u0101nisms\u201d _builder_version=\u201d4.27.4\u2033 _module_preset=\u201ddefault\u201d header_text_align=\u201dcentrs\u201d hover_enabled=\u201d0\u2033 global_colors_info=\u201d{}\u201d url_new_window=\u201diesl\u0113gts\u201d link_option_url_new_window=\u201diesl\u0113gts\u201d link_option_url=\u201d@ET-DC@eyJkeW5hbWljIjp0cnVlLCJjb250ZW50IjoicG9zdF9saW5rX3VybF9wYWdlIiwic2V0dGluZ3MiOnsicG9zdF9pZCI6IjQ3MjgifX0=@\u201d _dynamic_attributes=\u201dlink_option_url\u201d sticky_enabled=\u201d0\u2033][\/et_pb_blurb][\/et_pb_column][et_pb_column type=\u201d1_4\u2033 _builder_version=\u201d4.27.4\u2033 _module_preset=\u201dnoklus\u0113juma\u201d global_colors_info=\u201d{}\u201d][et_pb_blurb title=\u201dElektromobi\u013cu p\u0101rnesumi\u201d image=\u201dhttps:\/\/fmp-components.com\/wp-content\/uploads\/2024\/12\/Electric-Car-Gears.webp\u201d alt=\u201dElektromobi\u013cu p\u0101rnesumi\u201d _builder_version=\u201d4.27.4\u2033 _module_preset=\u201ddefault\u201d header_text_align=\u201dcenter\u201d hover_enabled=\u201d0\u2033 global_colors_info=\u201d{}\u201d url_new_window=\u201don\u201d link_option_url_new_window=\u201don\u201d link_option_url=\u201d@ET-DC@eyJkeW5hbWljIjp0cnVlLCJjb250ZW50IjoicG9zdF9saW5rX3VybF9wYWdlIiwic2V0dGluZ3MiOnsicG9zdF9pZCI6IjQ3NDUifX0=@\u201d _dynamic_attributes=\u201dlink_option_url\u201d sticky_enabled=\u201d0\u2033][\/et_pb_blurb][\/et_pb_column][et_pb_column type=\u201d1_4\u2033 _builder_version=\u201d4.27.4\u2033 _module_preset=\u201ddefault\u201d global_colors_info=\u201d{}\u201d][\/et_pb_column][et_pb_column type=\u201d1_4\u2033 _builder_version=\u201d4.27.4\u2033 _module_preset=\u201dnoklus\u0113juma\u201d global_colors_info=\u201d{}\u201d][\/et_pb_column][\/et_pb_row][et_pb_row _builder_version=\u201d4.27.4\u2033 _module_preset=\u201dnoklus\u0113juma\u201d global_colors_info=\u201d{}\u201d][et_pb_column type=\u201d4_4\u2033 _builder_version=\u201d4.27.4\u2033 _module_preset=\u201dnoklus\u0113juma\u201d global_colors_info=\u201d{}\u201d][et_pb_text _builder_version=\u201d4.27.4\u2033 _module_preset=\u201dnoklus\u0113juma\u201d header_2_font=\u201dFrank Ruhl Libre|500|||||||\u201d header_2_text_align=\u201dcentr\u0101\u201d header_2_font_size=\u201d40px\u201d global_colors_info=\u201d{}\u201d]<\/p>\n<h2>P\u0101rnesumu plaukts<\/h2>\n<p>[\/et_pb_text][\/et_pb_column][\/et_pb_row][et_pb_row column_structure=\u201d1_4,1_4,1_4,1_4\u2033 _builder_version=\u201d4.27.4\u2033 _module_preset=\u201ddefault\u201d global_colors_info=\u201d{}\u201d][et_pb_column type=\u201d1_4\u2033 _builder_version=\u201d4.27.4\u2033 _module_preset=\u201ddefault\u201d global_colors_info=\u201d{}\u201d][et_pb_blurb title=\u201dTaisni zobrati\u201d image=\u201dhttps:\/\/fmp-components.com\/wp-content\/uploads\/2024\/12\/Straight-Gear-Racks.webp\u201d alt=\u201dTaisni zobrati\u201d _builder_version=\u201d4.27.4\u2033 _module_preset=\u201dnoklus\u0113juma\u201d header_text_align=\u201dcentr\u0101\u201d hover_enabled=\u201d0\u2033 global_colors_info=\u201d{}\u201d url_new_window=\u201diesl\u0113gts\u201d link_option_url_new_window=\u201diesl\u0113gts\u201d link_option_url=\u201d@ET-DC@eyJkeW5hbWljIjp0cnVlLCJjb250ZW50IjoicG9zdF9saW5rX3VybF9wcm9kdWN0Iiwic2V0dGluZ3MiOnsicG9zdF9pZCI6Ijc5NzgifX0=\u201d@\u201d _dynamic_attributes=\u201dlink_option_url\u201d sticky_enabled=\u201d0\u2033][\/et_pb_blurb][\/et_pb_column][et_pb_column type=\u201d1_4\u2033 _builder_version=\u201d4.27.4\u2033 _module_preset=\u201ddefault\u201d global_colors_info=\u201d{}\u201d][et_pb_blurb title=\u201dSpir\u0101lveida zobrati\u201d image=\u201dhttps:\/\/fmp-components.com\/wp-content\/uploads\/2024\/12\/Helical-Gear-Racks.webp\u201d alt=\u201dSpir\u0101lveida zobrati\u201d _builder_version=\u201d4.27.4\u2033 _module_preset=\u201ddefault\u201d header_text_align=\u201dcenter\u201d hover_enabled=\u201d0\u2033 global_colors_info=\u201d{}\u201d url_new_window=\u201don\u201d link_option_url_new_window=\u201don\u201d link_option_url=\u201d@ET-DC@eyJkeW5hbWljIjp0cnVlLCJjb250ZW50IjoicG9zdF9saW5rX3VybF9wcm9kdWN0Iiwic2V0dGluZ3MiOnsicG9zdF9pZCI6IjQ3NjkifX0=@\u201d _dynamic_attributes=\u201dlink_option_url\u201d sticky_enabled=\u201d0\u2033][\/et_pb_blurb][\/et_pb_column][et_pb_column type=\u201d1_4\u2033 _builder_version=\u201d4.27.4\u2033 _module_preset=\u201ddefault\u201d global_colors_info=\u201d{}\u201d][et_pb_blurb title=\u201dApa\u013ci zobrati\u201d image=\u201dhttps:\/\/fmp-components.com\/wp-content\/uploads\/2024\/12\/Round-Gear-Racks.webp\u201d alt=\u201dApa\u013ci zobrati\u201d _builder_version=\u201d4.27.4\u2033 _module_preset=\u201ddefault\u201d header_text_align=\u201dcenter\u201d hover_enabled=\u201d0\u2033 global_colors_info=\u201d{}\u201d url_new_window=\u201don\u201d link_option_url_new_window=\u201don\u201d link_option_url=\u201d@ET-DC@eyJkeW5hbWljIjp0cnVlLCJjb250ZW50IjoicG9zdF9saW5rX3VybF9wcm9kdWN0Iiwic2V0dGluZ3MiOnsicG9zdF9pZCI6IjQ3NzMifX0=@\u201d _dynamic_attributes=\u201dlink_option_url\u201d sticky_enabled=\u201d0\u2033][\/et_pb_blurb][\/et_pb_column][et_pb_column type=\u201d1_4\u2033 _builder_version=\u201d4.27.4\u2033 _module_preset=\u201ddefault\u201d global_colors_info=\u201d{}\u201d][et_pb_blurb title=\u201dIzliekti zobrati\u201d image=\u201dhttps:\/\/fmp-components.com\/wp-content\/uploads\/2024\/12\/Curved-Gear-Racks.webp\u201d alt=\u201dIzliekti zobrati\u201d _builder_version=\u201d4.27.4\u2033 _module_preset=\u201ddefault\u201d header_text_align=\u201dcenter\u201d hover_enabled=\u201d0\u2033 global_colors_info=\u201d{}\u201d url_new_window=\u201don\u201d link_option_url_new_window=\u201diesl\u0113gts\u201d link_option_url=\u201d@ET-DC@eyJkeW5hbWljIjp0cnVlLCJjb250ZW50IjoicG9zdF9saW5rX3VybF9wcm9kdWN0Iiwic2V0dGluZ3MiOnsicG9zdF9pZCI6IjQ3NzcifX0=@\u201d _dynamic_attributes=\u201dlink_option_url\u201d sticky_enabled=\u201d0\u2033][\/et_pb_blurb][\/et_pb_column][\/et_pb_row][et_pb_row column_structure=\u201d1_4,1_4,1_4,1_4\u2033 _builder_version=\u201d4.27.4\u2033 _module_preset=\u201dnoklus\u0113juma\u201d global_colors_info=\u201d{}\u201d][et_pb_column type=\u201d1_4\u2033 _builder_version=\u201d4.27.4\u2033 _module_preset=\u201ddefault\u201d global_colors_info=\u201d{}\u201d][et_pb_blurb title=\u201dPlastmasas zobrati\u201d image=\u201dhttps:\/\/fmp-components.com\/wp-content\/uploads\/2024\/12\/Plastic-Gear-Racks.webp\u201d alt=\u201dPlastmasas zobrati\u201d _builder_version=\u201d4.27.4\u2033 _module_preset=\u201ddefault\u201d header_text_align=\u201dcenter\u201d hover_enabled=\u201d0\u2033 global_colors_info=\u201d{}\u201d url_new_window=\u201don\u201d link_option_url_new_window=\u201don\u201d link_option_url=\u201d@ET-DC@eyJkeW5hbWljIjp0cnVlLCJjb250ZW50IjoicG9zdF9saW5rX3VybF9wcm9kdWN0Iiwic2V0dGluZ3MiOnsicG9zdF9pZCI6IjgwMDUifX0=@\u201d _dynamic_attributes=\u201dlink_option_url\u201d sticky_enabled=\u201d0\u2033][\/et_pb_blurb][\/et_pb_column][et_pb_column type=\u201d1_4\u2033 _builder_version=\u201d4.27.4\u2033 _module_preset=\u201ddefault\u201d global_colors_info=\u201d{}\u201d][et_pb_blurb title=\u201dB\u012bd\u0101mo v\u0101rtu zobrati\u201d image=\u201dhttps:\/\/fmp-components.com\/wp-content\/uploads\/2024\/12\/Gear-Racks-for-Construction.webp\u201d alt=\u201dB\u012bd\u0101mo v\u0101rtu zobrati\u201d _builder_version=\u201d4.27.4\u2033 _module_preset=\u201ddefault\u201d header_text_align=\u201dcenter\u201d hover_enabled=\u201d0\u2033 global_colors_info=\u201d{}\u201d url_new_window=\u201don\u201d link_option_url_new_window=\u201don\u201d link_option_url=\u201d@ET-DC@eyJkeW5hbWljIjp0cnVlLCJjb250ZW50IjoicG9zdF9saW5rX3VybF9wYWdlIiwic2V0dGluZ3MiOnsicG9zdF9pZCI6IjQ4NDYifX0=@\u201d _dynamic_attributes=\u201dlink_option_url\u201d sticky_enabled=\u201d0\u2033][\/et_pb_blurb][\/et_pb_column][et_pb_column type=\u201d1_4\u2033 _builder_version=\u201d4.27.4\u2033 _module_preset=\u201ddefault\u201d global_colors_info=\u201d{}\u201d][et_pb_blurb title=\u201dZobratu balsti b\u016bvniec\u012bbai\u201d url=\u201dhttps:\/\/fmp-components.com\/en\/gear-rack-for-construction-machinery\u201d image=\u201dhttps:\/\/fmp-components.com\/wp-content\/uploads\/2025\/01\/Gear-Rack-for-Construction-Lifting-Elevator-2.webp\u201d alt=\u201dZobratu balsts b\u016bvniec\u012bbas liftam\u201d _builder_version=\u201d4.27.4\u2033 _module_preset=\u201ddefault\u201d header_text_align=\u201dcenter\u201d global_colors_info=\u201d{}\u201d][\/et_pb_blurb][\/et_pb_column][et_pb_column type=\u201d1_4\u2033 _builder_version=\u201d4.27.4\u2033 _module_preset=\u201ddefault\u201d global_colors_info=\u201d{}\u201d][\/et_pb_column][\/et_pb_row][\/et_pb_section]<\/p>","protected":false},"excerpt":{"rendered":"<p>Zobrati un zobratiZobrati un zobrati ir svar\u012bgas meh\u0101nisko sist\u0113mu sast\u0101vda\u013cas, kas p\u0101rveido rot\u0101cijas kust\u012bbu line\u0101r\u0101 kust\u012bb\u0101. Zobrati ar saviem zobainajiem profiliem sasl\u0113dzas ar zobratiem, lai nodro\u0161in\u0101tu prec\u012bzu kust\u012bbu un vad\u012bbu t\u0101d\u0101s lietojumprogramm\u0101s k\u0101 konveijeru sist\u0113mas, automobi\u013cu st\u016bres iek\u0101rtas un r\u016bpniecisk\u0101s iek\u0101rtas. FMP m\u0113s pied\u0101v\u0101jam pla\u0161u zobratu un zobratu kl\u0101stu, lai [\u2026]<\/p>","protected":false},"author":2,"featured_media":0,"parent":0,"menu_order":0,"comment_status":"closed","ping_status":"closed","template":"","meta":{"_et_pb_use_builder":"on","_et_pb_old_content":"","_et_gb_content_width":"","footnotes":""},"class_list":["post-1268","page","type-page","status-publish","hentry"],"_links":{"self":[{"href":"https:\/\/fmp-components.com\/lv\/wp-json\/wp\/v2\/pages\/1268","targetHints":{"allow":["GET"]}}],"collection":[{"href":"https:\/\/fmp-components.com\/lv\/wp-json\/wp\/v2\/pages"}],"about":[{"href":"https:\/\/fmp-components.com\/lv\/wp-json\/wp\/v2\/types\/page"}],"author":[{"embeddable":true,"href":"https:\/\/fmp-components.com\/lv\/wp-json\/wp\/v2\/users\/2"}],"replies":[{"embeddable":true,"href":"https:\/\/fmp-components.com\/lv\/wp-json\/wp\/v2\/comments?post=1268"}],"version-history":[{"count":23,"href":"https:\/\/fmp-components.com\/lv\/wp-json\/wp\/v2\/pages\/1268\/revisions"}],"predecessor-version":[{"id":8154,"href":"https:\/\/fmp-components.com\/lv\/wp-json\/wp\/v2\/pages\/1268\/revisions\/8154"}],"wp:attachment":[{"href":"https:\/\/fmp-components.com\/lv\/wp-json\/wp\/v2\/media?parent=1268"}],"curies":[{"name":"wp","href":"https:\/\/api.w.org\/{rel}","templated":true}]}}