{"id":1162,"date":"2024-12-20T01:38:48","date_gmt":"2024-12-20T01:38:48","guid":{"rendered":"https:\/\/fmp-components.com\/?page_id=8"},"modified":"2025-07-22T03:14:30","modified_gmt":"2025-07-22T03:14:30","slug":"planetary-gearbox","status":"publish","type":"page","link":"https:\/\/fmp-components.com\/lv\/planetary-gearbox\/","title":{"rendered":"Plan\u0113tu p\u0101rnesumk\u0101rba"},"content":{"rendered":"<p>[et_pb_section fb_built=&#8221;1&#8243; _builder_version=&#8221;4.27.4&#8243; _module_preset=&#8221;default&#8221; use_background_color_gradient=&#8221;on&#8221; background_color_gradient_stops=&#8221;rgba(4,40,4,0.07) 0%|rgba(8,40,9,0.33) 100%&#8221; background_color_gradient_overlays_image=&#8221;on&#8221; background_image=&#8221;https:\/\/fmp-components.com\/wp-content\/uploads\/2024\/12\/planetary-gearbox-banner.webp&#8221; min_height=&#8221;509px&#8221; global_colors_info=&#8221;{}&#8221;][et_pb_row _builder_version=&#8221;4.27.4&#8243; _module_preset=&#8221;default&#8221; global_colors_info=&#8221;{}&#8221;][et_pb_column type=&#8221;4_4&#8243; _builder_version=&#8221;4.27.4&#8243; _module_preset=&#8221;default&#8221; global_colors_info=&#8221;{}&#8221;][et_pb_text _builder_version=&#8221;4.27.4&#8243; _module_preset=&#8221;default&#8221; header_font=&#8221;Frank Ruhl Libre|500|||||||&#8221; header_text_align=&#8221;center&#8221; header_text_color=&#8221;#FFFFFF&#8221; header_font_size=&#8221;65px&#8221; header_text_shadow_style=&#8221;preset1&#8243; global_colors_info=&#8221;{}&#8221;]<\/p>\n<h1>Plan\u0113tu p\u0101rnesumk\u0101rba<\/h1>\n<p>[\/et_pb_text][\/et_pb_column][\/et_pb_row][et_pb_row _builder_version=&#8221;4.27.4&#8243; _module_preset=&#8221;default&#8221; global_colors_info=&#8221;{}&#8221;][et_pb_column type=&#8221;4_4&#8243; _builder_version=&#8221;4.27.4&#8243; _module_preset=&#8221;default&#8221; global_colors_info=&#8221;{}&#8221;][et_pb_text _builder_version=&#8221;4.27.4&#8243; _module_preset=&#8221;default&#8221; text_text_color=&#8221;#FFFFFF&#8221; text_font_size=&#8221;16px&#8221; text_line_height=&#8221;1.8em&#8221; text_text_shadow_style=&#8221;preset1&#8243; global_colors_info=&#8221;{}&#8221;]<\/p>\n<p>Plan\u0113tu p\u0101rnesumk\u0101rba sast\u0101v no centr\u0101l\u0101 saules zobrata, vair\u0101kiem plan\u0113tu zobratiem un \u0101r\u0113j\u0101 gredzena zobrata, kas nodro\u0161ina augstu griezes momenta bl\u012bvumu un kompaktu dizainu. \u0160\u012b konfigur\u0101cija padara to ide\u0101li piem\u0113rotu lietojumiem, kuros nepiecie\u0161ama prec\u012bza \u0101truma samazin\u0101\u0161ana un palielin\u0101ts griezes moments, un to parasti izmanto robotik\u0101, automobi\u013cos un r\u016bpnieciskaj\u0101s iek\u0101rt\u0101s.<\/p>\n<p>FMP pied\u0101v\u0101 pla\u0161u planet\u0101ro p\u0101rnesumk\u0101rbu kl\u0101stu un pie\u0146em piel\u0101gotus pas\u016bt\u012bjumus, lai apmierin\u0101tu j\u016bsu \u012bpa\u0161\u0101s pras\u012bbas. Neatkar\u012bgi no t\u0101, vai jums nepiecie\u0161ami standarta vai specializ\u0113ti risin\u0101jumi, FMP ir ap\u0146\u0113mies pieg\u0101d\u0101t augstas kvalit\u0101tes p\u0101rnesumk\u0101rbas, kas piel\u0101gotas j\u016bsu vajadz\u012bb\u0101m.<\/p>\n<p>[\/et_pb_text][\/et_pb_column][\/et_pb_row][\/et_pb_section][et_pb_section fb_built=&#8221;1&#8243; _builder_version=&#8221;4.27.4&#8243; _module_preset=&#8221;default&#8221; custom_padding=&#8221;||5px|||&#8221; global_colors_info=&#8221;{}&#8221;][et_pb_row _builder_version=&#8221;4.27.4&#8243; _module_preset=&#8221;default&#8221; global_colors_info=&#8221;{}&#8221;][et_pb_column type=&#8221;4_4&#8243; _builder_version=&#8221;4.27.4&#8243; _module_preset=&#8221;default&#8221; global_colors_info=&#8221;{}&#8221;][et_pb_text _builder_version=&#8221;4.27.4&#8243; _module_preset=&#8221;default&#8221; header_2_font=&#8221;Frank Ruhl Libre||||||||&#8221; header_2_text_align=&#8221;center&#8221; header_2_font_size=&#8221;40px&#8221; global_colors_info=&#8221;{}&#8221;]<\/p>\n<h2>Plan\u0113tu p\u0101rnesumk\u0101rba<\/h2>\n<p>[\/et_pb_text][\/et_pb_column][\/et_pb_row][et_pb_row column_structure=&#8221;1_3,1_3,1_3&#8243; _builder_version=&#8221;4.27.4&#8243; _module_preset=&#8221;default&#8221; global_colors_info=&#8221;{}&#8221;][et_pb_column type=&#8221;1_3&#8243; _builder_version=&#8221;4.27.4&#8243; _module_preset=&#8221;default&#8221; global_colors_info=&#8221;{}&#8221;][et_pb_image src=&#8221;https:\/\/fmp-components.com\/wp-content\/uploads\/2025\/01\/Track-Drive.webp&#8221; alt=&#8221;Track-Drive&#8221; title_text=&#8221;Track-Drive&#8221; _builder_version=&#8221;4.27.4&#8243; _module_preset=&#8221;default&#8221; global_colors_info=&#8221;{}&#8221;][\/et_pb_image][et_pb_toggle title=&#8221;Track Drive&#8221; _builder_version=&#8221;4.27.4&#8243; _module_preset=&#8221;default&#8221; global_colors_info=&#8221;{}&#8221;]<\/p>\n<ul>\n<li><a href=\"https:\/\/fmp-components.com\/lv\/product\/wheel-drive-planetary-gearbox-reducer-for-access-plateform\/\">Plan\u0113tu p\u0101rnesumk\u0101rba piek\u013cuves platformai<\/a><\/li>\n<li><a href=\"https:\/\/fmp-components.com\/lv\/product\/wheel-drive-planetary-gearbox-reducer-for-rough-terrain-scissor-lift3679\/\">Plan\u0113tu p\u0101rnesumk\u0101rba nel\u012bdzenam reljefam <\/a><a href=\"https:\/\/fmp-components.com\/lv\/product\/wheel-drive-planetary-gearbox-reducer-for-road-reclaimers-and-grades\/\">\u0160\u0137\u0113res<\/a><\/li>\n<li><a href=\"https:\/\/fmp-components.com\/lv\/product\/wheel-drive-planetary-gearbox-reducer-for-road-reclaimers-and-grades\/\">Plan\u0113tu p\u0101rnesumk\u0101rba ce\u013cu atjauno\u0161anas un sl\u012bp\u0113\u0161anas darbiem<\/a><\/li>\n<li><a href=\"https:\/\/fmp-components.com\/lv\/product\/wheel-drive-planetary-gearbox-reducer-for-land-clearing-stone-crusher\/\">Plan\u0113tu p\u0101rnesumk\u0101rba zemes att\u012br\u012b\u0161anas akmens drupin\u0101t\u0101jam<\/a><\/li>\n<li><a href=\"https:\/\/fmp-components.com\/lv\/product\/wheel-drive-planetary-gearbox-reducer-for-cranes\/\">Plan\u0113tu p\u0101rnesumk\u0101rba celt\u0146iem<\/a><\/li>\n<\/ul>\n<p>[\/et_pb_toggle][\/et_pb_column][et_pb_column type=&#8221;1_3&#8243; _builder_version=&#8221;4.27.4&#8243; _module_preset=&#8221;default&#8221; global_colors_info=&#8221;{}&#8221;][et_pb_image src=&#8221;https:\/\/fmp-components.com\/wp-content\/uploads\/2024\/12\/Winch-Drive.webp&#8221; alt=&#8221;Winch Drive&#8221; title_text=&#8221;Winch Drive&#8221; _builder_version=&#8221;4.27.4&#8243; _module_preset=&#8221;default&#8221; global_colors_info=&#8221;{}&#8221;][\/et_pb_image][et_pb_toggle title=&#8221;Winch Drive&#8221; _builder_version=&#8221;4.27.4&#8243; _module_preset=&#8221;default&#8221; global_colors_info=&#8221;{}&#8221;]<\/p>\n<ul>\n<li>Plan\u0113tu p\u0101rnesumk\u0101rba enkura vin\u010dai<\/li>\n<li>Plan\u0113tu p\u0101rnesumk\u0101rba vilk\u0161anas vin\u010dai<\/li>\n<li>Plan\u0113tu p\u0101rnesumk\u0101rba j\u016bras b\u016bvniec\u012bbas ku\u0123im<\/li>\n<li>Plan\u0113tu p\u0101rnesumk\u0101rba j\u016bras platformai<\/li>\n<li>Plan\u0113tu p\u0101rnesumk\u0101rba urb\u0161anas platform\u0101m<\/li>\n<li>Plan\u0113tu p\u0101rnesumk\u0101rba me\u017esaimniec\u012bbas un me\u017eizstr\u0101des vin\u010dai<\/li>\n<li>Plan\u0113tu p\u0101rnesumk\u0101rba 3D noliktav\u0101m<\/li>\n<li>Plan\u0113tu p\u0101rnesumk\u0101rba m\u012bnu pacel\u0161anas iek\u0101rt\u0101m<\/li>\n<li>Plan\u0113tu p\u0101rnesumk\u0101rba liftam<\/li>\n<li>Plan\u0113tu p\u0101rnesumk\u0101rba cauru\u013cvadu lic\u0113jiem<\/li>\n<li>Plan\u0113tu p\u0101rnesumk\u0101rba kravas automa\u0161\u012bnai mont\u0113jamam celtnim<\/li>\n<li>Plan\u0113tu p\u0101rnesumk\u0101rba izlai\u0161anas kausa pac\u0113l\u0101ja konveijeram<\/li>\n<li>Plan\u0113tu p\u0101rnesumk\u0101rba kr\u0101sns durvju atv\u0113r\u0161anai<\/li>\n<li>Plan\u0113tu p\u0101rnesumk\u0101rba ugunsdz\u0113s\u012bbas un gl\u0101b\u0161anas vin\u010d\u0101m<\/li>\n<\/ul>\n<p>[\/et_pb_toggle][\/et_pb_column][et_pb_column type=&#8221;1_3&#8243; _builder_version=&#8221;4.27.4&#8243; _module_preset=&#8221;default&#8221; global_colors_info=&#8221;{}&#8221;][et_pb_image src=&#8221;https:\/\/fmp-components.com\/wp-content\/uploads\/2024\/12\/Wheel-Drive.webp&#8221; alt=&#8221;Wheel Drive&#8221; title_text=&#8221;Wheel Drive&#8221; _builder_version=&#8221;4.27.4&#8243; _module_preset=&#8221;default&#8221; global_colors_info=&#8221;{}&#8221;][\/et_pb_image][et_pb_toggle title=&#8221;Wheel Drive&#8221; _builder_version=&#8221;4.27.4&#8243; _module_preset=&#8221;default&#8221; global_colors_info=&#8221;{}&#8221;]<\/p>\n<ul>\n<li>Plan\u0113tu p\u0101rnesumk\u0101rba \u0101bolu kombainam<\/li>\n<li>Plan\u0113tu p\u0101rnesumk\u0101rba lopbar\u012bbas kombainam<\/li>\n<li>Plan\u0113tu p\u0101rnesumk\u0101rba kartupe\u013cu kombainam<\/li>\n<li>Plan\u0113tu p\u0101rnesumk\u0101rba v\u012bnogu kombainam<\/li>\n<li>Plan\u0113tu p\u0101rnesumk\u0101rba cukura kombainam<\/li>\n<li>Plan\u0113tu p\u0101rnesumk\u0101rba bar\u012bbas mais\u012bt\u0101jam<\/li>\n<li>Plan\u0113tu p\u0101rnesumk\u0101rba zemei<br \/>Akmens drupin\u0101t\u0101ja t\u012br\u012b\u0161ana<\/li>\n<li>Plan\u0113tu p\u0101rnesumk\u0101rba line\u0101rai ap\u016bde\u0146o\u0161anai<\/li>\n<li>Plan\u0113tu p\u0101rnesumk\u0101rba s\u0113jma\u0161\u012bnai<\/li>\n<li>Plan\u0113tu p\u0101rnesumk\u0101rba m\u0113slojumam<\/li>\n<li>Plan\u0113tu p\u0101rnesumk\u0101rba piek\u013cuves platformai<\/li>\n<li>Plan\u0113tu p\u0101rnesumk\u0101rba nel\u012bdzenam reljefam \u0161\u0137\u0113rveida pac\u0113l\u0101jam<\/li>\n<li>Plan\u0113tu p\u0101rnesumk\u0101rba ce\u013cu atjauno\u0161anas un sl\u012bp\u0113\u0161anas darbiem<\/li>\n<li>Plan\u0113tu p\u0101rnesumk\u0101rba buldozeram<\/li>\n<li>Plan\u0113tu p\u0101rnesumk\u0101rba celt\u0146iem<\/li>\n<li>Plan\u0113tu p\u0101rnesumk\u0101rba betona mais\u012bt\u0101ja kravas automa\u0161\u012bn\u0101m<\/li>\n<li>Plan\u0113tu p\u0101rnesumk\u0101rba greideriem<\/li>\n<li>Plan\u0113tu p\u0101rnesumk\u0101rba velt\u0146iem<\/li>\n<li>Plan\u0113tu p\u0101rnesumk\u0101rba iekr\u0101v\u0113jiem<\/li>\n<li>Plan\u0113tu p\u0101rnesumk\u0101rba ekskavatoriem<\/li>\n<li>Plan\u0113tu p\u0101rnesumk\u0101rba pazemes urb\u0161anas Jumbos<\/li>\n<li>Plan\u0113tu p\u0101rnesumk\u0101rba pazemes iekr\u0101v\u0113jiem\/LHD<\/li>\n<li>Plan\u0113tu p\u0101rnesumk\u0101rba mobilaj\u0101m drupin\u0101\u0161anas un sij\u0101\u0161anas iek\u0101rt\u0101m<\/li>\n<li>Plan\u0113tu p\u0101rnesumk\u0101rba kalnr\u016bpniec\u012bbas pa\u0161izg\u0101z\u0113jiem<\/li>\n<li>Plan\u0113tu p\u0101rnesumk\u0101rba iekr\u0101v\u0113jiem<\/li>\n<li>Plan\u0113tu p\u0101rnesumk\u0101rba konteineru celt\u0146iem<\/li>\n<li>Plan\u0113tu p\u0101rnesumk\u0101rba autom\u0101tiski vad\u0101miem transportl\u012bdzek\u013ciem, AGV<\/li>\n<li>Plan\u0113tu p\u0101rnesumk\u0101rba konteineru iekr\u0101v\u0113jiem<\/li>\n<li>Plan\u0113tu p\u0101rnesumk\u0101rba gumijas riepu port\u0101lceltnim, RTG<\/li>\n<\/ul>\n<p>[\/et_pb_toggle][\/et_pb_column][\/et_pb_row][et_pb_row column_structure=&#8221;1_3,1_3,1_3&#8243; _builder_version=&#8221;4.27.4&#8243; _module_preset=&#8221;default&#8221; global_colors_info=&#8221;{}&#8221;][et_pb_column type=&#8221;1_3&#8243; _builder_version=&#8221;4.27.4&#8243; _module_preset=&#8221;default&#8221; global_colors_info=&#8221;{}&#8221;][et_pb_image src=&#8221;https:\/\/fmp-components.com\/wp-content\/uploads\/2024\/12\/Slewing-Drive.webp&#8221; alt=&#8221;Slewing Drive&#8221; title_text=&#8221;Slewing Drive&#8221; _builder_version=&#8221;4.27.4&#8243; _module_preset=&#8221;default&#8221; global_colors_info=&#8221;{}&#8221;][\/et_pb_image][et_pb_toggle title=&#8221;Slewing Drive&#8221; _builder_version=&#8221;4.27.4&#8243; _module_preset=&#8221;default&#8221; global_colors_info=&#8221;{}&#8221;]<\/p>\n<ul>\n<li>Plan\u0113tu p\u0101rnesumk\u0101rba v\u0113ja turb\u012bnai<\/li>\n<li>Plan\u0113tu p\u0101rnesumk\u0101rba saules izseko\u0161anas sist\u0113mai<\/li>\n<li>Plan\u0113tu p\u0101rnesumk\u0101rba kravas automa\u0161\u012bnai mont\u0113jamam betona s\u016bknim<\/li>\n<li>Plan\u0113tu p\u0101rnesumk\u0101rba gaisa darba transportl\u012bdzek\u013ciem<\/li>\n<li>Plan\u0113tu p\u0101rnesumk\u0101rba urb\u0161anas platform\u0101m j\u016br\u0101<\/li>\n<li>Plan\u0113tu p\u0101rnesumk\u0101rba radara antenai<\/li>\n<li>Plan\u0113tu p\u0101rnesumk\u0101rba TBM griez\u0113jgalvai<\/li>\n<li>Plan\u0113tu p\u0101rnesumk\u0101rba ekskavatoriem<\/li>\n<li>Plan\u0113tu p\u0101rnesumk\u0101rba tor\u0146a celtnim<\/li>\n<li>Plan\u0113tu p\u0101rnesumk\u0101rba ostas konteineru celtnim<\/li>\n<li>Plan\u0113tu p\u0101rnesumk\u0101rba k\u0101pur\u0137\u0113\u017eu celtnim<\/li>\n<li>Plan\u0113tu p\u0101rnesumk\u0101rba kravas automa\u0161\u012bnai mont\u0113jamam celtnim<\/li>\n<li>Plan\u0113tu p\u0101rnesumk\u0101rba nel\u012bdzenam reljefam paredz\u0113tam celtnim<\/li>\n<\/ul>\n<p>[\/et_pb_toggle][\/et_pb_column][et_pb_column type=&#8221;1_3&#8243; _builder_version=&#8221;4.27.4&#8243; _module_preset=&#8221;default&#8221; global_colors_info=&#8221;{}&#8221;][et_pb_image src=&#8221;https:\/\/fmp-components.com\/wp-content\/uploads\/2024\/12\/Swing-Gearbox.webp&#8221; alt=&#8221;Swing Gearbox&#8221; title_text=&#8221;Swing Gearbox&#8221; _builder_version=&#8221;4.27.4&#8243; _module_preset=&#8221;default&#8221; global_colors_info=&#8221;{}&#8221;][\/et_pb_image][et_pb_toggle title=&#8221;Swing Gearbox&#8221; _builder_version=&#8221;4.27.4&#8243; _module_preset=&#8221;default&#8221; global_colors_info=&#8221;{}&#8221;]<\/p>\n<ul>\n<li>Plan\u0113tu p\u0101rnesumk\u0101rba priek\u0161 <span>Kobelco SK350-8<\/span><\/li>\n<li>Plan\u0113tu p\u0101rnesumk\u0101rba ekskavatoram Yuchai YC60-7<\/li>\n<li>Plan\u0113tu p\u0101rnesumk\u0101rba ce\u013cu atjauno\u0161anas un sl\u012bp\u0113\u0161anas darbiem<\/li>\n<li>Plan\u0113tu p\u0101rnesumk\u0101rba ekskavatoram Hitachi ZX70<\/li>\n<li>Plan\u0113tu p\u0101rnesumk\u0101rba ekskavatoram CASE CX130<\/li>\n<li>Plan\u0113tu p\u0101rnesumk\u0101rba ekskavatoram <span>DX380<\/span><\/li>\n<li>Plan\u0113tu p\u0101rnesumk\u0101rba ekskavatoram Caterpillar E307B<\/li>\n<li>Plan\u0113tu p\u0101rnesumk\u0101rba ekskavatoram Caterpillar E336D<\/li>\n<li>Plan\u0113tu p\u0101rnesumk\u0101rba ekskavatoram <span>EC360<\/span><\/li>\n<li>Plan\u0113tu p\u0101rnesumk\u0101rba ekskavatoram Volvo EC460<\/li>\n<li>Plan\u0113tu p\u0101rnesumk\u0101rba ekskavatoram <span>EC700<\/span><\/li>\n<li>Plan\u0113tu p\u0101rnesumk\u0101rba ekskavatoram Volvo EC360<\/li>\n<li>Plan\u0113tu p\u0101rnesumk\u0101rba ekskavatoram Volvo EC460<\/li>\n<li>Plan\u0113tu p\u0101rnesumk\u0101rba ekskavatoram <span>EC700<\/span><\/li>\n<li>Plan\u0113tu p\u0101rnesumk\u0101rba ekskavatoram Komatsu PC40<\/li>\n<li>Plan\u0113tu p\u0101rnesumk\u0101rba ekskavatoram Komatsu PC56-7<\/li>\n<li>Plan\u0113tu p\u0101rnesumk\u0101rba ekskavatoram Komatsu PC300-7<\/li>\n<li>Plan\u0113tu p\u0101rnesumk\u0101rba ekskavatoram Komatsu PC400-7<\/li>\n<li>Plan\u0113tu p\u0101rnesumk\u0101rba ekskavatoram Kobelco SK60-6<\/li>\n<li>Plan\u0113tu p\u0101rnesumk\u0101rba ekskavatoram Kobelco SK135<\/li>\n<li>Plan\u0113tu p\u0101rnesumk\u0101rba ekskavatoram Kobelco SK200-8<\/li>\n<li>Plan\u0113tu p\u0101rnesumk\u0101rba ekskavatoram Daewoo DH300-7<\/li>\n<\/ul>\n<p>[\/et_pb_toggle][\/et_pb_column][et_pb_column type=&#8221;1_3&#8243; _builder_version=&#8221;4.27.4&#8243; _module_preset=&#8221;default&#8221; global_colors_info=&#8221;{}&#8221;][et_pb_image src=&#8221;https:\/\/fmp-components.com\/wp-content\/uploads\/2024\/12\/In-line-Planetary-Gearbox.webp&#8221; alt=&#8221;In-line Planetary Gearbox&#8221; title_text=&#8221;In-line Planetary Gearbox&#8221; _builder_version=&#8221;4.27.4&#8243; _module_preset=&#8221;default&#8221; global_colors_info=&#8221;{}&#8221;][\/et_pb_image][et_pb_toggle title=&#8221;In-line Planetary Gearbox&#8221; _builder_version=&#8221;4.27.4&#8243; _module_preset=&#8221;default&#8221; global_colors_info=&#8221;{}&#8221;]<\/p>\n<ul>\n<li>S s\u0113rijas r\u016bpniecisk\u0101 plan\u0113tu reduktora reduktora vien\u012bba<\/li>\n<li>E s\u0113rijas plan\u0113tu p\u0101rnesumk\u0101rba<\/li>\n<li>311. s\u0113rijas plan\u0113tu p\u0101rnesumk\u0101rba<\/li>\n<li>310. s\u0113rijas plan\u0113tu p\u0101rnesumk\u0101rba<\/li>\n<li>306. s\u0113rijas plan\u0113tu p\u0101rnesumk\u0101rba<\/li>\n<li>301. s\u0113rijas plan\u0113tu p\u0101rnesumk\u0101rba<\/li>\n<\/ul>\n<p>[\/et_pb_toggle][\/et_pb_column][\/et_pb_row][et_pb_row column_structure=&#8221;1_3,1_3,1_3&#8243; _builder_version=&#8221;4.27.4&#8243; _module_preset=&#8221;default&#8221; global_colors_info=&#8221;{}&#8221;][et_pb_column type=&#8221;1_3&#8243; _builder_version=&#8221;4.27.4&#8243; _module_preset=&#8221;default&#8221; global_colors_info=&#8221;{}&#8221;][et_pb_image src=&#8221;https:\/\/fmp-components.com\/wp-content\/uploads\/2024\/12\/Right-Angle-Planetary-Gearbox.webp&#8221; alt=&#8221;Right Angle Planetary Gearbox&#8221; title_text=&#8221;Right Angle Planetary Gearbox&#8221; _builder_version=&#8221;4.27.4&#8243; _module_preset=&#8221;default&#8221; global_colors_info=&#8221;{}&#8221;][\/et_pb_image][et_pb_toggle title=&#8221;Right Angle Planetary Gearbox&#8221; _builder_version=&#8221;4.27.4&#8243; _module_preset=&#8221;default&#8221; global_colors_info=&#8221;{}&#8221;]<\/p>\n<ul>\n<li>307. s\u0113rijas plan\u0113tu p\u0101rnesumk\u0101rba<\/li>\n<\/ul>\n<p>[\/et_pb_toggle][\/et_pb_column][et_pb_column type=&#8221;1_3&#8243; _builder_version=&#8221;4.27.4&#8243; _module_preset=&#8221;default&#8221; global_colors_info=&#8221;{}&#8221;][et_pb_image src=&#8221;https:\/\/fmp-components.com\/wp-content\/uploads\/2024\/12\/Planetary-Gearbox-for-Feed-Mixer.webp&#8221; alt=&#8221;Planetary Gearbox for Feed Mixer&#8221; title_text=&#8221;Planetary Gearbox for Feed Mixer&#8221; _builder_version=&#8221;4.27.4&#8243; _module_preset=&#8221;default&#8221; global_colors_info=&#8221;{}&#8221;][\/et_pb_image][et_pb_toggle title=&#8221;Planetary Gearbox for Feed Mixer&#8221; _builder_version=&#8221;4.27.4&#8243; _module_preset=&#8221;default&#8221; global_colors_info=&#8221;{}&#8221;]<\/p>\n<ul>\n<li>Bar\u012bbas mais\u012bt\u0101ja reduktors C3A, 1:1, 1,8:1<\/li>\n<li>Bar\u012bbas mais\u012bt\u0101ju ma\u0161\u012bnu p\u0101rnesumk\u0101rba C-3A<\/li>\n<li>Bar\u012bbas mais\u012bt\u0101ju p\u0101rnesumk\u0101rba D-732A 1:1\/1.41:1<\/li>\n<li>Horizont\u0101l\u0101 bar\u012bbas mais\u012bt\u0101ja p\u0101rnesumk\u0101rba D732A 1:1\/1.93:1<\/li>\n<li>Horizont\u0101l\u0101 bar\u012bbas mais\u012bt\u0101ja p\u0101rnesumk\u0101rba C3A 1:1<\/li>\n<li>Bar\u012bbas mais\u012bt\u0101ja reduktors TMR mais\u012bt\u0101jam EP RMG<\/li>\n<li>Bar\u012bbas mais\u012bt\u0101ja p\u0101rnesumk\u0101rba PGA-1202VM<\/li>\n<li>Bar\u012bbas mais\u012bt\u0101ju ma\u0161\u012bnu \u0101trumk\u0101rba PGA-1602<\/li>\n<li>Vertik\u0101l\u0101 bar\u012bbas mais\u012bt\u0101ja p\u0101rnesumk\u0101rba PGA1202VM<\/li>\n<li>Vertik\u0101l\u0101 bar\u012bbas mais\u012bt\u0101ja p\u0101rnesumk\u0101rba PGA1602VM<\/li>\n<\/ul>\n<p>[\/et_pb_toggle][\/et_pb_column][et_pb_column type=&#8221;1_3&#8243; _builder_version=&#8221;4.27.4&#8243; _module_preset=&#8221;default&#8221; global_colors_info=&#8221;{}&#8221;][et_pb_image src=&#8221;https:\/\/fmp-components.com\/wp-content\/uploads\/2024\/12\/Planetary-Gearbox-for-Wind-Turbine.webp&#8221; alt=&#8221;Planetary Gearbox for Wind Turbine&#8221; title_text=&#8221;Planetary Gearbox for Wind Turbine&#8221; _builder_version=&#8221;4.27.4&#8243; _module_preset=&#8221;default&#8221; global_colors_info=&#8221;{}&#8221;][\/et_pb_image][et_pb_toggle title=&#8221;Planetary Gearbox for Wind Turbine&#8221; _builder_version=&#8221;4.27.4&#8243; _module_preset=&#8221;default&#8221; global_colors_info=&#8221;{}&#8221;]<\/p>\n<ul>\n<li>SD s\u0113rijas mobil\u0101 pagrie\u017eam\u0101 piedzi\u0146as plan\u0113tu p\u0101rnesumk\u0101rba<\/li>\n<li>NB s\u0113rija <span>Pagrieziena piedzi\u0146as p\u0101rnesumk\u0101rba<\/span><\/li>\n<\/ul>\n<p>[\/et_pb_toggle][\/et_pb_column][\/et_pb_row][\/et_pb_section][et_pb_section fb_built=&#8221;1&#8243; _builder_version=&#8221;4.27.4&#8243; _module_preset=&#8221;default&#8221; global_colors_info=&#8221;{}&#8221;][et_pb_row _builder_version=&#8221;4.27.4&#8243; _module_preset=&#8221;default&#8221; global_colors_info=&#8221;{}&#8221;][et_pb_column type=&#8221;4_4&#8243; _builder_version=&#8221;4.27.4&#8243; _module_preset=&#8221;default&#8221; global_colors_info=&#8221;{}&#8221;][et_pb_text _builder_version=&#8221;4.27.4&#8243; _module_preset=&#8221;default&#8221; header_2_font=&#8221;Frank Ruhl Libre||||||||&#8221; header_2_font_size=&#8221;38px&#8221; global_colors_info=&#8221;{}&#8221;]<\/p>\n<h2 style=\"text-align: center;\">Saist\u012btie produkti \u2013 Plan\u0113tu p\u0101rnesums<\/h2>\n<p>[\/et_pb_text][\/et_pb_column][\/et_pb_row][et_pb_row column_structure=&#8221;1_4,1_4,1_4,1_4&#8243; _builder_version=&#8221;4.27.4&#8243; _module_preset=&#8221;default&#8221; global_colors_info=&#8221;{}&#8221;][et_pb_column type=&#8221;1_4&#8243; _builder_version=&#8221;4.27.4&#8243; _module_preset=&#8221;default&#8221; global_colors_info=&#8221;{}&#8221;][et_pb_blurb title=&#8221;Planetary Gear Sets&#8221; url=&#8221;https:\/\/fmp-components.com\/en\/product\/planetary-gear-sets&#8221; url_new_window=&#8221;on&#8221; image=&#8221;https:\/\/fmp-components.com\/wp-content\/uploads\/2025\/01\/Planetary-Gear-set.webp&#8221; alt=&#8221;Planetary Gear set&#8221; _builder_version=&#8221;4.27.4&#8243; _module_preset=&#8221;default&#8221; header_level=&#8221;h3&#8243; header_font=&#8221;Frank Ruhl Libre||||||||&#8221; header_text_align=&#8221;center&#8221; header_font_size=&#8221;20px&#8221; global_colors_info=&#8221;{}&#8221;][\/et_pb_blurb][\/et_pb_column][et_pb_column type=&#8221;1_4&#8243; _builder_version=&#8221;4.27.4&#8243; _module_preset=&#8221;default&#8221; global_colors_info=&#8221;{}&#8221;][et_pb_blurb title=&#8221;Internal Planetary Gear&#8221; url=&#8221;https:\/\/fmp-components.com\/en\/product\/internal-planetary-gear&#8221; url_new_window=&#8221;on&#8221; image=&#8221;https:\/\/fmp-components.com\/wp-content\/uploads\/2025\/01\/Internal-Planetary-Gear.webp&#8221; alt=&#8221;Internal Planetary Gear&#8221; _builder_version=&#8221;4.27.4&#8243; _module_preset=&#8221;default&#8221; header_level=&#8221;h3&#8243; header_font=&#8221;Frank Ruhl Libre||||||||&#8221; header_text_align=&#8221;center&#8221; header_font_size=&#8221;20px&#8221; global_colors_info=&#8221;{}&#8221;][\/et_pb_blurb][\/et_pb_column][et_pb_column type=&#8221;1_4&#8243; _builder_version=&#8221;4.27.4&#8243; _module_preset=&#8221;default&#8221; global_colors_info=&#8221;{}&#8221;][et_pb_blurb title=&#8221;Internal Planetary Gear Kit&#8221; url=&#8221;https:\/\/fmp-components.com\/en\/product\/internal-planetary-gear-kit&#8221; url_new_window=&#8221;on&#8221; image=&#8221;https:\/\/fmp-components.com\/wp-content\/uploads\/2025\/01\/Internal-Planetary-Gear-Kit.webp&#8221; alt=&#8221;Internal Planetary Gear Kit&#8221; _builder_version=&#8221;4.27.4&#8243; _module_preset=&#8221;default&#8221; header_level=&#8221;h3&#8243; header_font=&#8221;Frank Ruhl Libre||||||||&#8221; header_text_align=&#8221;center&#8221; header_font_size=&#8221;20px&#8221; global_colors_info=&#8221;{}&#8221;][\/et_pb_blurb][\/et_pb_column][et_pb_column type=&#8221;1_4&#8243; _builder_version=&#8221;4.27.4&#8243; _module_preset=&#8221;default&#8221; global_colors_info=&#8221;{}&#8221;][et_pb_blurb title=&#8221;Planetary Ring Gear&#8221; url=&#8221;https:\/\/fmp-components.com\/en\/product\/planetary-ring-gear&#8221; url_new_window=&#8221;on&#8221; image=&#8221;https:\/\/fmp-components.com\/wp-content\/uploads\/2025\/01\/Planetary-Ring-Gear.webp&#8221; alt=&#8221;Planetary Ring Gear&#8221; _builder_version=&#8221;4.27.4&#8243; _module_preset=&#8221;default&#8221; header_level=&#8221;h3&#8243; header_font=&#8221;Frank Ruhl Libre||||||||&#8221; header_text_align=&#8221;center&#8221; header_font_size=&#8221;20px&#8221; global_colors_info=&#8221;{}&#8221;][\/et_pb_blurb][\/et_pb_column][\/et_pb_row][\/et_pb_section]<\/p>","protected":false},"excerpt":{"rendered":"<p>Planetary GearboxA planetary gearbox consists of a central sun gear, multiple planet gears, and an outer ring gear, offering high torque density and compact design. This configuration makes it ideal for applications needing precise speed reduction and increased torque, commonly used in robotics, automotive, and industrial machinery. At FMP, we provide a wide range of [&hellip;]<\/p>","protected":false},"author":2,"featured_media":0,"parent":0,"menu_order":0,"comment_status":"closed","ping_status":"closed","template":"","meta":{"_et_pb_use_builder":"on","_et_pb_old_content":"","_et_gb_content_width":"","footnotes":""},"class_list":["post-1162","page","type-page","status-publish","hentry"],"_links":{"self":[{"href":"https:\/\/fmp-components.com\/lv\/wp-json\/wp\/v2\/pages\/1162","targetHints":{"allow":["GET"]}}],"collection":[{"href":"https:\/\/fmp-components.com\/lv\/wp-json\/wp\/v2\/pages"}],"about":[{"href":"https:\/\/fmp-components.com\/lv\/wp-json\/wp\/v2\/types\/page"}],"author":[{"embeddable":true,"href":"https:\/\/fmp-components.com\/lv\/wp-json\/wp\/v2\/users\/2"}],"replies":[{"embeddable":true,"href":"https:\/\/fmp-components.com\/lv\/wp-json\/wp\/v2\/comments?post=1162"}],"version-history":[{"count":30,"href":"https:\/\/fmp-components.com\/lv\/wp-json\/wp\/v2\/pages\/1162\/revisions"}],"predecessor-version":[{"id":8188,"href":"https:\/\/fmp-components.com\/lv\/wp-json\/wp\/v2\/pages\/1162\/revisions\/8188"}],"wp:attachment":[{"href":"https:\/\/fmp-components.com\/lv\/wp-json\/wp\/v2\/media?parent=1162"}],"curies":[{"name":"wp","href":"https:\/\/api.w.org\/{rel}","templated":true}]}}