{"id":944,"date":"2024-12-19T03:39:43","date_gmt":"2024-12-19T03:39:43","guid":{"rendered":"https:\/\/fmp-components.com\/product\/high-quality-welded-hydraulic-piston-cylinder-for-agriculture\/"},"modified":"2024-12-19T08:57:21","modified_gmt":"2024-12-19T08:57:21","slug":"high-quality-welded-hydraulic-piston-cylinder-for-agriculture","status":"publish","type":"product","link":"https:\/\/fmp-components.com\/it\/product\/high-quality-welded-hydraulic-piston-cylinder-for-agriculture\/","title":{"rendered":"Cilindro a pistone idraulico saldato di alta qualit\u00e0 per l&#039;agricoltura"},"content":{"rendered":"<p>Il cilindro idraulico a pistone saldato di alta qualit\u00e0 \u00e8 specificamente progettato per applicazioni agricole, offrendo prestazioni robuste e affidabili in ambienti difficili. Questo cilindro combina ingegneria avanzata con materiali di alta qualit\u00e0, garantendo funzionalit\u00e0 e durata ottimali per diverse attivit\u00e0 agricole.<\/p>\n<p><img decoding=\"async\" class=\"aligncenter\" src=\"https:\/\/hzpt.com\/wp-content\/uploads\/2023\/12\/random-3.webp\" alt=\"\" title=\"\"><\/p>\n<h4>Caratteristiche principali:<\/h4>\n<ul>\n<li><strong>Costruzione saldata<\/strong>: Progettato con giunti saldati ad alta resistenza per migliorare l'integrit\u00e0 strutturale e prevenire perdite, \u00e8 ideale per l'uso agricolo intensivo.<\/li>\n<li><strong>Funzionamento efficiente<\/strong>: Progettato per una funzionalit\u00e0 a doppia azione, consente un funzionamento fluido sia in estensione che in retrazione per un controllo preciso.<\/li>\n<li><strong>Resistenza alla corrosione<\/strong>: Rivestito con finiture protettive per resistere alla ruggine e alla corrosione, garantendo longevit\u00e0 e prestazioni affidabili in condizioni esterne.<\/li>\n<li><strong>Applicazioni versatili<\/strong>: Adatto a un'ampia gamma di attrezzature agricole, tra cui trattori, aratri e mietitrici, il che lo rende una soluzione versatile per gli agricoltori.<\/li>\n<li><strong>Facile installazione<\/strong>: Progettato per una perfetta integrazione nei macchinari esistenti, riducendo al minimo i tempi di fermo e migliorando l'efficienza operativa.<\/li>\n<\/ul>\n<h4>Vantaggi:<\/h4>\n<ul>\n<li><strong>Maggiore efficienza<\/strong>: Ottimizza le prestazioni delle macchine agricole, facilitando efficaci azioni di sollevamento, spinta e trazione.<\/li>\n<li><strong>Durata<\/strong>: Costruito per resistere alle difficili condizioni agricole, riducendo le esigenze di manutenzione e prolungando la durata utile.<\/li>\n<li><strong>Prestazioni convenienti<\/strong>: Offre elevata affidabilit\u00e0 e prestazioni a un prezzo competitivo, garantendo un eccellente rapporto qualit\u00e0-prezzo per l'investimento.<\/li>\n<\/ul>\n<p>Il cilindro idraulico saldato di alta qualit\u00e0 \u00e8 un componente essenziale per le moderne attivit\u00e0 agricole, offrendo prestazioni affidabili e robustezza. La sua struttura resistente e il design versatile lo rendono un'aggiunta preziosa a qualsiasi gamma di attrezzature agricole.<\/p>\n<p>Il cilindro idraulico a pistoni FMP vanta caratteristiche uniche che lo distinguono dalla concorrenza. \u00c8 efficiente dal punto di vista energetico, altamente efficace e sicuro. Queste qualit\u00e0 lo rendono un prezioso complemento per qualsiasi attivit\u00e0 agricola.<\/p>\n<p><img decoding=\"async\" class=\"aligncenter\" src=\"https:\/\/hzpt.com\/wp-content\/uploads\/2023\/12\/random-5.webp\" alt=\"\" title=\"\"><\/p>\n<h2>Vantaggi del cilindro a T saldato<\/h2>\n<ul>\n<li style=\"list-style-type: none;\">\n<ul>\n<li><strong>Maggiore forza:<\/strong> I cilindri saldati di tipo tee sono noti per la loro elevata resistenza, che li rende adatti per applicazioni che richiedono sollevamento pesante. Il processo di saldatura utilizzato durante la fabbricazione di questi cilindri assicura che il cilindro sia privo di punti deboli e possa resistere a pressione e stress elevati.<\/li>\n<\/ul>\n<\/li>\n<\/ul>\n<p>Quando si esercita pressione sul cilindro, questa si distribuisce uniformemente su tutta la superficie, rendendolo resistente alla deformazione. Questa caratteristica assicura che il cilindro possa mantenere la sua forma e integrit\u00e0 strutturale anche in condizioni estreme.<\/p>\n<ul>\n<li style=\"list-style-type: none;\">\n<ul>\n<li><strong>Prevenzione delle perdite:<\/strong> I cilindri a T saldati sono progettati per prevenire le perdite. Il processo di saldatura utilizzato durante il processo di fabbricazione assicura che il cilindro sia completamente sigillato e privo di possibili perdite. Questa caratteristica li rende adatti all&#039;uso in applicazioni in cui le perdite potrebbero causare gravi danni o lesioni.<\/li>\n<\/ul>\n<\/li>\n<\/ul>\n<p>I giunti saldati sono lisci, senza fessure o scanalature dove possano accumularsi detriti o sporcizia, riducendo il rischio di corrosione e danni al cilindro.<\/p>\n<ul>\n<li style=\"list-style-type: none;\">\n<ul>\n<li><strong>Personalizzabile:<\/strong> I cilindri saldati di tipo tee possono essere personalizzati per adattarsi a specifiche applicazioni. I cilindri sono disponibili in diverse dimensioni e forme e possono essere fabbricati per soddisfare i requisiti specifici dell&#039;applicazione.<\/li>\n<\/ul>\n<\/li>\n<\/ul>\n<p>Il processo di personalizzazione consente di ottimizzare le prestazioni del cilindro, assicurando che sia adatto all&#039;applicazione prevista. Questa caratteristica rende i cilindri di tipo tee saldati ideali per l&#039;uso in varie applicazioni industriali, tra cui edilizia, estrazione mineraria e movimentazione dei materiali.<\/p>\n<ul>\n<li style=\"list-style-type: none;\">\n<ul>\n<li><strong>Conveniente:<\/strong> I cilindri saldati di tipo tee sono convenienti rispetto ad altri tipi di cilindri. Il processo di fabbricazione utilizzato per realizzare questi cilindri \u00e8 semplice, rendendoli meno costosi rispetto ad altri tipi di cilindri.<\/li>\n<\/ul>\n<\/li>\n<\/ul>\n<p>Inoltre, l&#039;elevata resistenza e durata dei cilindri saldati a T riducono la necessit\u00e0 di frequenti riparazioni e sostituzioni, risparmiando sui costi di manutenzione. Questa caratteristica li rende una scelta popolare per molti settori, in particolare quelli con un budget limitato.<\/p>\n<ul>\n<li style=\"list-style-type: none;\">\n<ul>\n<li><strong>Maggiore efficienza:<\/strong> I cilindri a T saldati sono altamente efficienti ed efficaci. Il design del cilindro assicura che la forza applicata venga trasferita direttamente al carico, riducendo la perdita di energia e aumentando l&#039;efficienza.<\/li>\n<\/ul>\n<\/li>\n<\/ul>\n<p>I giunti saldati sono robusti e rigidi, riducendo al minimo la flessione e assicurando che il cilindro mantenga la sua forma e integrit\u00e0 strutturale anche in condizioni estreme. Questa caratteristica rende i cilindri saldati di tipo tee ideali per l&#039;uso in applicazioni che richiedono elevata efficienza e affidabilit\u00e0.<\/p>\n<h2>Applicazione del cilindro di tipo Tee saldato<\/h2>\n<ul>\n<li>\n<h3>Macchinari e attrezzature industriali<\/h3>\n<p>Il cilindro tipo Tee saldato \u00e8 ampiamente utilizzato in macchinari e attrezzature industriali, in particolare nei sistemi idraulici. Il cilindro \u00e8 costituito da un pistone e un tubo del cilindro, che sono saldati insieme per formare un&#039;unica unit\u00e0. Questo design offre diversi vantaggi rispetto ad altri tipi di cilindri, come maggiore durata, maggiore resistenza e maggiore precisione.<\/p>\n<p>Una delle applicazioni pi\u00f9 importanti del cilindro tipo Tee saldato nei macchinari industriali \u00e8 la sua capacit\u00e0 di fornire una forza costante e precisa. Ci\u00f2 \u00e8 essenziale per molti processi di produzione, in cui \u00e8 richiesto un controllo preciso per garantire la qualit\u00e0 del prodotto finale. Il cilindro tipo Tee saldato pu\u00f2 anche essere utilizzato per regolare il flusso di fluidi nei sistemi idraulici, consentendo una maggiore efficienza e affidabilit\u00e0 in una variet\u00e0 di applicazioni industriali.<\/li>\n<li>\n<h3>Attrezzature agricole<\/h3>\n<p>Il cilindro tipo Tee saldato \u00e8 comunemente utilizzato anche nelle attrezzature agricole, come trattori e mietitrici. Queste macchine richiedono sistemi idraulici potenti e affidabili per funzionare in modo efficace e il cilindro tipo Tee saldato \u00e8 la scelta ideale per questo scopo.<\/p>\n<p>La struttura robusta e l&#039;elevata resistenza del cilindro lo rendono altamente resistente all&#039;usura, anche in condizioni operative difficili. Ci\u00f2 lo rende una scelta ideale per l&#039;uso in attrezzature agricole, dove la durata \u00e8 un fattore chiave. Il cilindro di tipo Tee saldato pu\u00f2 anche essere utilizzato per fornire il controllo preciso richiesto per molti processi agricoli, come la semina, la raccolta e l&#039;irrigazione.<\/li>\n<li>\n<h3>Attrezzature per l&#039;edilizia<\/h3>\n<p>Il cilindro tipo Tee saldato \u00e8 ampiamente utilizzato anche nelle attrezzature edili, come escavatori, terne e bulldozer. Queste macchine richiedono sistemi idraulici potenti e affidabili per svolgere compiti pesanti, come scavare, sollevare e spingere carichi pesanti.<\/p>\n<p>L&#039;elevata resistenza e durevolezza del cilindro a T saldato lo rendono la scelta ideale per l&#039;uso in attrezzature edili. La sua capacit\u00e0 di fornire un controllo preciso e una forza costante \u00e8 essenziale per molti processi di costruzione, come scavi, livellamento e pavimentazione. Il cilindro a T saldato pu\u00f2 anche essere utilizzato per regolare il flusso di fluidi nei sistemi idraulici, migliorando l&#039;efficienza e l&#039;affidabilit\u00e0 delle attrezzature edili in una variet\u00e0 di applicazioni.<\/li>\n<\/ul>\n<h3>Informazioni su FMP<\/h3>\n<p>FMP \u00e8 un produttore e fornitore leader di cilindri idraulici con oltre 30 anni di esperienza nel settore. Abbiamo sede in Italia e la nostra area industriale all'avanguardia ospita oltre 100 macchinari all'avanguardia. La nostra vasta gamma di attrezzature comprende saldatrici automatiche a gas di protezione, alesatrici per fori profondi, torni CNC, rettificatrici cilindriche, macchine per la pulizia automatica, macchine automatiche per l'installazione, banchi di prova automatici per cilindri idraulici e linee di verniciatura automatiche.<\/p>\n<p><img decoding=\"async\" src=\"https:\/\/fmp-components.com\/wp-content\/uploads\/2024\/12\/fmp-factory-4.webp\" alt=\"fabbrica FMP\" width=\"800\" title=\"\"><\/p>\n<p>Noi di FMP siamo orgogliosi di fornire ai nostri clienti cilindri idraulici di alta qualit\u00e0. Ogni cilindro idraulico \u00e8 sottoposto a rigorosi processi di lavorazione e ispezione per garantire una qualit\u00e0 superiore. La nostra gamma di prodotti include:<\/p>\n<ol>\n<li style=\"list-style-type: none;\">\n<ol>\n<li>Cilindro Idraulico | cilindro oleodinamico<\/li>\n<\/ol>\n<\/li>\n<\/ol>\n<p>I nostri cilindri idraulici sono progettati per soddisfare diverse esigenze industriali. Sono realizzati e testati con cura per garantire prestazioni e durata ottimali.<\/p>\n<ol>\n<li style=\"list-style-type: none;\">\n<ol>\n<li>Cilindro idraulico per orecchini<\/li>\n<\/ol>\n<\/li>\n<\/ol>\n<p>I nostri cilindri per orecchini sono specificamente progettati per offrire prestazioni efficienti e affidabili in un'ampia gamma di applicazioni. Sono sottoposti a rigorosi test per garantirne funzionalit\u00e0 e longevit\u00e0.<\/p>\n<ol>\n<li style=\"list-style-type: none;\">\n<ol>\n<li>Cilindro idraulico telescopico automatico bidirezionale<\/li>\n<\/ol>\n<\/li>\n<\/ol>\n<p>Con i nostri cilindri idraulici telescopici automatici bidirezionali, potete contare su un funzionamento fluido e preciso. Questi cilindri sono progettati per resistere a carichi pesanti e offrono un controllo eccellente.<\/p>\n<ol>\n<li style=\"list-style-type: none;\">\n<ol>\n<li>Servizio di progettazione<\/li>\n<\/ol>\n<\/li>\n<\/ol>\n<p>Il nostro team di progettazione esperto \u00e8 pronto ad assistervi nella progettazione e nello sviluppo dei prodotti. Che abbiate bisogno di un nuovo prodotto o di miglioramenti a quelli esistenti, siamo qui per supportarvi.<\/p>\n<ol>\n<li style=\"list-style-type: none;\">\n<ol>\n<li>Servizio prodotto<\/li>\n<\/ol>\n<\/li>\n<\/ol>\n<p>Dall'approvvigionamento delle migliori materie prime all'imballaggio e al trasporto, garantiamo un servizio impeccabile. Ogni fase, dal taglio alla lavorazione, dal collaudo alla pulizia e all'assemblaggio, viene eseguita con cura per fornire prodotti della massima qualit\u00e0.<\/p>\n<p>Oltre a questi prodotti e servizi, offriamo lo sviluppo di campioni personalizzati in base alle vostre esigenze. Il nostro team dedicato \u00e8 in grado di modificare costantemente i campioni per soddisfare le vostre specifiche esigenze. Inoltre, siamo sempre all'avanguardia nelle tendenze del mercato e investiamo in ricerca e sviluppo. Questo ci consente di studiare le nuove esigenze del mercato e sviluppare modelli di cilindri idraulici innovativi che soddisfano le esigenze di un settore automobilistico in continua evoluzione.<\/p>\n<p>Scegli FMP per tutte le tue esigenze in fatto di cilindri idraulici. Ci impegniamo a fornire prodotti di qualit\u00e0 superiore e un servizio clienti eccellente. Contattaci oggi stesso per discutere delle tue esigenze e lasciaci essere il tuo partner di fiducia.<\/p>\n<p>&nbsp;<\/p>\n<h2>Domande frequenti<\/h2>\n<h3>D1: Qual \u00e8 la capacit\u00e0 di carico del cilindro del pistone idraulico?<\/h3>\n<p>A: La capacit\u00e0 di carico \u00e8 specificata nella tabella delle specifiche del prodotto sopra.<\/p>\n<h3>D2: Come funziona un cilindro a pistone idraulico?<\/h3>\n<p>A: Il cilindro del pistone idraulico funziona secondo il principio della potenza dei fluidi, in cui il fluido idraulico pressurizzato viene utilizzato per generare forza e movimento.<\/p>\n<h3>D3: Come faccio a sapere quando sostituire l'olio idraulico e le guarnizioni?<\/h3>\n<p>A: FMP fornisce indicazioni dettagliate su quando e come sostituire l'olio idraulico e le guarnizioni.<\/p>\n<h3>D4: Posso personalizzare il mio cilindro a pistone idraulico?<\/h3>\n<p>R: S\u00ec, FMP accetta personalizzazioni basate su disegni o campioni forniti dai clienti.<\/p>\n<h3>D5: Che tipo di supporto posso aspettarmi da FMP dopo l'acquisto?<\/h3>\n<p>A: FMP fornisce una guida completa su installazione, manutenzione e riparazione, garantendo il funzionamento ottimale del cilindro del pistone idraulico.<\/p>\n<p>Autore:CX<\/p>","protected":false},"excerpt":{"rendered":"<p>The High Quality Welded Hydraulic Piston Cylinder is specifically designed for agricultural applications, providing robust and reliable performance in demanding environments. This cylinder combines advanced engineering with high-quality materials, ensuring optimal functionality and durability for various farming tasks. Key Features: Welded Construction: Engineered with high-strength welded joints to enhance structural integrity and prevent leaks, making [&hellip;]<\/p>","protected":false},"featured_media":1132,"comment_status":"closed","ping_status":"closed","template":"","meta":{"_et_pb_use_builder":"","_et_pb_old_content":"","_et_gb_content_width":""},"product_brand":[],"product_cat":[31],"product_tag":[34,35],"class_list":{"0":"post-944","1":"product","2":"type-product","3":"status-publish","4":"has-post-thumbnail","6":"product_cat-welded-tee-type-cylinder","7":"product_tag-hydraulic-cylinder","8":"product_tag-welded-tee-type-cylinder","10":"first","11":"instock","12":"product-type-simple"},"_links":{"self":[{"href":"https:\/\/fmp-components.com\/it\/wp-json\/wp\/v2\/product\/944","targetHints":{"allow":["GET"]}}],"collection":[{"href":"https:\/\/fmp-components.com\/it\/wp-json\/wp\/v2\/product"}],"about":[{"href":"https:\/\/fmp-components.com\/it\/wp-json\/wp\/v2\/types\/product"}],"replies":[{"embeddable":true,"href":"https:\/\/fmp-components.com\/it\/wp-json\/wp\/v2\/comments?post=944"}],"wp:featuredmedia":[{"embeddable":true,"href":"https:\/\/fmp-components.com\/it\/wp-json\/wp\/v2\/media\/1132"}],"wp:attachment":[{"href":"https:\/\/fmp-components.com\/it\/wp-json\/wp\/v2\/media?parent=944"}],"wp:term":[{"taxonomy":"product_brand","embeddable":true,"href":"https:\/\/fmp-components.com\/it\/wp-json\/wp\/v2\/product_brand?post=944"},{"taxonomy":"product_cat","embeddable":true,"href":"https:\/\/fmp-components.com\/it\/wp-json\/wp\/v2\/product_cat?post=944"},{"taxonomy":"product_tag","embeddable":true,"href":"https:\/\/fmp-components.com\/it\/wp-json\/wp\/v2\/product_tag?post=944"}],"curies":[{"name":"parola chiave","href":"https:\/\/api.w.org\/{rel}","templated":true}]}}