{"id":941,"date":"2024-12-19T03:39:43","date_gmt":"2024-12-19T03:39:43","guid":{"rendered":"https:\/\/fmp-components.com\/product\/10021-hot-sale-customized-hydraulic-cylinder-for-agriculture\/"},"modified":"2024-12-19T08:54:09","modified_gmt":"2024-12-19T08:54:09","slug":"10021-hot-sale-customized-hydraulic-cylinder-for-agriculture","status":"publish","type":"product","link":"https:\/\/fmp-components.com\/it\/product\/10021-hot-sale-customized-hydraulic-cylinder-for-agriculture\/","title":{"rendered":"10021 Cilindro idraulico personalizzato in vendita calda per l&#039;agricoltura"},"content":{"rendered":"<p>Il cilindro idraulico personalizzato 10021 Hot Sale \u00e8 specificamente progettato per applicazioni agricole, offrendo soluzioni su misura per soddisfare le diverse esigenze degli agricoltori. Questo cilindro idraulico combina una costruzione robusta con caratteristiche personalizzabili, garantendo prestazioni ottimali in varie attivit\u00e0 agricole.<\/p>\n<h4>Caratteristiche principali:<\/h4>\n<ul>\n<li><strong>Design personalizzato<\/strong>: Progettati su misura per soddisfare esigenze specifiche, facilitano la compatibilit\u00e0 con un&#039;ampia gamma di attrezzature e macchinari agricoli.<\/li>\n<li><strong>Costruzione di alta qualit\u00e0<\/strong>: Costruito con materiali durevoli per garantire longevit\u00e0 e affidabilit\u00e0, in grado di resistere ai rigori dell&#039;uso agricolo.<\/li>\n<li><strong>Meccanismo a doppia azione<\/strong>: Garantisce un funzionamento efficiente sia in estensione che in retrazione, consentendo un controllo preciso durante le operazioni di sollevamento e abbassamento.<\/li>\n<li><strong>Rivestimento resistente alla corrosione<\/strong>: Trattato con finiture protettive per prevenire ruggine e corrosione, garantendo prestazioni durature in ambienti esterni.<\/li>\n<li><strong>Facile installazione<\/strong>: Progettato per una facile integrazione nei sistemi agricoli esistenti, riducendo al minimo i tempi di fermo e migliorando la produttivit\u00e0.<\/li>\n<\/ul>\n<p><img loading=\"lazy\" decoding=\"async\" class=\"size-full wp-image-977 aligncenter\" src=\"https:\/\/fmp-components.com\/wp-content\/uploads\/2024\/12\/Welded-Tee-Type-Cylinder3.webp\" alt=\"Cilindro tipo Tee saldato\" width=\"653\" height=\"600\" title=\"\" srcset=\"https:\/\/fmp-components.com\/wp-content\/uploads\/2024\/12\/Welded-Tee-Type-Cylinder3.webp 653w, https:\/\/fmp-components.com\/wp-content\/uploads\/2024\/12\/Welded-Tee-Type-Cylinder3-480x441.webp 480w\" sizes=\"(min-width: 0px) and (max-width: 480px) 480px, (min-width: 481px) 653px, 100vw\" \/><\/p>\n<h4>Vantaggi:<\/h4>\n<ul>\n<li><strong>Efficienza migliorata<\/strong>: Ottimizza le prestazioni delle macchine agricole, facilitando le operazioni fluide ed efficaci sul campo.<\/li>\n<li><strong>Applicazioni versatili<\/strong>: Adatto a una variet\u00e0 di compiti, tra cui sollevamento, spinta e trazione, il che lo rende una scelta versatile per gli agricoltori.<\/li>\n<li><strong>Soluzione conveniente<\/strong>: Offre elevate prestazioni a un prezzo competitivo, garantendo un eccellente rapporto qualit\u00e0-prezzo per l&#039;investimento.<\/li>\n<\/ul>\n<p>Il cilindro idraulico personalizzato 10021 Hot Sale \u00e8 un componente essenziale per le moderne operazioni agricole, che offre prestazioni affidabili e adattabilit\u00e0. Il suo design robusto e le opzioni di personalizzazione lo rendono una preziosa aggiunta a qualsiasi gamma di attrezzature agricole.<\/p>\n<h2>Vantaggi del cilindro a T saldato<\/h2>\n<ul>\n<li style=\"list-style-type: none;\">\n<ul>\n<li><strong>Maggiore forza:<\/strong> I cilindri saldati di tipo tee sono noti per la loro elevata resistenza, che li rende adatti per applicazioni che richiedono sollevamento pesante. Il processo di saldatura utilizzato durante la fabbricazione di questi cilindri assicura che il cilindro sia privo di punti deboli e possa resistere a pressione e stress elevati.<\/li>\n<\/ul>\n<\/li>\n<\/ul>\n<p>Quando si esercita pressione sul cilindro, questa si distribuisce uniformemente su tutta la superficie, rendendolo resistente alla deformazione. Questa caratteristica assicura che il cilindro possa mantenere la sua forma e integrit\u00e0 strutturale anche in condizioni estreme.<\/p>\n<ul>\n<li style=\"list-style-type: none;\">\n<ul>\n<li><strong>Prevenzione delle perdite:<\/strong> I cilindri a T saldati sono progettati per prevenire le perdite. Il processo di saldatura utilizzato durante il processo di fabbricazione assicura che il cilindro sia completamente sigillato e privo di possibili perdite. Questa caratteristica li rende adatti all&#039;uso in applicazioni in cui le perdite potrebbero causare gravi danni o lesioni.<\/li>\n<\/ul>\n<\/li>\n<\/ul>\n<p>I giunti saldati sono lisci, senza fessure o scanalature dove possano accumularsi detriti o sporcizia, riducendo il rischio di corrosione e danni al cilindro.<\/p>\n<ul>\n<li style=\"list-style-type: none;\">\n<ul>\n<li><strong>Personalizzabile:<\/strong> I cilindri saldati di tipo tee possono essere personalizzati per adattarsi a specifiche applicazioni. I cilindri sono disponibili in diverse dimensioni e forme e possono essere fabbricati per soddisfare i requisiti specifici dell&#039;applicazione.<\/li>\n<\/ul>\n<\/li>\n<\/ul>\n<p>Il processo di personalizzazione consente di ottimizzare le prestazioni del cilindro, assicurando che sia adatto all&#039;applicazione prevista. Questa caratteristica rende i cilindri di tipo tee saldati ideali per l&#039;uso in varie applicazioni industriali, tra cui edilizia, estrazione mineraria e movimentazione dei materiali.<\/p>\n<ul>\n<li style=\"list-style-type: none;\">\n<ul>\n<li><strong>Conveniente:<\/strong> I cilindri saldati di tipo tee sono convenienti rispetto ad altri tipi di cilindri. Il processo di fabbricazione utilizzato per realizzare questi cilindri \u00e8 semplice, rendendoli meno costosi rispetto ad altri tipi di cilindri.<\/li>\n<\/ul>\n<\/li>\n<\/ul>\n<p>Inoltre, l&#039;elevata resistenza e durata dei cilindri saldati a T riducono la necessit\u00e0 di frequenti riparazioni e sostituzioni, risparmiando sui costi di manutenzione. Questa caratteristica li rende una scelta popolare per molti settori, in particolare quelli con un budget limitato.<\/p>\n<ul>\n<li style=\"list-style-type: none;\">\n<ul>\n<li><strong>Maggiore efficienza:<\/strong> I cilindri a T saldati sono altamente efficienti ed efficaci. Il design del cilindro assicura che la forza applicata venga trasferita direttamente al carico, riducendo la perdita di energia e aumentando l&#039;efficienza.<\/li>\n<\/ul>\n<\/li>\n<\/ul>\n<p>I giunti saldati sono robusti e rigidi, riducendo al minimo la flessione e assicurando che il cilindro mantenga la sua forma e integrit\u00e0 strutturale anche in condizioni estreme. Questa caratteristica rende i cilindri saldati di tipo tee ideali per l&#039;uso in applicazioni che richiedono elevata efficienza e affidabilit\u00e0.<\/p>\n<h2>Applicazione del cilindro di tipo Tee saldato<\/h2>\n<h3>Introduzione<\/h3>\n<p>Il cilindro di tipo tee saldato \u00e8 un tipo di cilindro idraulico comunemente utilizzato nelle applicazioni industriali. \u00c8 progettato per fornire un&#039;elevata potenza in un pacchetto compatto ed economico. Questo tipo di cilindro \u00e8 costituito da un tee saldato e da uno stelo del pistone che \u00e8 attaccato al tee. Il tee \u00e8 collegato alla canna del cilindro e contiene un pistone che si muove avanti e indietro all&#039;interno della canna per generare forza.<\/p>\n<h3>Vantaggi del cilindro a T saldato<\/h3>\n<p>L&#039;utilizzo di un cilindro a T saldato nelle applicazioni industriali presenta diversi vantaggi:<\/p>\n<ul>\n<li><b>Design compatto:<\/b> I cilindri saldati a T sono progettati per essere compatti, il che li rende ideali per l&#039;uso in applicazioni in cui lo spazio \u00e8 limitato.<\/li>\n<li><b>Alta efficienza:<\/b> I cilindri saldati a T sono altamente efficienti, il che significa che possono generare una grande quantit\u00e0 di forza con un apporto energetico minimo.<\/li>\n<li><b>Durevole:<\/b> I cilindri saldati a T sono progettati per essere estremamente durevoli, ovvero possono sopportare condizioni operative difficili e durare a lungo.<\/li>\n<li><b>Conveniente:<\/b> I cilindri saldati a T sono convenienti, il che significa che offrono un buon rapporto qualit\u00e0-prezzo.<\/li>\n<\/ul>\n<p><img loading=\"lazy\" decoding=\"async\" class=\"alignnone size-full wp-image-974\" src=\"https:\/\/fmp-components.com\/wp-content\/uploads\/2024\/12\/application-of-Welded-Tee-Type-Cylinder.webp\" alt=\"applicazione-del-cilindro-di-tipo-a-T-saldato\" width=\"760\" height=\"860\" title=\"\" srcset=\"https:\/\/fmp-components.com\/wp-content\/uploads\/2024\/12\/application-of-Welded-Tee-Type-Cylinder.webp 760w, https:\/\/fmp-components.com\/wp-content\/uploads\/2024\/12\/application-of-Welded-Tee-Type-Cylinder-480x543.webp 480w\" sizes=\"(min-width: 0px) and (max-width: 480px) 480px, (min-width: 481px) 760px, 100vw\" \/><\/p>\n<h3>Applicazioni del cilindro tipo Tee saldato<\/h3>\n<p>Esistono numerose applicazioni per i cilindri saldati di tipo T in vari settori, tra cui:<\/p>\n<ul>\n<li><b>Produzione:<\/b> I cilindri saldati a T vengono utilizzati nel settore manifatturiero per azionare macchinari, spostare carichi pesanti e modellare parti metalliche.<\/li>\n<li><b>Agricoltura:<\/b> I cilindri saldati del tipo a T vengono utilizzati in agricoltura per azionare i sistemi idraulici di trattori, mietitrici e altre attrezzature agricole.<\/li>\n<li><b>Costruzione:<\/b> I cilindri saldati del tipo a T vengono utilizzati nell&#039;edilizia per azionare macchinari quali gru, escavatori e terne.<\/li>\n<li><b>Estrazione mineraria:<\/b> I cilindri saldati del tipo a T vengono utilizzati nel settore minerario per azionare i sistemi idraulici di macchinari pesanti come bulldozer, caricatori e perforatrici da roccia.<\/li>\n<li><b>Trasporti:<\/b> I cilindri saldati del tipo a T vengono utilizzati nel settore dei trasporti per azionare i sistemi idraulici di camion, autobus e altri veicoli.<\/li>\n<\/ul>\n<p>In conclusione, i cilindri saldati di tipo tee sono un componente importante in molte applicazioni industriali. Sono progettati per essere compatti, efficienti, durevoli e convenienti, il che li rende una scelta ideale per un&#039;ampia gamma di applicazioni. Che tu stia utilizzando macchinari in uno stabilimento di produzione, attrezzature agricole in una fattoria o attrezzature pesanti in una miniera, i cilindri saldati di tipo tee possono aiutarti a svolgere il lavoro in modo efficiente ed efficace.<\/p>\n<h3>Informazioni su FMP<\/h3>\n<p>FMP \u00e8 un produttore leader di cilindri idraulici di alta qualit\u00e0 con oltre 30 anni di esperienza nel settore. La nostra area industriale si trova in Italia e disponiamo di oltre 100 pezzi di equipaggiamento, tra cui saldatrici automatiche a gas schermato, alesatrici per fori profondi, torni CNC, rettificatrici cilindriche, macchine per la pulizia automatica, macchine per l&#039;installazione automatica, banchi di prova automatici per le prestazioni dei cilindri idraulici e linee di verniciatura automatiche.<\/p>\n<p>Offriamo vari tipi di cilindri idraulici, tra cui cilindri idraulici a orecchino, cilindri idraulici telescopici automatici bidirezionali e molto altro, tutti sottoposti a rigorosi processi di lavorazione e ispezione per garantire la qualit\u00e0 ai nostri clienti.<\/p>\n<h4>I nostri servizi e vantaggi<\/h4>\n<ol>\n<li><strong>Servizio di progettazione:<\/strong> Il nostro team di progettazione vanta una vasta esperienza nella progettazione e nello sviluppo di prodotti con albero universale. Possiamo supportarvi con nuove esigenze di prodotto o ulteriori miglioramenti ai vostri prodotti esistenti.<\/li>\n<li><strong>Servizio prodotto:<\/strong> Il nostro processo produttivo comprende la selezione delle materie prime, il taglio, la lavorazione grossolana, il collaudo, la pulizia, l&#039;assemblaggio, l&#039;imballaggio e il trasporto per garantire che i nostri prodotti soddisfino i pi\u00f9 elevati standard qualitativi.<\/li>\n<li><strong>Processo di esempio:<\/strong> Possiamo sviluppare campioni in base alle tue esigenze e modificarli continuamente per soddisfare le tue necessit\u00e0. Questo assicura che tu riceva esattamente il prodotto di cui hai bisogno per la tua applicazione specifica.<\/li>\n<li><strong>Ricerca e sviluppo:<\/strong> Il nostro team studia continuamente il mercato per sviluppare nuovi modelli che soddisfino le esigenze emergenti. Questo ci assicura di essere sempre un passo avanti nel settore e di fornire ai nostri clienti i prodotti pi\u00f9 recenti e migliori.<\/li>\n<li><strong>Personalizzazione:<\/strong> Accettiamo ordini personalizzati e possiamo produrre cilindri idraulici che si adattino esattamente alle vostre specifiche. Grazie alla nostra ampia attrezzatura e al nostro team professionale, siamo in grado di fornire una soluzione su misura per ciascuno dei nostri clienti.<\/li>\n<\/ol>\n<p>Scegliendo FMP, puoi essere certo di ottenere cilindri idraulici di alta qualit\u00e0, progettati e realizzati con la massima cura. Contattaci per saperne di pi\u00f9 su come possiamo aiutarti con le tue esigenze di cilindri idraulici.<\/p>\n<p><img decoding=\"async\" src=\"https:\/\/fmp-components.com\/wp-content\/uploads\/2024\/12\/fmp-factory-4.webp\" alt=\"fabbrica FMP\" width=\"800\" title=\"\"><br \/>\nAutore:CX<\/p>","protected":false},"excerpt":{"rendered":"<p>The 10021 Hot Sale Customized Hydraulic Cylinder is specifically designed for agricultural applications, providing tailored solutions to meet the diverse needs of farmers. This hydraulic cylinder combines robust construction with customizable features, ensuring optimal performance in various farming tasks. Key Features: Customized Design: Tailored to meet specific requirements, facilitating compatibility with a wide range of [&hellip;]<\/p>","protected":false},"featured_media":1132,"comment_status":"closed","ping_status":"closed","template":"","meta":{"_et_pb_use_builder":"","_et_pb_old_content":"","_et_gb_content_width":""},"product_brand":[],"product_cat":[31],"product_tag":[34,35],"class_list":{"0":"post-941","1":"product","2":"type-product","3":"status-publish","4":"has-post-thumbnail","6":"product_cat-welded-tee-type-cylinder","7":"product_tag-hydraulic-cylinder","8":"product_tag-welded-tee-type-cylinder","10":"first","11":"instock","12":"product-type-simple"},"_links":{"self":[{"href":"https:\/\/fmp-components.com\/it\/wp-json\/wp\/v2\/product\/941","targetHints":{"allow":["GET"]}}],"collection":[{"href":"https:\/\/fmp-components.com\/it\/wp-json\/wp\/v2\/product"}],"about":[{"href":"https:\/\/fmp-components.com\/it\/wp-json\/wp\/v2\/types\/product"}],"replies":[{"embeddable":true,"href":"https:\/\/fmp-components.com\/it\/wp-json\/wp\/v2\/comments?post=941"}],"wp:featuredmedia":[{"embeddable":true,"href":"https:\/\/fmp-components.com\/it\/wp-json\/wp\/v2\/media\/1132"}],"wp:attachment":[{"href":"https:\/\/fmp-components.com\/it\/wp-json\/wp\/v2\/media?parent=941"}],"wp:term":[{"taxonomy":"product_brand","embeddable":true,"href":"https:\/\/fmp-components.com\/it\/wp-json\/wp\/v2\/product_brand?post=941"},{"taxonomy":"product_cat","embeddable":true,"href":"https:\/\/fmp-components.com\/it\/wp-json\/wp\/v2\/product_cat?post=941"},{"taxonomy":"product_tag","embeddable":true,"href":"https:\/\/fmp-components.com\/it\/wp-json\/wp\/v2\/product_tag?post=941"}],"curies":[{"name":"parola chiave","href":"https:\/\/api.w.org\/{rel}","templated":true}]}}