{"id":932,"date":"2024-12-19T03:39:00","date_gmt":"2024-12-19T03:39:00","guid":{"rendered":"https:\/\/fmp-components.com\/product\/10012-guaranteed-quality-trailer-hydraulic-ram-cylinder-double-acting-hydraulic-cylinder\/"},"modified":"2024-12-26T09:00:30","modified_gmt":"2024-12-26T09:00:30","slug":"10012-guaranteed-quality-trailer-hydraulic-ram-cylinder-double-acting-hydraulic-cylinder","status":"publish","type":"product","link":"https:\/\/fmp-components.com\/it\/product\/10012-guaranteed-quality-trailer-hydraulic-ram-cylinder-double-acting-hydraulic-cylinder\/","title":{"rendered":"10012 Cilindro idraulico per rimorchio di qualit\u00e0 garantita Cilindro idraulico a doppia azione"},"content":{"rendered":"<p>Benvenuti in FMP, dove vi offriamo il cilindro idraulico a doppio effetto per rimorchio di qualit\u00e0 garantita, un prodotto di prima qualit\u00e0 che migliora notevolmente l&#039;efficienza dei vostri sistemi idraulici. Fondata nel 2006, FMP \u00e8 stata un&#039;azienda pioniera nel settore idraulico con sede centrale a Italy City.<\/p>\n<p>Questo cilindro idraulico \u00e8 un componente integrale dei sistemi idraulici, che svolge un ruolo fondamentale nella conversione della potenza fluida in potenza meccanica. Non \u00e8 solo un cilindro, ma una parte di macchina ad alte prestazioni che migliora la funzionalit\u00e0 e l&#039;efficienza complessive dei tuoi sistemi.<\/p>\n<p>Il cilindro vanta specifiche impressionanti come le sue dimensioni, capacit\u00e0 e capacit\u00e0 di carico, rendendolo una scelta affidabile per numerose applicazioni. \u00c8 a risparmio energetico, altamente efficiente e sicuro.<\/p>\n<p>Un sistema idraulico funziona secondo il principio della legge di Pascal. La pressione applicata in un punto \u00e8 distribuita equamente in tutto il fluido, consentendo al sistema di esercitare grandi quantit\u00e0 di forza con il minimo sforzo. Il nostro cilindro idraulico a doppio effetto per rimorchi di qualit\u00e0 garantita migliora questo processo offrendo prestazioni efficienti e affidabili.<\/p>\n<p><img loading=\"lazy\" decoding=\"async\" class=\"alignnone size-full wp-image-976\" src=\"https:\/\/fmp-components.com\/wp-content\/uploads\/2024\/12\/Welded-Tee-Type-Cylinder2.webp\" alt=\"Cilindro tipo Tee saldato\" width=\"764\" height=\"675\" title=\"\" srcset=\"https:\/\/fmp-components.com\/wp-content\/uploads\/2024\/12\/Welded-Tee-Type-Cylinder2.webp 764w, https:\/\/fmp-components.com\/wp-content\/uploads\/2024\/12\/Welded-Tee-Type-Cylinder2-480x424.webp 480w\" sizes=\"(min-width: 0px) and (max-width: 480px) 480px, (min-width: 481px) 764px, 100vw\" \/><\/p>\n<p>Dai macchinari edili alle attrezzature industriali, il nostro cilindro idraulico trova applicazione in un&#039;ampia gamma di contesti. \u00c8 la scelta perfetta per sistemi che richiedono elevata potenza in uscita e controllo preciso.<\/p>\n<p>FMP \u00e8 un nome leader nel mercato dei cilindri idraulici in Italia. Con una capacit\u00e0 di progettazione di 200.000 set e oltre 300 set di varie apparecchiature di produzione CNC completamente automatiche, offriamo un&#039;ampia gamma di prodotti tra cui cilindri idraulici di inclinazione, cilindri idraulici di sterzo e cilindri idraulici di sollevamento.<\/p>\n<p>In FMP, diamo priorit\u00e0 alla qualit\u00e0, alla convenienza e all&#039;eccellente servizio. Oltre al nostro prodotto di punta, forniamo anche cilindri per piattaforme aeree, cilindri idraulici per veicoli industriali, cilindri per perforatrici rotanti, cilindri per gru per automobili, cilindri idraulici per macchinari edili, cilindri idraulici per carrelli elevatori, cilindri per autocarri con cassone ribaltabile da miniera, cilindri idraulici per macchinari per la sanificazione ambientale, tra gli altri. Accogliamo con favore la personalizzazione in base alle specifiche esigenze del cliente.<\/p>\n<p>Per saperne di pi\u00f9 sui nostri prodotti o per qualsiasi domanda, visita la nostra fabbrica VR qui: <iframe loading=\"lazy\" id=\"FMP VR ????\" title=\"Italiano:\" src=\"https:\/\/v.holoworld.com.cn\/v\/virtualbuy.html?id=78a76263-47ab-485f-b978-0dafacfb4096\" width=\"800\" height=\"600\"><\/iframe><\/p>\n<h2>Vantaggi del cilindro a T saldato<\/h2>\n<ul>\n<li style=\"list-style-type: none;\">\n<ul>\n<li><strong>Maggiore forza:<\/strong> I cilindri saldati di tipo tee sono noti per la loro elevata resistenza, che li rende adatti per applicazioni che richiedono sollevamento pesante. Il processo di saldatura utilizzato durante la fabbricazione di questi cilindri assicura che il cilindro sia privo di punti deboli e possa resistere a pressione e stress elevati.<\/li>\n<\/ul>\n<\/li>\n<\/ul>\n<p>Quando si esercita pressione sul cilindro, questa si distribuisce uniformemente su tutta la superficie, rendendolo resistente alla deformazione. Questa caratteristica assicura che il cilindro possa mantenere la sua forma e integrit\u00e0 strutturale anche in condizioni estreme.<\/p>\n<ul>\n<li style=\"list-style-type: none;\">\n<ul>\n<li><strong>Prevenzione delle perdite:<\/strong> I cilindri a T saldati sono progettati per prevenire le perdite. Il processo di saldatura utilizzato durante il processo di fabbricazione assicura che il cilindro sia completamente sigillato e privo di possibili perdite. Questa caratteristica li rende adatti all&#039;uso in applicazioni in cui le perdite potrebbero causare gravi danni o lesioni.<\/li>\n<\/ul>\n<\/li>\n<\/ul>\n<p>I giunti saldati sono lisci, senza fessure o scanalature dove possano accumularsi detriti o sporcizia, riducendo il rischio di corrosione e danni al cilindro.<\/p>\n<ul>\n<li style=\"list-style-type: none;\">\n<ul>\n<li><strong>Personalizzabile:<\/strong> I cilindri saldati di tipo tee possono essere personalizzati per adattarsi a specifiche applicazioni. I cilindri sono disponibili in diverse dimensioni e forme e possono essere fabbricati per soddisfare i requisiti specifici dell&#039;applicazione.<\/li>\n<\/ul>\n<\/li>\n<\/ul>\n<p>Il processo di personalizzazione consente di ottimizzare le prestazioni del cilindro, assicurando che sia adatto all&#039;applicazione prevista. Questa caratteristica rende i cilindri di tipo tee saldati ideali per l&#039;uso in varie applicazioni industriali, tra cui edilizia, estrazione mineraria e movimentazione dei materiali.<\/p>\n<ul>\n<li style=\"list-style-type: none;\">\n<ul>\n<li><strong>Conveniente:<\/strong> I cilindri saldati di tipo tee sono convenienti rispetto ad altri tipi di cilindri. Il processo di fabbricazione utilizzato per realizzare questi cilindri \u00e8 semplice, rendendoli meno costosi rispetto ad altri tipi di cilindri.<\/li>\n<\/ul>\n<\/li>\n<\/ul>\n<p>Inoltre, l&#039;elevata resistenza e durata dei cilindri saldati a T riducono la necessit\u00e0 di frequenti riparazioni e sostituzioni, risparmiando sui costi di manutenzione. Questa caratteristica li rende una scelta popolare per molti settori, in particolare quelli con un budget limitato.<\/p>\n<ul>\n<li style=\"list-style-type: none;\">\n<ul>\n<li><strong>Maggiore efficienza:<\/strong> I cilindri a T saldati sono altamente efficienti ed efficaci. Il design del cilindro assicura che la forza applicata venga trasferita direttamente al carico, riducendo la perdita di energia e aumentando l&#039;efficienza.<\/li>\n<\/ul>\n<\/li>\n<\/ul>\n<p>I giunti saldati sono robusti e rigidi, riducendo al minimo la flessione e assicurando che il cilindro mantenga la sua forma e integrit\u00e0 strutturale anche in condizioni estreme. Questa caratteristica rende i cilindri saldati di tipo tee ideali per l&#039;uso in applicazioni che richiedono elevata efficienza e affidabilit\u00e0.<\/p>\n<h2>Applicazione del cilindro di tipo Tee saldato<\/h2>\n<h3>Introduzione<\/h3>\n<p>Il cilindro di tipo tee saldato \u00e8 un tipo di cilindro idraulico comunemente utilizzato nelle applicazioni industriali. \u00c8 progettato per fornire un&#039;elevata potenza in un pacchetto compatto ed economico. Questo tipo di cilindro \u00e8 costituito da un tee saldato e da uno stelo del pistone che \u00e8 attaccato al tee. Il tee \u00e8 collegato alla canna del cilindro e contiene un pistone che si muove avanti e indietro all&#039;interno della canna per generare forza.<\/p>\n<h3>Vantaggi del cilindro a T saldato<\/h3>\n<p>L&#039;utilizzo di un cilindro a T saldato nelle applicazioni industriali presenta diversi vantaggi:<\/p>\n<ul>\n<li><b>Design compatto:<\/b> I cilindri saldati a T sono progettati per essere compatti, il che li rende ideali per l&#039;uso in applicazioni in cui lo spazio \u00e8 limitato.<\/li>\n<li><b>Alta efficienza:<\/b> I cilindri saldati a T sono altamente efficienti, il che significa che possono generare una grande quantit\u00e0 di forza con un apporto energetico minimo.<\/li>\n<li><b>Durevole:<\/b> I cilindri saldati a T sono progettati per essere estremamente durevoli, ovvero possono sopportare condizioni operative difficili e durare a lungo.<\/li>\n<li><b>Conveniente:<\/b> I cilindri saldati a T sono convenienti, il che significa che offrono un buon rapporto qualit\u00e0-prezzo.<\/li>\n<\/ul>\n<h3>Applicazioni del cilindro tipo Tee saldato<\/h3>\n<p>Esistono numerose applicazioni per i cilindri saldati di tipo T in vari settori, tra cui:<\/p>\n<ul>\n<li><b>Produzione:<\/b> I cilindri saldati a T vengono utilizzati nel settore manifatturiero per azionare macchinari, spostare carichi pesanti e modellare parti metalliche.<\/li>\n<li><b>Agricoltura:<\/b> I cilindri saldati del tipo a T vengono utilizzati in agricoltura per azionare i sistemi idraulici di trattori, mietitrici e altre attrezzature agricole.<\/li>\n<li><b>Costruzione:<\/b> I cilindri saldati del tipo a T vengono utilizzati nell&#039;edilizia per azionare macchinari quali gru, escavatori e terne.<\/li>\n<li><b>Estrazione mineraria:<\/b> I cilindri saldati del tipo a T vengono utilizzati nel settore minerario per azionare i sistemi idraulici di macchinari pesanti come bulldozer, caricatori e perforatrici da roccia.<\/li>\n<li><b>Trasporti:<\/b> I cilindri saldati del tipo a T vengono utilizzati nel settore dei trasporti per azionare i sistemi idraulici di camion, autobus e altri veicoli.<\/li>\n<\/ul>\n<p>In conclusione, i cilindri saldati di tipo tee sono un componente importante in molte applicazioni industriali. Sono progettati per essere compatti, efficienti, durevoli e convenienti, il che li rende una scelta ideale per un&#039;ampia gamma di applicazioni. Che tu stia utilizzando macchinari in uno stabilimento di produzione, attrezzature agricole in una fattoria o attrezzature pesanti in una miniera, i cilindri saldati di tipo tee possono aiutarti a svolgere il lavoro in modo efficiente ed efficace.<\/p>\n<h3>Informazioni su FMP<\/h3>\n<p>FMP, con oltre 30 anni di presenza in Italia, \u00e8 un produttore e fornitore leader di cilindri idraulici. Siamo specializzati nella produzione e personalizzazione di vari tipi di cilindri idraulici per soddisfare le esigenze specifiche dei nostri clienti. Il nostro impegno per la qualit\u00e0 e la soddisfazione del cliente ci ha reso un nome affidabile nel settore.<\/p>\n<p><img decoding=\"async\" src=\"https:\/\/fmp-components.com\/wp-content\/uploads\/2024\/12\/fmp-factory-4.webp\" alt=\"fabbrica FMP\" width=\"800\" title=\"\"><\/p>\n<p>Ecco cinque motivi per cui dovresti scegliere FMP per tutte le tue esigenze in fatto di cilindri idraulici:<\/p>\n<ol>\n<li style=\"list-style-type: none;\">\n<ol>\n<li>Ampia gamma di attrezzature<\/li>\n<\/ol>\n<\/li>\n<\/ol>\n<p>Grazie alle nostre strutture all&#039;avanguardia e a oltre 100 attrezzature, tra cui una saldatrice automatica a gas di protezione, una alesatrice per fori profondi, un tornio CNC, una rettificatrice cilindrica, una macchina per la pulizia automatica, una macchina di installazione automatica, un banco di prova automatico per le prestazioni dei cilindri idraulici e una linea di verniciatura automatica, siamo in grado di produrre cilindri idraulici di alta qualit\u00e0 per varie applicazioni.<\/p>\n<ol>\n<li style=\"list-style-type: none;\">\n<ol>\n<li>Controllo di qualit\u00e0 rigoroso<\/li>\n<\/ol>\n<\/li>\n<\/ol>\n<p>Ogni cilindro idraulico \u00e8 sottoposto a rigorose lavorazioni e ispezioni per garantire una qualit\u00e0 superiore. Abbiamo implementato rigorose misure di controllo qualit\u00e0 in ogni fase della produzione per soddisfare i pi\u00f9 elevati standard del settore. Il nostro impegno per la qualit\u00e0 garantisce prestazioni affidabili e durata per i nostri clienti.<\/p>\n<ol>\n<li style=\"list-style-type: none;\">\n<ol>\n<li>Servizio di progettazione<\/li>\n<\/ol>\n<\/li>\n<\/ol>\n<p>Il nostro team di progettazione esperto pu\u00f2 assisterti nella progettazione e nello sviluppo del prodotto. Che tu abbia bisogno di un nuovo prodotto o di miglioramenti a quelli esistenti, siamo qui per supportarti. Abbiamo l&#039;esperienza per trasformare le tue idee in soluzioni innovative ed efficienti per cilindri idraulici.<\/p>\n<ol>\n<li style=\"list-style-type: none;\">\n<ol>\n<li>Processo di produzione efficiente<\/li>\n<\/ol>\n<\/li>\n<\/ol>\n<p>Dall&#039;approvvigionamento delle materie prime all&#039;imballaggio e al trasporto, il nostro processo di produzione semplificato garantisce la consegna puntuale dei prodotti senza compromettere la qualit\u00e0. Aderiamo a rigide misure di controllo qualit\u00e0 in ogni fase per mantenere coerenza ed efficienza nelle nostre operazioni di produzione.<\/p>\n<ol>\n<li style=\"list-style-type: none;\">\n<ol>\n<li>Ricerca e sviluppo in corso<\/li>\n<\/ol>\n<\/li>\n<\/ol>\n<p>In FMP, restiamo costantemente aggiornati sulle ultime tendenze e richieste del mercato. Il nostro team dedicato di ricerca e sviluppo esplora nuove tecnologie e design per sviluppare modelli di cilindri idraulici innovativi. Questo impegno per l&#039;innovazione ci consente di fornire ai nostri clienti soluzioni all&#039;avanguardia che soddisfano le mutevoli esigenze del mercato.<\/p>\n<p>Con la nostra gamma completa di cilindri idraulici, l&#039;impegno per la qualit\u00e0 e l&#039;approccio incentrato sul cliente, FMP \u00e8 il tuo partner di fiducia per tutte le tue esigenze di cilindri idraulici. Contattaci oggi stesso per discutere delle tue esigenze e sperimentare l&#039;eccellenza dei prodotti FMP.<\/p>\n<p>Autore:CX<\/p>","protected":false},"excerpt":{"rendered":"<p>Welcome to FMP, where we offer you the Guaranteed Quality Trailer Hydraulic Ram Cylinder Double Acting Hydraulic Cylinder, a top-tier product that remarkably enhances the efficiency of your hydraulic systems. Established in 2006, FMP has been a pioneer in the hydraulics industry with its headquarters in Italy City. This hydraulic cylinder is an integral component [&hellip;]<\/p>","protected":false},"featured_media":1132,"comment_status":"closed","ping_status":"closed","template":"","meta":{"_et_pb_use_builder":"","_et_pb_old_content":"","_et_gb_content_width":""},"product_brand":[],"product_cat":[31],"product_tag":[34,35],"class_list":{"0":"post-932","1":"product","2":"type-product","3":"status-publish","4":"has-post-thumbnail","6":"product_cat-welded-tee-type-cylinder","7":"product_tag-hydraulic-cylinder","8":"product_tag-welded-tee-type-cylinder","10":"first","11":"instock","12":"product-type-simple"},"_links":{"self":[{"href":"https:\/\/fmp-components.com\/it\/wp-json\/wp\/v2\/product\/932","targetHints":{"allow":["GET"]}}],"collection":[{"href":"https:\/\/fmp-components.com\/it\/wp-json\/wp\/v2\/product"}],"about":[{"href":"https:\/\/fmp-components.com\/it\/wp-json\/wp\/v2\/types\/product"}],"replies":[{"embeddable":true,"href":"https:\/\/fmp-components.com\/it\/wp-json\/wp\/v2\/comments?post=932"}],"wp:featuredmedia":[{"embeddable":true,"href":"https:\/\/fmp-components.com\/it\/wp-json\/wp\/v2\/media\/1132"}],"wp:attachment":[{"href":"https:\/\/fmp-components.com\/it\/wp-json\/wp\/v2\/media?parent=932"}],"wp:term":[{"taxonomy":"product_brand","embeddable":true,"href":"https:\/\/fmp-components.com\/it\/wp-json\/wp\/v2\/product_brand?post=932"},{"taxonomy":"product_cat","embeddable":true,"href":"https:\/\/fmp-components.com\/it\/wp-json\/wp\/v2\/product_cat?post=932"},{"taxonomy":"product_tag","embeddable":true,"href":"https:\/\/fmp-components.com\/it\/wp-json\/wp\/v2\/product_tag?post=932"}],"curies":[{"name":"parola chiave","href":"https:\/\/api.w.org\/{rel}","templated":true}]}}