{"id":885,"date":"2024-12-19T02:48:59","date_gmt":"2024-12-19T02:48:59","guid":{"rendered":"https:\/\/fmp-components.com\/?page_id=8"},"modified":"2024-12-19T02:50:44","modified_gmt":"2024-12-19T02:50:44","slug":"hydraulic-cylinder-for-double-shield-tunnel-boring-machine","status":"publish","type":"product","link":"https:\/\/fmp-components.com\/it\/product\/hydraulic-cylinder-for-double-shield-tunnel-boring-machine\/","title":{"rendered":"Cilindro idraulico per macchina perforatrice per tunnel a doppio scudo"},"content":{"rendered":"<p style=\"text-align: center;\"><span style=\"font-size: 18pt;\">Cilindro idraulico per macchina perforatrice per tunnel a doppio scudo<\/span><\/p>\n<p>Il cilindro idraulico per le macchine perforatrici per tunnel a doppio scudo \u00e8 un componente essenziale progettato per migliorare l&#039;efficienza e la precisione dello scavo di tunnel. Questo sistema idraulico avanzato consente un funzionamento efficace all&#039;interno dell&#039;esclusiva struttura a doppio scudo, consentendo lo scavo simultaneo di tunnel e l&#039;installazione di supporto.<\/p>\n<p><img loading=\"lazy\" decoding=\"async\" class=\"alignnone size-full wp-image-911\" src=\"https:\/\/fmp-components.com\/wp-content\/uploads\/2024\/12\/Double-Shield-Tunnel-Boring-Machine-Support-Shoe-Cylinder-1.webp\" alt=\"Cilindro di supporto per macchina perforatrice a tunnel a doppio scudo\" width=\"980\" height=\"554\" title=\"\" srcset=\"https:\/\/fmp-components.com\/wp-content\/uploads\/2024\/12\/Double-Shield-Tunnel-Boring-Machine-Support-Shoe-Cylinder-1.webp 980w, https:\/\/fmp-components.com\/wp-content\/uploads\/2024\/12\/Double-Shield-Tunnel-Boring-Machine-Support-Shoe-Cylinder-1-480x271.webp 480w\" sizes=\"(min-width: 0px) and (max-width: 480px) 480px, (min-width: 481px) 980px, 100vw\" \/><\/p>\n<h4>Caratteristiche principali:<\/h4>\n<ul>\n<li><strong>Elevata capacit\u00e0 di spinta:<\/strong><br \/>\nProgettati per fornire una forza notevole, questi cilindri idraulici facilitano gli scavi rapidi, riducendo significativamente i tempi di progetto e migliorando la produttivit\u00e0 complessiva.<\/li>\n<li><strong>Robustezza e durevolezza:<\/strong><br \/>\nRealizzati con materiali ad alta resistenza, i cilindri sono concepiti per resistere alle difficili condizioni tipiche delle opere di scavo in galleria, garantendo prestazioni e affidabilit\u00e0 durature.<\/li>\n<li><strong>Controllo di precisione:<\/strong><br \/>\nIl sistema idraulico consente movimenti e controlli precisi della trivella, consentendo un allineamento e uno scavo accurati, fondamentali per soddisfare le specifiche del progetto e gli standard di sicurezza.<\/li>\n<li><strong>Stabilit\u00e0 migliorata:<\/strong><br \/>\nQuesti cilindri contribuiscono alla stabilit\u00e0 complessiva del sistema a doppio scudo, garantendo un funzionamento sicuro attraverso diverse formazioni geologiche e riducendo al minimo il rischio di incidenti.<\/li>\n<li><strong>Applicazioni versatili:<\/strong><br \/>\nAdatti a un&#039;ampia gamma di progetti, tra cui sistemi metropolitani, tunnel di pubblica utilit\u00e0 e sviluppi infrastrutturali, questi cilindri idraulici sono adattabili a diverse esigenze di scavo di tunnel.<\/li>\n<li><strong>Bassa richiesta di manutenzione:<\/strong><br \/>\nIl design durevole riduce l&#039;usura, con conseguenti minori costi di manutenzione e minori tempi di fermo, migliorando l&#039;efficienza complessiva del progetto.<\/li>\n<li><strong>Funzionalit\u00e0 di sicurezza avanzate:<\/strong><br \/>\nDotati di meccanismi di sicurezza per evitare lo sgancio accidentale, questi cilindri idraulici garantiscono un funzionamento sicuro, proteggendo sia l&#039;equipaggio che i macchinari durante lo scavo.<\/li>\n<\/ul>\n<p>Il cilindro idraulico per le macchine perforatrici per tunnel a doppio scudo \u00e8 un componente essenziale nella moderna tecnologia di scavo di tunnel, che offre elevate prestazioni, durata e sicurezza. La sua integrazione nelle macchine perforatrici per tunnel migliora significativamente l&#039;efficienza e il successo dei progetti di costruzione sotterranea, rendendolo indispensabile per lo sviluppo delle infrastrutture.<\/p>\n<h2>Cilindro di supporto per scarpa per macchina perforatrice a tunnel a doppio scudo<\/h2>\n<p><img loading=\"lazy\" decoding=\"async\" class=\"size-full wp-image-912 aligncenter\" src=\"https:\/\/fmp-components.com\/wp-content\/uploads\/2024\/12\/Double-Shield-Tunnel-Boring-Machine-Support-Shoe-Cylinder.webp\" alt=\"Cilindro di supporto per scarpa per macchina perforatrice a tunnel a doppio scudo\" width=\"500\" height=\"200\" title=\"\" srcset=\"https:\/\/fmp-components.com\/wp-content\/uploads\/2024\/12\/Double-Shield-Tunnel-Boring-Machine-Support-Shoe-Cylinder.webp 500w, https:\/\/fmp-components.com\/wp-content\/uploads\/2024\/12\/Double-Shield-Tunnel-Boring-Machine-Support-Shoe-Cylinder-480x192.webp 480w\" sizes=\"(min-width: 0px) and (max-width: 480px) 480px, (min-width: 481px) 500px, 100vw\" \/><\/p>\n<table style=\"width: 94.1786%; height: 146px;\" border=\"1\" cellspacing=\"0\" cellpadding=\"0\">\n<tbody>\n<tr>\n<td>Nome del prodotto<\/td>\n<td>Cilindro di supporto per scarpa per macchina perforatrice a tunnel a doppio scudo<\/td>\n<\/tr>\n<tr>\n<td>Caratteristiche:<\/td>\n<td>Fornisce la spinta per lo scavo della testa di taglio<\/td>\n<\/tr>\n<tr>\n<td>Diametro del foro:<\/td>\n<td>320mm\uff5e700mm<\/td>\n<\/tr>\n<tr>\n<td>Diametro dell&#039;asta:<\/td>\n<td>220mm\uff5e500mm<br \/>\nCorsa: 300mm\uff5e1200mm<\/td>\n<\/tr>\n<tr>\n<td>Pressione:<\/td>\n<td>fino a 35 MPa<\/td>\n<\/tr>\n<tr>\n<td>Applicazioni:<\/td>\n<td>Macchina perforatrice per tunnel a doppio scudo<\/td>\n<\/tr>\n<\/tbody>\n<\/table>\n<h2>Cilindro di coppia della macchina perforatrice del tunnel a doppio scudo<\/h2>\n<p><img loading=\"lazy\" decoding=\"async\" class=\"size-full wp-image-907 aligncenter\" src=\"https:\/\/fmp-components.com\/wp-content\/uploads\/2024\/12\/Double-Shield-Tunnel-Boring-Machine-Torque-Cylinder.webp\" alt=\"Cilindro di coppia della macchina perforatrice del tunnel a doppio scudo\" width=\"500\" height=\"200\" title=\"\" srcset=\"https:\/\/fmp-components.com\/wp-content\/uploads\/2024\/12\/Double-Shield-Tunnel-Boring-Machine-Torque-Cylinder.webp 500w, https:\/\/fmp-components.com\/wp-content\/uploads\/2024\/12\/Double-Shield-Tunnel-Boring-Machine-Torque-Cylinder-480x192.webp 480w\" sizes=\"(min-width: 0px) and (max-width: 480px) 480px, (min-width: 481px) 500px, 100vw\" \/><\/p>\n<table style=\"width: 94.832%; height: 150px;\" border=\"1\" cellspacing=\"0\" cellpadding=\"0\">\n<tbody>\n<tr>\n<td>Nome del prodotto<\/td>\n<td>Cilindro di coppia della macchina perforatrice del tunnel a doppio scudo<\/td>\n<\/tr>\n<tr>\n<td>Caratteristiche:<\/td>\n<td>Trasmettere la coppia della testa di taglio<\/td>\n<\/tr>\n<tr>\n<td>Specifica:<\/td>\n<td>\u00c8 possibile progettare e produrre diverse strutture e specifiche dei cilindri di coppia in base alle esigenze del cliente<\/td>\n<\/tr>\n<tr>\n<td>Pressione:<\/td>\n<td>fino a 25 MPa<br \/>\nRequisiti speciali fino a 35 MPa<\/td>\n<\/tr>\n<tr>\n<td>Applicazioni:<\/td>\n<td>Macchina perforatrice per tunnel a doppio scudo<\/td>\n<\/tr>\n<\/tbody>\n<\/table>\n<h2>Cilindro di spinta principale della macchina perforatrice per tunnel a doppio scudo<\/h2>\n<p><img loading=\"lazy\" decoding=\"async\" class=\"size-full wp-image-906 aligncenter\" src=\"https:\/\/fmp-components.com\/wp-content\/uploads\/2024\/12\/Double-Shield-Tunnel-Boring-Machine-Main-Thrust-Cylinder.webp\" alt=\"Cilindro di spinta principale della macchina perforatrice per tunnel a doppio scudo\" width=\"500\" height=\"200\" title=\"\" srcset=\"https:\/\/fmp-components.com\/wp-content\/uploads\/2024\/12\/Double-Shield-Tunnel-Boring-Machine-Main-Thrust-Cylinder.webp 500w, https:\/\/fmp-components.com\/wp-content\/uploads\/2024\/12\/Double-Shield-Tunnel-Boring-Machine-Main-Thrust-Cylinder-480x192.webp 480w\" sizes=\"(min-width: 0px) and (max-width: 480px) 480px, (min-width: 481px) 500px, 100vw\" \/><\/p>\n<table style=\"width: 96.1207%; height: 146px;\" border=\"1\" cellspacing=\"0\" cellpadding=\"0\">\n<tbody>\n<tr>\n<td>Nome del prodotto<\/td>\n<td>Cilindro di spinta principale della macchina perforatrice per tunnel a doppio scudo<\/td>\n<\/tr>\n<tr>\n<td>Caratteristiche:<\/td>\n<td>Fornire la spinta del tunneling in avanti della TBM<\/td>\n<\/tr>\n<tr>\n<td>Diametro del foro:<\/td>\n<td>220mm\uff5e380mm<\/td>\n<\/tr>\n<tr>\n<td>Diametro dell&#039;asta:<\/td>\n<td>150mm\uff5e280mm<br \/>\nCorsa: 1100mm\uff5e1700mm<\/td>\n<\/tr>\n<tr>\n<td>Pressione:<\/td>\n<td>fino a 35 MPa<\/td>\n<\/tr>\n<tr>\n<td>Applicazioni:<\/td>\n<td>Macchina perforatrice per tunnel a doppio scudo<\/td>\n<\/tr>\n<\/tbody>\n<\/table>\n<h2>Cilindro di spinta ausiliario per perforatrice a tunnel a doppio scudo<\/h2>\n<p><img loading=\"lazy\" decoding=\"async\" class=\"size-full wp-image-904 aligncenter\" src=\"https:\/\/fmp-components.com\/wp-content\/uploads\/2024\/12\/Double-Shield-Tunnel-Boring-Machine-Auxiliary-Thrust-Cylinder.webp\" alt=\"Cilindro di spinta ausiliario per perforatrice a tunnel a doppio scudo\" width=\"500\" height=\"200\" title=\"\" srcset=\"https:\/\/fmp-components.com\/wp-content\/uploads\/2024\/12\/Double-Shield-Tunnel-Boring-Machine-Auxiliary-Thrust-Cylinder.webp 500w, https:\/\/fmp-components.com\/wp-content\/uploads\/2024\/12\/Double-Shield-Tunnel-Boring-Machine-Auxiliary-Thrust-Cylinder-480x192.webp 480w\" sizes=\"(min-width: 0px) and (max-width: 480px) 480px, (min-width: 481px) 500px, 100vw\" \/><\/p>\n<table style=\"width: 97.5599%; height: 190px;\" border=\"1\" cellspacing=\"0\" cellpadding=\"0\">\n<tbody>\n<tr>\n<td>Nome del prodotto<\/td>\n<td>Cilindro di spinta ausiliario per perforatrice a tunnel a doppio scudo<\/td>\n<\/tr>\n<tr>\n<td>Caratteristiche:<\/td>\n<td>Affidandosi alla forza di reazione del cilindro di spinta ausiliario per spingere il pezzo di tubo e far avanzare la TBM<\/td>\n<\/tr>\n<tr>\n<td>Diametro del foro:<\/td>\n<td>220mm\uff5e320mm<\/td>\n<\/tr>\n<tr>\n<td>Diametro dell&#039;asta:<\/td>\n<td>180mm\uff5e240mm<br \/>\nCorsa: 2100mm\uff5e2600mm<\/td>\n<\/tr>\n<tr>\n<td>Pressione:<\/td>\n<td>fino a 35 MPa<br \/>\nRequisiti speciali fino a 45 MPa<\/td>\n<\/tr>\n<tr>\n<td>Applicazioni:<\/td>\n<td>Macchina perforatrice per tunnel a doppio scudo<\/td>\n<\/tr>\n<\/tbody>\n<\/table>\n<h3><\/h3>\n<h3>Come funziona il cilindro idraulico della perforatrice per gallerie a doppio scudo?<\/h3>\n<p>Il cilindro idraulico in una Double Shield Tunnel Boring Machine (TBM) svolge un ruolo cruciale nel processo di scavo. Ecco una panoramica del suo funzionamento:<\/p>\n<ul>\n<li><strong>Generazione di energia idraulica:<\/strong><br \/>\nIl sistema idraulico genera potenza utilizzando fluido idraulico, che viene pressurizzato tramite pompe idrauliche. Questa pressurizzazione crea la forza che viene trasmessa ai cilindri idraulici.<\/li>\n<li><strong>Generazione di spinta:<\/strong><br \/>\nIl cilindro idraulico converte l&#039;energia del fluido idraulico in energia meccanica, fornendo spinta alla TBM. Questa spinta spinge la macchina in avanti nella roccia o nel terreno, consentendo uno scavo efficace.<\/li>\n<li><strong>Meccanismo a doppio scudo:<\/strong><br \/>\nIn una TBM a doppio scudo, ci sono due scudi: lo scudo anteriore (scudo di taglio) e lo scudo posteriore (scudo di supporto). I cilindri idraulici sono integrati in entrambi gli scudi, consentendo lo scavo simultaneo e l&#039;installazione del supporto.<\/li>\n<li><strong>Funzionamento della testa di taglio:<\/strong><br \/>\nI cilindri idraulici controllano il movimento della testa di taglio nella parte anteriore della TBM. Estendendosi e ritraendosi, aiutano a posizionare gli utensili da taglio per sfondare efficacemente il terreno.<\/li>\n<\/ul>\n<p><img loading=\"lazy\" decoding=\"async\" class=\"alignnone size-full wp-image-909\" src=\"https:\/\/fmp-components.com\/wp-content\/uploads\/2024\/12\/Double-Shield-Tunnel-Boring-Machine-Torque-Cylinder-1.webp\" alt=\"Cilindro di coppia della macchina alesatrice a tunnel a doppio scudo\" width=\"1024\" height=\"555\" title=\"\" srcset=\"https:\/\/fmp-components.com\/wp-content\/uploads\/2024\/12\/Double-Shield-Tunnel-Boring-Machine-Torque-Cylinder-1.webp 1024w, https:\/\/fmp-components.com\/wp-content\/uploads\/2024\/12\/Double-Shield-Tunnel-Boring-Machine-Torque-Cylinder-1-980x531.webp 980w, https:\/\/fmp-components.com\/wp-content\/uploads\/2024\/12\/Double-Shield-Tunnel-Boring-Machine-Torque-Cylinder-1-480x260.webp 480w\" sizes=\"(min-width: 0px) and (max-width: 480px) 480px, (min-width: 481px) and (max-width: 980px) 980px, (min-width: 981px) 1024px, 100vw\" \/><\/p>\n<ul>\n<li><strong>Supporto Installazione:<\/strong><br \/>\nMan mano che la macchina avanza, lo scudo posteriore utilizza cilindri idraulici per installare strutture di supporto (come segmenti o rivestimenti) dietro la testa di taglio, garantendo la stabilit\u00e0 del tunnel durante lo scavo.<\/li>\n<li><strong>Controllo del feedback:<\/strong><br \/>\nIl sistema idraulico \u00e8 dotato di sensori e sistemi di controllo che monitorano la pressione e la posizione dei cilindri idraulici. Questo feedback consente regolazioni precise, garantendo prestazioni e sicurezza ottimali.<\/li>\n<li><strong>Stabilit\u00e0 e sicurezza:<\/strong><br \/>\nI cilindri idraulici contribuiscono alla stabilit\u00e0 complessiva della TBM, aiutando a mantenerne l&#039;allineamento e l&#039;equilibrio, riducendo cos\u00ec il rischio di incidenti e interruzioni operative.<\/li>\n<li><strong>Adattabilit\u00e0:<\/strong><br \/>\nIl sistema idraulico pu\u00f2 essere regolato per adattarsi a diversi tipi di terreno e condizioni geologiche, rendendolo versatile per vari progetti di scavo di gallerie.<\/li>\n<\/ul>\n<p>Grazie alla gestione efficace della spinta, della stabilit\u00e0 e del supporto, i cilindri idraulici di una fresa per tunnel a doppio scudo sono essenziali per lo scavo di tunnel sicuro e di successo, migliorando l&#039;efficienza e l&#039;affidabilit\u00e0 delle moderne costruzioni sotterranee.<\/p>\n<p><img loading=\"lazy\" decoding=\"async\" class=\"alignnone  wp-image-914\" src=\"https:\/\/fmp-components.com\/wp-content\/uploads\/2024\/12\/Double-Shield-Tunnel-Boring-Machine-Main-Thrust-Cylinder-1.webp\" alt=\"Cilindro di spinta principale della macchina perforatrice per tunnel a doppio scudo\" width=\"907\" height=\"305\" title=\"\" srcset=\"https:\/\/fmp-components.com\/wp-content\/uploads\/2024\/12\/Double-Shield-Tunnel-Boring-Machine-Main-Thrust-Cylinder-1.webp 907w, https:\/\/fmp-components.com\/wp-content\/uploads\/2024\/12\/Double-Shield-Tunnel-Boring-Machine-Main-Thrust-Cylinder-1-480x161.webp 480w\" sizes=\"(min-width: 0px) and (max-width: 480px) 480px, (min-width: 481px) 907px, 100vw\" \/><\/p>\n<h3>Informazioni su FMP<\/h3>\n<p>FMP \u00e8 un&#039;azienda specializzata nella produzione meccanica dedicata alla produzione di cilindri idraulici. Sin dalla sua fondazione, l&#039;azienda si \u00e8 concentrata sulla ricerca e sulla produzione di tecnologia idraulica, passando con successo da una gamma di prodotti diversificata che includeva macchinari per la raccolta e l&#039;edilizia alla specializzazione in componenti per trattori agricoli. Con oltre un decennio di esperienza nella produzione e nella gestione, FMP garantisce prodotti di alta qualit\u00e0 attraverso tecniche di produzione avanzate.<\/p>\n<p>Con l&#039;evoluzione dell&#039;azienda, \u00e8 stata sviluppata una linea di produzione completa per lavorazioni meccaniche, una linea di assemblaggio e una linea di rivestimento. Il nostro team \u00e8 composto da personale dirigenziale qualificato, progettisti meccanici esperti e tecnici altamente qualificati che lavorano insieme per mantenere una qualit\u00e0 di produzione stabile, controllando efficacemente la continuit\u00e0 e l&#039;efficienza del processo.<\/p>\n<p>FMP sostiene la filosofia di &quot;Innovazione tecnologica che guida il progresso, qualit\u00e0 che crea marchi, artigianalit\u00e0 che garantisce la qualit\u00e0 e costruzione di relazioni win-win a lungo termine&quot;. Il nostro impegno nel fornire prodotti di alta qualit\u00e0 e un servizio clienti superiore rimane un obiettivo fondamentale mentre continuiamo a soddisfare le mutevoli esigenze del mercato.<\/p>\n<p><img loading=\"lazy\" decoding=\"async\" class=\"alignnone size-full wp-image-426\" src=\"https:\/\/fmp-components.com\/wp-content\/uploads\/2024\/12\/Sanitation-Machinery-Locking-Hydraulic-Cylinder-factory.webp\" sizes=\"(min-width: 0px) and (max-width: 480px) 480px, (min-width: 481px) and (max-width: 980px) 980px, (min-width: 981px) and (max-width: 1280px) 1280px, (min-width: 1281px) 1414px, 100vw\" srcset=\"https:\/\/fmp-components.com\/wp-content\/uploads\/2024\/12\/Sanitation-Machinery-Locking-Hydraulic-Cylinder-factory.webp 1414w, https:\/\/fmp-components.com\/wp-content\/uploads\/2024\/12\/Sanitation-Machinery-Locking-Hydraulic-Cylinder-factory-1280x529.webp 1280w, https:\/\/fmp-components.com\/wp-content\/uploads\/2024\/12\/Sanitation-Machinery-Locking-Hydraulic-Cylinder-factory-980x405.webp 980w, https:\/\/fmp-components.com\/wp-content\/uploads\/2024\/12\/Sanitation-Machinery-Locking-Hydraulic-Cylinder-factory-480x198.webp 480w\" alt=\"Fabbrica di cilindri idraulici di bloccaggio-macchine-igieniche\" width=\"1414\" height=\"584\" title=\"\"><\/p>\n<p>Autore: CX<\/p>","protected":false},"excerpt":{"rendered":"<p>Il cilindro idraulico per le macchine perforatrici per tunnel a doppio scudo \u00e8 un componente fondamentale progettato per fornire una spinta robusta e un controllo preciso durante il processo di scavo. Progettati per funzionare efficacemente in condizioni geologiche difficili, questi cilindri supportano il sistema a doppio scudo, consentendo l&#039;installazione simultanea di scavo e supporto. La loro costruzione durevole garantisce longevit\u00e0 e affidabilit\u00e0, mentre la tecnologia idraulica avanzata consente movimenti fluidi e precisi, essenziali per mantenere l&#039;allineamento e la sicurezza. Questo sistema idraulico migliora significativamente l&#039;efficienza e l&#039;efficacia della costruzione di tunnel, rendendolo adatto a una variet\u00e0 di progetti sotterranei, tra cui sistemi metropolitani e tunnel di servizio.<\/p>","protected":false},"featured_media":908,"comment_status":"open","ping_status":"closed","template":"","meta":{"_et_pb_use_builder":"","_et_pb_old_content":"","_et_gb_content_width":""},"product_brand":[],"product_cat":[30],"product_tag":[],"class_list":{"0":"post-885","1":"product","2":"type-product","3":"status-publish","4":"has-post-thumbnail","6":"product_cat-tunnel-boring-machine-hydraulic-cylinders","8":"first","9":"instock","10":"shipping-taxable","11":"product-type-simple"},"_links":{"self":[{"href":"https:\/\/fmp-components.com\/it\/wp-json\/wp\/v2\/product\/885","targetHints":{"allow":["GET"]}}],"collection":[{"href":"https:\/\/fmp-components.com\/it\/wp-json\/wp\/v2\/product"}],"about":[{"href":"https:\/\/fmp-components.com\/it\/wp-json\/wp\/v2\/types\/product"}],"replies":[{"embeddable":true,"href":"https:\/\/fmp-components.com\/it\/wp-json\/wp\/v2\/comments?post=885"}],"wp:featuredmedia":[{"embeddable":true,"href":"https:\/\/fmp-components.com\/it\/wp-json\/wp\/v2\/media\/908"}],"wp:attachment":[{"href":"https:\/\/fmp-components.com\/it\/wp-json\/wp\/v2\/media?parent=885"}],"wp:term":[{"taxonomy":"product_brand","embeddable":true,"href":"https:\/\/fmp-components.com\/it\/wp-json\/wp\/v2\/product_brand?post=885"},{"taxonomy":"product_cat","embeddable":true,"href":"https:\/\/fmp-components.com\/it\/wp-json\/wp\/v2\/product_cat?post=885"},{"taxonomy":"product_tag","embeddable":true,"href":"https:\/\/fmp-components.com\/it\/wp-json\/wp\/v2\/product_tag?post=885"}],"curies":[{"name":"parola chiave","href":"https:\/\/api.w.org\/{rel}","templated":true}]}}