{"id":7925,"date":"2025-04-11T05:36:47","date_gmt":"2025-04-11T05:36:47","guid":{"rendered":"https:\/\/fmp-components.com\/?post_type=product&#038;p=7925"},"modified":"2025-04-11T05:45:56","modified_gmt":"2025-04-11T05:45:56","slug":"flywheel-ring-gear","status":"publish","type":"product","link":"https:\/\/fmp-components.com\/it\/product\/flywheel-ring-gear\/","title":{"rendered":"Corona dentata del volano"},"content":{"rendered":"<h2>Corone dentate per volano: precisione e prestazioni per l&#039;industria italiana<\/h2>\n<div>Volano <a href=\"https:\/\/fmp-components.com\/it\/ring-gear\/\">ingranaggi ad anello<\/a> Sono componenti fondamentali nei macchinari automobilistici e industriali, garantendo una trasmissione fluida della potenza tra il motore e il motorino di avviamento. Progettati per garantire durata e precisione, questi ingranaggi sono essenziali per veicoli e attrezzature utilizzati in tutta Italia, dalle trafficate strade di Milano ai percorsi panoramici di Firenze. In FMP, produciamo corone dentate per volani che soddisfano rigorosi standard di qualit\u00e0, offrendo prestazioni affidabili per un&#039;ampia gamma di applicazioni. Che siate a Venezia per la manutenzione di motori marini o a Bologna per la manutenzione di macchinari pesanti, le nostre corone dentate sono progettate per resistere a coppie elevate e condizioni difficili, garantendo un&#039;efficienza duratura.<\/div>\n<p><img loading=\"lazy\" decoding=\"async\" class=\"alignnone size-full wp-image-7927\" src=\"https:\/\/fmp-components.com\/wp-content\/uploads\/2025\/04\/flywheel-ring-gear-product-detail.webp\" alt=\"dettaglio del prodotto corona dentata del volano\" width=\"1200\" height=\"1200\" title=\"\" srcset=\"https:\/\/fmp-components.com\/wp-content\/uploads\/2025\/04\/flywheel-ring-gear-product-detail.webp 1200w, https:\/\/fmp-components.com\/wp-content\/uploads\/2025\/04\/flywheel-ring-gear-product-detail-980x980.webp 980w, https:\/\/fmp-components.com\/wp-content\/uploads\/2025\/04\/flywheel-ring-gear-product-detail-480x480.webp 480w\" sizes=\"(min-width: 0px) and (max-width: 480px) 480px, (min-width: 481px) and (max-width: 980px) 980px, (min-width: 981px) 1200px, 100vw\" \/><\/p>\n<h2>Perch\u00e9 scegliere le corone dentate del volano di alta qualit\u00e0 di FMP?<\/h2>\n<div>Nel variegato panorama industriale italiano, dalle officine artigianali di Firenze ai centri automobilistici di Milano, la domanda di robuste corone dentate per volano \u00e8 in continua crescita. Questi ingranaggi sono realizzati con materiali di alta qualit\u00e0 per resistere all&#039;usura, garantendo un innesto perfetto con i motorini di avviamento. In FMP, offriamo una vasta gamma di corone dentate adatte ad auto, camion e attrezzature industriali, garantendo la compatibilit\u00e0 con diversi modelli. Se vi trovate a Venezia o a Bologna e non riuscite a trovare il modello di corona dentata specifico di cui avete bisogno, non preoccupatevi: il nostro team pu\u00f2 personalizzare soluzioni su misura per le vostre esigenze, offrendo prodotti di precisione che garantiscono il perfetto funzionamento delle vostre attivit\u00e0.<\/div>\n<div>\n<h3>FMP: il tuo partner di fiducia per le corone dentate del volano in Italia<\/h3>\n<p>FMP \u00e8 un&#039;azienda leader nella produzione di corone dentate per volani. La nostra azienda \u00e8 specializzata in un&#039;ampia gamma di corone dentate e offre un servizio personalizzato per soddisfare le vostre specifiche esigenze. Se non trovate il modello che vi serve nel nostro elenco prodotti, potrebbe essere perch\u00e9 non lo abbiamo ancora caricato. Comunicateci le vostre esigenze via e-mail e uno dei nostri ingegneri professionisti vi risponder\u00e0 entro 24 ore con una soluzione su misura. Ovunque vi troviate in Italia, FMP pu\u00f2 fornirvi corone dentate di alta qualit\u00e0 e resistenti per alimentare la vostra attivit\u00e0.<\/p>\n<table style=\"border-collapse: collapse; width: 103.578%; height: 58px;\" border=\"0\" width=\"240\" cellspacing=\"0\" cellpadding=\"0\">\n<tbody>\n<tr style=\"height: 14.40pt;\">\n<td style=\"height: 14.40pt; width: 48.00pt;\" align=\"right\" width=\"80\" height=\"24\"><img loading=\"lazy\" decoding=\"async\" class=\"size-full wp-image-7931 aligncenter\" src=\"https:\/\/fmp-components.com\/wp-content\/uploads\/2025\/04\/flywheel-ring-gear-product-1.webp\" alt=\"prodotto corona dentata del volano\" width=\"750\" height=\"750\" title=\"\" srcset=\"https:\/\/fmp-components.com\/wp-content\/uploads\/2025\/04\/flywheel-ring-gear-product-1.webp 750w, https:\/\/fmp-components.com\/wp-content\/uploads\/2025\/04\/flywheel-ring-gear-product-1-480x480.webp 480w\" sizes=\"(min-width: 0px) and (max-width: 480px) 480px, (min-width: 481px) 750px, 100vw\" \/><\/td>\n<td style=\"width: 48.00pt;\" align=\"right\" width=\"80\"><img loading=\"lazy\" decoding=\"async\" class=\"size-full wp-image-7929 aligncenter\" src=\"https:\/\/fmp-components.com\/wp-content\/uploads\/2025\/04\/flywheel-ring-gear-product-2.webp\" alt=\"prodotto corona dentata del volano\" width=\"800\" height=\"800\" title=\"\" srcset=\"https:\/\/fmp-components.com\/wp-content\/uploads\/2025\/04\/flywheel-ring-gear-product-2.webp 800w, https:\/\/fmp-components.com\/wp-content\/uploads\/2025\/04\/flywheel-ring-gear-product-2-480x480.webp 480w\" sizes=\"(min-width: 0px) and (max-width: 480px) 480px, (min-width: 481px) 800px, 100vw\" \/><\/td>\n<td style=\"width: 48.00pt;\" align=\"right\" width=\"80\"><img loading=\"lazy\" decoding=\"async\" class=\"size-full wp-image-7930 aligncenter\" src=\"https:\/\/fmp-components.com\/wp-content\/uploads\/2025\/04\/flywheel-ring-gear-product-3.webp\" alt=\"prodotto corona dentata del volano\" width=\"800\" height=\"800\" title=\"\" srcset=\"https:\/\/fmp-components.com\/wp-content\/uploads\/2025\/04\/flywheel-ring-gear-product-3.webp 800w, https:\/\/fmp-components.com\/wp-content\/uploads\/2025\/04\/flywheel-ring-gear-product-3-480x480.webp 480w\" sizes=\"(min-width: 0px) and (max-width: 480px) 480px, (min-width: 481px) 800px, 100vw\" \/><\/td>\n<\/tr>\n<\/tbody>\n<\/table>\n<\/div>","protected":false},"excerpt":{"rendered":"<p>Flywheel Ring Gears: Precision and Performance for Italian Industries Flywheel ring gears are critical components in automotive and industrial machinery, ensuring smooth power transmission between the engine and the starter motor. Designed for durability and precision, these gears are essential for vehicles and equipment used across Italy, from the bustling streets of Milan to the [&hellip;]<\/p>","protected":false},"featured_media":7926,"comment_status":"open","ping_status":"closed","template":"","meta":{"_et_pb_use_builder":"","_et_pb_old_content":"","_et_gb_content_width":""},"product_brand":[],"product_cat":[114],"product_tag":[],"class_list":{"0":"post-7925","1":"product","2":"type-product","3":"status-publish","4":"has-post-thumbnail","6":"product_cat-ring-gear","8":"first","9":"instock","10":"shipping-taxable","11":"product-type-simple"},"_links":{"self":[{"href":"https:\/\/fmp-components.com\/it\/wp-json\/wp\/v2\/product\/7925","targetHints":{"allow":["GET"]}}],"collection":[{"href":"https:\/\/fmp-components.com\/it\/wp-json\/wp\/v2\/product"}],"about":[{"href":"https:\/\/fmp-components.com\/it\/wp-json\/wp\/v2\/types\/product"}],"replies":[{"embeddable":true,"href":"https:\/\/fmp-components.com\/it\/wp-json\/wp\/v2\/comments?post=7925"}],"wp:featuredmedia":[{"embeddable":true,"href":"https:\/\/fmp-components.com\/it\/wp-json\/wp\/v2\/media\/7926"}],"wp:attachment":[{"href":"https:\/\/fmp-components.com\/it\/wp-json\/wp\/v2\/media?parent=7925"}],"wp:term":[{"taxonomy":"product_brand","embeddable":true,"href":"https:\/\/fmp-components.com\/it\/wp-json\/wp\/v2\/product_brand?post=7925"},{"taxonomy":"product_cat","embeddable":true,"href":"https:\/\/fmp-components.com\/it\/wp-json\/wp\/v2\/product_cat?post=7925"},{"taxonomy":"product_tag","embeddable":true,"href":"https:\/\/fmp-components.com\/it\/wp-json\/wp\/v2\/product_tag?post=7925"}],"curies":[{"name":"parola chiave","href":"https:\/\/api.w.org\/{rel}","templated":true}]}}