{"id":7842,"date":"2025-04-08T08:15:07","date_gmt":"2025-04-08T08:15:07","guid":{"rendered":"https:\/\/fmp-components.com\/?post_type=product&#038;p=7842"},"modified":"2025-04-08T08:15:07","modified_gmt":"2025-04-08T08:15:07","slug":"differential-ring-and-pinion-gears-10-bolt-fmp-gm10-430","status":"publish","type":"product","link":"https:\/\/fmp-components.com\/it\/product\/differential-ring-and-pinion-gears-10-bolt-fmp-gm10-430\/","title":{"rendered":"Ingranaggi differenziali (10 bulloni) FMP-GM10-430"},"content":{"rendered":"<h2>Specificazione<\/h2>\n<table style=\"width: 100%;\" border=\"1\" width=\"100%\" cellspacing=\"0\" cellpadding=\"0\">\n<thead>\n<tr>\n<th><strong>Specificazione<\/strong><\/th>\n<th><strong>Valore<\/strong><\/th>\n<\/tr>\n<\/thead>\n<tbody>\n<tr>\n<td>Modello di app<\/td>\n<td>GM 8.5, GM 8.625<\/td>\n<\/tr>\n<tr>\n<td>Quantit\u00e0 bullone di copertura<\/td>\n<td>10<\/td>\n<\/tr>\n<tr>\n<td>Rottura del supporto differenziale<\/td>\n<td>Rapporto 2,73 e superiore<\/td>\n<\/tr>\n<tr>\n<td>Tipo di progettazione della cassa differenziale<\/td>\n<td>GM 8.5, GM 8.625<\/td>\n<\/tr>\n<tr>\n<td>Rapporto di trasmissione<\/td>\n<td>4.30<\/td>\n<\/tr>\n<tr>\n<td>Quantit\u00e0 denti pignone<\/td>\n<td>10<\/td>\n<\/tr>\n<tr>\n<td>Diametro dell&#039;albero del pignone<\/td>\n<td>1.626 (pollici)<\/td>\n<\/tr>\n<tr>\n<td>Conteggio delle scanalature del pignone<\/td>\n<td>30<\/td>\n<\/tr>\n<tr>\n<td>Quantit\u00e0 bullone corona dentata<\/td>\n<td>10<\/td>\n<\/tr>\n<tr>\n<td>Materiale della corona dentata<\/td>\n<td>8620 Acciaio<\/td>\n<\/tr>\n<tr>\n<td>Diametro esterno della corona dentata<\/td>\n<td>8,5 (pollici)<\/td>\n<\/tr>\n<tr>\n<td>Rotazione della corona dentata<\/td>\n<td>Standard<\/td>\n<\/tr>\n<tr>\n<td>Quantit\u00e0 denti corona dentata<\/td>\n<td>43<\/td>\n<\/tr>\n<tr>\n<td>Tassonomia A<\/td>\n<td>Differenziale LD<\/td>\n<\/tr>\n<tr>\n<td>Tassonomia B<\/td>\n<td>Corona e pignone<\/td>\n<\/tr>\n<tr>\n<td>Tassonomia C<\/td>\n<td>Anteriore, Posteriore<\/td>\n<\/tr>\n<tr>\n<td>Tassonomia D<\/td>\n<td>4.30<\/td>\n<\/tr>\n<\/tbody>\n<\/table>\n<div class=\"Message_messageMetadataContainer__nBPq7\"><img loading=\"lazy\" decoding=\"async\" class=\"wp-image-7846 aligncenter\" src=\"https:\/\/fmp-components.com\/wp-content\/uploads\/2025\/04\/Differential-Ring-and-Pinion-Gears-10-Bolt-FMP-GM10-430-2.webp\" alt=\"Ingranaggi differenziali (10 bulloni) FMP-GM10-430\" width=\"842\" height=\"842\" title=\"\" srcset=\"https:\/\/fmp-components.com\/wp-content\/uploads\/2025\/04\/Differential-Ring-and-Pinion-Gears-10-Bolt-FMP-GM10-430-2.webp 842w, https:\/\/fmp-components.com\/wp-content\/uploads\/2025\/04\/Differential-Ring-and-Pinion-Gears-10-Bolt-FMP-GM10-430-2-480x480.webp 480w\" sizes=\"(min-width: 0px) and (max-width: 480px) 480px, (min-width: 481px) 842px, 100vw\" \/><\/div>\n<div>\n<h3 class=\"\" dir=\"auto\">FMP: Soluzioni di ingranaggi con corona e pignone di alta qualit\u00e0<\/h3>\n<p class=\"break-words\" dir=\"auto\">In FMP, produciamo con orgoglio set di ingranaggi con corona e pignone di prima qualit\u00e0, progettati per essere compatibili con i differenziali Ford da 10,5 pollici, offrendo prestazioni eccezionali per i conducenti su vari terreni. Che tu stia affrontando sentieri fuoristrada accidentati o viaggiando senza problemi in autostrada, i nostri set di ingranaggi premium sono progettati per migliorare la tua esperienza di guida. Con oltre 40 anni di esperienza, FMP si impegna a fornire componenti di alta qualit\u00e0 che elevano la capacit\u00e0 del veicolo, assicurandoti di godere sia di potenza che di precisione al volante.<\/p>\n<p class=\"break-words\" dir=\"auto\">I nostri set di ingranaggi con corona e pignone offrono una gamma di vantaggi chiave su misura per le tue esigenze. Realizzati in acciaio di alta qualit\u00e0 tramite processi avanzati di taglio di precisione e trattamento termico, offrono resistenza e durata superiori, soddisfacendo o superando gli standard delle apparecchiature originali. Ci\u00f2 garantisce prestazioni affidabili in condizioni di guida quotidiane o sfide estreme fuoristrada. I rapporti di trasmissione ottimizzati migliorano l&#039;erogazione della coppia per una migliore trazione, efficienza di traino e controllo, migliorando al contempo l&#039;efficienza del carburante alle velocit\u00e0 autostradali mantenendo i giri motore ideali. Inoltre, i nostri set di ingranaggi sono progettati per una facile installazione e un funzionamento silenzioso, eliminando i rumori indesiderati per una guida confortevole.<\/p>\n<p class=\"break-words\" dir=\"auto\">FMP sostiene con sicurezza ogni prodotto, offrendo una garanzia di 2 anni contro i difetti di fabbricazione. I nostri set di ingranaggi con corona e pignone sono meticolosamente testati per applicazioni stradali, fuoristrada e persino da corsa, il che li rende una scelta affidabile per appassionati e professionisti. L&#039;aggiornamento con FMP non \u00e8 solo una modifica, \u00e8 un investimento in prestazioni, efficienza e affidabilit\u00e0 duratura. Per soluzioni personalizzate o richieste specifiche, contattaci e il nostro team dedicato ti assicurer\u00e0 di ottenere il set di ingranaggi perfetto per il tuo veicolo.<\/p>\n<\/div>","protected":false},"excerpt":{"rendered":"<p>Specification Specification Value App Model GM 8.5, GM 8.625 Cover Bolt Quantity 10 Differential Carrier Break 2.73 Ratio and Higher Differential Case Design Type GM 8.5, GM 8.625 Gear Ratio 4.30 Pinion Gear Tooth Quantity 10 Pinion Shaft Diameter 1.626 (Inch) Pinion Spline Count 30 Ring Gear Bolt Quantity 10 Ring Gear Material 8620 Steel [&hellip;]<\/p>","protected":false},"featured_media":7846,"comment_status":"open","ping_status":"closed","template":"","meta":{"_et_pb_use_builder":"","_et_pb_old_content":"","_et_gb_content_width":""},"product_brand":[],"product_cat":[115],"product_tag":[],"class_list":{"0":"post-7842","1":"product","2":"type-product","3":"status-publish","4":"has-post-thumbnail","6":"product_cat-ring-and-pinion-gears","8":"first","9":"instock","10":"shipping-taxable","11":"product-type-simple"},"_links":{"self":[{"href":"https:\/\/fmp-components.com\/it\/wp-json\/wp\/v2\/product\/7842","targetHints":{"allow":["GET"]}}],"collection":[{"href":"https:\/\/fmp-components.com\/it\/wp-json\/wp\/v2\/product"}],"about":[{"href":"https:\/\/fmp-components.com\/it\/wp-json\/wp\/v2\/types\/product"}],"replies":[{"embeddable":true,"href":"https:\/\/fmp-components.com\/it\/wp-json\/wp\/v2\/comments?post=7842"}],"wp:featuredmedia":[{"embeddable":true,"href":"https:\/\/fmp-components.com\/it\/wp-json\/wp\/v2\/media\/7846"}],"wp:attachment":[{"href":"https:\/\/fmp-components.com\/it\/wp-json\/wp\/v2\/media?parent=7842"}],"wp:term":[{"taxonomy":"product_brand","embeddable":true,"href":"https:\/\/fmp-components.com\/it\/wp-json\/wp\/v2\/product_brand?post=7842"},{"taxonomy":"product_cat","embeddable":true,"href":"https:\/\/fmp-components.com\/it\/wp-json\/wp\/v2\/product_cat?post=7842"},{"taxonomy":"product_tag","embeddable":true,"href":"https:\/\/fmp-components.com\/it\/wp-json\/wp\/v2\/product_tag?post=7842"}],"curies":[{"name":"parola chiave","href":"https:\/\/api.w.org\/{rel}","templated":true}]}}