{"id":7791,"date":"2025-04-04T07:56:43","date_gmt":"2025-04-04T07:56:43","guid":{"rendered":"https:\/\/fmp-components.com\/?post_type=product&#038;p=7791"},"modified":"2025-04-04T08:14:26","modified_gmt":"2025-04-04T08:14:26","slug":"ring-gear-for-aerospace-and-satellite","status":"publish","type":"product","link":"https:\/\/fmp-components.com\/it\/product\/ring-gear-for-aerospace-and-satellite\/","title":{"rendered":"Ingranaggio ad anello per aerospaziale e satellitare"},"content":{"rendered":"<p>UN <a href=\"https:\/\/fmp-components.com\/it\/ring-gear\/\">corona dentata<\/a> Progettato per applicazioni aerospaziali e satellitari, \u00e8 un ingranaggio interno di precisione, tipicamente caratterizzato da un profilo del dente evolvente sulla superficie interna di un anello cilindrico leggero e resistente. Svolge un ruolo fondamentale nei sistemi di ingranaggi planetari, garantendo una coppia elevata e una trasmissione di potenza affidabile nel rispetto dei rigorosi vincoli di dimensioni e peso degli ambienti aerospaziali. Realizzato con materiali avanzati come il titanio o leghe ad alta resistenza, garantisce un rapporto resistenza\/peso eccezionale e resistenza a temperature e vibrazioni estreme. Questo ingranaggio consente un accoppiamento fluido ed efficiente con gli ingranaggi planetari, supportando funzioni critiche come i meccanismi di posizionamento satellitare o i sistemi di attuazione degli aeromobili, dove precisione e affidabilit\u00e0 sono fondamentali.<\/p>\n<h2>Specifiche della corona dentata<\/h2>\n<table border=\"1\">\n<tbody>\n<tr>\n<td>Utilizzo<\/td>\n<td>Le corone dentate vengono spesso utilizzate nelle applicazioni aerospaziali e satellitari o in qualsiasi situazione in cui sia necessario convertire la coppia.<\/td>\n<\/tr>\n<tr>\n<td>Numero di denti<\/td>\n<td>Sono disponibili fino a 197 denti<\/td>\n<\/tr>\n<tr>\n<td>Angolo di pressione<\/td>\n<td>Sono disponibili angoli di pressione di 14, 20 e 25 gradi<\/td>\n<\/tr>\n<tr>\n<td>Spessore<\/td>\n<td>Aprire fino a 1.\"<\/td>\n<\/tr>\n<tr>\n<td>DP \u2013 Passo diametrale<\/td>\n<td>Fino a 250+ DP<\/td>\n<\/tr>\n<tr>\n<td>Diametro interno<\/td>\n<td>Aprire fino a 48.\"<\/td>\n<\/tr>\n<tr>\n<td>Diametro esterno<\/td>\n<td>Disponibile da 0,05\u2033 a 30\u2033 di diametro esterno dell'ingranaggio<\/td>\n<\/tr>\n<tr>\n<td>Controllo di qualit\u00e0<\/td>\n<td>Conforme ai requisiti generali di controllo della qualit\u00e0 militare come segue: MIL-I-45208A, MIL-STD-45662A, conforme a ISO 9001:2000 e certificazione ISO 13485 per dispositivi medici in attesa.<\/td>\n<\/tr>\n<tr>\n<td>Applicazioni<\/td>\n<td>Ci concentriamo sulla fornitura di ingranaggi ad anello per i settori satellitare, militare e aerospaziale.<\/td>\n<\/tr>\n<tr>\n<td>Quantit\u00e0<\/td>\n<td>10+<\/td>\n<\/tr>\n<tr>\n<td>Tempi di consegna<\/td>\n<td>Il tempo medio di consegna per gli ordini di corone dentate \u00e8 di quattro settimane<\/td>\n<\/tr>\n<tr>\n<td>Formati di disegno preferiti<\/td>\n<td>Preferiamo accettare i file CAD dei vostri progetti in formato DXF.<\/td>\n<\/tr>\n<\/tbody>\n<\/table>\n<h2>Capacit\u00e0<\/h2>\n<table border=\"1\">\n<tbody>\n<tr>\n<td>Industrie<\/td>\n<td>Ingranaggi aerospaziali<br \/>\nIngranaggi di difesa<br \/>\nIngranaggi del governo<br \/>\nIngranaggi industrialiIngranaggi per strumentazione<br \/>\nIngranaggi per dispositivi medici<br \/>\nEquipaggiamento militare<br \/>\nIngranaggi per petrolio e gas<\/td>\n<\/tr>\n<tr>\n<td>Materiali<\/td>\n<td>Acciaio<br \/>\nAcciaio inossidabile 303<br \/>\nAcciaio inossidabile 17-4<br \/>\nAcciaio inossidabile trattato termicamente 440<br \/>\nAcciaio al carbonio<br \/>\nAcciaio inossidabile al cromo<br \/>\nacciaio al cromo<br \/>\nAcciaio al cromo-molibdeno<br \/>\nAcciaio al cromo-molibdeno-vanadio<br \/>\nAcciaio al cromo-vanadio<br \/>\nAcciaio ad alta resistenza (Impact\u2122, MicroTec\u00ae, WHS-100\u2122)<br \/>\nAcciaio ad alta temperatura<br \/>\nAcciaio al manganeseAcciaio al molibdeno<br \/>\nAcciaio al nichel-cromo<br \/>\nAcciaio al nichel-cromo-molibdeno<br \/>\nAcciaio al nichel-molibdeno<br \/>\nAcciaio al silicio-manganese<br \/>\nAcciaio speciale per cuscinetti<br \/>\nAlluminio<br \/>\nFusioni<br \/>\nBronzo<br \/>\nPlastica<br \/>\nAVEC<br \/>\nNylon<br \/>\nDelrin<\/td>\n<\/tr>\n<tr>\n<td>Standard<\/td>\n<td>In grado di soddisfare il livello di qualit\u00e0 AGMA 12 per tutti gli ingranaggi (Precisione 3), ANSI\/AGMA 2001. Ingranaggi per dispositivi medici, ingranaggi aerospaziali personalizzati, ingranaggi robotici personalizzati, fornitore di ingranaggi personalizzati.<\/td>\n<\/tr>\n<\/tbody>\n<\/table>\n<h2>Caratteristiche della corona dentata<\/h2>\n<div>\n<p class=\"break-words\" dir=\"auto\">Una corona dentata, spesso un ingranaggio interno, presenta denti intagliati sulla superficie interna di un anello cilindrico, che in genere seguono un profilo evolvente per un accoppiamento fluido ed efficiente con ingranaggi esterni come gli ingranaggi planetari in un sistema planetario. Questa progettazione garantisce un rapporto di velocit\u00e0 angolare costante e un'efficace distribuzione del carico sui denti, migliorando durata e prestazioni. Il suo orientamento interno le consente di circondare gli ingranaggi accoppiati, offrendo una combinazione unica di compattezza e resistenza adatta a vari sistemi meccanici.<\/p>\n<p class=\"break-words\" dir=\"auto\">L'ampio diametro della corona dentata e la geometria concava dei denti consentono un'elevata trasmissione di coppia e rapporti di riduzione sostanziali, rendendola un componente fondamentale nelle applicazioni che richiedono potenza in spazi ristretti. Ruota nella stessa direzione degli ingranaggi di accoppiamento, semplificando la dinamica del movimento in sistemi come i riduttori epicicloidali. Spesso realizzata con un profilo sfalsato per evitare interferenze e aumentare la resistenza dei denti, eccelle in scenari ad alto carico, dai differenziali automobilistici ai macchinari industriali.<\/p>\n<p class=\"break-words\" dir=\"auto\">La realizzazione di una corona dentata richiede in genere la sagomatura degli ingranaggi piuttosto che la dentatura a creatore, a causa della sua struttura interna, che richiede precisione per mantenere tolleranze ristrette ed evitare problemi di ingranamento. I materiali spaziano dall'acciaio per uso generale alle leghe leggere per applicazioni specializzate, bilanciando resistenza e peso. La sua versatilit\u00e0, affidabilit\u00e0 e capacit\u00e0 di gestire condizioni di carico complesse la rendono indispensabile in diversi settori, tra cui aerospaziale, automobilistico e robotica.<\/p>\n<\/div>","protected":false},"excerpt":{"rendered":"<p>A ring gear designed for aerospace and satellite applications is a precision-engineered internal gear, typically featuring an involute tooth profile on the inner surface of a lightweight, durable cylindrical ring. It plays a critical role in planetary gear systems, providing high torque and reliable power transmission within the stringent size and weight constraints of aerospace [&hellip;]<\/p>","protected":false},"featured_media":4644,"comment_status":"open","ping_status":"closed","template":"","meta":{"_et_pb_use_builder":"","_et_pb_old_content":"","_et_gb_content_width":""},"product_brand":[],"product_cat":[114],"product_tag":[],"class_list":{"0":"post-7791","1":"product","2":"type-product","3":"status-publish","4":"has-post-thumbnail","6":"product_cat-ring-gear","8":"first","9":"instock","10":"shipping-taxable","11":"product-type-simple"},"_links":{"self":[{"href":"https:\/\/fmp-components.com\/it\/wp-json\/wp\/v2\/product\/7791","targetHints":{"allow":["GET"]}}],"collection":[{"href":"https:\/\/fmp-components.com\/it\/wp-json\/wp\/v2\/product"}],"about":[{"href":"https:\/\/fmp-components.com\/it\/wp-json\/wp\/v2\/types\/product"}],"replies":[{"embeddable":true,"href":"https:\/\/fmp-components.com\/it\/wp-json\/wp\/v2\/comments?post=7791"}],"wp:featuredmedia":[{"embeddable":true,"href":"https:\/\/fmp-components.com\/it\/wp-json\/wp\/v2\/media\/4644"}],"wp:attachment":[{"href":"https:\/\/fmp-components.com\/it\/wp-json\/wp\/v2\/media?parent=7791"}],"wp:term":[{"taxonomy":"product_brand","embeddable":true,"href":"https:\/\/fmp-components.com\/it\/wp-json\/wp\/v2\/product_brand?post=7791"},{"taxonomy":"product_cat","embeddable":true,"href":"https:\/\/fmp-components.com\/it\/wp-json\/wp\/v2\/product_cat?post=7791"},{"taxonomy":"product_tag","embeddable":true,"href":"https:\/\/fmp-components.com\/it\/wp-json\/wp\/v2\/product_tag?post=7791"}],"curies":[{"name":"parola chiave","href":"https:\/\/api.w.org\/{rel}","templated":true}]}}