{"id":7787,"date":"2025-04-04T07:21:01","date_gmt":"2025-04-04T07:21:01","guid":{"rendered":"https:\/\/fmp-components.com\/?post_type=product&#038;p=7787"},"modified":"2025-04-04T07:21:43","modified_gmt":"2025-04-04T07:21:43","slug":"internal-spur-gear","status":"publish","type":"product","link":"https:\/\/fmp-components.com\/it\/product\/internal-spur-gear\/","title":{"rendered":"Ingranaggio cilindrico interno"},"content":{"rendered":"<div>\n<p class=\"break-words\" dir=\"auto\">Gli ingranaggi cilindrici interni differiscono dai tipici ingranaggi cilindrici in quanto i loro denti sono formati sulla superficie interna del pezzo grezzo. Questi ingranaggi tendono a essere pi\u00f9 resistenti ed efficienti rispetto al pignone con cui si ingranano. Per un corretto funzionamento, il diametro primitivo dell'ingranaggio interno deve essere almeno 1,5 volte quello del pignone di accoppiamento; in caso contrario, le punte dei denti interferiranno tra loro.<\/p>\n<p class=\"break-words\" dir=\"auto\">Gli ingranaggi interni offrono ai progettisti il \u200b\u200bvantaggio di ottenere un contatto e rapporti di trasmissione maggiori su interassi pi\u00f9 corti rispetto agli ingranaggi cilindrici standard. Inoltre, consentono di regolare la velocit\u00e0 senza alterare la direzione, eliminando la necessit\u00e0 di un ingranaggio folle, che sarebbe necessario con gli ingranaggi cilindrici tradizionali.<\/p>\n<\/div>\n<h2>Specifiche del prodotto<\/h2>\n<div class=\"table-responsive\">\n<table class=\"table\" style=\"width: 101.427%; height: 279px;\" border=\"1\">\n<tbody>\n<tr>\n<td>Forma del dente<\/td>\n<td>Secondo le esigenze del cliente<\/td>\n<\/tr>\n<tr>\n<td>Materiale<\/td>\n<td>Secondo le esigenze del cliente<\/td>\n<\/tr>\n<tr>\n<td>Forma<\/td>\n<td>Secondo le esigenze del cliente<\/td>\n<\/tr>\n<tr>\n<td>Grado<\/td>\n<td>Secondo le esigenze del cliente<\/td>\n<\/tr>\n<tr>\n<td>Tecnica<\/td>\n<td>Secondo le esigenze del cliente<\/td>\n<\/tr>\n<tr>\n<td>Angolo di pressione<\/td>\n<td>Secondo le esigenze del cliente<\/td>\n<\/tr>\n<tr>\n<td>Diametro<\/td>\n<td>Secondo le esigenze del cliente<\/td>\n<\/tr>\n<tr>\n<td>Misurare<\/td>\n<td>Secondo le esigenze del cliente<\/td>\n<\/tr>\n<tr>\n<td>Quantit\u00e0 minima d&#039;ordine<\/td>\n<td>1 unit\u00e0<\/td>\n<\/tr>\n<\/tbody>\n<\/table>\n<div>\n<h3 class=\"\" dir=\"auto\">Eccellenza degli ingranaggi cilindrici interni di FMP per i mercati italiani<\/h3>\n<p class=\"break-words\" dir=\"auto\">FMP \u00e8 un produttore leader di ingranaggi cilindrici interni, che offre la massima qualit\u00e0 <a href=\"https:\/\/fmp-components.com\/it\/ring-gear\/\">ingranaggi ad anello<\/a> per le industrie in tutta Italia, da Milano a Venezia. Il nostro ampio catalogo offre un'ampia gamma di tipi di ingranaggi, progettati per offrire precisione e affidabilit\u00e0 per applicazioni nei settori meccanico, automobilistico e altro ancora. Che operiate a Firenze o a Bologna, FMP garantisce che ogni ingranaggio cilindrico interno soddisfi i pi\u00f9 elevati standard, realizzato con tecnologie all'avanguardia per supportare i fiorenti settori industriali italiani. Siamo il vostro partner di riferimento per soluzioni di ingranaggi durevoli ed efficienti, su misura per le esigenze locali.<\/p>\n<h3 class=\"\" dir=\"auto\">Ingranaggi cilindrici interni personalizzati per le vostre esigenze specifiche<\/h3>\n<p class=\"break-words\" dir=\"auto\">In FMP, andiamo oltre le offerte standard, offrendo ingranaggi cilindrici interni completamente personalizzabili per adattarsi ai vostri progetti specifici. Se vi trovate a Milano, Venezia, Firenze o Bologna e non trovate il modello esatto di cui avete bisogno nel nostro elenco prodotti, \u00e8 probabile che non lo abbiamo ancora caricato: il nostro inventario \u00e8 in continua espansione. Contattateci via email con le vostre specifiche e i nostri tecnici qualificati vi risponderanno entro 24 ore con opzioni personalizzate. Indipendentemente dalla complessit\u00e0 della vostra richiesta, FMP si impegna a fornire un servizio rapido e competente e ingranaggi di alta qualit\u00e0 alle aziende in tutta Italia.<\/p>\n<\/div>\n<\/div>","protected":false},"excerpt":{"rendered":"<p>Internal Spur Gears differ from typical spur gears in that their teeth are formed on the inner surface of the blank. These gears tend to be stronger and more efficient compared to the pinion gear they mesh with. For proper function, the pitch diameter of the internal gear should be at least 1.5 times that [&hellip;]<\/p>","protected":false},"featured_media":4639,"comment_status":"open","ping_status":"closed","template":"","meta":{"_et_pb_use_builder":"","_et_pb_old_content":"","_et_gb_content_width":""},"product_brand":[],"product_cat":[114],"product_tag":[],"class_list":{"0":"post-7787","1":"product","2":"type-product","3":"status-publish","4":"has-post-thumbnail","6":"product_cat-ring-gear","8":"first","9":"instock","10":"shipping-taxable","11":"product-type-simple"},"_links":{"self":[{"href":"https:\/\/fmp-components.com\/it\/wp-json\/wp\/v2\/product\/7787","targetHints":{"allow":["GET"]}}],"collection":[{"href":"https:\/\/fmp-components.com\/it\/wp-json\/wp\/v2\/product"}],"about":[{"href":"https:\/\/fmp-components.com\/it\/wp-json\/wp\/v2\/types\/product"}],"replies":[{"embeddable":true,"href":"https:\/\/fmp-components.com\/it\/wp-json\/wp\/v2\/comments?post=7787"}],"wp:featuredmedia":[{"embeddable":true,"href":"https:\/\/fmp-components.com\/it\/wp-json\/wp\/v2\/media\/4639"}],"wp:attachment":[{"href":"https:\/\/fmp-components.com\/it\/wp-json\/wp\/v2\/media?parent=7787"}],"wp:term":[{"taxonomy":"product_brand","embeddable":true,"href":"https:\/\/fmp-components.com\/it\/wp-json\/wp\/v2\/product_brand?post=7787"},{"taxonomy":"product_cat","embeddable":true,"href":"https:\/\/fmp-components.com\/it\/wp-json\/wp\/v2\/product_cat?post=7787"},{"taxonomy":"product_tag","embeddable":true,"href":"https:\/\/fmp-components.com\/it\/wp-json\/wp\/v2\/product_tag?post=7787"}],"curies":[{"name":"parola chiave","href":"https:\/\/api.w.org\/{rel}","templated":true}]}}