{"id":7786,"date":"2025-04-04T07:12:32","date_gmt":"2025-04-04T07:12:32","guid":{"rendered":"https:\/\/fmp-components.com\/?post_type=product&#038;p=7786"},"modified":"2025-04-04T07:12:32","modified_gmt":"2025-04-04T07:12:32","slug":"steel-internal-gear","status":"publish","type":"product","link":"https:\/\/fmp-components.com\/it\/product\/steel-internal-gear\/","title":{"rendered":"Ingranaggio interno in acciaio"},"content":{"rendered":"<h2>Specifiche del prodotto<\/h2>\n<div class=\"table-responsive\">\n<table class=\"table\" style=\"width: 99.372%; height: 202px;\" border=\"1\" cellspacing=\"0\" cellpadding=\"0\">\n<tbody>\n<tr>\n<td>Forma del dente<\/td>\n<td>Interno<\/td>\n<\/tr>\n<tr>\n<td>Materiale<\/td>\n<td>Acciaio dolce<\/td>\n<\/tr>\n<tr>\n<td>Forma<\/td>\n<td>Girare<\/td>\n<\/tr>\n<tr>\n<td>Diametro<\/td>\n<td>100 millimetri<\/td>\n<\/tr>\n<tr>\n<td>Paese di origine<\/td>\n<td>Cina<\/td>\n<\/tr>\n<tr>\n<td>Finitura superficiale<\/td>\n<td>Verniciato a polvere<\/td>\n<\/tr>\n<tr>\n<td>Durezza<\/td>\n<td>45 HRC<\/td>\n<\/tr>\n<\/tbody>\n<\/table>\n<div>\n<h3 class=\"\" dir=\"auto\">Soluzioni di ingranaggi interni in acciaio di FMP per le industrie italiane<\/h3>\n<p class=\"break-words\" dir=\"auto\">La nostra vasta gamma di <a href=\"https:\/\/fmp-components.com\/it\/ring-gear\/\">ingranaggi ad anello<\/a> \u00e8 progettata per soddisfare le diverse esigenze dei settori della meccanica e dell'automotive, garantendo durata e precisione in ogni prodotto. Che siate a Firenze o a Bologna, FMP offre una variet\u00e0 di tipologie di ingranaggi, tra cui modelli standard e speciali, tutti realizzati con tecnologie avanzate per offrire prestazioni ottimali. Il nostro impegno per l'eccellenza ci rende un partner affidabile per le aziende che cercano soluzioni di ingranaggi affidabili nei distretti industriali italiani.<\/p>\n<h3 class=\"\" dir=\"auto\">Ingranaggi interni in acciaio personalizzati su misura per le tue esigenze<\/h3>\n<p class=\"break-words\" dir=\"auto\">In FMP, comprendiamo che ogni progetto \u00e8 unico, ed \u00e8 per questo che offriamo anche opzioni di ingranaggi interni in acciaio completamente personalizzate. Se vi trovate a Milano, Venezia, Firenze o altrove e non riuscite a trovare il modello esatto che vi serve nel nostro catalogo prodotti, non preoccupatevi: aggiorniamo costantemente la nostra offerta. Inviateci semplicemente un'e-mail con le vostre esigenze e i nostri ingegneri esperti vi risponderanno entro 24 ore con soluzioni personalizzate. Che si tratti di una dimensione specifica o di un design su misura per le vostre attivit\u00e0 a Bologna o in altre citt\u00e0 italiane, FMP \u00e8 qui per supportare la vostra attivit\u00e0 con un servizio rapido e professionale e una competenza produttiva di alto livello.<\/p>\n<\/div>\n<\/div>","protected":false},"excerpt":{"rendered":"<p>Product Specification Tooth Form Internal Material Mild Steel Shape Round Diameter 100 mm Country of Origin China Surface Finish Powder Coated Hardness 45 HRC Steel Internal Gear Solutions by FMP for Italian Industries Our extensive range of ring gears is designed to meet the diverse needs of machinery and automotive applications, ensuring durability and precision [&hellip;]<\/p>","protected":false},"featured_media":4647,"comment_status":"open","ping_status":"closed","template":"","meta":{"_et_pb_use_builder":"","_et_pb_old_content":"","_et_gb_content_width":""},"product_brand":[],"product_cat":[114],"product_tag":[],"class_list":{"0":"post-7786","1":"product","2":"type-product","3":"status-publish","4":"has-post-thumbnail","6":"product_cat-ring-gear","8":"first","9":"instock","10":"shipping-taxable","11":"product-type-simple"},"_links":{"self":[{"href":"https:\/\/fmp-components.com\/it\/wp-json\/wp\/v2\/product\/7786","targetHints":{"allow":["GET"]}}],"collection":[{"href":"https:\/\/fmp-components.com\/it\/wp-json\/wp\/v2\/product"}],"about":[{"href":"https:\/\/fmp-components.com\/it\/wp-json\/wp\/v2\/types\/product"}],"replies":[{"embeddable":true,"href":"https:\/\/fmp-components.com\/it\/wp-json\/wp\/v2\/comments?post=7786"}],"wp:featuredmedia":[{"embeddable":true,"href":"https:\/\/fmp-components.com\/it\/wp-json\/wp\/v2\/media\/4647"}],"wp:attachment":[{"href":"https:\/\/fmp-components.com\/it\/wp-json\/wp\/v2\/media?parent=7786"}],"wp:term":[{"taxonomy":"product_brand","embeddable":true,"href":"https:\/\/fmp-components.com\/it\/wp-json\/wp\/v2\/product_brand?post=7786"},{"taxonomy":"product_cat","embeddable":true,"href":"https:\/\/fmp-components.com\/it\/wp-json\/wp\/v2\/product_cat?post=7786"},{"taxonomy":"product_tag","embeddable":true,"href":"https:\/\/fmp-components.com\/it\/wp-json\/wp\/v2\/product_tag?post=7786"}],"curies":[{"name":"parola chiave","href":"https:\/\/api.w.org\/{rel}","templated":true}]}}