{"id":7781,"date":"2025-04-04T06:46:54","date_gmt":"2025-04-04T06:46:54","guid":{"rendered":"https:\/\/fmp-components.com\/?post_type=product&#038;p=7781"},"modified":"2025-04-04T06:48:36","modified_gmt":"2025-04-04T06:48:36","slug":"internal-gears-for-tractors-and-cranes","status":"publish","type":"product","link":"https:\/\/fmp-components.com\/it\/product\/internal-gears-for-tractors-and-cranes\/","title":{"rendered":"Ingranaggi interni per trattori e gru"},"content":{"rendered":"<h2>Specifiche del prodotto<\/h2>\n<div class=\"table-responsive\">\n<table class=\"table\" style=\"width: 99.2193%;\" border=\"1\">\n<tbody>\n<tr>\n<td style=\"width: 56.4286%;\">Tipo di prodotto<\/td>\n<td style=\"width: 281.083%;\">Parti di ingranaggi<\/td>\n<\/tr>\n<tr>\n<td style=\"width: 56.4286%;\">Utilizzo\/Applicazione<\/td>\n<td style=\"width: 281.083%;\">Trattore e gru<\/td>\n<\/tr>\n<tr>\n<td style=\"width: 56.4286%;\">Materiale<\/td>\n<td style=\"width: 281.083%;\">Acciaio dolce<\/td>\n<\/tr>\n<tr>\n<td style=\"width: 56.4286%;\">Forma<\/td>\n<td style=\"width: 281.083%;\">Girare<\/td>\n<\/tr>\n<tr>\n<td style=\"width: 56.4286%;\">Tipo di imballaggio<\/td>\n<td style=\"width: 281.083%;\">Scatola<\/td>\n<\/tr>\n<tr>\n<td style=\"width: 56.4286%;\">Quantit\u00e0 minima d&#039;ordine<\/td>\n<td style=\"width: 281.083%;\">10 Numero<\/td>\n<\/tr>\n<\/tbody>\n<\/table>\n<\/div>\n<p>Grazie alla sincerit\u00e0 e al duro lavoro dei nostri professionisti, ci siamo ritagliati una nicchia in questo settore, offrendo una gamma di ingranaggi interni di qualit\u00e0 superiore.<\/p>\n<div>\n<h3 class=\"\" dir=\"auto\">Migliora le prestazioni di trattori e gru con gli ingranaggi interni di FMP in Italia<\/h3>\n<p class=\"break-words\" dir=\"auto\">Gli ingranaggi interni svolgono un ruolo fondamentale nel funzionamento regolare di macchinari pesanti come trattori e gru, offrendo potenza e precisione dove pi\u00f9 serve. In FMP, produciamo un'ampia variet\u00e0 di corone dentate, inclusi ingranaggi interni di alta qualit\u00e0 progettati per soddisfare le esigenze degli ambienti agricoli e edili. Dai fertili campi vicino a Firenze ai poli industriali di Milano, i nostri ingranaggi garantiscono durata, efficienza e manutenzione ridotta per le vostre attrezzature. Che si tratti di azionare gru nei trafficati porti di Venezia o trattori nelle campagne di Bologna, FMP offre soluzioni affidabili su misura per i diversi settori industriali italiani.<\/p>\n<h3 class=\"\" dir=\"auto\">Ingranaggi interni personalizzati per le tue esigenze: contatta FMP oggi stesso!<\/h3>\n<p class=\"break-words\" dir=\"auto\">FMP si impegna a soddisfare le vostre esigenze specifiche con la nostra vasta gamma di <a href=\"https:\/\/fmp-components.com\/it\/ring-gear\/\">ingranaggi ad anello<\/a> e capacit\u00e0 di produzione personalizzate. Se stai cercando ingranaggi interni per trattori o gru e non vedi il modello esatto nel nostro elenco prodotti, \u00e8 probabile che non lo abbiamo ancora caricato: il nostro inventario \u00e8 in continua crescita. Contattaci via email con le tue esigenze, che tu sia a Milano, Venezia, Firenze o altrove, e i nostri tecnici qualificati ti risponderanno entro 24 ore con una soluzione personalizzata. Affidati a FMP per ottenere qualit\u00e0 e supporto eccezionali, alimentando i tuoi macchinari in tutta Italia con precisione e competenza.<\/p>\n<\/div>","protected":false},"excerpt":{"rendered":"<p>Product Specification Product Type Gear Parts Usage\/Application Tractor and crane Material Mild Steel Shape Round Packaging Type Box Minimum Order Quantity 10 Number With our professionals&#8217; sincerity and hard work, we have carved a niche for ourselves in this domain by offering a premium quality gamut of Internal Gear. Boost Tractor and Crane Performance with [&hellip;]<\/p>","protected":false},"featured_media":4638,"comment_status":"open","ping_status":"closed","template":"","meta":{"_et_pb_use_builder":"","_et_pb_old_content":"","_et_gb_content_width":""},"product_brand":[],"product_cat":[114],"product_tag":[],"class_list":{"0":"post-7781","1":"product","2":"type-product","3":"status-publish","4":"has-post-thumbnail","6":"product_cat-ring-gear","8":"first","9":"instock","10":"shipping-taxable","11":"product-type-simple"},"_links":{"self":[{"href":"https:\/\/fmp-components.com\/it\/wp-json\/wp\/v2\/product\/7781","targetHints":{"allow":["GET"]}}],"collection":[{"href":"https:\/\/fmp-components.com\/it\/wp-json\/wp\/v2\/product"}],"about":[{"href":"https:\/\/fmp-components.com\/it\/wp-json\/wp\/v2\/types\/product"}],"replies":[{"embeddable":true,"href":"https:\/\/fmp-components.com\/it\/wp-json\/wp\/v2\/comments?post=7781"}],"wp:featuredmedia":[{"embeddable":true,"href":"https:\/\/fmp-components.com\/it\/wp-json\/wp\/v2\/media\/4638"}],"wp:attachment":[{"href":"https:\/\/fmp-components.com\/it\/wp-json\/wp\/v2\/media?parent=7781"}],"wp:term":[{"taxonomy":"product_brand","embeddable":true,"href":"https:\/\/fmp-components.com\/it\/wp-json\/wp\/v2\/product_brand?post=7781"},{"taxonomy":"product_cat","embeddable":true,"href":"https:\/\/fmp-components.com\/it\/wp-json\/wp\/v2\/product_cat?post=7781"},{"taxonomy":"product_tag","embeddable":true,"href":"https:\/\/fmp-components.com\/it\/wp-json\/wp\/v2\/product_tag?post=7781"}],"curies":[{"name":"parola chiave","href":"https:\/\/api.w.org\/{rel}","templated":true}]}}