{"id":7776,"date":"2025-04-04T06:37:01","date_gmt":"2025-04-04T06:37:01","guid":{"rendered":"https:\/\/fmp-components.com\/?post_type=product&#038;p=7776"},"modified":"2025-04-04T06:39:57","modified_gmt":"2025-04-04T06:39:57","slug":"plastic-internal-gear","status":"publish","type":"product","link":"https:\/\/fmp-components.com\/it\/product\/plastic-internal-gear\/","title":{"rendered":"Ingranaggio interno in plastica"},"content":{"rendered":"<h3>Specifiche degli ingranaggi interni in plastica<\/h3>\n<div class=\"table-responsive\">\n<table class=\"table\" style=\"width: 100.732%;\" border=\"1\" cellspacing=\"0\" cellpadding=\"0\">\n<tbody>\n<tr>\n<td style=\"width: 182.865%;\" colspan=\"2\">Ingranaggio interno in plastica<\/td>\n<\/tr>\n<tr>\n<td style=\"width: 23.299%;\">Dimensione<\/td>\n<td style=\"width: 159.566%;\">\u03a660mm<\/td>\n<\/tr>\n<tr>\n<td style=\"width: 23.299%;\">Modulo<\/td>\n<td style=\"width: 159.566%;\">Da M0.15 a M2.0<\/td>\n<\/tr>\n<tr>\n<td style=\"width: 23.299%;\">Tipo di materiale<\/td>\n<td style=\"width: 159.566%;\">POM, PA, PPA, PBT PEEK su misura<\/td>\n<\/tr>\n<tr>\n<td style=\"width: 23.299%;\">Grado di magliatura<\/td>\n<td style=\"width: 159.566%;\">ISO6, JGMA 1, JIS 6, AGMA 13, BACCANO 6, Din5, AGMA12<\/td>\n<\/tr>\n<tr>\n<td style=\"width: 23.299%;\">Applicazione<\/td>\n<td style=\"width: 159.566%;\">Automotive, Militare, Aeronautica, Meccanica, Industriale, Medico<\/td>\n<\/tr>\n<tr>\n<td style=\"width: 23.299%;\">Personalizzato<\/td>\n<td style=\"width: 159.566%;\">ODM\/OEM supportato<\/td>\n<\/tr>\n<tr>\n<td style=\"width: 23.299%;\">Campione<\/td>\n<td style=\"width: 159.566%;\">Campione disponibile<\/td>\n<\/tr>\n<tr>\n<td style=\"width: 23.299%;\">Modalit\u00e0 di imballaggio<\/td>\n<td style=\"width: 159.566%;\">Confezionato sottovuoto con vaschetta di plastica<\/td>\n<\/tr>\n<tr>\n<td style=\"width: 23.299%;\">Modalit\u00e0 di consegna<\/td>\n<td style=\"width: 159.566%;\">Servizio Clienti<\/td>\n<\/tr>\n<tr>\n<td style=\"width: 23.299%;\">Certificato<\/td>\n<td style=\"width: 159.566%;\">Certificazione ISO 9001:2008\/TS16949<\/td>\n<\/tr>\n<\/tbody>\n<\/table>\n<h2>Modulo corona dentata interna in plastica 1 denti 20 -140<\/h2>\n<table style=\"border-collapse: collapse; width: 101.877%; height: 5px;\" border=\"0\" width=\"162\" cellspacing=\"0\" cellpadding=\"0\">\n<tbody>\n<tr style=\"height: 14.40pt;\">\n<td style=\"height: 14.40pt; width: 48.60pt;\" align=\"right\" width=\"81\" height=\"24\"><img loading=\"lazy\" decoding=\"async\" class=\"size-full wp-image-7777 aligncenter\" src=\"https:\/\/fmp-components.com\/wp-content\/uploads\/2025\/04\/Plastic-Internal-Ring-Gear-3.webp\" alt=\"Corona dentata interna in plastica\" width=\"600\" height=\"600\" title=\"\" srcset=\"https:\/\/fmp-components.com\/wp-content\/uploads\/2025\/04\/Plastic-Internal-Ring-Gear-3.webp 600w, https:\/\/fmp-components.com\/wp-content\/uploads\/2025\/04\/Plastic-Internal-Ring-Gear-3-480x480.webp 480w\" sizes=\"(min-width: 0px) and (max-width: 480px) 480px, (min-width: 481px) 600px, 100vw\" \/><\/td>\n<td style=\"width: 48.60pt;\" align=\"right\" width=\"81\"><img loading=\"lazy\" decoding=\"async\" class=\"size-full wp-image-7778 aligncenter\" src=\"https:\/\/fmp-components.com\/wp-content\/uploads\/2025\/04\/Plastic-Internal-Ring-Gear.webp\" alt=\"Corona dentata interna in plastica\" width=\"600\" height=\"600\" title=\"\" srcset=\"https:\/\/fmp-components.com\/wp-content\/uploads\/2025\/04\/Plastic-Internal-Ring-Gear.webp 600w, https:\/\/fmp-components.com\/wp-content\/uploads\/2025\/04\/Plastic-Internal-Ring-Gear-480x480.webp 480w\" sizes=\"(min-width: 0px) and (max-width: 480px) 480px, (min-width: 481px) 600px, 100vw\" \/><\/td>\n<\/tr>\n<\/tbody>\n<\/table>\n<p>Angolo di pressione: 20\u00b0<\/p>\n<p>Materiale: POM-C naturale<\/p>\n<p>Dentatura realizzata meccanicamente,<\/p>\n<p>qualit\u00e0 eccellente.<\/p>\n<p>Angolo dell&#039;elica: 0\u00b0 (fianchi dritti)<\/p>\n<table style=\"width: 101.252%;\" border=\"1\" cellspacing=\"0\" cellpadding=\"0\">\n<tbody>\n<tr>\n<td style=\"width: 15.1436%;\">\n<p align=\"center\"><b>Numero parte<\/b><\/p>\n<\/td>\n<td style=\"width: 26.2867%;\">\n<p align=\"center\"><b>Numero di denti<\/b><\/p>\n<\/td>\n<td style=\"width: 11.0501%;\">\n<p align=\"center\"><strong>B<\/strong><\/p>\n<\/td>\n<td style=\"width: 8.61619%;\">\n<p align=\"center\"><strong>UN.<\/strong><\/p>\n<\/td>\n<td style=\"width: 8.61619%;\">\n<p align=\"center\"><strong>\u00f8D<\/strong><\/p>\n<\/td>\n<td style=\"width: 8.61619%;\">\n<p align=\"center\"><strong>OK<\/strong><\/p>\n<\/td>\n<td style=\"width: 12.7937%;\">\n<p align=\"center\"><strong>\u00b0C<\/strong><\/p>\n<\/td>\n<td style=\"width: 154.308%;\">\n<p align=\"center\"><strong>\u00f8TK<\/strong><\/p>\n<\/td>\n<\/tr>\n<tr>\n<td class=\"xl1871\" style=\"width: 15.1436%;\" height=\"20\">\n<p align=\"center\">Elementi:<\/p>\n<\/td>\n<td class=\"xl1871\" style=\"width: 26.2867%;\">\n<p align=\"center\">\n<\/td>\n<td class=\"xl1872\" style=\"width: 11.0501%;\">\n<p align=\"center\">[mm]<\/p>\n<\/td>\n<td class=\"xl1872\" style=\"width: 8.61619%;\">\n<p align=\"center\">[mm]<\/p>\n<\/td>\n<td class=\"xl1872\" style=\"width: 8.61619%;\">\n<p align=\"center\">[mm]<\/p>\n<\/td>\n<td class=\"xl1872\" style=\"width: 8.61619%;\">\n<p align=\"center\">[mm]<\/p>\n<\/td>\n<td class=\"xl1872\" style=\"width: 12.7937%;\">\n<p align=\"center\">[mm]<\/p>\n<\/td>\n<td class=\"xl1872\" style=\"width: 154.308%;\">\n<p align=\"center\">[mm]<\/p>\n<\/td>\n<\/tr>\n<tr>\n<td class=\"xl1871\" style=\"width: 15.1436%;\" height=\"20\">\n<p align=\"center\">HR1-20<\/p>\n<\/td>\n<td class=\"xl1872\" style=\"width: 26.2867%;\">\n<p align=\"center\">20<\/p>\n<\/td>\n<td class=\"xl1872\" style=\"width: 11.0501%;\">\n<p align=\"center\">5<\/p>\n<\/td>\n<td class=\"xl1872\" style=\"width: 8.61619%;\">\n<p align=\"center\">35<\/p>\n<\/td>\n<td class=\"xl1872\" style=\"width: 8.61619%;\">\n<p align=\"center\">20<\/p>\n<\/td>\n<td class=\"xl1872\" style=\"width: 8.61619%;\">\n<p align=\"center\">18<\/p>\n<\/td>\n<td class=\"xl1872\" style=\"width: 12.7937%;\">\n<p align=\"center\">2,8 (3x)<\/p>\n<\/td>\n<td class=\"xl1872\" style=\"width: 154.308%;\">\n<p align=\"center\">29<\/p>\n<\/td>\n<\/tr>\n<tr>\n<td class=\"xl1871\" style=\"width: 15.1436%;\" height=\"20\">\n<p align=\"center\">HR1-30<\/p>\n<\/td>\n<td class=\"xl1872\" style=\"width: 26.2867%;\">\n<p align=\"center\">30<\/p>\n<\/td>\n<td class=\"xl1872\" style=\"width: 11.0501%;\">\n<p align=\"center\">5<\/p>\n<\/td>\n<td class=\"xl1872\" style=\"width: 8.61619%;\">\n<p align=\"center\">45<\/p>\n<\/td>\n<td class=\"xl1872\" style=\"width: 8.61619%;\">\n<p align=\"center\">30<\/p>\n<\/td>\n<td class=\"xl1872\" style=\"width: 8.61619%;\">\n<p align=\"center\">28<\/p>\n<\/td>\n<td class=\"xl1872\" style=\"width: 12.7937%;\">\n<p align=\"center\">2,8 (3x)<\/p>\n<\/td>\n<td class=\"xl1872\" style=\"width: 154.308%;\">\n<p align=\"center\">39<\/p>\n<\/td>\n<\/tr>\n<tr>\n<td class=\"xl1871\" style=\"width: 15.1436%;\" height=\"20\">\n<p align=\"center\">HR1-40<\/p>\n<\/td>\n<td class=\"xl1872\" style=\"width: 26.2867%;\">\n<p align=\"center\">40<\/p>\n<\/td>\n<td class=\"xl1872\" style=\"width: 11.0501%;\">\n<p align=\"center\">5<\/p>\n<\/td>\n<td class=\"xl1872\" style=\"width: 8.61619%;\">\n<p align=\"center\">55<\/p>\n<\/td>\n<td class=\"xl1872\" style=\"width: 8.61619%;\">\n<p align=\"center\">40<\/p>\n<\/td>\n<td class=\"xl1872\" style=\"width: 8.61619%;\">\n<p align=\"center\">38<\/p>\n<\/td>\n<td class=\"xl1872\" style=\"width: 12.7937%;\">\n<p align=\"center\">2,8 (3x)<\/p>\n<\/td>\n<td class=\"xl1872\" style=\"width: 154.308%;\">\n<p align=\"center\">49<\/p>\n<\/td>\n<\/tr>\n<tr>\n<td class=\"xl1871\" style=\"width: 15.1436%;\" height=\"20\">\n<p align=\"center\">HR1-50<\/p>\n<\/td>\n<td class=\"xl1872\" style=\"width: 26.2867%;\">\n<p align=\"center\">50<\/p>\n<\/td>\n<td class=\"xl1872\" style=\"width: 11.0501%;\">\n<p align=\"center\">5<\/p>\n<\/td>\n<td class=\"xl1872\" style=\"width: 8.61619%;\">\n<p align=\"center\">65<\/p>\n<\/td>\n<td class=\"xl1872\" style=\"width: 8.61619%;\">\n<p align=\"center\">50<\/p>\n<\/td>\n<td class=\"xl1872\" style=\"width: 8.61619%;\">\n<p align=\"center\">48<\/p>\n<\/td>\n<td class=\"xl1872\" style=\"width: 12.7937%;\">\n<p align=\"center\">2,8 (3x)<\/p>\n<\/td>\n<td class=\"xl1872\" style=\"width: 154.308%;\">\n<p align=\"center\">59<\/p>\n<\/td>\n<\/tr>\n<tr>\n<td class=\"xl1871\" style=\"width: 15.1436%;\" height=\"20\">\n<p align=\"center\">HR1-60<\/p>\n<\/td>\n<td class=\"xl1872\" style=\"width: 26.2867%;\">\n<p align=\"center\">60<\/p>\n<\/td>\n<td class=\"xl1872\" style=\"width: 11.0501%;\">\n<p align=\"center\">5<\/p>\n<\/td>\n<td class=\"xl1872\" style=\"width: 8.61619%;\">\n<p align=\"center\">75<\/p>\n<\/td>\n<td class=\"xl1872\" style=\"width: 8.61619%;\">\n<p align=\"center\">60<\/p>\n<\/td>\n<td class=\"xl1872\" style=\"width: 8.61619%;\">\n<p align=\"center\">58<\/p>\n<\/td>\n<td class=\"xl1872\" style=\"width: 12.7937%;\">\n<p align=\"center\">2,8 (6x)<\/p>\n<\/td>\n<td class=\"xl1872\" style=\"width: 154.308%;\">\n<p align=\"center\">69<\/p>\n<\/td>\n<\/tr>\n<tr>\n<td class=\"xl1871\" style=\"width: 15.1436%;\" height=\"20\">\n<p align=\"center\">HR1-70<\/p>\n<\/td>\n<td class=\"xl1872\" style=\"width: 26.2867%;\">\n<p align=\"center\">70<\/p>\n<\/td>\n<td class=\"xl1872\" style=\"width: 11.0501%;\">\n<p align=\"center\">5<\/p>\n<\/td>\n<td class=\"xl1872\" style=\"width: 8.61619%;\">\n<p align=\"center\">85<\/p>\n<\/td>\n<td class=\"xl1872\" style=\"width: 8.61619%;\">\n<p align=\"center\">70<\/p>\n<\/td>\n<td class=\"xl1872\" style=\"width: 8.61619%;\">\n<p align=\"center\">68<\/p>\n<\/td>\n<td class=\"xl1872\" style=\"width: 12.7937%;\">\n<p align=\"center\">2,8 (6x)<\/p>\n<\/td>\n<td class=\"xl1872\" style=\"width: 154.308%;\">\n<p align=\"center\">79<\/p>\n<\/td>\n<\/tr>\n<tr>\n<td class=\"xl1871\" style=\"width: 15.1436%;\" height=\"20\">\n<p align=\"center\">HR1-80<\/p>\n<\/td>\n<td class=\"xl1872\" style=\"width: 26.2867%;\">\n<p align=\"center\">80<\/p>\n<\/td>\n<td class=\"xl1872\" style=\"width: 11.0501%;\">\n<p align=\"center\">5<\/p>\n<\/td>\n<td class=\"xl1872\" style=\"width: 8.61619%;\">\n<p align=\"center\">95<\/p>\n<\/td>\n<td class=\"xl1872\" style=\"width: 8.61619%;\">\n<p align=\"center\">80<\/p>\n<\/td>\n<td class=\"xl1872\" style=\"width: 8.61619%;\">\n<p align=\"center\">78<\/p>\n<\/td>\n<td class=\"xl1872\" style=\"width: 12.7937%;\">\n<p align=\"center\">2,8 (6x)<\/p>\n<\/td>\n<td class=\"xl1872\" style=\"width: 154.308%;\">\n<p align=\"center\">89<\/p>\n<\/td>\n<\/tr>\n<tr>\n<td class=\"xl1871\" style=\"width: 15.1436%;\" height=\"20\">\n<p align=\"center\">HR1-90<\/p>\n<\/td>\n<td class=\"xl1872\" style=\"width: 26.2867%;\">\n<p align=\"center\">90<\/p>\n<\/td>\n<td class=\"xl1872\" style=\"width: 11.0501%;\">\n<p align=\"center\">5<\/p>\n<\/td>\n<td class=\"xl1872\" style=\"width: 8.61619%;\">\n<p align=\"center\">105<\/p>\n<\/td>\n<td class=\"xl1872\" style=\"width: 8.61619%;\">\n<p align=\"center\">90<\/p>\n<\/td>\n<td class=\"xl1872\" style=\"width: 8.61619%;\">\n<p align=\"center\">88<\/p>\n<\/td>\n<td class=\"xl1872\" style=\"width: 12.7937%;\">\n<p align=\"center\">2,8 (6x)<\/p>\n<\/td>\n<td class=\"xl1872\" style=\"width: 154.308%;\">\n<p align=\"center\">99<\/p>\n<\/td>\n<\/tr>\n<tr>\n<td class=\"xl1871\" style=\"width: 15.1436%;\" height=\"20\">\n<p align=\"center\">HR1-100<\/p>\n<\/td>\n<td class=\"xl1872\" style=\"width: 26.2867%;\">\n<p align=\"center\">100<\/p>\n<\/td>\n<td class=\"xl1872\" style=\"width: 11.0501%;\">\n<p align=\"center\">5<\/p>\n<\/td>\n<td class=\"xl1872\" style=\"width: 8.61619%;\">\n<p align=\"center\">115<\/p>\n<\/td>\n<td class=\"xl1872\" style=\"width: 8.61619%;\">\n<p align=\"center\">100<\/p>\n<\/td>\n<td class=\"xl1872\" style=\"width: 8.61619%;\">\n<p align=\"center\">98<\/p>\n<\/td>\n<td class=\"xl1872\" style=\"width: 12.7937%;\">\n<p align=\"center\">2,8 (6x)<\/p>\n<\/td>\n<td class=\"xl1872\" style=\"width: 154.308%;\">\n<p align=\"center\">109<\/p>\n<\/td>\n<\/tr>\n<tr>\n<td class=\"xl1871\" style=\"width: 15.1436%;\" height=\"20\">\n<p align=\"center\">HR1-110<\/p>\n<\/td>\n<td class=\"xl1872\" style=\"width: 26.2867%;\">\n<p align=\"center\">110<\/p>\n<\/td>\n<td class=\"xl1872\" style=\"width: 11.0501%;\">\n<p align=\"center\">5<\/p>\n<\/td>\n<td class=\"xl1872\" style=\"width: 8.61619%;\">\n<p align=\"center\">125<\/p>\n<\/td>\n<td class=\"xl1872\" style=\"width: 8.61619%;\">\n<p align=\"center\">110<\/p>\n<\/td>\n<td class=\"xl1872\" style=\"width: 8.61619%;\">\n<p align=\"center\">108<\/p>\n<\/td>\n<td class=\"xl1872\" style=\"width: 12.7937%;\">\n<p align=\"center\">2,8 (6x)<\/p>\n<\/td>\n<td class=\"xl1872\" style=\"width: 154.308%;\">\n<p align=\"center\">119<\/p>\n<\/td>\n<\/tr>\n<tr>\n<td class=\"xl1871\" style=\"width: 15.1436%;\" height=\"20\">\n<p align=\"center\">HR1-120<\/p>\n<\/td>\n<td class=\"xl1872\" style=\"width: 26.2867%;\">\n<p align=\"center\">120<\/p>\n<\/td>\n<td class=\"xl1872\" style=\"width: 11.0501%;\">\n<p align=\"center\">5<\/p>\n<\/td>\n<td class=\"xl1872\" style=\"width: 8.61619%;\">\n<p align=\"center\">135<\/p>\n<\/td>\n<td class=\"xl1872\" style=\"width: 8.61619%;\">\n<p align=\"center\">120<\/p>\n<\/td>\n<td class=\"xl1872\" style=\"width: 8.61619%;\">\n<p align=\"center\">118<\/p>\n<\/td>\n<td class=\"xl1872\" style=\"width: 12.7937%;\">\n<p align=\"center\">2,8 (8x)<\/p>\n<\/td>\n<td class=\"xl1872\" style=\"width: 154.308%;\">\n<p align=\"center\">129<\/p>\n<\/td>\n<\/tr>\n<tr>\n<td class=\"xl1871\" style=\"width: 15.1436%;\" height=\"20\">\n<p align=\"center\">HR1-130<\/p>\n<\/td>\n<td class=\"xl1872\" style=\"width: 26.2867%;\">\n<p align=\"center\">130<\/p>\n<\/td>\n<td class=\"xl1872\" style=\"width: 11.0501%;\">\n<p align=\"center\">5<\/p>\n<\/td>\n<td class=\"xl1872\" style=\"width: 8.61619%;\">\n<p align=\"center\">145<\/p>\n<\/td>\n<td class=\"xl1872\" style=\"width: 8.61619%;\">\n<p align=\"center\">130<\/p>\n<\/td>\n<td class=\"xl1872\" style=\"width: 8.61619%;\">\n<p align=\"center\">128<\/p>\n<\/td>\n<td class=\"xl1872\" style=\"width: 12.7937%;\">\n<p align=\"center\">2,8 (8x)<\/p>\n<\/td>\n<td class=\"xl1872\" style=\"width: 154.308%;\">\n<p align=\"center\">139<\/p>\n<\/td>\n<\/tr>\n<tr>\n<td class=\"xl1871\" style=\"width: 15.1436%;\" height=\"20\">\n<p align=\"center\">HR1-140<\/p>\n<\/td>\n<td class=\"xl1872\" style=\"width: 26.2867%;\">\n<p align=\"center\">140<\/p>\n<\/td>\n<td class=\"xl1872\" style=\"width: 11.0501%;\">\n<p align=\"center\">5<\/p>\n<\/td>\n<td class=\"xl1872\" style=\"width: 8.61619%;\">\n<p align=\"center\">155<\/p>\n<\/td>\n<td class=\"xl1872\" style=\"width: 8.61619%;\">\n<p align=\"center\">140<\/p>\n<\/td>\n<td class=\"xl1872\" style=\"width: 8.61619%;\">\n<p align=\"center\">138<\/p>\n<\/td>\n<td class=\"xl1872\" style=\"width: 12.7937%;\">\n<p align=\"center\">2,8 (8x)<\/p>\n<\/td>\n<td class=\"xl1872\" style=\"width: 154.308%;\">\n<p align=\"center\">149<\/p>\n<\/td>\n<\/tr>\n<\/tbody>\n<\/table>\n<p>Su richiesta sono possibili altre misure, nonch\u00e9 la realizzazione di corone dentate interne in plastica secondo disegno.<\/p>\n<table style=\"border-collapse: collapse; width: 101.662%; height: 5px;\" border=\"0\" width=\"162\" cellspacing=\"0\" cellpadding=\"0\">\n<tbody>\n<tr style=\"height: 14.40pt;\">\n<td style=\"height: 14.40pt; width: 48.60pt;\" align=\"right\" width=\"81\" height=\"24\"><img loading=\"lazy\" decoding=\"async\" class=\"size-full wp-image-7779 aligncenter\" src=\"https:\/\/fmp-components.com\/wp-content\/uploads\/2025\/04\/Internal-Gear-image.webp\" alt=\"Immagine-ingranaggio-interno\" width=\"2048\" height=\"1951\" title=\"\" srcset=\"https:\/\/fmp-components.com\/wp-content\/uploads\/2025\/04\/Internal-Gear-image.webp 2048w, https:\/\/fmp-components.com\/wp-content\/uploads\/2025\/04\/Internal-Gear-image-1280x1219.webp 1280w, https:\/\/fmp-components.com\/wp-content\/uploads\/2025\/04\/Internal-Gear-image-980x934.webp 980w, https:\/\/fmp-components.com\/wp-content\/uploads\/2025\/04\/Internal-Gear-image-480x457.webp 480w\" sizes=\"(min-width: 0px) and (max-width: 480px) 480px, (min-width: 481px) and (max-width: 980px) 980px, (min-width: 981px) and (max-width: 1280px) 1280px, (min-width: 1281px) 2048px, 100vw\" \/><\/td>\n<td style=\"width: 48.60pt;\" align=\"right\" width=\"81\"><img loading=\"lazy\" decoding=\"async\" class=\"size-full wp-image-7780 aligncenter\" src=\"https:\/\/fmp-components.com\/wp-content\/uploads\/2025\/04\/Plastic-Internal-Gear2.webp\" alt=\"Immagine-ingranaggio-interno\" width=\"480\" height=\"480\" title=\"\" srcset=\"https:\/\/fmp-components.com\/wp-content\/uploads\/2025\/04\/Plastic-Internal-Gear2.webp 480w, https:\/\/fmp-components.com\/wp-content\/uploads\/2025\/04\/Plastic-Internal-Gear2-300x300.webp 300w, https:\/\/fmp-components.com\/wp-content\/uploads\/2025\/04\/Plastic-Internal-Gear2-150x150.webp 150w, https:\/\/fmp-components.com\/wp-content\/uploads\/2025\/04\/Plastic-Internal-Gear2-12x12.webp 12w, https:\/\/fmp-components.com\/wp-content\/uploads\/2025\/04\/Plastic-Internal-Gear2-100x100.webp 100w\" sizes=\"(max-width: 480px) 100vw, 480px\" \/><\/td>\n<\/tr>\n<\/tbody>\n<\/table>\n<div class=\"message-bubble rounded-3xl prose dark:prose-invert break-words text-primary min-h-7 prose-p:opacity-95 prose-strong:opacity-100 w-full max-w-none\" dir=\"auto\">\n<h3 class=\"\" dir=\"auto\">Ottimizza i tuoi macchinari con gli ingranaggi interni in plastica di FMP in Italia<\/h3>\n<p class=\"break-words\" dir=\"auto\">Quando si tratta di migliorare le prestazioni dei vostri macchinari, gli ingranaggi interni in plastica rappresentano una soluzione leggera, durevole ed economica. In FMP, siamo specializzati nella produzione di un&#039;ampia gamma di <a href=\"https:\/\/fmp-components.com\/it\/ring-gear\/\">ingranaggi ad anello<\/a>, inclusi ingranaggi interni in plastica, progettati per soddisfare le diverse esigenze delle industrie in tutta Italia, dalle frenetiche fabbriche milanesi alle innovative officine veneziane. I nostri prodotti sono realizzati con precisione per garantire bassa rumorosit\u00e0, elevata efficienza e resistenza all&#039;usura, rendendoli ideali per applicazioni nei settori automobilistico, robotico e delle attrezzature industriali. Che siate a Firenze in cerca di componenti affidabili o a Bologna per ottimizzare le linee di produzione, FMP offre ingranaggi di alta qualit\u00e0 su misura per le vostre specifiche.<\/p>\n<h3 class=\"\" dir=\"auto\">Ingranaggi interni in plastica personalizzati disponibili: contattaci oggi stesso!<\/h3>\n<p class=\"break-words\" dir=\"auto\">In FMP, siamo orgogliosi di offrire non solo corone dentate standard, ma anche soluzioni completamente personalizzate per soddisfare le vostre esigenze specifiche. Se state consultando il nostro catalogo prodotti e non riuscite a trovare il modello esatto di ingranaggio interno in plastica di cui avete bisogno, non preoccupatevi: il nostro catalogo \u00e8 in continua espansione e potremmo non averlo ancora caricato. Inviateci semplicemente un&#039;e-mail con le vostre specifiche e uno dei nostri ingegneri dedicati vi risponder\u00e0 entro 24 ore per fornirvi supporto personalizzato e la soluzione pi\u00f9 adatta al vostro progetto. Affidatevi a FMP per supportare la vostra innovazione in Italia con qualit\u00e0 e servizio ineguagliabili.<\/p>\n<\/div>\n<\/div>","protected":false},"excerpt":{"rendered":"<p>Plastic Internal Gear Specification Plastic Internal Gear Dimension \u03a660mm Module M0.15-M2.0 Material Type POM, PA, PPA, PBT PEEK as customized Meshing Grade ISO6, JGMA 1, JIS 6, AGMA 13, DIN 6,Din5,AGMA12 Application Automotive, Military, Aircraft, Mechanical, industrial, Medical Customized ODM\/OEM supported Sample Sample available Modes of Packing Vacuum-packed with Plastic Tray Modes of Delivery DHL [&hellip;]<\/p>","protected":false},"featured_media":7779,"comment_status":"open","ping_status":"closed","template":"","meta":{"_et_pb_use_builder":"","_et_pb_old_content":"","_et_gb_content_width":""},"product_brand":[],"product_cat":[114],"product_tag":[],"class_list":{"0":"post-7776","1":"product","2":"type-product","3":"status-publish","4":"has-post-thumbnail","6":"product_cat-ring-gear","8":"first","9":"instock","10":"shipping-taxable","11":"product-type-simple"},"_links":{"self":[{"href":"https:\/\/fmp-components.com\/it\/wp-json\/wp\/v2\/product\/7776","targetHints":{"allow":["GET"]}}],"collection":[{"href":"https:\/\/fmp-components.com\/it\/wp-json\/wp\/v2\/product"}],"about":[{"href":"https:\/\/fmp-components.com\/it\/wp-json\/wp\/v2\/types\/product"}],"replies":[{"embeddable":true,"href":"https:\/\/fmp-components.com\/it\/wp-json\/wp\/v2\/comments?post=7776"}],"wp:featuredmedia":[{"embeddable":true,"href":"https:\/\/fmp-components.com\/it\/wp-json\/wp\/v2\/media\/7779"}],"wp:attachment":[{"href":"https:\/\/fmp-components.com\/it\/wp-json\/wp\/v2\/media?parent=7776"}],"wp:term":[{"taxonomy":"product_brand","embeddable":true,"href":"https:\/\/fmp-components.com\/it\/wp-json\/wp\/v2\/product_brand?post=7776"},{"taxonomy":"product_cat","embeddable":true,"href":"https:\/\/fmp-components.com\/it\/wp-json\/wp\/v2\/product_cat?post=7776"},{"taxonomy":"product_tag","embeddable":true,"href":"https:\/\/fmp-components.com\/it\/wp-json\/wp\/v2\/product_tag?post=7776"}],"curies":[{"name":"parola chiave","href":"https:\/\/api.w.org\/{rel}","templated":true}]}}