{"id":774,"date":"2024-12-18T06:44:58","date_gmt":"2024-12-18T06:44:58","guid":{"rendered":"https:\/\/fmp-components.com\/?page_id=8"},"modified":"2024-12-18T06:54:43","modified_gmt":"2024-12-18T06:54:43","slug":"hydraulic-cylinder-for-reach-stacker","status":"publish","type":"product","link":"https:\/\/fmp-components.com\/it\/product\/hydraulic-cylinder-for-reach-stacker\/","title":{"rendered":"Cilindro idraulico per Reach Stacker"},"content":{"rendered":"<p style=\"text-align: center;\"><span style=\"font-size: 18pt;\">Cilindro idraulico per Reach Stacker<\/span><\/p>\n<p>Il cilindro idraulico per Reach Stacker \u00e8 un componente idraulico essenziale progettato per migliorare le capacit\u00e0 di sollevamento ed estensione dei reach stacker utilizzati nelle operazioni di logistica e movimentazione container. Questo cilindro svolge un ruolo fondamentale nel consentire il movimento fluido e preciso del braccio dello stacker, consentendo un carico, uno scarico e un accatastamento efficienti di container e carichi pesanti.<\/p>\n<p><img loading=\"lazy\" decoding=\"async\" class=\"alignnone size-full wp-image-788\" src=\"https:\/\/fmp-components.com\/wp-content\/uploads\/2024\/12\/Reach-Stacker-Luffing-Cylinders-2.webp\" alt=\"Reach-Stacker-Cilindri-di-sollevamento-2\" width=\"870\" height=\"535\" title=\"\" srcset=\"https:\/\/fmp-components.com\/wp-content\/uploads\/2024\/12\/Reach-Stacker-Luffing-Cylinders-2.webp 870w, https:\/\/fmp-components.com\/wp-content\/uploads\/2024\/12\/Reach-Stacker-Luffing-Cylinders-2-480x295.webp 480w\" sizes=\"(min-width: 0px) and (max-width: 480px) 480px, (min-width: 481px) 870px, 100vw\" \/><\/p>\n<h4>Caratteristiche principali:<\/h4>\n<ul>\n<li><strong>Elevata capacit\u00e0 di carico:<\/strong> Progettato per gestire pesi significativi, questo cilindro idraulico garantisce prestazioni affidabili durante le operazioni di sollevamento pesanti, essenziali per una gestione efficiente del carico.<\/li>\n<li><strong>Costruzione robusta:<\/strong> Realizzato con materiali ad alta resistenza, \u00e8 progettato per resistere alle rigorose esigenze delle operazioni pesanti negli ambienti di spedizione e logistica, garantendo durevolezza e affidabilit\u00e0 nel tempo.<\/li>\n<li><strong>Funzionamento regolare:<\/strong> Il design idraulico avanzato consente movimenti fluidi e controllati, consentendo regolazioni rapide durante i processi di carico e scarico e riducendo al minimo l&#039;usura delle attrezzature.<\/li>\n<li><strong>Maggiore sicurezza:<\/strong> Dotato di funzioni di sicurezza per prevenire il sovraccarico e garantire un funzionamento sicuro, proteggendo sia gli operatori sia il carico durante le operazioni di movimentazione.<\/li>\n<li><strong>Applicazione versatile:<\/strong> Adatto a varie configurazioni di reach stacker, questo cilindro idraulico pu\u00f2 adattarsi a diverse esigenze operative, il che lo rende la scelta ideale per diverse attivit\u00e0 di movimentazione dei container.<\/li>\n<li><strong>Bassa richiesta di manutenzione:<\/strong> Progettato per ridurre al minimo l&#039;usura, riduce la necessit\u00e0 di frequenti manutenzioni, contribuendo ad aumentare la produttivit\u00e0 e a ridurre i costi operativi.<\/li>\n<\/ul>\n<p>In sintesi, il cilindro idraulico per Reach Stacker \u00e8 un componente essenziale che ottimizza le prestazioni e l&#039;efficienza dei Reach Stacker, migliorandone significativamente l&#039;efficacia nelle operazioni di movimentazione dei container e di logistica.<\/p>\n<h2>Cilindro telescopico Reach Stacker<\/h2>\n<p><img loading=\"lazy\" decoding=\"async\" class=\"size-full wp-image-786 aligncenter\" src=\"https:\/\/fmp-components.com\/wp-content\/uploads\/2024\/12\/Reach-Stacker-Telescopic-Cylinder.webp\" alt=\"Cilindro telescopico Reach Stacker\" width=\"500\" height=\"200\" title=\"\" srcset=\"https:\/\/fmp-components.com\/wp-content\/uploads\/2024\/12\/Reach-Stacker-Telescopic-Cylinder.webp 500w, https:\/\/fmp-components.com\/wp-content\/uploads\/2024\/12\/Reach-Stacker-Telescopic-Cylinder-480x192.webp 480w\" sizes=\"(min-width: 0px) and (max-width: 480px) 480px, (min-width: 481px) 500px, 100vw\" \/><\/p>\n<table style=\"width: 83.0024%; height: 162px;\" border=\"1\" cellspacing=\"0\" cellpadding=\"0\">\n<tbody>\n<tr>\n<td>Nome del prodotto<\/td>\n<td>Cilindro telescopico Reach Stacker<\/td>\n<\/tr>\n<tr>\n<td>Caratteristiche:<\/td>\n<td>Realizzare il movimento telescopico lineare del braccio<\/td>\n<\/tr>\n<tr>\n<td>Diametro del foro:<\/td>\n<td>200mm\uff5e220mm<\/td>\n<\/tr>\n<tr>\n<td>Diametro dell&#039;asta:<\/td>\n<td>150mm\uff5e180mm<br \/>\nCorsa \u22648000mm<\/td>\n<\/tr>\n<tr>\n<td>Pressione:<\/td>\n<td>Massimo 30 MPa<\/td>\n<\/tr>\n<tr>\n<td>Applicazioni:<\/td>\n<td>Carrello elevatore a forca<\/td>\n<\/tr>\n<\/tbody>\n<\/table>\n<p><img loading=\"lazy\" decoding=\"async\" class=\"alignnone wp-image-790\" src=\"https:\/\/fmp-components.com\/wp-content\/uploads\/2024\/12\/Stacker-Telescopic-Cylinder.webp\" alt=\"Stacker-Telescopico-Cilindro\" width=\"761\" height=\"457\" title=\"\"><\/p>\n<p><img loading=\"lazy\" decoding=\"async\" class=\"alignnone wp-image-789\" src=\"https:\/\/fmp-components.com\/wp-content\/uploads\/2024\/12\/Stacker-Telescopic-Cylinder-1.webp\" alt=\"Stacker-Telescopico-Cilindro\" width=\"764\" height=\"383\" title=\"\"><\/p>\n<h2>Cilindro di sollevamento dello stacker di portata<\/h2>\n<p><img loading=\"lazy\" decoding=\"async\" class=\"size-full wp-image-784 aligncenter\" src=\"https:\/\/fmp-components.com\/wp-content\/uploads\/2024\/12\/Reach-Stacker-Luffing-Cylinder-1.webp\" alt=\"Cilindro di sollevamento dello stacker di portata\" width=\"500\" height=\"200\" title=\"\" srcset=\"https:\/\/fmp-components.com\/wp-content\/uploads\/2024\/12\/Reach-Stacker-Luffing-Cylinder-1.webp 500w, https:\/\/fmp-components.com\/wp-content\/uploads\/2024\/12\/Reach-Stacker-Luffing-Cylinder-1-480x192.webp 480w\" sizes=\"(min-width: 0px) and (max-width: 480px) 480px, (min-width: 481px) 500px, 100vw\" \/><\/p>\n<table style=\"width: 84.0327%; height: 185px;\" border=\"1\" cellspacing=\"0\" cellpadding=\"0\">\n<tbody>\n<tr>\n<td>Nome del prodotto<\/td>\n<td>Cilindro di sollevamento dello stacker di portata<\/td>\n<\/tr>\n<tr>\n<td>Caratteristiche:<\/td>\n<td>Realizzare l&#039;inclinazione verso l&#039;alto e verso il basso del braccio<\/td>\n<\/tr>\n<tr>\n<td>Diametro del foro:<\/td>\n<td>100mm\uff5e220mm<\/td>\n<\/tr>\n<tr>\n<td>Diametro dell&#039;asta:<\/td>\n<td>60mm\uff5e140mm<br \/>\nCorsa \u22645000mm<\/td>\n<\/tr>\n<tr>\n<td>Pressione:<\/td>\n<td>Massimo 30 MPa<\/td>\n<\/tr>\n<tr>\n<td>Applicazioni:<\/td>\n<td>Carrello elevatore a forca<\/td>\n<\/tr>\n<\/tbody>\n<\/table>\n<p><img loading=\"lazy\" decoding=\"async\" class=\"alignnone wp-image-782\" src=\"https:\/\/fmp-components.com\/wp-content\/uploads\/2024\/12\/Reach-Stacker-Luffing-Cylinder.webp\" alt=\"Cilindro di sollevamento dello stacker di portata\" width=\"780\" height=\"285\" title=\"\" srcset=\"https:\/\/fmp-components.com\/wp-content\/uploads\/2024\/12\/Reach-Stacker-Luffing-Cylinder.webp 780w, https:\/\/fmp-components.com\/wp-content\/uploads\/2024\/12\/Reach-Stacker-Luffing-Cylinder-480x175.webp 480w\" sizes=\"(min-width: 0px) and (max-width: 480px) 480px, (min-width: 481px) 780px, 100vw\" \/><\/p>\n<p><img loading=\"lazy\" decoding=\"async\" class=\"alignnone wp-image-787\" src=\"https:\/\/fmp-components.com\/wp-content\/uploads\/2024\/12\/Reach-Stacker-Luffing-Cylinder-2.webp\" alt=\"Reach-Stacker-cilindro-di-inclinazione-2\" width=\"774\" height=\"503\" title=\"\"><\/p>\n<h2>Cilindro dello sterzo del Reach Stacker<\/h2>\n<p><img loading=\"lazy\" decoding=\"async\" class=\"size-full wp-image-785 aligncenter\" src=\"https:\/\/fmp-components.com\/wp-content\/uploads\/2024\/12\/Reach-Stacker-Steering-Cylinder.webp\" alt=\"Cilindro dello sterzo del Reach Stacker\" width=\"500\" height=\"200\" title=\"\" srcset=\"https:\/\/fmp-components.com\/wp-content\/uploads\/2024\/12\/Reach-Stacker-Steering-Cylinder.webp 500w, https:\/\/fmp-components.com\/wp-content\/uploads\/2024\/12\/Reach-Stacker-Steering-Cylinder-480x192.webp 480w\" sizes=\"(min-width: 0px) and (max-width: 480px) 480px, (min-width: 481px) 500px, 100vw\" \/><\/p>\n<table style=\"width: 84.0349%; height: 200px;\" border=\"1\" cellspacing=\"0\" cellpadding=\"0\">\n<tbody>\n<tr style=\"height: 23px;\">\n<td style=\"height: 23px;\">Nome del prodotto<\/td>\n<td style=\"height: 23px;\">Cilindro di sollevamento dello stacker di portata<\/td>\n<\/tr>\n<tr style=\"height: 23px;\">\n<td style=\"height: 23px;\">Caratteristiche:<\/td>\n<td style=\"height: 23px;\">Realizzare la regolazione della direzione dei pneumatici della gru<\/td>\n<\/tr>\n<tr style=\"height: 23px;\">\n<td style=\"height: 23px;\">Diametro del foro:<\/td>\n<td style=\"height: 23px;\">80mm\uff5e200mm<\/td>\n<\/tr>\n<tr style=\"height: 47px;\">\n<td style=\"height: 47px;\">Diametro dell&#039;asta:<\/td>\n<td style=\"height: 47px;\">60mm\uff5e100mm<br \/>\nCorsa\u22649500mm<\/td>\n<\/tr>\n<tr style=\"height: 23px;\">\n<td style=\"height: 23px;\">Pressione:<\/td>\n<td style=\"height: 23px;\">Massimo 25 MPa<\/td>\n<\/tr>\n<tr style=\"height: 23px;\">\n<td style=\"height: 23px;\">Applicazioni:<\/td>\n<td style=\"height: 23px;\">Carrello elevatore a forca<\/td>\n<\/tr>\n<\/tbody>\n<\/table>\n<p><img loading=\"lazy\" decoding=\"async\" class=\"alignnone wp-image-793\" src=\"https:\/\/fmp-components.com\/wp-content\/uploads\/2024\/12\/Reach-Stacker-Steering-Cylinder-1.webp\" alt=\"Cilindro dello sterzo del Reach Stacker\" width=\"794\" height=\"269\" title=\"\" srcset=\"https:\/\/fmp-components.com\/wp-content\/uploads\/2024\/12\/Reach-Stacker-Steering-Cylinder-1.webp 794w, https:\/\/fmp-components.com\/wp-content\/uploads\/2024\/12\/Reach-Stacker-Steering-Cylinder-1-480x163.webp 480w\" sizes=\"(min-width: 0px) and (max-width: 480px) 480px, (min-width: 481px) 794px, 100vw\" \/><\/p>\n<p><img loading=\"lazy\" decoding=\"async\" class=\"alignnone size-full wp-image-794\" src=\"https:\/\/fmp-components.com\/wp-content\/uploads\/2024\/12\/Reach-Stacker-Steering-Cylinder1.webp\" alt=\"Cilindro di sterzo per Reach Stacker1\" width=\"828\" height=\"297\" title=\"\" srcset=\"https:\/\/fmp-components.com\/wp-content\/uploads\/2024\/12\/Reach-Stacker-Steering-Cylinder1.webp 828w, https:\/\/fmp-components.com\/wp-content\/uploads\/2024\/12\/Reach-Stacker-Steering-Cylinder1-480x172.webp 480w\" sizes=\"(min-width: 0px) and (max-width: 480px) 480px, (min-width: 481px) 828px, 100vw\" \/><\/p>\n<h2>Vantaggi del cilindro idraulico del Reach Stacker<\/h2>\n<p>Il cilindro idraulico del Reach Stacker offre diversi vantaggi significativi che migliorano le prestazioni e l&#039;affidabilit\u00e0 dei Reach Stacker nelle operazioni di logistica e movimentazione dei container.<\/p>\n<p>Uno dei principali vantaggi \u00e8 la sua elevata capacit\u00e0 di carico, che consente al cilindro idraulico di sollevare e manovrare in sicurezza container e carichi pesanti. Questa capacit\u00e0 \u00e8 fondamentale per una gestione efficiente del carico in ambienti di spedizione e logistica molto trafficati.<\/p>\n<p>Il cilindro fornisce un controllo preciso, consentendo movimenti fluidi e accurati del braccio del reach stacker. Questa precisione aiuta gli operatori a posizionare i contenitori in modo accurato, riducendo il rischio di incidenti e migliorando l&#039;efficienza operativa complessiva.<\/p>\n<p>Costruito con materiali robusti, il cilindro idraulico \u00e8 progettato per resistere alle condizioni difficili delle operazioni pesanti. La sua durevolezza assicura prestazioni durature, anche in ambienti difficili, riducendo la frequenza di riparazioni e sostituzioni.<\/p>\n<p>Un altro vantaggio \u00e8 dato dalle funzionalit\u00e0 di sicurezza avanzate integrate nel design idraulico. Queste funzionalit\u00e0 aiutano a prevenire il sovraccarico e garantiscono un funzionamento sicuro, proteggendo sia l&#039;attrezzatura che il personale durante le attivit\u00e0 di movimentazione.<\/p>\n<p>Il cilindro idraulico facilita inoltre il funzionamento fluido, riducendo al minimo l&#039;usura sia del cilindro che del reach stacker stesso. Questa funzionalit\u00e0 fluida aumenta la produttivit\u00e0 consentendo processi di carico e scarico pi\u00f9 rapidi.<\/p>\n<p>Inoltre, la versatilit\u00e0 del cilindro idraulico consente di utilizzarlo su vari modelli di reach stacker, adattandolo a diverse esigenze operative e migliorandone l&#039;utilit\u00e0 nella movimentazione dei container.<\/p>\n<p>Infine, i bassi requisiti di manutenzione del cilindro idraulico contribuiscono a ridurre i tempi di fermo e i costi operativi. Il suo design si concentra su affidabilit\u00e0 e longevit\u00e0, assicurando che i reach stacker possano funzionare in modo efficiente senza frequenti interruzioni.<\/p>\n<p>In sintesi, il cilindro idraulico del Reach Stacker \u00e8 essenziale per ottimizzare l&#039;efficienza, la sicurezza e l&#039;affidabilit\u00e0 dei Reach Stacker, migliorandone significativamente le prestazioni nelle operazioni di movimentazione dei container e di logistica.<\/p>\n<p><img loading=\"lazy\" decoding=\"async\" class=\"alignnone  wp-image-795\" src=\"https:\/\/fmp-components.com\/wp-content\/uploads\/2024\/12\/Choose-Reach-Stacker-Steering-Cylinder.webp\" alt=\"Scegli-Reach-Stacker-Cilindro-sterzante\" width=\"853\" height=\"443\" title=\"\"><\/p>\n<h3>Informazioni su FMP<\/h3>\n<p>FMP \u00e8 un&#039;azienda specializzata nella produzione meccanica dedicata alla produzione di cilindri idraulici. Sin dalla sua fondazione, l&#039;azienda si \u00e8 concentrata sulla ricerca e sulla produzione di tecnologia idraulica, passando con successo da una gamma di prodotti diversificata che includeva macchinari per la raccolta e l&#039;edilizia alla specializzazione in componenti per trattori agricoli. Con oltre un decennio di esperienza nella produzione e nella gestione, FMP garantisce prodotti di alta qualit\u00e0 attraverso tecniche di produzione avanzate.<\/p>\n<p>Con l&#039;evoluzione dell&#039;azienda, \u00e8 stata sviluppata una linea di produzione completa per lavorazioni meccaniche, una linea di assemblaggio e una linea di rivestimento. Il nostro team \u00e8 composto da personale dirigenziale qualificato, progettisti meccanici esperti e tecnici altamente qualificati che lavorano insieme per mantenere una qualit\u00e0 di produzione stabile, controllando efficacemente la continuit\u00e0 e l&#039;efficienza del processo.<\/p>\n<p>FMP sostiene la filosofia di &quot;Innovazione tecnologica che guida il progresso, qualit\u00e0 che crea marchi, artigianalit\u00e0 che garantisce la qualit\u00e0 e costruzione di relazioni win-win a lungo termine&quot;. Il nostro impegno nel fornire prodotti di alta qualit\u00e0 e un servizio clienti superiore rimane un obiettivo fondamentale mentre continuiamo a soddisfare le mutevoli esigenze del mercato.<\/p>\n<p><img loading=\"lazy\" decoding=\"async\" class=\"alignnone size-full wp-image-426\" src=\"https:\/\/fmp-components.com\/wp-content\/uploads\/2024\/12\/Sanitation-Machinery-Locking-Hydraulic-Cylinder-factory.webp\" sizes=\"(min-width: 0px) and (max-width: 480px) 480px, (min-width: 481px) and (max-width: 980px) 980px, (min-width: 981px) and (max-width: 1280px) 1280px, (min-width: 1281px) 1414px, 100vw\" srcset=\"https:\/\/fmp-components.com\/wp-content\/uploads\/2024\/12\/Sanitation-Machinery-Locking-Hydraulic-Cylinder-factory.webp 1414w, https:\/\/fmp-components.com\/wp-content\/uploads\/2024\/12\/Sanitation-Machinery-Locking-Hydraulic-Cylinder-factory-1280x529.webp 1280w, https:\/\/fmp-components.com\/wp-content\/uploads\/2024\/12\/Sanitation-Machinery-Locking-Hydraulic-Cylinder-factory-980x405.webp 980w, https:\/\/fmp-components.com\/wp-content\/uploads\/2024\/12\/Sanitation-Machinery-Locking-Hydraulic-Cylinder-factory-480x198.webp 480w\" alt=\"Fabbrica di cilindri idraulici di bloccaggio-macchine-igieniche\" width=\"1414\" height=\"584\" title=\"\"><\/p>\n<p>Autore: CX<\/p>","protected":false},"excerpt":{"rendered":"<p>Il cilindro idraulico per Reach Stacker \u00e8 un componente idraulico essenziale progettato per fornire la forza di sollevamento ed estensione necessaria per il braccio del reach stacker. Questo cilindro consente movimenti fluidi e precisi, consentendo agli operatori di sollevare, abbassare ed estendere in modo efficiente i bracci del reach stacker per gestire container e carichi pesanti con facilit\u00e0. Realizzato con materiali ad alta resistenza, \u00e8 progettato per resistere alle esigenze di operazioni pesanti in ambienti di logistica e spedizione, garantendo durata e affidabilit\u00e0. Il design idraulico avanzato facilita regolazioni rapide e un controllo migliorato, migliorando l&#039;efficienza operativa e la sicurezza durante le attivit\u00e0 di movimentazione dei container. Questo cilindro idraulico \u00e8 essenziale per ottimizzare le prestazioni dei reach stacker, contribuendo in modo significativo a una gestione efficace del carico nei porti e nei magazzini.<\/p>","protected":false},"featured_media":783,"comment_status":"open","ping_status":"closed","template":"","meta":{"_et_pb_use_builder":"","_et_pb_old_content":"","_et_gb_content_width":""},"product_brand":[],"product_cat":[28],"product_tag":[],"class_list":{"0":"post-774","1":"product","2":"type-product","3":"status-publish","4":"has-post-thumbnail","6":"product_cat-offshore-hydraulic-cylinders","8":"first","9":"instock","10":"shipping-taxable","11":"product-type-simple"},"_links":{"self":[{"href":"https:\/\/fmp-components.com\/it\/wp-json\/wp\/v2\/product\/774","targetHints":{"allow":["GET"]}}],"collection":[{"href":"https:\/\/fmp-components.com\/it\/wp-json\/wp\/v2\/product"}],"about":[{"href":"https:\/\/fmp-components.com\/it\/wp-json\/wp\/v2\/types\/product"}],"replies":[{"embeddable":true,"href":"https:\/\/fmp-components.com\/it\/wp-json\/wp\/v2\/comments?post=774"}],"wp:featuredmedia":[{"embeddable":true,"href":"https:\/\/fmp-components.com\/it\/wp-json\/wp\/v2\/media\/783"}],"wp:attachment":[{"href":"https:\/\/fmp-components.com\/it\/wp-json\/wp\/v2\/media?parent=774"}],"wp:term":[{"taxonomy":"product_brand","embeddable":true,"href":"https:\/\/fmp-components.com\/it\/wp-json\/wp\/v2\/product_brand?post=774"},{"taxonomy":"product_cat","embeddable":true,"href":"https:\/\/fmp-components.com\/it\/wp-json\/wp\/v2\/product_cat?post=774"},{"taxonomy":"product_tag","embeddable":true,"href":"https:\/\/fmp-components.com\/it\/wp-json\/wp\/v2\/product_tag?post=774"}],"curies":[{"name":"parola chiave","href":"https:\/\/api.w.org\/{rel}","templated":true}]}}