{"id":7727,"date":"2025-04-03T06:15:43","date_gmt":"2025-04-03T06:15:43","guid":{"rendered":"https:\/\/fmp-components.com\/?post_type=product&#038;p=7727"},"modified":"2025-04-03T06:27:46","modified_gmt":"2025-04-03T06:27:46","slug":"planetary-ring-gear","status":"publish","type":"product","link":"https:\/\/fmp-components.com\/it\/product\/planetary-ring-gear\/","title":{"rendered":"Ingranaggio ad anello planetario"},"content":{"rendered":"<div>\n<h2>Corone epicicloidali di alta qualit\u00e0 con FMP in Italia<\/h2>\n<p class=\"break-words\">Quando si tratta di ingegneria di precisione e componenti meccanici affidabili, una corona dentata epicicloidale \u00e8 un elemento fondamentale in innumerevoli applicazioni, dai sistemi automobilistici alle attrezzature industriali. In FMP, siamo orgogliosi di essere un produttore leader di corone dentate epicicloidali di alta qualit\u00e0, al servizio di aziende e industrie in tutta Italia, comprese citt\u00e0 come Milano, Venezia, Firenze e Bologna. La nostra ampia gamma di corone dentate epicicloidali \u00e8 progettata per soddisfare diverse esigenze prestazionali, garantendo durata, efficienza e una perfetta integrazione nei vostri sistemi.<\/p>\n<\/div>\n<h3>Specificazione<\/h3>\n<table style=\"width: 100%;\" border=\"1\" width=\"100%\" cellspacing=\"0\" cellpadding=\"0\">\n<tbody>\n<tr style=\"height: 30.00pt;\">\n<td class=\"et2\" style=\"height: 30.00pt; width: 48.00pt;\" width=\"80\" height=\"50\">Numero di modello<\/td>\n<td class=\"et2\" style=\"width: 318.60pt;\" width=\"531\">M3, M4, M5, M8, M12 e cos\u00ec via.<\/td>\n<\/tr>\n<tr style=\"height: 30.00pt;\">\n<td class=\"et2\" style=\"height: 30.00pt; width: 48.00pt;\" width=\"80\" height=\"50\">Materiale<\/td>\n<td class=\"et2\" style=\"width: 318.60pt;\" width=\"531\">Ottone, acciaio C45, acciaio inossidabile, rame, POM, alluminio, lega e cos\u00ec via<\/td>\n<\/tr>\n<tr style=\"height: 30.00pt;\">\n<td class=\"et2\" style=\"height: 60.00pt; width: 48.00pt;\" rowspan=\"2\" width=\"80\" height=\"100\">Trattamento superficiale<\/td>\n<td class=\"et2\" style=\"width: 318.60pt;\" width=\"531\">Zincato, Nichelato, Passivazione, Ossidazione, Anodizzazione,<\/td>\n<\/tr>\n<tr style=\"height: 30.00pt;\">\n<td class=\"et2\" style=\"width: 318.60pt;\" width=\"531\">Geomet, Dacromet, Ossido nero, Fosfatazione, Verniciatura a polvere ed Elettroforesi<\/td>\n<\/tr>\n<tr style=\"height: 30.00pt;\">\n<td class=\"et2\" style=\"height: 30.00pt; width: 48.00pt;\" width=\"80\" height=\"50\">Standard<\/td>\n<td class=\"et2\" style=\"width: 318.60pt;\" width=\"531\">ISO, DIN, ANSI, JIS, BS e non standard.<\/td>\n<\/tr>\n<tr style=\"height: 30.00pt;\">\n<td class=\"et2\" style=\"height: 30.00pt; width: 48.00pt;\" width=\"80\" height=\"50\">Precisione<\/td>\n<td class=\"et2\" style=\"width: 318.60pt;\" width=\"531\">DIN6, DIN7, DIN8, DIN9.<\/td>\n<\/tr>\n<tr style=\"height: 45.00pt;\">\n<td class=\"et2\" style=\"height: 45.00pt; width: 48.00pt;\" width=\"80\" height=\"75\">Trattamento dei denti<\/td>\n<td class=\"et2\" style=\"width: 318.60pt;\" width=\"531\">Temprato, fresato o rettificato<\/td>\n<\/tr>\n<tr style=\"height: 30.00pt;\">\n<td class=\"et2\" style=\"height: 30.00pt; width: 48.00pt;\" width=\"80\" height=\"50\">Tolleranza<\/td>\n<td class=\"et2\" style=\"width: 318.60pt;\" width=\"531\">0,001 mm-0,01 mm-0,1 mm<\/td>\n<\/tr>\n<tr style=\"height: 30.00pt;\">\n<td class=\"et2\" style=\"height: 30.00pt; width: 48.00pt;\" width=\"80\" height=\"50\">Fine<\/td>\n<td class=\"et2\" style=\"width: 318.60pt;\" width=\"531\">sabbiatura, trattamento termico, ricottura, tempra, lucidatura, anodizzazione, zincatura<\/td>\n<\/tr>\n<tr style=\"height: 30.00pt;\">\n<td class=\"et2\" style=\"height: 30.00pt; width: 48.00pt;\" width=\"80\" height=\"50\">Articoli da imballaggio<\/td>\n<td class=\"et2\" style=\"width: 318.60pt;\" width=\"531\">Sacchetto di plastica + cartoni o imballaggio in legno<\/td>\n<\/tr>\n<tr style=\"height: 15.00pt;\">\n<td class=\"et2\" style=\"height: 30.00pt; width: 48.00pt;\" rowspan=\"2\" width=\"80\" height=\"50\">Campioni<\/td>\n<td class=\"et2\" style=\"width: 318.60pt;\" width=\"531\">Intervallo di prezzo campione da $2 a $100.<\/td>\n<\/tr>\n<tr style=\"height: 15.00pt;\">\n<td class=\"et2\" style=\"width: 318.60pt;\" width=\"531\">richiesta espressa di esempio pagata dai clienti<\/td>\n<\/tr>\n<tr style=\"height: 15.00pt;\">\n<td class=\"et2\" style=\"height: 135.00pt; width: 48.00pt;\" rowspan=\"8\" width=\"80\" height=\"225\">Applicazione<\/td>\n<td class=\"et2\" style=\"width: 318.60pt;\" width=\"531\">1. Macchina di controllo automatico<\/td>\n<\/tr>\n<tr style=\"height: 15.00pt;\">\n<td class=\"et2\" style=\"width: 318.60pt;\" width=\"531\">2. Industria dei semiconduttori<\/td>\n<\/tr>\n<tr style=\"height: 15.00pt;\">\n<td class=\"et2\" style=\"width: 318.60pt;\" width=\"531\">3. Macchinari per l&#039;industria generale<\/td>\n<\/tr>\n<tr style=\"height: 15.00pt;\">\n<td class=\"et2\" style=\"width: 318.60pt;\" width=\"531\">4. Attrezzature mediche<\/td>\n<\/tr>\n<tr style=\"height: 15.00pt;\">\n<td class=\"et2\" style=\"width: 318.60pt;\" width=\"531\">5. Attrezzature per l&#039;energia solare<\/td>\n<\/tr>\n<tr style=\"height: 15.00pt;\">\n<td class=\"et2\" style=\"width: 318.60pt;\" width=\"531\">6. Macchina utensile<\/td>\n<\/tr>\n<tr style=\"height: 15.00pt;\">\n<td class=\"et2\" style=\"width: 318.60pt;\" width=\"531\">7. Sistema di parcheggio<\/td>\n<\/tr>\n<tr style=\"height: 30.00pt;\">\n<td class=\"et2\" style=\"width: 318.60pt;\" width=\"531\">8. Attrezzature per il trasporto ferroviario e aereo ad alta velocit\u00e0, ecc.<\/td>\n<\/tr>\n<\/tbody>\n<\/table>\n<div>\n<h4>Perch\u00e9 scegliere FMP per gli ingranaggi planetari?<\/h4>\n<p class=\"break-words\">Con sede nel cuore dell&#039;Italia, FMP \u00e8 specializzata nella produzione di vari tipi di corone epicicloidali su misura per le vostre specifiche esigenze. Che siate a Milano alla ricerca di componenti per la produzione avanzata, a Venezia impegnati in progetti di ingegneria navale, a Firenze impegnati nel potenziamento di sistemi di automazione o a Bologna impegnati nell&#039;aggiornamento di design automobilistici, abbiamo la soluzione che fa per voi. I nostri prodotti sono realizzati con precisione e costruiti per resistere alle condizioni pi\u00f9 difficili, il che li rende la scelta ideale per le industrie italiane.<\/p>\n<p class=\"break-words\">Oltre alla nostra offerta standard, forniamo anche corone dentate epicicloidali personalizzate per soddisfare le vostre specifiche esigenze. In FMP, comprendiamo che ogni progetto \u00e8 diverso e il nostro team di ingegneri qualificati \u00e8 pronto a collaborare con voi per creare la soluzione perfetta. Dalla selezione dei materiali al dimensionamento degli ingranaggi, garantiamo che la vostra corona dentata personalizzata funzioni in modo impeccabile nella vostra applicazione.<\/p>\n<\/div>\n<table style=\"width: 99.375%; height: 49px;\" border=\"0\" width=\"240\" cellspacing=\"0\" cellpadding=\"0\">\n<tbody>\n<tr>\n<td width=\"80\" height=\"24\">\u00a0\u00a0<img loading=\"lazy\" decoding=\"async\" class=\"size-full wp-image-7731 aligncenter\" src=\"https:\/\/fmp-components.com\/wp-content\/uploads\/2025\/04\/Internal-Spur-Gear-Rings-3.webp\" alt=\"Anelli-dentati-a-denti-interni\" width=\"600\" height=\"600\" title=\"\" srcset=\"https:\/\/fmp-components.com\/wp-content\/uploads\/2025\/04\/Internal-Spur-Gear-Rings-3.webp 600w, https:\/\/fmp-components.com\/wp-content\/uploads\/2025\/04\/Internal-Spur-Gear-Rings-3-480x480.webp 480w\" sizes=\"(min-width: 0px) and (max-width: 480px) 480px, (min-width: 481px) 600px, 100vw\" \/><\/td>\n<td width=\"80\"><img loading=\"lazy\" decoding=\"async\" class=\"size-full wp-image-7729 aligncenter\" src=\"https:\/\/fmp-components.com\/wp-content\/uploads\/2025\/04\/Internal-Spur-Gear-Rings-1.webp\" alt=\"Anelli-dentati-a-denti-interni\" width=\"600\" height=\"600\" title=\"\" srcset=\"https:\/\/fmp-components.com\/wp-content\/uploads\/2025\/04\/Internal-Spur-Gear-Rings-1.webp 600w, https:\/\/fmp-components.com\/wp-content\/uploads\/2025\/04\/Internal-Spur-Gear-Rings-1-480x480.webp 480w\" sizes=\"(min-width: 0px) and (max-width: 480px) 480px, (min-width: 481px) 600px, 100vw\" \/><\/td>\n<td width=\"80\"><strong><img loading=\"lazy\" decoding=\"async\" class=\"size-full wp-image-7730 aligncenter\" src=\"https:\/\/fmp-components.com\/wp-content\/uploads\/2025\/04\/Internal-Spur-Gear-Rings-4.webp\" alt=\"Anelli-dentati-a-denti-interni\" width=\"1024\" height=\"1024\" title=\"\" srcset=\"https:\/\/fmp-components.com\/wp-content\/uploads\/2025\/04\/Internal-Spur-Gear-Rings-4.webp 1024w, https:\/\/fmp-components.com\/wp-content\/uploads\/2025\/04\/Internal-Spur-Gear-Rings-4-980x980.webp 980w, https:\/\/fmp-components.com\/wp-content\/uploads\/2025\/04\/Internal-Spur-Gear-Rings-4-480x480.webp 480w\" sizes=\"(min-width: 0px) and (max-width: 480px) 480px, (min-width: 481px) and (max-width: 980px) 980px, (min-width: 981px) 1024px, 100vw\" \/><\/strong><\/td>\n<\/tr>\n<\/tbody>\n<\/table>\n<p>&nbsp;<\/p>","protected":false},"excerpt":{"rendered":"<p>Premium Planetary Ring Gears with FMP in Italy When it comes to precision engineering and reliable machinery components, a planetary ring gear is a critical element in countless applications, from automotive systems to industrial equipment. At FMP, we take pride in being a leading manufacturer of high-quality planetary ring gears, serving businesses and industries across [&hellip;]<\/p>","protected":false},"featured_media":7729,"comment_status":"open","ping_status":"closed","template":"","meta":{"_et_pb_use_builder":"","_et_pb_old_content":"","_et_gb_content_width":""},"product_brand":[],"product_cat":[113],"product_tag":[],"class_list":{"0":"post-7727","1":"product","2":"type-product","3":"status-publish","4":"has-post-thumbnail","6":"product_cat-planetary-gear","8":"first","9":"instock","10":"shipping-taxable","11":"product-type-simple"},"_links":{"self":[{"href":"https:\/\/fmp-components.com\/it\/wp-json\/wp\/v2\/product\/7727","targetHints":{"allow":["GET"]}}],"collection":[{"href":"https:\/\/fmp-components.com\/it\/wp-json\/wp\/v2\/product"}],"about":[{"href":"https:\/\/fmp-components.com\/it\/wp-json\/wp\/v2\/types\/product"}],"replies":[{"embeddable":true,"href":"https:\/\/fmp-components.com\/it\/wp-json\/wp\/v2\/comments?post=7727"}],"wp:featuredmedia":[{"embeddable":true,"href":"https:\/\/fmp-components.com\/it\/wp-json\/wp\/v2\/media\/7729"}],"wp:attachment":[{"href":"https:\/\/fmp-components.com\/it\/wp-json\/wp\/v2\/media?parent=7727"}],"wp:term":[{"taxonomy":"product_brand","embeddable":true,"href":"https:\/\/fmp-components.com\/it\/wp-json\/wp\/v2\/product_brand?post=7727"},{"taxonomy":"product_cat","embeddable":true,"href":"https:\/\/fmp-components.com\/it\/wp-json\/wp\/v2\/product_cat?post=7727"},{"taxonomy":"product_tag","embeddable":true,"href":"https:\/\/fmp-components.com\/it\/wp-json\/wp\/v2\/product_tag?post=7727"}],"curies":[{"name":"parola chiave","href":"https:\/\/api.w.org\/{rel}","templated":true}]}}