{"id":751,"date":"2024-12-18T05:37:50","date_gmt":"2024-12-18T05:37:50","guid":{"rendered":"https:\/\/fmp-components.com\/?page_id=8"},"modified":"2024-12-18T05:39:02","modified_gmt":"2024-12-18T05:39:02","slug":"pile-driving-barge-luffing-cylinder","status":"publish","type":"product","link":"https:\/\/fmp-components.com\/it\/product\/pile-driving-barge-luffing-cylinder\/","title":{"rendered":"Cilindro di sollevamento per chiatta con battipalo"},"content":{"rendered":"<p style=\"text-align: center;\"><span style=\"font-size: 18pt;\">Cilindro di sollevamento per chiatta con battipalo<\/span><\/p>\n<p>Il cilindro di sollevamento della chiatta per la guida dei pali \u00e8 un componente idraulico essenziale progettato per consentire il movimento di sollevamento del braccio della gru sulle chiatte per la guida dei pali. Questo cilindro svolge un ruolo cruciale nel fornire la forza necessaria per sollevare e abbassare il braccio della gru, consentendo il posizionamento preciso del battipalo durante le operazioni di installazione.<\/p>\n<p><img loading=\"lazy\" decoding=\"async\" class=\"alignnone size-full wp-image-754\" src=\"https:\/\/fmp-components.com\/wp-content\/uploads\/2024\/12\/Pile-Driving-Barge-Luffing-Cylinder-1-1.webp\" alt=\"Cilindro-di-sollevamento-chiatte-per-battitura-pali-1\" width=\"1024\" height=\"675\" title=\"\" srcset=\"https:\/\/fmp-components.com\/wp-content\/uploads\/2024\/12\/Pile-Driving-Barge-Luffing-Cylinder-1-1.webp 1024w, https:\/\/fmp-components.com\/wp-content\/uploads\/2024\/12\/Pile-Driving-Barge-Luffing-Cylinder-1-1-980x646.webp 980w, https:\/\/fmp-components.com\/wp-content\/uploads\/2024\/12\/Pile-Driving-Barge-Luffing-Cylinder-1-1-480x316.webp 480w\" sizes=\"(min-width: 0px) and (max-width: 480px) 480px, (min-width: 481px) and (max-width: 980px) 980px, (min-width: 981px) 1024px, 100vw\" \/><\/p>\n<h4>Caratteristiche principali:<\/h4>\n<ul>\n<li><strong>Elevata capacit\u00e0 di carico:<\/strong> Progettato per gestire carichi significativi, il cilindro di brandeggio garantisce movimenti stabili e controllati del braccio della gru durante le attivit\u00e0 di battitura dei pali.<\/li>\n<li><strong>Costruzione robusta:<\/strong> Realizzato con materiali ad alta resistenza, questo cilindro \u00e8 costruito per resistere agli ambienti marini difficili e alle elevate pressioni associate alle operazioni di battitura dei pali, garantendo durata e affidabilit\u00e0 durature.<\/li>\n<li><strong>Funzionamento regolare:<\/strong> Il design idraulico avanzato consente regolazioni fluide ed efficienti, agevolando il posizionamento rapido e preciso dell&#039;attrezzatura per la battitura dei pali.<\/li>\n<li><strong>Maggiore sicurezza:<\/strong> Dotati di meccanismi di sicurezza che impediscono l&#039;eccessiva estensione e garantiscono un funzionamento sicuro, contribuendo alla sicurezza complessiva delle operazioni di battitura dei pali.<\/li>\n<li><strong>Applicazione versatile:<\/strong> Adatto a vari tipi di chiatte battipalo, questo cilindro di sollevamento pu\u00f2 adattarsi a diverse esigenze operative, rendendolo ideale per diversi progetti di costruzione marittima.<\/li>\n<li><strong>Bassa richiesta di manutenzione:<\/strong> Progettato per ridurre al minimo l&#039;usura, riduce la necessit\u00e0 di frequenti manutenzioni, contribuendo ad aumentare la produttivit\u00e0 e a ridurre i costi operativi.<\/li>\n<\/ul>\n<p>Il cilindro di sollevamento per chiatte battipalo \u00e8 indispensabile per ottimizzare le prestazioni delle operazioni di battitura dei pali, migliorando significativamente l&#039;efficienza e l&#039;efficacia dei progetti di costruzione di fondazioni e di ingegneria navale.<\/p>\n<h2>Cilindro di sollevamento per chiatta con battipalo<\/h2>\n<p><img loading=\"lazy\" decoding=\"async\" class=\"size-full wp-image-753 aligncenter\" src=\"https:\/\/fmp-components.com\/wp-content\/uploads\/2024\/12\/Pile-Driving-Barge-Luffing-Cylinder-1.webp\" alt=\"Cilindro di sollevamento per chiatta con battipalo\" width=\"600\" height=\"600\" title=\"\" srcset=\"https:\/\/fmp-components.com\/wp-content\/uploads\/2024\/12\/Pile-Driving-Barge-Luffing-Cylinder-1.webp 600w, https:\/\/fmp-components.com\/wp-content\/uploads\/2024\/12\/Pile-Driving-Barge-Luffing-Cylinder-1-480x480.webp 480w\" sizes=\"(min-width: 0px) and (max-width: 480px) 480px, (min-width: 481px) 600px, 100vw\" \/><\/p>\n<table style=\"width: 97.7861%; height: 234px;\" border=\"1\" cellspacing=\"0\" cellpadding=\"0\">\n<tbody>\n<tr style=\"height: 23px;\">\n<td style=\"height: 23px; width: 12.6359%;\">Nome del prodotto<\/td>\n<td style=\"height: 23px; width: 110.054%;\">Cilindro di sollevamento per chiatta con battipalo<\/td>\n<\/tr>\n<tr style=\"height: 47px;\">\n<td style=\"height: 47px; width: 12.6359%;\">Caratteristiche:<\/td>\n<td style=\"height: 47px; width: 110.054%;\">oscillare il telaio del palo e sopportare il carico, e la forza esterna ricevuta non \u00e8 solo grande ma anche complessa<\/td>\n<\/tr>\n<tr style=\"height: 47px;\">\n<td style=\"height: 47px; width: 12.6359%;\">Diametro del foro:<\/td>\n<td style=\"height: 47px; width: 110.054%;\">Fino a 1400mm<\/td>\n<\/tr>\n<tr style=\"height: 47px;\">\n<td style=\"height: 47px; width: 12.6359%;\">Diametro dell&#039;asta:<\/td>\n<td style=\"height: 47px; width: 110.054%;\">Fino a 900mm<br \/>\nCorsa fino a 15500mm<\/td>\n<\/tr>\n<tr style=\"height: 47px;\">\n<td style=\"height: 47px; width: 12.6359%;\">Forza di spinta:<\/td>\n<td style=\"height: 47px; width: 110.054%;\">28465KN<br \/>\n(pressione 25MPa)<\/td>\n<\/tr>\n<tr style=\"height: 23px;\">\n<td style=\"height: 23px; width: 12.6359%;\">Applicazioni:<\/td>\n<td style=\"height: 23px; width: 110.054%;\">Piattaforma Jack-up Offshore<\/td>\n<\/tr>\n<\/tbody>\n<\/table>\n<h2>Applicazioni del cilindro di sollevamento della chiatta per la battitura dei pali<\/h2>\n<p>Il Pile Driving Barge Luffing Cylinder viene utilizzato in una variet\u00e0 di progetti di costruzione navale e di battitura di pali, svolgendo un ruolo fondamentale nel garantire stabilit\u00e0 e sicurezza di varie strutture. Ecco alcune applicazioni chiave:<\/p>\n<p>Nella costruzione di ponti, i cilindri di sollevamento sono essenziali per piantare i pali nel letto del fiume o del mare, creando fondamenta robuste per i piloni e le spalle del ponte. Questo processo \u00e8 fondamentale per garantire l&#039;integrit\u00e0 della struttura del ponte.<\/p>\n<p>Per la costruzione di banchine e moli, questi cilindri facilitano l&#039;installazione di pali che formano fondamenta stabili per banchine, moli e altre strutture costiere. Ancorando saldamente queste fondamenta, possono supportare i carichi imposti dalle navi e dalle attrezzature di movimentazione merci.<\/p>\n<p>Nello sviluppo di parchi eolici offshore, i cilindri di sollevamento vengono impiegati per installare fondazioni monopalo per turbine eoliche. Le loro capacit\u00e0 di posizionamento precise consentono di piantare con precisione i pali nel fondale marino, garantendo una base sicura per le turbine.<\/p>\n<p>Quando si costruiscono pontili e strutture a delfino, fondamentali per l&#039;ormeggio delle imbarcazioni e la protezione dei porti, i cilindri di sollevamento vengono utilizzati per piantare i pali nell&#039;acqua o nel fondale marino. Ci\u00f2 crea fondamenta durevoli che resistono alle forze esercitate dall&#039;acqua e dalle imbarcazioni.<\/p>\n<p>Nella costruzione di piattaforme petrolifere e di gas, i cilindri di sollevamento sono essenziali per piantare pali nel fondale marino, formando la base per la struttura di supporto della piattaforma. Ci\u00f2 garantisce la stabilit\u00e0 e la sicurezza della piattaforma in condizioni offshore difficili.<\/p>\n<p>Inoltre, nei progetti di ampliamento e dragaggio dei porti, i cilindri di sollevamento facilitano l&#039;installazione di nuovi pali o la sostituzione di quelli esistenti. Ci\u00f2 \u00e8 essenziale per l&#039;ammodernamento delle infrastrutture per ospitare imbarcazioni pi\u00f9 grandi, aumentando la capacit\u00e0 del porto e migliorando i canali di navigazione.<\/p>\n<p>Nel complesso, la versatilit\u00e0 e l&#039;efficacia del cilindro di sollevamento per chiatte con battipalo lo rendono uno strumento indispensabile in varie applicazioni di costruzione navale.<\/p>\n<p><img loading=\"lazy\" decoding=\"async\" class=\"alignnone wp-image-752\" src=\"https:\/\/fmp-components.com\/wp-content\/uploads\/2024\/12\/Pile-Driving-Barge-Luffing-Cylinder.webp\" alt=\"Cilindro di sollevamento per chiatta con battipalo\" width=\"955\" height=\"480\" title=\"\" srcset=\"https:\/\/fmp-components.com\/wp-content\/uploads\/2024\/12\/Pile-Driving-Barge-Luffing-Cylinder.webp 955w, https:\/\/fmp-components.com\/wp-content\/uploads\/2024\/12\/Pile-Driving-Barge-Luffing-Cylinder-480x241.webp 480w\" sizes=\"(min-width: 0px) and (max-width: 480px) 480px, (min-width: 481px) 955px, 100vw\" \/><\/p>\n<h3>Informazioni su FMP<\/h3>\n<p>FMP \u00e8 un&#039;azienda specializzata nella produzione meccanica dedicata alla produzione di cilindri idraulici. Sin dalla sua fondazione, l&#039;azienda si \u00e8 concentrata sulla ricerca e sulla produzione di tecnologia idraulica, passando con successo da una gamma di prodotti diversificata che includeva macchinari per la raccolta e l&#039;edilizia alla specializzazione in componenti per trattori agricoli. Con oltre un decennio di esperienza nella produzione e nella gestione, FMP garantisce prodotti di alta qualit\u00e0 attraverso tecniche di produzione avanzate.<\/p>\n<p>Con l&#039;evoluzione dell&#039;azienda, \u00e8 stata sviluppata una linea di produzione completa per lavorazioni meccaniche, una linea di assemblaggio e una linea di rivestimento. Il nostro team \u00e8 composto da personale dirigenziale qualificato, progettisti meccanici esperti e tecnici altamente qualificati che lavorano insieme per mantenere una qualit\u00e0 di produzione stabile, controllando efficacemente la continuit\u00e0 e l&#039;efficienza del processo.<\/p>\n<p>FMP sostiene la filosofia di &quot;Innovazione tecnologica che guida il progresso, qualit\u00e0 che crea marchi, artigianalit\u00e0 che garantisce la qualit\u00e0 e costruzione di relazioni win-win a lungo termine&quot;. Il nostro impegno nel fornire prodotti di alta qualit\u00e0 e un servizio clienti superiore rimane un obiettivo fondamentale mentre continuiamo a soddisfare le mutevoli esigenze del mercato.<\/p>\n<p><img loading=\"lazy\" decoding=\"async\" class=\"alignnone size-full wp-image-426\" src=\"https:\/\/fmp-components.com\/wp-content\/uploads\/2024\/12\/Sanitation-Machinery-Locking-Hydraulic-Cylinder-factory.webp\" sizes=\"(min-width: 0px) and (max-width: 480px) 480px, (min-width: 481px) and (max-width: 980px) 980px, (min-width: 981px) and (max-width: 1280px) 1280px, (min-width: 1281px) 1414px, 100vw\" srcset=\"https:\/\/fmp-components.com\/wp-content\/uploads\/2024\/12\/Sanitation-Machinery-Locking-Hydraulic-Cylinder-factory.webp 1414w, https:\/\/fmp-components.com\/wp-content\/uploads\/2024\/12\/Sanitation-Machinery-Locking-Hydraulic-Cylinder-factory-1280x529.webp 1280w, https:\/\/fmp-components.com\/wp-content\/uploads\/2024\/12\/Sanitation-Machinery-Locking-Hydraulic-Cylinder-factory-980x405.webp 980w, https:\/\/fmp-components.com\/wp-content\/uploads\/2024\/12\/Sanitation-Machinery-Locking-Hydraulic-Cylinder-factory-480x198.webp 480w\" alt=\"Fabbrica di cilindri idraulici di bloccaggio-macchine-igieniche\" width=\"1414\" height=\"584\" title=\"\"><\/p>\n<p>Autore: CX<\/p>","protected":false},"excerpt":{"rendered":"<p>Il cilindro di sollevamento per chiatta per battitura pali \u00e8 un componente idraulico fondamentale progettato per facilitare il movimento di sollevamento del braccio della gru sulle chiatte per battitura pali. Questo cilindro fornisce la forza necessaria per sollevare e abbassare il braccio, consentendo un posizionamento preciso del battipalo durante le operazioni di installazione. Realizzato con materiali ad alta resistenza, \u00e8 progettato per resistere alle difficili condizioni degli ambienti marini, garantendo durata e affidabilit\u00e0 anche ad alte pressioni. La fluida azione idraulica consente regolazioni rapide, migliorando l&#039;efficienza operativa e la sicurezza durante le attivit\u00e0 di battitura pali. Questo cilindro di sollevamento \u00e8 essenziale per ottimizzare le prestazioni delle chiatte per battitura pali, contribuendo in modo significativo all&#039;efficacia della costruzione di fondamenta e ai progetti di ingegneria marina.<\/p>","protected":false},"featured_media":753,"comment_status":"open","ping_status":"closed","template":"","meta":{"_et_pb_use_builder":"","_et_pb_old_content":"","_et_gb_content_width":""},"product_brand":[],"product_cat":[28],"product_tag":[],"class_list":{"0":"post-751","1":"product","2":"type-product","3":"status-publish","4":"has-post-thumbnail","6":"product_cat-offshore-hydraulic-cylinders","8":"first","9":"instock","10":"shipping-taxable","11":"product-type-simple"},"_links":{"self":[{"href":"https:\/\/fmp-components.com\/it\/wp-json\/wp\/v2\/product\/751","targetHints":{"allow":["GET"]}}],"collection":[{"href":"https:\/\/fmp-components.com\/it\/wp-json\/wp\/v2\/product"}],"about":[{"href":"https:\/\/fmp-components.com\/it\/wp-json\/wp\/v2\/types\/product"}],"replies":[{"embeddable":true,"href":"https:\/\/fmp-components.com\/it\/wp-json\/wp\/v2\/comments?post=751"}],"wp:featuredmedia":[{"embeddable":true,"href":"https:\/\/fmp-components.com\/it\/wp-json\/wp\/v2\/media\/753"}],"wp:attachment":[{"href":"https:\/\/fmp-components.com\/it\/wp-json\/wp\/v2\/media?parent=751"}],"wp:term":[{"taxonomy":"product_brand","embeddable":true,"href":"https:\/\/fmp-components.com\/it\/wp-json\/wp\/v2\/product_brand?post=751"},{"taxonomy":"product_cat","embeddable":true,"href":"https:\/\/fmp-components.com\/it\/wp-json\/wp\/v2\/product_cat?post=751"},{"taxonomy":"product_tag","embeddable":true,"href":"https:\/\/fmp-components.com\/it\/wp-json\/wp\/v2\/product_tag?post=751"}],"curies":[{"name":"parola chiave","href":"https:\/\/api.w.org\/{rel}","templated":true}]}}