{"id":7423,"date":"2025-03-26T04:00:13","date_gmt":"2025-03-26T04:00:13","guid":{"rendered":"https:\/\/fmp-components.com\/?post_type=product&#038;p=7423"},"modified":"2025-03-26T08:37:09","modified_gmt":"2025-03-26T08:37:09","slug":"double-spur-gear","status":"publish","type":"product","link":"https:\/\/fmp-components.com\/it\/product\/double-spur-gear\/","title":{"rendered":"Doppio ingranaggio cilindrico"},"content":{"rendered":"<h2>Ingranaggi cilindrici doppi: eccellenza ingegneristica di FMP Company per l&#039;Italia e oltre<\/h2>\n<p class=\"break-words\">In qualit\u00e0 di produttore leader di ingranaggi a doppia corona con sede in Italia, FMP Company \u00e8 orgogliosa di fornire soluzioni di ingranaggi di alta qualit\u00e0 a settori in tutto il mondo, compresi mercati italiani chiave come Milano, Venezia, Firenze e Bologna. Specializzata in un&#039;ampia gamma di ingranaggi a doppia corona, compresi ingranaggi a doppia corona in plastica <a href=\"https:\/\/fmp-components.com\/it\/spur-gear-2\/\">Ingranaggi cilindrici<\/a>\u2014combiniamo l&#039;ingegneria di precisione con capacit\u00e0 di personalizzazione per soddisfare le vostre esigenze specifiche.<\/p>\n<p><img loading=\"lazy\" decoding=\"async\" class=\"size-full wp-image-7434 aligncenter\" src=\"https:\/\/fmp-components.com\/wp-content\/uploads\/2025\/03\/double-spur-gear.webp\" alt=\"doppio ingranaggio cilindrico\" width=\"1024\" height=\"862\" title=\"\" srcset=\"https:\/\/fmp-components.com\/wp-content\/uploads\/2025\/03\/double-spur-gear.webp 1024w, https:\/\/fmp-components.com\/wp-content\/uploads\/2025\/03\/double-spur-gear-980x825.webp 980w, https:\/\/fmp-components.com\/wp-content\/uploads\/2025\/03\/double-spur-gear-480x404.webp 480w\" sizes=\"(min-width: 0px) and (max-width: 480px) 480px, (min-width: 481px) and (max-width: 980px) 980px, (min-width: 981px) 1024px, 100vw\" \/><\/p>\n<h2>Cosa sono gli ingranaggi cilindrici doppi?<\/h2>\n<p class=\"break-words\">Gli ingranaggi a doppio dente cilindrico, spesso chiamati ingranaggi a taglio dritto, sono il tipo di ingranaggio pi\u00f9 semplice e pi\u00f9 ampiamente riconosciuto. Progettati per trasmettere movimento e potenza tra due alberi paralleli, presentano denti dritti che si incastrano perfettamente. Quando due ingranaggi a doppio dente cilindrico si innestano, l&#039;ingranaggio con pi\u00f9 denti \u00e8 noto come &quot;ingranaggio&quot;, mentre quello con meno denti \u00e8 chiamato &quot;pignone&quot;.<\/p>\n<p class=\"break-words\">Sebbene il loro design semplice li renda facili da visualizzare e implementare, gli ingranaggi cilindrici doppi hanno un notevole svantaggio: possono generare rumore a causa della collisione dei denti durante l&#039;ingranamento. Nonostante ci\u00f2, la loro efficienza e versatilit\u00e0 li rendono un punto fermo nei sistemi meccanici in tutti i settori.<\/p>\n<p class=\"break-words\">Presso FMP Company, produciamo ingranaggi a denti dritti doppi conformi agli standard internazionali, con il &quot;modulo&quot; come unit\u00e0 di misura comune (secondo le linee guida ISO) e un angolo di pressione tipico di 20 gradi. I nostri ingranaggi presentano spesso un profilo dei denti evolvente, ampiamente utilizzato nei macchinari commerciali per prestazioni ottimali.<\/p>\n<div>\n<h3>Funzioni principali degli ingranaggi cilindrici doppi<\/h3>\n<p class=\"break-words\">Gli ingranaggi cilindrici doppi sono parte integrante dei sistemi meccanici e offrono diverse funzioni critiche:<\/p>\n<ul class=\"marker:text-secondary\">\n<li class=\"break-words\"><strong>Regolazione della velocit\u00e0:<\/strong> Consentono di ridurre gli ingranaggi per diminuire la velocit\u00e0 e aumentare la coppia o, al contrario, aumentare la velocit\u00e0 per applicazioni specifiche.<\/li>\n<li class=\"break-words\"><strong>Amplificazione della forza:<\/strong> Un motore piccolo e veloce abbinato a un riduttore pu\u00f2 fornire una coppia notevole, rendendo gli ingranaggi cilindrici doppi ideali per le attrezzature motorizzate.<\/li>\n<li class=\"break-words\"><strong>Cambio di direzione:<\/strong> Quando due ingranaggi si ingranano, il secondo ruota nella direzione opposta. Progetti specializzati, come gli ingranaggi conici nei differenziali, possono reindirizzare la potenza attraverso angoli (ad esempio, 90 gradi).<\/li>\n<\/ul>\n<p class=\"break-words\">Grazie a queste caratteristiche, gli ingranaggi cilindrici doppi risultano essenziali per una vasta gamma di applicazioni, dai macchinari industriali ai dispositivi di consumo.<\/p>\n<div>\n<h3>Applicazioni versatili degli ingranaggi cilindrici doppi<\/h3>\n<p class=\"break-words\">Gli ingranaggi cilindrici doppi di FMP alimentano un&#039;ampia gamma di settori, tra cui:<\/p>\n<ul class=\"marker:text-secondary\">\n<li class=\"break-words\">Macchinari agricoli<\/li>\n<li class=\"break-words\">Attrezzature per ingegneria e costruzione<\/li>\n<li class=\"break-words\">Automazione di fabbrica e robot industriali<\/li>\n<li class=\"break-words\">Macchine per l&#039;imballaggio e la lavorazione degli alimenti<\/li>\n<li class=\"break-words\">Industria automobilistica e delle macchine utensili<\/li>\n<li class=\"break-words\">Macchine per la movimentazione dei materiali e la stampa<\/li>\n<li class=\"break-words\">Attrezzature mediche, cosmetiche e per la lavorazione del legno\/vetro<\/li>\n<li class=\"break-words\">Petrolio, produzione di zucchero, generazione di energia termica e altro ancora<\/li>\n<\/ul>\n<p class=\"break-words\">Dai laboratori artigianali di Firenze ai poli industriali di Milano, i nostri ingranaggi garantiscono risultati costanti e ad alte prestazioni.<\/p>\n<h3>Specifiche del prodotto<\/h3>\n<p class=\"break-words\">I nostri ingranaggi cilindrici doppi sono disponibili in vari materiali e configurazioni:<\/p>\n<ul class=\"marker:text-secondary\">\n<li class=\"break-words\"><strong>Materiali:<\/strong> C45 (1045), A3 (acciaio a basso tenore di carbonio), 40Cr, 20CrMnTi, 42CrMo, ghisa, ghisa duttile, rame, acciaio inossidabile e plastica.<\/li>\n<li class=\"break-words\"><strong>Trattamento termico:<\/strong> Tempra ad alta frequenza, cementazione, pallinatura, tempra e rinvenimento, nitrurazione.<\/li>\n<li class=\"break-words\"><strong>Trattamento superficiale:<\/strong> Anneritura, zincatura, cromatura, zincatura, sabbiatura, verniciatura a polvere e molto altro.<\/li>\n<li class=\"break-words\"><strong>Prestazione:<\/strong> Elevata precisione, resistenza all&#039;usura, robustezza, bassa rumorosit\u00e0 e funzionamento regolare.<\/li>\n<li class=\"break-words\"><strong>Standard:<\/strong> ANSI, DIN, JIS e opzioni non standard.<\/li>\n<\/ul>\n<\/div>\n<div>\n<h2>Competenza manifatturiera della societ\u00e0 FMP<\/h2>\n<p class=\"break-words\">Presso FMP Company, impieghiamo tecniche all&#039;avanguardia per produrre ingranaggi cilindrici doppi su misura per le vostre esigenze. Il nostro metodo principale prevede il taglio degli ingranaggi, utilizzando utensili avanzati come macchine per la dentatura degli ingranaggi e lavorazioni CNC. Per applicazioni in cui la precisione estrema o la durezza non sono fondamentali, il nostro processo include:<\/p>\n<ol class=\"marker:text-secondary\">\n<li class=\"break-words\">Taglio del materiale tondo<\/li>\n<li class=\"break-words\">Tornitura di pezzi grezzi su un tornio<\/li>\n<li class=\"break-words\">Taglio dei denti tramite dentatura<\/li>\n<li class=\"break-words\">Sbavatura per una finitura liscia<\/li>\n<li class=\"break-words\">Aggiungere fori per viti di fissaggio o sedi per chiavette secondo necessit\u00e0<\/li>\n<\/ol>\n<p class=\"break-words\">Le nostre capacit\u00e0 di lavorazione vanno oltre il taglio e includono lavorazioni CNC, creazione di scanalature, rullatura di filettature, rettifica senza centri, alesatura, foratura, fresatura, tornitura, brocciatura, maschiatura ed elettroerosione a filo.<\/p>\n<p class=\"break-words\">Per migliorare la durata, i nostri ingranaggi cilindrici doppi vengono sottoposti a tempra e rinvenimento integrali, garantendo elevata resistenza e resistenza alla deformazione sotto carichi pesanti. Inoltre, la tempra ad alta frequenza aumenta la durezza dei denti e la resistenza all&#039;usura, offrendo prestazioni di lunga durata.<\/p>\n<div>\n<h2>Personalizzazione: ingranaggi cilindrici doppi su misura per le tue esigenze<\/h2>\n<p class=\"break-words\">La societ\u00e0 FMP eccelle nella progettazione e nella produzione <strong>Ingranaggi cilindrici doppi personalizzati<\/strong>, compreso <strong>ingranaggi cilindrici doppi in plastica<\/strong>, per soddisfare le tue specifiche. Che tu richieda un modulo specifico, un angolo di pressione, un numero di denti o un materiale, i nostri ingegneri sono attrezzati per fornirtelo.<\/p>\n<p class=\"break-words\">Se non trovi il modello esatto di cui hai bisogno nel nostro elenco prodotti, non preoccuparti: il nostro catalogo \u00e8 in continua espansione e alcuni articoli potrebbero non essere ancora elencati. Inviaci semplicemente un&#039;e-mail a <a href=\"mailto:info@fmpcomponents.it\">info@fmpcomponents.it<\/a>\u00a0con le tue esigenze e il nostro team risponder\u00e0 entro <strong>24 ore<\/strong> con una soluzione su misura. Da Milano a Bologna, ci impegniamo a soddisfare le esigenze delle aziende italiane con precisione e rapidit\u00e0.<\/p>\n<div>\n<h2>Ingranaggi cilindrici doppi per impieghi gravosi per applicazioni difficili<\/h2>\n<p class=\"break-words\">Per i settori che richiedono soluzioni robuste, FMP Company produce ingranaggi cilindrici doppi per impieghi gravosi progettati per resistere a condizioni difficili. Questi ingranaggi sono realizzati tramite taglio a macchina, taglio a fiamma o taglio laser (per materiali pi\u00f9 sottili), bilanciando la convenienza con la precisione. Le applicazioni comuni includono:<\/p>\n<ul class=\"marker:text-secondary\">\n<li class=\"break-words\">Estrazione mineraria e cave<\/li>\n<li class=\"break-words\">Costruzione<\/li>\n<li class=\"break-words\">Operazioni marittime e offshore<\/li>\n<li class=\"break-words\">Sistemi di smaltimento e riciclaggio dei rifiuti<\/li>\n<li class=\"break-words\">Impianti di trattamento delle acque<\/li>\n<\/ul>\n<p class=\"break-words\">I nostri ingranaggi ad alta resistenza garantiscono un&#039;installazione senza problemi e una longevit\u00e0 eccezionale, rendendoli una scelta affidabile per le aziende in tutta Italia.<\/p>\n<\/div>\n<\/div>\n<\/div>\n<\/div>","protected":false},"excerpt":{"rendered":"<p>Double Spur Gears: Engineered Excellence by FMP Company for Italy and Beyond As a leading Double Spur Gear manufacturer based in Italy, FMP Company is proud to deliver high-quality gear solutions to industries worldwide, including key Italian markets such as Milan, Venice, Florence, and Bologna. Specializing in a wide range of Double Spur Gears\u2014including plastic [&hellip;]<\/p>","protected":false},"featured_media":7433,"comment_status":"open","ping_status":"closed","template":"","meta":{"_et_pb_use_builder":"","_et_pb_old_content":"","_et_gb_content_width":""},"product_brand":[],"product_cat":[109],"product_tag":[],"class_list":{"0":"post-7423","1":"product","2":"type-product","3":"status-publish","4":"has-post-thumbnail","6":"product_cat-spur-gear","8":"first","9":"instock","10":"shipping-taxable","11":"product-type-simple"},"_links":{"self":[{"href":"https:\/\/fmp-components.com\/it\/wp-json\/wp\/v2\/product\/7423","targetHints":{"allow":["GET"]}}],"collection":[{"href":"https:\/\/fmp-components.com\/it\/wp-json\/wp\/v2\/product"}],"about":[{"href":"https:\/\/fmp-components.com\/it\/wp-json\/wp\/v2\/types\/product"}],"replies":[{"embeddable":true,"href":"https:\/\/fmp-components.com\/it\/wp-json\/wp\/v2\/comments?post=7423"}],"wp:featuredmedia":[{"embeddable":true,"href":"https:\/\/fmp-components.com\/it\/wp-json\/wp\/v2\/media\/7433"}],"wp:attachment":[{"href":"https:\/\/fmp-components.com\/it\/wp-json\/wp\/v2\/media?parent=7423"}],"wp:term":[{"taxonomy":"product_brand","embeddable":true,"href":"https:\/\/fmp-components.com\/it\/wp-json\/wp\/v2\/product_brand?post=7423"},{"taxonomy":"product_cat","embeddable":true,"href":"https:\/\/fmp-components.com\/it\/wp-json\/wp\/v2\/product_cat?post=7423"},{"taxonomy":"product_tag","embeddable":true,"href":"https:\/\/fmp-components.com\/it\/wp-json\/wp\/v2\/product_tag?post=7423"}],"curies":[{"name":"parola chiave","href":"https:\/\/api.w.org\/{rel}","templated":true}]}}