{"id":7384,"date":"2025-03-24T06:59:56","date_gmt":"2025-03-24T06:59:56","guid":{"rendered":"https:\/\/fmp-components.com\/?post_type=product&#038;p=7384"},"modified":"2025-03-26T08:41:37","modified_gmt":"2025-03-26T08:41:37","slug":"ground-helical-gears","status":"publish","type":"product","link":"https:\/\/fmp-components.com\/it\/product\/ground-helical-gears\/","title":{"rendered":"Ingranaggi elicoidali rettificati"},"content":{"rendered":"<div>\n<p class=\"break-words\">Quando precisione, durata e funzionamento regolare sono di primaria importanza, gli ingranaggi elicoidali rettificati emergono come una scelta eccezionale per i sistemi di trasmissione di potenza. Questi ingranaggi, caratterizzati dai loro denti angolati e dalle superfici meticolosamente rettificate, offrono prestazioni superiori in applicazioni ad alto carico e ad alta velocit\u00e0. In FMP Company, siamo orgogliosi di produrre un&#039;ampia variet\u00e0 di ingranaggi elicoidali rettificati. <a href=\"https:\/\/fmp-components.com\/it\/helical-gears\/\">ingranaggi elicoidali<\/a>, al servizio di industrie in tutto il mondo con soluzioni standard e personalizzate. In questo articolo, esploreremo i materiali utilizzati, i modelli disponibili e il modo in cui FMP fornisce ingranaggi di alta qualit\u00e0 su misura per le tue esigenze.<\/p>\n<h2>Cosa sono gli ingranaggi elicoidali rettificati?<\/h2>\n<p class=\"break-words\">Gli ingranaggi elicoidali rettificati sono un tipo di ingranaggio elicoidale in cui le superfici dei denti sono rettificate con precisione dopo il trattamento termico per ottenere un&#039;accuratezza e una scorrevolezza eccezionali. Il design elicoidale, caratterizzato da denti tagliati ad angolo rispetto all&#039;asse dell&#039;ingranaggio, garantisce un innesto graduale, riducendo rumore e vibrazioni rispetto agli ingranaggi cilindrici. Il processo di rettifica migliora la finitura superficiale e la precisione dimensionale, rendendo questi ingranaggi ideali per applicazioni che richiedono un gioco minimo e la massima efficienza, come cambi, sistemi automobilistici e macchinari industriali.<\/p>\n<\/div>\n<h2>Specificazione<\/h2>\n<table style=\"width: 100%;\" border=\"1\" width=\"100%\" cellspacing=\"0\" cellpadding=\"0\">\n<thead><\/thead>\n<tbody>\n<tr>\n<td>Tipo di foro<\/td>\n<td>Terra<\/td>\n<\/tr>\n<tr>\n<td>Modulo trasversale<\/td>\n<td>1<\/td>\n<\/tr>\n<tr>\n<td>Numero di denti<\/td>\n<td>100<\/td>\n<\/tr>\n<tr>\n<td>La direzione dell&#039;elica<\/td>\n<td>Mano sinistra<\/td>\n<\/tr>\n<tr>\n<td>Forma<\/td>\n<td>S1<\/td>\n<\/tr>\n<tr>\n<td>Foro (A)<\/td>\n<td>15,0 (millimetri)<\/td>\n<\/tr>\n<tr>\n<td>Diametro del mozzo (B)<\/td>\n<td>50,0 (millimetri)<\/td>\n<\/tr>\n<tr>\n<td>Diametro del passo (C)<\/td>\n<td>100,00 (millimetri)<\/td>\n<\/tr>\n<tr>\n<td>Diametro esterno (D)<\/td>\n<td>102,00 (millimetri)<\/td>\n<\/tr>\n<tr>\n<td>Larghezza della faccia (E)<\/td>\n<td>8,0 (millimetri)<\/td>\n<\/tr>\n<tr>\n<td>Larghezza mozzo (F)<\/td>\n<td>10,0 (millimetri)<\/td>\n<\/tr>\n<tr>\n<td>Lunghezza totale (G)<\/td>\n<td>18,00 (millimetri)<\/td>\n<\/tr>\n<tr>\n<td>Angolo dell&#039;elica<\/td>\n<td>21\u00b030\u2032<\/td>\n<\/tr>\n<tr>\n<td>Angolo di pressione<\/td>\n<td>20\u00b0<\/td>\n<\/tr>\n<\/tbody>\n<\/table>\n<div>\n<h3>Materiali utilizzati negli ingranaggi elicoidali rettificati<\/h3>\n<p class=\"break-words\">La scelta del materiale \u00e8 fondamentale per le prestazioni degli ingranaggi elicoidali rettificati. In FMP, selezioniamo materiali di alta qualit\u00e0 per garantire resistenza, resistenza all&#039;usura e longevit\u00e0. Di seguito \u00e8 riportata una tabella che descrive in dettaglio i materiali comuni e le loro propriet\u00e0:<\/p>\n<div class=\"overflow-x-auto my-2\">\n<table style=\"width: 100%;\" border=\"1\" width=\"100%\" cellspacing=\"0\" cellpadding=\"0\">\n<thead class=\"border-b border-primary\/20\">\n<tr class=\"border-primary\/10\">\n<th class=\"break-words\"><strong>Materiale<\/strong><\/th>\n<th class=\"break-words\"><strong>Propriet\u00e0<\/strong><\/th>\n<th class=\"break-words\"><strong>Applicazioni comuni<\/strong><\/th>\n<\/tr>\n<\/thead>\n<tbody>\n<tr class=\"border-primary\/10\">\n<td class=\"break-words\"><strong>Acciaio al carbonio (ad esempio, C45)<\/strong><\/td>\n<td class=\"break-words\">Elevata resistenza, conveniente, buona lavorabilit\u00e0<\/td>\n<td class=\"break-words\">Macchinari generali, ingranaggi per autoveicoli<\/td>\n<\/tr>\n<tr class=\"border-primary\/10\">\n<td class=\"break-words\"><strong>Acciaio legato (ad esempio, 4140)<\/strong><\/td>\n<td class=\"break-words\">Maggiore tenacit\u00e0, resistenza all&#039;usura<\/td>\n<td class=\"break-words\">Riduttori per impieghi gravosi, trasmissioni industriali<\/td>\n<\/tr>\n<tr class=\"border-primary\/10\">\n<td class=\"break-words\"><strong>Acciaio inossidabile<\/strong><\/td>\n<td class=\"break-words\">Resistenza alla corrosione, durata<\/td>\n<td class=\"break-words\">Lavorazione alimentare, applicazioni marine<\/td>\n<\/tr>\n<tr class=\"border-primary\/10\">\n<td class=\"break-words\"><strong>Acciaio cementato<\/strong><\/td>\n<td class=\"break-words\">Superficie dura, nucleo resistente<\/td>\n<td class=\"break-words\">Sistemi ad alto carico e alta precisione<\/td>\n<\/tr>\n<tr class=\"border-primary\/10\">\n<td class=\"break-words\"><strong>Acciaio per utensili<\/strong><\/td>\n<td class=\"break-words\">Durezza estrema, resistenza al calore<\/td>\n<td class=\"break-words\">Macchinari specializzati ad alta velocit\u00e0<\/td>\n<\/tr>\n<\/tbody>\n<\/table>\n<\/div>\n<p class=\"break-words\">Questi materiali ci consentono di produrre ingranaggi che resistono alle sollecitazioni degli ambienti pi\u00f9 difficili, dagli impianti industriali alle officine di ingegneria di precisione.<\/p>\n<h3>Modelli disponibili di ingranaggi elicoidali rettificati<\/h3>\n<p class=\"break-words\">FMP Company offre una gamma di modelli di ingranaggi elicoidali rettificati per soddisfare specifiche diverse. La tabella seguente evidenzia alcune delle nostre offerte standard, anche se possiamo personalizzare in base alle tue esigenze specifiche:<\/p>\n<div class=\"overflow-x-auto my-2\">\n<table style=\"width: 100%;\" border=\"1\" width=\"100%\" cellspacing=\"0\" cellpadding=\"0\">\n<thead class=\"border-b border-primary\/20\">\n<tr class=\"border-primary\/10\">\n<th class=\"break-words\"><strong>Modello<\/strong><\/th>\n<th class=\"break-words\"><strong>Modulo<\/strong><\/th>\n<th class=\"break-words\"><strong>Numero di denti<\/strong><\/th>\n<th class=\"break-words\"><strong>Angolo di pressione<\/strong><\/th>\n<th class=\"break-words\"><strong>Angolo dell&#039;elica<\/strong><\/th>\n<th class=\"break-words\"><strong>Opzioni di materiale<\/strong><\/th>\n<\/tr>\n<\/thead>\n<tbody>\n<tr class=\"border-primary\/10\">\n<td class=\"break-words\">Gas serra-101<\/td>\n<td class=\"break-words\">1.0<\/td>\n<td class=\"break-words\">20<\/td>\n<td class=\"break-words\">20\u00b0<\/td>\n<td class=\"break-words\">15\u00b0<\/td>\n<td class=\"break-words\">Acciaio al carbonio, acciaio legato<\/td>\n<\/tr>\n<tr class=\"border-primary\/10\">\n<td class=\"break-words\">Gas serra-152<\/td>\n<td class=\"break-words\">1.5<\/td>\n<td class=\"break-words\">30<\/td>\n<td class=\"break-words\">20\u00b0<\/td>\n<td class=\"break-words\">20\u00b0<\/td>\n<td class=\"break-words\">Acciaio inossidabile, acciaio per utensili<\/td>\n<\/tr>\n<tr class=\"border-primary\/10\">\n<td class=\"break-words\">Gas serra-203<\/td>\n<td class=\"break-words\">2.0<\/td>\n<td class=\"break-words\">25<\/td>\n<td class=\"break-words\">20\u00b0<\/td>\n<td class=\"break-words\">15\u00b0<\/td>\n<td class=\"break-words\">Acciaio cementato<\/td>\n<\/tr>\n<tr class=\"border-primary\/10\">\n<td class=\"break-words\">Gas serra-305<\/td>\n<td class=\"break-words\">3.0<\/td>\n<td class=\"break-words\">40<\/td>\n<td class=\"break-words\">20\u00b0<\/td>\n<td class=\"break-words\">25\u00b0<\/td>\n<td class=\"break-words\">Acciaio legato, acciaio inossidabile<\/td>\n<\/tr>\n<tr class=\"border-primary\/10\">\n<td class=\"break-words\">GHG-personalizzato<\/td>\n<td class=\"break-words\">Costume<\/td>\n<td class=\"break-words\">Costume<\/td>\n<td class=\"break-words\">Costume<\/td>\n<td class=\"break-words\">Costume<\/td>\n<td class=\"break-words\">Qualunque<\/td>\n<\/tr>\n<\/tbody>\n<\/table>\n<\/div>\n<p class=\"break-words\">Questi modelli sono progettati per garantire precisione e affidabilit\u00e0, assicurando prestazioni ottimali in applicazioni che spaziano dalle piccole apparecchiature ai grandi sistemi industriali.<\/p>\n<div>\n<h4>FMP Company: la tua fonte di ingranaggi elicoidali rettificati<\/h4>\n<p class=\"break-words\">In FMP, siamo specializzati nella produzione di ingranaggi elicoidali rettificati che soddisfano i pi\u00f9 elevati standard di qualit\u00e0 e prestazioni. Che tu abbia bisogno di un modello standard o di una soluzione su misura, abbiamo quello che fa per te. Le nostre offerte includono:<\/p>\n<ul class=\"marker:text-secondary\">\n<li class=\"break-words\"><strong>Ampia variet\u00e0<\/strong>: Dagli ingranaggi leggeri alle opzioni pi\u00f9 pesanti, ci rivolgiamo a tutti i settori.<\/li>\n<li class=\"break-words\"><strong>Personalizzazione<\/strong>:Il nostro team \u00e8 in grado di progettare e realizzare ingranaggi elicoidali rettificati su misura per le vostre specifiche esigenze, garantendo la perfetta aderenza alla vostra applicazione.<\/li>\n<li class=\"break-words\"><strong>Rettifica di precisione<\/strong>: Ogni ingranaggio \u00e8 rettificato con tolleranze esatte, garantendo bassa rumorosit\u00e0, elevata efficienza e maggiore durata.<\/li>\n<\/ul>\n<p class=\"break-words\">Se non trovi il modello esatto di cui hai bisogno nel nostro elenco, non preoccuparti: il nostro catalogo prodotti \u00e8 in continua espansione. \u00c8 possibile che non lo abbiamo ancora aggiornato con i nostri ultimi design. Inviaci semplicemente un&#039;e-mail con le tue esigenze e i nostri ingegneri esperti risponderanno entro <strong>24 ore<\/strong> con una soluzione su misura per il tuo progetto. Ci impegniamo a soddisfare le tue esigenze, indipendentemente dalla complessit\u00e0.<\/p>\n<h4>Applicazioni degli ingranaggi elicoidali rettificati<\/h4>\n<p class=\"break-words\">Gli ingranaggi elicoidali rettificati sono apprezzati per la loro versatilit\u00e0 e precisione, rendendoli essenziali in numerosi settori:<\/p>\n<ul class=\"marker:text-secondary\">\n<li class=\"break-words\"><strong>Automobilistico<\/strong>: Utilizzato nei sistemi di trasmissione per un funzionamento fluido e silenzioso.<\/li>\n<li class=\"break-words\"><strong>Macchinari industriali<\/strong>: Alimentazione di riduttori e azionamenti negli impianti di produzione.<\/li>\n<li class=\"break-words\"><strong>Aerospaziale<\/strong>: Componenti di precisione per apparecchiature ad alte prestazioni.<\/li>\n<li class=\"break-words\"><strong>Marino<\/strong>: Ingranaggi durevoli per sistemi di propulsione e ausiliari.<\/li>\n<\/ul>\n<p class=\"break-words\">La loro capacit\u00e0 di gestire carichi elevati e di mantenere la precisione in condizioni difficili li rende la scelta preferita da ingegneri e produttori.<\/p>\n<h4>Perch\u00e9 scegliere FMP?<\/h4>\n<p class=\"break-words\">FMP Company si distingue come produttore affidabile di ingranaggi elicoidali rettificati, grazie alla nostra dedizione alla qualit\u00e0 e alla soddisfazione del cliente. Sfruttiamo tecniche di rettifica avanzate e rigorosi controlli di qualit\u00e0 per garantire che ogni ingranaggio soddisfi le tue aspettative. I nostri rapidi tempi di risposta (ingegneri che rispondono entro 24 ore) e la capacit\u00e0 di personalizzare ci distinguono come partner affidabile per le aziende di tutto il mondo.<\/p>\n<p><img loading=\"lazy\" decoding=\"async\" class=\"size-full wp-image-7387 aligncenter\" src=\"https:\/\/fmp-components.com\/wp-content\/uploads\/2025\/03\/Ground-Helical-Gears-Product-2.webp\" alt=\"Ingranaggi elicoidali a terra\" width=\"1200\" height=\"300\" title=\"\" srcset=\"https:\/\/fmp-components.com\/wp-content\/uploads\/2025\/03\/Ground-Helical-Gears-Product-2.webp 1200w, https:\/\/fmp-components.com\/wp-content\/uploads\/2025\/03\/Ground-Helical-Gears-Product-2-980x245.webp 980w, https:\/\/fmp-components.com\/wp-content\/uploads\/2025\/03\/Ground-Helical-Gears-Product-2-480x120.webp 480w\" sizes=\"(min-width: 0px) and (max-width: 480px) 480px, (min-width: 481px) and (max-width: 980px) 980px, (min-width: 981px) 1200px, 100vw\" \/><\/p>\n<\/div>\n<\/div>","protected":false},"excerpt":{"rendered":"<p>When precision, durability, and smooth operation are paramount, Ground Helical Gears emerge as an exceptional choice for power transmission systems. These gears, characterized by their angled teeth and meticulously ground surfaces, offer superior performance in high-load and high-speed applications. At FMP Company, we are proud to manufacture a wide variety of ground helical gears, serving [&hellip;]<\/p>","protected":false},"featured_media":7386,"comment_status":"open","ping_status":"closed","template":"","meta":{"_et_pb_use_builder":"","_et_pb_old_content":"","_et_gb_content_width":""},"product_brand":[],"product_cat":[108],"product_tag":[],"class_list":{"0":"post-7384","1":"product","2":"type-product","3":"status-publish","4":"has-post-thumbnail","6":"product_cat-helical-gear","8":"first","9":"instock","10":"shipping-taxable","11":"product-type-simple"},"_links":{"self":[{"href":"https:\/\/fmp-components.com\/it\/wp-json\/wp\/v2\/product\/7384","targetHints":{"allow":["GET"]}}],"collection":[{"href":"https:\/\/fmp-components.com\/it\/wp-json\/wp\/v2\/product"}],"about":[{"href":"https:\/\/fmp-components.com\/it\/wp-json\/wp\/v2\/types\/product"}],"replies":[{"embeddable":true,"href":"https:\/\/fmp-components.com\/it\/wp-json\/wp\/v2\/comments?post=7384"}],"wp:featuredmedia":[{"embeddable":true,"href":"https:\/\/fmp-components.com\/it\/wp-json\/wp\/v2\/media\/7386"}],"wp:attachment":[{"href":"https:\/\/fmp-components.com\/it\/wp-json\/wp\/v2\/media?parent=7384"}],"wp:term":[{"taxonomy":"product_brand","embeddable":true,"href":"https:\/\/fmp-components.com\/it\/wp-json\/wp\/v2\/product_brand?post=7384"},{"taxonomy":"product_cat","embeddable":true,"href":"https:\/\/fmp-components.com\/it\/wp-json\/wp\/v2\/product_cat?post=7384"},{"taxonomy":"product_tag","embeddable":true,"href":"https:\/\/fmp-components.com\/it\/wp-json\/wp\/v2\/product_tag?post=7384"}],"curies":[{"name":"parola chiave","href":"https:\/\/api.w.org\/{rel}","templated":true}]}}