{"id":7380,"date":"2025-03-24T06:05:22","date_gmt":"2025-03-24T06:05:22","guid":{"rendered":"https:\/\/fmp-components.com\/?post_type=product&#038;p=7380"},"modified":"2025-03-26T08:41:57","modified_gmt":"2025-03-26T08:41:57","slug":"plastic-helical-gear","status":"publish","type":"product","link":"https:\/\/fmp-components.com\/it\/product\/plastic-helical-gear\/","title":{"rendered":"Ingranaggio elicoidale in plastica"},"content":{"rendered":"<div>\n<h2>Ingranaggi elicoidali in plastica<\/h2>\n<p class=\"break-words\">Quando si tratta di trasmissione di potenza efficiente e funzionamento regolare, gli ingranaggi elicoidali in plastica sono la scelta migliore per le industrie di tutto il mondo. Noti per i loro denti angolati e le prestazioni silenziose, questi ingranaggi sono sempre pi\u00f9 popolari in applicazioni che spaziano dai sistemi automobilistici ai macchinari industriali. In FMP Company, siamo specializzati nella produzione di un&#039;ampia gamma di ingranaggi elicoidali in plastica. <a href=\"https:\/\/fmp-components.com\/it\/helical-gears\/\">ingranaggi elicoidali<\/a>, offrendo sia modelli standard che soluzioni personalizzate per soddisfare le diverse esigenze delle aziende in tutta Italia, dai poli produttivi di Milano alle industrie marittime di Venezia.<\/p>\n<h3>Perch\u00e9 ingranaggi elicoidali in plastica?<\/h3>\n<p class=\"break-words\">Gli ingranaggi elicoidali in plastica combinano i vantaggi della progettazione degli ingranaggi elicoidali, come l&#039;innesto graduale dei denti per ridurre il rumore e aumentare la capacit\u00e0 di carico, con i benefici dei materiali plastici, tra cui resistenza alla corrosione, costruzione leggera e convenienza. A differenza delle loro controparti in metallo, gli ingranaggi elicoidali in plastica sono ideali per applicazioni in cui la riduzione del peso e il funzionamento pi\u00f9 silenzioso sono priorit\u00e0, rendendoli un punto fermo in settori fiorenti in citt\u00e0 come Bologna e Firenze.<\/p>\n<\/div>\n<p><img loading=\"lazy\" decoding=\"async\" class=\"alignnone size-full wp-image-7382\" src=\"https:\/\/fmp-components.com\/wp-content\/uploads\/2025\/03\/plastic-helical-gear-2.webp\" alt=\"ingranaggio elicoidale in plastica\" width=\"900\" height=\"300\" title=\"\" srcset=\"https:\/\/fmp-components.com\/wp-content\/uploads\/2025\/03\/plastic-helical-gear-2.webp 900w, https:\/\/fmp-components.com\/wp-content\/uploads\/2025\/03\/plastic-helical-gear-2-480x160.webp 480w\" sizes=\"(min-width: 0px) and (max-width: 480px) 480px, (min-width: 481px) 900px, 100vw\" \/><\/p>\n<p>,<\/p>\n<div>\n<h4>Materiali utilizzati negli ingranaggi elicoidali in plastica<\/h4>\n<p class=\"break-words\">Le prestazioni di un ingranaggio elicoidale in plastica dipendono fortemente dal materiale di cui \u00e8 fatto. In FMP, utilizziamo polimeri di alta qualit\u00e0 su misura per applicazioni specifiche. Di seguito \u00e8 riportata una tabella che delinea i materiali comuni e le loro propriet\u00e0:<\/p>\n<div class=\"overflow-x-auto my-2\">\n<table style=\"width: 100%;\" border=\"1\" width=\"100%\" cellspacing=\"0\" cellpadding=\"0\">\n<thead class=\"border-b border-primary\/20\">\n<tr class=\"border-primary\/10\">\n<th class=\"break-words\"><strong>Materiale<\/strong><\/th>\n<th class=\"break-words\"><strong>Propriet\u00e0<\/strong><\/th>\n<th class=\"break-words\"><strong>Applicazioni comuni<\/strong><\/th>\n<\/tr>\n<\/thead>\n<tbody>\n<tr class=\"border-primary\/10\">\n<td class=\"break-words\"><strong>Poliammide (PA)<\/strong><\/td>\n<td class=\"break-words\">Elevata resistenza, resistenza all&#039;usura, basso attrito<\/td>\n<td class=\"break-words\">Macchinari industriali, parti di automobili<\/td>\n<\/tr>\n<tr class=\"border-primary\/10\">\n<td class=\"break-words\"><strong>POM (Acetale)<\/strong><\/td>\n<td class=\"break-words\">Eccellente stabilit\u00e0 dimensionale, basso assorbimento di umidit\u00e0<\/td>\n<td class=\"break-words\">Ingranaggi di precisione, pompe, trasportatori<\/td>\n<\/tr>\n<tr class=\"border-primary\/10\">\n<td class=\"break-words\"><strong>SBIRCIARE<\/strong><\/td>\n<td class=\"break-words\">Resistenza alle alte temperature, resistenza chimica<\/td>\n<td class=\"break-words\">Aerospaziale, dispositivi medici<\/td>\n<\/tr>\n<tr class=\"border-primary\/10\">\n<td class=\"break-words\"><strong>Policarbonato (PC)<\/strong><\/td>\n<td class=\"break-words\">Resistenza all&#039;impatto, trasparenza<\/td>\n<td class=\"break-words\">Elettronica di consumo, ingranaggi leggeri<\/td>\n<\/tr>\n<tr class=\"border-primary\/10\">\n<td class=\"break-words\"><strong>PP (polipropilene)<\/strong><\/td>\n<td class=\"break-words\">Leggero, resistente agli agenti chimici<\/td>\n<td class=\"break-words\">Sistemi fluidi, applicazioni a basso carico<\/td>\n<\/tr>\n<\/tbody>\n<\/table>\n<\/div>\n<p class=\"break-words\">Questi materiali ci consentono di realizzare ingranaggi che soddisfano le esigenze specifiche delle industrie di Milano, dove regna l&#039;ingegneria di precisione, o di Venezia, dove i componenti resistenti alla corrosione sono essenziali per gli ambienti marini.<\/p>\n<h4>Modelli disponibili di ingranaggi elicoidali in plastica<\/h4>\n<p class=\"break-words\">FMP Company offre una variet\u00e0 di modelli di ingranaggi elicoidali in plastica per soddisfare specifiche diverse. Di seguito \u00e8 riportata una tabella che mostra alcuni dei nostri modelli standard, sebbene le nostre capacit\u00e0 si estendano ben oltre questo elenco:<\/p>\n<div class=\"overflow-x-auto my-2\">\n<table style=\"width: 100%;\" border=\"1\" width=\"100%\" cellspacing=\"0\" cellpadding=\"0\">\n<thead class=\"border-b border-primary\/20\">\n<tr class=\"border-primary\/10\">\n<th class=\"break-words\"><strong>Modello<\/strong><\/th>\n<th class=\"break-words\"><strong>Modulo<\/strong><\/th>\n<th class=\"break-words\"><strong>Numero di denti<\/strong><\/th>\n<th class=\"break-words\"><strong>Angolo di pressione<\/strong><\/th>\n<th class=\"break-words\"><strong>Angolo dell&#039;elica<\/strong><\/th>\n<th class=\"break-words\"><strong>Opzioni di materiale<\/strong><\/th>\n<\/tr>\n<\/thead>\n<tbody>\n<tr class=\"border-primary\/10\">\n<td class=\"break-words\">PHG-101<\/td>\n<td class=\"break-words\">1.0<\/td>\n<td class=\"break-words\">20<\/td>\n<td class=\"break-words\">20\u00b0<\/td>\n<td class=\"break-words\">15\u00b0<\/td>\n<td class=\"break-words\">Poliammide, POM<\/td>\n<\/tr>\n<tr class=\"border-primary\/10\">\n<td class=\"break-words\">PHG-152<\/td>\n<td class=\"break-words\">1.5<\/td>\n<td class=\"break-words\">30<\/td>\n<td class=\"break-words\">20\u00b0<\/td>\n<td class=\"break-words\">20\u00b0<\/td>\n<td class=\"break-words\">POM, SBIRCIATA<\/td>\n<\/tr>\n<tr class=\"border-primary\/10\">\n<td class=\"break-words\">PHG-203<\/td>\n<td class=\"break-words\">2.0<\/td>\n<td class=\"break-words\">25<\/td>\n<td class=\"break-words\">20\u00b0<\/td>\n<td class=\"break-words\">15\u00b0<\/td>\n<td class=\"break-words\">Nylon, Policarbonato<\/td>\n<\/tr>\n<tr class=\"border-primary\/10\">\n<td class=\"break-words\">PHG-305<\/td>\n<td class=\"break-words\">3.0<\/td>\n<td class=\"break-words\">40<\/td>\n<td class=\"break-words\">20\u00b0<\/td>\n<td class=\"break-words\">25\u00b0<\/td>\n<td class=\"break-words\">PEEK, PP<\/td>\n<\/tr>\n<tr class=\"border-primary\/10\">\n<td class=\"break-words\">PHG-Personalizzato<\/td>\n<td class=\"break-words\">Costume<\/td>\n<td class=\"break-words\">Costume<\/td>\n<td class=\"break-words\">Costume<\/td>\n<td class=\"break-words\">Costume<\/td>\n<td class=\"break-words\">Qualunque<\/td>\n<\/tr>\n<\/tbody>\n<\/table>\n<\/div>\n<p class=\"break-words\">Questi modelli sono progettati per soddisfare una vasta gamma di applicazioni, dalle attrezzature di piccole dimensioni nelle officine artigianali di Firenze ai sistemi pesanti nelle zone industriali di Bologna. Ogni ingranaggio \u00e8 progettato per prestazioni ottimali, garantendo una trasmissione di potenza fluida e durevolezza.<\/p>\n<div>\n<h3>FMP Company: il tuo partner per ingranaggi elicoidali in plastica in Italia<\/h3>\n<p class=\"break-words\">In FMP, siamo orgogliosi di essere un produttore leader di ingranaggi elicoidali in plastica in Italia. Che tu abbia sede a Milano, Venezia, Firenze o Bologna, offriamo:<\/p>\n<ul class=\"marker:text-secondary\">\n<li class=\"break-words\"><strong>Gamma di prodotti diversificata<\/strong>: Dai modelli standard ai design specializzati, copriamo tutte le tue esigenze in fatto di attrezzatura.<\/li>\n<li class=\"break-words\"><strong>Servizi di personalizzazione<\/strong>: Hai bisogno di un ingranaggio unico per un progetto specifico? Il nostro team pu\u00f2 progettare e produrre ingranaggi elicoidali in plastica personalizzati, su misura per le tue specifiche esatte.<\/li>\n<li class=\"break-words\"><strong>Competenza localizzata<\/strong>:Conosciamo il panorama industriale italiano e garantiamo che le nostre soluzioni siano in linea con le esigenze dei mercati locali.<\/li>\n<\/ul>\n<h3>Non riesci a trovare il tuo modello?<\/h3>\n<p class=\"break-words\">Se il modello di cui hai bisogno non \u00e8 elencato sopra, non preoccuparti: il nostro catalogo prodotti \u00e8 in continua evoluzione. \u00c8 possibile che non abbiamo ancora caricato le ultime aggiunte. Inviaci semplicemente un&#039;e-mail con le tue esigenze e i nostri ingegneri qualificati risponderanno entro 24 ore con una soluzione.<\/p>\n<\/div>\n<\/div>","protected":false},"excerpt":{"rendered":"<p>Plastic Helical Gears When it comes to efficient power transmission and smooth operation, Plastic Helical Gears are a top choice for industries worldwide. Known for their angled teeth and quiet performance, these gears are increasingly popular in applications ranging from automotive systems to industrial machinery. At FMP Company, we specialize in manufacturing a wide range [&hellip;]<\/p>","protected":false},"featured_media":7381,"comment_status":"open","ping_status":"closed","template":"","meta":{"_et_pb_use_builder":"","_et_pb_old_content":"","_et_gb_content_width":""},"product_brand":[],"product_cat":[108],"product_tag":[],"class_list":{"0":"post-7380","1":"product","2":"type-product","3":"status-publish","4":"has-post-thumbnail","6":"product_cat-helical-gear","8":"first","9":"instock","10":"shipping-taxable","11":"product-type-simple"},"_links":{"self":[{"href":"https:\/\/fmp-components.com\/it\/wp-json\/wp\/v2\/product\/7380","targetHints":{"allow":["GET"]}}],"collection":[{"href":"https:\/\/fmp-components.com\/it\/wp-json\/wp\/v2\/product"}],"about":[{"href":"https:\/\/fmp-components.com\/it\/wp-json\/wp\/v2\/types\/product"}],"replies":[{"embeddable":true,"href":"https:\/\/fmp-components.com\/it\/wp-json\/wp\/v2\/comments?post=7380"}],"wp:featuredmedia":[{"embeddable":true,"href":"https:\/\/fmp-components.com\/it\/wp-json\/wp\/v2\/media\/7381"}],"wp:attachment":[{"href":"https:\/\/fmp-components.com\/it\/wp-json\/wp\/v2\/media?parent=7380"}],"wp:term":[{"taxonomy":"product_brand","embeddable":true,"href":"https:\/\/fmp-components.com\/it\/wp-json\/wp\/v2\/product_brand?post=7380"},{"taxonomy":"product_cat","embeddable":true,"href":"https:\/\/fmp-components.com\/it\/wp-json\/wp\/v2\/product_cat?post=7380"},{"taxonomy":"product_tag","embeddable":true,"href":"https:\/\/fmp-components.com\/it\/wp-json\/wp\/v2\/product_tag?post=7380"}],"curies":[{"name":"parola chiave","href":"https:\/\/api.w.org\/{rel}","templated":true}]}}