{"id":7372,"date":"2025-03-24T03:00:29","date_gmt":"2025-03-24T03:00:29","guid":{"rendered":"https:\/\/fmp-components.com\/?post_type=product&#038;p=7372"},"modified":"2025-04-08T02:34:44","modified_gmt":"2025-04-08T02:34:44","slug":"crossed-helical-gear-screw-gear","status":"publish","type":"product","link":"https:\/\/fmp-components.com\/it\/product\/crossed-helical-gear-screw-gear\/","title":{"rendered":"Ingranaggio elicoidale incrociato (ingranaggio a vite)"},"content":{"rendered":"<div>\n<h2 dir=\"auto\">Ingranaggi a vite (ingranaggi elicoidali incrociati)<\/h2>\n<p class=\"break-words\" dir=\"auto\">Gli ingranaggi a vite, a volte chiamati ingranaggi elicoidali incrociati, sono ingranaggi speciali che aiutano a spostare oggetti tra due alberi (come bastoncini che girano) che non si toccano e non sono allineati dritti. Gli ingranaggi elicoidali normali per alberi dritti hanno lo stesso angolo di torsione ma ruotano in modi opposti. Per gli ingranaggi a vite, gli angoli di torsione possono essere qualsiasi cosa ti serva e l&#039;angolo tra gli alberi \u00e8 solitamente la somma dei due angoli di torsione sommati. Un angolo comune \u00e8 di 90 gradi, come un angolo, ma possono funzionare anche altri angoli. Questi ingranaggi si toccano solo in punti minuscoli, non in linee grandi, quindi non sono forti o efficienti come altri ingranaggi e non possono trasportare cose super pesanti.<\/p>\n<h3 dir=\"auto\">Come sono e come funzionano<\/h3>\n<ul class=\"marker:text-secondary\" dir=\"auto\">\n<li class=\"break-words\"><strong>Aspetto<\/strong>: Gli ingranaggi a vite hanno denti che si attorcigliano come una spirale su un disco rotondo. I denti possono inclinarsi a destra o a sinistra.<\/li>\n<li class=\"break-words\"><strong>Movimento<\/strong>: Quando girano, non rotolano semplicemente come gli altri ingranaggi, ma si attorcigliano come una vite che entra nel legno. Questo fa s\u00ec che scivolino l&#039;uno contro l&#039;altro in piccoli punti invece di rotolare senza problemi.<\/li>\n<li class=\"break-words\"><strong>Velocit\u00e0<\/strong>: La velocit\u00e0 con cui girano dipende da quanti denti ha l&#039;ingranaggio motore (quello che lo avvia) rispetto all&#039;ingranaggio condotto (quello che segue). \u00c8 semplicemente il numero di denti di uno diviso per l&#039;altro, senza regole complicate come quelle di altri ingranaggi!<\/li>\n<\/ul>\n<h3 dir=\"auto\">Materiali e abbinamenti<\/h3>\n<ul class=\"marker:text-secondary\" dir=\"auto\">\n<li class=\"break-words\"><strong>Di cosa sono fatti<\/strong>: Se entrambi gli ingranaggi sono dello stesso materiale, possono sfregare troppo e graffiarsi. Quindi, \u00e8 meglio usare materiali diversi, come acciaio con plastica o acciaio inossidabile con bronzo.<\/li>\n<li class=\"break-words\"><strong>Scelte<\/strong>: Sono disponibili in acciaio (resistente), acciaio inossidabile (non arrugginisce, ottimo per le macchine per alimenti), alluminio-bronzo (resistente all&#039;usura) o plastica (leggero e non necessita di olio).<\/li>\n<\/ul>\n<h3 dir=\"auto\">Come funzionano e dove vengono utilizzati<\/h3>\n<ul class=\"marker:text-secondary\" dir=\"auto\">\n<li class=\"break-words\"><strong>Forza e velocit\u00e0<\/strong>: Non sono i migliori per trasportare cose pesanti o girare super velocemente a causa di tutto lo scivolamento. Sono pi\u00f9 adatti per lavori di media difficolt\u00e0.<\/li>\n<li class=\"break-words\"><strong>Lavori<\/strong>:Potresti trovarli in macchine che producono cose, muovono elementi come nastri trasportatori o azionano pompe, cose che non hanno bisogno di grandi quantit\u00e0 di energia.<\/li>\n<li class=\"break-words\"><strong>Olio<\/strong>:Dato che slittano molto, necessitano di un olio speciale (come l&#039;olio per ingranaggi ipoidi) per evitare che si usurino troppo velocemente.<\/li>\n<\/ul>\n<h3 dir=\"auto\">Parti buone e non cos\u00ec buone<\/h3>\n<ul class=\"marker:text-secondary\" dir=\"auto\">\n<li class=\"break-words\"><strong>Bella roba<\/strong>: Sono silenziosi quando corrono e possono essere spostati un po&#039; da un lato all&#039;altro senza che il loro funzionamento ne venga compromesso. Sono ottimi per le aste che si incrociano ma non si toccano.<\/li>\n<li class=\"break-words\"><strong>Cose non proprio belle<\/strong>: Lo scivolamento li rende meno efficienti e non possono gestire grandi carichi perch\u00e9 si toccano solo in punti minuscoli. Inoltre, spingono molto lateralmente, quindi hanno bisogno di supporti robusti.<\/li>\n<\/ul>\n<h3 dir=\"auto\">Tipi e dettagli<\/h3>\n<ul class=\"marker:text-secondary\" dir=\"auto\">\n<li class=\"break-words\"><strong>Tipi<\/strong>: Sono disponibili in misure chiamate moduli da 1 a 4, con 10-30 denti. \u00c8 possibile aggiungere fori o modificarli un po&#039; se necessario.<\/li>\n<li class=\"break-words\"><strong>Angoli di torsione<\/strong>: Spesso hanno una torsione di 45 gradi e possono essere abbinati in modi diversi, entrambi con la stessa torsione o in modi opposti, a seconda di come sono impostati gli steli.<\/li>\n<\/ul>\n<p class=\"break-words\" dir=\"auto\">In breve, gli ingranaggi a vite sono utili per spostare oggetti tra alberi incrociati in modo silenzioso e semplice, ma non sono gli ingranaggi pi\u00f9 resistenti o veloci perch\u00e9 scivolano anzich\u00e9 rotolare e si toccano solo in piccoli punti.<\/p>\n<\/div>\n<h2>Ingranaggi elicoidali incrociati (ingranaggi a vite): ingegneria di precisione di FMP Company<\/h2>\n<p>Gli ingranaggi elicoidali incrociati, comunemente noti come ingranaggi a vite, sono un tipo specializzato di ingranaggio iperboloide progettato per lo scopo unico di accoppiare alberi obliqui, assi che si incrociano senza intersecarsi. A differenza dei tradizionali <a href=\"https:\/\/fmp-components.com\/it\/helical-gears\/\">ingranaggi elicoidali<\/a> con assi paralleli, gli ingranaggi a vite consentono la trasmissione del moto tra alberi non paralleli e non intersecanti, spesso a un angolo di 90\u00b0, sebbene siano possibili altre configurazioni. Ci\u00f2 li rende un componente essenziale nei sistemi meccanici che richiedono allineamenti versatili degli alberi. In Italia, dove l&#039;innovazione industriale prospera in citt\u00e0 come Milano, Venezia, Firenze e Bologna, la domanda di ingranaggi a vite di alta qualit\u00e0 \u00e8 in costante aumento e FMP Company \u00e8 orgogliosa di soddisfare questa esigenza con soluzioni realizzate da esperti.<\/p>\n<p><img loading=\"lazy\" decoding=\"async\" class=\"wp-image-7376 aligncenter\" src=\"https:\/\/fmp-components.com\/wp-content\/uploads\/2025\/03\/screw-gear-crossed-helical-gear-product-9.webp\" alt=\"vite-ingranaggio-elicoidale-incrociato\" width=\"958\" height=\"239\" title=\"\" srcset=\"https:\/\/fmp-components.com\/wp-content\/uploads\/2025\/03\/screw-gear-crossed-helical-gear-product-9.webp 958w, https:\/\/fmp-components.com\/wp-content\/uploads\/2025\/03\/screw-gear-crossed-helical-gear-product-9-480x120.webp 480w\" sizes=\"(min-width: 0px) and (max-width: 480px) 480px, (min-width: 481px) 958px, 100vw\" \/><\/p>\n<p>Gli ingranaggi a vite funzionano con un movimento a vite distintivo anzich\u00e9 con un puro rotolamento, risultante dai loro diversi angoli dell&#039;elica (sebbene con lo stesso lato dell&#039;elica). Questo movimento di scorrimento dei fianchi, pur richiedendo una lubrificazione speciale come l&#039;olio per ingranaggi ipoidi per ridurre al minimo l&#039;usura, offre vantaggi unici come il funzionamento a bassa rumorosit\u00e0 e la flessibilit\u00e0 assiale. A differenza degli ingranaggi elicoidali paralleli, che passano dal contatto puntuale a quello lineare, gli ingranaggi elicoidali incrociati mantengono il contatto puntuale, rendendoli ideali per applicazioni con coppia e velocit\u00e0 moderate, come gli azionamenti per macchine utensili. Rispetto agli ingranaggi a vite senza fine, che forniscono una coppia pi\u00f9 elevata tramite il contatto lineare, gli ingranaggi a vite senza fine eccellono in prestazioni pi\u00f9 silenziose, perfette per le industrie di precisione in centri frenetici come Milano e Firenze.<\/p>\n<h2>Specifiche degli ingranaggi elicoidali incrociati<\/h2>\n<table class=\"table\" border=\"1\" width=\"100%\" cellspacing=\"0\" cellpadding=\"0\">\n<tbody>\n<tr class=\"firstRow\">\n<td>Numero di modello<\/td>\n<td>M1, M1.5, M2, M2.5, M3, M4, M5, M8, M12 e cos\u00ec via.<\/td>\n<\/tr>\n<tr>\n<td>Materiale<\/td>\n<td>Ottone, acciaio C45, acciaio inossidabile, rame, POM, alluminio, lega e cos\u00ec via<\/td>\n<\/tr>\n<tr>\n<td>Trattamento superficiale<\/td>\n<td>Zincatura, nichelatura, passivazione, ossidazione, anodizzazione, Geomet, Dacromet, ossido nero, fosfatazione, verniciatura a polvere ed elettroforesi.<\/td>\n<\/tr>\n<tr>\n<td>Standard<\/td>\n<td>ISO, DIN, ANSI, JIS, BS e non standard.<\/td>\n<\/tr>\n<tr>\n<td>Precisione<\/td>\n<td>DIN6, DIN7, DIN8, DIN9.<\/td>\n<\/tr>\n<tr>\n<td>Trattamento dei denti<\/td>\n<td>Temprato, fresato o rettificato<\/td>\n<\/tr>\n<tr>\n<td>Tolleranza<\/td>\n<td>0,001 mm-0,01 mm-0,1 mm<\/td>\n<\/tr>\n<tr>\n<td>Fine<\/td>\n<td>sabbiatura, trattamento termico, ricottura, tempra, lucidatura, anodizzazione, zincatura<\/td>\n<\/tr>\n<tr>\n<td>Articoli da imballaggio<\/td>\n<td>Sacchetto di plastica + cartoni o imballaggio in legno<\/td>\n<\/tr>\n<tr>\n<td>Termini di pagamento<\/td>\n<td>T\/T, lettera di credito<\/td>\n<\/tr>\n<tr>\n<td>Tempi di produzione<\/td>\n<td>20 giorni lavorativi per il campione, 25 giorni per la massa<\/td>\n<\/tr>\n<tr>\n<td>Campioni<\/td>\n<td>Intervallo di prezzo campione da $2 a $100. Richiesta espressa campione pagata dai clienti<\/td>\n<\/tr>\n<tr>\n<td>Applicazione<\/td>\n<td>1. Macchina di controllo automatico 2. Industria dei semiconduttori 3. Macchinari per l&#039;industria generale 4. Apparecchiature mediche 5. Apparecchiature per l&#039;energia solare 6. Macchine utensili 7. Sistemi di parcheggio 8. Apparecchiature per il trasporto ferroviario e aereo ad alta velocit\u00e0, ecc.<\/td>\n<\/tr>\n<\/tbody>\n<\/table>\n<h2 class=\"break-words\">Tipi di ingranaggi a vite (ingranaggi elicoidali incrociati)<\/h2>\n<div>\n<table style=\"width: 100%;\" border=\"1\" width=\"100%\" cellspacing=\"0\" cellpadding=\"0\">\n<thead class=\"border-b border-primary\/20\">\n<tr class=\"border-primary\/10\">\n<th class=\"break-words\"><strong>Categoria<\/strong><\/th>\n<th class=\"break-words\"><strong>Composizione del materiale<\/strong><\/th>\n<th class=\"break-words\"><strong>Gamma di moduli<\/strong><\/th>\n<th class=\"break-words\"><strong>Angolo dell&#039;elica<\/strong><\/th>\n<th class=\"break-words\"><strong>Conteggio dei denti<\/strong><\/th>\n<th class=\"break-words\"><strong>Resistenza (trazione)<\/strong><\/th>\n<th class=\"break-words\"><strong>Resistenza alla corrosione<\/strong><\/th>\n<th class=\"break-words\"><strong>Applicazioni tipiche<\/strong><\/th>\n<\/tr>\n<\/thead>\n<tbody>\n<tr class=\"border-primary\/10\">\n<td class=\"break-words\"><strong>Ingranaggi a vite in acciaio<\/strong><\/td>\n<td class=\"break-words\">Acciaio al carbonio o acciaio legato (ad esempio, AISI 1045, 4140)<\/td>\n<td class=\"break-words\">Da 1 a 4<\/td>\n<td class=\"break-words\">45\u00b0 tipico<\/td>\n<td class=\"break-words\">Da 10 a 50+<\/td>\n<td class=\"break-words\">500\u20131000 MPa<\/td>\n<td class=\"break-words\">Da basso a moderato<\/td>\n<td class=\"break-words\">Macchinari industriali, sistemi automobilistici<\/td>\n<\/tr>\n<tr class=\"border-primary\/10\">\n<td class=\"break-words\"><strong>Ingranaggi a vite in acciaio inossidabile<\/strong><\/td>\n<td class=\"break-words\">Acciaio inossidabile (ad esempio, SUS303, SUS304)<\/td>\n<td class=\"break-words\">Da 1 a 4<\/td>\n<td class=\"break-words\">45\u00b0 tipico<\/td>\n<td class=\"break-words\">Da 10 a 50+<\/td>\n<td class=\"break-words\">500\u2013700 MPa<\/td>\n<td class=\"break-words\">Alto<\/td>\n<td class=\"break-words\">Macchinari alimentari, attrezzature marine<\/td>\n<\/tr>\n<tr class=\"border-primary\/10\">\n<td class=\"break-words\"><strong>Ingranaggi a vite in bronzo alluminio<\/strong><\/td>\n<td class=\"break-words\">Bronzo di alluminio (ad esempio, CuAl10Fe5Ni5)<\/td>\n<td class=\"break-words\">Da 1 a 4<\/td>\n<td class=\"break-words\">45\u00b0 tipico<\/td>\n<td class=\"break-words\">Da 10 a 50+<\/td>\n<td class=\"break-words\">600\u2013800 MPa<\/td>\n<td class=\"break-words\">Molto alto<\/td>\n<td class=\"break-words\">Azionamenti a vite senza fine, ambienti corrosivi<\/td>\n<\/tr>\n<tr class=\"border-primary\/10\">\n<td class=\"break-words\"><strong>Ingranaggi a vite in plastica<\/strong><\/td>\n<td class=\"break-words\">Nylon, acetale o nylon MC<\/td>\n<td class=\"break-words\">Da 1 a 3<\/td>\n<td class=\"break-words\">45\u00b0 tipico<\/td>\n<td class=\"break-words\">Da 10 a 40+<\/td>\n<td class=\"break-words\">50\u2013100 MPa<\/td>\n<td class=\"break-words\">Alto<\/td>\n<td class=\"break-words\">Sistemi leggeri, usi sensibili al rumore<\/td>\n<\/tr>\n<tr class=\"border-primary\/10\">\n<td class=\"break-words\"><strong>Ingranaggi a vite in metallo<\/strong><\/td>\n<td class=\"break-words\">Metallo generico (ad esempio ottone, ghisa)<\/td>\n<td class=\"break-words\">Da 1 a 4<\/td>\n<td class=\"break-words\">45\u00b0 tipico<\/td>\n<td class=\"break-words\">Da 10 a 50+<\/td>\n<td class=\"break-words\">300\u2013800 MPa<\/td>\n<td class=\"break-words\">Varia (da basso ad alto)<\/td>\n<td class=\"break-words\">Trasmissione di potenza generale, macchinari<\/td>\n<\/tr>\n<\/tbody>\n<\/table>\n<div>\n<h3 class=\"\" dir=\"auto\">Note sulle specifiche:<\/h3>\n<ol class=\"marker:text-secondary\" dir=\"auto\">\n<li class=\"break-words\"><strong>Gamma di moduli<\/strong>:Il modulo (misura della dimensione dei denti degli ingranaggi) varia in genere da 1 a 4 per la maggior parte degli ingranaggi a vite, anche se potrebbero essere disponibili moduli pi\u00f9 piccoli o pi\u00f9 grandi a seconda dell&#039;applicazione.<\/li>\n<li class=\"break-words\"><strong>Angolo dell&#039;elica<\/strong>:Gli ingranaggi a vite senza fine utilizzano comunemente un angolo dell&#039;elica di 45\u00b0 per consentire la trasmissione del movimento dell&#039;albero senza intersezioni e senza parallelismo, anche se questo pu\u00f2 variare leggermente.<\/li>\n<li class=\"break-words\"><strong>Conteggio dei denti<\/strong>: Il numero di denti dipende dalle dimensioni dell&#039;ingranaggio e dall&#039;applicazione, variando in genere da 10 a oltre 50.<\/li>\n<li class=\"break-words\"><strong>Resistenza (trazione)<\/strong>: La resistenza alla trazione varia a seconda del materiale: l&#039;acciaio e il bronzo alluminio offrono un&#039;elevata resistenza, mentre la plastica ha una resistenza inferiore ma \u00e8 leggera.<\/li>\n<li class=\"break-words\"><strong>Resistenza alla corrosione<\/strong>: L&#039;acciaio inossidabile e il bronzo d&#039;alluminio eccellono negli ambienti corrosivi, mentre l&#039;acciaio al carbonio richiede rivestimenti o trattamenti per prestazioni simili.<\/li>\n<li class=\"break-words\"><strong>Applicazioni<\/strong>:Ogni materiale soddisfa esigenze specifiche: acciaio per la durevolezza, acciaio inossidabile per l&#039;igiene, bronzo-alluminio per la resistenza all&#039;usura, plastica per basso rumore\/basso peso e altri metalli per la versatilit\u00e0.<\/li>\n<\/ol>\n<p class=\"break-words\" dir=\"auto\">Questa tabella fornisce le specifiche degli ingranaggi elicoidali per categoria. Per i dettagli esatti, si prega di <a href=\"mailto:info@fmpcomponents.it\">e-mail<\/a> noi.<\/p>\n<\/div>\n<\/div>\n<div>\n<h2>Perch\u00e9 scegliere FMP?<\/h2>\n<p class=\"break-words\">In qualit\u00e0 di produttore affidabile, FMP Company produce una vasta gamma di ingranaggi elicoidali incrociati (ingranaggi a vite) adatti a varie applicazioni industriali. Che tu sia a Milano alla ricerca di modelli standard o a Venezia che richieda un design su misura, offriamo la personalizzazione per garantire che i tuoi macchinari funzionino al meglio. I nostri ingranaggi sono progettati con precisione, rispettando i pi\u00f9 elevati standard di durata ed efficienza. Se stai sfogliando il nostro elenco di prodotti, che tu sia a Firenze, Bologna o altrove, e non trovi il modello esatto di cui hai bisogno, stai certo che probabilmente sta solo aspettando il suo debutto nel nostro catalogo. Inviaci semplicemente un&#039;e-mail con le tue esigenze e i nostri ingegneri qualificati risponderanno entro 24 ore con una soluzione personalizzata.<\/p>\n<p class=\"break-words\">FMP Company si impegna a supportare il panorama industriale italiano con una tecnologia di ingranaggi a vite superiore. Dalle fabbriche all&#039;avanguardia di Milano all&#039;artigianato storico di Firenze, dall&#039;innovazione marittima di Venezia alla competenza meccanica di Bologna, siamo qui per alimentare le tue operazioni con ingranaggi elicoidali incrociati affidabili e progettati su misura. Contattaci oggi per esplorare le nostre offerte o per chiedere informazioni su un modello specifico: il nostro team \u00e8 pronto ad assisterti prontamente, assicurando che i tuoi progetti rimangano in pista con la qualit\u00e0 e la precisione che meriti.<\/p>\n<p><img loading=\"lazy\" decoding=\"async\" class=\"wp-image-7374 aligncenter\" src=\"https:\/\/fmp-components.com\/wp-content\/uploads\/2025\/03\/screw-gear-crossed-helical-gear-product-7.webp\" alt=\"vite-ingranaggio-elicoidale-incrociato\" width=\"932\" height=\"621\" title=\"\" srcset=\"https:\/\/fmp-components.com\/wp-content\/uploads\/2025\/03\/screw-gear-crossed-helical-gear-product-7.webp 932w, https:\/\/fmp-components.com\/wp-content\/uploads\/2025\/03\/screw-gear-crossed-helical-gear-product-7-480x320.webp 480w\" sizes=\"(min-width: 0px) and (max-width: 480px) 480px, (min-width: 481px) 932px, 100vw\" \/><\/p>\n<\/div>","protected":false},"excerpt":{"rendered":"<p>Screw Gears (Crossed Helical Gears) Screw gears, sometimes called crossed helical gears, are special gears that help move things between two shafts (like sticks that spin) that don\u2019t touch and aren\u2019t lined up straight. Regular helical gears for straight shafts have the same twist angle but twist in opposite ways. For screw gears, the twist [&hellip;]<\/p>","protected":false},"featured_media":7375,"comment_status":"open","ping_status":"closed","template":"","meta":{"_et_pb_use_builder":"","_et_pb_old_content":"","_et_gb_content_width":""},"product_brand":[],"product_cat":[108],"product_tag":[],"class_list":{"0":"post-7372","1":"product","2":"type-product","3":"status-publish","4":"has-post-thumbnail","6":"product_cat-helical-gear","8":"first","9":"instock","10":"shipping-taxable","11":"product-type-simple"},"_links":{"self":[{"href":"https:\/\/fmp-components.com\/it\/wp-json\/wp\/v2\/product\/7372","targetHints":{"allow":["GET"]}}],"collection":[{"href":"https:\/\/fmp-components.com\/it\/wp-json\/wp\/v2\/product"}],"about":[{"href":"https:\/\/fmp-components.com\/it\/wp-json\/wp\/v2\/types\/product"}],"replies":[{"embeddable":true,"href":"https:\/\/fmp-components.com\/it\/wp-json\/wp\/v2\/comments?post=7372"}],"wp:featuredmedia":[{"embeddable":true,"href":"https:\/\/fmp-components.com\/it\/wp-json\/wp\/v2\/media\/7375"}],"wp:attachment":[{"href":"https:\/\/fmp-components.com\/it\/wp-json\/wp\/v2\/media?parent=7372"}],"wp:term":[{"taxonomy":"product_brand","embeddable":true,"href":"https:\/\/fmp-components.com\/it\/wp-json\/wp\/v2\/product_brand?post=7372"},{"taxonomy":"product_cat","embeddable":true,"href":"https:\/\/fmp-components.com\/it\/wp-json\/wp\/v2\/product_cat?post=7372"},{"taxonomy":"product_tag","embeddable":true,"href":"https:\/\/fmp-components.com\/it\/wp-json\/wp\/v2\/product_tag?post=7372"}],"curies":[{"name":"parola chiave","href":"https:\/\/api.w.org\/{rel}","templated":true}]}}