{"id":7367,"date":"2025-03-24T02:34:28","date_gmt":"2025-03-24T02:34:28","guid":{"rendered":"https:\/\/fmp-components.com\/?post_type=product&#038;p=7367"},"modified":"2025-03-26T08:43:11","modified_gmt":"2025-03-26T08:43:11","slug":"metallurgy-machinery-soft-tooth-flank-helical-gear","status":"publish","type":"product","link":"https:\/\/fmp-components.com\/it\/product\/metallurgy-machinery-soft-tooth-flank-helical-gear\/","title":{"rendered":"Metallurgia Macchinari Dente tenero Fianco Ingranaggio elicoidale"},"content":{"rendered":"<div class=\"sliderTable mt10 mb10 sliderTable-index0 change-to-org\">\n<div class=\"inner\">\n<p>In qualit\u00e0 di produttore leader nel settore, FMP Company \u00e8 specializzata nella produzione di un&#039;ampia gamma di ingranaggi elicoidali a denti morbidi per macchinari metallurgici progettati per soddisfare diverse esigenze industriali. I nostri prodotti sono progettati con precisione, garantendo prestazioni, durata ed efficienza ottimali in applicazioni quali macchinari pesanti, attrezzature minerarie e sistemi di lavorazione metallurgica. Sia che tu richieda specifiche standard o design unici su misura per le tue operazioni, FMP offre servizi di personalizzazione per fornire ingranaggi che si allineano perfettamente ai tuoi requisiti, migliorando la produttivit\u00e0 e riducendo i tempi di fermo.<\/p>\n<p>Se non trovi il modello specifico di Metallurgy Machinery Soft Tooth Flank <a href=\"https:\/\/fmp-components.com\/it\/helical-gears\/\">Ingranaggi elicoidale<\/a> che stai cercando nel nostro elenco prodotti, non preoccuparti: potremmo non aver ancora avuto la possibilit\u00e0 di aggiornarlo. In FMP, ci impegniamo a soddisfare le tue esigenze, quindi sentiti libero di inviarci un&#039;e-mail con i dettagli sul modello di cui hai bisogno. Il nostro team dedicato di ingegneri risponder\u00e0 entro 24 ore, fornendo consulenza e soluzioni esperte per assicurarti di ottenere esattamente il prodotto di cui hai bisogno per il tuo progetto. Contattaci oggi stesso per scoprire come FMP pu\u00f2 supportare la tua attivit\u00e0 con ingranaggi elicoidali di alta qualit\u00e0!<\/p>\n<h2>Specificazione<\/h2>\n<table border=\"1\" width=\"100%\">\n<tbody>\n<tr class=\"firstRow\">\n<th colspan=\"2\" valign=\"top\">Dati di base dell&#039;ingranaggio<\/th>\n<\/tr>\n<tr>\n<td valign=\"center\">Forma del dente dell&#039;ingranaggio<\/td>\n<td valign=\"center\">involuto<\/td>\n<\/tr>\n<tr>\n<td valign=\"center\">Materiale dell&#039;ingranaggio<\/td>\n<td valign=\"center\">45<\/td>\n<\/tr>\n<tr>\n<td valign=\"center\">Processo di ingranaggio<\/td>\n<td valign=\"center\">forgiatura, tornitura, dentatura, rettifica esterna, fresatura di sedi per chiavette, rettifica dei denti<\/td>\n<\/tr>\n<tr>\n<td valign=\"center\">Angolo di pressione<\/td>\n<td valign=\"center\">20\u00b0<\/td>\n<\/tr>\n<tr>\n<td valign=\"center\">Livello di qualit\u00e0<\/td>\n<td valign=\"center\">DIN 3962 classe 6<\/td>\n<\/tr>\n<tr>\n<td valign=\"center\">Tipo di ingranaggio<\/td>\n<td valign=\"center\">Mn=3, Z=128, \u03b2=11,5\u00b0, \u03b1=20\u00b0, mancino<\/td>\n<\/tr>\n<\/tbody>\n<\/table>\n<\/div>\n<\/div>\n<p><strong>Capacit\u00e0 di Gear\/Spline<\/strong><\/p>\n<div class=\"sliderTable mt10 mb10 sliderTable-index1 change-to-org\">\n<div class=\"inner\">\n<table border=\"1\" width=\"100%\">\n<tbody>\n<tr class=\"firstRow\">\n<th colspan=\"4\" valign=\"top\">Ingranaggi interni e scanalature interne<\/th>\n<\/tr>\n<tr>\n<td valign=\"top\"><\/td>\n<td valign=\"top\">FRESATURA<\/td>\n<td valign=\"top\">MODELLAZIONE<\/td>\n<td valign=\"top\">DISTRUTZIONE DEI DENTI<\/td>\n<\/tr>\n<tr>\n<td valign=\"top\">OD massimo<\/td>\n<td valign=\"top\">2500 millimetri<\/td>\n<td valign=\"top\">2500 millimetri<\/td>\n<td valign=\"top\">2500 millimetri<\/td>\n<\/tr>\n<tr>\n<td valign=\"top\">ID minimo<\/td>\n<td valign=\"top\">650 millimetri<\/td>\n<td valign=\"top\">50 millimetri<\/td>\n<td valign=\"top\">100 millimetri<\/td>\n<\/tr>\n<tr>\n<td valign=\"top\">Larghezza massima della faccia<\/td>\n<td valign=\"top\">500 millimetri<\/td>\n<td valign=\"top\">500 millimetri<\/td>\n<td valign=\"top\">500 millimetri<\/td>\n<\/tr>\n<tr>\n<td valign=\"top\">Passo diametrale massimo<\/td>\n<td valign=\"top\">DP1 1a parte<\/td>\n<td valign=\"top\">DP1 1a parte<\/td>\n<td valign=\"top\">DP 0,5<\/td>\n<\/tr>\n<tr>\n<td valign=\"top\">Modulo massimo<\/td>\n<td valign=\"top\">26 millimetri<\/td>\n<td valign=\"top\">26 millimetri<\/td>\n<td valign=\"top\">45 millimetri<\/td>\n<\/tr>\n<tr>\n<td valign=\"top\">Livello AGMA\/Livello DIN<\/td>\n<td valign=\"top\">Classe DIN 8<\/td>\n<td valign=\"top\">Classe DIN 8<\/td>\n<td valign=\"top\">Classe DIN 4<\/td>\n<\/tr>\n<tr>\n<td valign=\"top\">Finitura della superficie del dente<\/td>\n<td valign=\"top\">Ra 3.2<\/td>\n<td valign=\"top\">Ra 3.2<\/td>\n<td valign=\"top\">Ra 0,6<\/td>\n<\/tr>\n<tr>\n<td valign=\"top\">Angolo massimo dell&#039;elica<\/td>\n<td valign=\"top\">\u00b122,5\u00b0<\/td>\n<td valign=\"top\">\u00b122,5\u00b0<\/td>\n<td valign=\"top\">\u00b145\u00b0<\/td>\n<\/tr>\n<tr>\n<th colspan=\"4\" valign=\"top\">Ingranaggi esterni e scanalature esterne<\/th>\n<\/tr>\n<tr>\n<td valign=\"top\"><\/td>\n<td valign=\"top\">HOBBING<\/td>\n<td valign=\"top\">FRESATURA<\/td>\n<td valign=\"top\">DISTRUTZIONE DEI DENTI<\/td>\n<\/tr>\n<tr>\n<td valign=\"top\">OD massimo<\/td>\n<td valign=\"top\">1250 millimetri<\/td>\n<td valign=\"top\">2500 millimetri<\/td>\n<td valign=\"top\">2500 millimetri<\/td>\n<\/tr>\n<tr>\n<td valign=\"top\">OD minimo<\/td>\n<td valign=\"top\">20 millimetri<\/td>\n<td valign=\"top\">200 millimetri<\/td>\n<td valign=\"top\">20 millimetri<\/td>\n<\/tr>\n<tr>\n<td valign=\"top\">Larghezza massima della faccia<\/td>\n<td valign=\"top\">500 millimetri<\/td>\n<td valign=\"top\">500 millimetri<\/td>\n<td valign=\"top\">1480 millimetri<\/td>\n<\/tr>\n<tr>\n<td valign=\"top\">Passo diametrale massimo<\/td>\n<td valign=\"top\">DP1 1a parte<\/td>\n<td valign=\"top\">DP1 1a parte<\/td>\n<td valign=\"top\">DP 0,5<\/td>\n<\/tr>\n<tr>\n<td valign=\"top\">Modulo massimo<\/td>\n<td valign=\"top\">26 millimetri<\/td>\n<td valign=\"top\">26 millimetri<\/td>\n<td valign=\"top\">45 millimetri<\/td>\n<\/tr>\n<tr>\n<td valign=\"top\">Livello AGMA\/Livello DIN<\/td>\n<td valign=\"top\">Classe DIN 8<\/td>\n<td valign=\"top\">Classe DIN 8<\/td>\n<td valign=\"top\">Classe DIN 4<\/td>\n<\/tr>\n<tr>\n<td valign=\"top\">Finitura della superficie del dente<\/td>\n<td valign=\"top\">Ra 3.2<\/td>\n<td valign=\"top\">Ra 3.2<\/td>\n<td valign=\"top\">Ra 0,6<\/td>\n<\/tr>\n<tr>\n<td valign=\"top\">Angolo massimo dell&#039;elica<\/td>\n<td valign=\"top\">\u00b145\u00b0<\/td>\n<td valign=\"top\">\u00b145\u00b0<\/td>\n<td valign=\"top\">\u00b145\u00b0<\/td>\n<\/tr>\n<\/tbody>\n<\/table>\n<\/div>\n<\/div>","protected":false},"excerpt":{"rendered":"<ul class=\"pro-info-list fix\">\n<li class=\"prod-specifics-brand\"><label>Forma dei denti dell&#039;ingranaggio:\u00a0<\/label>involuto<\/li>\n<li class=\"prod-specifics-brand\"><label>Materiale dell&#039;ingranaggio:<\/label>45<\/li>\n<li class=\"prod-specifics-brand\"><label>Angolo di pressione:<\/label>20\u00b0<\/li>\n<li class=\"prod-specifics-brand\"><label>Livello di qualit\u00e0:\u00a0<\/label>DIN 3962 classe 6<\/li>\n<\/ul>","protected":false},"featured_media":4594,"comment_status":"open","ping_status":"closed","template":"","meta":{"_et_pb_use_builder":"","_et_pb_old_content":"","_et_gb_content_width":""},"product_brand":[],"product_cat":[108],"product_tag":[],"class_list":{"0":"post-7367","1":"product","2":"type-product","3":"status-publish","4":"has-post-thumbnail","6":"product_cat-helical-gear","8":"first","9":"instock","10":"shipping-taxable","11":"product-type-simple"},"_links":{"self":[{"href":"https:\/\/fmp-components.com\/it\/wp-json\/wp\/v2\/product\/7367","targetHints":{"allow":["GET"]}}],"collection":[{"href":"https:\/\/fmp-components.com\/it\/wp-json\/wp\/v2\/product"}],"about":[{"href":"https:\/\/fmp-components.com\/it\/wp-json\/wp\/v2\/types\/product"}],"replies":[{"embeddable":true,"href":"https:\/\/fmp-components.com\/it\/wp-json\/wp\/v2\/comments?post=7367"}],"wp:featuredmedia":[{"embeddable":true,"href":"https:\/\/fmp-components.com\/it\/wp-json\/wp\/v2\/media\/4594"}],"wp:attachment":[{"href":"https:\/\/fmp-components.com\/it\/wp-json\/wp\/v2\/media?parent=7367"}],"wp:term":[{"taxonomy":"product_brand","embeddable":true,"href":"https:\/\/fmp-components.com\/it\/wp-json\/wp\/v2\/product_brand?post=7367"},{"taxonomy":"product_cat","embeddable":true,"href":"https:\/\/fmp-components.com\/it\/wp-json\/wp\/v2\/product_cat?post=7367"},{"taxonomy":"product_tag","embeddable":true,"href":"https:\/\/fmp-components.com\/it\/wp-json\/wp\/v2\/product_tag?post=7367"}],"curies":[{"name":"parola chiave","href":"https:\/\/api.w.org\/{rel}","templated":true}]}}