{"id":7366,"date":"2025-03-24T02:32:27","date_gmt":"2025-03-24T02:32:27","guid":{"rendered":"https:\/\/fmp-components.com\/?post_type=product&#038;p=7366"},"modified":"2025-03-26T08:43:42","modified_gmt":"2025-03-26T08:43:42","slug":"beverage-packing-machinery-helical-gear","status":"publish","type":"product","link":"https:\/\/fmp-components.com\/it\/product\/beverage-packing-machinery-helical-gear\/","title":{"rendered":"Macchinari per l&#039;imballaggio delle bevande Ingranaggio elicoidale"},"content":{"rendered":"<div class=\"sliderTable mt10 mb10 sliderTable-index0 change-to-org\">\n<div class=\"inner\">\n<div>\n<h2>Il ruolo degli ingranaggi elicoidali nei macchinari per l&#039;imballaggio delle bevande<\/h2>\n<p class=\"break-words\">Gli ingranaggi elicoidali svolgono un ruolo fondamentale nei macchinari per l&#039;imballaggio delle bevande, guidando l&#039;efficienza e la precisione nelle linee di produzione ad alta velocit\u00e0. A differenza dei tradizionali <a href=\"https:\/\/fmp-components.com\/it\/spur-gear-2\/\">ingranaggi cilindrici<\/a>, <a href=\"https:\/\/fmp-components.com\/it\/helical-gears\/\">ingranaggi elicoidali<\/a> presentano denti angolati che assicurano un funzionamento pi\u00f9 fluido e silenzioso e una maggiore capacit\u00e0 di carico. Ci\u00f2 li rende una scelta eccellente per l&#039;ambiente esigente del confezionamento delle bevande, in cui prestazioni costanti e tempi di fermo ridotti sono essenziali. Riducendo al minimo le vibrazioni e l&#039;usura, gli ingranaggi elicoidali migliorano la durata dei macchinari, rendendoli indispensabili negli impianti di imbottigliamento e nelle strutture di confezionamento.<\/p>\n<\/div>\n<h2>Specificazione<\/h2>\n<table border=\"1\" width=\"100%\">\n<tbody>\n<tr class=\"firstRow\">\n<th colspan=\"2\" valign=\"top\">Dati di base dell&#039;ingranaggio<\/th>\n<\/tr>\n<tr>\n<td valign=\"center\">Forma del dente dell&#039;ingranaggio<\/td>\n<td valign=\"center\">involuto<\/td>\n<\/tr>\n<tr>\n<td valign=\"center\">Materiale dell&#039;ingranaggio<\/td>\n<td valign=\"center\">20CrNiMoA<\/td>\n<\/tr>\n<tr>\n<td valign=\"center\">Processo di ingranaggio<\/td>\n<td valign=\"center\">forgiatura, cementazione, taglio lineare, rettifica dei denti<\/td>\n<\/tr>\n<tr>\n<td valign=\"center\">Angolo di pressione<\/td>\n<td valign=\"center\">15\u00b0<\/td>\n<\/tr>\n<tr>\n<td valign=\"center\">Livello di qualit\u00e0<\/td>\n<td valign=\"center\">Classe AGMA 8<\/td>\n<\/tr>\n<tr>\n<td valign=\"center\">Tipo di ingranaggio<\/td>\n<td valign=\"center\">Mn=3,35, Z=9, a=15\u00b0, \u03b2=45\u00b0, mancino<\/td>\n<\/tr>\n<\/tbody>\n<\/table>\n<\/div>\n<\/div>\n<p><strong>Capacit\u00e0 di Gear\/Spline<\/strong><\/p>\n<div class=\"sliderTable mt10 mb10 sliderTable-index1 change-to-org\">\n<div class=\"inner\">\n<table border=\"1\" width=\"100%\">\n<tbody>\n<tr class=\"firstRow\">\n<th colspan=\"4\" valign=\"top\">Ingranaggi interni e scanalature interne<\/th>\n<\/tr>\n<tr>\n<td valign=\"top\"><\/td>\n<td valign=\"top\">FRESATURA<\/td>\n<td valign=\"top\">MODELLAZIONE<\/td>\n<td valign=\"top\">DISTRUTZIONE DEI DENTI<\/td>\n<\/tr>\n<tr>\n<td valign=\"top\">OD massimo<\/td>\n<td valign=\"top\">2500 millimetri<\/td>\n<td valign=\"top\">2500 millimetri<\/td>\n<td valign=\"top\">2500 millimetri<\/td>\n<\/tr>\n<tr>\n<td valign=\"top\">ID minimo<\/td>\n<td valign=\"top\">650 millimetri<\/td>\n<td valign=\"top\">50 millimetri<\/td>\n<td valign=\"top\">100 millimetri<\/td>\n<\/tr>\n<tr>\n<td valign=\"top\">Larghezza massima della faccia<\/td>\n<td valign=\"top\">500 millimetri<\/td>\n<td valign=\"top\">500 millimetri<\/td>\n<td valign=\"top\">500 millimetri<\/td>\n<\/tr>\n<tr>\n<td valign=\"top\">Passo diametrale massimo<\/td>\n<td valign=\"top\">DP1 1a parte<\/td>\n<td valign=\"top\">DP1 1a parte<\/td>\n<td valign=\"top\">DP 0,5<\/td>\n<\/tr>\n<tr>\n<td valign=\"top\">Modulo massimo<\/td>\n<td valign=\"top\">26 millimetri<\/td>\n<td valign=\"top\">26 millimetri<\/td>\n<td valign=\"top\">45 millimetri<\/td>\n<\/tr>\n<tr>\n<td valign=\"top\">Livello AGMA\/Livello DIN<\/td>\n<td valign=\"top\">Classe DIN 8<\/td>\n<td valign=\"top\">Classe DIN 8<\/td>\n<td valign=\"top\">Classe DIN 4<\/td>\n<\/tr>\n<tr>\n<td valign=\"top\">Finitura della superficie del dente<\/td>\n<td valign=\"top\">Ra 3.2<\/td>\n<td valign=\"top\">Ra 3.2<\/td>\n<td valign=\"top\">Ra 0,6<\/td>\n<\/tr>\n<tr>\n<td valign=\"top\">Angolo massimo dell&#039;elica<\/td>\n<td valign=\"top\">\u00b122,5\u00b0<\/td>\n<td valign=\"top\">\u00b122,5\u00b0<\/td>\n<td valign=\"top\">\u00b145\u00b0<\/td>\n<\/tr>\n<tr>\n<td valign=\"top\"><\/td>\n<td valign=\"top\"><\/td>\n<td valign=\"top\"><\/td>\n<td valign=\"top\"><\/td>\n<\/tr>\n<tr>\n<th colspan=\"4\" valign=\"top\">Ingranaggi esterni e scanalature esterne<\/th>\n<\/tr>\n<tr>\n<td valign=\"top\"><\/td>\n<td valign=\"top\">HOBBING<\/td>\n<td valign=\"top\">FRESATURA<\/td>\n<td valign=\"top\">DISTRUTZIONE DEI DENTI<\/td>\n<\/tr>\n<tr>\n<td valign=\"top\">OD massimo<\/td>\n<td valign=\"top\">1250 millimetri<\/td>\n<td valign=\"top\">2500 millimetri<\/td>\n<td valign=\"top\">2500 millimetri<\/td>\n<\/tr>\n<tr>\n<td valign=\"top\">OD minimo<\/td>\n<td valign=\"top\">20 millimetri<\/td>\n<td valign=\"top\">200 millimetri<\/td>\n<td valign=\"top\">20 millimetri<\/td>\n<\/tr>\n<tr>\n<td valign=\"top\">Larghezza massima della faccia<\/td>\n<td valign=\"top\">500 millimetri<\/td>\n<td valign=\"top\">500 millimetri<\/td>\n<td valign=\"top\">1480 millimetri<\/td>\n<\/tr>\n<tr>\n<td valign=\"top\">Passo diametrale massimo<\/td>\n<td valign=\"top\">DP1 1a parte<\/td>\n<td valign=\"top\">DP1 1a parte<\/td>\n<td valign=\"top\">DP 0,5<\/td>\n<\/tr>\n<tr>\n<td valign=\"top\">Modulo massimo<\/td>\n<td valign=\"top\">26 millimetri<\/td>\n<td valign=\"top\">26 millimetri<\/td>\n<td valign=\"top\">45 millimetri<\/td>\n<\/tr>\n<tr>\n<td valign=\"top\">Livello AGMA\/Livello DIN<\/td>\n<td valign=\"top\">Classe DIN 8<\/td>\n<td valign=\"top\">Classe DIN 8<\/td>\n<td valign=\"top\">Classe DIN 4<\/td>\n<\/tr>\n<tr>\n<td valign=\"top\">Finitura della superficie del dente<\/td>\n<td valign=\"top\">Ra 3.2<\/td>\n<td valign=\"top\">Ra 3.2<\/td>\n<td valign=\"top\">Ra 0,6<\/td>\n<\/tr>\n<tr>\n<td valign=\"top\">Angolo massimo dell&#039;elica<\/td>\n<td valign=\"top\">\u00b145\u00b0<\/td>\n<td valign=\"top\">\u00b145\u00b0<\/td>\n<td valign=\"top\">\u00b145\u00b0<\/td>\n<\/tr>\n<\/tbody>\n<\/table>\n<div>\n<h3>FMP Company: il tuo partner di fiducia per ingranaggi elicoidali<\/h3>\n<p class=\"break-words\">In FMP Company, siamo specializzati nella produzione di una vasta gamma di ingranaggi elicoidali su misura per macchinari per l&#039;imballaggio di bevande. Che tu abbia bisogno di opzioni standard o soluzioni personalizzate, i nostri ingranaggi sono realizzati con precisione e durata per soddisfare le esigenze uniche della produzione ad alto volume. Se non riesci a trovare il modello di ingranaggio specifico che stai cercando nel nostro elenco prodotti, non preoccuparti: significa semplicemente che non lo abbiamo ancora caricato. Non esitare a inviarci un&#039;e-mail con le tue esigenze e i nostri ingegneri esperti ti risponderanno entro 24 ore con la soluzione di ingranaggi perfetta per le tue esigenze.<\/p>\n<\/div>\n<\/div>\n<\/div>","protected":false},"excerpt":{"rendered":"<ul class=\"pro-info-list fix\">\n<li class=\"prod-specifics-brand\"><label>Forma dei denti dell&#039;ingranaggio:\u00a0<\/label>involuto<\/li>\n<li class=\"prod-specifics-brand\"><label>Materiale dell&#039;ingranaggio:<\/label>20CrNiMoA<\/li>\n<li class=\"prod-specifics-brand\"><label>Angolo di pressione:<\/label>15\u00b0<\/li>\n<li class=\"prod-specifics-brand\"><label>Livello di qualit\u00e0:\u00a0<\/label>Classe AGMA 8<\/li>\n<\/ul>","protected":false},"featured_media":4582,"comment_status":"open","ping_status":"closed","template":"","meta":{"_et_pb_use_builder":"","_et_pb_old_content":"","_et_gb_content_width":""},"product_brand":[],"product_cat":[108],"product_tag":[],"class_list":{"0":"post-7366","1":"product","2":"type-product","3":"status-publish","4":"has-post-thumbnail","6":"product_cat-helical-gear","8":"first","9":"instock","10":"shipping-taxable","11":"product-type-simple"},"_links":{"self":[{"href":"https:\/\/fmp-components.com\/it\/wp-json\/wp\/v2\/product\/7366","targetHints":{"allow":["GET"]}}],"collection":[{"href":"https:\/\/fmp-components.com\/it\/wp-json\/wp\/v2\/product"}],"about":[{"href":"https:\/\/fmp-components.com\/it\/wp-json\/wp\/v2\/types\/product"}],"replies":[{"embeddable":true,"href":"https:\/\/fmp-components.com\/it\/wp-json\/wp\/v2\/comments?post=7366"}],"wp:featuredmedia":[{"embeddable":true,"href":"https:\/\/fmp-components.com\/it\/wp-json\/wp\/v2\/media\/4582"}],"wp:attachment":[{"href":"https:\/\/fmp-components.com\/it\/wp-json\/wp\/v2\/media?parent=7366"}],"wp:term":[{"taxonomy":"product_brand","embeddable":true,"href":"https:\/\/fmp-components.com\/it\/wp-json\/wp\/v2\/product_brand?post=7366"},{"taxonomy":"product_cat","embeddable":true,"href":"https:\/\/fmp-components.com\/it\/wp-json\/wp\/v2\/product_cat?post=7366"},{"taxonomy":"product_tag","embeddable":true,"href":"https:\/\/fmp-components.com\/it\/wp-json\/wp\/v2\/product_tag?post=7366"}],"curies":[{"name":"parola chiave","href":"https:\/\/api.w.org\/{rel}","templated":true}]}}