{"id":7364,"date":"2025-03-24T02:21:03","date_gmt":"2025-03-24T02:21:03","guid":{"rendered":"https:\/\/fmp-components.com\/?post_type=product&#038;p=7364"},"modified":"2025-03-26T08:43:59","modified_gmt":"2025-03-26T08:43:59","slug":"high-speed-train-locomotive-hard-tooth-flank-helical-gear","status":"publish","type":"product","link":"https:\/\/fmp-components.com\/it\/product\/high-speed-train-locomotive-hard-tooth-flank-helical-gear\/","title":{"rendered":"Locomotiva per treni ad alta velocit\u00e0 con ingranaggi elicoidali a fianco con denti duri"},"content":{"rendered":"<div class=\"sliderTable mt10 mb10 sliderTable-index0 change-to-org\">\n<div class=\"inner\">\n<h2>Il ruolo degli ingranaggi elicoidali a denti duri nelle locomotive ad alta velocit\u00e0<\/h2>\n<div>Le locomotive ad alta velocit\u00e0 richiedono ingranaggi in grado di resistere a condizioni operative estreme, mantenendo al contempo prestazioni fluide ed efficienti. Fianco del dente duro <a href=\"https:\/\/fmp-components.com\/it\/helical-gears\/\">ingranaggi elicoidali<\/a> sono la soluzione ottimale per queste applicazioni, grazie alla loro eccezionale resistenza, precisione e capacit\u00e0 di gestire carichi e velocit\u00e0 elevati. Questi ingranaggi sono specificamente progettati per ridurre al minimo rumore e vibrazioni, migliorando il comfort dei passeggeri e garantendo al contempo l&#039;affidabilit\u00e0 dei sistemi ferroviari ad alta velocit\u00e0. Il loro design robusto riduce anche la necessit\u00e0 di una manutenzione frequente, rendendoli un componente fondamentale per la longevit\u00e0 e l&#039;affidabilit\u00e0 delle locomotive moderne.<\/div>\n<h2>Specificazione<\/h2>\n<table border=\"1\" width=\"100%\">\n<tbody>\n<tr class=\"firstRow\">\n<th colspan=\"2\" valign=\"top\">Dati di base dell&#039;ingranaggio<\/th>\n<\/tr>\n<tr>\n<td valign=\"center\">Forma del dente dell&#039;ingranaggio<\/td>\n<td valign=\"center\">involuto<\/td>\n<\/tr>\n<tr>\n<td valign=\"center\">Materiale dell&#039;ingranaggio<\/td>\n<td valign=\"center\">17CrNiMo6<\/td>\n<\/tr>\n<tr>\n<td valign=\"center\">Processo di ingranaggio<\/td>\n<td valign=\"center\">forgiatura, tornitura, dentatura, cementazione, rettifica esterna, rettifica dei denti<\/td>\n<\/tr>\n<tr>\n<td valign=\"center\">Angolo di pressione<\/td>\n<td valign=\"center\">20\u00b0<\/td>\n<\/tr>\n<tr>\n<td valign=\"center\">Livello di qualit\u00e0<\/td>\n<td valign=\"center\">DIN 3962 Classe 6<\/td>\n<\/tr>\n<tr>\n<td valign=\"center\">Tipo di ingranaggio<\/td>\n<td valign=\"center\">Mn=4, Z=132, \u03b2=18\u00b0<\/td>\n<\/tr>\n<\/tbody>\n<\/table>\n<\/div>\n<\/div>\n<p><strong>CAPACIT\u00c0 DI INGRANAGGI\/SCANALATURA<\/strong><\/p>\n<div class=\"sliderTable mt10 mb10 sliderTable-index1 change-to-org\">\n<div class=\"inner\">\n<table border=\"1\" width=\"100%\">\n<tbody>\n<tr class=\"firstRow\">\n<th colspan=\"4\" valign=\"top\">INGRANAGGI INTERNI E SCANALATURA INTERNA<\/th>\n<\/tr>\n<tr>\n<td valign=\"top\"><\/td>\n<td valign=\"top\">FRESATURA<\/td>\n<td valign=\"top\">MODELLAZIONE<\/td>\n<td valign=\"top\">DISTRUTZIONE DEI DENTI<\/td>\n<\/tr>\n<tr>\n<td valign=\"top\">OD massimo<\/td>\n<td valign=\"top\">2500 millimetri<\/td>\n<td valign=\"top\">2500 millimetri<\/td>\n<td valign=\"top\">2500 millimetri<\/td>\n<\/tr>\n<tr>\n<td valign=\"top\">ID minimo<\/td>\n<td valign=\"top\">650 millimetri<\/td>\n<td valign=\"top\">50 millimetri<\/td>\n<td valign=\"top\">100 millimetri<\/td>\n<\/tr>\n<tr>\n<td valign=\"top\">Larghezza massima della faccia<\/td>\n<td valign=\"top\">500 millimetri<\/td>\n<td valign=\"top\">500 millimetri<\/td>\n<td valign=\"top\">500 millimetri<\/td>\n<\/tr>\n<tr>\n<td valign=\"top\">Passo diametrale massimo<\/td>\n<td valign=\"top\">DP1 1a parte<\/td>\n<td valign=\"top\">DP1 1a parte<\/td>\n<td valign=\"top\">DP 0,5<\/td>\n<\/tr>\n<tr>\n<td valign=\"top\">Modulo massimo<\/td>\n<td valign=\"top\">26 millimetri<\/td>\n<td valign=\"top\">26 millimetri<\/td>\n<td valign=\"top\">45 millimetri<\/td>\n<\/tr>\n<tr>\n<td valign=\"top\">Livello AGMA\/Livello DIN<\/td>\n<td valign=\"top\">Classe DIN 8<\/td>\n<td valign=\"top\">Classe DIN 8<\/td>\n<td valign=\"top\">Classe DIN 4<\/td>\n<\/tr>\n<tr>\n<td valign=\"top\">Finitura della superficie del dente<\/td>\n<td valign=\"top\">Ra 3.2<\/td>\n<td valign=\"top\">Ra 3.2<\/td>\n<td valign=\"top\">Ra 0,6<\/td>\n<\/tr>\n<tr>\n<td valign=\"top\">Angolo massimo dell&#039;elica<\/td>\n<td valign=\"top\">\u00b122,5\u00b0<\/td>\n<td valign=\"top\">\u00b122,5\u00b0<\/td>\n<td valign=\"top\">\u00b145\u00b0<\/td>\n<\/tr>\n<tr>\n<th colspan=\"4\" valign=\"top\">INGRANAGGI ESTERNI E SCANALATURA ESTERNA<\/th>\n<\/tr>\n<tr>\n<td valign=\"top\"><\/td>\n<td valign=\"top\">HOBBING<\/td>\n<td valign=\"top\">FRESATURA<\/td>\n<td valign=\"top\">DISTRUTZIONE DEI DENTI<\/td>\n<\/tr>\n<tr>\n<td valign=\"top\">OD massimo<\/td>\n<td valign=\"top\">1250 millimetri<\/td>\n<td valign=\"top\">2500 millimetri<\/td>\n<td valign=\"top\">2500 millimetri<\/td>\n<\/tr>\n<tr>\n<td valign=\"top\">OD minimo<\/td>\n<td valign=\"top\">20 millimetri<\/td>\n<td valign=\"top\">200 millimetri<\/td>\n<td valign=\"top\">20 millimetri<\/td>\n<\/tr>\n<tr>\n<td valign=\"top\">Larghezza massima della faccia<\/td>\n<td valign=\"top\">500 millimetri<\/td>\n<td valign=\"top\">500 millimetri<\/td>\n<td valign=\"top\">1480 millimetri<\/td>\n<\/tr>\n<tr>\n<td valign=\"top\">Passo diametrale massimo<\/td>\n<td valign=\"top\">DP1 1a parte<\/td>\n<td valign=\"top\">DP1 1a parte<\/td>\n<td valign=\"top\">DP 0,5<\/td>\n<\/tr>\n<tr>\n<td valign=\"top\">Modulo massimo<\/td>\n<td valign=\"top\">26 millimetri<\/td>\n<td valign=\"top\">26 millimetri<\/td>\n<td valign=\"top\">45 millimetri<\/td>\n<\/tr>\n<tr>\n<td valign=\"top\">Livello AGMA\/Livello DIN<\/td>\n<td valign=\"top\">Classe DIN 8<\/td>\n<td valign=\"top\">Classe DIN 8<\/td>\n<td valign=\"top\">Classe DIN 4<\/td>\n<\/tr>\n<tr>\n<td valign=\"top\">Finitura della superficie del dente<\/td>\n<td valign=\"top\">Ra 3.2<\/td>\n<td valign=\"top\">Ra 3.2<\/td>\n<td valign=\"top\">Ra 0,6<\/td>\n<\/tr>\n<tr>\n<td valign=\"top\">Angolo massimo dell&#039;elica<\/td>\n<td valign=\"top\">\u00b145\u00b0<\/td>\n<td valign=\"top\">\u00b145\u00b0<\/td>\n<td valign=\"top\">\u00b145\u00b0<\/td>\n<\/tr>\n<\/tbody>\n<\/table>\n<div><\/div>\n<h3>FMP Company: il tuo partner per ingranaggi per locomotive di alta qualit\u00e0<\/h3>\n<div><\/div>\n<div>FMP Company \u00e8 un produttore leader di ingranaggi elicoidali a denti duri per locomotive ad alta velocit\u00e0, che offre una vasta gamma di tipi di ingranaggi progettati per soddisfare le rigorose esigenze del settore ferroviario. I nostri ingranaggi sono realizzati secondo i pi\u00f9 elevati standard, garantendo prestazioni e durata ottimali anche negli ambienti pi\u00f9 difficili. Forniamo anche la produzione di ingranaggi personalizzati per soddisfare specifiche uniche. Se il modello di ingranaggio di cui hai bisogno non \u00e8 elencato nel nostro catalogo prodotti, significa semplicemente che non lo abbiamo ancora caricato: stai certo, possiamo comunque soddisfare le tue esigenze. Inviaci un&#039;e-mail con le tue esigenze e i nostri ingegneri qualificati risponderanno entro 24 ore per aiutarti a trovare la soluzione di ingranaggi ideale per la tua locomotiva.<\/div>\n<\/div>\n<\/div>","protected":false},"excerpt":{"rendered":"<ul class=\"pro-info-list fix\">\n<li class=\"prod-specifics-brand\"><label>Forma dei denti dell&#039;ingranaggio:\u00a0<\/label>involuto<\/li>\n<li class=\"prod-specifics-brand\"><label>Materiale dell&#039;ingranaggio:<\/label>17CrNiMo6<\/li>\n<li class=\"prod-specifics-brand\"><label>Angolo di pressione:<\/label>20\u00b0<\/li>\n<li class=\"prod-specifics-brand\"><label>Livello di qualit\u00e0:\u00a0<\/label>DIN 3962 Classe 6<\/li>\n<\/ul>","protected":false},"featured_media":4590,"comment_status":"open","ping_status":"closed","template":"","meta":{"_et_pb_use_builder":"","_et_pb_old_content":"","_et_gb_content_width":""},"product_brand":[],"product_cat":[108],"product_tag":[],"class_list":{"0":"post-7364","1":"product","2":"type-product","3":"status-publish","4":"has-post-thumbnail","6":"product_cat-helical-gear","8":"first","9":"instock","10":"shipping-taxable","11":"product-type-simple"},"_links":{"self":[{"href":"https:\/\/fmp-components.com\/it\/wp-json\/wp\/v2\/product\/7364","targetHints":{"allow":["GET"]}}],"collection":[{"href":"https:\/\/fmp-components.com\/it\/wp-json\/wp\/v2\/product"}],"about":[{"href":"https:\/\/fmp-components.com\/it\/wp-json\/wp\/v2\/types\/product"}],"replies":[{"embeddable":true,"href":"https:\/\/fmp-components.com\/it\/wp-json\/wp\/v2\/comments?post=7364"}],"wp:featuredmedia":[{"embeddable":true,"href":"https:\/\/fmp-components.com\/it\/wp-json\/wp\/v2\/media\/4590"}],"wp:attachment":[{"href":"https:\/\/fmp-components.com\/it\/wp-json\/wp\/v2\/media?parent=7364"}],"wp:term":[{"taxonomy":"product_brand","embeddable":true,"href":"https:\/\/fmp-components.com\/it\/wp-json\/wp\/v2\/product_brand?post=7364"},{"taxonomy":"product_cat","embeddable":true,"href":"https:\/\/fmp-components.com\/it\/wp-json\/wp\/v2\/product_cat?post=7364"},{"taxonomy":"product_tag","embeddable":true,"href":"https:\/\/fmp-components.com\/it\/wp-json\/wp\/v2\/product_tag?post=7364"}],"curies":[{"name":"parola chiave","href":"https:\/\/api.w.org\/{rel}","templated":true}]}}