{"id":7356,"date":"2025-03-24T02:05:34","date_gmt":"2025-03-24T02:05:34","guid":{"rendered":"https:\/\/fmp-components.com\/?post_type=product&#038;p=7356"},"modified":"2025-03-26T08:44:19","modified_gmt":"2025-03-26T08:44:19","slug":"double-helical-gears-for-agricultural-machinery","status":"publish","type":"product","link":"https:\/\/fmp-components.com\/it\/product\/double-helical-gears-for-agricultural-machinery\/","title":{"rendered":"Ingranaggi elicoidali doppi per macchine agricole"},"content":{"rendered":"<h2>Ingranaggi elicoidali doppi nelle macchine agricole<\/h2>\n<div>Raddoppiare <a href=\"https:\/\/fmp-components.com\/it\/helical-gears\/\">ingranaggi elicoidali<\/a> per macchinari agricoli sono essenziali per migliorare le prestazioni e la durata delle attrezzature agricole. Questi ingranaggi, dotati di denti a V unici, sono sapientemente progettati per gestire i carichi pesanti e le rigorose richieste di trattori, mietitrebbie, coltivatori e altre macchine agricole. Eliminando la spinta assiale e riducendo al minimo le vibrazioni, gli ingranaggi elicoidali doppi assicurano un funzionamento fluido ed efficiente, il che \u00e8 fondamentale per ridurre l&#039;usura e prolungare la durata dei macchinari. Questa affidabilit\u00e0 porta a una maggiore produttivit\u00e0 e a tempi di fermo ridotti, rendendoli un componente indispensabile per gli agricoltori che si sforzano di ottimizzare le loro operazioni.<\/div>\n<h2>Ingranaggi di trasmissione personalizzati \u2013 Ingranaggi elicoidali doppi per mulino a sfere<\/h2>\n<div class=\"table-responsive\">\n<table class=\"table\" style=\"width: 97.719%;\" border=\"1\">\n<tbody>\n<tr>\n<td style=\"width: 56.7823%;\">Tipo di ingranaggio<\/td>\n<td style=\"width: 224.921%;\">Ingranaggio elicoidale doppio<\/td>\n<\/tr>\n<tr>\n<td style=\"width: 56.7823%;\">Materiale<\/td>\n<td style=\"width: 224.921%;\">Forgiatura<\/td>\n<\/tr>\n<tr>\n<td style=\"width: 56.7823%;\">Metodo di fabbricazione degli ingranaggi<\/td>\n<td style=\"width: 224.921%;\">Fresatura degli ingranaggi<\/td>\n<\/tr>\n<\/tbody>\n<\/table>\n<\/div>\n<p>Materiale: 42CrMo<\/p>\n<div class=\"table-responsive\">\n<table class=\"table\" style=\"width: 97.6019%;\" border=\"1\">\n<tbody>\n<tr>\n<td style=\"width: 41.806%;\">CONFRONTO DEI GRADI DEL CODICE DELL&#039;ACCIAIO<\/td>\n<td style=\"width: 12.3746%;\"><\/td>\n<td style=\"width: 11.8729%;\"><\/td>\n<td style=\"width: 7.19064%;\"><\/td>\n<td style=\"width: 11.3712%;\"><\/td>\n<td style=\"width: 66.388%;\"><\/td>\n<\/tr>\n<tr>\n<td style=\"width: 41.806%;\">CINA\/GB<\/td>\n<td style=\"width: 12.3746%;\">ISO<\/td>\n<td style=\"width: 11.8729%;\">INGLESE<\/td>\n<td style=\"width: 7.19064%;\">ASTM<\/td>\n<td style=\"width: 11.3712%;\">Il Giappone<\/td>\n<td style=\"width: 66.388%;\">Din<\/td>\n<\/tr>\n<tr>\n<td style=\"width: 41.806%;\">45<\/td>\n<td style=\"width: 12.3746%;\">C45E4<\/td>\n<td style=\"width: 11.8729%;\">45<\/td>\n<td style=\"width: 7.19064%;\">1045<\/td>\n<td style=\"width: 11.3712%;\">S45C<\/td>\n<td style=\"width: 66.388%;\">CK45<\/td>\n<\/tr>\n<tr>\n<td style=\"width: 41.806%;\">40Cr<\/td>\n<td style=\"width: 12.3746%;\">41Cr4<\/td>\n<td style=\"width: 11.8729%;\">40 volte<\/td>\n<td style=\"width: 7.19064%;\">5140<\/td>\n<td style=\"width: 11.3712%;\">SCr440<\/td>\n<td style=\"width: 66.388%;\">41Cr4<\/td>\n<\/tr>\n<tr>\n<td style=\"width: 41.806%;\">20CrMo<\/td>\n<td style=\"width: 12.3746%;\">18CrMo4<\/td>\n<td style=\"width: 11.8729%;\">20 anni<\/td>\n<td style=\"width: 7.19064%;\">4118<\/td>\n<td style=\"width: 11.3712%;\">SCM22<\/td>\n<td style=\"width: 66.388%;\">25CrMo4<\/td>\n<\/tr>\n<tr>\n<td style=\"width: 41.806%;\">42CrMo<\/td>\n<td style=\"width: 12.3746%;\">42CrMo4<\/td>\n<td style=\"width: 11.8729%;\">38XM<\/td>\n<td style=\"width: 7.19064%;\">4140<\/td>\n<td style=\"width: 11.3712%;\">SCM440<\/td>\n<td style=\"width: 66.388%;\">42CrMo4<\/td>\n<\/tr>\n<tr>\n<td style=\"width: 41.806%;\">20CrMnTi<\/td>\n<td style=\"width: 12.3746%;\"><\/td>\n<td style=\"width: 11.8729%;\">18X\u0413T<\/td>\n<td style=\"width: 7.19064%;\"><\/td>\n<td style=\"width: 11.3712%;\">Modello SMK22<\/td>\n<td style=\"width: 66.388%;\"><\/td>\n<\/tr>\n<tr>\n<td style=\"width: 41.806%;\">20Cr2Ni4<\/td>\n<td style=\"width: 12.3746%;\"><\/td>\n<td style=\"width: 11.8729%;\">20X2H4A<\/td>\n<td style=\"width: 7.19064%;\"><\/td>\n<td style=\"width: 11.3712%;\"><\/td>\n<td style=\"width: 66.388%;\"><\/td>\n<\/tr>\n<tr>\n<td style=\"width: 41.806%;\">20CrNiMo<\/td>\n<td style=\"width: 12.3746%;\">20CrNiMo2<\/td>\n<td style=\"width: 11.8729%;\">20XHM<\/td>\n<td style=\"width: 7.19064%;\">8720<\/td>\n<td style=\"width: 11.3712%;\">Modello SNCM220<\/td>\n<td style=\"width: 66.388%;\">21NiCrMo2<\/td>\n<\/tr>\n<tr>\n<td style=\"width: 41.806%;\">40CrNiMoA<\/td>\n<td style=\"width: 12.3746%;\"><\/td>\n<td style=\"width: 11.8729%;\">40XH2MA\/<br \/>\n40XHMA<\/td>\n<td style=\"width: 7.19064%;\">4340<\/td>\n<td style=\"width: 11.3712%;\">SNCM439<\/td>\n<td style=\"width: 66.388%;\">40NiCrMo6\/<br \/>\n36NiCrMo4<\/td>\n<\/tr>\n<tr>\n<td style=\"width: 41.806%;\">20CrNi2Mo<\/td>\n<td style=\"width: 12.3746%;\">20NiCrMo7<\/td>\n<td style=\"width: 11.8729%;\">20XH2MA<\/td>\n<td style=\"width: 7.19064%;\">4320<\/td>\n<td style=\"width: 11.3712%;\">Modello SNCM420<\/td>\n<td style=\"width: 66.388%;\"><\/td>\n<\/tr>\n<\/tbody>\n<\/table>\n<\/div>\n<p>Fresatura dei denti<\/p>\n<p>Parti su misura: realizziamo parti in base a disegni o campioni del cliente.<\/p>\n<p>Il software di ingegneria che utilizziamo: AutoCAD, Solidworks<\/p>\n<h3>FMP Company: la tua fonte affidabile per ingranaggi elicoidali doppi<\/h3>\n<div>In qualit\u00e0 di produttore leader di ingranaggi bielicoidali per macchinari agricoli, FMP Company offre un&#039;ampia gamma di soluzioni di ingranaggi standard e personalizzati per soddisfare le diverse esigenze del settore agricolo. I nostri prodotti sono realizzati con precisione e qualit\u00e0 per offrire prestazioni ottimali, anche nelle applicazioni agricole pi\u00f9 esigenti. Se non riesci a trovare il modello di ingranaggio specifico di cui hai bisogno nel nostro elenco prodotti, significa semplicemente che non abbiamo ancora avuto la possibilit\u00e0 di caricarlo: non preoccuparti! Inviaci semplicemente un&#039;e-mail con le tue esigenze e il nostro team di ingegneri esperti risponder\u00e0 entro 24 ore, fornendo supporto personalizzato per assicurarti di trovare la soluzione di ingranaggi perfetta per i tuoi macchinari agricoli.<\/div>\n<div>\n<table style=\"border-collapse: collapse; width: 100.021%; height: 9px;\" border=\"0\" width=\"243\" cellspacing=\"0\" cellpadding=\"0\">\n<tbody>\n<tr style=\"height: 14.40pt;\">\n<td style=\"height: 14.4pt; width: 38.3298%;\" align=\"right\" width=\"81\" height=\"24\"><img loading=\"lazy\" decoding=\"async\" class=\"size-full wp-image-7360 aligncenter\" src=\"https:\/\/fmp-components.com\/wp-content\/uploads\/2025\/03\/Double-Helical-Gears-For-Agricultural-Machinery1.webp\" alt=\"Ingranaggi elicoidali doppi per macchine agricole\" width=\"523\" height=\"400\" title=\"\" srcset=\"https:\/\/fmp-components.com\/wp-content\/uploads\/2025\/03\/Double-Helical-Gears-For-Agricultural-Machinery1.webp 523w, https:\/\/fmp-components.com\/wp-content\/uploads\/2025\/03\/Double-Helical-Gears-For-Agricultural-Machinery1-480x367.webp 480w\" sizes=\"(min-width: 0px) and (max-width: 480px) 480px, (min-width: 481px) 523px, 100vw\" \/><\/td>\n<td style=\"width: 29.6574%;\" align=\"right\" width=\"81\"><img loading=\"lazy\" decoding=\"async\" class=\"alignnone size-full wp-image-7361\" src=\"https:\/\/fmp-components.com\/wp-content\/uploads\/2025\/03\/Double-Helical-Gears-For-Agricultural-Machinery2.webp\" alt=\"Ingranaggi elicoidali doppi per macchine agricole\" width=\"382\" height=\"400\" title=\"\" srcset=\"https:\/\/fmp-components.com\/wp-content\/uploads\/2025\/03\/Double-Helical-Gears-For-Agricultural-Machinery2.webp 382w, https:\/\/fmp-components.com\/wp-content\/uploads\/2025\/03\/Double-Helical-Gears-For-Agricultural-Machinery2-287x300.webp 287w, https:\/\/fmp-components.com\/wp-content\/uploads\/2025\/03\/Double-Helical-Gears-For-Agricultural-Machinery2-11x12.webp 11w\" sizes=\"(max-width: 382px) 100vw, 382px\" \/><\/td>\n<td style=\"width: 31.9057%;\" align=\"right\" width=\"81\"><img loading=\"lazy\" decoding=\"async\" class=\"size-full wp-image-7362 aligncenter\" src=\"https:\/\/fmp-components.com\/wp-content\/uploads\/2025\/03\/Double-Helical-Gears-For-Agricultural-Machinery3.webp\" alt=\"\" width=\"840\" height=\"800\" title=\"\" srcset=\"https:\/\/fmp-components.com\/wp-content\/uploads\/2025\/03\/Double-Helical-Gears-For-Agricultural-Machinery3.webp 840w, https:\/\/fmp-components.com\/wp-content\/uploads\/2025\/03\/Double-Helical-Gears-For-Agricultural-Machinery3-480x457.webp 480w\" sizes=\"(min-width: 0px) and (max-width: 480px) 480px, (min-width: 481px) 840px, 100vw\" \/><\/td>\n<\/tr>\n<\/tbody>\n<\/table>\n<\/div>","protected":false},"excerpt":{"rendered":"<p>Ingranaggi bi-elicoidali per macchine agricole<br \/>\nDurezza superficiale: 40-45 HRC<br \/>\nGrado di precisione degli ingranaggi: grado 8-10<\/p>","protected":false},"featured_media":7363,"comment_status":"open","ping_status":"closed","template":"","meta":{"_et_pb_use_builder":"","_et_pb_old_content":"","_et_gb_content_width":""},"product_brand":[],"product_cat":[108],"product_tag":[],"class_list":{"0":"post-7356","1":"product","2":"type-product","3":"status-publish","4":"has-post-thumbnail","6":"product_cat-helical-gear","8":"first","9":"instock","10":"shipping-taxable","11":"product-type-simple"},"_links":{"self":[{"href":"https:\/\/fmp-components.com\/it\/wp-json\/wp\/v2\/product\/7356","targetHints":{"allow":["GET"]}}],"collection":[{"href":"https:\/\/fmp-components.com\/it\/wp-json\/wp\/v2\/product"}],"about":[{"href":"https:\/\/fmp-components.com\/it\/wp-json\/wp\/v2\/types\/product"}],"replies":[{"embeddable":true,"href":"https:\/\/fmp-components.com\/it\/wp-json\/wp\/v2\/comments?post=7356"}],"wp:featuredmedia":[{"embeddable":true,"href":"https:\/\/fmp-components.com\/it\/wp-json\/wp\/v2\/media\/7363"}],"wp:attachment":[{"href":"https:\/\/fmp-components.com\/it\/wp-json\/wp\/v2\/media?parent=7356"}],"wp:term":[{"taxonomy":"product_brand","embeddable":true,"href":"https:\/\/fmp-components.com\/it\/wp-json\/wp\/v2\/product_brand?post=7356"},{"taxonomy":"product_cat","embeddable":true,"href":"https:\/\/fmp-components.com\/it\/wp-json\/wp\/v2\/product_cat?post=7356"},{"taxonomy":"product_tag","embeddable":true,"href":"https:\/\/fmp-components.com\/it\/wp-json\/wp\/v2\/product_tag?post=7356"}],"curies":[{"name":"parola chiave","href":"https:\/\/api.w.org\/{rel}","templated":true}]}}