{"id":7346,"date":"2025-03-23T08:27:19","date_gmt":"2025-03-23T08:27:19","guid":{"rendered":"https:\/\/fmp-components.com\/?post_type=product&#038;p=7346"},"modified":"2025-03-26T08:45:56","modified_gmt":"2025-03-26T08:45:56","slug":"heavy-machinery-double-helical-gear","status":"publish","type":"product","link":"https:\/\/fmp-components.com\/it\/product\/heavy-machinery-double-helical-gear\/","title":{"rendered":"Ingranaggio elicoidale doppio per macchinari pesanti"},"content":{"rendered":"<div>\n<h2>Ingranaggio elicoidale doppio per macchinari pesanti: precisione e potenza per applicazioni industriali<\/h2>\n<p class=\"break-words\">Presso FMP Company siamo orgogliosi di produrre un&#039;ampia gamma di questi ingranaggi eccezionali, studiati appositamente per soddisfare le esigenze delle industrie pesanti in tutta Italia, compresi centri chiave come Milano, Venezia, Firenze e Bologna, e oltre.<\/p>\n<table style=\"border-collapse: collapse; width: 100.102%; height: 95px;\" border=\"0\" width=\"243\" cellspacing=\"0\" cellpadding=\"0\">\n<tbody>\n<tr style=\"height: 14.40pt;\">\n<td style=\"height: 14px; width: 33.262%;\" align=\"right\" width=\"81\" height=\"24\"><img loading=\"lazy\" decoding=\"async\" class=\"size-full wp-image-7353 aligncenter\" src=\"https:\/\/fmp-components.com\/wp-content\/uploads\/2025\/03\/Heavy-Machinery-Double-Helical-Gear-6.webp\" alt=\"Macchinari pesanti - Ingranaggio a doppia elica\" width=\"500\" height=\"500\" title=\"\" srcset=\"https:\/\/fmp-components.com\/wp-content\/uploads\/2025\/03\/Heavy-Machinery-Double-Helical-Gear-6.webp 500w, https:\/\/fmp-components.com\/wp-content\/uploads\/2025\/03\/Heavy-Machinery-Double-Helical-Gear-6-480x480.webp 480w\" sizes=\"(min-width: 0px) and (max-width: 480px) 480px, (min-width: 481px) 500px, 100vw\" \/><\/td>\n<td style=\"width: 33.6898%; height: 14px;\" align=\"right\" width=\"81\"><img loading=\"lazy\" decoding=\"async\" class=\"size-full wp-image-7354 aligncenter\" src=\"https:\/\/fmp-components.com\/wp-content\/uploads\/2025\/03\/Heavy-Machinery-Double-Helical-Gear-5.webp\" alt=\"Macchinari pesanti - Ingranaggio a doppia elica\" width=\"500\" height=\"500\" title=\"\" srcset=\"https:\/\/fmp-components.com\/wp-content\/uploads\/2025\/03\/Heavy-Machinery-Double-Helical-Gear-5.webp 500w, https:\/\/fmp-components.com\/wp-content\/uploads\/2025\/03\/Heavy-Machinery-Double-Helical-Gear-5-480x480.webp 480w\" sizes=\"(min-width: 0px) and (max-width: 480px) 480px, (min-width: 481px) 500px, 100vw\" \/><\/td>\n<td style=\"width: 32.8342%; height: 14px;\" align=\"right\" width=\"81\"><img loading=\"lazy\" decoding=\"async\" class=\"size-full wp-image-7355 aligncenter\" src=\"https:\/\/fmp-components.com\/wp-content\/uploads\/2025\/03\/Heavy-Machinery-Double-Helical-Gear-2.webp\" alt=\"Macchinari pesanti - Ingranaggio a doppia elica\" width=\"500\" height=\"500\" title=\"\" srcset=\"https:\/\/fmp-components.com\/wp-content\/uploads\/2025\/03\/Heavy-Machinery-Double-Helical-Gear-2.webp 500w, https:\/\/fmp-components.com\/wp-content\/uploads\/2025\/03\/Heavy-Machinery-Double-Helical-Gear-2-480x480.webp 480w\" sizes=\"(min-width: 0px) and (max-width: 480px) 480px, (min-width: 481px) 500px, 100vw\" \/><\/td>\n<\/tr>\n<\/tbody>\n<\/table>\n<h3>Cosa sono gli ingranaggi elicoidali doppi?<\/h3>\n<p class=\"break-words\">Gli ingranaggi bi-elicoidali, spesso chiamati ingranaggi a spina di pesce, sono progettati con un design distintivo a forma di V formato da due sezioni elicoidali opposte. Questa struttura innovativa elimina la spinta assiale, garantendo un funzionamento fluido ed efficiente senza la necessit\u00e0 di cuscinetti reggispinta, un vantaggio fondamentale rispetto ai tradizionali <a href=\"https:\/\/fmp-components.com\/it\/helical-gears\/\">ingranaggi elicoidali<\/a>Per le industrie che richiedono coppia elevata e durata, come quelle del vivace settore manifatturiero di Milano o dei centri di ingegneria navale di Venezia, gli ingranaggi a doppia elica sono un componente indispensabile nei macchinari pesanti.<\/p>\n<h3>Principali vantaggi degli ingranaggi elicoidali doppi<\/h3>\n<p class=\"break-words\">Le prestazioni superiori degli ingranaggi bielicoidali derivano dal loro design ponderato. Ecco perch\u00e9 eccellono nelle applicazioni industriali:<\/p>\n<ol class=\"marker:text-secondary\">\n<li class=\"break-words\"><strong>Eliminazione del carico assiale<\/strong><br \/>\nLa forma simmetrica a V annulla la spinta assiale, eliminando la necessit\u00e0 di cuscinetti reggispinta aggiuntivi. Ci\u00f2 semplifica la progettazione dei riduttori, riduce i costi di manutenzione e aumenta l&#039;affidabilit\u00e0, perfetto per le industrie di precisione di Florence.<\/li>\n<li class=\"break-words\"><strong>Elevata capacit\u00e0 di carico<\/strong><br \/>\nGrazie all&#039;ingranamento pi\u00f9 ampio dei denti, questi ingranaggi distribuiscono i carichi in modo pi\u00f9 efficace, rendendoli ideali per le elevate esigenze delle attrezzature minerarie di Bologna o dei macchinari per la lavorazione dei metalli in tutta Italia.<\/li>\n<li class=\"break-words\"><strong>Maggiore efficienza<\/strong><br \/>\nIl contatto continuo dei denti riduce al minimo le vibrazioni e il rumore, garantendo un funzionamento pi\u00f9 fluido e aumentando le prestazioni del cambio. Questa efficienza \u00e8 fondamentale per le applicazioni in cui la precisione non \u00e8 negoziabile, come i sistemi di propulsione marina a Venezia.<\/li>\n<li class=\"break-words\"><strong>Durata<\/strong><br \/>\nIl design bilanciato riduce l&#039;usura, garantendo una lunga durata anche in ambienti difficili. Questa durevolezza rende gli ingranaggi a doppia elica una scelta conveniente per l&#039;uso industriale a lungo termine, dalle centrali elettriche di Milano ai remoti giacimenti petroliferi.<\/li>\n<\/ol>\n<\/div>\n<h2>Parti di trasmissione personalizzate \u2013 Ingranaggi elicoidali doppi per impieghi gravosi<\/h2>\n<table class=\"table\" style=\"width: 101.217%; height: 208px;\" border=\"1\">\n<tbody>\n<tr>\n<td>Applicazione:<\/td>\n<td>Motore, Auto elettriche, Moto, Macchinari, Marina, Giocattolo, Macchinari agricoli, Auto<\/td>\n<\/tr>\n<tr>\n<td>Durezza:<\/td>\n<td>Superficie morbida del dente<\/td>\n<\/tr>\n<tr>\n<td>Posizione dell&#039;ingranaggio:<\/td>\n<td>Ingranaggio esterno<\/td>\n<\/tr>\n<tr>\n<td>Metodo di fabbricazione:<\/td>\n<td>Tagliare l&#039;ingranaggio<\/td>\n<\/tr>\n<tr>\n<td>Forma della porzione dentata:<\/td>\n<td>Ingranaggio elicoidale doppio<\/td>\n<\/tr>\n<tr>\n<td>Materiale:<\/td>\n<td>Acciaio fuso<\/td>\n<\/tr>\n<\/tbody>\n<\/table>\n<div class=\"table-responsive\">\n<table class=\"table\" style=\"width: 101.339%;\" border=\"1\">\n<tbody>\n<tr>\n<td style=\"width: 44.1558%;\">Materiale<\/td>\n<td style=\"width: 264.756%;\">Fatto su misura<\/td>\n<\/tr>\n<tr>\n<td style=\"width: 44.1558%;\">Dentatura degli ingranaggi<\/td>\n<td style=\"width: 264.756%;\"><b>\u221a<\/b><\/td>\n<\/tr>\n<tr>\n<td style=\"width: 44.1558%;\">Rettifica degli ingranaggi<\/td>\n<td style=\"width: 264.756%;\">Nullo<\/td>\n<\/tr>\n<tr>\n<td style=\"width: 44.1558%;\">Angolo di pressione<\/td>\n<td style=\"width: 264.756%;\">20\u00b0<\/td>\n<\/tr>\n<tr>\n<td style=\"width: 44.1558%;\">Angolo elicoidale<\/td>\n<td style=\"width: 264.756%;\">Fatto su misura<\/td>\n<\/tr>\n<tr>\n<td style=\"width: 44.1558%;\">Trattamento termico<\/td>\n<td style=\"width: 264.756%;\">Tempra e rinvenimento<\/td>\n<\/tr>\n<tr>\n<td style=\"width: 44.1558%;\">Durezza superficiale<\/td>\n<td style=\"width: 264.756%;\">Opzioni<\/td>\n<\/tr>\n<tr>\n<td style=\"width: 44.1558%;\">Grado di precisione degli ingranaggi<\/td>\n<td style=\"width: 264.756%;\">Grado 8-9 (ISO 1328)<\/td>\n<\/tr>\n<\/tbody>\n<\/table>\n<\/div>\n<p>Ingranaggio a doppia elica per macchinari pesanti<\/p>\n<div class=\"table-responsive\">\n<table class=\"table\" style=\"width: 99.7297%;\" border=\"1\">\n<tbody>\n<tr>\n<td style=\"width: 41.806%;\">CONFRONTO DEI GRADI DEL CODICE DELL&#039;ACCIAIO<\/td>\n<td style=\"width: 12.3746%;\"><\/td>\n<td style=\"width: 11.8729%;\"><\/td>\n<td style=\"width: 7.19064%;\"><\/td>\n<td style=\"width: 11.3712%;\"><\/td>\n<td style=\"width: 69.7324%;\"><\/td>\n<\/tr>\n<tr>\n<td style=\"width: 41.806%;\">CINA\/GB<\/td>\n<td style=\"width: 12.3746%;\">ISO<\/td>\n<td style=\"width: 11.8729%;\">INGLESE<\/td>\n<td style=\"width: 7.19064%;\">ASTM<\/td>\n<td style=\"width: 11.3712%;\">Il Giappone<\/td>\n<td style=\"width: 69.7324%;\">Din<\/td>\n<\/tr>\n<tr>\n<td style=\"width: 41.806%;\">45<\/td>\n<td style=\"width: 12.3746%;\">C45E4<\/td>\n<td style=\"width: 11.8729%;\">45<\/td>\n<td style=\"width: 7.19064%;\">1045<\/td>\n<td style=\"width: 11.3712%;\">S45C<\/td>\n<td style=\"width: 69.7324%;\">CK45<\/td>\n<\/tr>\n<tr>\n<td style=\"width: 41.806%;\">40Cr<\/td>\n<td style=\"width: 12.3746%;\">41Cr4<\/td>\n<td style=\"width: 11.8729%;\">40 volte<\/td>\n<td style=\"width: 7.19064%;\">5140<\/td>\n<td style=\"width: 11.3712%;\">SCr440<\/td>\n<td style=\"width: 69.7324%;\">41Cr4<\/td>\n<\/tr>\n<tr>\n<td style=\"width: 41.806%;\">20CrMo<\/td>\n<td style=\"width: 12.3746%;\">18CrMo4<\/td>\n<td style=\"width: 11.8729%;\">20 anni<\/td>\n<td style=\"width: 7.19064%;\">4118<\/td>\n<td style=\"width: 11.3712%;\">SCM22<\/td>\n<td style=\"width: 69.7324%;\">25CrMo4<\/td>\n<\/tr>\n<tr>\n<td style=\"width: 41.806%;\">42CrMo<\/td>\n<td style=\"width: 12.3746%;\">42CrMo4<\/td>\n<td style=\"width: 11.8729%;\">38XM<\/td>\n<td style=\"width: 7.19064%;\">4140<\/td>\n<td style=\"width: 11.3712%;\">SCM440<\/td>\n<td style=\"width: 69.7324%;\">42CrMo4<\/td>\n<\/tr>\n<tr>\n<td style=\"width: 41.806%;\">20CrMnTi<\/td>\n<td style=\"width: 12.3746%;\"><\/td>\n<td style=\"width: 11.8729%;\">18X\u0413T<\/td>\n<td style=\"width: 7.19064%;\"><\/td>\n<td style=\"width: 11.3712%;\">Modello SMK22<\/td>\n<td style=\"width: 69.7324%;\"><\/td>\n<\/tr>\n<tr>\n<td style=\"width: 41.806%;\">20Cr2Ni4<\/td>\n<td style=\"width: 12.3746%;\"><\/td>\n<td style=\"width: 11.8729%;\">20X2H4A<\/td>\n<td style=\"width: 7.19064%;\"><\/td>\n<td style=\"width: 11.3712%;\"><\/td>\n<td style=\"width: 69.7324%;\"><\/td>\n<\/tr>\n<tr>\n<td style=\"width: 41.806%;\">20CrNiMo<\/td>\n<td style=\"width: 12.3746%;\">20CrNiMo2<\/td>\n<td style=\"width: 11.8729%;\">20XHM<\/td>\n<td style=\"width: 7.19064%;\">8720<\/td>\n<td style=\"width: 11.3712%;\">Modello SNCM220<\/td>\n<td style=\"width: 69.7324%;\">21NiCrMo2<\/td>\n<\/tr>\n<tr>\n<td style=\"width: 41.806%;\">40CrNiMoA<\/td>\n<td style=\"width: 12.3746%;\"><\/td>\n<td style=\"width: 11.8729%;\">40XH2MA\/<br \/>\n40XHMA<\/td>\n<td style=\"width: 7.19064%;\">4340<\/td>\n<td style=\"width: 11.3712%;\">SNCM439<\/td>\n<td style=\"width: 69.7324%;\">40NiCrMo6\/<br \/>\n36NiCrMo4<\/td>\n<\/tr>\n<tr>\n<td style=\"width: 41.806%;\">20CrNi2Mo<\/td>\n<td style=\"width: 12.3746%;\">20NiCrMo7<\/td>\n<td style=\"width: 11.8729%;\">20XH2MA<\/td>\n<td style=\"width: 7.19064%;\">4320<\/td>\n<td style=\"width: 11.3712%;\">Modello SNCM420<\/td>\n<td style=\"width: 69.7324%;\"><\/td>\n<\/tr>\n<\/tbody>\n<\/table>\n<p>&nbsp;<\/p>\n<div>\n<h2>Applicazioni nei riduttori industriali<\/h2>\n<p class=\"break-words\">Gli ingranaggi elicoidali doppi di precisione sono una soluzione ideale per una variet\u00e0 di applicazioni pesanti:<\/p>\n<ul class=\"marker:text-secondary\">\n<li class=\"break-words\"><strong>Macchinari pesanti<\/strong><br \/>\nEssenziale per attrezzature minerarie e macchine per la lavorazione dei metalli, dove coppia elevata e affidabilit\u00e0 sono essenziali.<\/li>\n<li class=\"break-words\"><strong>Sistemi di propulsione marina<\/strong><br \/>\nGarantisce una trasmissione di potenza fluida e silenziosa nelle navi: una vera manna per l&#039;industria marittima veneziana.<\/li>\n<li class=\"break-words\"><strong>Industria petrolifera e del gas<\/strong><br \/>\nFornisce una trasmissione di coppia robusta per sistemi di perforazione e pompaggio, supportando la produttivit\u00e0 in condizioni difficili.<\/li>\n<li class=\"break-words\"><strong>Centrali elettriche<\/strong><br \/>\nUtilizzato in turbine e generatori per mantenere prestazioni stabili, riducendo i tempi di fermo nel settore energetico di Milano.<\/li>\n<\/ul>\n<div>\n<h2>FMP Company: il tuo partner di fiducia in Italia<\/h2>\n<p class=\"break-words\">A <strong>Societ\u00e0 FMP<\/strong>, siamo specializzati nella produzione di una vasta gamma di ingranaggi elicoidali doppi per macchinari pesanti, realizzati con precisione utilizzando materiali avanzati e tecnologia all&#039;avanguardia. Che tu sia a Milano, Venezia, Firenze o Bologna, i nostri ingranaggi sono progettati per soddisfare i pi\u00f9 elevati standard di qualit\u00e0 e prestazioni, eccellendo negli ambienti industriali pi\u00f9 esigenti.<\/p>\n<h3>Soluzioni personalizzate su misura per le tue esigenze<\/h3>\n<p class=\"break-words\">Riconosciamo che ogni progetto ha requisiti unici. Ecco perch\u00e9 FMP offre servizi di produzione su misura per ingranaggi elicoidali doppi. Se non vedi il modello esatto di cui hai bisogno nel nostro elenco prodotti, non preoccuparti: significa semplicemente che non abbiamo ancora avuto la possibilit\u00e0 di elencarlo! Ti invitiamo a inviarci un&#039;e-mail con i tuoi requisiti specifici. Il nostro team dedicato di ingegneri risponder\u00e0 entro 24 ore, pronto a collaborare a una soluzione personalizzata che soddisfi le tue esigenze, che tu ti trovi nel cuore della storica zona industriale di Firenze o nei moderni stabilimenti di produzione di Bologna.<\/p>\n<h3>Competenza locale in tutta Italia<\/h3>\n<p class=\"break-words\">FMP Company \u00e8 orgogliosa di servire clienti in tutta Italia, sfruttando la nostra profonda conoscenza dei mercati locali per fornire soluzioni su misura. Da Milano, una potenza di innovazione industriale, a Venezia, con il suo ricco patrimonio marittimo, e da Firenze, immersa nell&#039;artigianato di precisione, a Bologna, un centro di eccellenza ingegneristica, FMP \u00e8 il tuo partner locale per ingranaggi bielicoidali di alta qualit\u00e0. Le nostre capacit\u00e0 di produzione globali, abbinate al supporto localizzato, ti garantiscono di ricevere servizi e prodotti di alto livello ovunque tu sia.<\/p>\n<h2>Perch\u00e9 scegliere la societ\u00e0 FMP?<\/h2>\n<ul class=\"marker:text-secondary\">\n<li class=\"break-words\"><strong>Produzione di precisione<\/strong>: I nostri ingranaggi sono costruiti per garantire prestazioni elevate, soddisfacendo le rigorose esigenze delle industrie italiane.<\/li>\n<li class=\"break-words\"><strong>Flessibilit\u00e0 personalizzata<\/strong>: Ci adattiamo alle vostre specifiche, non importa quanto siano uniche.<\/li>\n<li class=\"break-words\"><strong>Risposta rapida<\/strong>Contattaci oggi stesso e riceverai una risposta dai nostri tecnici entro 24 ore.<\/li>\n<li class=\"break-words\"><strong>Presenza locale<\/strong>: Supportiamo Milano, Venezia, Firenze, Bologna e oltre con una competenza senza pari.<\/li>\n<\/ul>\n<p class=\"break-words\">Per maggiori informazioni sui nostri ingranaggi elicoidali doppi per macchinari pesanti o per discutere delle tue esigenze personalizzate, contatta FMP Company. Che tu stia ottimizzando un riduttore a Milano, alimentando una nave a Venezia o azionando una turbina a Firenze, il nostro team \u00e8 qui per fornirti le migliori soluzioni di ingranaggi per le tue applicazioni industriali. Inviaci subito un&#039;e-mail e portiamo precisione e potenza al tuo prossimo progetto!<\/p>\n<\/div>\n<\/div>\n<table style=\"border-collapse: collapse; width: 100.237%; height: 33px;\" border=\"0\" width=\"243\" cellspacing=\"0\" cellpadding=\"0\">\n<tbody>\n<tr style=\"height: 14.40pt;\">\n<td style=\"height: 14.40pt; width: 48.60pt;\" align=\"right\" width=\"81\" height=\"24\"><img loading=\"lazy\" decoding=\"async\" class=\"size-full wp-image-7348 aligncenter\" src=\"https:\/\/fmp-components.com\/wp-content\/uploads\/2025\/03\/Heavy-Machinery-Double-Helical-Gear-product-3.webp\" alt=\"Macchinari pesanti - Ingranaggio a doppia elica - Prodotto 3\" width=\"317\" height=\"243\" title=\"\" srcset=\"https:\/\/fmp-components.com\/wp-content\/uploads\/2025\/03\/Heavy-Machinery-Double-Helical-Gear-product-3.webp 317w, https:\/\/fmp-components.com\/wp-content\/uploads\/2025\/03\/Heavy-Machinery-Double-Helical-Gear-product-3-300x230.webp 300w, https:\/\/fmp-components.com\/wp-content\/uploads\/2025\/03\/Heavy-Machinery-Double-Helical-Gear-product-3-16x12.webp 16w\" sizes=\"(max-width: 317px) 100vw, 317px\" \/><\/td>\n<td style=\"width: 48.60pt;\" align=\"right\" width=\"81\"><img loading=\"lazy\" decoding=\"async\" class=\"size-full wp-image-7349 aligncenter\" src=\"https:\/\/fmp-components.com\/wp-content\/uploads\/2025\/03\/Heavy-Machinery-Double-Helical-Gear-product-2.webp\" alt=\"Macchinari pesanti - Ingranaggio a doppia elica\" width=\"318\" height=\"247\" title=\"\" srcset=\"https:\/\/fmp-components.com\/wp-content\/uploads\/2025\/03\/Heavy-Machinery-Double-Helical-Gear-product-2.webp 318w, https:\/\/fmp-components.com\/wp-content\/uploads\/2025\/03\/Heavy-Machinery-Double-Helical-Gear-product-2-300x233.webp 300w, https:\/\/fmp-components.com\/wp-content\/uploads\/2025\/03\/Heavy-Machinery-Double-Helical-Gear-product-2-15x12.webp 15w\" sizes=\"(max-width: 318px) 100vw, 318px\" \/><\/td>\n<td style=\"width: 48.60pt;\" align=\"right\" width=\"81\"><img loading=\"lazy\" decoding=\"async\" class=\"size-full wp-image-7350 aligncenter\" src=\"https:\/\/fmp-components.com\/wp-content\/uploads\/2025\/03\/Heavy-Machinery-Double-Helical-Gear-product-1.webp\" alt=\"Macchinari pesanti - Ingranaggio a doppia elica\" width=\"400\" height=\"293\" title=\"\" srcset=\"https:\/\/fmp-components.com\/wp-content\/uploads\/2025\/03\/Heavy-Machinery-Double-Helical-Gear-product-1.webp 400w, https:\/\/fmp-components.com\/wp-content\/uploads\/2025\/03\/Heavy-Machinery-Double-Helical-Gear-product-1-300x220.webp 300w, https:\/\/fmp-components.com\/wp-content\/uploads\/2025\/03\/Heavy-Machinery-Double-Helical-Gear-product-1-16x12.webp 16w\" sizes=\"(max-width: 400px) 100vw, 400px\" \/><\/td>\n<\/tr>\n<\/tbody>\n<\/table>\n<table style=\"border-collapse: collapse; width: 100.046%; height: 10px;\" border=\"0\" width=\"162\" cellspacing=\"0\" cellpadding=\"0\">\n<tbody>\n<tr style=\"height: 14.40pt;\">\n<td style=\"height: 10px; width: 45.8244%;\" align=\"right\" width=\"81\" height=\"24\"><img loading=\"lazy\" decoding=\"async\" class=\"wp-image-7351 aligncenter\" src=\"https:\/\/fmp-components.com\/wp-content\/uploads\/2025\/03\/Heavy-Machinery-Double-Helical-Gear-product-5.webp\" alt=\"Macchinari pesanti - Ingranaggio a doppia elica\" width=\"472\" height=\"765\" title=\"\" srcset=\"https:\/\/fmp-components.com\/wp-content\/uploads\/2025\/03\/Heavy-Machinery-Double-Helical-Gear-product-5.webp 400w, https:\/\/fmp-components.com\/wp-content\/uploads\/2025\/03\/Heavy-Machinery-Double-Helical-Gear-product-5-185x300.webp 185w, https:\/\/fmp-components.com\/wp-content\/uploads\/2025\/03\/Heavy-Machinery-Double-Helical-Gear-product-5-7x12.webp 7w\" sizes=\"(max-width: 472px) 100vw, 472px\" \/><\/td>\n<td style=\"width: 54.1756%; height: 10px;\" align=\"right\" width=\"81\"><img loading=\"lazy\" decoding=\"async\" class=\"wp-image-7352 aligncenter\" src=\"https:\/\/fmp-components.com\/wp-content\/uploads\/2025\/03\/Heavy-Machinery-Double-Helical-Gear-product-4.webp\" alt=\"Macchinari pesanti - Ingranaggio a doppia elica\" width=\"518\" height=\"715\" title=\"\" srcset=\"https:\/\/fmp-components.com\/wp-content\/uploads\/2025\/03\/Heavy-Machinery-Double-Helical-Gear-product-4.webp 400w, https:\/\/fmp-components.com\/wp-content\/uploads\/2025\/03\/Heavy-Machinery-Double-Helical-Gear-product-4-217x300.webp 217w, https:\/\/fmp-components.com\/wp-content\/uploads\/2025\/03\/Heavy-Machinery-Double-Helical-Gear-product-4-9x12.webp 9w\" sizes=\"(max-width: 518px) 100vw, 518px\" \/><\/td>\n<\/tr>\n<\/tbody>\n<\/table>\n<\/div>","protected":false},"excerpt":{"rendered":"<p>Heavy Machinery Double Helical Gear: Precision and Power for Industrial Applications At FMP Company, we pride ourselves on manufacturing a wide range of these exceptional gears, tailored to meet the demands of heavy-duty industries across Italy\u2014including key hubs like Milan, Venice, Florence, and Bologna\u2014and beyond. What Are Double Helical Gears? Double helical gears, often referred [&hellip;]<\/p>","protected":false},"featured_media":4588,"comment_status":"open","ping_status":"closed","template":"","meta":{"_et_pb_use_builder":"","_et_pb_old_content":"","_et_gb_content_width":""},"product_brand":[],"product_cat":[108],"product_tag":[],"class_list":{"0":"post-7346","1":"product","2":"type-product","3":"status-publish","4":"has-post-thumbnail","6":"product_cat-helical-gear","8":"first","9":"instock","10":"shipping-taxable","11":"product-type-simple"},"_links":{"self":[{"href":"https:\/\/fmp-components.com\/it\/wp-json\/wp\/v2\/product\/7346","targetHints":{"allow":["GET"]}}],"collection":[{"href":"https:\/\/fmp-components.com\/it\/wp-json\/wp\/v2\/product"}],"about":[{"href":"https:\/\/fmp-components.com\/it\/wp-json\/wp\/v2\/types\/product"}],"replies":[{"embeddable":true,"href":"https:\/\/fmp-components.com\/it\/wp-json\/wp\/v2\/comments?post=7346"}],"wp:featuredmedia":[{"embeddable":true,"href":"https:\/\/fmp-components.com\/it\/wp-json\/wp\/v2\/media\/4588"}],"wp:attachment":[{"href":"https:\/\/fmp-components.com\/it\/wp-json\/wp\/v2\/media?parent=7346"}],"wp:term":[{"taxonomy":"product_brand","embeddable":true,"href":"https:\/\/fmp-components.com\/it\/wp-json\/wp\/v2\/product_brand?post=7346"},{"taxonomy":"product_cat","embeddable":true,"href":"https:\/\/fmp-components.com\/it\/wp-json\/wp\/v2\/product_cat?post=7346"},{"taxonomy":"product_tag","embeddable":true,"href":"https:\/\/fmp-components.com\/it\/wp-json\/wp\/v2\/product_tag?post=7346"}],"curies":[{"name":"parola chiave","href":"https:\/\/api.w.org\/{rel}","templated":true}]}}