{"id":7344,"date":"2025-03-23T08:16:42","date_gmt":"2025-03-23T08:16:42","guid":{"rendered":"https:\/\/fmp-components.com\/?post_type=product&#038;p=7344"},"modified":"2025-03-26T08:46:39","modified_gmt":"2025-03-26T08:46:39","slug":"industrial-double-helical-gears","status":"publish","type":"product","link":"https:\/\/fmp-components.com\/it\/product\/industrial-double-helical-gears\/","title":{"rendered":"Ingranaggi industriali a doppia elica"},"content":{"rendered":"<div>\n<h2>Ingranaggi elicoidali doppi industriali di alta qualit\u00e0 di FMP<\/h2>\n<p class=\"break-words\">Gli ingranaggi elicoidali doppi industriali sono componenti essenziali nei macchinari pesanti, apprezzati per la loro capacit\u00e0 di trasmettere una coppia elevata con eccezionale scorrevolezza e rumore minimo. A differenza degli ingranaggi cilindrici pi\u00f9 semplici, il loro design dei denti a V li rende pi\u00f9 complessi e costosi da produrre, ma il vantaggio \u00e8 una prestazione ineguagliabile in applicazioni impegnative. Dall&#039;alimentazione di gru e pompe per fluidi alla guida di sistemi di propulsione in navi militari, questi ingranaggi eccellono dove il funzionamento silenzioso e la riduzione delle vibrazioni sono fondamentali. In FMP Company, siamo orgogliosi di essere uno dei principali produttori di ingranaggi doppi <a href=\"https:\/\/fmp-components.com\/it\/helical-gears\/\">ingranaggio elicoidale<\/a> produttori in Cina, che offrono una vasta gamma di ingranaggi di alta qualit\u00e0. Le nostre avanzate capacit\u00e0 di produzione ci consentono di produrre ingranaggi con un diametro esterno massimo di 1370 mm (54 pollici) e una larghezza della faccia completa di 250 mm (10 pollici) con un angolo di elica di 30 gradi, garantendo precisione e durata per le tue sfide pi\u00f9 difficili.<\/p>\n<h3>Soluzioni personalizzate e supporto di esperti<\/h3>\n<p class=\"break-words\">Con oltre un decennio di esperienza, FMP Company si distingue come fornitore affidabile di ingranaggi elicoidali doppi industriali in Cina, offrendo soluzioni standard e personalizzate a prezzi competitivi. La nostra fabbrica \u00e8 dotata di un&#039;ampia selezione di frese a passo e accoglie ordini personalizzati per soddisfare le tue specifiche uniche, che si tratti di applicazioni industriali, militari o specializzate. Non riesci a trovare il modello esatto di cui hai bisogno nel nostro elenco prodotti? Ci\u00f2 significa che non abbiamo ancora avuto la possibilit\u00e0 di caricarlo! Inviaci semplicemente un&#039;e-mail con le tue esigenze e i nostri ingegneri dedicati risponderanno entro 24 ore con un supporto personalizzato. In FMP, ci impegniamo per l&#039;eccellenza, rendendoci il tuo partner di riferimento per ingranaggi elicoidali doppi di alta qualit\u00e0 e un servizio clienti eccezionale. Contattaci oggi per richieste all&#039;ingrosso o soluzioni di ingranaggi personalizzate!<\/p>\n<\/div>\n<h2>Specifiche del prodotto<\/h2>\n<div class=\"table-responsive\">\n<table class=\"table\" style=\"width: 97.2464%; height: 208px;\" border=\"1\">\n<tbody>\n<tr style=\"height: 26px;\">\n<td style=\"height: 26px;\">Tipo di ingranaggio<\/td>\n<td style=\"height: 26px;\">Lisca di pesce<\/td>\n<\/tr>\n<tr style=\"height: 26px;\">\n<td style=\"height: 26px;\">Utilizzo\/Applicazione<\/td>\n<td style=\"height: 26px;\">Industriale<\/td>\n<\/tr>\n<tr style=\"height: 26px;\">\n<td style=\"height: 26px;\">Forma del dente<\/td>\n<td style=\"height: 26px;\">Lisca di pesce<\/td>\n<\/tr>\n<tr style=\"height: 26px;\">\n<td style=\"height: 26px;\">Materiale<\/td>\n<td style=\"height: 26px;\">Personalizzato<\/td>\n<\/tr>\n<tr style=\"height: 26px;\">\n<td style=\"height: 26px;\">Forma<\/td>\n<td style=\"height: 26px;\">Girare<\/td>\n<\/tr>\n<tr style=\"height: 26px;\">\n<td style=\"height: 26px;\">Capacit\u00e0<\/td>\n<td style=\"height: 26px;\">Personalizzato<\/td>\n<\/tr>\n<tr style=\"height: 26px;\">\n<td style=\"height: 26px;\">Diametro<\/td>\n<td style=\"height: 26px;\">Personalizzato<\/td>\n<\/tr>\n<tr style=\"height: 26px;\">\n<td style=\"height: 26px;\">Misurare<\/td>\n<td style=\"height: 26px;\">Personalizzato<\/td>\n<\/tr>\n<\/tbody>\n<\/table>\n<\/div>","protected":false},"excerpt":{"rendered":"<p>Premium Industrial Double Helical Gears from FMP Industrial Double Helical Gears are vital components in heavy-duty machinery, prized for their ability to transmit high torque with exceptional smoothness and minimal noise. Unlike simpler spur gears, their V-shaped tooth design makes them more complex and costly to produce, but the payoff is unmatched performance in demanding [&hellip;]<\/p>","protected":false},"featured_media":4592,"comment_status":"open","ping_status":"closed","template":"","meta":{"_et_pb_use_builder":"","_et_pb_old_content":"","_et_gb_content_width":""},"product_brand":[],"product_cat":[108],"product_tag":[],"class_list":{"0":"post-7344","1":"product","2":"type-product","3":"status-publish","4":"has-post-thumbnail","6":"product_cat-helical-gear","8":"first","9":"instock","10":"shipping-taxable","11":"product-type-simple"},"_links":{"self":[{"href":"https:\/\/fmp-components.com\/it\/wp-json\/wp\/v2\/product\/7344","targetHints":{"allow":["GET"]}}],"collection":[{"href":"https:\/\/fmp-components.com\/it\/wp-json\/wp\/v2\/product"}],"about":[{"href":"https:\/\/fmp-components.com\/it\/wp-json\/wp\/v2\/types\/product"}],"replies":[{"embeddable":true,"href":"https:\/\/fmp-components.com\/it\/wp-json\/wp\/v2\/comments?post=7344"}],"wp:featuredmedia":[{"embeddable":true,"href":"https:\/\/fmp-components.com\/it\/wp-json\/wp\/v2\/media\/4592"}],"wp:attachment":[{"href":"https:\/\/fmp-components.com\/it\/wp-json\/wp\/v2\/media?parent=7344"}],"wp:term":[{"taxonomy":"product_brand","embeddable":true,"href":"https:\/\/fmp-components.com\/it\/wp-json\/wp\/v2\/product_brand?post=7344"},{"taxonomy":"product_cat","embeddable":true,"href":"https:\/\/fmp-components.com\/it\/wp-json\/wp\/v2\/product_cat?post=7344"},{"taxonomy":"product_tag","embeddable":true,"href":"https:\/\/fmp-components.com\/it\/wp-json\/wp\/v2\/product_tag?post=7344"}],"curies":[{"name":"parola chiave","href":"https:\/\/api.w.org\/{rel}","templated":true}]}}