{"id":7315,"date":"2025-03-23T06:22:18","date_gmt":"2025-03-23T06:22:18","guid":{"rendered":"https:\/\/fmp-components.com\/?post_type=product&#038;p=7315"},"modified":"2025-03-26T08:48:09","modified_gmt":"2025-03-26T08:48:09","slug":"double-helical-gear","status":"publish","type":"product","link":"https:\/\/fmp-components.com\/it\/product\/double-helical-gear\/","title":{"rendered":"Ingranaggio elicoidale doppio"},"content":{"rendered":"<p><img loading=\"lazy\" decoding=\"async\" class=\"alignnone size-full wp-image-7319\" src=\"https:\/\/fmp-components.com\/wp-content\/uploads\/2025\/03\/double-helical-gear-2.webp\" alt=\"ingranaggio elicoidale doppio\" width=\"1500\" height=\"1004\" title=\"\" srcset=\"https:\/\/fmp-components.com\/wp-content\/uploads\/2025\/03\/double-helical-gear-2.webp 1500w, https:\/\/fmp-components.com\/wp-content\/uploads\/2025\/03\/double-helical-gear-2-1280x857.webp 1280w, https:\/\/fmp-components.com\/wp-content\/uploads\/2025\/03\/double-helical-gear-2-980x656.webp 980w, https:\/\/fmp-components.com\/wp-content\/uploads\/2025\/03\/double-helical-gear-2-480x321.webp 480w\" sizes=\"(min-width: 0px) and (max-width: 480px) 480px, (min-width: 481px) and (max-width: 980px) 980px, (min-width: 981px) and (max-width: 1280px) 1280px, (min-width: 1281px) 1500px, 100vw\" \/>\u00a0Gli ingranaggi bi-elicoidali, spesso chiamati ingranaggi a spina di pesce, rappresentano l&#039;apice dell&#039;ingegnosit\u00e0 ingegneristica nella tecnologia degli ingranaggi. Questi ingranaggi combinano i punti di forza di <a href=\"https:\/\/fmp-components.com\/it\/helical-gears\/\">ingranaggi elicoidali<\/a>\u2014come il funzionamento fluido e l&#039;elevata capacit\u00e0 di carico\u2014con un design unico che elimina la spinta assiale, rendendoli indispensabili nelle applicazioni industriali pi\u00f9 esigenti. In FMP Company, siamo specializzati nella produzione di un&#039;ampia gamma di ingranaggi bielicoidali su misura per soddisfare diverse esigenze in tutta Italia, dai centri industriali di Milano e Bologna ai centri di ingegneria di Firenze e Venezia.<\/p>\n<div>\n<h2>Cosa sono gli ingranaggi elicoidali doppi?<\/h2>\n<p class=\"break-words\">Gli ingranaggi bielicoidali sono costituiti da due serie di denti elicoidali, uno con torsione a sinistra e l&#039;altro con torsione a destra, disposti simmetricamente su un singolo ingranaggio. Questa configurazione a &quot;V&quot; li distingue dagli ingranaggi monoelicoidali e dagli ingranaggi a spina di pesce, questi ultimi privi di scanalatura centrale. Gli angoli opposti dell&#039;elica annullano le forze assiali, garantendo un funzionamento pi\u00f9 fluido e silenzioso e una ridotta usura dei cuscinetti. Che tu sia a Milano alla ricerca di ingranaggi di precisione per turbomacchine o a Venezia alla ricerca di componenti per la propulsione marina, gli ingranaggi bielicoidali offrono un&#039;affidabilit\u00e0 senza pari.<\/p>\n<h3>Progettazione e struttura<\/h3>\n<p class=\"break-words\">Il segno distintivo di un ingranaggio elicoidale doppio \u00e8 il suo design a doppia elica:<\/p>\n<ul class=\"marker:text-secondary\">\n<li class=\"break-words\"><strong>Angolo dell&#039;elica<\/strong>: Le eliche di sinistra e di destra hanno angoli identici ma orientamenti opposti, neutralizzando la spinta assiale.<\/li>\n<li class=\"break-words\"><strong>Lacuna centrale<\/strong>:A differenza degli ingranaggi a spina di pesce, gli ingranaggi bielicoidali presentano una piccola scanalatura tra le eliche, che ne facilita la fabbricazione e l&#039;assemblaggio.<\/li>\n<li class=\"break-words\"><strong>Coinvolgimento dei denti<\/strong>: I denti sovrapposti garantiscono un rapporto di contatto pi\u00f9 elevato, distribuendo i carichi in modo uniforme e migliorando la durata.<\/li>\n<\/ul>\n<p class=\"break-words\">Questa progettazione garantisce prestazioni ottimali nelle applicazioni ad alta coppia, una caratteristica apprezzata dagli ingegneri del settore dei macchinari pesanti di Bologna e dell&#039;industria aerospaziale di Firenze.<\/p>\n<table style=\"border-collapse: collapse; width: 98.2154%; height: 5px;\" border=\"0\" width=\"162\" cellspacing=\"0\" cellpadding=\"0\">\n<tbody>\n<tr style=\"height: 14.40pt;\">\n<td style=\"height: 14.40pt; width: 48.60pt;\" width=\"81\" height=\"24\"><img loading=\"lazy\" decoding=\"async\" class=\"wp-image-7318 aligncenter\" src=\"https:\/\/fmp-components.com\/wp-content\/uploads\/2025\/03\/double-helical-gear-3.webp\" alt=\"ingranaggio elicoidale doppio\" width=\"462\" height=\"307\" title=\"\"><\/td>\n<td style=\"width: 48.60pt;\" align=\"right\" width=\"81\"><img loading=\"lazy\" decoding=\"async\" class=\"size-full wp-image-7320 aligncenter\" src=\"https:\/\/fmp-components.com\/wp-content\/uploads\/2025\/03\/double-helical-gear-1.webp\" alt=\"ingranaggio elicoidale doppio\" width=\"600\" height=\"399\" title=\"\" srcset=\"https:\/\/fmp-components.com\/wp-content\/uploads\/2025\/03\/double-helical-gear-1.webp 600w, https:\/\/fmp-components.com\/wp-content\/uploads\/2025\/03\/double-helical-gear-1-480x319.webp 480w\" sizes=\"(min-width: 0px) and (max-width: 480px) 480px, (min-width: 481px) 600px, 100vw\" \/><\/td>\n<\/tr>\n<\/tbody>\n<\/table>\n<h3>Come funzionano gli ingranaggi elicoidali doppi<\/h3>\n<p class=\"break-words\">Gli ingranaggi elicoidali doppi trasmettono il moto rotatorio tra alberi paralleli con un&#039;efficienza eccezionale. L&#039;innesto simultaneo di denti elicoidali opposti bilancia le forze assiali, eliminando la necessit\u00e0 di cuscinetti reggispinta aggiuntivi, un vantaggio significativo rispetto agli ingranaggi elicoidali singoli. Ci\u00f2 si traduce in vibrazioni e rumore ridotti, rendendoli ideali per operazioni ad alta velocit\u00e0 nelle fiorenti citt\u00e0 industriali italiane come Milano e Torino.<\/p>\n<div>\n<h2>Vantaggi degli ingranaggi elicoidali doppi<\/h2>\n<p class=\"break-words\">Gli ingranaggi bielicoidali offrono numerosi vantaggi:<\/p>\n<ul class=\"marker:text-secondary\">\n<li class=\"break-words\"><strong>Elevata capacit\u00e0 di carico<\/strong>: Perfetto per applicazioni gravose nell&#039;industria mineraria e siderurgica di Bologna.<\/li>\n<li class=\"break-words\"><strong>Funzionamento silenzioso<\/strong>: L&#039;innesto fluido dei denti riduce al minimo il rumore, un fattore chiave per la produzione di precisione di Florence.<\/li>\n<li class=\"break-words\"><strong>Nessuna spinta assiale<\/strong>: Il design bilanciato prolunga la durata dei cuscinetti, riducendo i costi di manutenzione nel settore marittimo di Venezia.<\/li>\n<li class=\"break-words\"><strong>Efficienza migliorata<\/strong>: Il contatto continuo dei denti aumenta la trasmissione della coppia, ottimizzando l&#039;uso dell&#039;energia.<\/li>\n<li class=\"break-words\"><strong>Durata<\/strong>: Una distribuzione uniforme del carico garantisce longevit\u00e0, fondamentale per gli impianti di produzione di energia di Milano.<\/li>\n<li class=\"break-words\"><strong>Design compatto<\/strong>: Alte prestazioni in un ingombro ridotto, ideali per applicazioni con spazi limitati.<\/li>\n<\/ul>\n<p class=\"break-words\">Questi vantaggi rendono gli ingranaggi bielicoidali la scelta preferita nel variegato panorama industriale italiano.<\/p>\n<h3>Applicazioni degli ingranaggi elicoidali doppi<\/h3>\n<p class=\"break-words\">Gli ingranaggi bi-elicoidali eccellono in vari settori:<\/p>\n<ul class=\"marker:text-secondary\">\n<li class=\"break-words\"><strong>Macchinari pesanti<\/strong>: Utilizzato nei frantoi e nei trasportatori delle zone industriali di Bologna.<\/li>\n<li class=\"break-words\"><strong>Produzione di energia<\/strong>: Integrale nei riduttori delle turbine negli impianti energetici di Milano.<\/li>\n<li class=\"break-words\"><strong>Petrolio e gas<\/strong>: Indispensabile per i sistemi di perforazione nelle piattaforme offshore vicino a Venezia.<\/li>\n<li class=\"break-words\"><strong>Automotive e aerospaziale<\/strong>: Trasmissioni ad alta coppia nei centri ingegneristici di Firenze.<\/li>\n<li class=\"break-words\"><strong>Propulsione Marina<\/strong>: Alimenta le navi lungo le citt\u00e0 costiere italiane come Genova e Venezia.<\/li>\n<\/ul>\n<h2>FMP Company: il tuo partner nelle soluzioni con ingranaggi a doppia elica<\/h2>\n<p>Produciamo corone e alberi a doppia elica fino a \u00d8 2.000 mm. Le correzioni ottimali in termini di corona del profilo del dente, finitura della punta e della radice del dente nonch\u00e9 raggio della radice garantiscono un funzionamento fluido e silenzioso con caratteristiche di rumorosit\u00e0 di guida ottimali<\/p>\n<p class=\"break-words\">In FMP Company, siamo orgogliosi di produrre un&#039;ampia variet\u00e0 di ingranaggi bielicoidali, dai modelli standard ai design a spaziatura ravvicinata, ingranaggi elicoidali, ingranaggi cilindrici, ingranaggi interni e pignoni. Con sede in Italia, serviamo clienti a Milano, Venezia, Firenze, Bologna e oltre, offrendo soluzioni ingegnerizzate con precisione per ogni progetto.<\/p>\n<ul class=\"marker:text-secondary\">\n<li class=\"break-words\"><strong>Ingranaggi personalizzati<\/strong>: Hai bisogno di un design specifico? Offriamo ingranaggi bielicoidali completamente personalizzati, su misura per le tue esigenze, sia per applicazioni aerospaziali a Firenze che per applicazioni marine a Venezia.<\/li>\n<li class=\"break-words\"><strong>Ampia gamma<\/strong>:La nostra gamma di prodotti comprende ingranaggi bielicoidali fino a 8 metri di diametro, realizzati con macchinari all&#039;avanguardia e acciai ad alta resistenza per resistere ad ambienti difficili.<\/li>\n<li class=\"break-words\"><strong>Non presente nel nostro catalogo?<\/strong>: Se non trovi il modello che ti serve nel nostro elenco prodotti, sia a Milano che a Bologna, \u00e8 probabile che non lo abbiamo ancora caricato. Inviaci semplicemente un&#039;e-mail a <a href=\"mailto:info@fmpcomponents.it\">info@fmpcomponents.it<\/a> in base alle tue specifiche e i nostri ingegneri ti risponderanno entro 24 ore con una soluzione.<\/li>\n<\/ul>\n<table style=\"border-collapse: collapse; width: 101.516%; height: 681px;\" border=\"0\" width=\"589\" cellspacing=\"0\" cellpadding=\"0\">\n<tbody>\n<tr style=\"height: 16.20pt;\">\n<td class=\"et2\" style=\"height: 48px; width: 52.6196%;\" rowspan=\"2\" width=\"526\" height=\"54\">\u00a0\u00a0<img loading=\"lazy\" decoding=\"async\" class=\"size-full wp-image-7325 aligncenter\" src=\"https:\/\/fmp-components.com\/wp-content\/uploads\/2025\/03\/double-helical-gear-7.webp\" alt=\"ingranaggio elicoidale doppio\" width=\"1152\" height=\"1536\" title=\"\" srcset=\"https:\/\/fmp-components.com\/wp-content\/uploads\/2025\/03\/double-helical-gear-7.webp 1152w, https:\/\/fmp-components.com\/wp-content\/uploads\/2025\/03\/double-helical-gear-7-980x1307.webp 980w, https:\/\/fmp-components.com\/wp-content\/uploads\/2025\/03\/double-helical-gear-7-480x640.webp 480w\" sizes=\"(min-width: 0px) and (max-width: 480px) 480px, (min-width: 481px) and (max-width: 980px) 980px, (min-width: 981px) 1152px, 100vw\" \/><\/td>\n<td class=\"et3\" style=\"width: 47.2665%; height: 25px;\" align=\"right\" width=\"63\"><img loading=\"lazy\" decoding=\"async\" class=\"size-full wp-image-7323 aligncenter\" src=\"https:\/\/fmp-components.com\/wp-content\/uploads\/2025\/03\/double-helical-gear-9.webp\" alt=\"ingranaggio elicoidale doppio\" width=\"1600\" height=\"1200\" title=\"\" srcset=\"https:\/\/fmp-components.com\/wp-content\/uploads\/2025\/03\/double-helical-gear-9.webp 1600w, https:\/\/fmp-components.com\/wp-content\/uploads\/2025\/03\/double-helical-gear-9-1280x960.webp 1280w, https:\/\/fmp-components.com\/wp-content\/uploads\/2025\/03\/double-helical-gear-9-980x735.webp 980w, https:\/\/fmp-components.com\/wp-content\/uploads\/2025\/03\/double-helical-gear-9-480x360.webp 480w\" sizes=\"(min-width: 0px) and (max-width: 480px) 480px, (min-width: 481px) and (max-width: 980px) 980px, (min-width: 981px) and (max-width: 1280px) 1280px, (min-width: 1281px) 1600px, 100vw\" \/><\/td>\n<\/tr>\n<tr style=\"height: 16.20pt;\">\n<td class=\"et3\" style=\"height: 23px; width: 47.2665%;\" align=\"right\"><img loading=\"lazy\" decoding=\"async\" class=\"size-full wp-image-7324 aligncenter\" src=\"https:\/\/fmp-components.com\/wp-content\/uploads\/2025\/03\/double-helical-gear-8.webp\" alt=\"ingranaggio elicoidale doppio\" width=\"2048\" height=\"1366\" title=\"\" srcset=\"https:\/\/fmp-components.com\/wp-content\/uploads\/2025\/03\/double-helical-gear-8.webp 2048w, https:\/\/fmp-components.com\/wp-content\/uploads\/2025\/03\/double-helical-gear-8-1280x854.webp 1280w, https:\/\/fmp-components.com\/wp-content\/uploads\/2025\/03\/double-helical-gear-8-980x654.webp 980w, https:\/\/fmp-components.com\/wp-content\/uploads\/2025\/03\/double-helical-gear-8-480x320.webp 480w\" sizes=\"(min-width: 0px) and (max-width: 480px) 480px, (min-width: 481px) and (max-width: 980px) 980px, (min-width: 981px) and (max-width: 1280px) 1280px, (min-width: 1281px) 2048px, 100vw\" \/><\/td>\n<\/tr>\n<\/tbody>\n<\/table>\n<h4>Produzione ottimizzata per i mercati italiani<\/h4>\n<p class=\"break-words\">FMP sfrutta tecnologie all&#039;avanguardia, tra cui analisi del contatto dei denti basata su FE e rettifica a generazione continua, per garantire precisione e qualit\u00e0. I nostri ingranaggi soddisfano gli standard di qualit\u00e0 AGMA 12, offrendo prestazioni superiori per le industrie di Torino, Genova e oltre. Che tu stia ottimizzando la densit\u00e0 di potenza nelle unit\u00e0 turbo di Milano o riducendo il rumore nei progetti di elettromobilit\u00e0 di Firenze, FMP \u00e8 all&#039;altezza.<\/p>\n<p class=\"break-words\">Gli ingranaggi bielicoidali sono una pietra angolare dell&#039;ingegneria moderna, che unisce forza, efficienza e funzionamento silenzioso. In FMP Company, ci impegniamo a fornire ai leader industriali italiani, da Milano a Venezia, soluzioni di ingranaggi di alto livello. Che tu abbia bisogno di prodotti standard o di progetti personalizzati, contattaci oggi stesso. Se il modello desiderato non \u00e8 elencato, non esitare a inviarci un&#039;e-mail: il nostro team \u00e8 pronto ad assisterti entro 24 ore. Lascia che FMP alimenti il tuo prossimo progetto con precisione e affidabilit\u00e0.<\/p>\n<p><img loading=\"lazy\" decoding=\"async\" class=\"wp-image-7321 aligncenter\" src=\"https:\/\/fmp-components.com\/wp-content\/uploads\/2025\/03\/double-helical-gear-5.webp\" alt=\"ingranaggio elicoidale doppio\" width=\"944\" height=\"707\" title=\"\" srcset=\"https:\/\/fmp-components.com\/wp-content\/uploads\/2025\/03\/double-helical-gear-5.webp 944w, https:\/\/fmp-components.com\/wp-content\/uploads\/2025\/03\/double-helical-gear-5-480x359.webp 480w\" sizes=\"(min-width: 0px) and (max-width: 480px) 480px, (min-width: 481px) 944px, 100vw\" \/><\/p>\n<\/div>\n<\/div>","protected":false},"excerpt":{"rendered":"<p>\u00a0Double helical gears, often referred to as herringbone gears, represent a pinnacle of engineering ingenuity in gear technology. These gears combine the strengths of helical gears\u2014such as smooth operation and high load capacity\u2014with a unique design that eliminates axial thrust, making them indispensable in demanding industrial applications. At FMP Company, we specialize in manufacturing a [&hellip;]<\/p>","protected":false},"featured_media":7322,"comment_status":"open","ping_status":"closed","template":"","meta":{"_et_pb_use_builder":"","_et_pb_old_content":"","_et_gb_content_width":""},"product_brand":[],"product_cat":[108],"product_tag":[],"class_list":{"0":"post-7315","1":"product","2":"type-product","3":"status-publish","4":"has-post-thumbnail","6":"product_cat-helical-gear","8":"first","9":"instock","10":"shipping-taxable","11":"product-type-simple"},"_links":{"self":[{"href":"https:\/\/fmp-components.com\/it\/wp-json\/wp\/v2\/product\/7315","targetHints":{"allow":["GET"]}}],"collection":[{"href":"https:\/\/fmp-components.com\/it\/wp-json\/wp\/v2\/product"}],"about":[{"href":"https:\/\/fmp-components.com\/it\/wp-json\/wp\/v2\/types\/product"}],"replies":[{"embeddable":true,"href":"https:\/\/fmp-components.com\/it\/wp-json\/wp\/v2\/comments?post=7315"}],"wp:featuredmedia":[{"embeddable":true,"href":"https:\/\/fmp-components.com\/it\/wp-json\/wp\/v2\/media\/7322"}],"wp:attachment":[{"href":"https:\/\/fmp-components.com\/it\/wp-json\/wp\/v2\/media?parent=7315"}],"wp:term":[{"taxonomy":"product_brand","embeddable":true,"href":"https:\/\/fmp-components.com\/it\/wp-json\/wp\/v2\/product_brand?post=7315"},{"taxonomy":"product_cat","embeddable":true,"href":"https:\/\/fmp-components.com\/it\/wp-json\/wp\/v2\/product_cat?post=7315"},{"taxonomy":"product_tag","embeddable":true,"href":"https:\/\/fmp-components.com\/it\/wp-json\/wp\/v2\/product_tag?post=7315"}],"curies":[{"name":"parola chiave","href":"https:\/\/api.w.org\/{rel}","templated":true}]}}