{"id":7207,"date":"2025-03-20T07:32:17","date_gmt":"2025-03-20T07:32:17","guid":{"rendered":"https:\/\/fmp-components.com\/?post_type=product&#038;p=7207"},"modified":"2025-03-26T08:50:47","modified_gmt":"2025-03-26T08:50:47","slug":"worm-gear-shaft-worm-gear-drive-shaft","status":"publish","type":"product","link":"https:\/\/fmp-components.com\/it\/product\/worm-gear-shaft-worm-gear-drive-shaft\/","title":{"rendered":"Albero a vite senza fine (albero di trasmissione a vite senza fine)"},"content":{"rendered":"<p>Un albero a vite senza fine \u00e8 un componente meccanico fondamentale utilizzato in vari settori per trasmettere potenza e movimento tra alberi non paralleli, offrendo coppia elevata e funzionamento regolare. In FMP Company, siamo specializzati nella produzione di un&#039;ampia gamma di <a href=\"https:\/\/fmp-components.com\/it\/worm-gear-and-worm-shaft-2\/\">vite senza fine<\/a> shafts, su misura per soddisfare diverse esigenze applicative, e offriamo anche soluzioni personalizzate per soddisfare i tuoi requisiti specifici. Se non trovi il modello di cui hai bisogno nel nostro elenco prodotti, \u00e8 probabile che non lo abbiamo ancora caricato: non esitare a inviarci un&#039;e-mail con le specifiche desiderate e i nostri ingegneri risponderanno entro 24 ore con una soluzione personalizzata.<\/p>\n<p><img loading=\"lazy\" decoding=\"async\" class=\"alignnone size-full wp-image-7226\" src=\"https:\/\/fmp-components.com\/wp-content\/uploads\/2025\/03\/Worm-Gear-Shaft-Manufacturers-2.webp\" alt=\"Produttori di alberi a vite senza fine\" width=\"1000\" height=\"285\" title=\"\" srcset=\"https:\/\/fmp-components.com\/wp-content\/uploads\/2025\/03\/Worm-Gear-Shaft-Manufacturers-2.webp 1000w, https:\/\/fmp-components.com\/wp-content\/uploads\/2025\/03\/Worm-Gear-Shaft-Manufacturers-2-980x279.webp 980w, https:\/\/fmp-components.com\/wp-content\/uploads\/2025\/03\/Worm-Gear-Shaft-Manufacturers-2-480x137.webp 480w\" sizes=\"(min-width: 0px) and (max-width: 480px) 480px, (min-width: 481px) and (max-width: 980px) 980px, (min-width: 981px) 1000px, 100vw\" \/><\/p>\n<table style=\"border-collapse: collapse; width: 98.0079%; height: 90px;\" border=\"0\" width=\"317\" cellspacing=\"0\" cellpadding=\"0\">\n<tbody>\n<tr style=\"height: 14.40pt;\">\n<td style=\"height: 14.4pt; width: 32.0218%;\" width=\"83\" height=\"24\"><img loading=\"lazy\" decoding=\"async\" class=\"size-full wp-image-7210 aligncenter\" src=\"https:\/\/fmp-components.com\/wp-content\/uploads\/2025\/03\/Wholesale-Worm-Gear-Shaft-Factory.webp\" alt=\"Fabbrica all&#039;ingrosso di alberi a vite senza fine\" width=\"1440\" height=\"951\" title=\"\" srcset=\"https:\/\/fmp-components.com\/wp-content\/uploads\/2025\/03\/Wholesale-Worm-Gear-Shaft-Factory.webp 1440w, https:\/\/fmp-components.com\/wp-content\/uploads\/2025\/03\/Wholesale-Worm-Gear-Shaft-Factory-1280x845.webp 1280w, https:\/\/fmp-components.com\/wp-content\/uploads\/2025\/03\/Wholesale-Worm-Gear-Shaft-Factory-980x647.webp 980w, https:\/\/fmp-components.com\/wp-content\/uploads\/2025\/03\/Wholesale-Worm-Gear-Shaft-Factory-480x317.webp 480w\" sizes=\"(min-width: 0px) and (max-width: 480px) 480px, (min-width: 481px) and (max-width: 980px) 980px, (min-width: 981px) and (max-width: 1280px) 1280px, (min-width: 1281px) 1440px, 100vw\" \/><\/td>\n<td style=\"width: 33.1148%;\" align=\"right\" width=\"80\"><img loading=\"lazy\" decoding=\"async\" class=\"size-full wp-image-7216 aligncenter\" src=\"https:\/\/fmp-components.com\/wp-content\/uploads\/2025\/03\/worm-gear-shaft-1.webp\" alt=\"albero-a-vite-riduttore-\" width=\"1000\" height=\"666\" title=\"\" srcset=\"https:\/\/fmp-components.com\/wp-content\/uploads\/2025\/03\/worm-gear-shaft-1.webp 1000w, https:\/\/fmp-components.com\/wp-content\/uploads\/2025\/03\/worm-gear-shaft-1-980x653.webp 980w, https:\/\/fmp-components.com\/wp-content\/uploads\/2025\/03\/worm-gear-shaft-1-480x320.webp 480w\" sizes=\"(min-width: 0px) and (max-width: 480px) 480px, (min-width: 481px) and (max-width: 980px) 980px, (min-width: 981px) 1000px, 100vw\" \/><\/td>\n<td style=\"width: 34.7541%;\" align=\"right\" width=\"154\"><img loading=\"lazy\" decoding=\"async\" class=\"size-full wp-image-7217 aligncenter\" src=\"https:\/\/fmp-components.com\/wp-content\/uploads\/2025\/03\/Worm-Gear-Shaft-Manufacturers.webp\" alt=\"Produttori di alberi a vite senza fine\" width=\"1440\" height=\"951\" title=\"\" srcset=\"https:\/\/fmp-components.com\/wp-content\/uploads\/2025\/03\/Worm-Gear-Shaft-Manufacturers.webp 1440w, https:\/\/fmp-components.com\/wp-content\/uploads\/2025\/03\/Worm-Gear-Shaft-Manufacturers-1280x845.webp 1280w, https:\/\/fmp-components.com\/wp-content\/uploads\/2025\/03\/Worm-Gear-Shaft-Manufacturers-980x647.webp 980w, https:\/\/fmp-components.com\/wp-content\/uploads\/2025\/03\/Worm-Gear-Shaft-Manufacturers-480x317.webp 480w\" sizes=\"(min-width: 0px) and (max-width: 480px) 480px, (min-width: 481px) and (max-width: 980px) 980px, (min-width: 981px) and (max-width: 1280px) 1280px, (min-width: 1281px) 1440px, 100vw\" \/><\/td>\n<\/tr>\n<tr style=\"height: 14.40pt;\">\n<td style=\"height: 14.4pt; width: 32.0218%;\" height=\"24\"><img loading=\"lazy\" decoding=\"async\" class=\"size-full wp-image-7219 aligncenter\" src=\"https:\/\/fmp-components.com\/wp-content\/uploads\/2025\/03\/Worm-Gear-Shaft-3.webp\" alt=\"Albero-vite-ingranaggio-\" width=\"1000\" height=\"666\" title=\"\" srcset=\"https:\/\/fmp-components.com\/wp-content\/uploads\/2025\/03\/Worm-Gear-Shaft-3.webp 1000w, https:\/\/fmp-components.com\/wp-content\/uploads\/2025\/03\/Worm-Gear-Shaft-3-980x653.webp 980w, https:\/\/fmp-components.com\/wp-content\/uploads\/2025\/03\/Worm-Gear-Shaft-3-480x320.webp 480w\" sizes=\"(min-width: 0px) and (max-width: 480px) 480px, (min-width: 481px) and (max-width: 980px) 980px, (min-width: 981px) 1000px, 100vw\" \/><\/td>\n<td style=\"width: 33.1148%;\" align=\"right\"><img loading=\"lazy\" decoding=\"async\" class=\"size-full wp-image-7218 aligncenter\" src=\"https:\/\/fmp-components.com\/wp-content\/uploads\/2025\/03\/Worm-Gear-Shaft-4.webp\" alt=\"Albero a vite senza fine\" width=\"1000\" height=\"666\" title=\"\" srcset=\"https:\/\/fmp-components.com\/wp-content\/uploads\/2025\/03\/Worm-Gear-Shaft-4.webp 1000w, https:\/\/fmp-components.com\/wp-content\/uploads\/2025\/03\/Worm-Gear-Shaft-4-980x653.webp 980w, https:\/\/fmp-components.com\/wp-content\/uploads\/2025\/03\/Worm-Gear-Shaft-4-480x320.webp 480w\" sizes=\"(min-width: 0px) and (max-width: 480px) 480px, (min-width: 481px) and (max-width: 980px) 980px, (min-width: 981px) 1000px, 100vw\" \/><\/td>\n<td style=\"width: 34.7541%;\" align=\"right\"><img loading=\"lazy\" decoding=\"async\" class=\"size-full wp-image-7215 aligncenter\" src=\"https:\/\/fmp-components.com\/wp-content\/uploads\/2025\/03\/worm-gear-shaft-2.webp\" alt=\"albero a vite senza fine\" width=\"1000\" height=\"666\" title=\"\" srcset=\"https:\/\/fmp-components.com\/wp-content\/uploads\/2025\/03\/worm-gear-shaft-2.webp 1000w, https:\/\/fmp-components.com\/wp-content\/uploads\/2025\/03\/worm-gear-shaft-2-980x653.webp 980w, https:\/\/fmp-components.com\/wp-content\/uploads\/2025\/03\/worm-gear-shaft-2-480x320.webp 480w\" sizes=\"(min-width: 0px) and (max-width: 480px) 480px, (min-width: 481px) and (max-width: 980px) 980px, (min-width: 981px) 1000px, 100vw\" \/><\/td>\n<\/tr>\n<\/tbody>\n<\/table>\n<h2>Specifiche dell&#039;albero dell&#039;ingranaggio a vite senza fine<\/h2>\n<article class=\"4ever-article\" data-clipboard-cangjie=\"[&quot;root&quot;,{&quot;copyFrom&quot;:2066762897},[&quot;p&quot;,{},[&quot;span&quot;,{&quot;data-type&quot;:&quot;text&quot;},[&quot;span&quot;,{&quot;data-type&quot;:&quot;leaf&quot;},&quot;For more models and specifications, please contact us by email and our experts will respond to you promptly!&quot;]]]]\">Per ulteriori modelli e specifiche, contattateci via email e i nostri esperti vi risponderanno al pi\u00f9 presto!<\/article>\n<table class=\"table\" border=\"1\" width=\"100%\" cellspacing=\"0\" cellpadding=\"0\">\n<tbody>\n<tr class=\"firstRow\">\n<td valign=\"center\" width=\"132\">Numero di modello<\/td>\n<td valign=\"center\" width=\"491\">M1, M2, M3, M4, M5, M8, M12 e cos\u00ec via.<\/td>\n<\/tr>\n<tr>\n<td valign=\"center\" width=\"132\">Materiale<\/td>\n<td valign=\"center\" width=\"491\">Ottone, acciaio C45, acciaio inossidabile, rame, POM, alluminio, lega e cos\u00ec via<\/td>\n<\/tr>\n<tr>\n<td valign=\"center\" width=\"132\">Trattamento superficiale<\/td>\n<td valign=\"center\" width=\"491\">Zincato, Nichelato, Passivazione, Ossidazione, Anodizzazione,<br \/>\nGeomet, Dacromet, Ossido nero, Fosfatazione, Verniciatura a polvere ed Elettroforesi<\/td>\n<\/tr>\n<tr>\n<td valign=\"center\" width=\"132\">Standard<\/td>\n<td valign=\"center\" width=\"491\">ISO, DIN, ANSI, JIS, BS e non standard.<\/td>\n<\/tr>\n<tr>\n<td valign=\"center\" width=\"132\">Precisione<\/td>\n<td valign=\"center\" width=\"491\">DIN6, DIN7, DIN8, DIN9.<\/td>\n<\/tr>\n<tr>\n<td valign=\"center\" width=\"132\">Trattamento dei denti<\/td>\n<td valign=\"center\" width=\"491\">Temprato, fresato o rettificato<\/td>\n<\/tr>\n<tr>\n<td valign=\"center\" width=\"132\">Tolleranza<\/td>\n<td valign=\"center\" width=\"491\">0,001 mm-0,01 mm-0,1 mm<\/td>\n<\/tr>\n<tr>\n<td valign=\"center\" width=\"132\">Fine<\/td>\n<td valign=\"center\" width=\"491\">sabbiatura, trattamento termico, ricottura, tempra, lucidatura, anodizzazione, zincatura<\/td>\n<\/tr>\n<tr>\n<td valign=\"center\" width=\"132\">Articoli da imballaggio<\/td>\n<td valign=\"center\" width=\"491\">Sacchetto di plastica + cartoni o imballaggio in legno<\/td>\n<\/tr>\n<tr>\n<td valign=\"center\" width=\"132\">Termini di pagamento<\/td>\n<td valign=\"center\" width=\"491\">T\/T, lettera di credito<\/td>\n<\/tr>\n<tr>\n<td valign=\"center\" width=\"132\">Tempi di produzione<\/td>\n<td valign=\"center\" width=\"491\">20 giorni lavorativi per il campione, 25 giorni per la massa<\/td>\n<\/tr>\n<tr>\n<td valign=\"center\" width=\"132\">Campioni<\/td>\n<td valign=\"center\" width=\"491\">Intervallo di prezzo campione da $2 a $100.<br \/>\nrichiesta espressa di esempio pagata dai clienti<\/td>\n<\/tr>\n<tr>\n<td valign=\"center\" width=\"132\">Applicazione<\/td>\n<td valign=\"center\" width=\"491\">1. Macchina di controllo automatico<br \/>\n2. Industria dei semiconduttori<br \/>\n3. Macchinari per l&#039;industria generale<br \/>\n4. Attrezzature mediche<br \/>\n5. Attrezzature per l&#039;energia solare<br \/>\n6. Macchina utensile<br \/>\n7. Sistema di parcheggio<br \/>\n8. Attrezzature per il trasporto ferroviario e aereo ad alta velocit\u00e0, ecc.<\/td>\n<\/tr>\n<\/tbody>\n<\/table>\n<p><img loading=\"lazy\" decoding=\"async\" class=\"size-full wp-image-7220 aligncenter\" src=\"https:\/\/fmp-components.com\/wp-content\/uploads\/2025\/03\/worm-gear-shaft-1-1.webp\" alt=\"albero a vite senza fine\" width=\"830\" height=\"728\" title=\"\" srcset=\"https:\/\/fmp-components.com\/wp-content\/uploads\/2025\/03\/worm-gear-shaft-1-1.webp 830w, https:\/\/fmp-components.com\/wp-content\/uploads\/2025\/03\/worm-gear-shaft-1-1-480x421.webp 480w\" sizes=\"(min-width: 0px) and (max-width: 480px) 480px, (min-width: 481px) 830px, 100vw\" \/><\/p>\n<div>\n<h3>La relazione tra albero della vite senza fine e scatola della vite senza fine<\/h3>\n<p class=\"break-words\">Un riduttore a vite senza fine \u00e8 un sistema di ingranaggi specializzato progettato per ridurre la velocit\u00e0 di rotazione aumentando la coppia, rendendolo ideale per varie applicazioni industriali. Al suo interno, \u00e8 costituito da due componenti principali: la vite senza fine e l&#039;ingranaggio a vite senza fine. La vite senza fine, che assomiglia a una vite, \u00e8 montata sull&#039;albero di ingresso (spesso indicato come albero a vite senza fine). Questa vite senza fine si ingrana con l&#039;ingranaggio a vite senza fine, una ruota dentata con denti specificamente progettati per ingranare con la vite senza fine. L&#039;ingranaggio a vite senza fine, a sua volta, \u00e8 montato sull&#039;albero di uscita, che a volte \u00e8 chiamato albero dell&#039;ingranaggio a vite senza fine.<\/p>\n<p class=\"break-words\">La relazione tra l&#039;albero della vite senza fine e il riduttore a vite senza fine \u00e8 semplice ma critica: l&#039;albero della vite senza fine funge da albero di uscita del riduttore a vite senza fine. Trasporta la vite senza fine, che \u00e8 azionata dalla vite senza fine. Questa interazione consente al riduttore di convertire l&#039;ingresso ad alta velocit\u00e0 e bassa coppia (dall&#039;albero della vite senza fine) in uscita a bassa velocit\u00e0 e alta coppia (tramite l&#039;albero della vite senza fine). Questa configurazione unica offre diversi vantaggi, tra cui:<\/p>\n<ul class=\"marker:text-secondary\">\n<li class=\"break-words\"><strong>Elevata moltiplicazione della coppia<\/strong>: Ideale per macchinari pesanti.<\/li>\n<li class=\"break-words\"><strong>Design compatto<\/strong>: Adatto per applicazioni con limitazioni di spazio.<\/li>\n<li class=\"break-words\"><strong>Capacit\u00e0 di autobloccaggio<\/strong>: Impedisce la retromarcia in alcuni modelli, migliorando la sicurezza.<\/li>\n<\/ul>\n<p class=\"break-words\">In sintesi, l&#039;albero della trasmissione a vite senza fine \u00e8 parte integrante del riduttore a vite senza fine e svolge un ruolo fondamentale nella trasmissione del movimento e della coppia regolati all&#039;attrezzatura condotta.<\/p>\n<h3>Le offerte di riduttori a vite senza fine della nostra azienda<\/h3>\n<p class=\"break-words\">Nella nostra azienda siamo specializzati nella produzione di un&#039;ampia gamma di riduttori a vite senza fine su misura per soddisfare diverse esigenze industriali. Che tu abbia bisogno di modelli standard per applicazioni generali o soluzioni personalizzate per requisiti specifici, abbiamo l&#039;esperienza e la capacit\u00e0 di fornire prodotti di alta qualit\u00e0. I nostri riduttori a vite senza fine sono progettati con un&#039;attenzione particolare a:<\/p>\n<ul class=\"marker:text-secondary\">\n<li class=\"break-words\"><strong>Durata<\/strong>: Costruito per resistere alle condizioni pi\u00f9 difficili.<\/li>\n<li class=\"break-words\"><strong>Efficienza<\/strong>: Ottimizzato per prestazioni e risparmio energetico.<\/li>\n<li class=\"break-words\"><strong>Versatilit\u00e0<\/strong>: Adatto a settori quali produzione, automazione e movimentazione dei materiali.<\/li>\n<\/ul>\n<p class=\"break-words\">Se hai bisogno di riduttori a vite senza fine, che siano per nastri trasportatori, ascensori o altri macchinari, ti invitiamo a contattarci. Il nostro team \u00e8 pronto a fornire consulenza esperta, informazioni dettagliate e supporto personalizzato per assicurarti di trovare la soluzione perfetta per la tua applicazione. Non esitare a contattarci oggi stesso per discutere di come possiamo aiutarti!<\/p>\n<table style=\"width: 100%;\" border=\"0\" width=\"100%\" cellspacing=\"0\" cellpadding=\"0\">\n<tbody>\n<tr style=\"height: 14.40pt;\">\n<td style=\"height: 14.40pt; width: 49.80pt;\" width=\"83\" height=\"24\"><img loading=\"lazy\" decoding=\"async\" class=\"size-full wp-image-7223 aligncenter\" src=\"https:\/\/fmp-components.com\/wp-content\/uploads\/2025\/03\/The-relationship-between-worm-gear-shaft-and-worm-gearbox.webp\" alt=\"La relazione tra l&#039;albero della vite senza fine e il riduttore a vite senza fine2\" width=\"1000\" height=\"667\" title=\"\" srcset=\"https:\/\/fmp-components.com\/wp-content\/uploads\/2025\/03\/The-relationship-between-worm-gear-shaft-and-worm-gearbox.webp 1000w, https:\/\/fmp-components.com\/wp-content\/uploads\/2025\/03\/The-relationship-between-worm-gear-shaft-and-worm-gearbox-980x654.webp 980w, https:\/\/fmp-components.com\/wp-content\/uploads\/2025\/03\/The-relationship-between-worm-gear-shaft-and-worm-gearbox-480x320.webp 480w\" sizes=\"(min-width: 0px) and (max-width: 480px) 480px, (min-width: 481px) and (max-width: 980px) 980px, (min-width: 981px) 1000px, 100vw\" \/><\/td>\n<td style=\"width: 48.00pt;\" align=\"right\" width=\"80\"><img loading=\"lazy\" decoding=\"async\" class=\"wp-image-7224 alignnone\" src=\"https:\/\/fmp-components.com\/wp-content\/uploads\/2025\/03\/Worm-Gear-Shaft-Applications-2.webp\" alt=\"Applicazioni-per-alberi-a-vite-elettrica-2\" width=\"476\" height=\"318\" title=\"\"><\/td>\n<\/tr>\n<tr style=\"height: 14.40pt;\">\n<td style=\"height: 14.40pt;\" height=\"24\"><img loading=\"lazy\" decoding=\"async\" class=\"size-full wp-image-7225 aligncenter\" src=\"https:\/\/fmp-components.com\/wp-content\/uploads\/2025\/03\/The-relationship-between-worm-gear-shaft-and-worm-gearbox3.webp\" alt=\"La relazione tra l&#039;albero della vite senza fine e il riduttore a vite senza fine3\" width=\"1000\" height=\"662\" title=\"\" srcset=\"https:\/\/fmp-components.com\/wp-content\/uploads\/2025\/03\/The-relationship-between-worm-gear-shaft-and-worm-gearbox3.webp 1000w, https:\/\/fmp-components.com\/wp-content\/uploads\/2025\/03\/The-relationship-between-worm-gear-shaft-and-worm-gearbox3-980x649.webp 980w, https:\/\/fmp-components.com\/wp-content\/uploads\/2025\/03\/The-relationship-between-worm-gear-shaft-and-worm-gearbox3-480x318.webp 480w\" sizes=\"(min-width: 0px) and (max-width: 480px) 480px, (min-width: 481px) and (max-width: 980px) 980px, (min-width: 981px) 1000px, 100vw\" \/><\/td>\n<td align=\"right\"><img loading=\"lazy\" decoding=\"async\" class=\"size-full wp-image-7222 aligncenter\" src=\"https:\/\/fmp-components.com\/wp-content\/uploads\/2025\/03\/The-relationship-between-worm-gear-shaft-and-worm-gearbox2.webp\" alt=\"La relazione tra l&#039;albero della vite senza fine e il riduttore a vite senza fine2\" width=\"1000\" height=\"667\" title=\"\" srcset=\"https:\/\/fmp-components.com\/wp-content\/uploads\/2025\/03\/The-relationship-between-worm-gear-shaft-and-worm-gearbox2.webp 1000w, https:\/\/fmp-components.com\/wp-content\/uploads\/2025\/03\/The-relationship-between-worm-gear-shaft-and-worm-gearbox2-980x654.webp 980w, https:\/\/fmp-components.com\/wp-content\/uploads\/2025\/03\/The-relationship-between-worm-gear-shaft-and-worm-gearbox2-480x320.webp 480w\" sizes=\"(min-width: 0px) and (max-width: 480px) 480px, (min-width: 481px) and (max-width: 980px) 980px, (min-width: 981px) 1000px, 100vw\" \/><\/td>\n<\/tr>\n<\/tbody>\n<\/table>\n<\/div>\n<p>&nbsp;<\/p>","protected":false},"excerpt":{"rendered":"<p>A worm gear shaft is a critical mechanical component used in various industries to transmit power and motion between non-parallel shafts, offering high torque and smooth operation. At FMP Company, we specialize in manufacturing a wide range of worm gear shafts, tailored to meet diverse application needs, and we also offer custom solutions to match [&hellip;]<\/p>","protected":false},"featured_media":7221,"comment_status":"open","ping_status":"closed","template":"","meta":{"_et_pb_use_builder":"","_et_pb_old_content":"","_et_gb_content_width":""},"product_brand":[],"product_cat":[107],"product_tag":[],"class_list":{"0":"post-7207","1":"product","2":"type-product","3":"status-publish","4":"has-post-thumbnail","6":"product_cat-worm-gear","8":"first","9":"instock","10":"shipping-taxable","11":"product-type-simple"},"_links":{"self":[{"href":"https:\/\/fmp-components.com\/it\/wp-json\/wp\/v2\/product\/7207","targetHints":{"allow":["GET"]}}],"collection":[{"href":"https:\/\/fmp-components.com\/it\/wp-json\/wp\/v2\/product"}],"about":[{"href":"https:\/\/fmp-components.com\/it\/wp-json\/wp\/v2\/types\/product"}],"replies":[{"embeddable":true,"href":"https:\/\/fmp-components.com\/it\/wp-json\/wp\/v2\/comments?post=7207"}],"wp:featuredmedia":[{"embeddable":true,"href":"https:\/\/fmp-components.com\/it\/wp-json\/wp\/v2\/media\/7221"}],"wp:attachment":[{"href":"https:\/\/fmp-components.com\/it\/wp-json\/wp\/v2\/media?parent=7207"}],"wp:term":[{"taxonomy":"product_brand","embeddable":true,"href":"https:\/\/fmp-components.com\/it\/wp-json\/wp\/v2\/product_brand?post=7207"},{"taxonomy":"product_cat","embeddable":true,"href":"https:\/\/fmp-components.com\/it\/wp-json\/wp\/v2\/product_cat?post=7207"},{"taxonomy":"product_tag","embeddable":true,"href":"https:\/\/fmp-components.com\/it\/wp-json\/wp\/v2\/product_tag?post=7207"}],"curies":[{"name":"parola chiave","href":"https:\/\/api.w.org\/{rel}","templated":true}]}}