{"id":7032,"date":"2025-03-14T08:14:15","date_gmt":"2025-03-14T08:14:15","guid":{"rendered":"https:\/\/fmp-components.com\/?post_type=product&#038;p=7032"},"modified":"2025-03-27T01:24:51","modified_gmt":"2025-03-27T01:24:51","slug":"spiral-miter-gears","status":"publish","type":"product","link":"https:\/\/fmp-components.com\/it\/product\/spiral-miter-gears\/","title":{"rendered":"Ingranaggi a spirale obliqua"},"content":{"rendered":"<p>Gli ingranaggi a spirale obliqua sono un tipo di <a href=\"https:\/\/fmp-components.com\/it\/bevel-gear-2\/\">ingranaggio conico<\/a> con denti elicoidali progettati per trasmettere potenza tra alberi intersecanti ad angolo retto, offrendo un funzionamento pi\u00f9 fluido e una maggiore capacit\u00e0 di carico rispetto agli ingranaggi a mitra dritti. In FMP Company, produciamo un&#039;ampia variet\u00e0 di ingranaggi a mitra a spirale e offriamo anche personalizzazioni per soddisfare le tue esigenze specifiche. Se non trovi il modello che stai cercando nel nostro elenco prodotti, potrebbe non essere ancora stato caricato: non esitare a inviarci un&#039;e-mail con le tue esigenze e i nostri ingegneri risponderanno entro 24 ore.<\/p>\n<div data-scroll-horizontal=\"wrap-body\">\n<h2>Specifiche dell&#039;ingranaggio a spirale<\/h2>\n<table style=\"width: 100%;\" border=\"1\" width=\"100%\" cellspacing=\"0\" cellpadding=\"0\">\n<tbody>\n<tr style=\"height: 43.20pt;\">\n<td class=\"et2\" style=\"height: 43.2pt; width: 13.9447%;\" width=\"83\" height=\"72\">Modello<\/td>\n<td class=\"et2\" style=\"width: 1.25628%;\" width=\"80\">Modulo<\/td>\n<td class=\"et2\" style=\"width: 6.03015%;\" width=\"154\">Denti<\/td>\n<td class=\"et2\" style=\"width: 10.6784%;\" width=\"80\">Direzione della spirale<\/td>\n<td class=\"et2\" style=\"width: 8.54269%;\" width=\"153\">Diametro del passo (mm)<\/td>\n<td class=\"et2\" style=\"width: 8.54272%;\" width=\"80\">Diametro del foro (mm)<\/td>\n<td class=\"et2\" style=\"width: 10.3015%;\" width=\"144\">Larghezza della faccia (mm)<\/td>\n<td class=\"et2\" style=\"width: 13.3166%;\" width=\"192\">Materiale<\/td>\n<td class=\"et2\" style=\"width: 8.0402%;\" width=\"101\">Angolo di pressione<\/td>\n<td class=\"et2\" style=\"width: 6.40699%;\" width=\"181\">Angolo dell&#039;elica<\/td>\n<td class=\"et2\" style=\"width: 14.5729%;\" width=\"80\">Applicazione<\/td>\n<\/tr>\n<tr style=\"height: 14.40pt;\">\n<td style=\"height: 14.4pt; width: 13.9447%;\" height=\"24\">SMG-20-2-RH<\/td>\n<td style=\"width: 1.25628%;\" align=\"right\">2<\/td>\n<td style=\"width: 6.03015%;\" align=\"right\">20<\/td>\n<td style=\"width: 10.6784%;\">Destra<\/td>\n<td style=\"width: 8.54269%;\" align=\"right\">40<\/td>\n<td style=\"width: 8.54272%;\" align=\"right\">12<\/td>\n<td style=\"width: 10.3015%;\" align=\"right\">9<\/td>\n<td style=\"width: 13.3166%;\">Acciaio temprato<\/td>\n<td style=\"width: 8.0402%;\">20\u00b0<\/td>\n<td style=\"width: 6.40699%;\">35\u00b0<\/td>\n<td style=\"width: 14.5729%;\">Macchinari industriali generali<\/td>\n<\/tr>\n<tr style=\"height: 14.40pt;\">\n<td style=\"height: 14.4pt; width: 13.9447%;\" height=\"24\">SMG-25-3-LH<\/td>\n<td style=\"width: 1.25628%;\" align=\"right\">3<\/td>\n<td style=\"width: 6.03015%;\" align=\"right\">25<\/td>\n<td style=\"width: 10.6784%;\">Mano sinistra<\/td>\n<td style=\"width: 8.54269%;\" align=\"right\">75<\/td>\n<td style=\"width: 8.54272%;\" align=\"right\">20<\/td>\n<td style=\"width: 10.3015%;\" align=\"right\">15<\/td>\n<td style=\"width: 13.3166%;\">Acciaio cementato<\/td>\n<td style=\"width: 8.0402%;\">20\u00b0<\/td>\n<td style=\"width: 6.40699%;\">35\u00b0<\/td>\n<td style=\"width: 14.5729%;\">Trasmissione ad alta coppia<\/td>\n<\/tr>\n<tr style=\"height: 14.40pt;\">\n<td style=\"height: 14.4pt; width: 13.9447%;\" height=\"24\">SMG-15-1.5-RH<\/td>\n<td style=\"width: 1.25628%;\" align=\"right\">1.5<\/td>\n<td style=\"width: 6.03015%;\" align=\"right\">15<\/td>\n<td style=\"width: 10.6784%;\">Destra<\/td>\n<td style=\"width: 8.54269%;\" align=\"right\">22.5<\/td>\n<td style=\"width: 8.54272%;\" align=\"right\">8<\/td>\n<td style=\"width: 10.3015%;\" align=\"right\">7<\/td>\n<td style=\"width: 13.3166%;\">Acciaio inossidabile (SUS303)<\/td>\n<td style=\"width: 8.0402%;\">20\u00b0<\/td>\n<td style=\"width: 6.40699%;\">35\u00b0<\/td>\n<td style=\"width: 14.5729%;\">Attrezzature per la lavorazione alimentare<\/td>\n<\/tr>\n<tr style=\"height: 14.40pt;\">\n<td style=\"height: 14.4pt; width: 13.9447%;\" height=\"24\">SMG-30-4-LH<\/td>\n<td style=\"width: 1.25628%;\" align=\"right\">4<\/td>\n<td style=\"width: 6.03015%;\" align=\"right\">30<\/td>\n<td style=\"width: 10.6784%;\">Mano sinistra<\/td>\n<td style=\"width: 8.54269%;\" align=\"right\">120<\/td>\n<td style=\"width: 8.54272%;\" align=\"right\">25<\/td>\n<td style=\"width: 10.3015%;\" align=\"right\">20<\/td>\n<td style=\"width: 13.3166%;\">Acciaio legato (SCM415)<\/td>\n<td style=\"width: 8.0402%;\">20\u00b0<\/td>\n<td style=\"width: 6.40699%;\">35\u00b0<\/td>\n<td style=\"width: 14.5729%;\">Trasportatori per carichi pesanti<\/td>\n<\/tr>\n<tr style=\"height: 14.40pt;\">\n<td style=\"height: 14.4pt; width: 13.9447%;\" height=\"24\">SMG-18-2.5-RH<\/td>\n<td style=\"width: 1.25628%;\" align=\"right\">2.5<\/td>\n<td style=\"width: 6.03015%;\" align=\"right\">18<\/td>\n<td style=\"width: 10.6784%;\">Destra<\/td>\n<td style=\"width: 8.54269%;\" align=\"right\">45<\/td>\n<td style=\"width: 8.54272%;\" align=\"right\">15<\/td>\n<td style=\"width: 10.3015%;\" align=\"right\">12<\/td>\n<td style=\"width: 13.3166%;\">Acciaio temprato (ossido nero)<\/td>\n<td style=\"width: 8.0402%;\">20\u00b0<\/td>\n<td style=\"width: 6.40699%;\">35\u00b0<\/td>\n<td style=\"width: 14.5729%;\">Sistemi automobilistici<\/td>\n<\/tr>\n<tr style=\"height: 14.40pt;\">\n<td style=\"height: 14.4pt; width: 13.9447%;\" height=\"24\">SMG-12-1-RH<\/td>\n<td style=\"width: 1.25628%;\" align=\"right\">1<\/td>\n<td style=\"width: 6.03015%;\" align=\"right\">12<\/td>\n<td style=\"width: 10.6784%;\">Destra<\/td>\n<td style=\"width: 8.54269%;\" align=\"right\">12<\/td>\n<td style=\"width: 8.54272%;\" align=\"right\">6<\/td>\n<td style=\"width: 10.3015%;\" align=\"right\">5<\/td>\n<td style=\"width: 13.3166%;\">Ottone<\/td>\n<td style=\"width: 8.0402%;\">20\u00b0<\/td>\n<td style=\"width: 6.40699%;\">35\u00b0<\/td>\n<td style=\"width: 14.5729%;\">Strumenti di precisione<\/td>\n<\/tr>\n<tr style=\"height: 14.40pt;\">\n<td style=\"height: 14.4pt; width: 13.9447%;\" height=\"24\">SMG-35-5-LH<\/td>\n<td style=\"width: 1.25628%;\" align=\"right\">5<\/td>\n<td style=\"width: 6.03015%;\" align=\"right\">35<\/td>\n<td style=\"width: 10.6784%;\">Mano sinistra<\/td>\n<td style=\"width: 8.54269%;\" align=\"right\">175<\/td>\n<td style=\"width: 8.54272%;\" align=\"right\">30<\/td>\n<td style=\"width: 10.3015%;\" align=\"right\">25<\/td>\n<td style=\"width: 13.3166%;\">Acciaio temprato<\/td>\n<td style=\"width: 8.0402%;\">20\u00b0<\/td>\n<td style=\"width: 6.40699%;\">35\u00b0<\/td>\n<td style=\"width: 14.5729%;\">Attrezzature minerarie<\/td>\n<\/tr>\n<tr style=\"height: 14.40pt;\">\n<td style=\"height: 14.4pt; width: 13.9447%;\" height=\"24\">Mitragliatrice SMG-16-2-LH<\/td>\n<td style=\"width: 1.25628%;\" align=\"right\">2<\/td>\n<td style=\"width: 6.03015%;\" align=\"right\">16<\/td>\n<td style=\"width: 10.6784%;\">Mano sinistra<\/td>\n<td style=\"width: 8.54269%;\" align=\"right\">32<\/td>\n<td style=\"width: 8.54272%;\" align=\"right\">10<\/td>\n<td style=\"width: 10.3015%;\" align=\"right\">8<\/td>\n<td style=\"width: 13.3166%;\">Acciaio inossidabile (SUS304)<\/td>\n<td style=\"width: 8.0402%;\">20\u00b0<\/td>\n<td style=\"width: 6.40699%;\">35\u00b0<\/td>\n<td style=\"width: 14.5729%;\">Applicazioni marine<\/td>\n<\/tr>\n<tr style=\"height: 14.40pt;\">\n<td style=\"height: 14.4pt; width: 13.9447%;\" height=\"24\">SMG-22-3-RH<\/td>\n<td style=\"width: 1.25628%;\" align=\"right\">3<\/td>\n<td style=\"width: 6.03015%;\" align=\"right\">22<\/td>\n<td style=\"width: 10.6784%;\">Destra<\/td>\n<td style=\"width: 8.54269%;\" align=\"right\">66<\/td>\n<td style=\"width: 8.54272%;\" align=\"right\">18<\/td>\n<td style=\"width: 10.3015%;\" align=\"right\">14<\/td>\n<td style=\"width: 13.3166%;\">Acciaio legato (SCM435)<\/td>\n<td style=\"width: 8.0402%;\">20\u00b0<\/td>\n<td style=\"width: 6.40699%;\">35\u00b0<\/td>\n<td style=\"width: 14.5729%;\">Robotica<\/td>\n<\/tr>\n<tr style=\"height: 14.40pt;\">\n<td style=\"height: 14.4pt; width: 13.9447%;\" height=\"24\">SMG-28-4-RH<\/td>\n<td style=\"width: 1.25628%;\" align=\"right\">4<\/td>\n<td style=\"width: 6.03015%;\" align=\"right\">28<\/td>\n<td style=\"width: 10.6784%;\">Destra<\/td>\n<td style=\"width: 8.54269%;\" align=\"right\">112<\/td>\n<td style=\"width: 8.54272%;\" align=\"right\">22<\/td>\n<td style=\"width: 10.3015%;\" align=\"right\">18<\/td>\n<td style=\"width: 13.3166%;\">Acciaio cementato<\/td>\n<td style=\"width: 8.0402%;\">20\u00b0<\/td>\n<td style=\"width: 6.40699%;\">35\u00b0<\/td>\n<td style=\"width: 14.5729%;\">Macchinari da costruzione<\/td>\n<\/tr>\n<\/tbody>\n<\/table>\n<h2>Caratteristiche degli ingranaggi a spirale obliqua<\/h2>\n<div>\n<ul>\n<li class=\"break-words\"><strong>Design dei denti elicoidali<\/strong>:Gli ingranaggi a spirale obliqua presentano denti elicoidali curvi, consentendo un innesto graduale, un funzionamento pi\u00f9 fluido e una rumorosit\u00e0 ridotta rispetto agli ingranaggi a taglio dritto.<\/li>\n<li class=\"break-words\"><strong>Elevata capacit\u00e0 di carico<\/strong>:La configurazione dei denti a spirale distribuisce le forze in modo pi\u00f9 uniforme sui denti degli ingranaggi, consentendo a questi ultimi di gestire efficacemente coppie pi\u00f9 elevate e carichi pi\u00f9 pesanti.<\/li>\n<li class=\"break-words\"><strong>Trasmissione di potenza ad angolo retto<\/strong>: Questi ingranaggi sono progettati per trasmettere potenza tra due alberi che si intersecano formando un angolo di 90 gradi, il che li rende ideali per sistemi meccanici compatti.<\/li>\n<li class=\"break-words\"><strong>Efficienza migliorata<\/strong>: Il design elicoidale riduce al minimo le vibrazioni e il gioco, garantendo maggiore efficienza e precisione nelle applicazioni di trasferimento di potenza.<\/li>\n<li class=\"break-words\"><strong>Durata e longevit\u00e0<\/strong>: Realizzati con materiali di alta qualit\u00e0 e progettati per un contatto ottimale dei denti, gli ingranaggi a spirale obliqua offrono una maggiore resistenza all&#039;usura e una maggiore durata.<\/li>\n<\/ul>\n<p><img loading=\"lazy\" decoding=\"async\" class=\"alignnone size-full wp-image-7034\" src=\"https:\/\/fmp-components.com\/wp-content\/uploads\/2025\/03\/Spiral-Miter-Gears-Product.webp\" alt=\"Ingranaggi a spirale obliqua Prodotto\" width=\"1200\" height=\"1200\" title=\"\" srcset=\"https:\/\/fmp-components.com\/wp-content\/uploads\/2025\/03\/Spiral-Miter-Gears-Product.webp 1200w, https:\/\/fmp-components.com\/wp-content\/uploads\/2025\/03\/Spiral-Miter-Gears-Product-980x980.webp 980w, https:\/\/fmp-components.com\/wp-content\/uploads\/2025\/03\/Spiral-Miter-Gears-Product-480x480.webp 480w\" sizes=\"(min-width: 0px) and (max-width: 480px) 480px, (min-width: 481px) and (max-width: 980px) 980px, (min-width: 981px) 1200px, 100vw\" \/><\/p>\n<\/div>\n<\/div>\n<div data-scroll-horizontal=\"wrap-body\">\n<h2>Informazioni su FMP<\/h2>\n<p>FMP \u00e8 un produttore italiano leader di ingranaggi e cremagliere, rinomato per la sua competenza nella produzione sia di componenti standard che di soluzioni personalizzate. Oltre alla nostra gamma di parti standard, FMP \u00e8 specializzata nella realizzazione di ingranaggi standard e specializzati basati su disegni o campioni forniti dai nostri clienti. I nostri ingranaggi sono disponibili in una variet\u00e0 di materiali, tra cui acciaio al carbonio, acciaio inossidabile, alluminio, rame, ottone e configurazioni elicoidali o cilindriche in plastica. Se hai esigenze per prodotti di ingranaggi personalizzati, non esitare a contattarci via e-mail. Il team dedicato di ingegneri professionisti di FMP risponder\u00e0 alla tua richiesta entro 24 ore.<\/p>\n<p><img loading=\"lazy\" decoding=\"async\" class=\"alignnone size-full wp-image-7010\" src=\"https:\/\/fmp-components.com\/wp-content\/uploads\/2025\/03\/bevel-gear-3.webp\" alt=\"ingranaggio conico\" width=\"1076\" height=\"721\" title=\"\" srcset=\"https:\/\/fmp-components.com\/wp-content\/uploads\/2025\/03\/bevel-gear-3.webp 1076w, https:\/\/fmp-components.com\/wp-content\/uploads\/2025\/03\/bevel-gear-3-980x657.webp 980w, https:\/\/fmp-components.com\/wp-content\/uploads\/2025\/03\/bevel-gear-3-480x322.webp 480w\" sizes=\"(min-width: 0px) and (max-width: 480px) 480px, (min-width: 481px) and (max-width: 980px) 980px, (min-width: 981px) 1076px, 100vw\" \/><\/p>\n<\/div>","protected":false},"excerpt":{"rendered":"<p>Spiral Miter Gears are a type of bevel gear with helical teeth designed to transmit power between intersecting shafts at a right angle, offering smoother operation and higher load capacity compared to straight miter gears. At FMP Company, we manufacture a wide variety of Spiral Miter Gears and also offer customization to meet your specific [&hellip;]<\/p>","protected":false},"featured_media":4344,"comment_status":"open","ping_status":"closed","template":"","meta":{"_et_pb_use_builder":"","_et_pb_old_content":"","_et_gb_content_width":""},"product_brand":[],"product_cat":[15],"product_tag":[],"class_list":{"0":"post-7032","1":"product","2":"type-product","3":"status-publish","4":"has-post-thumbnail","6":"product_cat-uncategorized","8":"first","9":"instock","10":"shipping-taxable","11":"product-type-simple"},"_links":{"self":[{"href":"https:\/\/fmp-components.com\/it\/wp-json\/wp\/v2\/product\/7032","targetHints":{"allow":["GET"]}}],"collection":[{"href":"https:\/\/fmp-components.com\/it\/wp-json\/wp\/v2\/product"}],"about":[{"href":"https:\/\/fmp-components.com\/it\/wp-json\/wp\/v2\/types\/product"}],"replies":[{"embeddable":true,"href":"https:\/\/fmp-components.com\/it\/wp-json\/wp\/v2\/comments?post=7032"}],"wp:featuredmedia":[{"embeddable":true,"href":"https:\/\/fmp-components.com\/it\/wp-json\/wp\/v2\/media\/4344"}],"wp:attachment":[{"href":"https:\/\/fmp-components.com\/it\/wp-json\/wp\/v2\/media?parent=7032"}],"wp:term":[{"taxonomy":"product_brand","embeddable":true,"href":"https:\/\/fmp-components.com\/it\/wp-json\/wp\/v2\/product_brand?post=7032"},{"taxonomy":"product_cat","embeddable":true,"href":"https:\/\/fmp-components.com\/it\/wp-json\/wp\/v2\/product_cat?post=7032"},{"taxonomy":"product_tag","embeddable":true,"href":"https:\/\/fmp-components.com\/it\/wp-json\/wp\/v2\/product_tag?post=7032"}],"curies":[{"name":"parola chiave","href":"https:\/\/api.w.org\/{rel}","templated":true}]}}