{"id":7030,"date":"2025-03-14T07:40:07","date_gmt":"2025-03-14T07:40:07","guid":{"rendered":"https:\/\/fmp-components.com\/?post_type=product&#038;p=7030"},"modified":"2025-03-27T01:25:11","modified_gmt":"2025-03-27T01:25:11","slug":"straight-bevel-gear","status":"publish","type":"product","link":"https:\/\/fmp-components.com\/it\/product\/straight-bevel-gear\/","title":{"rendered":"Ingranaggio conico dritto"},"content":{"rendered":"<p>Un ingranaggio conico dritto \u00e8 un tipo di <a href=\"https:\/\/fmp-components.com\/it\/bevel-gear-2\/\">ingranaggio conico<\/a> Con denti dritti e conici tagliati lungo la superficie conica dell&#039;ingranaggio, progettati per trasmettere potenza in modo efficiente tra alberi intersecanti, tipicamente con un angolo di 90 gradi, offrendo semplicit\u00e0 e affidabilit\u00e0 in applicazioni come differenziali automobilistici e macchinari. In FMP Company, produciamo con orgoglio un&#039;ampia gamma di ingranaggi conici, inclusi tipi dritti, a spirale ed elicoidali, e offriamo anche soluzioni personalizzate per soddisfare le vostre esigenze specifiche. Se non trovate il modello che vi serve nel nostro elenco prodotti, significa semplicemente che non abbiamo ancora avuto la possibilit\u00e0 di aggiornarlo: non esitate a inviarci un&#039;e-mail con le specifiche desiderate e i nostri ingegneri vi risponderanno entro 24 ore con assistenza personalizzata.<\/p>\n<h2>Specificazione<\/h2>\n<table class=\"table\" border=\"1\" width=\"100%\" cellspacing=\"0\" cellpadding=\"0\">\n<tbody>\n<tr class=\"firstRow\">\n<td valign=\"center\" width=\"132\">Numero di modello<\/td>\n<td valign=\"center\" width=\"491\">M3, M4, M5, M8, M12 e cos\u00ec via.<\/td>\n<\/tr>\n<tr>\n<td valign=\"center\" width=\"132\">Materiale<\/td>\n<td valign=\"center\" width=\"491\">Ottone, acciaio C45, acciaio inossidabile, rame, POM, alluminio, lega e cos\u00ec via<\/td>\n<\/tr>\n<tr>\n<td valign=\"center\" width=\"132\">Trattamento superficiale<\/td>\n<td valign=\"center\" width=\"491\">Zincato, Nichelato, Passivazione, Ossidazione, Anodizzazione,<br \/>\nGeomet, Dacromet, Ossido nero, Fosfatazione, Verniciatura a polvere ed Elettroforesi<\/td>\n<\/tr>\n<tr>\n<td valign=\"center\" width=\"132\">Standard<\/td>\n<td valign=\"center\" width=\"491\">ISO, DIN, ANSI, JIS, BS e non standard.<\/td>\n<\/tr>\n<tr>\n<td valign=\"center\" width=\"132\">Precisione<\/td>\n<td valign=\"center\" width=\"491\">DIN6, DIN7, DIN8, DIN9.<\/td>\n<\/tr>\n<tr>\n<td valign=\"center\" width=\"132\">Trattamento dei denti<\/td>\n<td valign=\"center\" width=\"491\">Temprato, fresato o rettificato<\/td>\n<\/tr>\n<tr>\n<td valign=\"center\" width=\"132\">Tolleranza<\/td>\n<td valign=\"center\" width=\"491\">0,001 mm-0,01 mm-0,1 mm<\/td>\n<\/tr>\n<tr>\n<td valign=\"center\" width=\"132\">Fine<\/td>\n<td valign=\"center\" width=\"491\">sabbiatura, trattamento termico, ricottura, tempra, lucidatura, anodizzazione, zincatura<\/td>\n<\/tr>\n<tr>\n<td valign=\"center\" width=\"132\">Articoli da imballaggio<\/td>\n<td valign=\"center\" width=\"491\">Sacchetto di plastica + cartoni o imballaggio in legno<\/td>\n<\/tr>\n<tr>\n<td valign=\"center\" width=\"132\">Termini di pagamento<\/td>\n<td valign=\"center\" width=\"491\">T\/T, lettera di credito<\/td>\n<\/tr>\n<tr>\n<td valign=\"center\" width=\"132\">Tempi di produzione<\/td>\n<td valign=\"center\" width=\"491\">20 giorni lavorativi per il campione, 25 giorni per la maggior parte<\/td>\n<\/tr>\n<tr>\n<td valign=\"center\" width=\"132\">Campioni<\/td>\n<td valign=\"center\" width=\"491\">Intervallo di prezzo campione da $2 a $100.<br \/>\nrichiesta espressa di esempio pagata dai clienti<\/td>\n<\/tr>\n<tr>\n<td valign=\"center\" width=\"132\">Applicazione<\/td>\n<td valign=\"center\" width=\"491\">1. Macchina di controllo automatico<br \/>\n2. Industria dei semiconduttori<br \/>\n3. Macchinari per l&#039;industria generale<br \/>\n4. Attrezzature mediche<br \/>\n5. Attrezzature per l&#039;energia solare<br \/>\n6. Macchina utensile<br \/>\n7. Sistema di parcheggio<br \/>\n8. Attrezzature per il trasporto ferroviario e aereo ad alta velocit\u00e0, ecc.<\/td>\n<\/tr>\n<\/tbody>\n<\/table>\n<h2>Caratteristiche degli ingranaggi conici dritti<\/h2>\n<div>\n<ul>\n<li class=\"break-words\"><strong>Design dei denti dritti<\/strong>:Gli ingranaggi conici dritti hanno denti tagliati dritti e rastremati lungo la superficie conica, offrendo una progettazione semplice ed efficace per la trasmissione di potenza tra alberi che si intersecano.<\/li>\n<li class=\"break-words\"><strong>Trasferimento di potenza efficiente<\/strong>: Questi ingranaggi sono progettati per trasferire la coppia in modo fluido e affidabile, in genere con un angolo di 90 gradi, il che li rende adatti per applicazioni quali differenziali per autoveicoli e macchinari di base.<\/li>\n<li class=\"break-words\"><strong>Produzione conveniente<\/strong>: La geometria semplice dei denti consente una produzione pi\u00f9 semplice e meno costosa rispetto agli ingranaggi conici a spirale o elicoidali, offrendo un&#039;opzione economica per molti sistemi.<\/li>\n<li class=\"break-words\"><strong>Capacit\u00e0 di carico moderata<\/strong>: Sebbene siano in grado di gestire carichi moderati, gli ingranaggi conici dritti hanno una superficie di contatto dei denti inferiore rispetto ai modelli a spirale, il che li rende pi\u00f9 adatti ad applicazioni con requisiti di coppia o velocit\u00e0 inferiori.<\/li>\n<li class=\"break-words\"><strong>Compatto e versatile<\/strong>:La loro forma conica consente un&#039;integrazione compatta nei sistemi meccanici, garantendo versatilit\u00e0 in layout in cui lo spazio \u00e8 limitato, anche se possono produrre pi\u00f9 rumore e vibrazioni in condizioni di alta velocit\u00e0.<\/li>\n<\/ul>\n<p><img loading=\"lazy\" decoding=\"async\" class=\"alignnone size-full wp-image-7031\" src=\"https:\/\/fmp-components.com\/wp-content\/uploads\/2025\/03\/Straight-Bevel-Gear-1.webp\" alt=\"Ingranaggio conico dritto\" width=\"969\" height=\"648\" title=\"\" srcset=\"https:\/\/fmp-components.com\/wp-content\/uploads\/2025\/03\/Straight-Bevel-Gear-1.webp 969w, https:\/\/fmp-components.com\/wp-content\/uploads\/2025\/03\/Straight-Bevel-Gear-1-480x321.webp 480w\" sizes=\"(min-width: 0px) and (max-width: 480px) 480px, (min-width: 481px) 969px, 100vw\" \/><\/p>\n<\/div>\n<h2>Informazioni su FMP<\/h2>\n<p>FMP \u00e8 un produttore italiano leader di ingranaggi e cremagliere, rinomato per la sua competenza nella produzione sia di componenti standard che di soluzioni personalizzate. Oltre alla nostra gamma di parti standard, FMP \u00e8 specializzata nella realizzazione di ingranaggi standard e specializzati basati su disegni o campioni forniti dai nostri clienti. I nostri ingranaggi sono disponibili in una variet\u00e0 di materiali, tra cui acciaio al carbonio, acciaio inossidabile, alluminio, rame, ottone e configurazioni elicoidali o cilindriche in plastica. Se hai esigenze per prodotti di ingranaggi personalizzati, non esitare a contattarci via e-mail. Il team dedicato di ingegneri professionisti di FMP risponder\u00e0 alla tua richiesta entro 24 ore.<\/p>\n<p><img loading=\"lazy\" decoding=\"async\" class=\"alignnone size-full wp-image-7010\" src=\"https:\/\/fmp-components.com\/wp-content\/uploads\/2025\/03\/bevel-gear-3.webp\" alt=\"ingranaggio conico\" width=\"1076\" height=\"721\" title=\"\" srcset=\"https:\/\/fmp-components.com\/wp-content\/uploads\/2025\/03\/bevel-gear-3.webp 1076w, https:\/\/fmp-components.com\/wp-content\/uploads\/2025\/03\/bevel-gear-3-980x657.webp 980w, https:\/\/fmp-components.com\/wp-content\/uploads\/2025\/03\/bevel-gear-3-480x322.webp 480w\" sizes=\"(min-width: 0px) and (max-width: 480px) 480px, (min-width: 481px) and (max-width: 980px) 980px, (min-width: 981px) 1076px, 100vw\" \/><\/p>","protected":false},"excerpt":{"rendered":"<p>A straight bevel gear is a type of bevel gear with straight, tapered teeth cut along the gear\u2019s conical surface, designed to transmit power efficiently between intersecting shafts, typically at a 90-degree angle, offering simplicity and reliability in applications like automotive differentials and machinery. At FMP Company, we proudly manufacture a wide range of bevel [&hellip;]<\/p>","protected":false},"featured_media":4345,"comment_status":"open","ping_status":"closed","template":"","meta":{"_et_pb_use_builder":"","_et_pb_old_content":"","_et_gb_content_width":""},"product_brand":[],"product_cat":[106],"product_tag":[],"class_list":{"0":"post-7030","1":"product","2":"type-product","3":"status-publish","4":"has-post-thumbnail","6":"product_cat-bevel-gears","8":"first","9":"instock","10":"shipping-taxable","11":"product-type-simple"},"_links":{"self":[{"href":"https:\/\/fmp-components.com\/it\/wp-json\/wp\/v2\/product\/7030","targetHints":{"allow":["GET"]}}],"collection":[{"href":"https:\/\/fmp-components.com\/it\/wp-json\/wp\/v2\/product"}],"about":[{"href":"https:\/\/fmp-components.com\/it\/wp-json\/wp\/v2\/types\/product"}],"replies":[{"embeddable":true,"href":"https:\/\/fmp-components.com\/it\/wp-json\/wp\/v2\/comments?post=7030"}],"wp:featuredmedia":[{"embeddable":true,"href":"https:\/\/fmp-components.com\/it\/wp-json\/wp\/v2\/media\/4345"}],"wp:attachment":[{"href":"https:\/\/fmp-components.com\/it\/wp-json\/wp\/v2\/media?parent=7030"}],"wp:term":[{"taxonomy":"product_brand","embeddable":true,"href":"https:\/\/fmp-components.com\/it\/wp-json\/wp\/v2\/product_brand?post=7030"},{"taxonomy":"product_cat","embeddable":true,"href":"https:\/\/fmp-components.com\/it\/wp-json\/wp\/v2\/product_cat?post=7030"},{"taxonomy":"product_tag","embeddable":true,"href":"https:\/\/fmp-components.com\/it\/wp-json\/wp\/v2\/product_tag?post=7030"}],"curies":[{"name":"parola chiave","href":"https:\/\/api.w.org\/{rel}","templated":true}]}}