{"id":7026,"date":"2025-03-14T07:30:53","date_gmt":"2025-03-14T07:30:53","guid":{"rendered":"https:\/\/fmp-components.com\/?post_type=product&#038;p=7026"},"modified":"2025-03-27T01:25:36","modified_gmt":"2025-03-27T01:25:36","slug":"helical-bevel-gear","status":"publish","type":"product","link":"https:\/\/fmp-components.com\/it\/product\/helical-bevel-gear\/","title":{"rendered":"Ingranaggio conico elicoidale"},"content":{"rendered":"<table style=\"border-collapse: collapse; width: 99.2%; height: 7px;\" border=\"0\" width=\"163\" cellspacing=\"0\" cellpadding=\"0\">\n<tbody>\n<tr style=\"height: 14.40pt;\">\n<td style=\"height: 14.40pt; width: 49.80pt;\" width=\"83\" height=\"24\"><img loading=\"lazy\" decoding=\"async\" class=\"alignnone size-full wp-image-7027\" src=\"https:\/\/fmp-components.com\/wp-content\/uploads\/2025\/03\/helical-bevel-gear-3.webp\" alt=\"ingranaggio conico elicoidale\" width=\"850\" height=\"589\" title=\"\" srcset=\"https:\/\/fmp-components.com\/wp-content\/uploads\/2025\/03\/helical-bevel-gear-3.webp 850w, https:\/\/fmp-components.com\/wp-content\/uploads\/2025\/03\/helical-bevel-gear-3-480x333.webp 480w\" sizes=\"(min-width: 0px) and (max-width: 480px) 480px, (min-width: 481px) 850px, 100vw\" \/><\/td>\n<td style=\"width: 48.00pt;\" align=\"right\" width=\"80\"><img loading=\"lazy\" decoding=\"async\" class=\"alignnone size-full wp-image-7028\" src=\"https:\/\/fmp-components.com\/wp-content\/uploads\/2025\/03\/helical-bevel-gear-2.webp\" alt=\"ingranaggio conico elicoidale\" width=\"835\" height=\"612\" title=\"\" srcset=\"https:\/\/fmp-components.com\/wp-content\/uploads\/2025\/03\/helical-bevel-gear-2.webp 835w, https:\/\/fmp-components.com\/wp-content\/uploads\/2025\/03\/helical-bevel-gear-2-480x352.webp 480w\" sizes=\"(min-width: 0px) and (max-width: 480px) 480px, (min-width: 481px) 835px, 100vw\" \/><\/td>\n<\/tr>\n<\/tbody>\n<\/table>\n<table class=\"table\" border=\"1\" width=\"100%\" cellspacing=\"0\" cellpadding=\"0\">\n<tbody>\n<tr class=\"firstRow\">\n<td valign=\"center\" width=\"132\">Numero di modello<\/td>\n<td valign=\"center\" width=\"491\">M3, M4, M5, M8, M12 e cos\u00ec via.<\/td>\n<\/tr>\n<tr>\n<td valign=\"center\" width=\"132\">Materiale<\/td>\n<td valign=\"center\" width=\"491\">Ottone, acciaio C45, acciaio inossidabile, rame, POM, alluminio, lega e cos\u00ec via<\/td>\n<\/tr>\n<tr>\n<td valign=\"center\" width=\"132\">Trattamento superficiale<\/td>\n<td valign=\"center\" width=\"491\">Zincato, Nichelato, Passivazione, Ossidazione, Anodizzazione,<br \/>\nGeomet, Dacromet, Ossido nero, Fosfatazione, Verniciatura a polvere ed Elettroforesi<\/td>\n<\/tr>\n<tr>\n<td valign=\"center\" width=\"132\">Standard<\/td>\n<td valign=\"center\" width=\"491\">ISO, DIN, ANSI, JIS, BS e non standard.<\/td>\n<\/tr>\n<tr>\n<td valign=\"center\" width=\"132\">Precisione<\/td>\n<td valign=\"center\" width=\"491\">DIN6, DIN7, DIN8, DIN9.<\/td>\n<\/tr>\n<tr>\n<td valign=\"center\" width=\"132\">Trattamento dei denti<\/td>\n<td valign=\"center\" width=\"491\">Temprato, fresato o rettificato<\/td>\n<\/tr>\n<tr>\n<td valign=\"center\" width=\"132\">Tolleranza<\/td>\n<td valign=\"center\" width=\"491\">0,001 mm-0,01 mm-0,1 mm<\/td>\n<\/tr>\n<tr>\n<td valign=\"center\" width=\"132\">Fine<\/td>\n<td valign=\"center\" width=\"491\">sabbiatura, trattamento termico, ricottura, tempra, lucidatura, anodizzazione, zincatura<\/td>\n<\/tr>\n<tr>\n<td valign=\"center\" width=\"132\">Articoli da imballaggio<\/td>\n<td valign=\"center\" width=\"491\">Sacchetto di plastica + cartoni o imballaggio in legno<\/td>\n<\/tr>\n<tr>\n<td valign=\"center\" width=\"132\">Termini di pagamento<\/td>\n<td valign=\"center\" width=\"491\">T\/T, lettera di credito<\/td>\n<\/tr>\n<tr>\n<td valign=\"center\" width=\"132\">Tempi di produzione<\/td>\n<td valign=\"center\" width=\"491\">20 giorni lavorativi per il campione, 25 giorni per la maggior parte<\/td>\n<\/tr>\n<tr>\n<td valign=\"center\" width=\"132\">Campioni<\/td>\n<td valign=\"center\" width=\"491\">Intervallo di prezzo campione da $2 a $100.<br \/>\nrichiesta espressa di esempio pagata dai clienti<\/td>\n<\/tr>\n<tr>\n<td valign=\"center\" width=\"132\">Applicazione<\/td>\n<td valign=\"center\" width=\"491\">1. Macchina di controllo automatico<br \/>\n2. Industria dei semiconduttori<br \/>\n3. Macchinari per l&#039;industria generale<br \/>\n4. Attrezzature mediche<br \/>\n5. Attrezzature per l&#039;energia solare<br \/>\n6. Macchina utensile<br \/>\n7. Sistema di parcheggio<br \/>\n8. Attrezzature per il trasporto ferroviario e aereo ad alta velocit\u00e0, ecc.<\/td>\n<\/tr>\n<\/tbody>\n<\/table>\n<h2>Caratteristiche degli ingranaggi conici elicoidali<\/h2>\n<div>\n<ul>\n<li class=\"break-words\"><strong>Configurazione dei denti elicoidali<\/strong>: Gli ingranaggi conici elicoidali combinano i denti angolati di <a href=\"https:\/\/fmp-components.com\/it\/bevel-gear-2\/\">ingranaggi conici<\/a> con una torsione elicoidale, in cui i denti sono curvi e inclinati, consentendo un contatto graduale e un innesto pi\u00f9 fluido rispetto agli ingranaggi conici dritti.<\/li>\n<li class=\"break-words\"><strong>Capacit\u00e0 di carico migliorata<\/strong>:Il design elicoidale distribuisce le forze su pi\u00f9 denti durante l&#039;accoppiamento, migliorando la capacit\u00e0 dell&#039;ingranaggio di gestire carichi e coppie pi\u00f9 elevati, rendendolo adatto ad applicazioni automobilistiche e industriali pesanti.<\/li>\n<li class=\"break-words\"><strong>Riduzione del rumore e delle vibrazioni<\/strong>: L&#039;innesto graduale dei denti dovuto all&#039;angolo elicoidale riduce al minimo l&#039;impatto e lo slittamento, garantendo un funzionamento pi\u00f9 silenzioso e minori vibrazioni, ideale per macchinari di precisione e trasmissioni di veicoli.<\/li>\n<li class=\"break-words\"><strong>Trasmissione di potenza angolata<\/strong>:Come altri ingranaggi conici, gli ingranaggi conici elicoidali trasmettono potenza tra alberi che si intersecano (in genere a 90 gradi), offrendo versatilit\u00e0 in configurazioni compatte come cambi e sistemi differenziali.<\/li>\n<li class=\"break-words\"><strong>Alta efficienza e durata<\/strong>: Realizzati con materiali robusti come l&#039;acciaio temprato e abbinati a una lubrificazione adeguata, questi ingranaggi garantiscono un&#039;efficienza eccellente e una lunga durata in condizioni difficili, bilanciando prestazioni e resistenza all&#039;usura.<\/li>\n<\/ul>\n<\/div>\n<p><img loading=\"lazy\" decoding=\"async\" class=\"alignnone size-full wp-image-7029\" src=\"https:\/\/fmp-components.com\/wp-content\/uploads\/2025\/03\/helical-bevel-gear-1.webp\" alt=\"ingranaggio conico elicoidale\" width=\"1000\" height=\"1000\" title=\"\" srcset=\"https:\/\/fmp-components.com\/wp-content\/uploads\/2025\/03\/helical-bevel-gear-1.webp 1000w, https:\/\/fmp-components.com\/wp-content\/uploads\/2025\/03\/helical-bevel-gear-1-980x980.webp 980w, https:\/\/fmp-components.com\/wp-content\/uploads\/2025\/03\/helical-bevel-gear-1-480x480.webp 480w\" sizes=\"(min-width: 0px) and (max-width: 480px) 480px, (min-width: 481px) and (max-width: 980px) 980px, (min-width: 981px) 1000px, 100vw\" \/><\/p>\n<h2>Informazioni su FMP<\/h2>\n<p>FMP \u00e8 un produttore italiano leader di ingranaggi e cremagliere, rinomato per la sua competenza nella produzione sia di componenti standard che di soluzioni personalizzate. Oltre alla nostra gamma di parti standard, FMP \u00e8 specializzata nella realizzazione di ingranaggi standard e specializzati basati su disegni o campioni forniti dai nostri clienti. I nostri ingranaggi sono disponibili in una variet\u00e0 di materiali, tra cui acciaio al carbonio, acciaio inossidabile, alluminio, rame, ottone e configurazioni elicoidali o cilindriche in plastica. Se hai esigenze per prodotti di ingranaggi personalizzati, non esitare a contattarci via e-mail. Il team dedicato di ingegneri professionisti di FMP risponder\u00e0 alla tua richiesta entro 24 ore.<\/p>\n<p><img loading=\"lazy\" decoding=\"async\" class=\"alignnone size-full wp-image-7010\" src=\"https:\/\/fmp-components.com\/wp-content\/uploads\/2025\/03\/bevel-gear-3.webp\" alt=\"ingranaggio conico\" width=\"1076\" height=\"721\" title=\"\" srcset=\"https:\/\/fmp-components.com\/wp-content\/uploads\/2025\/03\/bevel-gear-3.webp 1076w, https:\/\/fmp-components.com\/wp-content\/uploads\/2025\/03\/bevel-gear-3-980x657.webp 980w, https:\/\/fmp-components.com\/wp-content\/uploads\/2025\/03\/bevel-gear-3-480x322.webp 480w\" sizes=\"(min-width: 0px) and (max-width: 480px) 480px, (min-width: 481px) and (max-width: 980px) 980px, (min-width: 981px) 1076px, 100vw\" \/><\/p>","protected":false},"excerpt":{"rendered":"<p>Model Number M3,M4,M5,M8,M12 and etc. Material Brass, C45 steel, Stainless steel, Copper, POM, Aluminum, Alloy, and so on Surface treatment Zinc-plated, Nickel plated, Passivation, Oxidation, Anodization, Geomet, Dacromet, Black Oxide, Phosphatizing, Powder Coating, and Electrophoresis Standard ISO, DIN, ANSI, JIS, BS, and Non-standard. Precision DIN6,DIN7,DIN8,DIN9. Teeth treatment Hardened, Milled, or Ground Tolerance 0.001mm-0.01mm-0.1mm Finish shot\/sandblast, [&hellip;]<\/p>","protected":false},"featured_media":4335,"comment_status":"open","ping_status":"closed","template":"","meta":{"_et_pb_use_builder":"","_et_pb_old_content":"","_et_gb_content_width":""},"product_brand":[],"product_cat":[106],"product_tag":[],"class_list":{"0":"post-7026","1":"product","2":"type-product","3":"status-publish","4":"has-post-thumbnail","6":"product_cat-bevel-gears","8":"first","9":"instock","10":"shipping-taxable","11":"product-type-simple"},"_links":{"self":[{"href":"https:\/\/fmp-components.com\/it\/wp-json\/wp\/v2\/product\/7026","targetHints":{"allow":["GET"]}}],"collection":[{"href":"https:\/\/fmp-components.com\/it\/wp-json\/wp\/v2\/product"}],"about":[{"href":"https:\/\/fmp-components.com\/it\/wp-json\/wp\/v2\/types\/product"}],"replies":[{"embeddable":true,"href":"https:\/\/fmp-components.com\/it\/wp-json\/wp\/v2\/comments?post=7026"}],"wp:featuredmedia":[{"embeddable":true,"href":"https:\/\/fmp-components.com\/it\/wp-json\/wp\/v2\/media\/4335"}],"wp:attachment":[{"href":"https:\/\/fmp-components.com\/it\/wp-json\/wp\/v2\/media?parent=7026"}],"wp:term":[{"taxonomy":"product_brand","embeddable":true,"href":"https:\/\/fmp-components.com\/it\/wp-json\/wp\/v2\/product_brand?post=7026"},{"taxonomy":"product_cat","embeddable":true,"href":"https:\/\/fmp-components.com\/it\/wp-json\/wp\/v2\/product_cat?post=7026"},{"taxonomy":"product_tag","embeddable":true,"href":"https:\/\/fmp-components.com\/it\/wp-json\/wp\/v2\/product_tag?post=7026"}],"curies":[{"name":"parola chiave","href":"https:\/\/api.w.org\/{rel}","templated":true}]}}