{"id":6943,"date":"2025-03-13T03:22:40","date_gmt":"2025-03-13T03:22:40","guid":{"rendered":"https:\/\/fmp-components.com\/?post_type=product&#038;p=6943"},"modified":"2025-03-27T01:33:31","modified_gmt":"2025-03-27T01:33:31","slug":"90-degree-bevel-gears","status":"publish","type":"product","link":"https:\/\/fmp-components.com\/it\/product\/90-degree-bevel-gears\/","title":{"rendered":"Ingranaggi conici a 90 gradi"},"content":{"rendered":"<div>\n<h2>Informazioni sugli ingranaggi conici a 90 gradi<\/h2>\n<p>90 gradi <a href=\"https:\/\/fmp-components.com\/it\/bevel-gear-2\/\">Ingranaggi conici<\/a> sono parti fantastiche che aiutano a far passare l&#039;energia tra due barre che si collegano in un angolo, formando un angolo di 90 gradi. Li puoi trovare in un sacco di cose, come automobili, aerei, macchine enormi e persino robot, perch\u00e9 sono davvero bravi a inviare energia in piccole e attente torsioni. Questi ingranaggi hanno la forma di coni e hanno diversi tipi di denti: dritti, a spirale riccia o un tipo speciale chiamato zerol. Ci\u00f2 significa che possono funzionare per compiti facili e lenti o veloci e difficili, il che li rende super utili per costruire cose oggi.<\/p>\n<p>Presso FMP Company, possiamo realizzare tutti i tipi di ingranaggi conici a 90 gradi, come quelli dritti, quelli a spirale e persino set che vengono forniti in scatole, tutti realizzati in modo davvero robusto e ben fatto. Possiamo anche realizzarli proprio come preferisci, con il numero perfetto di denti, il materiale giusto (come metallo o plastica) e le dimensioni di cui hai bisogno. Se non vedi l&#039;ingranaggio che desideri nella nostra lista, non preoccuparti: significa solo che non lo abbiamo ancora aggiunto. Inviaci semplicemente un&#039;e-mail indicandoci di cosa hai bisogno e i nostri ingegneri ti risponderanno entro 24 ore con un&#039;ottima soluzione per il tuo progetto!<\/p>\n<table style=\"width: 100%;\" border=\"0\" width=\"100%\" cellspacing=\"0\" cellpadding=\"0\">\n<tbody>\n<tr style=\"height: 14.40pt;\">\n<td style=\"height: 14.4pt; width: 50.6281%;\" align=\"right\" width=\"80\" height=\"24\"><img loading=\"lazy\" decoding=\"async\" class=\"alignnone wp-image-6949\" src=\"https:\/\/fmp-components.com\/wp-content\/uploads\/2025\/03\/90-degree-bevel-gears-maintain.webp\" alt=\"ingranaggi conici a 90 gradi mantengono\" width=\"413\" height=\"413\" title=\"\"><\/td>\n<td style=\"width: 49.2462%;\" align=\"right\" width=\"154\"><img loading=\"lazy\" decoding=\"async\" class=\"alignnone wp-image-6950\" src=\"https:\/\/fmp-components.com\/wp-content\/uploads\/2025\/03\/90-degree-bevel-gears-advantages.webp\" alt=\"ingranaggi conici a 90 gradi\" width=\"392\" height=\"392\" title=\"\"><\/td>\n<\/tr>\n<\/tbody>\n<\/table>\n<\/div>\n<h3>1. Ingranaggio conico dritto standard \u2013 Modello A<\/h3>\n<table style=\"width: 100%;\" border=\"1\" width=\"100%\" cellspacing=\"0\" cellpadding=\"0\">\n<tbody>\n<tr style=\"height: 57.60pt;\">\n<td class=\"et2\" style=\"height: 57.60pt; width: 106.80pt;\" width=\"178\" height=\"96\"><strong>Nome del modello<\/strong><\/td>\n<td class=\"et2\" style=\"width: 49.80pt;\" width=\"83\"><strong>Modulo<\/strong><\/td>\n<td class=\"et2\" style=\"width: 48.00pt;\" width=\"80\"><strong>Conteggio dei denti<\/strong><\/td>\n<td class=\"et2\" style=\"width: 92.40pt;\" width=\"154\"><strong>Rapporto<\/strong><\/td>\n<td class=\"et2\" style=\"width: 48.00pt;\" width=\"80\"><strong>Diametro del foro dell&#039;albero<\/strong><\/td>\n<td class=\"et2\" style=\"width: 91.80pt;\" width=\"153\"><strong>Materiale<\/strong><\/td>\n<td class=\"et2\" style=\"width: 48.00pt;\" width=\"80\"><strong>Angolo di pressione<\/strong><\/td>\n<td class=\"et2\" style=\"width: 86.40pt;\" width=\"144\"><strong>Diametro esterno<\/strong><\/td>\n<td class=\"et2\" style=\"width: 115.20pt;\" width=\"192\"><strong>Durezza della superficie del dente<\/strong><\/td>\n<td class=\"et2\" style=\"width: 60.60pt;\" width=\"101\"><strong>Velocit\u00e0 massima<\/strong><\/td>\n<td class=\"et2\" style=\"width: 108.60pt;\" width=\"181\"><strong>Applicazione<\/strong><\/td>\n<\/tr>\n<tr style=\"height: 14.40pt;\">\n<td style=\"height: 14.40pt;\" height=\"24\">Ingranaggio conico dritto A<\/td>\n<td align=\"right\">1<\/td>\n<td align=\"right\">20<\/td>\n<td>1:1 (ingranaggio obliquo)<\/td>\n<td>10 millimetri<\/td>\n<td>Acciaio al carbonio 45#<\/td>\n<td>20\u00b0<\/td>\n<td>22 millimetri<\/td>\n<td>Temprato (HRC 40-45)<\/td>\n<td>1000 giri al minuto<\/td>\n<td>Macchinari a bassa velocit\u00e0<\/td>\n<\/tr>\n<\/tbody>\n<\/table>\n<h3>2. Ingranaggio conico dritto standard \u2013 Modello B<\/h3>\n<table style=\"width: 100%;\" border=\"1\" width=\"100%\" cellspacing=\"0\" cellpadding=\"0\">\n<tbody>\n<tr style=\"height: 57.60pt;\">\n<td class=\"et2\" style=\"height: 57.60pt; width: 106.80pt;\" width=\"178\" height=\"96\"><strong>Nome del modello<\/strong><\/td>\n<td class=\"et2\" style=\"width: 49.80pt;\" width=\"83\"><strong>Modulo<\/strong><\/td>\n<td class=\"et2\" style=\"width: 48.00pt;\" width=\"80\"><strong>Conteggio dei denti<\/strong><\/td>\n<td class=\"et2\" style=\"width: 92.40pt;\" width=\"154\"><strong>Rapporto<\/strong><\/td>\n<td class=\"et2\" style=\"width: 48.00pt;\" width=\"80\"><strong>Diametro del foro dell&#039;albero<\/strong><\/td>\n<td class=\"et2\" style=\"width: 91.80pt;\" width=\"153\"><strong>Materiale<\/strong><\/td>\n<td class=\"et2\" style=\"width: 48.00pt;\" width=\"80\"><strong>Angolo di pressione<\/strong><\/td>\n<td class=\"et2\" style=\"width: 86.40pt;\" width=\"144\"><strong>Diametro esterno<\/strong><\/td>\n<td class=\"et2\" style=\"width: 115.20pt;\" width=\"192\"><strong>Durezza della superficie del dente<\/strong><\/td>\n<td class=\"et2\" style=\"width: 60.60pt;\" width=\"101\"><strong>Velocit\u00e0 massima<\/strong><\/td>\n<td class=\"et2\" style=\"width: 108.60pt;\" width=\"181\"><strong>Applicazione<\/strong><\/td>\n<\/tr>\n<tr style=\"height: 14.40pt;\">\n<td style=\"height: 14.40pt;\" height=\"24\">Ingranaggio conico dritto B<\/td>\n<td align=\"right\">2<\/td>\n<td align=\"right\">30<\/td>\n<td class=\"et3\" align=\"right\">2:01<\/td>\n<td>14 millimetri<\/td>\n<td>Acciaio inossidabile<\/td>\n<td>20\u00b0<\/td>\n<td>64 millimetri<\/td>\n<td>Temprato (HRC 45-50)<\/td>\n<td>800 giri al minuto<\/td>\n<td>Trasmissioni di media portata<\/td>\n<\/tr>\n<\/tbody>\n<\/table>\n<h3>3. Ingranaggio conico a spirale \u2013 Modello C<\/h3>\n<table style=\"width: 100%;\" border=\"1\" width=\"100%\" cellspacing=\"0\" cellpadding=\"0\">\n<thead class=\"border-b border-primary\/20\">\n<tr class=\"border-primary\/10\">\n<th class=\"break-words\">Nome del modello<\/th>\n<th class=\"break-words\">Modulo<\/th>\n<th class=\"break-words\">Conteggio dei denti<\/th>\n<th class=\"break-words\">Rapporto<\/th>\n<th class=\"break-words\">Diametro del foro dell&#039;albero<\/th>\n<th class=\"break-words\">Materiale<\/th>\n<th class=\"break-words\">Angolo di pressione<\/th>\n<th class=\"break-words\">Diametro esterno<\/th>\n<th class=\"break-words\">Durezza della superficie del dente<\/th>\n<th class=\"break-words\">Gioco<\/th>\n<th class=\"break-words\">Velocit\u00e0 massima<\/th>\n<th class=\"break-words\">Applicazione<\/th>\n<\/tr>\n<\/thead>\n<tbody>\n<tr class=\"border-primary\/10\">\n<td class=\"break-words\">Ingranaggio conico a spirale C<\/td>\n<td class=\"break-words\">1.5<\/td>\n<td class=\"break-words\">25<\/td>\n<td class=\"break-words\">1:1<\/td>\n<td class=\"break-words\">12 millimetri<\/td>\n<td class=\"break-words\">Acciaio cementato<\/td>\n<td class=\"break-words\">20\u00b0<\/td>\n<td class=\"break-words\">40 millimetri<\/td>\n<td class=\"break-words\">Temprato (HRC 50-55)<\/td>\n<td class=\"break-words\">5-10 minuti d&#039;arco<\/td>\n<td class=\"break-words\">2000 giri al minuto<\/td>\n<td class=\"break-words\">Robotica ad alta velocit\u00e0<\/td>\n<\/tr>\n<\/tbody>\n<\/table>\n<h4>4. Ingranaggio conico a spirale \u2013 Modello D<\/h4>\n<table style=\"width: 100%;\" border=\"1\" width=\"100%\" cellspacing=\"0\" cellpadding=\"0\">\n<tbody>\n<tr style=\"height: 57.60pt;\">\n<td class=\"et2\" style=\"height: 57.60pt; width: 106.80pt;\" width=\"178\" height=\"96\"><strong>Nome del modello<\/strong><\/td>\n<td class=\"et2\" style=\"width: 49.80pt;\" width=\"83\"><strong>Modulo<\/strong><\/td>\n<td class=\"et2\" style=\"width: 48.00pt;\" width=\"80\"><strong>Conteggio dei denti<\/strong><\/td>\n<td class=\"et2\" style=\"width: 92.40pt;\" width=\"154\"><strong>Rapporto<\/strong><\/td>\n<td class=\"et2\" style=\"width: 48.00pt;\" width=\"80\"><strong>Diametro del foro dell&#039;albero<\/strong><\/td>\n<td class=\"et2\" style=\"width: 91.80pt;\" width=\"153\"><strong>Materiale<\/strong><\/td>\n<td class=\"et2\" style=\"width: 48.00pt;\" width=\"80\"><strong>Angolo di pressione<\/strong><\/td>\n<td class=\"et2\" style=\"width: 86.40pt;\" width=\"144\"><strong>Diametro esterno<\/strong><\/td>\n<td class=\"et2\" style=\"width: 115.20pt;\" width=\"192\"><strong>Durezza della superficie del dente<\/strong><\/td>\n<td class=\"et2\" style=\"width: 60.60pt;\" width=\"101\"><strong>Gioco<\/strong><\/td>\n<td class=\"et2\" style=\"width: 108.60pt;\" width=\"181\"><strong>Velocit\u00e0 massima<\/strong><\/td>\n<td class=\"et2\" style=\"width: 48.00pt;\" width=\"80\"><strong>Applicazione<\/strong><\/td>\n<\/tr>\n<tr style=\"height: 14.40pt;\">\n<td style=\"height: 14.40pt;\" height=\"24\">Ingranaggio conico a spirale D<\/td>\n<td align=\"right\">3<\/td>\n<td align=\"right\">40<\/td>\n<td>1.5:1<\/td>\n<td>16 millimetri<\/td>\n<td>Acciaio temprato<\/td>\n<td>20\u00b0<\/td>\n<td>126 millimetri<\/td>\n<td>Temprato (HRC 55-60)<\/td>\n<td>3-8 minuti d&#039;arco<\/td>\n<td>1500 giri al minuto<\/td>\n<td>Macchinari pesanti<\/td>\n<\/tr>\n<\/tbody>\n<\/table>\n<h3>5. Riduttore conico a 90 gradi \u2013 Modello E (uscita singola)<\/h3>\n<table style=\"width: 100%; height: 57px;\" border=\"1\" width=\"100%\" cellspacing=\"0\" cellpadding=\"0\">\n<tbody>\n<tr style=\"height: 43.20pt;\">\n<td class=\"et2\" style=\"height: 43px; width: 106.8pt;\" width=\"178\" height=\"72\"><strong>Nome del modello<\/strong><\/td>\n<td class=\"et2\" style=\"width: 49.8pt; height: 43px;\" width=\"83\"><strong>Tipo<\/strong><\/td>\n<td class=\"et2\" style=\"width: 48pt; height: 43px;\" width=\"80\"><strong>Modulo<\/strong><\/td>\n<td class=\"et2\" style=\"width: 92.4pt; height: 43px;\" width=\"154\"><strong>Conteggio dei denti<\/strong><\/td>\n<td class=\"et2\" style=\"width: 48pt; height: 43px;\" width=\"80\"><strong>Rapporto<\/strong><\/td>\n<td class=\"et2\" style=\"width: 91.8pt; height: 43px;\" width=\"153\"><strong>Diametro dell&#039;albero<\/strong><\/td>\n<td class=\"et2\" style=\"width: 48pt; height: 43px;\" width=\"80\"><strong>Materiale dell&#039;alloggiamento<\/strong><\/td>\n<td class=\"et2\" style=\"width: 86.4pt; height: 43px;\" width=\"144\"><strong>Coppia di uscita nominale<\/strong><\/td>\n<td class=\"et2\" style=\"width: 115.2pt; height: 43px;\" width=\"192\"><strong>Velocit\u00e0 massima<\/strong><\/td>\n<td class=\"et2\" style=\"width: 60.6pt; height: 43px;\" width=\"101\"><strong>Grado di protezione<\/strong><\/td>\n<td class=\"et2\" style=\"width: 108.6pt; height: 43px;\" width=\"181\"><strong>Peso<\/strong><\/td>\n<td class=\"et2\" style=\"width: 48pt; height: 43px;\" width=\"80\"><strong>Applicazione<\/strong><\/td>\n<\/tr>\n<tr style=\"height: 14.40pt;\">\n<td style=\"height: 14px;\" height=\"24\">Riduttore conico E<\/td>\n<td style=\"height: 14px;\">Albero di uscita singolo<\/td>\n<td style=\"height: 14px;\" align=\"right\">1<\/td>\n<td style=\"height: 14px;\" align=\"right\">20<\/td>\n<td class=\"et3\" style=\"height: 14px;\" align=\"right\">1:01<\/td>\n<td style=\"height: 14px;\">8 millimetri<\/td>\n<td style=\"height: 14px;\">Alluminio pressofuso<\/td>\n<td style=\"height: 14px;\">50 Nm<\/td>\n<td style=\"height: 14px;\">1800 giri\/min<\/td>\n<td style=\"height: 14px;\">Grado di protezione IP65<\/td>\n<td style=\"height: 14px;\">0,8 kg<\/td>\n<td style=\"height: 14px;\">Progetti meccanici fai da te<\/td>\n<\/tr>\n<\/tbody>\n<\/table>\n<h3>6. Riduttore conico a 90 gradi \u2013 Modello F (doppia uscita)<\/h3>\n<table style=\"width: 100%;\" border=\"1\" width=\"100%\" cellspacing=\"0\" cellpadding=\"0\">\n<thead class=\"border-b border-primary\/20\">\n<tr class=\"border-primary\/10\">\n<th class=\"break-words\">Nome del modello<\/th>\n<th class=\"break-words\">Tipo<\/th>\n<th class=\"break-words\">Modulo<\/th>\n<th class=\"break-words\">Conteggio dei denti<\/th>\n<th class=\"break-words\">Rapporto<\/th>\n<th class=\"break-words\">Diametro dell&#039;albero<\/th>\n<th class=\"break-words\">Materiale dell&#039;alloggiamento<\/th>\n<th class=\"break-words\">Coppia di uscita nominale<\/th>\n<th class=\"break-words\">Velocit\u00e0 massima<\/th>\n<th class=\"break-words\">Grado di protezione<\/th>\n<th class=\"break-words\">Peso<\/th>\n<th class=\"break-words\">Applicazione<\/th>\n<\/tr>\n<\/thead>\n<tbody>\n<tr class=\"border-primary\/10\">\n<td class=\"break-words\">Riduttore conico F<\/td>\n<td class=\"break-words\">Doppio albero di uscita<\/td>\n<td class=\"break-words\">2<\/td>\n<td class=\"break-words\">30<\/td>\n<td class=\"break-words\">2:1<\/td>\n<td class=\"break-words\">12 millimetri<\/td>\n<td class=\"break-words\">Alluminio nichelato<\/td>\n<td class=\"break-words\">120 Nm<\/td>\n<td class=\"break-words\">1200 giri\/min<\/td>\n<td class=\"break-words\">Grado di protezione IP67<\/td>\n<td class=\"break-words\">1,5 kg<\/td>\n<td class=\"break-words\">Trasportatori industriali<\/td>\n<\/tr>\n<\/tbody>\n<\/table>\n<h3>7. Ingranaggio conico dritto standard \u2013 Modello G<\/h3>\n<table style=\"width: 100%;\" border=\"1\" width=\"100%\" cellspacing=\"0\" cellpadding=\"0\">\n<thead class=\"border-b border-primary\/20\">\n<tr class=\"border-primary\/10\">\n<th class=\"break-words\">Nome del modello<\/th>\n<th class=\"break-words\">Modulo<\/th>\n<th class=\"break-words\">Conteggio dei denti<\/th>\n<th class=\"break-words\">Rapporto<\/th>\n<th class=\"break-words\">Diametro del foro dell&#039;albero<\/th>\n<th class=\"break-words\">Materiale<\/th>\n<th class=\"break-words\">Angolo di pressione<\/th>\n<th class=\"break-words\">Diametro esterno<\/th>\n<th class=\"break-words\">Durezza della superficie del dente<\/th>\n<th class=\"break-words\">Velocit\u00e0 massima<\/th>\n<th class=\"break-words\">Applicazione<\/th>\n<\/tr>\n<\/thead>\n<tbody>\n<tr class=\"border-primary\/10\">\n<td class=\"break-words\">Ingranaggio conico dritto G<\/td>\n<td class=\"break-words\">2.5<\/td>\n<td class=\"break-words\">16<\/td>\n<td class=\"break-words\">1:1 (ingranaggio obliquo)<\/td>\n<td class=\"break-words\">12 millimetri<\/td>\n<td class=\"break-words\">Alluminio<\/td>\n<td class=\"break-words\">14,5\u00b0<\/td>\n<td class=\"break-words\">42 millimetri<\/td>\n<td class=\"break-words\">Non indurito<\/td>\n<td class=\"break-words\">900 giri al minuto<\/td>\n<td class=\"break-words\">Sistemi leggeri<\/td>\n<\/tr>\n<\/tbody>\n<\/table>\n<h3>8. Ingranaggio conico a spirale \u2013 Modello H<\/h3>\n<table style=\"width: 100%;\" border=\"1\" width=\"100%\" cellspacing=\"0\" cellpadding=\"0\">\n<tbody>\n<tr style=\"height: 57.60pt;\">\n<td class=\"et2\" style=\"height: 57.60pt; width: 106.80pt;\" width=\"178\" height=\"96\"><strong>Nome del modello<\/strong><\/td>\n<td class=\"et2\" style=\"width: 49.80pt;\" width=\"83\"><strong>Modulo<\/strong><\/td>\n<td class=\"et2\" style=\"width: 48.00pt;\" width=\"80\"><strong>Conteggio dei denti<\/strong><\/td>\n<td class=\"et2\" style=\"width: 92.40pt;\" width=\"154\"><strong>Rapporto<\/strong><\/td>\n<td class=\"et2\" style=\"width: 48.00pt;\" width=\"80\"><strong>Diametro del foro dell&#039;albero<\/strong><\/td>\n<td class=\"et2\" style=\"width: 91.80pt;\" width=\"153\"><strong>Materiale<\/strong><\/td>\n<td class=\"et2\" style=\"width: 48.00pt;\" width=\"80\"><strong>Angolo di pressione<\/strong><\/td>\n<td class=\"et2\" style=\"width: 86.40pt;\" width=\"144\"><strong>Diametro esterno<\/strong><\/td>\n<td class=\"et2\" style=\"width: 115.20pt;\" width=\"192\"><strong>Durezza della superficie del dente<\/strong><\/td>\n<td class=\"et2\" style=\"width: 60.60pt;\" width=\"101\"><strong>Gioco<\/strong><\/td>\n<td class=\"et2\" style=\"width: 108.60pt;\" width=\"181\"><strong>Velocit\u00e0 massima<\/strong><\/td>\n<td class=\"et2\" style=\"width: 48.00pt;\" width=\"80\"><strong>Applicazione<\/strong><\/td>\n<\/tr>\n<tr style=\"height: 14.40pt;\">\n<td style=\"height: 14.40pt;\" height=\"24\">Ingranaggio conico a spirale H<\/td>\n<td align=\"right\">2.5<\/td>\n<td align=\"right\">35<\/td>\n<td class=\"et3\" align=\"right\">2:01<\/td>\n<td>14 millimetri<\/td>\n<td>Acciaio cementato<\/td>\n<td>20\u00b0<\/td>\n<td>90 millimetri<\/td>\n<td>Temprato (HRC 50-55)<\/td>\n<td>4-12 minuti d&#039;arco<\/td>\n<td>1800 giri\/min<\/td>\n<td>Differenziali automobilistici<\/td>\n<\/tr>\n<\/tbody>\n<\/table>\n<div>\n<h3>Caratteristiche degli ingranaggi conici a 90 gradi<\/h3>\n<p class=\"break-words\">Gli ingranaggi conici a 90 gradi sono ingranaggi speciali a forma di cono che trasferiscono potenza tra due alberi che si incontrano a un angolo di 90 gradi, come un angolo. Li puoi trovare in automobili, aerei e macchine. Ce ne sono due tipi principali: gli ingranaggi conici dritti hanno denti semplici e dritti e funzionano bene per cose pi\u00f9 lente, come nelle macchine da stampa, ma non possono essere lucidati dopo essere stati resi resistenti dal calore. Gli ingranaggi conici a spirale hanno denti curvi che si attorcigliano, rendendoli pi\u00f9 silenziosi e migliori per lavori veloci o pesanti, come nei motori delle automobili. Possono essere lucidati per essere super precisi. Questi ingranaggi possono essere realizzati in materiale resistente come acciaio o persino plastica. Gli ingranaggi a spirale sono pi\u00f9 difficili da realizzare ma sono pi\u00f9 resistenti e stanno diventando pi\u00f9 popolari perch\u00e9 sono cos\u00ec bravi nel loro lavoro!<\/p>\n<\/div>","protected":false},"excerpt":{"rendered":"<p>About 90 Degree Bevel Gears 90 Degree Bevel Gears are awesome parts that help pass energy between two rods that connect at a corner, making a 90-degree angle. You can find them in lots of things\u2014like cars, planes, huge machines, and even robots\u2014because they\u2019re really good at sending energy in small, careful twists. These gears [&hellip;]<\/p>","protected":false},"featured_media":6944,"comment_status":"open","ping_status":"closed","template":"","meta":{"_et_pb_use_builder":"","_et_pb_old_content":"","_et_gb_content_width":""},"product_brand":[],"product_cat":[91,106],"product_tag":[],"class_list":{"0":"post-6943","1":"product","2":"type-product","3":"status-publish","4":"has-post-thumbnail","6":"product_cat-gear-racks","7":"product_cat-bevel-gears","9":"first","10":"instock","11":"shipping-taxable","12":"product-type-simple"},"_links":{"self":[{"href":"https:\/\/fmp-components.com\/it\/wp-json\/wp\/v2\/product\/6943","targetHints":{"allow":["GET"]}}],"collection":[{"href":"https:\/\/fmp-components.com\/it\/wp-json\/wp\/v2\/product"}],"about":[{"href":"https:\/\/fmp-components.com\/it\/wp-json\/wp\/v2\/types\/product"}],"replies":[{"embeddable":true,"href":"https:\/\/fmp-components.com\/it\/wp-json\/wp\/v2\/comments?post=6943"}],"wp:featuredmedia":[{"embeddable":true,"href":"https:\/\/fmp-components.com\/it\/wp-json\/wp\/v2\/media\/6944"}],"wp:attachment":[{"href":"https:\/\/fmp-components.com\/it\/wp-json\/wp\/v2\/media?parent=6943"}],"wp:term":[{"taxonomy":"product_brand","embeddable":true,"href":"https:\/\/fmp-components.com\/it\/wp-json\/wp\/v2\/product_brand?post=6943"},{"taxonomy":"product_cat","embeddable":true,"href":"https:\/\/fmp-components.com\/it\/wp-json\/wp\/v2\/product_cat?post=6943"},{"taxonomy":"product_tag","embeddable":true,"href":"https:\/\/fmp-components.com\/it\/wp-json\/wp\/v2\/product_tag?post=6943"}],"curies":[{"name":"parola chiave","href":"https:\/\/api.w.org\/{rel}","templated":true}]}}