{"id":6651,"date":"2025-03-11T06:36:21","date_gmt":"2025-03-11T06:36:21","guid":{"rendered":"https:\/\/fmp-components.com\/product\/italy-manufacturing-price-customized-stage-mini-3-ton-to-100-ton-double-acting-telescopic-hydraulic-cylinders-for-dump-trucks"},"modified":"2025-03-12T08:22:27","modified_gmt":"2025-03-12T08:22:27","slug":"italy-manufacturing-price-customized-stage-mini-3-ton-to-100-ton-double-acting-telescopic-hydraulic-cylinders-for-dump-trucks","status":"publish","type":"product","link":"https:\/\/fmp-components.com\/it\/product\/italy-manufacturing-price-customized-stage-mini-3-ton-to-100-ton-double-acting-telescopic-hydraulic-cylinders-for-dump-trucks\/","title":{"rendered":"Prezzo di produzione Italia Mini cilindri idraulici telescopici a doppia azione da 3 tonnellate a 100 tonnellate personalizzati per autocarri con cassone ribaltabile"},"content":{"rendered":"<h2>Prezzo di produzione Italia Mini cilindri idraulici telescopici a doppia azione da 3 tonnellate a 100 tonnellate personalizzati per autocarri con cassone ribaltabile<\/h2>\n<p>I nostri cilindri idraulici telescopici offrono funzionalit\u00e0 e durata eccezionali anche nelle applicazioni pi\u00f9 impegnative. Componente fondamentale in un&#039;ampia gamma di macchinari, questi cilindri idraulici forniscono la forza necessaria per spostare, sollevare o comprimere materiali in impianti di produzione, officine di riparazione macchinari, aziende agricole e nel settore energetico e minerario.<\/p>\n<h3>Specifiche del prodotto<\/h3>\n<p>I nostri cilindri idraulici sono personalizzabili in base alle vostre esigenze. Sono progettati con alesaggi da 20 a 250 mm, in grado di raggiungere una spinta massima di 3000 Nm e una trazione massima di 600 Nm. Il corpo \u00e8 realizzato in robusto acciaio, che garantisce durata e longevit\u00e0. Offriamo una garanzia di un anno sui componenti principali e abbiamo ottenuto la certificazione ISO 9001:2000 per il nostro sistema di gestione della qualit\u00e0.<\/p>\n<table style=\"width: 96.9169%;\" border=\"\">\n<tbody>\n<tr>\n<td style=\"width: 42.3729%;\">Dimensione del foro<\/td>\n<td style=\"width: 451.977%;\">3,75-4,5 pollici<\/td>\n<\/tr>\n<tr>\n<td style=\"width: 42.3729%;\">Capacit\u00e0<\/td>\n<td style=\"width: 451.977%;\">7-12 tonnellate<\/td>\n<\/tr>\n<tr>\n<td style=\"width: 42.3729%;\">Dimensione del tratto<\/td>\n<td style=\"width: 451.977%;\">78-144 pollici<\/td>\n<\/tr>\n<tr>\n<td style=\"width: 42.3729%;\">Dimensione del perno<\/td>\n<td style=\"width: 451.977%;\">1.015<\/td>\n<\/tr>\n<tr>\n<td style=\"width: 42.3729%;\">Porti<\/td>\n<td style=\"width: 451.977%;\">G\/SAE\/NPT\/M<\/td>\n<\/tr>\n<\/tbody>\n<\/table>\n<h2>Caratteristiche e vantaggi principali<\/h2>\n<ul>\n<li>Efficienza energetica<\/li>\n<li>Altamente efficiente<\/li>\n<li>Sicuro e affidabile<\/li>\n<li>Personalizzabile per soddisfare requisiti specifici<\/li>\n<\/ul>\n<p><img loading=\"lazy\" decoding=\"async\" class=\"alignnone  wp-image-6658\" src=\"https:\/\/fmp-components.com\/wp-content\/uploads\/2025\/03\/telescopic-hydraulic-cylinder-6.webp\" alt=\"cilindro idraulico telescopico\" width=\"858\" height=\"858\" title=\"\" srcset=\"https:\/\/fmp-components.com\/wp-content\/uploads\/2025\/03\/telescopic-hydraulic-cylinder-6.webp 858w, https:\/\/fmp-components.com\/wp-content\/uploads\/2025\/03\/telescopic-hydraulic-cylinder-6-480x480.webp 480w\" sizes=\"(min-width: 0px) and (max-width: 480px) 480px, (min-width: 481px) 858px, 100vw\" \/><\/p>\n<h2>Capire i sistemi idraulici<\/h2>\n<p>Il cilindro idraulico \u00e8 il cuore del sistema idraulico, convertendo la pressione del fluido in movimento meccanico. Grazie a questa conversione, i cilindri possono esercitare una notevole quantit\u00e0 di forza, rendendoli essenziali in diverse applicazioni industriali.<\/p>\n<h2>Applicazioni dei cilindri idraulici<\/h2>\n<p>I nostri cilindri idraulici sono ampiamente utilizzati nei camion con cassone ribaltabile, poich\u00e9 forniscono la forza necessaria per sollevare il cassone del camion e scaricare il materiale in modo efficiente e sicuro.<\/p>\n<h2>Cilindri idraulici e gruppi di potenza<\/h2>\n<p>L&#039;armonia tra cilindri idraulici e centraline \u00e8 fondamentale per il funzionamento efficiente del sistema idraulico. Questi due componenti garantiscono l&#039;ampia applicazione della tecnologia idraulica in campo industriale, fornendo potenza affidabile e supporto di controllo per vari dispositivi ingegneristici e meccanici. Da FMP, offriamo anche centraline in vendita.<\/p>\n<h2>Domande frequenti<\/h2>\n<h3>D1: Qual \u00e8 il periodo di garanzia per i cilindri idraulici?<\/h3>\n<p>A1: Offriamo una garanzia di un anno sui componenti principali dei nostri cilindri idraulici.<\/p>\n<h3>D2: I cilindri idraulici possono essere personalizzati?<\/h3>\n<p>A2: S\u00ec, i nostri cilindri idraulici possono essere personalizzati in base alle vostre esigenze.<\/p>\n<h3>D3: Per quali settori sono adatti questi cilindri idraulici?<\/h3>\n<p>A3: Sono adatti all&#039;uso in impianti di produzione, officine di riparazione di macchinari, aziende agricole e nel settore energetico e minerario.<\/p>\n<h3>Informazioni su FMP<\/h3>\n<p>FMP \u00e8 un produttore italiano leader, rinomato per la sua competenza nella progettazione, sviluppo e produzione di cilindri idraulici di alta qualit\u00e0. Con decenni di esperienza nel settore, uniamo perfettamente la tradizionale artigianalit\u00e0 italiana con la tecnologia all&#039;avanguardia per fornire soluzioni idrauliche eccezionali su misura per le diverse esigenze dei nostri clienti globali. Situata in Italia, un centro di eccellenza ingegneristica, FMP si \u00e8 affermata come un nome di fiducia nel settore idraulico, impegnata a fornire prodotti affidabili, durevoli e innovativi che potenziano le aziende in tutto il mondo.<\/p>\n<p>La nostra azienda unisce il meglio delle pratiche di produzione avanzate con un approccio lungimirante. Sfruttando anni di esperienza nei sistemi idraulici, FMP si \u00e8 evoluta in un&#039;azienda moderna che eccelle nella ricerca, nella progettazione e nella produzione. Offriamo un&#039;ampia gamma di cilindri idraulici, tra cui cilindri a doppio effetto, cilindri di sollevamento per autoveicoli, cilindri per macchinari agricoli e soluzioni progettate su misura per varie applicazioni industriali. Che si tratti di edilizia, installazioni industriali, agricoltura o macchinari pesanti, i nostri cilindri idraulici sono progettati per funzionare nelle condizioni pi\u00f9 difficili, garantendo sicurezza, efficienza e longevit\u00e0.<\/p>\n<p>In FMP, siamo orgogliosi dei nostri stabilimenti di produzione all&#039;avanguardia, dotati di macchinari di precisione e sistemi di collaudo avanzati. I nostri processi di produzione aderiscono a rigorosi standard nazionali e internazionali, garantendo che ogni cilindro idraulico prodotto soddisfi i pi\u00f9 elevati standard di qualit\u00e0 e affidabilit\u00e0. Con un team tecnico qualificato e attrezzature all&#039;avanguardia, manteniamo un rigoroso controllo di qualit\u00e0 in ogni fase della produzione, dalla selezione delle materie prime all&#039;ispezione finale. Questo impegno verso l&#039;eccellenza ci ha fatto guadagnare certificazioni e riconoscimenti dalle autorit\u00e0 del settore, rafforzando la nostra reputazione di partner affidabile.<\/p>\n<p><img loading=\"lazy\" decoding=\"async\" class=\"alignnone size-full wp-image-6720\" src=\"https:\/\/fmp-components.com\/wp-content\/uploads\/2025\/03\/hydraulic-cylinder-8.webp\" alt=\"Cilindri idraulici telescopici\" width=\"933\" height=\"526\" title=\"\" srcset=\"https:\/\/fmp-components.com\/wp-content\/uploads\/2025\/03\/hydraulic-cylinder-8.webp 933w, https:\/\/fmp-components.com\/wp-content\/uploads\/2025\/03\/hydraulic-cylinder-8-480x271.webp 480w\" sizes=\"(min-width: 0px) and (max-width: 480px) 480px, (min-width: 481px) 933px, 100vw\" \/><\/p>\n<p>La nostra missione \u00e8 semplice e ambiziosa: fornire ai nostri clienti cilindri idraulici che superino le aspettative in termini di prestazioni, durata e valore. Aderiamo ai principi fondamentali di professionalit\u00e0, integrit\u00e0 e attenzione al cliente. Promuovendo una cultura di innovazione e precisione, miglioriamo costantemente i nostri prodotti per rimanere all&#039;avanguardia in un mercato competitivo. La nostra vasta gamma di prodotti e la capacit\u00e0 di offrire soluzioni personalizzate ci rendono la scelta preferita per le aziende che cercano cilindri idraulici ad alte prestazioni.<\/p>\n<p>FMP \u00e8 pi\u00f9 di un semplice produttore; siamo partner impegnati nel tuo successo. Sappiamo che i nostri clienti contano su di noi per fornire strumenti che migliorino la produttivit\u00e0 e la sicurezza. Ecco perch\u00e9 ci impegniamo a fornire non solo prodotti di prima qualit\u00e0, ma anche un servizio eccezionale. Dalle consulenze iniziali al supporto post-vendita, collaboriamo a stretto contatto con i nostri clienti per garantire che le loro esigenze siano soddisfatte con professionalit\u00e0 e cura. I nostri prezzi competitivi, uniti a un impegno incrollabile per la qualit\u00e0, rendono FMP la scelta intelligente per le aziende che desiderano investire in soluzioni idrauliche affidabili.<\/p>","protected":false},"excerpt":{"rendered":"<p>Italy Manufacturing Price Customized Stage Mini 3 Ton to 100 Ton Double Acting Telescopic Hydraulic Cylinders for Dump Trucks Our Telescopic Hydraulic Cylinders deliver exceptional functionality and durability even in the most demanding applications. A critical component in a wide range of machinery, these hydraulic cylinders provide the force necessary for moving, lifting, or compressing [&hellip;]<\/p>","protected":false},"featured_media":6761,"comment_status":"closed","ping_status":"closed","template":"","meta":{"_et_pb_use_builder":"","_et_pb_old_content":"","_et_gb_content_width":""},"product_brand":[],"product_cat":[103],"product_tag":[34,105],"class_list":{"0":"post-6651","1":"product","2":"type-product","3":"status-publish","4":"has-post-thumbnail","6":"product_cat-telescopic-hydraulic-cylinders","7":"product_tag-hydraulic-cylinder","8":"product_tag-telescopic-hydraulic-cylinders","10":"first","11":"instock","12":"product-type-simple"},"_links":{"self":[{"href":"https:\/\/fmp-components.com\/it\/wp-json\/wp\/v2\/product\/6651","targetHints":{"allow":["GET"]}}],"collection":[{"href":"https:\/\/fmp-components.com\/it\/wp-json\/wp\/v2\/product"}],"about":[{"href":"https:\/\/fmp-components.com\/it\/wp-json\/wp\/v2\/types\/product"}],"replies":[{"embeddable":true,"href":"https:\/\/fmp-components.com\/it\/wp-json\/wp\/v2\/comments?post=6651"}],"wp:featuredmedia":[{"embeddable":true,"href":"https:\/\/fmp-components.com\/it\/wp-json\/wp\/v2\/media\/6761"}],"wp:attachment":[{"href":"https:\/\/fmp-components.com\/it\/wp-json\/wp\/v2\/media?parent=6651"}],"wp:term":[{"taxonomy":"product_brand","embeddable":true,"href":"https:\/\/fmp-components.com\/it\/wp-json\/wp\/v2\/product_brand?post=6651"},{"taxonomy":"product_cat","embeddable":true,"href":"https:\/\/fmp-components.com\/it\/wp-json\/wp\/v2\/product_cat?post=6651"},{"taxonomy":"product_tag","embeddable":true,"href":"https:\/\/fmp-components.com\/it\/wp-json\/wp\/v2\/product_tag?post=6651"}],"curies":[{"name":"parola chiave","href":"https:\/\/api.w.org\/{rel}","templated":true}]}}