{"id":6650,"date":"2025-03-11T06:36:21","date_gmt":"2025-03-11T06:36:21","guid":{"rendered":"https:\/\/fmp-components.com\/product\/good-quality-telescopic-hydraulic-cylinder-dump-truck-and-trailer-hydraulic-cylinder"},"modified":"2025-03-12T08:21:57","modified_gmt":"2025-03-12T08:21:57","slug":"good-quality-telescopic-hydraulic-cylinder-dump-truck-and-trailer-hydraulic-cylinder","status":"publish","type":"product","link":"https:\/\/fmp-components.com\/it\/product\/good-quality-telescopic-hydraulic-cylinder-dump-truck-and-trailer-hydraulic-cylinder\/","title":{"rendered":"Cilindro idraulico telescopico di buona qualit\u00e0 per autocarri con cassone ribaltabile e rimorchi"},"content":{"rendered":"<h2>Cilindro idraulico telescopico di buona qualit\u00e0 per autocarri con cassone ribaltabile e rimorchi<\/h2>\n<p>Il cilindro idraulico telescopico \u00e8 un componente essenziale dell&#039;attrezzatura, che offre resistenza e durata. Il suo ruolo \u00e8 quello di trasformare la potenza idraulica in potenza meccanica, fornendo forza e controllo affidabili in diverse applicazioni.<\/p>\n<h2>Importanza e usi del cilindro idraulico telescopico<\/h2>\n<p>I cilindri idraulici telescopici sono fondamentali in settori come impianti di produzione, officine di riparazione di macchinari, aziende agricole, energia e miniere. Svolgono un ruolo fondamentale nelle operazioni che richiedono una forza elevata, come il sollevamento di carichi pesanti e la pressatura di materiali.<\/p>\n<h2>Parametri tecnici del prodotto<\/h2>\n<p>Il cilindro idraulico telescopico vanta un peso di 13 kg, con una spinta massima di 3000 e una trazione massima di 600. Il prodotto \u00e8 certificato ISO9001:2000, a garanzia della sua qualit\u00e0 e delle sue prestazioni.<\/p>\n<table style=\"width: 96.0373%;\" border=\"\">\n<tbody>\n<tr>\n<td style=\"width: 42.3729%;\">Dimensione del foro<\/td>\n<td style=\"width: 447.458%;\">3,75-4,5 pollici<\/td>\n<\/tr>\n<tr>\n<td style=\"width: 42.3729%;\">Capacit\u00e0<\/td>\n<td style=\"width: 447.458%;\">7-12 tonnellate<\/td>\n<\/tr>\n<tr>\n<td style=\"width: 42.3729%;\">Dimensione del tratto<\/td>\n<td style=\"width: 447.458%;\">78-144 pollici<\/td>\n<\/tr>\n<tr>\n<td style=\"width: 42.3729%;\">Dimensione del perno<\/td>\n<td style=\"width: 447.458%;\">1.015<\/td>\n<\/tr>\n<tr>\n<td style=\"width: 42.3729%;\">Porti<\/td>\n<td style=\"width: 447.458%;\">G\/SAE\/NPT\/M<\/td>\n<\/tr>\n<\/tbody>\n<\/table>\n<h2>Caratteristiche e vantaggi unici<\/h2>\n<ul>\n<li style=\"list-style-type: none;\">\n<ul>\n<li><strong>Efficienza energetica:<\/strong> Il cilindro idraulico telescopico \u00e8 progettato per massimizzare la produttivit\u00e0 riducendo al minimo il consumo energetico.<\/li>\n<li><strong>Alte prestazioni:<\/strong> Questo prodotto garantisce un funzionamento affidabile ed efficiente anche nelle condizioni pi\u00f9 difficili.<\/li>\n<\/ul>\n<\/li>\n<\/ul>\n<ul>\n<li><strong>Sicurezza:<\/strong> Il suo design robusto garantisce la sicurezza durante il funzionamento, prevenendo potenziali incidenti o malfunzionamenti.<\/li>\n<\/ul>\n<h3>Sistemi idraulici e principio di funzionamento<\/h3>\n<p>Il cilindro idraulico telescopico funziona secondo i principi dei sistemi idraulici. Trasforma l&#039;energia idraulica in energia meccanica, esercitando una forza attraverso il movimento del fluido all&#039;interno del cilindro. La pressione del fluido applica una forza sul pistone, facendolo muovere e compiere lavoro.<\/p>\n<h2>Applicazione del cilindro idraulico telescopico<\/h2>\n<p>Questo cilindro idraulico \u00e8 utilizzabile in vari settori quali stabilimenti di produzione, officine di riparazione di macchinari, aziende agricole, settore energetico e minerario e molto altro.<\/p>\n<p><img loading=\"lazy\" decoding=\"async\" class=\"alignnone  wp-image-6657\" src=\"https:\/\/fmp-components.com\/wp-content\/uploads\/2025\/03\/telescopic-hydraulic-cylinder-3.webp\" alt=\"cilindro idraulico telescopico\" width=\"906\" height=\"906\" title=\"\" srcset=\"https:\/\/fmp-components.com\/wp-content\/uploads\/2025\/03\/telescopic-hydraulic-cylinder-3.webp 906w, https:\/\/fmp-components.com\/wp-content\/uploads\/2025\/03\/telescopic-hydraulic-cylinder-3-480x480.webp 480w\" sizes=\"(min-width: 0px) and (max-width: 480px) 480px, (min-width: 481px) 906px, 100vw\" \/><\/p>\n<h2>Cilindri idraulici e gruppi di potenza<\/h2>\n<p>Il cilindro idraulico e la centralina sono componenti indispensabili di un sistema idraulico. La loro sinergia garantisce l&#039;ampia applicazione della tecnologia idraulica in campo industriale, fornendo potenza e controllo affidabili per diverse apparecchiature meccaniche e ingegneristiche. Il cilindro idraulico, in quanto attuatore, \u00e8 responsabile della trasformazione dell&#039;energia idraulica in movimento meccanico, convertendo la pressione in forza. La centralina, invece, \u00e8 il cuore pulsante che fornisce l&#039;energia e i segnali di controllo necessari al sistema idraulico. La loro cooperazione coordinata consente il normale funzionamento del sistema idraulico. FMP fornisce anche centraline in vendita.<\/p>\n<h2>Domande frequenti<\/h2>\n<h3>D1: Qual \u00e8 la garanzia del cilindro idraulico telescopico?<\/h3>\n<p>A1: Il prodotto \u00e8 dotato di una garanzia di 1 anno.<\/p>\n<h3>D2: Qual \u00e8 la spinta massima che pu\u00f2 fornire il cilindro idraulico telescopico?<\/h3>\n<p>A2: La spinta massima che pu\u00f2 fornire il cilindro idraulico telescopico \u00e8 3000.<\/p>\n<h3>D3: I cilindri idraulici telescopici sono certificati ISO?<\/h3>\n<p>A3: S\u00ec, sono certificati ISO9001:2000.<\/p>\n<h3>Informazioni su FMP<\/h3>\n<p>FMP \u00e8 un produttore italiano leader, rinomato per la sua competenza nella progettazione, sviluppo e produzione di cilindri idraulici di alta qualit\u00e0. Con decenni di esperienza nel settore, uniamo perfettamente la tradizionale artigianalit\u00e0 italiana con la tecnologia all&#039;avanguardia per fornire soluzioni idrauliche eccezionali su misura per le diverse esigenze dei nostri clienti globali. Situata in Italia, un centro di eccellenza ingegneristica, FMP si \u00e8 affermata come un nome di fiducia nel settore idraulico, impegnata a fornire prodotti affidabili, durevoli e innovativi che potenziano le aziende in tutto il mondo.<\/p>\n<p>La nostra azienda unisce il meglio delle pratiche di produzione avanzate con un approccio lungimirante. Sfruttando anni di esperienza nei sistemi idraulici, FMP si \u00e8 evoluta in un&#039;azienda moderna che eccelle nella ricerca, nella progettazione e nella produzione. Offriamo un&#039;ampia gamma di cilindri idraulici, tra cui cilindri a doppio effetto, cilindri di sollevamento per autoveicoli, cilindri per macchinari agricoli e soluzioni progettate su misura per varie applicazioni industriali. Che si tratti di edilizia, installazioni industriali, agricoltura o macchinari pesanti, i nostri cilindri idraulici sono progettati per funzionare nelle condizioni pi\u00f9 difficili, garantendo sicurezza, efficienza e longevit\u00e0.<\/p>\n<p>In FMP, siamo orgogliosi dei nostri stabilimenti di produzione all&#039;avanguardia, dotati di macchinari di precisione e sistemi di collaudo avanzati. I nostri processi di produzione aderiscono a rigorosi standard nazionali e internazionali, garantendo che ogni cilindro idraulico prodotto soddisfi i pi\u00f9 elevati standard di qualit\u00e0 e affidabilit\u00e0. Con un team tecnico qualificato e attrezzature all&#039;avanguardia, manteniamo un rigoroso controllo di qualit\u00e0 in ogni fase della produzione, dalla selezione delle materie prime all&#039;ispezione finale. Questo impegno verso l&#039;eccellenza ci ha fatto guadagnare certificazioni e riconoscimenti dalle autorit\u00e0 del settore, rafforzando la nostra reputazione di partner affidabile.<\/p>\n<p><img loading=\"lazy\" decoding=\"async\" class=\"alignnone size-full wp-image-6720\" src=\"https:\/\/fmp-components.com\/wp-content\/uploads\/2025\/03\/hydraulic-cylinder-8.webp\" alt=\"Cilindri idraulici telescopici\" width=\"933\" height=\"526\" title=\"\" srcset=\"https:\/\/fmp-components.com\/wp-content\/uploads\/2025\/03\/hydraulic-cylinder-8.webp 933w, https:\/\/fmp-components.com\/wp-content\/uploads\/2025\/03\/hydraulic-cylinder-8-480x271.webp 480w\" sizes=\"(min-width: 0px) and (max-width: 480px) 480px, (min-width: 481px) 933px, 100vw\" \/><\/p>\n<p>La nostra missione \u00e8 semplice e ambiziosa: fornire ai nostri clienti cilindri idraulici che superino le aspettative in termini di prestazioni, durata e valore. Aderiamo ai principi fondamentali di professionalit\u00e0, integrit\u00e0 e attenzione al cliente. Promuovendo una cultura di innovazione e precisione, miglioriamo costantemente i nostri prodotti per rimanere all&#039;avanguardia in un mercato competitivo. La nostra vasta gamma di prodotti e la capacit\u00e0 di offrire soluzioni personalizzate ci rendono la scelta preferita per le aziende che cercano cilindri idraulici ad alte prestazioni.<\/p>\n<p>FMP \u00e8 pi\u00f9 di un semplice produttore; siamo partner impegnati nel tuo successo. Sappiamo che i nostri clienti contano su di noi per fornire strumenti che migliorino la produttivit\u00e0 e la sicurezza. Ecco perch\u00e9 ci impegniamo a fornire non solo prodotti di prima qualit\u00e0, ma anche un servizio eccezionale. Dalle consulenze iniziali al supporto post-vendita, collaboriamo a stretto contatto con i nostri clienti per garantire che le loro esigenze siano soddisfatte con professionalit\u00e0 e cura. I nostri prezzi competitivi, uniti a un impegno incrollabile per la qualit\u00e0, rendono FMP la scelta intelligente per le aziende che desiderano investire in soluzioni idrauliche affidabili.<\/p>","protected":false},"excerpt":{"rendered":"<p>Good Quality Telescopic Hydraulic Cylinder Dump Truck And Trailer Hydraulic Cylinder The Telescopic Hydraulic Cylinder is an essential piece of equipment, offering both strength and durability. Its role is to transform hydraulic power into mechanical power, providing reliable force and control in various applications. Importance and Uses of Telescopic Hydraulic Cylinder Telescopic Hydraulic Cylinders are [&hellip;]<\/p>","protected":false},"featured_media":6760,"comment_status":"closed","ping_status":"closed","template":"","meta":{"_et_pb_use_builder":"","_et_pb_old_content":"","_et_gb_content_width":""},"product_brand":[],"product_cat":[103],"product_tag":[34,105],"class_list":{"0":"post-6650","1":"product","2":"type-product","3":"status-publish","4":"has-post-thumbnail","6":"product_cat-telescopic-hydraulic-cylinders","7":"product_tag-hydraulic-cylinder","8":"product_tag-telescopic-hydraulic-cylinders","10":"first","11":"instock","12":"product-type-simple"},"_links":{"self":[{"href":"https:\/\/fmp-components.com\/it\/wp-json\/wp\/v2\/product\/6650","targetHints":{"allow":["GET"]}}],"collection":[{"href":"https:\/\/fmp-components.com\/it\/wp-json\/wp\/v2\/product"}],"about":[{"href":"https:\/\/fmp-components.com\/it\/wp-json\/wp\/v2\/types\/product"}],"replies":[{"embeddable":true,"href":"https:\/\/fmp-components.com\/it\/wp-json\/wp\/v2\/comments?post=6650"}],"wp:featuredmedia":[{"embeddable":true,"href":"https:\/\/fmp-components.com\/it\/wp-json\/wp\/v2\/media\/6760"}],"wp:attachment":[{"href":"https:\/\/fmp-components.com\/it\/wp-json\/wp\/v2\/media?parent=6650"}],"wp:term":[{"taxonomy":"product_brand","embeddable":true,"href":"https:\/\/fmp-components.com\/it\/wp-json\/wp\/v2\/product_brand?post=6650"},{"taxonomy":"product_cat","embeddable":true,"href":"https:\/\/fmp-components.com\/it\/wp-json\/wp\/v2\/product_cat?post=6650"},{"taxonomy":"product_tag","embeddable":true,"href":"https:\/\/fmp-components.com\/it\/wp-json\/wp\/v2\/product_tag?post=6650"}],"curies":[{"name":"parola chiave","href":"https:\/\/api.w.org\/{rel}","templated":true}]}}