{"id":6649,"date":"2025-03-11T06:36:21","date_gmt":"2025-03-11T06:36:21","guid":{"rendered":"https:\/\/fmp-components.com\/product\/factory-direct-sale-2-stage-double-acting-telescopic-hydraulic-cylinder"},"modified":"2025-03-12T08:20:13","modified_gmt":"2025-03-12T08:20:13","slug":"factory-direct-sale-2-stage-double-acting-telescopic-hydraulic-cylinder","status":"publish","type":"product","link":"https:\/\/fmp-components.com\/it\/product\/factory-direct-sale-2-stage-double-acting-telescopic-hydraulic-cylinder\/","title":{"rendered":"Cilindro idraulico telescopico a doppia azione a 2 stadi con vendita diretta in fabbrica"},"content":{"rendered":"<h2>Cilindro idraulico telescopico a doppia azione a 2 stadi con vendita diretta in fabbrica<\/h2>\n<p>Il cilindro idraulico telescopico a doppio effetto a 2 stadi \u00e8 un prodotto innovativo, progettato tenendo conto delle esigenze di diversi settori come officine di riparazione di macchinari, aziende agricole, industria energetica e mineraria, produzione di macchinari e fabbriche di macchinari. Si tratta di un prodotto di dimensioni standard che funziona con energia idraulica ed \u00e8 realizzato in acciaio di qualit\u00e0 superiore. Con una spinta massima di 3000 Nm e una forza di tiro massima di 20 tonnellate, questo cilindro idraulico multistadio \u00e8 una scelta robusta e affidabile.<\/p>\n<h2>Caratteristiche e funzioni<\/h2>\n<p>Questo cilindro idraulico \u00e8 coperto da una garanzia di 1 anno e vanta componenti essenziali come cuscinetti e cilindro idraulico. \u00c8 certificato ISO 9001:2000, a garanzia della sua elevata qualit\u00e0 e affidabilit\u00e0. Il prodotto \u00e8 disponibile in colore nero e offre diverse opzioni di porte, tra cui G, SAE, NPT e M.<\/p>\n<h3>Specifiche tecniche<\/h3>\n<table style=\"width: 97.1459%;\" border=\"\">\n<tbody>\n<tr>\n<td style=\"width: 42.9379%;\"><i>Dimensioni del foro<\/i><\/td>\n<td style=\"width: 459.322%;\">2-6 pollici<\/td>\n<\/tr>\n<tr>\n<td style=\"width: 42.9379%;\"><i>Dimensioni dell&#039;asta<\/i><\/td>\n<td style=\"width: 459.322%;\">1,125-4 pollici<\/td>\n<\/tr>\n<tr>\n<td style=\"width: 42.9379%;\"><i>Dimensione del tratto<\/i><\/td>\n<td style=\"width: 459.322%;\">4-100 pollici<\/td>\n<\/tr>\n<tr>\n<td style=\"width: 42.9379%;\"><i>Dimensione del perno<\/i><\/td>\n<td style=\"width: 459.322%;\">0,5-2 pollici<\/td>\n<\/tr>\n<tr>\n<td style=\"width: 42.9379%;\"><i>Porti<\/i><\/td>\n<td style=\"width: 459.322%;\">G\/SAE\/NPT\/M<\/td>\n<\/tr>\n<\/tbody>\n<\/table>\n<h2>Vantaggi unici<\/h2>\n<ul>\n<li>Efficienza energetica: il cilindro funziona tramite energia idraulica, il che lo rende una scelta efficiente dal punto di vista energetico.<\/li>\n<li>Alte prestazioni: con una spinta massima di 3000 e una trazione massima di 20 tonnellate, il prodotto garantisce elevate prestazioni.<\/li>\n<li>Durevole e affidabile: realizzato in acciaio, il prodotto \u00e8 durevole e affidabile, garantendo un utilizzo a lungo termine.<\/li>\n<\/ul>\n<p><img loading=\"lazy\" decoding=\"async\" class=\"alignnone  wp-image-6657\" src=\"https:\/\/fmp-components.com\/wp-content\/uploads\/2025\/03\/telescopic-hydraulic-cylinder-3.webp\" alt=\"cilindro idraulico telescopico\" width=\"898\" height=\"898\" title=\"\" srcset=\"https:\/\/fmp-components.com\/wp-content\/uploads\/2025\/03\/telescopic-hydraulic-cylinder-3.webp 898w, https:\/\/fmp-components.com\/wp-content\/uploads\/2025\/03\/telescopic-hydraulic-cylinder-3-480x480.webp 480w\" sizes=\"(min-width: 0px) and (max-width: 480px) 480px, (min-width: 481px) 898px, 100vw\" \/><\/p>\n<h2>Sistema idraulico e principio di funzionamento<\/h2>\n<p>Il cilindro idraulico funziona secondo il principio di base della conversione dell&#039;energia idraulica in movimento meccanico. Il fluido idraulico viene pressurizzato, il che a sua volta aziona il pistone del cilindro, generando cos\u00ec forza. Questa forza viene poi utilizzata in varie applicazioni industriali.<\/p>\n<h2>Applicazioni del cilindro idraulico<\/h2>\n<p>Questo cilindro idraulico multistadio \u00e8 ampiamente utilizzato nelle officine di riparazione di macchinari, nelle aziende agricole, nel settore energetico e minerario, nella produzione di macchinari e nelle fabbriche di macchinari.<\/p>\n<h2>Cilindri idraulici e gruppi di potenza<\/h2>\n<p>Il cilindro idraulico e la centralina sono componenti indispensabili del sistema idraulico. La loro azione combinata garantisce la diffusione della tecnologia idraulica in campo industriale, fornendo potenza affidabile e supporto di controllo per diverse apparecchiature meccaniche e ingegneristiche. Il cilindro idraulico, in quanto attuatore, \u00e8 responsabile della conversione dell&#039;energia idraulica in movimento meccanico, trasformando la pressione in forza. La centralina \u00e8 il cuore pulsante che fornisce l&#039;energia e i segnali di controllo richiesti dal sistema idraulico. Solo la cooperazione coordinata tra loro pu\u00f2 garantire il normale funzionamento del sistema idraulico. FMP fornisce anche centraline in vendita.<\/p>\n<h3>Informazioni su FMP<\/h3>\n<p>FMP \u00e8 un produttore italiano leader, rinomato per la sua competenza nella progettazione, sviluppo e produzione di cilindri idraulici di alta qualit\u00e0. Con decenni di esperienza nel settore, uniamo perfettamente la tradizionale artigianalit\u00e0 italiana con la tecnologia all&#039;avanguardia per fornire soluzioni idrauliche eccezionali su misura per le diverse esigenze dei nostri clienti globali. Situata in Italia, un centro di eccellenza ingegneristica, FMP si \u00e8 affermata come un nome di fiducia nel settore idraulico, impegnata a fornire prodotti affidabili, durevoli e innovativi che potenziano le aziende in tutto il mondo.<\/p>\n<p>La nostra azienda unisce il meglio delle pratiche di produzione avanzate con un approccio lungimirante. Sfruttando anni di esperienza nei sistemi idraulici, FMP si \u00e8 evoluta in un&#039;azienda moderna che eccelle nella ricerca, nella progettazione e nella produzione. Offriamo un&#039;ampia gamma di cilindri idraulici, tra cui cilindri a doppio effetto, cilindri di sollevamento per autoveicoli, cilindri per macchinari agricoli e soluzioni progettate su misura per varie applicazioni industriali. Che si tratti di edilizia, installazioni industriali, agricoltura o macchinari pesanti, i nostri cilindri idraulici sono progettati per funzionare nelle condizioni pi\u00f9 difficili, garantendo sicurezza, efficienza e longevit\u00e0.<\/p>\n<p>In FMP, siamo orgogliosi dei nostri stabilimenti di produzione all&#039;avanguardia, dotati di macchinari di precisione e sistemi di collaudo avanzati. I nostri processi di produzione aderiscono a rigorosi standard nazionali e internazionali, garantendo che ogni cilindro idraulico prodotto soddisfi i pi\u00f9 elevati standard di qualit\u00e0 e affidabilit\u00e0. Con un team tecnico qualificato e attrezzature all&#039;avanguardia, manteniamo un rigoroso controllo di qualit\u00e0 in ogni fase della produzione, dalla selezione delle materie prime all&#039;ispezione finale. Questo impegno verso l&#039;eccellenza ci ha fatto guadagnare certificazioni e riconoscimenti dalle autorit\u00e0 del settore, rafforzando la nostra reputazione di partner affidabile.<\/p>\n<p><img loading=\"lazy\" decoding=\"async\" class=\"alignnone size-full wp-image-6720\" src=\"https:\/\/fmp-components.com\/wp-content\/uploads\/2025\/03\/hydraulic-cylinder-8.webp\" alt=\"Cilindri idraulici telescopici\" width=\"933\" height=\"526\" title=\"\" srcset=\"https:\/\/fmp-components.com\/wp-content\/uploads\/2025\/03\/hydraulic-cylinder-8.webp 933w, https:\/\/fmp-components.com\/wp-content\/uploads\/2025\/03\/hydraulic-cylinder-8-480x271.webp 480w\" sizes=\"(min-width: 0px) and (max-width: 480px) 480px, (min-width: 481px) 933px, 100vw\" \/><\/p>\n<p>La nostra missione \u00e8 semplice e ambiziosa: fornire ai nostri clienti cilindri idraulici che superino le aspettative in termini di prestazioni, durata e valore. Aderiamo ai principi fondamentali di professionalit\u00e0, integrit\u00e0 e attenzione al cliente. Promuovendo una cultura di innovazione e precisione, miglioriamo costantemente i nostri prodotti per rimanere all&#039;avanguardia in un mercato competitivo. La nostra vasta gamma di prodotti e la capacit\u00e0 di offrire soluzioni personalizzate ci rendono la scelta preferita per le aziende che cercano cilindri idraulici ad alte prestazioni.<\/p>\n<p>FMP \u00e8 pi\u00f9 di un semplice produttore; siamo partner impegnati nel tuo successo. Sappiamo che i nostri clienti contano su di noi per fornire strumenti che migliorino la produttivit\u00e0 e la sicurezza. Ecco perch\u00e9 ci impegniamo a fornire non solo prodotti di prima qualit\u00e0, ma anche un servizio eccezionale. Dalle consulenze iniziali al supporto post-vendita, collaboriamo a stretto contatto con i nostri clienti per garantire che le loro esigenze siano soddisfatte con professionalit\u00e0 e cura. I nostri prezzi competitivi, uniti a un impegno incrollabile per la qualit\u00e0, rendono FMP la scelta intelligente per le aziende che desiderano investire in soluzioni idrauliche affidabili.<\/p>","protected":false},"excerpt":{"rendered":"<p>Factory Direct Sale 2 Stage Double Acting Telescopic Hydraulic Cylinder The 2 Stage Double Acting Telescopic Hydraulic Cylinder is an innovative product that has been designed keeping in mind the needs of various industries like machinery repair shops, farms, energy &amp; mining, machinery manufacturing, and machinery factories. It is a standard-sized product that operates using [&hellip;]<\/p>","protected":false},"featured_media":6759,"comment_status":"closed","ping_status":"closed","template":"","meta":{"_et_pb_use_builder":"","_et_pb_old_content":"","_et_gb_content_width":""},"product_brand":[],"product_cat":[103],"product_tag":[34,105],"class_list":{"0":"post-6649","1":"product","2":"type-product","3":"status-publish","4":"has-post-thumbnail","6":"product_cat-telescopic-hydraulic-cylinders","7":"product_tag-hydraulic-cylinder","8":"product_tag-telescopic-hydraulic-cylinders","10":"first","11":"instock","12":"product-type-simple"},"_links":{"self":[{"href":"https:\/\/fmp-components.com\/it\/wp-json\/wp\/v2\/product\/6649","targetHints":{"allow":["GET"]}}],"collection":[{"href":"https:\/\/fmp-components.com\/it\/wp-json\/wp\/v2\/product"}],"about":[{"href":"https:\/\/fmp-components.com\/it\/wp-json\/wp\/v2\/types\/product"}],"replies":[{"embeddable":true,"href":"https:\/\/fmp-components.com\/it\/wp-json\/wp\/v2\/comments?post=6649"}],"wp:featuredmedia":[{"embeddable":true,"href":"https:\/\/fmp-components.com\/it\/wp-json\/wp\/v2\/media\/6759"}],"wp:attachment":[{"href":"https:\/\/fmp-components.com\/it\/wp-json\/wp\/v2\/media?parent=6649"}],"wp:term":[{"taxonomy":"product_brand","embeddable":true,"href":"https:\/\/fmp-components.com\/it\/wp-json\/wp\/v2\/product_brand?post=6649"},{"taxonomy":"product_cat","embeddable":true,"href":"https:\/\/fmp-components.com\/it\/wp-json\/wp\/v2\/product_cat?post=6649"},{"taxonomy":"product_tag","embeddable":true,"href":"https:\/\/fmp-components.com\/it\/wp-json\/wp\/v2\/product_tag?post=6649"}],"curies":[{"name":"parola chiave","href":"https:\/\/api.w.org\/{rel}","templated":true}]}}