{"id":6647,"date":"2025-03-11T06:36:21","date_gmt":"2025-03-11T06:36:21","guid":{"rendered":"https:\/\/fmp-components.com\/product\/multi-stage-dump-truck-hydraulic-hoist-cylinder"},"modified":"2025-03-12T07:00:10","modified_gmt":"2025-03-12T07:00:10","slug":"multi-stage-dump-truck-hydraulic-hoist-cylinder","status":"publish","type":"product","link":"https:\/\/fmp-components.com\/it\/product\/multi-stage-dump-truck-hydraulic-hoist-cylinder\/","title":{"rendered":"Cilindro di sollevamento idraulico per autocarri con cassone ribaltabile multistadio"},"content":{"rendered":"<h2>Cilindro di sollevamento idraulico per autocarri con cassone ribaltabile multistadio<\/h2>\n<p>Vi presentiamo il nostro nuovissimo prodotto, il cilindro di sollevamento idraulico multistadio per autocarri con cassone ribaltabile. Componente essenziale per i macchinari pesanti, questo cilindro idraulico \u00e8 perfetto per officine di riparazione, aziende agricole, industrie energetiche e minerarie, nonch\u00e9 per la produzione e l'industria di macchinari.<\/p>\n<h3>Caratteristiche e specifiche del prodotto<\/h3>\n<p>Questo cilindro di sollevamento idraulico di alta qualit\u00e0 \u00e8 coperto da una garanzia di 1 anno e pesa 120 kg. Anche i componenti principali, inclusi i cuscinetti e il cilindro idraulico stesso, sono coperti da una garanzia di 1 anno. Si tratta di un cilindro a stantuffo standard con corpo in robusto acciaio. La spinta e la trazione massime che pu\u00f2 gestire sono rispettivamente di 3000 e 20 tonnellate. L'alesaggio varia da 2 a 6 pollici e la dimensione dello stelo varia da 1,125 a 4 pollici. La corsa varia da 4 a 100 pollici e la dimensione del perno varia da 0,5 a 2 pollici. Il cilindro di sollevamento idraulico \u00e8 di colore nero.<\/p>\n<h3>Specifiche tecniche<\/h3>\n<table style=\"width: 95.5642%;\" border=\"\">\n<tbody>\n<tr>\n<td style=\"width: 43.5028%;\"><b>Dimensioni del foro<\/b><\/td>\n<td style=\"width: 461.582%;\">2-6 pollici<\/td>\n<\/tr>\n<tr>\n<td style=\"width: 43.5028%;\"><b>Dimensioni dell&#039;asta<\/b><\/td>\n<td style=\"width: 461.582%;\">1,125-4 pollici<\/td>\n<\/tr>\n<tr>\n<td style=\"width: 43.5028%;\"><b>Dimensione del tratto<\/b><\/td>\n<td style=\"width: 461.582%;\">4-100 pollici<\/td>\n<\/tr>\n<tr>\n<td style=\"width: 43.5028%;\"><b>Dimensione del perno<\/b><\/td>\n<td style=\"width: 461.582%;\">0,5-2 pollici<\/td>\n<\/tr>\n<tr>\n<td style=\"width: 43.5028%;\"><b>Porti<\/b><\/td>\n<td style=\"width: 461.582%;\">G\/SAE\/NPT\/M<\/td>\n<\/tr>\n<\/tbody>\n<\/table>\n<h2>Vantaggi del prodotto<\/h2>\n<p>Il cilindro di sollevamento idraulico multistadio per autocarri con cassone ribaltabile \u00e8 efficiente dal punto di vista energetico, altamente efficace e incredibilmente sicuro, il che lo rende la scelta ideale per le esigenze del tuo settore.<\/p>\n<h3>Sistema idraulico e principi di funzionamento<\/h3>\n<p>Il cilindro di sollevamento idraulico \u00e8 un elemento fondamentale del sistema idraulico. Converte l'energia idraulica in movimento meccanico, trasformando la pressione in forza. La centralina idraulica fornisce l'energia e i segnali di controllo necessari al sistema idraulico, garantendone il regolare funzionamento.<\/p>\n<p><img loading=\"lazy\" decoding=\"async\" class=\"alignnone  wp-image-6657\" src=\"https:\/\/fmp-components.com\/wp-content\/uploads\/2025\/03\/telescopic-hydraulic-cylinder-3.webp\" alt=\"cilindro idraulico telescopico\" width=\"952\" height=\"952\" title=\"\" srcset=\"https:\/\/fmp-components.com\/wp-content\/uploads\/2025\/03\/telescopic-hydraulic-cylinder-3.webp 952w, https:\/\/fmp-components.com\/wp-content\/uploads\/2025\/03\/telescopic-hydraulic-cylinder-3-480x480.webp 480w\" sizes=\"(min-width: 0px) and (max-width: 480px) 480px, (min-width: 481px) 952px, 100vw\" \/><\/p>\n<h2>Applicazione del prodotto<\/h2>\n<p>Questo cilindro di sollevamento idraulico \u00e8 ideale per l'uso in officine di riparazione di macchinari, aziende agricole, industrie energetiche e minerarie, nonch\u00e9 in fabbriche e stabilimenti di produzione di macchinari. \u00c8 progettato per gestire carichi pesanti e operare in condizioni difficili.<\/p>\n<h2>Cilindri idraulici e gruppi di potenza<\/h2>\n<p>Cilindri idraulici e centraline sono componenti inseparabili del sistema idraulico. Il loro funzionamento combinato garantisce l'ampia applicazione della tecnologia idraulica in campo industriale, fornendo potenza affidabile e supporto di controllo per diverse apparecchiature meccaniche e ingegneristiche. Da FMP, offriamo anche centraline in vendita.<\/p>\n<h2>Domande frequenti<\/h2>\n<p><b>D: Siete una societ\u00e0 commerciale o produttrice?<\/b><br \/>\nA: Siamo una fabbrica.<\/p>\n<p><b>D: Quanto tempo impiegate per la consegna?<\/b><br \/>\nR: Generalmente sono 25-35 giorni.<\/p>\n<p><b>D: Fornite campioni? Sono gratuiti o extra?<\/b><br \/>\nR: S\u00ec, potremmo offrire il campione, ma non \u00e8 gratuito.<\/p>\n<h3>Informazioni su FMP<\/h3>\n<p>FMP \u00e8 un produttore italiano leader, rinomato per la sua competenza nella progettazione, sviluppo e produzione di cilindri idraulici di alta qualit\u00e0. Con decenni di esperienza nel settore, uniamo perfettamente la tradizionale artigianalit\u00e0 italiana con la tecnologia all&#039;avanguardia per fornire soluzioni idrauliche eccezionali su misura per le diverse esigenze dei nostri clienti globali. Situata in Italia, un centro di eccellenza ingegneristica, FMP si \u00e8 affermata come un nome di fiducia nel settore idraulico, impegnata a fornire prodotti affidabili, durevoli e innovativi che potenziano le aziende in tutto il mondo.<\/p>\n<p>La nostra azienda unisce il meglio delle pratiche di produzione avanzate con un approccio lungimirante. Sfruttando anni di esperienza nei sistemi idraulici, FMP si \u00e8 evoluta in un&#039;azienda moderna che eccelle nella ricerca, nella progettazione e nella produzione. Offriamo un&#039;ampia gamma di cilindri idraulici, tra cui cilindri a doppio effetto, cilindri di sollevamento per autoveicoli, cilindri per macchinari agricoli e soluzioni progettate su misura per varie applicazioni industriali. Che si tratti di edilizia, installazioni industriali, agricoltura o macchinari pesanti, i nostri cilindri idraulici sono progettati per funzionare nelle condizioni pi\u00f9 difficili, garantendo sicurezza, efficienza e longevit\u00e0.<\/p>\n<p>In FMP, siamo orgogliosi dei nostri stabilimenti di produzione all&#039;avanguardia, dotati di macchinari di precisione e sistemi di collaudo avanzati. I nostri processi di produzione aderiscono a rigorosi standard nazionali e internazionali, garantendo che ogni cilindro idraulico prodotto soddisfi i pi\u00f9 elevati standard di qualit\u00e0 e affidabilit\u00e0. Con un team tecnico qualificato e attrezzature all&#039;avanguardia, manteniamo un rigoroso controllo di qualit\u00e0 in ogni fase della produzione, dalla selezione delle materie prime all&#039;ispezione finale. Questo impegno verso l&#039;eccellenza ci ha fatto guadagnare certificazioni e riconoscimenti dalle autorit\u00e0 del settore, rafforzando la nostra reputazione di partner affidabile.<\/p>\n<p><img loading=\"lazy\" decoding=\"async\" class=\"alignnone size-full wp-image-6720\" src=\"https:\/\/fmp-components.com\/wp-content\/uploads\/2025\/03\/hydraulic-cylinder-8.webp\" alt=\"Cilindri idraulici telescopici\" width=\"933\" height=\"526\" title=\"\" srcset=\"https:\/\/fmp-components.com\/wp-content\/uploads\/2025\/03\/hydraulic-cylinder-8.webp 933w, https:\/\/fmp-components.com\/wp-content\/uploads\/2025\/03\/hydraulic-cylinder-8-480x271.webp 480w\" sizes=\"(min-width: 0px) and (max-width: 480px) 480px, (min-width: 481px) 933px, 100vw\" \/><\/p>\n<p>La nostra missione \u00e8 semplice e ambiziosa: fornire ai nostri clienti cilindri idraulici che superino le aspettative in termini di prestazioni, durata e valore. Aderiamo ai principi fondamentali di professionalit\u00e0, integrit\u00e0 e attenzione al cliente. Promuovendo una cultura di innovazione e precisione, miglioriamo costantemente i nostri prodotti per rimanere all&#039;avanguardia in un mercato competitivo. La nostra vasta gamma di prodotti e la capacit\u00e0 di offrire soluzioni personalizzate ci rendono la scelta preferita per le aziende che cercano cilindri idraulici ad alte prestazioni.<\/p>\n<p>FMP \u00e8 pi\u00f9 di un semplice produttore; siamo partner impegnati nel tuo successo. Sappiamo che i nostri clienti contano su di noi per fornire strumenti che migliorino la produttivit\u00e0 e la sicurezza. Ecco perch\u00e9 ci impegniamo a fornire non solo prodotti di prima qualit\u00e0, ma anche un servizio eccezionale. Dalle consulenze iniziali al supporto post-vendita, collaboriamo a stretto contatto con i nostri clienti per garantire che le loro esigenze siano soddisfatte con professionalit\u00e0 e cura. I nostri prezzi competitivi, uniti a un impegno incrollabile per la qualit\u00e0, rendono FMP la scelta intelligente per le aziende che desiderano investire in soluzioni idrauliche affidabili.<\/p>","protected":false},"excerpt":{"rendered":"<p>Multi Stage Dump Truck Hydraulic Hoist Cylinder Introducing our brand-new product, the Multi Stage Dump Truck Hydraulic Hoist Cylinder. A vital component for heavy machinery, this hydraulic cylinder is perfect for machinery repair shops, farms, energy and mining industries, and machinery manufacturing and factories. Product Features and Specifications This top-quality hydraulic hoist cylinder comes with [&hellip;]<\/p>","protected":false},"featured_media":6757,"comment_status":"closed","ping_status":"closed","template":"","meta":{"_et_pb_use_builder":"","_et_pb_old_content":"","_et_gb_content_width":""},"product_brand":[],"product_cat":[103],"product_tag":[34,105],"class_list":{"0":"post-6647","1":"product","2":"type-product","3":"status-publish","4":"has-post-thumbnail","6":"product_cat-telescopic-hydraulic-cylinders","7":"product_tag-hydraulic-cylinder","8":"product_tag-telescopic-hydraulic-cylinders","10":"first","11":"instock","12":"product-type-simple"},"_links":{"self":[{"href":"https:\/\/fmp-components.com\/it\/wp-json\/wp\/v2\/product\/6647","targetHints":{"allow":["GET"]}}],"collection":[{"href":"https:\/\/fmp-components.com\/it\/wp-json\/wp\/v2\/product"}],"about":[{"href":"https:\/\/fmp-components.com\/it\/wp-json\/wp\/v2\/types\/product"}],"replies":[{"embeddable":true,"href":"https:\/\/fmp-components.com\/it\/wp-json\/wp\/v2\/comments?post=6647"}],"wp:featuredmedia":[{"embeddable":true,"href":"https:\/\/fmp-components.com\/it\/wp-json\/wp\/v2\/media\/6757"}],"wp:attachment":[{"href":"https:\/\/fmp-components.com\/it\/wp-json\/wp\/v2\/media?parent=6647"}],"wp:term":[{"taxonomy":"product_brand","embeddable":true,"href":"https:\/\/fmp-components.com\/it\/wp-json\/wp\/v2\/product_brand?post=6647"},{"taxonomy":"product_cat","embeddable":true,"href":"https:\/\/fmp-components.com\/it\/wp-json\/wp\/v2\/product_cat?post=6647"},{"taxonomy":"product_tag","embeddable":true,"href":"https:\/\/fmp-components.com\/it\/wp-json\/wp\/v2\/product_tag?post=6647"}],"curies":[{"name":"parola chiave","href":"https:\/\/api.w.org\/{rel}","templated":true}]}}