{"id":6643,"date":"2025-03-11T06:35:17","date_gmt":"2025-03-11T06:35:17","guid":{"rendered":"https:\/\/fmp-components.com\/product\/excellent-quality-3-stage-multistage-double-acting-hydraulic-cylinder"},"modified":"2025-03-18T01:03:20","modified_gmt":"2025-03-18T01:03:20","slug":"excellent-quality-3-stage-multistage-double-acting-hydraulic-cylinder","status":"publish","type":"product","link":"https:\/\/fmp-components.com\/it\/product\/excellent-quality-3-stage-multistage-double-acting-hydraulic-cylinder\/","title":{"rendered":"Cilindro idraulico a doppia azione multistadio a 3 stadi di eccellente qualit\u00e0"},"content":{"rendered":"<h2>Cilindro idraulico a doppia azione multistadio a 3 stadi di eccellente qualit\u00e0<\/h2>\n<p>Prova le prestazioni superiori del nostro cilindro idraulico a 3 stadi multistadio a doppia azione. Realizzato con cura per una variet\u00e0 di settori, questo prodotto \u00e8 una miscela perfetta di efficienza e durata. \u00c8 una nuova aggiunta alla nostra collezione di cilindri idraulici di alta qualit\u00e0, lanciata con la nuova gamma di prodotti 2025.<\/p>\n<h3>Caratteristiche e vantaggi principali<\/h3>\n<ul>\n<li><strong>Materiale di qualit\u00e0:<\/strong> Realizzato in acciaio di alta qualit\u00e0, garantisce robustezza e durata nel tempo.<\/li>\n<li><strong>Doppia azione:<\/strong> Garantisce un funzionamento fluido ed efficiente sia in direzione di spinta che di trazione.<\/li>\n<li><strong>Dimensioni standard:<\/strong> Adatto per applicazioni industriali standard con alesaggio da 2 a 6 pollici e dimensioni dell&#039;asta da 1,125 a 4 pollici.<\/li>\n<li><strong>Alta capacit\u00e0:<\/strong> Pu\u00f2 gestire una spinta massima di 3000 e tirare fino a 20 tonnellate.<\/li>\n<li><strong>Garanzia:<\/strong> Dotato di una garanzia di 1 anno sui componenti principali, per garantirti la massima tranquillit\u00e0.<\/li>\n<\/ul>\n<h3>Specifiche tecniche<\/h3>\n<table style=\"width: 96.9706%;\" border=\"\">\n<tbody>\n<tr>\n<td style=\"width: 43.4286%;\"><strong>Dimensioni del foro<\/strong><\/td>\n<td style=\"width: 402.857%;\">2-6 pollici<\/td>\n<\/tr>\n<tr>\n<td style=\"width: 43.4286%;\"><strong>Dimensioni dell&#039;asta<\/strong><\/td>\n<td style=\"width: 402.857%;\">1,125-4 pollici<\/td>\n<\/tr>\n<tr>\n<td style=\"width: 43.4286%;\"><strong>Dimensione del tratto<\/strong><\/td>\n<td style=\"width: 402.857%;\">4-100 pollici<\/td>\n<\/tr>\n<tr>\n<td style=\"width: 43.4286%;\"><strong>Dimensione del perno<\/strong><\/td>\n<td style=\"width: 402.857%;\">0,5-2 pollici<\/td>\n<\/tr>\n<tr>\n<td style=\"width: 43.4286%;\"><strong>Porti<\/strong><\/td>\n<td style=\"width: 402.857%;\">G\/SAE\/NPT\/M<\/td>\n<\/tr>\n<\/tbody>\n<\/table>\n<h2>Capire i sistemi idraulici<\/h2>\n<p>I sistemi idraulici, come il nostro cilindro idraulico multistadio, utilizzano il fluido per trasmettere potenza. L&#039;efficienza e la sicurezza del sistema lo rendono una scelta ideale per vari settori, dalle officine di riparazione di macchinari e dalle aziende agricole all&#039;energia, all&#039;estrazione mineraria e alla produzione di macchinari.<\/p>\n<p><img loading=\"lazy\" decoding=\"async\" class=\"alignnone wp-image-6661\" src=\"https:\/\/fmp-components.com\/wp-content\/uploads\/2025\/03\/telescopic-hydraulic-cylinder-10.webp\" alt=\"cilindro idraulico telescopico\" width=\"904\" height=\"904\" title=\"\" srcset=\"https:\/\/fmp-components.com\/wp-content\/uploads\/2025\/03\/telescopic-hydraulic-cylinder-10.webp 904w, https:\/\/fmp-components.com\/wp-content\/uploads\/2025\/03\/telescopic-hydraulic-cylinder-10-480x480.webp 480w\" sizes=\"(min-width: 0px) and (max-width: 480px) 480px, (min-width: 481px) 904px, 100vw\" \/><\/p>\n<h2>Applicazioni dei cilindri idraulici<\/h2>\n<p>I nostri cilindri idraulici sono versatili e trovano ampio utilizzo in vari settori industriali. Sono particolarmente utili nei macchinari pesanti e nelle attrezzature industriali per fornire la potenza e il controllo necessari.<\/p>\n<h2>Cilindri idraulici e gruppi di potenza<\/h2>\n<p>I cilindri idraulici e le unit\u00e0 di potenza sono componenti integrali dei sistemi idraulici. La loro funzione collaborativa assicura l&#039;ampia applicazione della tecnologia idraulica nei campi industriali, fornendo potenza affidabile e supporto di controllo per varie apparecchiature di ingegneria e macchinari. Forniamo anche unit\u00e0 di potenza in vendita presso FMP.<\/p>\n<h2>Domande frequenti<\/h2>\n<ol>\n<li><strong>D: Siete una societ\u00e0 commerciale o produttrice?<\/strong><br \/>\nA: Siamo una fabbrica.<\/li>\n<li><strong>D: Quanto tempo impiegate per la consegna?<\/strong><br \/>\nR: Generalmente sono 25-35 giorni.<\/li>\n<li><strong>D: Potete produrre secondo i campioni?<\/strong><br \/>\nA: S\u00ec, possiamo produrre in base ai vostri campioni o disegni tecnici. Possiamo costruire gli stampi e le attrezzature.<\/li>\n<\/ol>\n<h3>Informazioni su FMP<\/h3>\n<p class=\"break-words\">FMP \u00e8 un produttore italiano leader specializzato nella progettazione, sviluppo e produzione di cilindri idraulici di alta qualit\u00e0. Con una ricca tradizione radicata in decenni di competenza, uniamo con orgoglio l&#039;artigianato italiano con la tecnologia all&#039;avanguardia per fornire soluzioni idrauliche eccezionali su misura per soddisfare le diverse esigenze della nostra clientela globale. Con sede in Italia, un polo di eccellenza ingegneristica, FMP \u00e8 un nome affidabile nel settore idraulico, impegnato a fornire prodotti affidabili, durevoli e innovativi che potenziano le aziende in tutto il mondo.<\/p>\n<p class=\"break-words\">La nostra azienda integra il meglio delle tradizioni di produzione avanzata con un approccio lungimirante. Grazie ad anni di esperienza nei sistemi idraulici, FMP si \u00e8 evoluta in un&#039;azienda moderna che eccelle nella ricerca, nella progettazione e nella produzione. Siamo specializzati in un&#039;ampia gamma di cilindri idraulici, tra cui cilindri a doppio effetto, cilindri di sollevamento per autoveicoli, cilindri per macchinari agricoli e soluzioni progettate su misura per varie applicazioni industriali. Che si tratti di edilizia, installazioni industriali, agricoltura o macchinari pesanti, i nostri cilindri idraulici sono costruiti per funzionare nelle condizioni pi\u00f9 difficili, garantendo sicurezza, efficienza e longevit\u00e0.<\/p>\n<p><img loading=\"lazy\" decoding=\"async\" class=\"alignnone size-full wp-image-6720\" src=\"https:\/\/fmp-components.com\/wp-content\/uploads\/2025\/03\/hydraulic-cylinder-8.webp\" alt=\"Cilindri idraulici telescopici\" width=\"933\" height=\"526\" title=\"\" srcset=\"https:\/\/fmp-components.com\/wp-content\/uploads\/2025\/03\/hydraulic-cylinder-8.webp 933w, https:\/\/fmp-components.com\/wp-content\/uploads\/2025\/03\/hydraulic-cylinder-8-480x271.webp 480w\" sizes=\"(min-width: 0px) and (max-width: 480px) 480px, (min-width: 481px) 933px, 100vw\" \/><\/p>\n<p class=\"break-words\">In FMP, siamo orgogliosi dei nostri stabilimenti di produzione all&#039;avanguardia, dotati di macchinari di precisione e sistemi di collaudo avanzati. I nostri processi di produzione rispettano rigorosi standard nazionali e internazionali, assicurando che ogni cilindro idraulico che esce dalla nostra fabbrica sia di qualit\u00e0 e affidabilit\u00e0 superiori. Il nostro team tecnico qualificato, abbinato a attrezzature all&#039;avanguardia, ci consente di mantenere un rigoroso controllo di qualit\u00e0 in ogni fase della produzione, dalla selezione delle materie prime all&#039;ispezione finale. Questa dedizione all&#039;eccellenza ci ha fatto guadagnare certificazioni e riconoscimenti dalle autorit\u00e0 del settore, consolidando ulteriormente la nostra reputazione di partner affidabile.<\/p>\n<p class=\"break-words\">La nostra missione \u00e8 semplice ma ambiziosa: fornire ai nostri clienti cilindri idraulici che superino le aspettative in termini di prestazioni, durata e valore. Operiamo secondo i principi guida di professionalit\u00e0, integrit\u00e0 e attenzione al cliente. Promuovendo una cultura di innovazione e precisione, perfezioniamo costantemente i nostri prodotti per rimanere all&#039;avanguardia in un mercato competitivo. La nostra gamma completa di prodotti e la capacit\u00e0 di offrire soluzioni personalizzate ci rendono la scelta ideale per le aziende che cercano cilindri idraulici ad alte prestazioni.<\/p>\n<p class=\"break-words\">FMP \u00e8 pi\u00f9 di un semplice produttore: siamo un partner per il tuo successo. Sappiamo che i nostri clienti contano su di noi per fornirti strumenti che migliorino la loro produttivit\u00e0 e sicurezza. Ecco perch\u00e9 ci impegniamo a offrire non solo prodotti di prima qualit\u00e0, ma anche un servizio eccezionale. Dalla consulenza iniziale al supporto post-vendita, lavoriamo a stretto contatto con i nostri clienti per garantire che le loro esigenze siano soddisfatte con professionalit\u00e0 e attenzione. I nostri prezzi competitivi, abbinati al nostro incrollabile impegno per la qualit\u00e0, rendono FMP la scelta intelligente per le aziende che desiderano investire in soluzioni idrauliche di cui possono fidarsi.<\/p>","protected":false},"excerpt":{"rendered":"<p>Excellent Quality 3 Stage Multistage Double Acting Hydraulic Cylinder Experience the superior performance of our 3 Stage Multistage Double Acting hydraulic cylinder. Crafted carefully for a variety of industries, this product is a perfect blend of efficiency and durability. It&#8217;s a new addition to our top-quality hydraulic cylinders collection, launched under the new product 2025 [&hellip;]<\/p>","protected":false},"featured_media":6782,"comment_status":"closed","ping_status":"closed","template":"","meta":{"_et_pb_use_builder":"","_et_pb_old_content":"","_et_gb_content_width":""},"product_brand":[],"product_cat":[103],"product_tag":[34,105],"class_list":{"0":"post-6643","1":"product","2":"type-product","3":"status-publish","4":"has-post-thumbnail","6":"product_cat-telescopic-hydraulic-cylinders","7":"product_tag-hydraulic-cylinder","8":"product_tag-telescopic-hydraulic-cylinders","10":"first","11":"instock","12":"product-type-simple"},"_links":{"self":[{"href":"https:\/\/fmp-components.com\/it\/wp-json\/wp\/v2\/product\/6643","targetHints":{"allow":["GET"]}}],"collection":[{"href":"https:\/\/fmp-components.com\/it\/wp-json\/wp\/v2\/product"}],"about":[{"href":"https:\/\/fmp-components.com\/it\/wp-json\/wp\/v2\/types\/product"}],"replies":[{"embeddable":true,"href":"https:\/\/fmp-components.com\/it\/wp-json\/wp\/v2\/comments?post=6643"}],"wp:featuredmedia":[{"embeddable":true,"href":"https:\/\/fmp-components.com\/it\/wp-json\/wp\/v2\/media\/6782"}],"wp:attachment":[{"href":"https:\/\/fmp-components.com\/it\/wp-json\/wp\/v2\/media?parent=6643"}],"wp:term":[{"taxonomy":"product_brand","embeddable":true,"href":"https:\/\/fmp-components.com\/it\/wp-json\/wp\/v2\/product_brand?post=6643"},{"taxonomy":"product_cat","embeddable":true,"href":"https:\/\/fmp-components.com\/it\/wp-json\/wp\/v2\/product_cat?post=6643"},{"taxonomy":"product_tag","embeddable":true,"href":"https:\/\/fmp-components.com\/it\/wp-json\/wp\/v2\/product_tag?post=6643"}],"curies":[{"name":"parola chiave","href":"https:\/\/api.w.org\/{rel}","templated":true}]}}