{"id":6641,"date":"2025-03-11T06:35:17","date_gmt":"2025-03-11T06:35:17","guid":{"rendered":"https:\/\/fmp-components.com\/product\/2-stage-small-dump-truck-telescopic-hydraulic-cylinder"},"modified":"2025-03-14T00:44:21","modified_gmt":"2025-03-14T00:44:21","slug":"2-stage-small-dump-truck-telescopic-hydraulic-cylinder","status":"publish","type":"product","link":"https:\/\/fmp-components.com\/it\/product\/2-stage-small-dump-truck-telescopic-hydraulic-cylinder\/","title":{"rendered":"Cilindro idraulico telescopico per autocarri con cassone ribaltabile piccolo a 2 stadi"},"content":{"rendered":"<h2>Cilindro idraulico telescopico per autocarri con cassone ribaltabile piccolo a 2 stadi<\/h2>\n<p>Vi presentiamo il cilindro idraulico telescopico a 2 stadi per piccoli autocarri con cassone ribaltabile, un nuovo e innovativo cilindro idraulico. Progettato per l'uso in vari settori, come officine di riparazione macchinari, aziende agricole, industria energetica e mineraria, produzione di macchinari e fabbriche di macchinari, questo cilindro idraulico per piccoli autocarri con cassone ribaltabile \u00e8 un must per le vostre esigenze in termini di macchinari.<\/p>\n<h3>Funzione e importanza<\/h3>\n<p>Il cilindro idraulico telescopico a 2 stadi per piccoli dumper svolge un ruolo cruciale nel funzionamento dei macchinari. \u00c8 un componente essenziale che converte l'energia idraulica in energia meccanica, fornendo la potenza necessaria al funzionamento dei macchinari. La sua efficienza e affidabilit\u00e0 lo rendono un componente indispensabile per qualsiasi macchinario.<\/p>\n<h3>Specifiche del prodotto<\/h3>\n<p>Il nostro cilindro idraulico vanta le seguenti specifiche tecniche:<\/p>\n<table style=\"width: 103.292%;\" border=\"\">\n<tbody>\n<tr>\n<td style=\"width: 42.8571%;\"><i>Dimensioni del foro<\/i><\/td>\n<td style=\"width: 421.714%;\">2-6 pollici<\/td>\n<\/tr>\n<tr>\n<td style=\"width: 42.8571%;\"><i>Dimensioni dell&#039;asta<\/i><\/td>\n<td style=\"width: 421.714%;\">1,125-4 pollici<\/td>\n<\/tr>\n<tr>\n<td style=\"width: 42.8571%;\"><i>Dimensione del tratto<\/i><\/td>\n<td style=\"width: 421.714%;\">4-100 pollici<\/td>\n<\/tr>\n<tr>\n<td style=\"width: 42.8571%;\"><i>Dimensione del perno<\/i><\/td>\n<td style=\"width: 421.714%;\">0,5-2 pollici<\/td>\n<\/tr>\n<tr>\n<td style=\"width: 42.8571%;\"><i>Porti<\/i><\/td>\n<td style=\"width: 421.714%;\">G\/SAE\/NPT\/M<\/td>\n<\/tr>\n<\/tbody>\n<\/table>\n<h2>Caratteristiche e vantaggi unici<\/h2>\n<p>Il nostro cilindro idraulico telescopico a 2 stadi per piccoli dumper offre numerose caratteristiche e vantaggi esclusivi. \u00c8 efficiente dal punto di vista energetico, altamente efficace e sicuro. Il suo design multistadio e l'elevata capacit\u00e0 di spinta lo rendono adatto ad applicazioni gravose. \u00c8 inoltre dotato di un robusto corpo in acciaio ed \u00e8 certificato secondo gli standard ISO 9001:2000.<\/p>\n<h2>Sistema idraulico e principio di funzionamento<\/h2>\n<p>Il cilindro idraulico funziona basandosi sul principio della pressione del fluido. Quando il fluido idraulico viene forzato nel cilindro, spinge il pistone, che a sua volta muove lo stelo e svolge il lavoro.<\/p>\n<p><img loading=\"lazy\" decoding=\"async\" class=\"alignnone  wp-image-6662\" src=\"https:\/\/fmp-components.com\/wp-content\/uploads\/2025\/03\/telescopic-hydraulic-cylinder-4.webp\" alt=\"cilindro idraulico telescopico\" width=\"798\" height=\"798\" title=\"\" srcset=\"https:\/\/fmp-components.com\/wp-content\/uploads\/2025\/03\/telescopic-hydraulic-cylinder-4.webp 798w, https:\/\/fmp-components.com\/wp-content\/uploads\/2025\/03\/telescopic-hydraulic-cylinder-4-480x480.webp 480w\" sizes=\"(min-width: 0px) and (max-width: 480px) 480px, (min-width: 481px) 798px, 100vw\" \/><\/p>\n<h2>Cilindri idraulici e gruppi di potenza<\/h2>\n<p>Il cilindro idraulico e la centralina sono componenti integranti di qualsiasi sistema idraulico. Il loro funzionamento sinergico garantisce l'ampia applicazione della tecnologia idraulica in vari settori industriali, fornendo potenza affidabile e supporto di controllo per diverse apparecchiature meccaniche e ingegneristiche. Il cilindro idraulico, in quanto attuatore, \u00e8 responsabile della conversione dell'energia idraulica in movimento meccanico, convertendo la pressione in forza. La centralina \u00e8 il nucleo che fornisce l'energia e i segnali di controllo richiesti dal sistema idraulico. Il loro coordinamento garantisce il normale funzionamento del sistema idraulico. Noi (FMP) offriamo anche centraline in vendita.<\/p>\n<h2>Domande frequenti<\/h2>\n<p><b>D: Quanto dura il periodo di garanzia del cilindro idraulico?<\/b><br \/>\nA: Il periodo di garanzia del cilindro idraulico \u00e8 di 1 anno.<\/p>\n<p><b>D: Qual \u00e8 la capacit\u00e0 di trazione massima del cilindro idraulico?<\/b><br \/>\nA: La capacit\u00e0 di trazione massima del cilindro idraulico \u00e8 di 20 tonnellate.<\/p>\n<p><b>D: Pu\u00f2 il <b>cilindro idraulico<\/b> essere personalizzato in base alle mie esigenze?<\/b><br \/>\nR: S\u00ec, offriamo personalizzazioni in base ai vostri disegni o campioni.<\/p>\n<h3>Informazioni su FMP<\/h3>\n<p class=\"break-words\">FMP \u00e8 un produttore italiano leader specializzato nella progettazione, sviluppo e produzione di cilindri idraulici di alta qualit\u00e0. Con una ricca tradizione radicata in decenni di competenza, uniamo con orgoglio l&#039;artigianato italiano con la tecnologia all&#039;avanguardia per fornire soluzioni idrauliche eccezionali su misura per soddisfare le diverse esigenze della nostra clientela globale. Con sede in Italia, un polo di eccellenza ingegneristica, FMP \u00e8 un nome affidabile nel settore idraulico, impegnato a fornire prodotti affidabili, durevoli e innovativi che potenziano le aziende in tutto il mondo.<\/p>\n<p class=\"break-words\">La nostra azienda integra il meglio delle tradizioni di produzione avanzata con un approccio lungimirante. Grazie ad anni di esperienza nei sistemi idraulici, FMP si \u00e8 evoluta in un&#039;azienda moderna che eccelle nella ricerca, nella progettazione e nella produzione. Siamo specializzati in un&#039;ampia gamma di cilindri idraulici, tra cui cilindri a doppio effetto, cilindri di sollevamento per autoveicoli, cilindri per macchinari agricoli e soluzioni progettate su misura per varie applicazioni industriali. Che si tratti di edilizia, installazioni industriali, agricoltura o macchinari pesanti, i nostri cilindri idraulici sono costruiti per funzionare nelle condizioni pi\u00f9 difficili, garantendo sicurezza, efficienza e longevit\u00e0.<\/p>\n<p><img loading=\"lazy\" decoding=\"async\" class=\"alignnone size-full wp-image-6720\" src=\"https:\/\/fmp-components.com\/wp-content\/uploads\/2025\/03\/hydraulic-cylinder-8.webp\" alt=\"Cilindri idraulici telescopici\" width=\"933\" height=\"526\" title=\"\" srcset=\"https:\/\/fmp-components.com\/wp-content\/uploads\/2025\/03\/hydraulic-cylinder-8.webp 933w, https:\/\/fmp-components.com\/wp-content\/uploads\/2025\/03\/hydraulic-cylinder-8-480x271.webp 480w\" sizes=\"(min-width: 0px) and (max-width: 480px) 480px, (min-width: 481px) 933px, 100vw\" \/><\/p>\n<p class=\"break-words\">In FMP, siamo orgogliosi dei nostri stabilimenti di produzione all&#039;avanguardia, dotati di macchinari di precisione e sistemi di collaudo avanzati. I nostri processi di produzione rispettano rigorosi standard nazionali e internazionali, assicurando che ogni cilindro idraulico che esce dalla nostra fabbrica sia di qualit\u00e0 e affidabilit\u00e0 superiori. Il nostro team tecnico qualificato, abbinato a attrezzature all&#039;avanguardia, ci consente di mantenere un rigoroso controllo di qualit\u00e0 in ogni fase della produzione, dalla selezione delle materie prime all&#039;ispezione finale. Questa dedizione all&#039;eccellenza ci ha fatto guadagnare certificazioni e riconoscimenti dalle autorit\u00e0 del settore, consolidando ulteriormente la nostra reputazione di partner affidabile.<\/p>\n<p class=\"break-words\">La nostra missione \u00e8 semplice ma ambiziosa: fornire ai nostri clienti cilindri idraulici che superino le aspettative in termini di prestazioni, durata e valore. Operiamo secondo i principi guida di professionalit\u00e0, integrit\u00e0 e attenzione al cliente. Promuovendo una cultura di innovazione e precisione, perfezioniamo costantemente i nostri prodotti per rimanere all&#039;avanguardia in un mercato competitivo. La nostra gamma completa di prodotti e la capacit\u00e0 di offrire soluzioni personalizzate ci rendono la scelta ideale per le aziende che cercano cilindri idraulici ad alte prestazioni.<\/p>\n<p class=\"break-words\">FMP \u00e8 pi\u00f9 di un semplice produttore: siamo un partner per il tuo successo. Sappiamo che i nostri clienti contano su di noi per fornirti strumenti che migliorino la loro produttivit\u00e0 e sicurezza. Ecco perch\u00e9 ci impegniamo a offrire non solo prodotti di prima qualit\u00e0, ma anche un servizio eccezionale. Dalla consulenza iniziale al supporto post-vendita, lavoriamo a stretto contatto con i nostri clienti per garantire che le loro esigenze siano soddisfatte con professionalit\u00e0 e attenzione. I nostri prezzi competitivi, abbinati al nostro incrollabile impegno per la qualit\u00e0, rendono FMP la scelta intelligente per le aziende che desiderano investire in soluzioni idrauliche di cui possono fidarsi.<\/p>","protected":false},"excerpt":{"rendered":"<p>2 Stage Small Dump Truck Telescopic Hydraulic Cylinder Introducing the 2 Stage Small Dump Truck Telescopic Hydraulic Cylinder, a new and innovative hydraulic cylinder. Designed for use across various industries such as machinery repair shops, farms, energy &amp; mining, machinery manufacturing, and machinery factories, this small dump truck hydraulic cylinder is a must-have for your [&hellip;]<\/p>","protected":false},"featured_media":6785,"comment_status":"closed","ping_status":"closed","template":"","meta":{"_et_pb_use_builder":"","_et_pb_old_content":"","_et_gb_content_width":""},"product_brand":[],"product_cat":[103],"product_tag":[34,105],"class_list":{"0":"post-6641","1":"product","2":"type-product","3":"status-publish","4":"has-post-thumbnail","6":"product_cat-telescopic-hydraulic-cylinders","7":"product_tag-hydraulic-cylinder","8":"product_tag-telescopic-hydraulic-cylinders","10":"first","11":"instock","12":"product-type-simple"},"_links":{"self":[{"href":"https:\/\/fmp-components.com\/it\/wp-json\/wp\/v2\/product\/6641","targetHints":{"allow":["GET"]}}],"collection":[{"href":"https:\/\/fmp-components.com\/it\/wp-json\/wp\/v2\/product"}],"about":[{"href":"https:\/\/fmp-components.com\/it\/wp-json\/wp\/v2\/types\/product"}],"replies":[{"embeddable":true,"href":"https:\/\/fmp-components.com\/it\/wp-json\/wp\/v2\/comments?post=6641"}],"wp:featuredmedia":[{"embeddable":true,"href":"https:\/\/fmp-components.com\/it\/wp-json\/wp\/v2\/media\/6785"}],"wp:attachment":[{"href":"https:\/\/fmp-components.com\/it\/wp-json\/wp\/v2\/media?parent=6641"}],"wp:term":[{"taxonomy":"product_brand","embeddable":true,"href":"https:\/\/fmp-components.com\/it\/wp-json\/wp\/v2\/product_brand?post=6641"},{"taxonomy":"product_cat","embeddable":true,"href":"https:\/\/fmp-components.com\/it\/wp-json\/wp\/v2\/product_cat?post=6641"},{"taxonomy":"product_tag","embeddable":true,"href":"https:\/\/fmp-components.com\/it\/wp-json\/wp\/v2\/product_tag?post=6641"}],"curies":[{"name":"parola chiave","href":"https:\/\/api.w.org\/{rel}","templated":true}]}}