{"id":6635,"date":"2025-03-11T06:35:17","date_gmt":"2025-03-11T06:35:17","guid":{"rendered":"https:\/\/fmp-components.com\/product\/excellent-quality-20-ton-multistage-5-stage-small-dump-truck-hydraulic-cylinder"},"modified":"2025-03-12T08:49:51","modified_gmt":"2025-03-12T08:49:51","slug":"excellent-quality-20-ton-multistage-5-stage-small-dump-truck-hydraulic-cylinder","status":"publish","type":"product","link":"https:\/\/fmp-components.com\/it\/product\/excellent-quality-20-ton-multistage-5-stage-small-dump-truck-hydraulic-cylinder\/","title":{"rendered":"Cilindro idraulico per autocarro con cassone ribaltabile piccolo multistadio a 5 stadi da 20 tonnellate di eccellente qualit\u00e0"},"content":{"rendered":"<h2>Cilindro idraulico per autocarro con cassone ribaltabile piccolo multistadio a 5 stadi da 20 tonnellate di eccellente qualit\u00e0<\/h2>\n<p>Vi presentiamo il nostro cilindro idraulico multistadio a 5 stadi da 20 tonnellate per piccoli dumper, una soluzione perfetta per settori quali officine di riparazione macchinari, aziende agricole, industria energetica e mineraria, produzione di macchinari e fabbriche di macchinari. Con un corpo in acciaio massiccio e un'elevata capacit\u00e0 di spinta di 3000 Nm, \u00e8 progettato per funzionare anche con carichi pesanti senza compromettere efficienza e affidabilit\u00e0. Questo cilindro idraulico svolge un ruolo cruciale nella conversione della potenza del fluido in forza meccanica lineare e movimento, rendendolo un componente indispensabile di qualsiasi sistema idraulico.<\/p>\n<h3>Specifiche tecniche<\/h3>\n<table style=\"width: 96.8474%;\" border=\"\">\n<tbody>\n<tr>\n<td style=\"width: 43.4286%;\"><b>Dimensioni del foro<\/b><\/td>\n<td style=\"width: 402.286%;\">2-6 pollici<\/td>\n<\/tr>\n<tr>\n<td style=\"width: 43.4286%;\"><b>Dimensioni dell&#039;asta<\/b><\/td>\n<td style=\"width: 402.286%;\">1,125-4 pollici<\/td>\n<\/tr>\n<tr>\n<td style=\"width: 43.4286%;\"><b>Dimensione del tratto<\/b><\/td>\n<td style=\"width: 402.286%;\">4-100 pollici<\/td>\n<\/tr>\n<tr>\n<td style=\"width: 43.4286%;\"><b>Dimensione del perno<\/b><\/td>\n<td style=\"width: 402.286%;\">0,5-2 pollici<\/td>\n<\/tr>\n<tr>\n<td style=\"width: 43.4286%;\"><b>Porti<\/b><\/td>\n<td style=\"width: 402.286%;\">G\/SAE\/NPT\/M<\/td>\n<\/tr>\n<\/tbody>\n<\/table>\n<h2>Caratteristiche e vantaggi unici<\/h2>\n<ul>\n<li>Efficienza energetica: progettato per ridurre il consumo energetico massimizzando al contempo la resa.<\/li>\n<li>Elevata efficienza: la progettazione multistadio consente maggiore efficienza e prestazioni.<\/li>\n<li>Sicurezza: realizzato con materiali di alta qualit\u00e0 per garantire sicurezza e longevit\u00e0.<\/li>\n<\/ul>\n<p><img loading=\"lazy\" decoding=\"async\" class=\"alignnone  wp-image-6656\" src=\"https:\/\/fmp-components.com\/wp-content\/uploads\/2025\/03\/telescopic-hydraulic-cylinder-5.webp\" alt=\"cilindro idraulico telescopico\" width=\"787\" height=\"787\" title=\"\" srcset=\"https:\/\/fmp-components.com\/wp-content\/uploads\/2025\/03\/telescopic-hydraulic-cylinder-5.webp 787w, https:\/\/fmp-components.com\/wp-content\/uploads\/2025\/03\/telescopic-hydraulic-cylinder-5-480x480.webp 480w\" sizes=\"(min-width: 0px) and (max-width: 480px) 480px, (min-width: 481px) 787px, 100vw\" \/><\/p>\n<h2>Sistemi idraulici e principi di funzionamento<\/h2>\n<p>Il nostro cilindro idraulico funziona secondo il principio del fluido idraulico pressurizzato, che aziona il pistone e ne determina il movimento. \u00c8 un componente fondamentale nei dumper e in altri macchinari pesanti, in quanto fornisce la potenza necessaria per sollevare, abbassare e inclinare i carichi.<\/p>\n<h2>Scenari applicativi<\/h2>\n<p>Il cilindro idraulico multistadio \u00e8 ampiamente utilizzato in vari settori, come l'edilizia, l'agricoltura e l'industria mineraria. \u00c8 un componente essenziale dei dumper, il che lo rende un elemento fondamentale in questi settori.<\/p>\n<h2>Domande frequenti<\/h2>\n<p><b>D: Siete una societ\u00e0 commerciale o produttrice?<\/b><br \/>\nA: Siamo un produttore con una nostra fabbrica.<\/p>\n<p><b>D: Quanto tempo impiegate per la consegna?<\/b><br \/>\nR: Generalmente, sono necessari 25-35 giorni. Tuttavia, i tempi possono variare a seconda della quantit\u00e0 ordinata e del periodo dell'anno.<\/p>\n<p><b>D: Fornite campioni?<\/b><br \/>\nR: S\u00ec, potremmo offrire il campione, ma non \u00e8 gratuito.<\/p>\n<h3>Informazioni su FMP<\/h3>\n<p class=\"break-words\">FMP \u00e8 un produttore italiano leader specializzato nella progettazione, sviluppo e produzione di cilindri idraulici di alta qualit\u00e0. Con una ricca tradizione radicata in decenni di competenza, uniamo con orgoglio l&#039;artigianato italiano con la tecnologia all&#039;avanguardia per fornire soluzioni idrauliche eccezionali su misura per soddisfare le diverse esigenze della nostra clientela globale. Con sede in Italia, un polo di eccellenza ingegneristica, FMP \u00e8 un nome affidabile nel settore idraulico, impegnato a fornire prodotti affidabili, durevoli e innovativi che potenziano le aziende in tutto il mondo.<\/p>\n<p class=\"break-words\">La nostra azienda integra il meglio delle tradizioni di produzione avanzata con un approccio lungimirante. Grazie ad anni di esperienza nei sistemi idraulici, FMP si \u00e8 evoluta in un&#039;azienda moderna che eccelle nella ricerca, nella progettazione e nella produzione. Siamo specializzati in un&#039;ampia gamma di cilindri idraulici, tra cui cilindri a doppio effetto, cilindri di sollevamento per autoveicoli, cilindri per macchinari agricoli e soluzioni progettate su misura per varie applicazioni industriali. Che si tratti di edilizia, installazioni industriali, agricoltura o macchinari pesanti, i nostri cilindri idraulici sono costruiti per funzionare nelle condizioni pi\u00f9 difficili, garantendo sicurezza, efficienza e longevit\u00e0.<\/p>\n<p><img loading=\"lazy\" decoding=\"async\" class=\"alignnone size-full wp-image-6720\" src=\"https:\/\/fmp-components.com\/wp-content\/uploads\/2025\/03\/hydraulic-cylinder-8.webp\" alt=\"Cilindri idraulici telescopici\" width=\"933\" height=\"526\" title=\"\" srcset=\"https:\/\/fmp-components.com\/wp-content\/uploads\/2025\/03\/hydraulic-cylinder-8.webp 933w, https:\/\/fmp-components.com\/wp-content\/uploads\/2025\/03\/hydraulic-cylinder-8-480x271.webp 480w\" sizes=\"(min-width: 0px) and (max-width: 480px) 480px, (min-width: 481px) 933px, 100vw\" \/><\/p>\n<p class=\"break-words\">In FMP, siamo orgogliosi dei nostri stabilimenti di produzione all&#039;avanguardia, dotati di macchinari di precisione e sistemi di collaudo avanzati. I nostri processi di produzione rispettano rigorosi standard nazionali e internazionali, assicurando che ogni cilindro idraulico che esce dalla nostra fabbrica sia di qualit\u00e0 e affidabilit\u00e0 superiori. Il nostro team tecnico qualificato, abbinato a attrezzature all&#039;avanguardia, ci consente di mantenere un rigoroso controllo di qualit\u00e0 in ogni fase della produzione, dalla selezione delle materie prime all&#039;ispezione finale. Questa dedizione all&#039;eccellenza ci ha fatto guadagnare certificazioni e riconoscimenti dalle autorit\u00e0 del settore, consolidando ulteriormente la nostra reputazione di partner affidabile.<\/p>\n<p class=\"break-words\">La nostra missione \u00e8 semplice ma ambiziosa: fornire ai nostri clienti cilindri idraulici che superino le aspettative in termini di prestazioni, durata e valore. Operiamo secondo i principi guida di professionalit\u00e0, integrit\u00e0 e attenzione al cliente. Promuovendo una cultura di innovazione e precisione, perfezioniamo costantemente i nostri prodotti per rimanere all&#039;avanguardia in un mercato competitivo. La nostra gamma completa di prodotti e la capacit\u00e0 di offrire soluzioni personalizzate ci rendono la scelta ideale per le aziende che cercano cilindri idraulici ad alte prestazioni.<\/p>\n<p class=\"break-words\">FMP \u00e8 pi\u00f9 di un semplice produttore: siamo un partner per il tuo successo. Sappiamo che i nostri clienti contano su di noi per fornirti strumenti che migliorino la loro produttivit\u00e0 e sicurezza. Ecco perch\u00e9 ci impegniamo a offrire non solo prodotti di prima qualit\u00e0, ma anche un servizio eccezionale. Dalla consulenza iniziale al supporto post-vendita, lavoriamo a stretto contatto con i nostri clienti per garantire che le loro esigenze siano soddisfatte con professionalit\u00e0 e attenzione. I nostri prezzi competitivi, abbinati al nostro incrollabile impegno per la qualit\u00e0, rendono FMP la scelta intelligente per le aziende che desiderano investire in soluzioni idrauliche di cui possono fidarsi.<\/p>","protected":false},"excerpt":{"rendered":"<p>Excellent Quality 20 Ton Multistage 5 Stage Small Dump Truck Hydraulic Cylinder Introducing our top-notch 20 Ton Multistage 5 Stage Small Dump Truck Hydraulic Cylinder, a perfect solution for industries such as Machinery Repair Shops, Farms, Energy &amp; Mining, Machinery manufacturing, and Machinery Factory. With a solid steel body and high thrust capacity of 3000, [&hellip;]<\/p>","protected":false},"featured_media":6774,"comment_status":"closed","ping_status":"closed","template":"","meta":{"_et_pb_use_builder":"","_et_pb_old_content":"","_et_gb_content_width":""},"product_brand":[],"product_cat":[103],"product_tag":[34,105],"class_list":{"0":"post-6635","1":"product","2":"type-product","3":"status-publish","4":"has-post-thumbnail","6":"product_cat-telescopic-hydraulic-cylinders","7":"product_tag-hydraulic-cylinder","8":"product_tag-telescopic-hydraulic-cylinders","10":"first","11":"instock","12":"product-type-simple"},"_links":{"self":[{"href":"https:\/\/fmp-components.com\/it\/wp-json\/wp\/v2\/product\/6635","targetHints":{"allow":["GET"]}}],"collection":[{"href":"https:\/\/fmp-components.com\/it\/wp-json\/wp\/v2\/product"}],"about":[{"href":"https:\/\/fmp-components.com\/it\/wp-json\/wp\/v2\/types\/product"}],"replies":[{"embeddable":true,"href":"https:\/\/fmp-components.com\/it\/wp-json\/wp\/v2\/comments?post=6635"}],"wp:featuredmedia":[{"embeddable":true,"href":"https:\/\/fmp-components.com\/it\/wp-json\/wp\/v2\/media\/6774"}],"wp:attachment":[{"href":"https:\/\/fmp-components.com\/it\/wp-json\/wp\/v2\/media?parent=6635"}],"wp:term":[{"taxonomy":"product_brand","embeddable":true,"href":"https:\/\/fmp-components.com\/it\/wp-json\/wp\/v2\/product_brand?post=6635"},{"taxonomy":"product_cat","embeddable":true,"href":"https:\/\/fmp-components.com\/it\/wp-json\/wp\/v2\/product_cat?post=6635"},{"taxonomy":"product_tag","embeddable":true,"href":"https:\/\/fmp-components.com\/it\/wp-json\/wp\/v2\/product_tag?post=6635"}],"curies":[{"name":"parola chiave","href":"https:\/\/api.w.org\/{rel}","templated":true}]}}