{"id":6634,"date":"2025-03-11T06:35:17","date_gmt":"2025-03-11T06:35:17","guid":{"rendered":"https:\/\/fmp-components.com\/product\/5-stage-hoist-hydraulic-cylinder-hydraulic-telescopic-cylinder"},"modified":"2025-03-18T01:04:05","modified_gmt":"2025-03-18T01:04:05","slug":"5-stage-hoist-hydraulic-cylinder-hydraulic-telescopic-cylinder","status":"publish","type":"product","link":"https:\/\/fmp-components.com\/it\/product\/5-stage-hoist-hydraulic-cylinder-hydraulic-telescopic-cylinder\/","title":{"rendered":"Cilindro idraulico di sollevamento a 5 stadi Cilindro idraulico telescopico"},"content":{"rendered":"<h2>Cilindro idraulico di sollevamento a 5 stadi Cilindro idraulico telescopico<\/h2>\n<p>Ecco il cilindro idraulico telescopico a 5 stadi Hoist, una nuovissima aggiunta alla nostra gamma di prodotti per il 2025. Questo cilindro idraulico all&#039;avanguardia \u00e8 un cilindro standard di tipo a stantuffo con un design multistadio. Progettato con acciaio di alta qualit\u00e0, \u00e8 strutturato per fornire una spinta massima di 3000 e una trazione massima di 20 tonnellate.<\/p>\n<h3>Funzione e importanza<\/h3>\n<p>Il cilindro idraulico \u00e8 parte integrante di qualsiasi sistema idraulico. Trasforma la potenza idraulica in movimento meccanico, fornendo il movimento e la forza necessari per i macchinari industriali. Ci\u00f2 rende il nostro cilindro idraulico a 5 stadi un componente essenziale in vari settori, tra cui officine di riparazione di macchinari, aziende agricole, energia e miniere, produzione di macchinari e fabbriche di macchinari.<\/p>\n<h3>Specifiche tecniche<\/h3>\n<p>Il cilindro idraulico di sollevamento a 5 stadi vanta le seguenti specifiche:<\/p>\n<table style=\"width: 96.2294%;\" border=\"\">\n<tbody>\n<tr>\n<td style=\"width: 42.8571%;\"><i>Dimensioni del foro<\/i><\/td>\n<td style=\"width: 389.714%;\">2-6 pollici<\/td>\n<\/tr>\n<tr>\n<td style=\"width: 42.8571%;\"><i>Dimensioni dell&#039;asta<\/i><\/td>\n<td style=\"width: 389.714%;\">1,125-4 pollici<\/td>\n<\/tr>\n<tr>\n<td style=\"width: 42.8571%;\"><i>Dimensione del tratto<\/i><\/td>\n<td style=\"width: 389.714%;\">4-100 pollici<\/td>\n<\/tr>\n<tr>\n<td style=\"width: 42.8571%;\"><i>Dimensione del perno<\/i><\/td>\n<td style=\"width: 389.714%;\">0,5-2 pollici<\/td>\n<\/tr>\n<tr>\n<td style=\"width: 42.8571%;\"><i>Porti<\/i><\/td>\n<td style=\"width: 389.714%;\">G\/SAE\/NPT\/M<\/td>\n<\/tr>\n<\/tbody>\n<\/table>\n<h3>Caratteristiche e vantaggi unici<\/h3>\n<ul>\n<li style=\"list-style-type: none;\">\n<ul>\n<li>Efficienza energetica: funziona alla massima efficienza, garantendo il minimo spreco di energia.<\/li>\n<\/ul>\n<\/li>\n<\/ul>\n<ul>\n<li>Estremamente durevole: realizzato in acciaio di alta qualit\u00e0 per resistere a un uso intensivo.<\/li>\n<li>Sicurezza: progettato secondo i pi\u00f9 elevati standard di sicurezza, previene gli incidenti e garantisce il regolare funzionamento.<\/li>\n<\/ul>\n<h2>Sistemi idraulici e principio di funzionamento<\/h2>\n<p>Il cilindro idraulico funziona secondo il principio della differenza di pressione. Il fluido idraulico viene spinto dalla pompa, creando una differenza di pressione nel cilindro, che fa muovere il pistone e generare forza meccanica.<\/p>\n<p><img loading=\"lazy\" decoding=\"async\" class=\"alignnone wp-image-6657\" src=\"https:\/\/fmp-components.com\/wp-content\/uploads\/2025\/03\/telescopic-hydraulic-cylinder-3.webp\" alt=\"cilindro idraulico telescopico\" width=\"797\" height=\"797\" title=\"\" srcset=\"https:\/\/fmp-components.com\/wp-content\/uploads\/2025\/03\/telescopic-hydraulic-cylinder-3.webp 797w, https:\/\/fmp-components.com\/wp-content\/uploads\/2025\/03\/telescopic-hydraulic-cylinder-3-480x480.webp 480w\" sizes=\"(min-width: 0px) and (max-width: 480px) 480px, (min-width: 481px) 797px, 100vw\" \/><\/p>\n<h2>Cilindri idraulici e gruppi di potenza<\/h2>\n<p>I cilindri idraulici e le unit\u00e0 di potenza sono componenti inseparabili di un sistema idraulico. La sinergia tra questi componenti garantisce l&#039;applicazione diffusa della tecnologia idraulica nel settore industriale, fornendo potenza affidabile e supporto di controllo per varie apparecchiature di ingegneria e macchinari. I cilindri idraulici, come elementi di azionamento, sono responsabili della conversione dell&#039;energia idraulica in movimento meccanico, trasformando la pressione in forza. Le unit\u00e0 di potenza, d&#039;altro canto, sono il cuore del sistema idraulico, fornendo l&#039;energia necessaria e i segnali di controllo. Il coordinamento tra questi due \u00e8 fondamentale per il funzionamento regolare del sistema idraulico.<\/p>\n<h3>Informazioni su FMP<\/h3>\n<p class=\"break-words\">FMP \u00e8 un produttore italiano leader specializzato nella progettazione, sviluppo e produzione di cilindri idraulici di alta qualit\u00e0. Con una ricca tradizione radicata in decenni di competenza, uniamo con orgoglio l&#039;artigianato italiano con la tecnologia all&#039;avanguardia per fornire soluzioni idrauliche eccezionali su misura per soddisfare le diverse esigenze della nostra clientela globale. Con sede in Italia, un polo di eccellenza ingegneristica, FMP \u00e8 un nome affidabile nel settore idraulico, impegnato a fornire prodotti affidabili, durevoli e innovativi che potenziano le aziende in tutto il mondo.<\/p>\n<p class=\"break-words\">La nostra azienda integra il meglio delle tradizioni di produzione avanzata con un approccio lungimirante. Grazie ad anni di esperienza nei sistemi idraulici, FMP si \u00e8 evoluta in un&#039;azienda moderna che eccelle nella ricerca, nella progettazione e nella produzione. Siamo specializzati in un&#039;ampia gamma di cilindri idraulici, tra cui cilindri a doppio effetto, cilindri di sollevamento per autoveicoli, cilindri per macchinari agricoli e soluzioni progettate su misura per varie applicazioni industriali. Che si tratti di edilizia, installazioni industriali, agricoltura o macchinari pesanti, i nostri cilindri idraulici sono costruiti per funzionare nelle condizioni pi\u00f9 difficili, garantendo sicurezza, efficienza e longevit\u00e0.<\/p>\n<p><img loading=\"lazy\" decoding=\"async\" class=\"alignnone size-full wp-image-6720\" src=\"https:\/\/fmp-components.com\/wp-content\/uploads\/2025\/03\/hydraulic-cylinder-8.webp\" alt=\"Cilindri idraulici telescopici\" width=\"933\" height=\"526\" title=\"\" srcset=\"https:\/\/fmp-components.com\/wp-content\/uploads\/2025\/03\/hydraulic-cylinder-8.webp 933w, https:\/\/fmp-components.com\/wp-content\/uploads\/2025\/03\/hydraulic-cylinder-8-480x271.webp 480w\" sizes=\"(min-width: 0px) and (max-width: 480px) 480px, (min-width: 481px) 933px, 100vw\" \/><\/p>\n<p class=\"break-words\">In FMP, siamo orgogliosi dei nostri stabilimenti di produzione all&#039;avanguardia, dotati di macchinari di precisione e sistemi di collaudo avanzati. I nostri processi di produzione rispettano rigorosi standard nazionali e internazionali, assicurando che ogni cilindro idraulico che esce dalla nostra fabbrica sia di qualit\u00e0 e affidabilit\u00e0 superiori. Il nostro team tecnico qualificato, abbinato a attrezzature all&#039;avanguardia, ci consente di mantenere un rigoroso controllo di qualit\u00e0 in ogni fase della produzione, dalla selezione delle materie prime all&#039;ispezione finale. Questa dedizione all&#039;eccellenza ci ha fatto guadagnare certificazioni e riconoscimenti dalle autorit\u00e0 del settore, consolidando ulteriormente la nostra reputazione di partner affidabile.<\/p>\n<p class=\"break-words\">La nostra missione \u00e8 semplice ma ambiziosa: fornire ai nostri clienti cilindri idraulici che superino le aspettative in termini di prestazioni, durata e valore. Operiamo secondo i principi guida di professionalit\u00e0, integrit\u00e0 e attenzione al cliente. Promuovendo una cultura di innovazione e precisione, perfezioniamo costantemente i nostri prodotti per rimanere all&#039;avanguardia in un mercato competitivo. La nostra gamma completa di prodotti e la capacit\u00e0 di offrire soluzioni personalizzate ci rendono la scelta ideale per le aziende che cercano cilindri idraulici ad alte prestazioni.<\/p>\n<p class=\"break-words\">FMP \u00e8 pi\u00f9 di un semplice produttore: siamo un partner per il tuo successo. Sappiamo che i nostri clienti contano su di noi per fornirti strumenti che migliorino la loro produttivit\u00e0 e sicurezza. Ecco perch\u00e9 ci impegniamo a offrire non solo prodotti di prima qualit\u00e0, ma anche un servizio eccezionale. Dalla consulenza iniziale al supporto post-vendita, lavoriamo a stretto contatto con i nostri clienti per garantire che le loro esigenze siano soddisfatte con professionalit\u00e0 e attenzione. I nostri prezzi competitivi, abbinati al nostro incrollabile impegno per la qualit\u00e0, rendono FMP la scelta intelligente per le aziende che desiderano investire in soluzioni idrauliche di cui possono fidarsi.<\/p>","protected":false},"excerpt":{"rendered":"<p>5 Stage Hoist Hydraulic Cylinder Hydraulic Telescopic Cylinder Introducing the 5 Stage Hoist Hydraulic Cylinder Hydraulic Telescopic Cylinder, a brand-new addition to our product range for 2025. This cutting-edge hydraulic cylinder is a standard, plunger-type cylinder with a multi-stage design. Engineered with high-grade steel, it is structured to deliver maximum thrust of 3000 and a [&hellip;]<\/p>","protected":false},"featured_media":6773,"comment_status":"closed","ping_status":"closed","template":"","meta":{"_et_pb_use_builder":"","_et_pb_old_content":"","_et_gb_content_width":""},"product_brand":[],"product_cat":[103],"product_tag":[34,105],"class_list":{"0":"post-6634","1":"product","2":"type-product","3":"status-publish","4":"has-post-thumbnail","6":"product_cat-telescopic-hydraulic-cylinders","7":"product_tag-hydraulic-cylinder","8":"product_tag-telescopic-hydraulic-cylinders","10":"first","11":"instock","12":"product-type-simple"},"_links":{"self":[{"href":"https:\/\/fmp-components.com\/it\/wp-json\/wp\/v2\/product\/6634","targetHints":{"allow":["GET"]}}],"collection":[{"href":"https:\/\/fmp-components.com\/it\/wp-json\/wp\/v2\/product"}],"about":[{"href":"https:\/\/fmp-components.com\/it\/wp-json\/wp\/v2\/types\/product"}],"replies":[{"embeddable":true,"href":"https:\/\/fmp-components.com\/it\/wp-json\/wp\/v2\/comments?post=6634"}],"wp:featuredmedia":[{"embeddable":true,"href":"https:\/\/fmp-components.com\/it\/wp-json\/wp\/v2\/media\/6773"}],"wp:attachment":[{"href":"https:\/\/fmp-components.com\/it\/wp-json\/wp\/v2\/media?parent=6634"}],"wp:term":[{"taxonomy":"product_brand","embeddable":true,"href":"https:\/\/fmp-components.com\/it\/wp-json\/wp\/v2\/product_brand?post=6634"},{"taxonomy":"product_cat","embeddable":true,"href":"https:\/\/fmp-components.com\/it\/wp-json\/wp\/v2\/product_cat?post=6634"},{"taxonomy":"product_tag","embeddable":true,"href":"https:\/\/fmp-components.com\/it\/wp-json\/wp\/v2\/product_tag?post=6634"}],"curies":[{"name":"parola chiave","href":"https:\/\/api.w.org\/{rel}","templated":true}]}}