{"id":6633,"date":"2025-03-11T06:35:17","date_gmt":"2025-03-11T06:35:17","guid":{"rendered":"https:\/\/fmp-components.com\/product\/5-stage-hydraulic-telescopic-cylinder-flatbed-tow-truck-hydraulic-cylinder"},"modified":"2025-03-12T08:46:08","modified_gmt":"2025-03-12T08:46:08","slug":"5-stage-hydraulic-telescopic-cylinder-flatbed-tow-truck-hydraulic-cylinder","status":"publish","type":"product","link":"https:\/\/fmp-components.com\/it\/product\/5-stage-hydraulic-telescopic-cylinder-flatbed-tow-truck-hydraulic-cylinder\/","title":{"rendered":"Cilindro idraulico telescopico a 5 stadi per carro attrezzi con pianale ribassato"},"content":{"rendered":"<h2>Cilindro idraulico telescopico a 5 stadi per carro attrezzi con pianale ribassato<\/h2>\n<p>Ecco il nostro nuovo cilindro telescopico idraulico a 5 stadi per carri attrezzi a pianale, un prodotto all&#039;avanguardia che offre prestazioni e durata superiori. Questo cilindro idraulico \u00e8 un componente chiave in molti settori, tra cui officine di riparazione di macchinari, aziende agricole, energia e miniere, produzione di macchinari e fabbriche di macchinari. Con la sua struttura standard e la potenza idraulica, questo prodotto \u00e8 uno strumento essenziale per le tue operazioni.<\/p>\n<h3>Specifiche del prodotto<\/h3>\n<p>Il nostro cilindro telescopico idraulico a 5 stadi \u00e8 realizzato in acciaio di alta qualit\u00e0, che ne garantisce la durevolezza e l&#039;affidabilit\u00e0 a lungo termine. \u00c8 dotato di una garanzia di un anno e di componenti principali tra cui un cuscinetto e il cilindro idraulico stesso. Il prodotto presenta inoltre i seguenti parametri tecnici:<\/p>\n<table style=\"width: 92.4062%;\" border=\"\">\n<tbody>\n<tr>\n<td style=\"width: 43.4286%;\"><b>Dimensioni del foro<\/b><\/td>\n<td style=\"width: 381.714%;\">2-6 pollici<\/td>\n<\/tr>\n<tr>\n<td style=\"width: 43.4286%;\"><b>Dimensioni dell&#039;asta<\/b><\/td>\n<td style=\"width: 381.714%;\">1,125-4 pollici<\/td>\n<\/tr>\n<tr>\n<td style=\"width: 43.4286%;\"><b>Dimensione del tratto<\/b><\/td>\n<td style=\"width: 381.714%;\">4-100 pollici<\/td>\n<\/tr>\n<tr>\n<td style=\"width: 43.4286%;\"><b>Dimensione del perno<\/b><\/td>\n<td style=\"width: 381.714%;\">0,5-2 pollici<\/td>\n<\/tr>\n<tr>\n<td style=\"width: 43.4286%;\"><b>Porti<\/b><\/td>\n<td style=\"width: 381.714%;\">G\/SAE\/NPT\/M<\/td>\n<\/tr>\n<\/tbody>\n<\/table>\n<p><img loading=\"lazy\" decoding=\"async\" class=\"alignnone  wp-image-6658\" src=\"https:\/\/fmp-components.com\/wp-content\/uploads\/2025\/03\/telescopic-hydraulic-cylinder-6.webp\" alt=\"cilindro idraulico telescopico\" width=\"777\" height=\"777\" title=\"\" srcset=\"https:\/\/fmp-components.com\/wp-content\/uploads\/2025\/03\/telescopic-hydraulic-cylinder-6.webp 777w, https:\/\/fmp-components.com\/wp-content\/uploads\/2025\/03\/telescopic-hydraulic-cylinder-6-480x480.webp 480w\" sizes=\"(min-width: 0px) and (max-width: 480px) 480px, (min-width: 481px) 777px, 100vw\" \/><\/p>\n<h2>Caratteristiche e vantaggi unici<\/h2>\n<ul>\n<li>Efficienza energetica: il nostro cilindro idraulico \u00e8 progettato per ottimizzare l&#039;uso dell&#039;energia, riducendo i costi.<\/li>\n<li>Prestazioni elevate: con una spinta massima di 3000 e una trazione massima di 20 tonnellate, garantisce un funzionamento fluido ed efficiente.<\/li>\n<li>Sicurezza: il prodotto soddisfa gli standard ISO9001:2000, garantendo la sicurezza e l&#039;affidabilit\u00e0 del suo utilizzo.<\/li>\n<\/ul>\n<h2>Sistemi idraulici e principio di funzionamento<\/h2>\n<p>Il cilindro idraulico, come parte integrante dei sistemi idraulici, funziona convertendo la pressione del fluido in forza e movimento. \u00c8 un componente essenziale in vari macchinari e attrezzature, fornendo la potenza e il controllo necessari per un funzionamento efficiente.<\/p>\n<h2>Scenari applicativi<\/h2>\n<p>Il nostro cilindro telescopico idraulico a 5 stadi \u00e8 versatile e trova applicazione in un&#039;ampia gamma di settori, tra cui officine di riparazione di macchinari, aziende agricole, settore energetico e minerario, produzione di macchinari e fabbriche di macchinari.<\/p>\n<h2>Cilindri idraulici e gruppi di potenza<\/h2>\n<p>Un cilindro idraulico e un&#039;unit\u00e0 di potenza sono componenti essenziali di un sistema idraulico. Lavorano insieme per garantire l&#039;ampia applicazione della tecnologia idraulica nel campo industriale, fornendo potenza affidabile e supporto di controllo per varie apparecchiature meccaniche e di ingegneria. FMP offre anche unit\u00e0 di potenza in vendita.<\/p>\n<h3>Domande frequenti<\/h3>\n<p><b>D: Quanto tempo occorre per la consegna del cilindro telescopico idraulico a 5 stadi?<\/b><br \/>\nA: Il tempo di consegna medio \u00e8 di 25-35 giorni.<\/p>\n<p><b>D: Fornite campioni?<\/b><br \/>\nR: S\u00ec, offriamo campioni, ma non sono gratuiti.<\/p>\n<p><b>D: Posso personalizzare il cilindro telescopico idraulico a 5 stadi in base alle mie esigenze?<\/b><br \/>\nR: S\u00ec, possiamo personalizzare il prodotto in base ai vostri campioni o disegni tecnici.<\/p>\n<h3>Informazioni su FMP<\/h3>\n<p class=\"break-words\">FMP \u00e8 un produttore italiano leader specializzato nella progettazione, sviluppo e produzione di cilindri idraulici di alta qualit\u00e0. Con una ricca tradizione radicata in decenni di competenza, uniamo con orgoglio l&#039;artigianato italiano con la tecnologia all&#039;avanguardia per fornire soluzioni idrauliche eccezionali su misura per soddisfare le diverse esigenze della nostra clientela globale. Con sede in Italia, un polo di eccellenza ingegneristica, FMP \u00e8 un nome affidabile nel settore idraulico, impegnato a fornire prodotti affidabili, durevoli e innovativi che potenziano le aziende in tutto il mondo.<\/p>\n<p class=\"break-words\">La nostra azienda integra il meglio delle tradizioni di produzione avanzata con un approccio lungimirante. Grazie ad anni di esperienza nei sistemi idraulici, FMP si \u00e8 evoluta in un&#039;azienda moderna che eccelle nella ricerca, nella progettazione e nella produzione. Siamo specializzati in un&#039;ampia gamma di cilindri idraulici, tra cui cilindri a doppio effetto, cilindri di sollevamento per autoveicoli, cilindri per macchinari agricoli e soluzioni progettate su misura per varie applicazioni industriali. Che si tratti di edilizia, installazioni industriali, agricoltura o macchinari pesanti, i nostri cilindri idraulici sono costruiti per funzionare nelle condizioni pi\u00f9 difficili, garantendo sicurezza, efficienza e longevit\u00e0.<\/p>\n<p><img loading=\"lazy\" decoding=\"async\" class=\"alignnone size-full wp-image-6720\" src=\"https:\/\/fmp-components.com\/wp-content\/uploads\/2025\/03\/hydraulic-cylinder-8.webp\" alt=\"Cilindri idraulici telescopici\" width=\"933\" height=\"526\" title=\"\" srcset=\"https:\/\/fmp-components.com\/wp-content\/uploads\/2025\/03\/hydraulic-cylinder-8.webp 933w, https:\/\/fmp-components.com\/wp-content\/uploads\/2025\/03\/hydraulic-cylinder-8-480x271.webp 480w\" sizes=\"(min-width: 0px) and (max-width: 480px) 480px, (min-width: 481px) 933px, 100vw\" \/><\/p>\n<p class=\"break-words\">In FMP, siamo orgogliosi dei nostri stabilimenti di produzione all&#039;avanguardia, dotati di macchinari di precisione e sistemi di collaudo avanzati. I nostri processi di produzione rispettano rigorosi standard nazionali e internazionali, assicurando che ogni cilindro idraulico che esce dalla nostra fabbrica sia di qualit\u00e0 e affidabilit\u00e0 superiori. Il nostro team tecnico qualificato, abbinato a attrezzature all&#039;avanguardia, ci consente di mantenere un rigoroso controllo di qualit\u00e0 in ogni fase della produzione, dalla selezione delle materie prime all&#039;ispezione finale. Questa dedizione all&#039;eccellenza ci ha fatto guadagnare certificazioni e riconoscimenti dalle autorit\u00e0 del settore, consolidando ulteriormente la nostra reputazione di partner affidabile.<\/p>\n<p class=\"break-words\">La nostra missione \u00e8 semplice ma ambiziosa: fornire ai nostri clienti cilindri idraulici che superino le aspettative in termini di prestazioni, durata e valore. Operiamo secondo i principi guida di professionalit\u00e0, integrit\u00e0 e attenzione al cliente. Promuovendo una cultura di innovazione e precisione, perfezioniamo costantemente i nostri prodotti per rimanere all&#039;avanguardia in un mercato competitivo. La nostra gamma completa di prodotti e la capacit\u00e0 di offrire soluzioni personalizzate ci rendono la scelta ideale per le aziende che cercano cilindri idraulici ad alte prestazioni.<\/p>\n<p class=\"break-words\">FMP \u00e8 pi\u00f9 di un semplice produttore: siamo un partner per il tuo successo. Sappiamo che i nostri clienti contano su di noi per fornirti strumenti che migliorino la loro produttivit\u00e0 e sicurezza. Ecco perch\u00e9 ci impegniamo a offrire non solo prodotti di prima qualit\u00e0, ma anche un servizio eccezionale. Dalla consulenza iniziale al supporto post-vendita, lavoriamo a stretto contatto con i nostri clienti per garantire che le loro esigenze siano soddisfatte con professionalit\u00e0 e attenzione. I nostri prezzi competitivi, abbinati al nostro incrollabile impegno per la qualit\u00e0, rendono FMP la scelta intelligente per le aziende che desiderano investire in soluzioni idrauliche di cui possono fidarsi.<\/p>","protected":false},"excerpt":{"rendered":"<p>5 Stage Hydraulic Telescopic Cylinder Flatbed Tow Truck Hydraulic Cylinder Introducing our new 5 Stage Hydraulic Telescopic Cylinder for Flatbed Tow Trucks, a state-of-the-art product that offers superior performance and durability. This hydraulic cylinder is a key component in many industries, including machinery repair shops, farms, energy &amp; mining, machinery manufacturing, and machinery factories. With [&hellip;]<\/p>","protected":false},"featured_media":6772,"comment_status":"closed","ping_status":"closed","template":"","meta":{"_et_pb_use_builder":"","_et_pb_old_content":"","_et_gb_content_width":""},"product_brand":[],"product_cat":[103],"product_tag":[34,105],"class_list":{"0":"post-6633","1":"product","2":"type-product","3":"status-publish","4":"has-post-thumbnail","6":"product_cat-telescopic-hydraulic-cylinders","7":"product_tag-hydraulic-cylinder","8":"product_tag-telescopic-hydraulic-cylinders","10":"first","11":"instock","12":"product-type-simple"},"_links":{"self":[{"href":"https:\/\/fmp-components.com\/it\/wp-json\/wp\/v2\/product\/6633","targetHints":{"allow":["GET"]}}],"collection":[{"href":"https:\/\/fmp-components.com\/it\/wp-json\/wp\/v2\/product"}],"about":[{"href":"https:\/\/fmp-components.com\/it\/wp-json\/wp\/v2\/types\/product"}],"replies":[{"embeddable":true,"href":"https:\/\/fmp-components.com\/it\/wp-json\/wp\/v2\/comments?post=6633"}],"wp:featuredmedia":[{"embeddable":true,"href":"https:\/\/fmp-components.com\/it\/wp-json\/wp\/v2\/media\/6772"}],"wp:attachment":[{"href":"https:\/\/fmp-components.com\/it\/wp-json\/wp\/v2\/media?parent=6633"}],"wp:term":[{"taxonomy":"product_brand","embeddable":true,"href":"https:\/\/fmp-components.com\/it\/wp-json\/wp\/v2\/product_brand?post=6633"},{"taxonomy":"product_cat","embeddable":true,"href":"https:\/\/fmp-components.com\/it\/wp-json\/wp\/v2\/product_cat?post=6633"},{"taxonomy":"product_tag","embeddable":true,"href":"https:\/\/fmp-components.com\/it\/wp-json\/wp\/v2\/product_tag?post=6633"}],"curies":[{"name":"parola chiave","href":"https:\/\/api.w.org\/{rel}","templated":true}]}}