{"id":6630,"date":"2025-03-11T06:35:17","date_gmt":"2025-03-11T06:35:17","guid":{"rendered":"https:\/\/fmp-components.com\/product\/factory-direct-sale-double-acting-small-hydraulic-cylinder-for-dump-truck"},"modified":"2025-03-12T08:38:36","modified_gmt":"2025-03-12T08:38:36","slug":"factory-direct-sale-double-acting-small-hydraulic-cylinder-for-dump-truck","status":"publish","type":"product","link":"https:\/\/fmp-components.com\/it\/product\/factory-direct-sale-double-acting-small-hydraulic-cylinder-for-dump-truck\/","title":{"rendered":"Vendita diretta in fabbrica di piccolo cilindro idraulico a doppia azione per autocarro con cassone ribaltabile"},"content":{"rendered":"<h2>Vendita diretta in fabbrica di piccolo cilindro idraulico a doppia azione per autocarro con cassone ribaltabile<\/h2>\n<p>Provate la potenza del nostro piccolo cilindro idraulico a doppio effetto, progettato specificamente per autocarri con cassone ribaltabile. Prodotto in condizioni rigorose, questo articolo in vendita diretta in fabbrica promette elevate prestazioni, durata e un eccellente rapporto qualit\u00e0-prezzo.<\/p>\n<h3>Caratteristiche e importanza del prodotto<\/h3>\n<p>I cilindri idraulici svolgono un ruolo cruciale in diversi settori, tra cui la riparazione di macchinari, l'agricoltura, l'industria energetica e mineraria e la produzione di macchinari. Il piccolo cilindro idraulico a doppio effetto che offriamo \u00e8 la dimostrazione del nostro impegno per la qualit\u00e0 e le prestazioni.<\/p>\n<h3>Specifiche del prodotto<\/h3>\n<table style=\"width: 94.7156%;\" border=\"\">\n<tbody>\n<tr>\n<td style=\"width: 42.8571%;\"><i>Dimensioni del foro<\/i><\/td>\n<td style=\"width: 382.857%;\">2-6 pollici<\/td>\n<\/tr>\n<tr>\n<td style=\"width: 42.8571%;\"><i>Dimensioni dell&#039;asta<\/i><\/td>\n<td style=\"width: 382.857%;\">1,125-4 pollici<\/td>\n<\/tr>\n<tr>\n<td style=\"width: 42.8571%;\"><i>Dimensione del tratto<\/i><\/td>\n<td style=\"width: 382.857%;\">4-100 pollici<\/td>\n<\/tr>\n<tr>\n<td style=\"width: 42.8571%;\"><i>Dimensione del perno<\/i><\/td>\n<td style=\"width: 382.857%;\">0,5-2 pollici<\/td>\n<\/tr>\n<tr>\n<td style=\"width: 42.8571%;\"><i>Porti<\/i><\/td>\n<td style=\"width: 382.857%;\">G\/SAE\/NPT\/M<\/td>\n<\/tr>\n<\/tbody>\n<\/table>\n<h3>Caratteristiche e vantaggi unici<\/h3>\n<p>Il nostro cilindro idraulico offre diversi vantaggi esclusivi, come il risparmio energetico, l'elevata efficienza e la sicurezza. Si tratta di un cilindro idraulico multistadio standard con struttura a stantuffo, progettato per garantire potenza e resistenza. Con una spinta massima di 3000 tonnellate e una trazione massima di 20 tonnellate, \u00e8 progettato per offrirvi la massima affidabilit\u00e0.<\/p>\n<p><img loading=\"lazy\" decoding=\"async\" class=\"alignnone  wp-image-6663\" src=\"https:\/\/fmp-components.com\/wp-content\/uploads\/2025\/03\/telescopic-hydraulic-cylinder-11.webp\" alt=\"cilindro idraulico telescopico\" width=\"785\" height=\"785\" title=\"\" srcset=\"https:\/\/fmp-components.com\/wp-content\/uploads\/2025\/03\/telescopic-hydraulic-cylinder-11.webp 785w, https:\/\/fmp-components.com\/wp-content\/uploads\/2025\/03\/telescopic-hydraulic-cylinder-11-480x480.webp 480w\" sizes=\"(min-width: 0px) and (max-width: 480px) 480px, (min-width: 481px) 785px, 100vw\" \/><\/p>\n<h2>Sistemi idraulici e principi di funzionamento<\/h2>\n<p>I cilindri idraulici sono componenti fondamentali nei sistemi idraulici, poich\u00e9 convertono la pressione del fluido in forza meccanica. Il nostro piccolo cilindro idraulico a doppio effetto garantisce il funzionamento regolare del vostro autocarro con cassone ribaltabile, migliorandone l'efficienza e la longevit\u00e0.<\/p>\n<h2>Applicazione del cilindro idraulico<\/h2>\n<p>Il nostro cilindro idraulico \u00e8 ampiamente utilizzato in vari settori, come officine di riparazione di macchinari, aziende agricole, industria energetica e mineraria, produzione di macchinari e fabbriche di macchinari. Il suo design robusto lo rende perfetto per applicazioni pesanti come i dumper.<\/p>\n<h3>Domande frequenti<\/h3>\n<p>D: Siete una societ\u00e0 commerciale o produttrice?<br \/>\nA: Siamo un produttore.<\/p>\n<p>D: Quanto tempo impiegate per la consegna?<br \/>\nR: In genere sono 25-35 giorni.<\/p>\n<p>D: Fornite campioni? Sono gratuiti o extra?<br \/>\nR: S\u00ec, potremmo offrire il campione, ma non \u00e8 gratuito.<\/p>\n<h3>Informazioni su FMP<\/h3>\n<p class=\"break-words\">FMP \u00e8 un produttore italiano leader specializzato nella progettazione, sviluppo e produzione di cilindri idraulici di alta qualit\u00e0. Con una ricca tradizione radicata in decenni di competenza, uniamo con orgoglio l&#039;artigianato italiano con la tecnologia all&#039;avanguardia per fornire soluzioni idrauliche eccezionali su misura per soddisfare le diverse esigenze della nostra clientela globale. Con sede in Italia, un polo di eccellenza ingegneristica, FMP \u00e8 un nome affidabile nel settore idraulico, impegnato a fornire prodotti affidabili, durevoli e innovativi che potenziano le aziende in tutto il mondo.<\/p>\n<p class=\"break-words\">La nostra azienda integra il meglio delle tradizioni di produzione avanzata con un approccio lungimirante. Grazie ad anni di esperienza nei sistemi idraulici, FMP si \u00e8 evoluta in un&#039;azienda moderna che eccelle nella ricerca, nella progettazione e nella produzione. Siamo specializzati in un&#039;ampia gamma di cilindri idraulici, tra cui cilindri a doppio effetto, cilindri di sollevamento per autoveicoli, cilindri per macchinari agricoli e soluzioni progettate su misura per varie applicazioni industriali. Che si tratti di edilizia, installazioni industriali, agricoltura o macchinari pesanti, i nostri cilindri idraulici sono costruiti per funzionare nelle condizioni pi\u00f9 difficili, garantendo sicurezza, efficienza e longevit\u00e0.<\/p>\n<p><img loading=\"lazy\" decoding=\"async\" class=\"alignnone size-full wp-image-6720\" src=\"https:\/\/fmp-components.com\/wp-content\/uploads\/2025\/03\/hydraulic-cylinder-8.webp\" alt=\"Cilindri idraulici telescopici\" width=\"933\" height=\"526\" title=\"\" srcset=\"https:\/\/fmp-components.com\/wp-content\/uploads\/2025\/03\/hydraulic-cylinder-8.webp 933w, https:\/\/fmp-components.com\/wp-content\/uploads\/2025\/03\/hydraulic-cylinder-8-480x271.webp 480w\" sizes=\"(min-width: 0px) and (max-width: 480px) 480px, (min-width: 481px) 933px, 100vw\" \/><\/p>\n<p class=\"break-words\">In FMP, siamo orgogliosi dei nostri stabilimenti di produzione all&#039;avanguardia, dotati di macchinari di precisione e sistemi di collaudo avanzati. I nostri processi di produzione rispettano rigorosi standard nazionali e internazionali, assicurando che ogni cilindro idraulico che esce dalla nostra fabbrica sia di qualit\u00e0 e affidabilit\u00e0 superiori. Il nostro team tecnico qualificato, abbinato a attrezzature all&#039;avanguardia, ci consente di mantenere un rigoroso controllo di qualit\u00e0 in ogni fase della produzione, dalla selezione delle materie prime all&#039;ispezione finale. Questa dedizione all&#039;eccellenza ci ha fatto guadagnare certificazioni e riconoscimenti dalle autorit\u00e0 del settore, consolidando ulteriormente la nostra reputazione di partner affidabile.<\/p>\n<p class=\"break-words\">La nostra missione \u00e8 semplice ma ambiziosa: fornire ai nostri clienti cilindri idraulici che superino le aspettative in termini di prestazioni, durata e valore. Operiamo secondo i principi guida di professionalit\u00e0, integrit\u00e0 e attenzione al cliente. Promuovendo una cultura di innovazione e precisione, perfezioniamo costantemente i nostri prodotti per rimanere all&#039;avanguardia in un mercato competitivo. La nostra gamma completa di prodotti e la capacit\u00e0 di offrire soluzioni personalizzate ci rendono la scelta ideale per le aziende che cercano cilindri idraulici ad alte prestazioni.<\/p>\n<p class=\"break-words\">FMP \u00e8 pi\u00f9 di un semplice produttore: siamo un partner per il tuo successo. Sappiamo che i nostri clienti contano su di noi per fornirti strumenti che migliorino la loro produttivit\u00e0 e sicurezza. Ecco perch\u00e9 ci impegniamo a offrire non solo prodotti di prima qualit\u00e0, ma anche un servizio eccezionale. Dalla consulenza iniziale al supporto post-vendita, lavoriamo a stretto contatto con i nostri clienti per garantire che le loro esigenze siano soddisfatte con professionalit\u00e0 e attenzione. I nostri prezzi competitivi, abbinati al nostro incrollabile impegno per la qualit\u00e0, rendono FMP la scelta intelligente per le aziende che desiderano investire in soluzioni idrauliche di cui possono fidarsi.<\/p>","protected":false},"excerpt":{"rendered":"<p>Factory Direct Sale Double Acting Small Hydraulic Cylinder for Dump Truck Experience the power of our double-acting small hydraulic cylinder, designed specifically for dump trucks. Manufactured under stringent conditions, this factory direct sale item promises high performance, durability, and excellent value for money. Product Features and Importance Hydraulic cylinders play a crucial role in a [&hellip;]<\/p>","protected":false},"featured_media":6768,"comment_status":"closed","ping_status":"closed","template":"","meta":{"_et_pb_use_builder":"","_et_pb_old_content":"","_et_gb_content_width":""},"product_brand":[],"product_cat":[103],"product_tag":[34,105],"class_list":{"0":"post-6630","1":"product","2":"type-product","3":"status-publish","4":"has-post-thumbnail","6":"product_cat-telescopic-hydraulic-cylinders","7":"product_tag-hydraulic-cylinder","8":"product_tag-telescopic-hydraulic-cylinders","10":"first","11":"instock","12":"product-type-simple"},"_links":{"self":[{"href":"https:\/\/fmp-components.com\/it\/wp-json\/wp\/v2\/product\/6630","targetHints":{"allow":["GET"]}}],"collection":[{"href":"https:\/\/fmp-components.com\/it\/wp-json\/wp\/v2\/product"}],"about":[{"href":"https:\/\/fmp-components.com\/it\/wp-json\/wp\/v2\/types\/product"}],"replies":[{"embeddable":true,"href":"https:\/\/fmp-components.com\/it\/wp-json\/wp\/v2\/comments?post=6630"}],"wp:featuredmedia":[{"embeddable":true,"href":"https:\/\/fmp-components.com\/it\/wp-json\/wp\/v2\/media\/6768"}],"wp:attachment":[{"href":"https:\/\/fmp-components.com\/it\/wp-json\/wp\/v2\/media?parent=6630"}],"wp:term":[{"taxonomy":"product_brand","embeddable":true,"href":"https:\/\/fmp-components.com\/it\/wp-json\/wp\/v2\/product_brand?post=6630"},{"taxonomy":"product_cat","embeddable":true,"href":"https:\/\/fmp-components.com\/it\/wp-json\/wp\/v2\/product_cat?post=6630"},{"taxonomy":"product_tag","embeddable":true,"href":"https:\/\/fmp-components.com\/it\/wp-json\/wp\/v2\/product_tag?post=6630"}],"curies":[{"name":"parola chiave","href":"https:\/\/api.w.org\/{rel}","templated":true}]}}