{"id":6629,"date":"2025-03-11T06:35:17","date_gmt":"2025-03-11T06:35:17","guid":{"rendered":"https:\/\/fmp-components.com\/product\/2-stage-dump-truck-hydraulic-hoist-cylinder-dump-truck-hydraulic-cylinder"},"modified":"2025-03-18T01:56:53","modified_gmt":"2025-03-18T01:56:53","slug":"2-stage-dump-truck-hydraulic-hoist-cylinder-dump-truck-hydraulic-cylinder","status":"publish","type":"product","link":"https:\/\/fmp-components.com\/it\/product\/2-stage-dump-truck-hydraulic-hoist-cylinder-dump-truck-hydraulic-cylinder\/","title":{"rendered":"Cilindro di sollevamento idraulico per autocarri con cassone ribaltabile a 2 stadi Cilindro idraulico per autocarri con cassone ribaltabile"},"content":{"rendered":"<h2>Cilindro di sollevamento idraulico per autocarri con cassone ribaltabile a 2 stadi Cilindro idraulico per autocarri con cassone ribaltabile<\/h2>\n<p>Vi presentiamo il nostro nuovo cilindro di sollevamento idraulico a 2 stadi per autocarri con cassone ribaltabile, un componente di alta qualit\u00e0 progettato per operazioni efficienti e fluide. Questo cilindro \u00e8 progettato per offrire le massime prestazioni in diverse applicazioni, come officine di riparazione macchinari, aziende agricole, industria energetica e mineraria, produzione di macchinari e fabbriche. Grazie alla sua struttura robusta, questo cilindro idraulico \u00e8 pi\u00f9 che in grado di affrontare anche le attivit\u00e0 pi\u00f9 impegnative.<\/p>\n<h3>Specifiche del prodotto<\/h3>\n<p>Questo cilindro idraulico \u00e8 dotato di diverse caratteristiche e specifiche per garantire elevate prestazioni e produttivit\u00e0 in diverse applicazioni. La tabella seguente illustra le specifiche tecniche del prodotto:<\/p>\n<table style=\"width: 101.298%; height: 115px;\" border=\"\">\n<tbody>\n<tr style=\"height: 23px;\">\n<th style=\"width: 43.5028%; height: 23px;\">Dimensioni del foro<\/th>\n<td style=\"width: 492.09%; height: 23px;\">2-6 pollici<\/td>\n<\/tr>\n<tr style=\"height: 23px;\">\n<th style=\"width: 43.5028%; height: 23px;\">Dimensioni dell&#039;asta<\/th>\n<td style=\"width: 492.09%; height: 23px;\">1,125-4 pollici<\/td>\n<\/tr>\n<tr style=\"height: 23px;\">\n<th style=\"width: 43.5028%; height: 23px;\">Dimensione del tratto<\/th>\n<td style=\"width: 492.09%; height: 23px;\">4-100 pollici<\/td>\n<\/tr>\n<tr style=\"height: 23px;\">\n<th style=\"width: 43.5028%; height: 23px;\">Dimensione del perno<\/th>\n<td style=\"width: 492.09%; height: 23px;\">0,5-2 pollici<\/td>\n<\/tr>\n<tr style=\"height: 23px;\">\n<th style=\"width: 43.5028%; height: 23px;\">Porti<\/th>\n<td style=\"width: 492.09%; height: 23px;\">G\/SAE\/NPT\/M<\/td>\n<\/tr>\n<\/tbody>\n<\/table>\n<h2>Caratteristiche e vantaggi ineguagliabili<\/h2>\n<p>Questo cilindro idraulico vanta una miriade di caratteristiche e vantaggi, tra cui:<\/p>\n<ul>\n<li>Efficienza energetica<\/li>\n<li>Alte prestazioni e affidabilit\u00e0<\/li>\n<li>Standard di sicurezza superiori<\/li>\n<li>Configurazioni standard e non standard<\/li>\n<\/ul>\n<p><img loading=\"lazy\" decoding=\"async\" class=\"alignnone wp-image-6717\" src=\"https:\/\/fmp-components.com\/wp-content\/uploads\/2025\/03\/hydraulic-cylinder-211.webp\" alt=\"Cilindri idraulici\" width=\"938\" height=\"940\" title=\"\" srcset=\"https:\/\/fmp-components.com\/wp-content\/uploads\/2025\/03\/hydraulic-cylinder-211.webp 938w, https:\/\/fmp-components.com\/wp-content\/uploads\/2025\/03\/hydraulic-cylinder-211-480x481.webp 480w\" sizes=\"(min-width: 0px) and (max-width: 480px) 480px, (min-width: 481px) 938px, 100vw\" \/><\/p>\n<h2>Esplorando il sistema idraulico<\/h2>\n<p>I sistemi idraulici sfruttano la potenza del fluido in pressione per generare forza e movimento. Questo cilindro di sollevamento idraulico a 2 stadi per autocarri con cassone ribaltabile \u00e8 un componente fondamentale in tali sistemi, convertendo l&#039;energia del fluido idraulico in lavoro meccanico.<\/p>\n<h2>Cilindri idraulici e gruppi di potenza<\/h2>\n<p>Cilindri idraulici e centraline sono componenti integranti dei sistemi idraulici. La loro sinergia garantisce un&#039;ampia applicazione della tecnologia idraulica in diversi settori industriali, fornendo potenza affidabile e supporto al controllo. FMP offre anche centraline in vendita, garantendo il funzionamento impeccabile del vostro sistema idraulico.<\/p>\n<h2>Domande frequenti<\/h2>\n<p><strong>D: Siete una societ\u00e0 commerciale o produttrice?<\/strong><br \/>\nA: Siamo un produttore con sede in Italia.<\/p>\n<p><strong>D: Quanto tempo impiegate per la consegna?<\/strong><br \/>\nR: In genere i nostri tempi di consegna sono compresi tra 25 e 35 giorni.<\/p>\n<p><strong>D: Fornite campioni? Sono gratuiti o extra?<\/strong><br \/>\nR: S\u00ec, potremmo offrire il campione, ma non \u00e8 gratuito.<\/p>\n<h3>Informazioni su FMP<\/h3>\n<p class=\"break-words\">FMP \u00e8 un produttore italiano leader specializzato nella progettazione, sviluppo e produzione di cilindri idraulici di alta qualit\u00e0. Con una ricca tradizione radicata in decenni di competenza, uniamo con orgoglio l&#039;artigianato italiano con la tecnologia all&#039;avanguardia per fornire soluzioni idrauliche eccezionali su misura per soddisfare le diverse esigenze della nostra clientela globale. Con sede in Italia, un polo di eccellenza ingegneristica, FMP \u00e8 un nome affidabile nel settore idraulico, impegnato a fornire prodotti affidabili, durevoli e innovativi che potenziano le aziende in tutto il mondo.<\/p>\n<p class=\"break-words\">La nostra azienda integra il meglio delle tradizioni di produzione avanzata con un approccio lungimirante. Grazie ad anni di esperienza nei sistemi idraulici, FMP si \u00e8 evoluta in un&#039;azienda moderna che eccelle nella ricerca, nella progettazione e nella produzione. Siamo specializzati in un&#039;ampia gamma di cilindri idraulici, tra cui cilindri a doppio effetto, cilindri di sollevamento per autoveicoli, cilindri per macchinari agricoli e soluzioni progettate su misura per varie applicazioni industriali. Che si tratti di edilizia, installazioni industriali, agricoltura o macchinari pesanti, i nostri cilindri idraulici sono costruiti per funzionare nelle condizioni pi\u00f9 difficili, garantendo sicurezza, efficienza e longevit\u00e0.<\/p>\n<p><img loading=\"lazy\" decoding=\"async\" class=\"alignnone size-full wp-image-6720\" src=\"https:\/\/fmp-components.com\/wp-content\/uploads\/2025\/03\/hydraulic-cylinder-8.webp\" alt=\"Cilindri idraulici telescopici\" width=\"933\" height=\"526\" title=\"\" srcset=\"https:\/\/fmp-components.com\/wp-content\/uploads\/2025\/03\/hydraulic-cylinder-8.webp 933w, https:\/\/fmp-components.com\/wp-content\/uploads\/2025\/03\/hydraulic-cylinder-8-480x271.webp 480w\" sizes=\"(min-width: 0px) and (max-width: 480px) 480px, (min-width: 481px) 933px, 100vw\" \/><\/p>\n<p class=\"break-words\">In FMP, siamo orgogliosi dei nostri stabilimenti di produzione all&#039;avanguardia, dotati di macchinari di precisione e sistemi di collaudo avanzati. I nostri processi di produzione rispettano rigorosi standard nazionali e internazionali, assicurando che ogni cilindro idraulico che esce dalla nostra fabbrica sia di qualit\u00e0 e affidabilit\u00e0 superiori. Il nostro team tecnico qualificato, abbinato a attrezzature all&#039;avanguardia, ci consente di mantenere un rigoroso controllo di qualit\u00e0 in ogni fase della produzione, dalla selezione delle materie prime all&#039;ispezione finale. Questa dedizione all&#039;eccellenza ci ha fatto guadagnare certificazioni e riconoscimenti dalle autorit\u00e0 del settore, consolidando ulteriormente la nostra reputazione di partner affidabile.<\/p>\n<p class=\"break-words\">La nostra missione \u00e8 semplice ma ambiziosa: fornire ai nostri clienti cilindri idraulici che superino le aspettative in termini di prestazioni, durata e valore. Operiamo secondo i principi guida di professionalit\u00e0, integrit\u00e0 e attenzione al cliente. Promuovendo una cultura di innovazione e precisione, perfezioniamo costantemente i nostri prodotti per rimanere all&#039;avanguardia in un mercato competitivo. La nostra gamma completa di prodotti e la capacit\u00e0 di offrire soluzioni personalizzate ci rendono la scelta ideale per le aziende che cercano cilindri idraulici ad alte prestazioni.<\/p>\n<p class=\"break-words\">FMP \u00e8 pi\u00f9 di un semplice produttore: siamo un partner per il tuo successo. Sappiamo che i nostri clienti contano su di noi per fornirti strumenti che migliorino la loro produttivit\u00e0 e sicurezza. Ecco perch\u00e9 ci impegniamo a offrire non solo prodotti di prima qualit\u00e0, ma anche un servizio eccezionale. Dalla consulenza iniziale al supporto post-vendita, lavoriamo a stretto contatto con i nostri clienti per garantire che le loro esigenze siano soddisfatte con professionalit\u00e0 e attenzione. I nostri prezzi competitivi, abbinati al nostro incrollabile impegno per la qualit\u00e0, rendono FMP la scelta intelligente per le aziende che desiderano investire in soluzioni idrauliche di cui possono fidarsi.<\/p>","protected":false},"excerpt":{"rendered":"<p>2 Stage Dump Truck Hydraulic Hoist Cylinder Dump Truck Hydraulic Cylinder Introducing our new 2 Stage Dump Truck Hydraulic Hoist Cylinder, a top-of-the-line component designed for efficient and smooth operations. This cylinder is engineered to deliver maximum performance in diverse applications such as machinery repair shops, farms, energy &amp; mining, machinery manufacturing and factories. With [&hellip;]<\/p>","protected":false},"featured_media":6766,"comment_status":"closed","ping_status":"closed","template":"","meta":{"_et_pb_use_builder":"","_et_pb_old_content":"","_et_gb_content_width":""},"product_brand":[],"product_cat":[103],"product_tag":[34,105],"class_list":{"0":"post-6629","1":"product","2":"type-product","3":"status-publish","4":"has-post-thumbnail","6":"product_cat-telescopic-hydraulic-cylinders","7":"product_tag-hydraulic-cylinder","8":"product_tag-telescopic-hydraulic-cylinders","10":"first","11":"instock","12":"product-type-simple"},"_links":{"self":[{"href":"https:\/\/fmp-components.com\/it\/wp-json\/wp\/v2\/product\/6629","targetHints":{"allow":["GET"]}}],"collection":[{"href":"https:\/\/fmp-components.com\/it\/wp-json\/wp\/v2\/product"}],"about":[{"href":"https:\/\/fmp-components.com\/it\/wp-json\/wp\/v2\/types\/product"}],"replies":[{"embeddable":true,"href":"https:\/\/fmp-components.com\/it\/wp-json\/wp\/v2\/comments?post=6629"}],"wp:featuredmedia":[{"embeddable":true,"href":"https:\/\/fmp-components.com\/it\/wp-json\/wp\/v2\/media\/6766"}],"wp:attachment":[{"href":"https:\/\/fmp-components.com\/it\/wp-json\/wp\/v2\/media?parent=6629"}],"wp:term":[{"taxonomy":"product_brand","embeddable":true,"href":"https:\/\/fmp-components.com\/it\/wp-json\/wp\/v2\/product_brand?post=6629"},{"taxonomy":"product_cat","embeddable":true,"href":"https:\/\/fmp-components.com\/it\/wp-json\/wp\/v2\/product_cat?post=6629"},{"taxonomy":"product_tag","embeddable":true,"href":"https:\/\/fmp-components.com\/it\/wp-json\/wp\/v2\/product_tag?post=6629"}],"curies":[{"name":"parola chiave","href":"https:\/\/api.w.org\/{rel}","templated":true}]}}