{"id":6628,"date":"2025-03-11T06:35:17","date_gmt":"2025-03-11T06:35:17","guid":{"rendered":"https:\/\/fmp-components.com\/product\/double-acting-telescopic-hydraulic-cylinder-for-sale"},"modified":"2025-03-12T08:29:50","modified_gmt":"2025-03-12T08:29:50","slug":"double-acting-telescopic-hydraulic-cylinder-for-sale","status":"publish","type":"product","link":"https:\/\/fmp-components.com\/it\/product\/double-acting-telescopic-hydraulic-cylinder-for-sale\/","title":{"rendered":"Cilindro idraulico telescopico a doppia azione in vendita"},"content":{"rendered":"<h2>Cilindro idraulico telescopico a doppia azione conveniente in vendita<\/h2>\n<p>Questo nuovo cilindro idraulico telescopico a doppio effetto, conveniente, \u00e8 la soluzione ideale per varie applicazioni nelle officine di riparazione di macchinari, aziende agricole, industrie energetiche e minerarie, produzione di macchinari e fabbriche di macchinari. Realizzato in acciaio resistente, questo cilindro a stantuffo standard funziona con potenza idraulica e fornisce una spinta massima di 3000 e una trazione massima di 20 tonnellate.<\/p>\n<h2>Specifiche del prodotto<\/h2>\n<p>Il cilindro idraulico ha un alesaggio di 2-6 pollici, una dimensione dell&#039;asta di 1,125-4 pollici, una dimensione della corsa di 4-100 pollici e una dimensione del perno di 0,5-2 pollici. Le porte sono G\/SAE\/NPT\/M. Pesa 31 kg ed \u00e8 disponibile in un elegante colore nero.<\/p>\n<table style=\"width: 91.8479%;\" border=\"\">\n<tbody>\n<tr>\n<td style=\"width: 43.5028%;\"><strong>Dimensioni del foro<\/strong><\/td>\n<td style=\"width: 441.808%;\">2-6 pollici<\/td>\n<\/tr>\n<tr>\n<td style=\"width: 43.5028%;\"><strong>Dimensioni dell&#039;asta<\/strong><\/td>\n<td style=\"width: 441.808%;\">1,125-4 pollici<\/td>\n<\/tr>\n<tr>\n<td style=\"width: 43.5028%;\"><strong>Dimensione del tratto<\/strong><\/td>\n<td style=\"width: 441.808%;\">4-100 pollici<\/td>\n<\/tr>\n<tr>\n<td style=\"width: 43.5028%;\"><strong>Dimensione del perno<\/strong><\/td>\n<td style=\"width: 441.808%;\">0,5-2 pollici<\/td>\n<\/tr>\n<tr>\n<td style=\"width: 43.5028%;\"><strong>Porti<\/strong><\/td>\n<td style=\"width: 441.808%;\">G\/SAE\/NPT\/M<\/td>\n<\/tr>\n<\/tbody>\n<\/table>\n<h2>Caratteristiche e vantaggi unici<\/h2>\n<p>Il nostro cilindro idraulico multistadio \u00e8 certificato ISO9001:2000, a garanzia di qualit\u00e0 e affidabilit\u00e0. \u00c8 efficiente dal punto di vista energetico, potente e sicuro, il che lo rende una risorsa inestimabile in vari settori.<\/p>\n<h3>Sistema idraulico e principio di funzionamento<\/h3>\n<p>Il cilindro idraulico funziona convertendo la potenza idraulica in movimento meccanico, trasformando la pressione in forza, mentre l&#039;unit\u00e0 di potenza \u00e8 il nucleo che fornisce l&#039;energia e i segnali di controllo richiesti dal sistema idraulico. La loro sinergia assicura l&#039;ampio utilizzo della tecnologia idraulica nel campo industriale e fornisce un supporto affidabile di potenza e controllo per vari progetti e apparecchiature meccaniche.<\/p>\n<p><img loading=\"lazy\" decoding=\"async\" class=\"alignnone  wp-image-6662\" src=\"https:\/\/fmp-components.com\/wp-content\/uploads\/2025\/03\/telescopic-hydraulic-cylinder-4.webp\" alt=\"cilindro idraulico telescopico\" width=\"925\" height=\"925\" title=\"\" srcset=\"https:\/\/fmp-components.com\/wp-content\/uploads\/2025\/03\/telescopic-hydraulic-cylinder-4.webp 925w, https:\/\/fmp-components.com\/wp-content\/uploads\/2025\/03\/telescopic-hydraulic-cylinder-4-480x480.webp 480w\" sizes=\"(min-width: 0px) and (max-width: 480px) 480px, (min-width: 481px) 925px, 100vw\" \/><\/p>\n<h3>Scenari applicativi<\/h3>\n<p>Questo versatile cilindro idraulico pu\u00f2 essere utilizzato in numerosi settori, tra cui officine di riparazione di macchinari, aziende agricole, industrie energetiche e minerarie, produzione di macchinari e fabbriche di macchinari.<\/p>\n<h2>Cilindri idraulici e gruppi di potenza<\/h2>\n<p>Il cilindro idraulico e l&#039;unit\u00e0 di potenza sono componenti indispensabili del sistema idraulico. Il loro effetto sinergico garantisce l&#039;ampia applicazione della tecnologia idraulica nel campo industriale, fornendo potenza affidabile e supporto di controllo per varie apparecchiature meccaniche e di ingegneria. Vendiamo anche unit\u00e0 di potenza presso FMP.<\/p>\n<h2>Domande frequenti<\/h2>\n<dl>\n<dt>D: Siete una societ\u00e0 commerciale o un produttore?<\/dt>\n<dd>A: Siamo un produttore.<\/dd>\n<dt>D: Quanto tempo impiegate per la consegna?<\/dt>\n<dd>R: In genere sono 25-35 giorni.<\/dd>\n<dt>D: Fornite campioni? Sono gratuiti o extra?<\/dt>\n<dd>R: S\u00ec, potremmo offrire campioni, ma non sono gratuiti.<\/dd>\n<\/dl>\n<h3>Informazioni su FMP<\/h3>\n<p>FMP \u00e8 un produttore italiano leader, rinomato per la sua competenza nella progettazione, sviluppo e produzione di cilindri idraulici di alta qualit\u00e0. Con decenni di esperienza nel settore, uniamo perfettamente la tradizionale artigianalit\u00e0 italiana con la tecnologia all&#039;avanguardia per fornire soluzioni idrauliche eccezionali su misura per le diverse esigenze dei nostri clienti globali. Situata in Italia, un centro di eccellenza ingegneristica, FMP si \u00e8 affermata come un nome di fiducia nel settore idraulico, impegnata a fornire prodotti affidabili, durevoli e innovativi che potenziano le aziende in tutto il mondo.<\/p>\n<p>La nostra azienda unisce il meglio delle pratiche di produzione avanzate con un approccio lungimirante. Sfruttando anni di esperienza nei sistemi idraulici, FMP si \u00e8 evoluta in un&#039;azienda moderna che eccelle nella ricerca, nella progettazione e nella produzione. Offriamo un&#039;ampia gamma di cilindri idraulici, tra cui cilindri a doppio effetto, cilindri di sollevamento per autoveicoli, cilindri per macchinari agricoli e soluzioni progettate su misura per varie applicazioni industriali. Che si tratti di edilizia, installazioni industriali, agricoltura o macchinari pesanti, i nostri cilindri idraulici sono progettati per funzionare nelle condizioni pi\u00f9 difficili, garantendo sicurezza, efficienza e longevit\u00e0.<\/p>\n<p>In FMP, siamo orgogliosi dei nostri stabilimenti di produzione all&#039;avanguardia, dotati di macchinari di precisione e sistemi di collaudo avanzati. I nostri processi di produzione aderiscono a rigorosi standard nazionali e internazionali, garantendo che ogni cilindro idraulico prodotto soddisfi i pi\u00f9 elevati standard di qualit\u00e0 e affidabilit\u00e0. Con un team tecnico qualificato e attrezzature all&#039;avanguardia, manteniamo un rigoroso controllo di qualit\u00e0 in ogni fase della produzione, dalla selezione delle materie prime all&#039;ispezione finale. Questo impegno verso l&#039;eccellenza ci ha fatto guadagnare certificazioni e riconoscimenti dalle autorit\u00e0 del settore, rafforzando la nostra reputazione di partner affidabile.<\/p>\n<p><img loading=\"lazy\" decoding=\"async\" class=\"alignnone size-full wp-image-6720\" src=\"https:\/\/fmp-components.com\/wp-content\/uploads\/2025\/03\/hydraulic-cylinder-8.webp\" alt=\"Cilindri idraulici telescopici\" width=\"933\" height=\"526\" title=\"\" srcset=\"https:\/\/fmp-components.com\/wp-content\/uploads\/2025\/03\/hydraulic-cylinder-8.webp 933w, https:\/\/fmp-components.com\/wp-content\/uploads\/2025\/03\/hydraulic-cylinder-8-480x271.webp 480w\" sizes=\"(min-width: 0px) and (max-width: 480px) 480px, (min-width: 481px) 933px, 100vw\" \/><\/p>\n<p>La nostra missione \u00e8 semplice e ambiziosa: fornire ai nostri clienti cilindri idraulici che superino le aspettative in termini di prestazioni, durata e valore. Aderiamo ai principi fondamentali di professionalit\u00e0, integrit\u00e0 e attenzione al cliente. Promuovendo una cultura di innovazione e precisione, miglioriamo costantemente i nostri prodotti per rimanere all&#039;avanguardia in un mercato competitivo. La nostra vasta gamma di prodotti e la capacit\u00e0 di offrire soluzioni personalizzate ci rendono la scelta preferita per le aziende che cercano cilindri idraulici ad alte prestazioni.<\/p>\n<p>FMP \u00e8 pi\u00f9 di un semplice produttore; siamo partner impegnati nel tuo successo. Sappiamo che i nostri clienti contano su di noi per fornire strumenti che migliorino la produttivit\u00e0 e la sicurezza. Ecco perch\u00e9 ci impegniamo a fornire non solo prodotti di prima qualit\u00e0, ma anche un servizio eccezionale. Dalle consulenze iniziali al supporto post-vendita, collaboriamo a stretto contatto con i nostri clienti per garantire che le loro esigenze siano soddisfatte con professionalit\u00e0 e cura. I nostri prezzi competitivi, uniti a un impegno incrollabile per la qualit\u00e0, rendono FMP la scelta intelligente per le aziende che desiderano investire in soluzioni idrauliche affidabili.<\/p>","protected":false},"excerpt":{"rendered":"<p>Cost Effective Double Acting Telescopic Hydraulic Cylinder for Sale This new, cost-effective, double acting telescopic hydraulic cylinder is your ideal solution for various applications in the machinery repair shops, farms, energy &amp; mining industries, machinery manufacturing, and machinery factories. Made of durable steel, this standard plunger cylinder operates on hydraulic power and provides a maximum [&hellip;]<\/p>","protected":false},"featured_media":6764,"comment_status":"closed","ping_status":"closed","template":"","meta":{"_et_pb_use_builder":"","_et_pb_old_content":"","_et_gb_content_width":""},"product_brand":[],"product_cat":[103],"product_tag":[34,105],"class_list":{"0":"post-6628","1":"product","2":"type-product","3":"status-publish","4":"has-post-thumbnail","6":"product_cat-telescopic-hydraulic-cylinders","7":"product_tag-hydraulic-cylinder","8":"product_tag-telescopic-hydraulic-cylinders","10":"first","11":"instock","12":"product-type-simple"},"_links":{"self":[{"href":"https:\/\/fmp-components.com\/it\/wp-json\/wp\/v2\/product\/6628","targetHints":{"allow":["GET"]}}],"collection":[{"href":"https:\/\/fmp-components.com\/it\/wp-json\/wp\/v2\/product"}],"about":[{"href":"https:\/\/fmp-components.com\/it\/wp-json\/wp\/v2\/types\/product"}],"replies":[{"embeddable":true,"href":"https:\/\/fmp-components.com\/it\/wp-json\/wp\/v2\/comments?post=6628"}],"wp:featuredmedia":[{"embeddable":true,"href":"https:\/\/fmp-components.com\/it\/wp-json\/wp\/v2\/media\/6764"}],"wp:attachment":[{"href":"https:\/\/fmp-components.com\/it\/wp-json\/wp\/v2\/media?parent=6628"}],"wp:term":[{"taxonomy":"product_brand","embeddable":true,"href":"https:\/\/fmp-components.com\/it\/wp-json\/wp\/v2\/product_brand?post=6628"},{"taxonomy":"product_cat","embeddable":true,"href":"https:\/\/fmp-components.com\/it\/wp-json\/wp\/v2\/product_cat?post=6628"},{"taxonomy":"product_tag","embeddable":true,"href":"https:\/\/fmp-components.com\/it\/wp-json\/wp\/v2\/product_tag?post=6628"}],"curies":[{"name":"parola chiave","href":"https:\/\/api.w.org\/{rel}","templated":true}]}}