{"id":6627,"date":"2025-03-11T06:35:17","date_gmt":"2025-03-11T06:35:17","guid":{"rendered":"https:\/\/fmp-components.com\/product\/customized-small-multistage-dump-truck-hydraulic-cylinder"},"modified":"2025-03-14T00:34:14","modified_gmt":"2025-03-14T00:34:14","slug":"customized-small-multistage-dump-truck-hydraulic-cylinder","status":"publish","type":"product","link":"https:\/\/fmp-components.com\/it\/product\/customized-small-multistage-dump-truck-hydraulic-cylinder\/","title":{"rendered":"Cilindro idraulico personalizzato per autocarri con cassone ribaltabile multistadio di piccole dimensioni"},"content":{"rendered":"<h2>Cilindro idraulico personalizzato per autocarri con cassone ribaltabile multistadio di piccole dimensioni<\/h2>\n<p>Vi presentiamo il nostro cilindro idraulico multistadio personalizzato di alta qualit\u00e0 per autocarri con cassone ribaltabile di piccole dimensioni, uno strumento versatile e robusto, progettato per diversi settori industriali. Perfetto per officine di riparazione di macchinari, aziende agricole, settori energetico e minerario, produzione di macchinari e fabbriche di macchinari. Il suo design impeccabile e la sua funzionalit\u00e0 superiore lo rendono una risorsa indispensabile nelle applicazioni idrauliche.<\/p>\n<h2>Specifiche del prodotto<\/h2>\n<p>Il cilindro idraulico \u00e8 coperto da una garanzia di un anno e pesa solo 27 kg. \u00c8 un prodotto standard realizzato con un robusto corpo in acciaio, in grado di sopportare una spinta massima di 3000 kg e una trazione massima di 20 tonnellate. Il cilindro \u00e8 certificato ISO 9001:2000 ed \u00e8 disponibile in un elegante colore nero.<\/p>\n<table style=\"width: 102.27%;\" border=\"\">\n<tbody>\n<tr>\n<th style=\"width: 17.0854%;\">Dimensioni del foro<\/th>\n<th style=\"width: 20.3518%;\">Dimensioni dell&#039;asta<\/th>\n<th style=\"width: 19.8492%;\">Dimensione del tratto<\/th>\n<th style=\"width: 16.3317%;\">Dimensione del perno<\/th>\n<th style=\"width: 126.884%;\">Porti<\/th>\n<\/tr>\n<tr>\n<td style=\"width: 17.0854%;\">2-6 pollici<\/td>\n<td style=\"width: 20.3518%;\">1,125-4 pollici<\/td>\n<td style=\"width: 19.8492%;\">4-100 pollici<\/td>\n<td style=\"width: 16.3317%;\">0,5-2 pollici<\/td>\n<td style=\"width: 126.884%;\">G\/SAE\/NPT\/M<\/td>\n<\/tr>\n<\/tbody>\n<\/table>\n<h2>Caratteristiche e vantaggi unici<\/h2>\n<ul>\n<li>Efficienza energetica: il cilindro idraulico funziona con un apporto energetico minimo, massimizzando la produttivit\u00e0 e riducendo al minimo i costi.<\/li>\n<li>Elevata efficienza: il design multistadio garantisce prestazioni ed efficienza ottimali in tutte le applicazioni.<\/li>\n<li>Sicurezza: i nostri cilindri idraulici sono progettati dando priorit\u00e0 alla sicurezza, garantendo un funzionamento affidabile e riducendo al minimo il rischio di incidenti.<\/li>\n<\/ul>\n<h2>Capire i sistemi idraulici<\/h2>\n<p>Il sistema idraulico funziona secondo il principio della meccanica dei fluidi. Il cilindro idraulico multistadio \u00e8 un componente fondamentale che converte l'energia idraulica in energia meccanica, fornendo la potenza necessaria a vari macchinari e attrezzature.<\/p>\n<h2>Cilindri idraulici e gruppi di potenza<\/h2>\n<p>Il cilindro idraulico e la centralina sono parti integranti di un sistema idraulico. La loro sinergia garantisce l'ampia applicazione della tecnologia idraulica nei settori industriali, fornendo potenza e supporto di controllo affidabili per diverse apparecchiature e macchinari. FMP offre anche la vendita di centraline.<\/p>\n<h2>Domande frequenti<\/h2>\n<ol>\n<li>D: Siete una societ\u00e0 commerciale o produttrice?<br \/>\nA: Siamo una fabbrica.<\/li>\n<li>D: Quanto tempo impiegate per la consegna?<br \/>\nR: Generalmente sono 25-35 giorni.<\/li>\n<li>D: Potete produrre secondo i campioni?<br \/>\nA: S\u00ec, possiamo produrre in base ai vostri campioni o disegni tecnici. Possiamo costruire gli stampi e le attrezzature.<\/li>\n<\/ol>\n<h3>Informazioni su FMP<\/h3>\n<p class=\"break-words\">FMP \u00e8 un produttore italiano leader specializzato nella progettazione, sviluppo e produzione di cilindri idraulici di alta qualit\u00e0. Con una ricca tradizione radicata in decenni di competenza, uniamo con orgoglio l&#039;artigianato italiano con la tecnologia all&#039;avanguardia per fornire soluzioni idrauliche eccezionali su misura per soddisfare le diverse esigenze della nostra clientela globale. Con sede in Italia, un polo di eccellenza ingegneristica, FMP \u00e8 un nome affidabile nel settore idraulico, impegnato a fornire prodotti affidabili, durevoli e innovativi che potenziano le aziende in tutto il mondo.<\/p>\n<p class=\"break-words\">La nostra azienda integra il meglio delle tradizioni di produzione avanzata con un approccio lungimirante. Grazie ad anni di esperienza nei sistemi idraulici, FMP si \u00e8 evoluta in un&#039;azienda moderna che eccelle nella ricerca, nella progettazione e nella produzione. Siamo specializzati in un&#039;ampia gamma di cilindri idraulici, tra cui cilindri a doppio effetto, cilindri di sollevamento per autoveicoli, cilindri per macchinari agricoli e soluzioni progettate su misura per varie applicazioni industriali. Che si tratti di edilizia, installazioni industriali, agricoltura o macchinari pesanti, i nostri cilindri idraulici sono costruiti per funzionare nelle condizioni pi\u00f9 difficili, garantendo sicurezza, efficienza e longevit\u00e0.<\/p>\n<p><img loading=\"lazy\" decoding=\"async\" class=\"alignnone size-full wp-image-6720\" src=\"https:\/\/fmp-components.com\/wp-content\/uploads\/2025\/03\/hydraulic-cylinder-8.webp\" alt=\"Cilindri idraulici telescopici\" width=\"933\" height=\"526\" title=\"\" srcset=\"https:\/\/fmp-components.com\/wp-content\/uploads\/2025\/03\/hydraulic-cylinder-8.webp 933w, https:\/\/fmp-components.com\/wp-content\/uploads\/2025\/03\/hydraulic-cylinder-8-480x271.webp 480w\" sizes=\"(min-width: 0px) and (max-width: 480px) 480px, (min-width: 481px) 933px, 100vw\" \/><\/p>\n<p class=\"break-words\">In FMP, siamo orgogliosi dei nostri stabilimenti di produzione all&#039;avanguardia, dotati di macchinari di precisione e sistemi di collaudo avanzati. I nostri processi di produzione rispettano rigorosi standard nazionali e internazionali, assicurando che ogni cilindro idraulico che esce dalla nostra fabbrica sia di qualit\u00e0 e affidabilit\u00e0 superiori. Il nostro team tecnico qualificato, abbinato a attrezzature all&#039;avanguardia, ci consente di mantenere un rigoroso controllo di qualit\u00e0 in ogni fase della produzione, dalla selezione delle materie prime all&#039;ispezione finale. Questa dedizione all&#039;eccellenza ci ha fatto guadagnare certificazioni e riconoscimenti dalle autorit\u00e0 del settore, consolidando ulteriormente la nostra reputazione di partner affidabile.<\/p>\n<p class=\"break-words\">La nostra missione \u00e8 semplice ma ambiziosa: fornire ai nostri clienti cilindri idraulici che superino le aspettative in termini di prestazioni, durata e valore. Operiamo secondo i principi guida di professionalit\u00e0, integrit\u00e0 e attenzione al cliente. Promuovendo una cultura di innovazione e precisione, perfezioniamo costantemente i nostri prodotti per rimanere all&#039;avanguardia in un mercato competitivo. La nostra gamma completa di prodotti e la capacit\u00e0 di offrire soluzioni personalizzate ci rendono la scelta ideale per le aziende che cercano cilindri idraulici ad alte prestazioni.<\/p>\n<p class=\"break-words\">FMP \u00e8 pi\u00f9 di un semplice produttore: siamo un partner per il tuo successo. Sappiamo che i nostri clienti contano su di noi per fornirti strumenti che migliorino la loro produttivit\u00e0 e sicurezza. Ecco perch\u00e9 ci impegniamo a offrire non solo prodotti di prima qualit\u00e0, ma anche un servizio eccezionale. Dalla consulenza iniziale al supporto post-vendita, lavoriamo a stretto contatto con i nostri clienti per garantire che le loro esigenze siano soddisfatte con professionalit\u00e0 e attenzione. I nostri prezzi competitivi, abbinati al nostro incrollabile impegno per la qualit\u00e0, rendono FMP la scelta intelligente per le aziende che desiderano investire in soluzioni idrauliche di cui possono fidarsi.<\/p>","protected":false},"excerpt":{"rendered":"<p>Customized Small Multistage Dump Truck Hydraulic Cylinder Introducing our top-tier, Customized Small Multistage Dump Truck hydraulic cylinder, a versatile and robust tool engineered for various industrial sectors. Perfect for machinery repair shops, farms, energy &amp; mining sectors, machinery manufacturing, and machinery factories. Its impeccable design and superior functionality make it an indispensable asset in hydraulic [&hellip;]<\/p>","protected":false},"featured_media":6781,"comment_status":"closed","ping_status":"closed","template":"","meta":{"_et_pb_use_builder":"","_et_pb_old_content":"","_et_gb_content_width":""},"product_brand":[],"product_cat":[103],"product_tag":[34,105],"class_list":{"0":"post-6627","1":"product","2":"type-product","3":"status-publish","4":"has-post-thumbnail","6":"product_cat-telescopic-hydraulic-cylinders","7":"product_tag-hydraulic-cylinder","8":"product_tag-telescopic-hydraulic-cylinders","10":"first","11":"instock","12":"product-type-simple"},"_links":{"self":[{"href":"https:\/\/fmp-components.com\/it\/wp-json\/wp\/v2\/product\/6627","targetHints":{"allow":["GET"]}}],"collection":[{"href":"https:\/\/fmp-components.com\/it\/wp-json\/wp\/v2\/product"}],"about":[{"href":"https:\/\/fmp-components.com\/it\/wp-json\/wp\/v2\/types\/product"}],"replies":[{"embeddable":true,"href":"https:\/\/fmp-components.com\/it\/wp-json\/wp\/v2\/comments?post=6627"}],"wp:featuredmedia":[{"embeddable":true,"href":"https:\/\/fmp-components.com\/it\/wp-json\/wp\/v2\/media\/6781"}],"wp:attachment":[{"href":"https:\/\/fmp-components.com\/it\/wp-json\/wp\/v2\/media?parent=6627"}],"wp:term":[{"taxonomy":"product_brand","embeddable":true,"href":"https:\/\/fmp-components.com\/it\/wp-json\/wp\/v2\/product_brand?post=6627"},{"taxonomy":"product_cat","embeddable":true,"href":"https:\/\/fmp-components.com\/it\/wp-json\/wp\/v2\/product_cat?post=6627"},{"taxonomy":"product_tag","embeddable":true,"href":"https:\/\/fmp-components.com\/it\/wp-json\/wp\/v2\/product_tag?post=6627"}],"curies":[{"name":"parola chiave","href":"https:\/\/api.w.org\/{rel}","templated":true}]}}